{"id":1690,"date":"2026-01-17T16:04:41","date_gmt":"2026-01-17T16:04:41","guid":{"rendered":"https:\/\/teammutantecuador.com\/?post_type=product&#038;p=1690"},"modified":"2026-04-11T01:22:15","modified_gmt":"2026-04-11T01:22:15","slug":"cut-max-mutant-pharma-15-02-mg-100-tabletas","status":"publish","type":"product","link":"https:\/\/teammutantecuador.com\/?product=cut-max-mutant-pharma-15-02-mg-100-tabletas","title":{"rendered":"Cut Max Mutant Pharma 15-02 mg  100 Tabletas"},"content":{"rendered":"<div class=\"et_pb_module et_pb_text et_pb_text_0_tb_body  et_pb_text_align_left et_pb_bg_layout_light\">\n<div class=\"et_pb_text_inner\">\n<h3><span style=\"font-size: 16px;\">Esta combinaci\u00f3n\u00a0 incluye 4 Compuestos capaces de estimular el crecimiento del tejido muscular y la descomposici\u00f3n de de los \u00e1cidos grasos almacenados en el tejido adiposo (lipolisis) permitiendo un aspecto <\/span><span style=\"font-size: 16px;\">musculoso<\/span><span style=\"font-size: 16px;\">\u00a0y\u00a0<\/span><span style=\"font-size: 16px;\">definido<\/span><\/h3>\n<\/div>\n<\/div>\n<div class=\"et_pb_module et_pb_wc_description et_pb_wc_description_1_tb_body et_pb_bg_layout_light  et_pb_text_align_left\">\n<div class=\"et_pb_module_inner\">\n<p><strong>Contiene :<\/strong><\/p>\n<p><strong>* Winstrol * Anavar * Turinabol * Clembuterol<\/strong><\/p>\n<p>EL WINSTROL \u2013 OXANDROLONA<\/p>\n<p>Es conocido por tener efectos anab\u00f3licos, lo que significa que puede ayudar en la construcci\u00f3n de masa muscular. Como esteroide anab\u00f3lico, el estanozolol tiene la capacidad de aumentar la s\u00edntesis de prote\u00ednas en el cuerpo, lo que puede contribuir al crecimiento y la reparaci\u00f3n muscular despu\u00e9s del ejercicio. Adem\u00e1s, puede mejorar la retenci\u00f3n de nitr\u00f3geno en los m\u00fasculos.<\/p>\n<p>Para aumentar la masa muscular de manera segura y efectiva, se recomienda enfocarse en una combinaci\u00f3n de entrenamiento de fuerza, nutrici\u00f3n adecuada y descanso.<\/p>\n<p>Cuando se habla de \u00abciclos\u00bb en el contexto de esteroides anab\u00f3licos como el Winstrol, se refiere al per\u00edodo de tiempo durante el cual una persona utiliza el esteroide, as\u00ed como la duraci\u00f3n y la dosis del mismo. Los ciclos de esteroides anab\u00f3licos generalmente se estructuran para maximizar los beneficios y reducir al m\u00ednimo los riesgos para la salud.<\/p>\n<p>Algunas personas pueden usar Winstrol como parte de un ciclo de corte para ayudar a reducir la grasa corporal y mejorar la definici\u00f3n muscular.<\/p>\n<p><strong>LA OXANDROLONA\u00a0 \u2013 ANAVAR<\/strong><\/p>\n<p>es un esteroide anab\u00f3lico sint\u00e9tico, derivado de la dihidrotestosterona (DHT). Se utiliza com\u00fanmente con fines m\u00e9dicos para tratar condiciones como la p\u00e9rdida de peso involuntaria en pacientes con VIH, la recuperaci\u00f3n despu\u00e9s de cirug\u00edas o traumatismos graves, y en casos de osteoporosis.<\/p>\n<p>La oxandrolona se utiliza especialmente en casos de cirug\u00edas mayores o traumatismos graves, por varias razones m\u00e9dicas:<\/p>\n<p><strong>Preservaci\u00f3n de la masa muscular:\u00a0<\/strong>Despu\u00e9s de una cirug\u00eda mayor o un trauma, el cuerpo puede entrar en un estado catab\u00f3lico, donde se descompone m\u00e1s tejido del que se est\u00e1 construyendo. La oxandrolona tiene propiedades anab\u00f3licas, lo que significa que puede ayudar a preservar o incluso aumentar la masa muscular, facilitando la recuperaci\u00f3n f\u00edsica.<\/p>\n<p><strong>Estimulaci\u00f3n de la s\u00edntesis de prote\u00ednas:<\/strong>\u00a0La oxandrolona puede aumentar la s\u00edntesis de prote\u00ednas en el cuerpo. La s\u00edntesis de prote\u00ednas es un proceso crucial para la reparaci\u00f3n y el crecimiento de los tejidos, lo que es esencial para la recuperaci\u00f3n despu\u00e9s de una cirug\u00eda.<\/p>\n<p><strong>Mejora de la densidad \u00f3sea:<\/strong>\u00a0La oxandrolona tambi\u00e9n se ha utilizado en algunos casos para mejorar la densidad \u00f3sea, lo que puede ser beneficioso despu\u00e9s de ciertas cirug\u00edas, especialmente si hay preocupaciones sobre la p\u00e9rdida de masa \u00f3sea.<\/p>\n<p><strong>Estimulaci\u00f3n del apetito:<\/strong>\u00a0Despu\u00e9s de una cirug\u00eda, algunos pacientes pueden experimentar p\u00e9rdida de apetito, lo que puede afectar negativamente la ingesta de nutrientes necesarios para la recuperaci\u00f3n. La oxandrolona puede tener efectos positivos en el apetito, contribuyendo as\u00ed a una mejor nutrici\u00f3n durante el per\u00edodo de recuperaci\u00f3n.<\/p>\n<p>EL TURINABOL<\/p>\n<p>El Turinabol tiene propiedades anab\u00f3licas moderadas y androg\u00e9nicas relativamente bajas en comparaci\u00f3n con otros esteroides anab\u00f3licos m\u00e1s potentes como la testosterona. Se caracteriza por su capacidad para promover el crecimiento muscular y mejorar la resistencia sin causar una retenci\u00f3n significativa de agua, lo que lo convierte en una opci\u00f3n popular entre los atletas que buscan mejorar su rendimiento especialmente por las mujeres.<\/p>\n<p>Algunos de los beneficios que los culturistas y atletas buscan al usar Turinabol incluyen:<\/p>\n<ul>\n<li>Aumento de la masa muscular<\/li>\n<li>Mejora de la fuerza<\/li>\n<li>Retenci\u00f3n m\u00ednima de agua<\/li>\n<li>Mejora de la resistencia<\/li>\n<\/ul>\n<p>&nbsp;<\/p>\n<p>EL CLEMBUTEROL<\/p>\n<p>es un f\u00e1rmaco utilizado principalmente como broncodilatador en el tratamiento de enfermedades respiratorias como el asma en humanos y tambi\u00e9n en veterinaria para tratar trastornos respiratorios en animales, especialmente caballos. Sin embargo, tambi\u00e9n ha ganado notoriedad por su uso\u00a0 en el \u00e1mbito deportivo, especialmente en culturismo y otras disciplinas donde se busca acelerar la perdida de grasa corporal.<\/p>\n<p>El clembuterol es conocido por sus efectos en el deporte, particularmente en el \u00e1mbito de la mejora del rendimiento y la construcci\u00f3n muscular. Algunos de los efectos potenciales del clembuterol en el deporte incluyen:<\/p>\n<ul>\n<li>Incremento de la masa muscular magra:<\/li>\n<li>Aumento de la resistencia:<\/li>\n<li>Quema de grasa:<\/li>\n<\/ul>\n<\/div>\n<\/div>\n","protected":false},"excerpt":{"rendered":"<div class=\"et_pb_module et_pb_text et_pb_text_0_tb_body  et_pb_text_align_left et_pb_bg_layout_light\">\n<div class=\"et_pb_text_inner\">\n<h3><span style=\"font-size: 16px;\">Esta combinaci\u00f3n\u00a0 incluye 4 Compuestos capaces de estimular el crecimiento del tejido muscular y la descomposici\u00f3n de de los \u00e1cidos grasos almacenados en el tejido adiposo (lipolisis) permitiendo un aspecto <\/span><span style=\"font-size: 16px;\">musculoso<\/span><span style=\"font-size: 16px;\">\u00a0y\u00a0<\/span><span style=\"font-size: 16px;\">definido<\/span><\/h3>\n<\/div>\n<\/div>\n<div class=\"et_pb_module et_pb_wc_description et_pb_wc_description_1_tb_body et_pb_bg_layout_light  et_pb_text_align_left\">\n<div class=\"et_pb_module_inner\">\n<p><strong>Contiene :<\/strong><\/p>\n<p><strong>* Winstrol * Anavar * Turinabol * Clembuterol<\/strong><\/p>\n<\/div>\n<\/div>\n","protected":false},"featured_media":1767,"comment_status":"open","ping_status":"closed","template":"","meta":[],"product_brand":[151],"product_cat":[392],"product_tag":[105,191,154,142,137,126],"class_list":{"0":"post-1690","1":"product","2":"type-product","3":"status-publish","4":"has-post-thumbnail","6":"product_brand-mutant-pharma","7":"product_cat-anabolicos","8":"product_tag-anabolico","9":"product_tag-clembuterol","10":"product_tag-mutant-pharma","11":"product_tag-oxandrolona","12":"product_tag-turinabol","13":"product_tag-winstrol","15":"first","16":"instock","17":"sale","18":"shipping-taxable","19":"purchasable","20":"product-type-simple"},"yoast_head":"<!-- This site is optimized with the Yoast SEO plugin v26.8 - https:\/\/yoast.com\/product\/yoast-seo-wordpress\/ -->\n<title>Cut Max Mutant Pharma 15-02 mg 100 Tabletas - Team Mutan Ecuador<\/title>\n<meta name=\"description\" content=\"Esta combinaci\u00f3n\u00a0 incluye 4 Compuestos capaces de estimular el crecimiento del tejido muscular y la descomposici\u00f3n de de los \u00e1cidos grasos almacenados en el tejido adiposo (lipolisis) permitiendo un aspecto musculoso\u00a0y\u00a0definidoContiene :* Winstrol * Anavar * Turinabol * Clembuterol\" \/>\n<meta name=\"robots\" content=\"index, follow, max-snippet:-1, max-image-preview:large, max-video-preview:-1\" \/>\n<link rel=\"canonical\" href=\"https:\/\/teammutantecuador.com\/?product=cut-max-mutant-pharma-15-02-mg-100-tabletas\" \/>\n<meta property=\"og:locale\" content=\"es_ES\" \/>\n<meta property=\"og:type\" content=\"article\" \/>\n<meta property=\"og:title\" content=\"Cut Max Mutant Pharma 15-02 mg 100 Tabletas - Team Mutan Ecuador\" \/>\n<meta property=\"og:description\" content=\"Esta combinaci\u00f3n\u00a0 incluye 4 Compuestos capaces de estimular el crecimiento del tejido muscular y la descomposici\u00f3n de de los \u00e1cidos grasos almacenados en el tejido adiposo (lipolisis) permitiendo un aspecto musculoso\u00a0y\u00a0definidoContiene :* Winstrol * Anavar * Turinabol * Clembuterol\" \/>\n<meta property=\"og:url\" content=\"https:\/\/teammutantecuador.com\/?product=cut-max-mutant-pharma-15-02-mg-100-tabletas\" \/>\n<meta property=\"og:site_name\" content=\"Team Mutan Ecuador\" \/>\n<meta property=\"article:modified_time\" content=\"2026-04-11T01:22:15+00:00\" \/>\n<meta property=\"og:image\" content=\"https:\/\/teammutantecuador.com\/wp-content\/uploads\/2026\/01\/Diseno-sin-titulo-2026-01-16T235900.949.jpg\" \/>\n\t<meta property=\"og:image:width\" content=\"800\" \/>\n\t<meta property=\"og:image:height\" content=\"800\" \/>\n\t<meta property=\"og:image:type\" content=\"image\/jpeg\" \/>\n<meta name=\"twitter:card\" content=\"summary_large_image\" \/>\n<meta name=\"twitter:label1\" content=\"Tiempo de lectura\" \/>\n\t<meta name=\"twitter:data1\" content=\"4 minutos\" \/>\n<script type=\"application\/ld+json\" class=\"yoast-schema-graph\">{\"@context\":\"https:\/\/schema.org\",\"@graph\":[{\"@type\":\"WebPage\",\"@id\":\"https:\/\/teammutantecuador.com\/?product=cut-max-mutant-pharma-15-02-mg-100-tabletas\",\"url\":\"https:\/\/teammutantecuador.com\/?product=cut-max-mutant-pharma-15-02-mg-100-tabletas\",\"name\":\"Cut Max Mutant Pharma 15-02 mg 100 Tabletas - Team Mutan Ecuador\",\"isPartOf\":{\"@id\":\"https:\/\/teammutantecuador.com\/#website\"},\"primaryImageOfPage\":{\"@id\":\"https:\/\/teammutantecuador.com\/?product=cut-max-mutant-pharma-15-02-mg-100-tabletas#primaryimage\"},\"image\":{\"@id\":\"https:\/\/teammutantecuador.com\/?product=cut-max-mutant-pharma-15-02-mg-100-tabletas#primaryimage\"},\"thumbnailUrl\":\"https:\/\/teammutantecuador.com\/wp-content\/uploads\/2026\/01\/Diseno-sin-titulo-2026-01-16T235900.949.jpg\",\"datePublished\":\"2026-01-17T16:04:41+00:00\",\"dateModified\":\"2026-04-11T01:22:15+00:00\",\"description\":\"Esta combinaci\u00f3n\u00a0 incluye 4 Compuestos capaces de estimular el crecimiento del tejido muscular y la descomposici\u00f3n de de los \u00e1cidos grasos almacenados en el tejido adiposo (lipolisis) permitiendo un aspecto musculoso\u00a0y\u00a0definidoContiene :* Winstrol * Anavar * Turinabol * Clembuterol\",\"breadcrumb\":{\"@id\":\"https:\/\/teammutantecuador.com\/?product=cut-max-mutant-pharma-15-02-mg-100-tabletas#breadcrumb\"},\"inLanguage\":\"es\",\"potentialAction\":[{\"@type\":\"ReadAction\",\"target\":[\"https:\/\/teammutantecuador.com\/?product=cut-max-mutant-pharma-15-02-mg-100-tabletas\"]}]},{\"@type\":\"ImageObject\",\"inLanguage\":\"es\",\"@id\":\"https:\/\/teammutantecuador.com\/?product=cut-max-mutant-pharma-15-02-mg-100-tabletas#primaryimage\",\"url\":\"https:\/\/teammutantecuador.com\/wp-content\/uploads\/2026\/01\/Diseno-sin-titulo-2026-01-16T235900.949.jpg\",\"contentUrl\":\"https:\/\/teammutantecuador.com\/wp-content\/uploads\/2026\/01\/Diseno-sin-titulo-2026-01-16T235900.949.jpg\",\"width\":800,\"height\":800,\"caption\":\"Cut max\"},{\"@type\":\"BreadcrumbList\",\"@id\":\"https:\/\/teammutantecuador.com\/?product=cut-max-mutant-pharma-15-02-mg-100-tabletas#breadcrumb\",\"itemListElement\":[{\"@type\":\"ListItem\",\"position\":1,\"name\":\"Portada\",\"item\":\"https:\/\/teammutantecuador.com\/\"},{\"@type\":\"ListItem\",\"position\":2,\"name\":\"Shop\",\"item\":\"https:\/\/teammutantecuador.com\/?page_id=6\"},{\"@type\":\"ListItem\",\"position\":3,\"name\":\"Cut Max Mutant Pharma 15-02 mg 100 Tabletas\"}]},{\"@type\":\"WebSite\",\"@id\":\"https:\/\/teammutantecuador.com\/#website\",\"url\":\"https:\/\/teammutantecuador.com\/\",\"name\":\"Team Mutan Ecuador\",\"description\":\"Just another WordPress site\",\"publisher\":{\"@id\":\"https:\/\/teammutantecuador.com\/#organization\"},\"potentialAction\":[{\"@type\":\"SearchAction\",\"target\":{\"@type\":\"EntryPoint\",\"urlTemplate\":\"https:\/\/teammutantecuador.com\/?s={search_term_string}\"},\"query-input\":{\"@type\":\"PropertyValueSpecification\",\"valueRequired\":true,\"valueName\":\"search_term_string\"}}],\"inLanguage\":\"es\"},{\"@type\":\"Organization\",\"@id\":\"https:\/\/teammutantecuador.com\/#organization\",\"name\":\"Team Mutan Ecuador\",\"url\":\"https:\/\/teammutantecuador.com\/\",\"logo\":{\"@type\":\"ImageObject\",\"inLanguage\":\"es\",\"@id\":\"https:\/\/teammutantecuador.com\/#\/schema\/logo\/image\/\",\"url\":\"https:\/\/teammutantecuador.com\/wp-content\/uploads\/2026\/01\/Diseno-sin-titulo-97.png\",\"contentUrl\":\"https:\/\/teammutantecuador.com\/wp-content\/uploads\/2026\/01\/Diseno-sin-titulo-97.png\",\"width\":500,\"height\":300,\"caption\":\"Team Mutan Ecuador\"},\"image\":{\"@id\":\"https:\/\/teammutantecuador.com\/#\/schema\/logo\/image\/\"}}]}<\/script>\n<!-- \/ Yoast SEO plugin. -->","yoast_head_json":{"title":"Cut Max Mutant Pharma 15-02 mg 100 Tabletas - Team Mutan Ecuador","description":"Esta combinaci\u00f3n\u00a0 incluye 4 Compuestos capaces de estimular el crecimiento del tejido muscular y la descomposici\u00f3n de de los \u00e1cidos grasos almacenados en el tejido adiposo (lipolisis) permitiendo un aspecto musculoso\u00a0y\u00a0definidoContiene :* Winstrol * Anavar * Turinabol * Clembuterol","robots":{"index":"index","follow":"follow","max-snippet":"max-snippet:-1","max-image-preview":"max-image-preview:large","max-video-preview":"max-video-preview:-1"},"canonical":"https:\/\/teammutantecuador.com\/?product=cut-max-mutant-pharma-15-02-mg-100-tabletas","og_locale":"es_ES","og_type":"article","og_title":"Cut Max Mutant Pharma 15-02 mg 100 Tabletas - Team Mutan Ecuador","og_description":"Esta combinaci\u00f3n\u00a0 incluye 4 Compuestos capaces de estimular el crecimiento del tejido muscular y la descomposici\u00f3n de de los \u00e1cidos grasos almacenados en el tejido adiposo (lipolisis) permitiendo un aspecto musculoso\u00a0y\u00a0definidoContiene :* Winstrol * Anavar * Turinabol * Clembuterol","og_url":"https:\/\/teammutantecuador.com\/?product=cut-max-mutant-pharma-15-02-mg-100-tabletas","og_site_name":"Team Mutan Ecuador","article_modified_time":"2026-04-11T01:22:15+00:00","og_image":[{"width":800,"height":800,"url":"https:\/\/teammutantecuador.com\/wp-content\/uploads\/2026\/01\/Diseno-sin-titulo-2026-01-16T235900.949.jpg","type":"image\/jpeg"}],"twitter_card":"summary_large_image","twitter_misc":{"Tiempo de lectura":"4 minutos"},"schema":{"@context":"https:\/\/schema.org","@graph":[{"@type":"WebPage","@id":"https:\/\/teammutantecuador.com\/?product=cut-max-mutant-pharma-15-02-mg-100-tabletas","url":"https:\/\/teammutantecuador.com\/?product=cut-max-mutant-pharma-15-02-mg-100-tabletas","name":"Cut Max Mutant Pharma 15-02 mg 100 Tabletas - Team Mutan Ecuador","isPartOf":{"@id":"https:\/\/teammutantecuador.com\/#website"},"primaryImageOfPage":{"@id":"https:\/\/teammutantecuador.com\/?product=cut-max-mutant-pharma-15-02-mg-100-tabletas#primaryimage"},"image":{"@id":"https:\/\/teammutantecuador.com\/?product=cut-max-mutant-pharma-15-02-mg-100-tabletas#primaryimage"},"thumbnailUrl":"https:\/\/teammutantecuador.com\/wp-content\/uploads\/2026\/01\/Diseno-sin-titulo-2026-01-16T235900.949.jpg","datePublished":"2026-01-17T16:04:41+00:00","dateModified":"2026-04-11T01:22:15+00:00","description":"Esta combinaci\u00f3n\u00a0 incluye 4 Compuestos capaces de estimular el crecimiento del tejido muscular y la descomposici\u00f3n de de los \u00e1cidos grasos almacenados en el tejido adiposo (lipolisis) permitiendo un aspecto musculoso\u00a0y\u00a0definidoContiene :* Winstrol * Anavar * Turinabol * Clembuterol","breadcrumb":{"@id":"https:\/\/teammutantecuador.com\/?product=cut-max-mutant-pharma-15-02-mg-100-tabletas#breadcrumb"},"inLanguage":"es","potentialAction":[{"@type":"ReadAction","target":["https:\/\/teammutantecuador.com\/?product=cut-max-mutant-pharma-15-02-mg-100-tabletas"]}]},{"@type":"ImageObject","inLanguage":"es","@id":"https:\/\/teammutantecuador.com\/?product=cut-max-mutant-pharma-15-02-mg-100-tabletas#primaryimage","url":"https:\/\/teammutantecuador.com\/wp-content\/uploads\/2026\/01\/Diseno-sin-titulo-2026-01-16T235900.949.jpg","contentUrl":"https:\/\/teammutantecuador.com\/wp-content\/uploads\/2026\/01\/Diseno-sin-titulo-2026-01-16T235900.949.jpg","width":800,"height":800,"caption":"Cut max"},{"@type":"BreadcrumbList","@id":"https:\/\/teammutantecuador.com\/?product=cut-max-mutant-pharma-15-02-mg-100-tabletas#breadcrumb","itemListElement":[{"@type":"ListItem","position":1,"name":"Portada","item":"https:\/\/teammutantecuador.com\/"},{"@type":"ListItem","position":2,"name":"Shop","item":"https:\/\/teammutantecuador.com\/?page_id=6"},{"@type":"ListItem","position":3,"name":"Cut Max Mutant Pharma 15-02 mg 100 Tabletas"}]},{"@type":"WebSite","@id":"https:\/\/teammutantecuador.com\/#website","url":"https:\/\/teammutantecuador.com\/","name":"Team Mutan Ecuador","description":"Just another WordPress site","publisher":{"@id":"https:\/\/teammutantecuador.com\/#organization"},"potentialAction":[{"@type":"SearchAction","target":{"@type":"EntryPoint","urlTemplate":"https:\/\/teammutantecuador.com\/?s={search_term_string}"},"query-input":{"@type":"PropertyValueSpecification","valueRequired":true,"valueName":"search_term_string"}}],"inLanguage":"es"},{"@type":"Organization","@id":"https:\/\/teammutantecuador.com\/#organization","name":"Team Mutan Ecuador","url":"https:\/\/teammutantecuador.com\/","logo":{"@type":"ImageObject","inLanguage":"es","@id":"https:\/\/teammutantecuador.com\/#\/schema\/logo\/image\/","url":"https:\/\/teammutantecuador.com\/wp-content\/uploads\/2026\/01\/Diseno-sin-titulo-97.png","contentUrl":"https:\/\/teammutantecuador.com\/wp-content\/uploads\/2026\/01\/Diseno-sin-titulo-97.png","width":500,"height":300,"caption":"Team Mutan Ecuador"},"image":{"@id":"https:\/\/teammutantecuador.com\/#\/schema\/logo\/image\/"}}]}},"_links":{"self":[{"href":"https:\/\/teammutantecuador.com\/index.php?rest_route=\/wp\/v2\/product\/1690","targetHints":{"allow":["GET"]}}],"collection":[{"href":"https:\/\/teammutantecuador.com\/index.php?rest_route=\/wp\/v2\/product"}],"about":[{"href":"https:\/\/teammutantecuador.com\/index.php?rest_route=\/wp\/v2\/types\/product"}],"replies":[{"embeddable":true,"href":"https:\/\/teammutantecuador.com\/index.php?rest_route=%2Fwp%2Fv2%2Fcomments&post=1690"}],"wp:featuredmedia":[{"embeddable":true,"href":"https:\/\/teammutantecuador.com\/index.php?rest_route=\/wp\/v2\/media\/1767"}],"wp:attachment":[{"href":"https:\/\/teammutantecuador.com\/index.php?rest_route=%2Fwp%2Fv2%2Fmedia&parent=1690"}],"wp:term":[{"taxonomy":"product_brand","embeddable":true,"href":"https:\/\/teammutantecuador.com\/index.php?rest_route=%2Fwp%2Fv2%2Fproduct_brand&post=1690"},{"taxonomy":"product_cat","embeddable":true,"href":"https:\/\/teammutantecuador.com\/index.php?rest_route=%2Fwp%2Fv2%2Fproduct_cat&post=1690"},{"taxonomy":"product_tag","embeddable":true,"href":"https:\/\/teammutantecuador.com\/index.php?rest_route=%2Fwp%2Fv2%2Fproduct_tag&post=1690"}],"curies":[{"name":"wp","href":"https:\/\/api.w.org\/{rel}","templated":true}]}}