{"id":1674,"date":"2026-01-17T16:04:40","date_gmt":"2026-01-17T16:04:40","guid":{"rendered":"https:\/\/teammutantecuador.com\/?post_type=product&#038;p=1674"},"modified":"2026-04-26T04:51:49","modified_gmt":"2026-04-26T04:51:49","slug":"ibutamoren-mk-677-wescott","status":"publish","type":"product","link":"https:\/\/teammutantecuador.com\/?product=ibutamoren-mk-677-wescott","title":{"rendered":"Ibutamoren MK 677 Wescott"},"content":{"rendered":"<p>BENEFICIOS IBUTAMOREN (MK 677):<br \/>\nBeneficios: Promueve la cicatrizaci\u00f3n de heridas, soluciona problemas de los ligamentos, los tendones, los huesos, as\u00ed como las lesiones producidas por la edad. Promueve la masa muscular magra y aumenta la oxidaci\u00f3n de la grasa.<\/p>\n<p>Tambi\u00e9n mejora la eficacia del sistema inmune y los niveles de energ\u00eda.<\/p>\n<p>\u2981 Aumenta la masa muscular y la fuerza<br \/>\n\u2981 Mejora la regeneraci\u00f3n de los tejidos<br \/>\n\u2981 Aumenta los niveles de hormona de crecimiento<br \/>\n\u2981 Aumenta el factor de crecimiento (IGF-1)<br \/>\n\u2981 Ayuda a curar huesos, tendones y ligamentos y recuperaci\u00f3n de Lesiones.<br \/>\n\u2981 Reducci\u00f3n grasa corporal<\/p>\n","protected":false},"excerpt":{"rendered":"<p>Beneficios: Promueve la cicatrizaci\u00f3n de heridas, soluciona problemas de los ligamentos, los tendones, los huesos, as\u00ed como las lesiones producidas por la edad. Promueve la masa muscular magra y aumenta la oxidaci\u00f3n de la grasa.<\/p>\n","protected":false},"featured_media":1831,"comment_status":"open","ping_status":"closed","template":"","meta":[],"product_brand":[275],"product_cat":[170],"product_tag":[264,277,171],"class_list":{"0":"post-1674","1":"product","2":"type-product","3":"status-publish","4":"has-post-thumbnail","6":"product_brand-wescott","7":"product_cat-sarms","8":"product_tag-ibutamoren","9":"product_tag-mk-677","10":"product_tag-sarms","12":"first","13":"instock","14":"sale","15":"shipping-taxable","16":"purchasable","17":"product-type-simple"},"yoast_head":"<!-- This site is optimized with the Yoast SEO plugin v26.8 - https:\/\/yoast.com\/product\/yoast-seo-wordpress\/ -->\n<title>Ibutamoren MK 677 Wescott - Team Mutan Ecuador<\/title>\n<meta name=\"description\" content=\"Beneficios: Promueve la cicatrizaci\u00f3n de heridas, soluciona problemas de los ligamentos, los tendones, los huesos, as\u00ed como las lesiones producidas por la edad. Promueve la masa muscular magra y aumenta la oxidaci\u00f3n de la grasa.\" \/>\n<meta name=\"robots\" content=\"index, follow, max-snippet:-1, max-image-preview:large, max-video-preview:-1\" \/>\n<link rel=\"canonical\" href=\"https:\/\/teammutantecuador.com\/?product=ibutamoren-mk-677-wescott\" \/>\n<meta property=\"og:locale\" content=\"es_ES\" \/>\n<meta property=\"og:type\" content=\"article\" \/>\n<meta property=\"og:title\" content=\"Ibutamoren MK 677 Wescott - Team Mutan Ecuador\" \/>\n<meta property=\"og:description\" content=\"Beneficios: Promueve la cicatrizaci\u00f3n de heridas, soluciona problemas de los ligamentos, los tendones, los huesos, as\u00ed como las lesiones producidas por la edad. Promueve la masa muscular magra y aumenta la oxidaci\u00f3n de la grasa.\" \/>\n<meta property=\"og:url\" content=\"https:\/\/teammutantecuador.com\/?product=ibutamoren-mk-677-wescott\" \/>\n<meta property=\"og:site_name\" content=\"Team Mutan Ecuador\" \/>\n<meta property=\"article:modified_time\" content=\"2026-04-26T04:51:49+00:00\" \/>\n<meta property=\"og:image\" content=\"https:\/\/teammutantecuador.com\/wp-content\/uploads\/2026\/01\/Primobolan-100-Mg-Mutant-Pharma-33.jpg\" \/>\n\t<meta property=\"og:image:width\" content=\"800\" \/>\n\t<meta property=\"og:image:height\" content=\"800\" \/>\n\t<meta property=\"og:image:type\" content=\"image\/jpeg\" \/>\n<meta name=\"twitter:card\" content=\"summary_large_image\" \/>\n<meta name=\"twitter:label1\" content=\"Tiempo de lectura\" \/>\n\t<meta name=\"twitter:data1\" content=\"1 minuto\" \/>\n<script type=\"application\/ld+json\" class=\"yoast-schema-graph\">{\"@context\":\"https:\/\/schema.org\",\"@graph\":[{\"@type\":\"WebPage\",\"@id\":\"https:\/\/teammutantecuador.com\/?product=ibutamoren-mk-677-wescott\",\"url\":\"https:\/\/teammutantecuador.com\/?product=ibutamoren-mk-677-wescott\",\"name\":\"Ibutamoren MK 677 Wescott - Team Mutan Ecuador\",\"isPartOf\":{\"@id\":\"https:\/\/teammutantecuador.com\/#website\"},\"primaryImageOfPage\":{\"@id\":\"https:\/\/teammutantecuador.com\/?product=ibutamoren-mk-677-wescott#primaryimage\"},\"image\":{\"@id\":\"https:\/\/teammutantecuador.com\/?product=ibutamoren-mk-677-wescott#primaryimage\"},\"thumbnailUrl\":\"https:\/\/teammutantecuador.com\/wp-content\/uploads\/2026\/01\/Primobolan-100-Mg-Mutant-Pharma-33.jpg\",\"datePublished\":\"2026-01-17T16:04:40+00:00\",\"dateModified\":\"2026-04-26T04:51:49+00:00\",\"description\":\"Beneficios: Promueve la cicatrizaci\u00f3n de heridas, soluciona problemas de los ligamentos, los tendones, los huesos, as\u00ed como las lesiones producidas por la edad. Promueve la masa muscular magra y aumenta la oxidaci\u00f3n de la grasa.\",\"breadcrumb\":{\"@id\":\"https:\/\/teammutantecuador.com\/?product=ibutamoren-mk-677-wescott#breadcrumb\"},\"inLanguage\":\"es\",\"potentialAction\":[{\"@type\":\"ReadAction\",\"target\":[\"https:\/\/teammutantecuador.com\/?product=ibutamoren-mk-677-wescott\"]}]},{\"@type\":\"ImageObject\",\"inLanguage\":\"es\",\"@id\":\"https:\/\/teammutantecuador.com\/?product=ibutamoren-mk-677-wescott#primaryimage\",\"url\":\"https:\/\/teammutantecuador.com\/wp-content\/uploads\/2026\/01\/Primobolan-100-Mg-Mutant-Pharma-33.jpg\",\"contentUrl\":\"https:\/\/teammutantecuador.com\/wp-content\/uploads\/2026\/01\/Primobolan-100-Mg-Mutant-Pharma-33.jpg\",\"width\":800,\"height\":800,\"caption\":\"Ibutamoren MK 677 Wescott\"},{\"@type\":\"BreadcrumbList\",\"@id\":\"https:\/\/teammutantecuador.com\/?product=ibutamoren-mk-677-wescott#breadcrumb\",\"itemListElement\":[{\"@type\":\"ListItem\",\"position\":1,\"name\":\"Portada\",\"item\":\"https:\/\/teammutantecuador.com\/\"},{\"@type\":\"ListItem\",\"position\":2,\"name\":\"Shop\",\"item\":\"https:\/\/teammutantecuador.com\/?page_id=6\"},{\"@type\":\"ListItem\",\"position\":3,\"name\":\"Ibutamoren MK 677 Wescott\"}]},{\"@type\":\"WebSite\",\"@id\":\"https:\/\/teammutantecuador.com\/#website\",\"url\":\"https:\/\/teammutantecuador.com\/\",\"name\":\"Team Mutan Ecuador\",\"description\":\"Just another WordPress site\",\"publisher\":{\"@id\":\"https:\/\/teammutantecuador.com\/#organization\"},\"potentialAction\":[{\"@type\":\"SearchAction\",\"target\":{\"@type\":\"EntryPoint\",\"urlTemplate\":\"https:\/\/teammutantecuador.com\/?s={search_term_string}\"},\"query-input\":{\"@type\":\"PropertyValueSpecification\",\"valueRequired\":true,\"valueName\":\"search_term_string\"}}],\"inLanguage\":\"es\"},{\"@type\":\"Organization\",\"@id\":\"https:\/\/teammutantecuador.com\/#organization\",\"name\":\"Team Mutan Ecuador\",\"url\":\"https:\/\/teammutantecuador.com\/\",\"logo\":{\"@type\":\"ImageObject\",\"inLanguage\":\"es\",\"@id\":\"https:\/\/teammutantecuador.com\/#\/schema\/logo\/image\/\",\"url\":\"https:\/\/teammutantecuador.com\/wp-content\/uploads\/2026\/01\/Diseno-sin-titulo-97.png\",\"contentUrl\":\"https:\/\/teammutantecuador.com\/wp-content\/uploads\/2026\/01\/Diseno-sin-titulo-97.png\",\"width\":500,\"height\":300,\"caption\":\"Team Mutan Ecuador\"},\"image\":{\"@id\":\"https:\/\/teammutantecuador.com\/#\/schema\/logo\/image\/\"}}]}<\/script>\n<!-- \/ Yoast SEO plugin. -->","yoast_head_json":{"title":"Ibutamoren MK 677 Wescott - Team Mutan Ecuador","description":"Beneficios: Promueve la cicatrizaci\u00f3n de heridas, soluciona problemas de los ligamentos, los tendones, los huesos, as\u00ed como las lesiones producidas por la edad. Promueve la masa muscular magra y aumenta la oxidaci\u00f3n de la grasa.","robots":{"index":"index","follow":"follow","max-snippet":"max-snippet:-1","max-image-preview":"max-image-preview:large","max-video-preview":"max-video-preview:-1"},"canonical":"https:\/\/teammutantecuador.com\/?product=ibutamoren-mk-677-wescott","og_locale":"es_ES","og_type":"article","og_title":"Ibutamoren MK 677 Wescott - Team Mutan Ecuador","og_description":"Beneficios: Promueve la cicatrizaci\u00f3n de heridas, soluciona problemas de los ligamentos, los tendones, los huesos, as\u00ed como las lesiones producidas por la edad. Promueve la masa muscular magra y aumenta la oxidaci\u00f3n de la grasa.","og_url":"https:\/\/teammutantecuador.com\/?product=ibutamoren-mk-677-wescott","og_site_name":"Team Mutan Ecuador","article_modified_time":"2026-04-26T04:51:49+00:00","og_image":[{"width":800,"height":800,"url":"https:\/\/teammutantecuador.com\/wp-content\/uploads\/2026\/01\/Primobolan-100-Mg-Mutant-Pharma-33.jpg","type":"image\/jpeg"}],"twitter_card":"summary_large_image","twitter_misc":{"Tiempo de lectura":"1 minuto"},"schema":{"@context":"https:\/\/schema.org","@graph":[{"@type":"WebPage","@id":"https:\/\/teammutantecuador.com\/?product=ibutamoren-mk-677-wescott","url":"https:\/\/teammutantecuador.com\/?product=ibutamoren-mk-677-wescott","name":"Ibutamoren MK 677 Wescott - Team Mutan Ecuador","isPartOf":{"@id":"https:\/\/teammutantecuador.com\/#website"},"primaryImageOfPage":{"@id":"https:\/\/teammutantecuador.com\/?product=ibutamoren-mk-677-wescott#primaryimage"},"image":{"@id":"https:\/\/teammutantecuador.com\/?product=ibutamoren-mk-677-wescott#primaryimage"},"thumbnailUrl":"https:\/\/teammutantecuador.com\/wp-content\/uploads\/2026\/01\/Primobolan-100-Mg-Mutant-Pharma-33.jpg","datePublished":"2026-01-17T16:04:40+00:00","dateModified":"2026-04-26T04:51:49+00:00","description":"Beneficios: Promueve la cicatrizaci\u00f3n de heridas, soluciona problemas de los ligamentos, los tendones, los huesos, as\u00ed como las lesiones producidas por la edad. Promueve la masa muscular magra y aumenta la oxidaci\u00f3n de la grasa.","breadcrumb":{"@id":"https:\/\/teammutantecuador.com\/?product=ibutamoren-mk-677-wescott#breadcrumb"},"inLanguage":"es","potentialAction":[{"@type":"ReadAction","target":["https:\/\/teammutantecuador.com\/?product=ibutamoren-mk-677-wescott"]}]},{"@type":"ImageObject","inLanguage":"es","@id":"https:\/\/teammutantecuador.com\/?product=ibutamoren-mk-677-wescott#primaryimage","url":"https:\/\/teammutantecuador.com\/wp-content\/uploads\/2026\/01\/Primobolan-100-Mg-Mutant-Pharma-33.jpg","contentUrl":"https:\/\/teammutantecuador.com\/wp-content\/uploads\/2026\/01\/Primobolan-100-Mg-Mutant-Pharma-33.jpg","width":800,"height":800,"caption":"Ibutamoren MK 677 Wescott"},{"@type":"BreadcrumbList","@id":"https:\/\/teammutantecuador.com\/?product=ibutamoren-mk-677-wescott#breadcrumb","itemListElement":[{"@type":"ListItem","position":1,"name":"Portada","item":"https:\/\/teammutantecuador.com\/"},{"@type":"ListItem","position":2,"name":"Shop","item":"https:\/\/teammutantecuador.com\/?page_id=6"},{"@type":"ListItem","position":3,"name":"Ibutamoren MK 677 Wescott"}]},{"@type":"WebSite","@id":"https:\/\/teammutantecuador.com\/#website","url":"https:\/\/teammutantecuador.com\/","name":"Team Mutan Ecuador","description":"Just another WordPress site","publisher":{"@id":"https:\/\/teammutantecuador.com\/#organization"},"potentialAction":[{"@type":"SearchAction","target":{"@type":"EntryPoint","urlTemplate":"https:\/\/teammutantecuador.com\/?s={search_term_string}"},"query-input":{"@type":"PropertyValueSpecification","valueRequired":true,"valueName":"search_term_string"}}],"inLanguage":"es"},{"@type":"Organization","@id":"https:\/\/teammutantecuador.com\/#organization","name":"Team Mutan Ecuador","url":"https:\/\/teammutantecuador.com\/","logo":{"@type":"ImageObject","inLanguage":"es","@id":"https:\/\/teammutantecuador.com\/#\/schema\/logo\/image\/","url":"https:\/\/teammutantecuador.com\/wp-content\/uploads\/2026\/01\/Diseno-sin-titulo-97.png","contentUrl":"https:\/\/teammutantecuador.com\/wp-content\/uploads\/2026\/01\/Diseno-sin-titulo-97.png","width":500,"height":300,"caption":"Team Mutan Ecuador"},"image":{"@id":"https:\/\/teammutantecuador.com\/#\/schema\/logo\/image\/"}}]}},"_links":{"self":[{"href":"https:\/\/teammutantecuador.com\/index.php?rest_route=\/wp\/v2\/product\/1674","targetHints":{"allow":["GET"]}}],"collection":[{"href":"https:\/\/teammutantecuador.com\/index.php?rest_route=\/wp\/v2\/product"}],"about":[{"href":"https:\/\/teammutantecuador.com\/index.php?rest_route=\/wp\/v2\/types\/product"}],"replies":[{"embeddable":true,"href":"https:\/\/teammutantecuador.com\/index.php?rest_route=%2Fwp%2Fv2%2Fcomments&post=1674"}],"wp:featuredmedia":[{"embeddable":true,"href":"https:\/\/teammutantecuador.com\/index.php?rest_route=\/wp\/v2\/media\/1831"}],"wp:attachment":[{"href":"https:\/\/teammutantecuador.com\/index.php?rest_route=%2Fwp%2Fv2%2Fmedia&parent=1674"}],"wp:term":[{"taxonomy":"product_brand","embeddable":true,"href":"https:\/\/teammutantecuador.com\/index.php?rest_route=%2Fwp%2Fv2%2Fproduct_brand&post=1674"},{"taxonomy":"product_cat","embeddable":true,"href":"https:\/\/teammutantecuador.com\/index.php?rest_route=%2Fwp%2Fv2%2Fproduct_cat&post=1674"},{"taxonomy":"product_tag","embeddable":true,"href":"https:\/\/teammutantecuador.com\/index.php?rest_route=%2Fwp%2Fv2%2Fproduct_tag&post=1674"}],"curies":[{"name":"wp","href":"https:\/\/api.w.org\/{rel}","templated":true}]}}