{"id":1659,"date":"2026-01-17T16:04:35","date_gmt":"2026-01-17T16:04:35","guid":{"rendered":"https:\/\/teammutantecuador.com\/?post_type=product&#038;p=1659"},"modified":"2026-04-28T23:24:41","modified_gmt":"2026-04-28T23:24:41","slug":"pre-entreno-psychotic-insane-labz-35-servicios","status":"publish","type":"product","link":"https:\/\/teammutantecuador.com\/?product=pre-entreno-psychotic-insane-labz-35-servicios","title":{"rendered":"Pre-entreno Psychotic Insane Labz 35 servicios"},"content":{"rendered":"<p>\u00ab<strong>Psychotic<\/strong>\u00bb es un suplemento de pre-entrenamiento fabricado por la compa\u00f1\u00eda <strong>Insane Labz<\/strong>. Los suplementos de <strong>pre-entrenamiento<\/strong>, como <strong>Psychotic<\/strong>, est\u00e1n dise\u00f1ados para aumentar la energ\u00eda, la concentraci\u00f3n y el rendimiento durante el ejercicio. Estos suplementos se toman antes del entrenamiento para mejorar la calidad y la intensidad del ejercicio.<\/p>\n<p><strong>Psychotic<\/strong> contiene una mezcla de ingredientes que incluyen cafe\u00edna, beta-alanina, creatina y otros componentes destinados a aumentar la energ\u00eda, mejorar la resistencia y optimizar la concentraci\u00f3n mental. Es importante recordar que cada persona puede experimentar los efectos de los suplementos de pre-entrenamiento de manera diferente, y la eficacia de estos productos puede variar.<\/p>\n<p>Es importante tener en cuenta que los suplementos de pre-entrenamiento no est\u00e1n regulados de la misma manera que los medicamentos y no todos los ingredientes en ellos han sido estudiados exhaustivamente en t\u00e9rminos de seguridad y eficacia. Siempre es una buena idea consultar a un m\u00e9dico o profesional de la salud antes de comenzar a tomar un nuevo suplemento, especialmente si tienes alguna condici\u00f3n m\u00e9dica preexistente o tomas medicamentos.<\/p>\n<h2>Pre Entrenamiento\u00a0psic\u00f3tico: energ\u00eda, concentraci\u00f3n y rendimiento insanos<\/h2>\n<ul>\n<li>ENERG\u00cdA.\u00a0ENFOCAR.\u00a0RESISTENCIA.\u00a0FUERZA.\u00a0Si tiene un aumento sustancial de energ\u00eda y fuerza que contin\u00faa mucho despu\u00e9s de que finaliza su entrenamiento, Insane Labz PSYCHOTIC es la \u00fanica opci\u00f3n.\u00a0Cargado con beta-alanina, monohidrato de creatina y DMAE para aumentar la resistencia y la concentraci\u00f3n para superar los entrenamientos m\u00e1s duros.<\/li>\n<li>NO CRASH FORMULADO.\u00a0Psychotic est\u00e1 formulado para brindar energ\u00eda, concentraci\u00f3n y resistencia duraderas que lo mantienen activo y sin nerviosismo.<\/li>\n<li>MEJOR DEGUSTACI\u00d3N: \u00bfCon qu\u00e9 frecuencia prueba un pre-entrenamiento e inmediatamente quiere tirarlo a la basura?\u00a0Psychotic tiene los mejores sabores de cualquier pre-entrenamiento y realmente no est\u00e1 cerca.<\/li>\n<\/ul>\n<p><strong>Psychotic<\/strong> es un suplemento a base de estimulantes que se usa de 20 a 30 minutos antes de su entrenamiento.\u00a0Est\u00e1 cargado con varios ingredientes de alto octanaje que se ha demostrado que brindan una serie de beneficios para el acondicionamiento f\u00edsico, que incluyen una mayor energ\u00eda, una mayor producci\u00f3n de fuerza y \u200b\u200buna mayor resistencia.\u00a0Se ha demostrado que esta f\u00f3rmula \u00fanica dura hasta tres horas, lo que la hace ideal para cualquier entrenamiento.\u00a0Psychotic tambi\u00e9n se considera un suplemento nootr\u00f3pico ya que promueve el rendimiento y la funci\u00f3n cognitiva.\u00a0Con ingredientes como Huperzine A, notar\u00e1 un aumento inmediato en su tiempo de reacci\u00f3n y estado de alerta general.<\/p>\n<p>* Ejemplo de panel de datos complementario basado en el sabor del algod\u00f3n de az\u00facar;\u00a0Los ingredientes inactivos (otros) y el tama\u00f1o de la porci\u00f3n var\u00edan seg\u00fan el sabor.\u00a0El panel de datos suplementarios es la f\u00f3rmula actual.\u00a0La f\u00f3rmula anterior puede enviarse hasta que se agote.<\/p>\n<p><strong>Instrucciones de uso:<\/strong>\u00a0Como suplemento diet\u00e9tico para adultos, tome 1 porci\u00f3n en 8-10 oz.\u00a0de agua una vez al d\u00eda, 30 minutos antes de la actividad.\u00a0Nunca consuma m\u00e1s de 1 porci\u00f3n en un per\u00edodo de 24 horas.\u00a0No lo tome dentro de las 4 horas antes de acostarse.\u00a0Lea las advertencias y use solo seg\u00fan las instrucciones.<\/p>\n<p><strong>Advertencia:<\/strong>NO TOME PSYCHOTIC\u00ae EN EXCESO DE LA DOSIS RECOMENDADA.\u00a0PSYCHOTIC\u00ae no est\u00e1 dise\u00f1ado para que lo utilicen personas menores de 18 a\u00f1os. No consuma cafe\u00edna de otras fuentes, incluidos, entre otros, caf\u00e9, t\u00e9, refrescos y otros suplementos diet\u00e9ticos o medicamentos que contengan fenilefrina o cafe\u00edna.\u00a0No use PSYCHOTIC\u00ae durante m\u00e1s de 8 semanas.\u00a0Consulte con su m\u00e9dico antes de usarlo si est\u00e1 embarazada o amamantando, o si est\u00e1 tomando medicamentos, incluidos, entre otros, inhibidores de IMAO, antidepresivos, aspirina, medicamentos antiinflamatorios no esteroides o productos que contengan fenilefrina, efedrina, pseudoefedrina u otros estimulantes.\u00a0Consulte a su m\u00e9dico antes de usarlo si tiene trastornos psiqui\u00e1tricos o epil\u00e9pticos, dificultad para orinar, diabetes, presi\u00f3n arterial alta, arritmia card\u00edaca, dolores de cabeza recurrentes,\u00a0agrandamiento de la pr\u00f3stata o glaucoma.\u00a0Suspenda el tratamiento 2 semanas antes de la cirug\u00eda o si experimenta palpitaciones, mareos, dolores de cabeza intensos o dificultad para respirar.\u00a0ESTE PRODUCTO CONTIENE CAFE\u00cdNA.<\/p>\n<p><script async src=\"https:\/\/pagead2.googlesyndication.com\/pagead\/js\/adsbygoogle.js?client=ca-pub-2081804850646632\"\n     crossorigin=\"anonymous\"><\/script><br \/>\n<!-- bloginterno --><br \/>\n<ins class=\"adsbygoogle\"\n     style=\"display:block\"\n     data-ad-client=\"ca-pub-2081804850646632\"\n     data-ad-slot=\"7116470822\"\n     data-ad-format=\"auto\"\n     data-full-width-responsive=\"true\"><\/ins><br \/>\n<script>\n     (adsbygoogle = window.adsbygoogle || []).push({});\n<\/script><\/p>\n","protected":false},"excerpt":{"rendered":"<p>\u00ab<strong>Psychotic<\/strong>\u00bb es un suplemento de pre-entrenamiento fabricado por la compa\u00f1\u00eda <strong>Insane Labz<\/strong>. Los suplementos de <strong>pre-entrenamiento<\/strong>, como <strong>Psychotic<\/strong>, est\u00e1n dise\u00f1ados para aumentar la energ\u00eda, la concentraci\u00f3n y el rendimiento durante el ejercicio. Estos suplementos se toman antes del entrenamiento para mejorar la calidad y la intensidad del ejercicio.<\/p>\n","protected":false},"featured_media":0,"comment_status":"open","ping_status":"closed","template":"","meta":[],"product_brand":[],"product_cat":[365],"product_tag":[439,70,71,440],"class_list":{"0":"post-1659","1":"product","2":"type-product","3":"status-publish","5":"product_cat-pre-entreno","6":"product_tag-insane-labz","7":"product_tag-pre-entreno","8":"product_tag-pre-workour","9":"product_tag-psychotic","11":"first","12":"instock","13":"sale","14":"shipping-taxable","15":"purchasable","16":"product-type-simple"},"yoast_head":"<!-- This site is optimized with the Yoast SEO plugin v26.8 - https:\/\/yoast.com\/product\/yoast-seo-wordpress\/ -->\n<title>Pre-entreno Psychotic Insane Labz 35 servicios - Team Mutan Ecuador<\/title>\n<meta name=\"description\" content=\"&quot;Psychotic&quot; es un suplemento de pre-entrenamiento fabricado por la compa\u00f1\u00eda Insane Labz.\" \/>\n<meta name=\"robots\" content=\"index, follow, max-snippet:-1, max-image-preview:large, max-video-preview:-1\" \/>\n<link rel=\"canonical\" href=\"https:\/\/teammutantecuador.com\/?product=pre-entreno-psychotic-insane-labz-35-servicios\" \/>\n<meta property=\"og:locale\" content=\"es_ES\" \/>\n<meta property=\"og:type\" content=\"article\" \/>\n<meta property=\"og:title\" content=\"Pre-entreno Psychotic Insane Labz 35 servicios - Team Mutan Ecuador\" \/>\n<meta property=\"og:description\" content=\"&quot;Psychotic&quot; es un suplemento de pre-entrenamiento fabricado por la compa\u00f1\u00eda Insane Labz.\" \/>\n<meta property=\"og:url\" content=\"https:\/\/teammutantecuador.com\/?product=pre-entreno-psychotic-insane-labz-35-servicios\" \/>\n<meta property=\"og:site_name\" content=\"Team Mutan Ecuador\" \/>\n<meta property=\"article:modified_time\" content=\"2026-04-28T23:24:41+00:00\" \/>\n<meta name=\"twitter:card\" content=\"summary_large_image\" \/>\n<meta name=\"twitter:label1\" content=\"Tiempo de lectura\" \/>\n\t<meta name=\"twitter:data1\" content=\"3 minutos\" \/>\n<script type=\"application\/ld+json\" class=\"yoast-schema-graph\">{\"@context\":\"https:\/\/schema.org\",\"@graph\":[{\"@type\":\"WebPage\",\"@id\":\"https:\/\/teammutantecuador.com\/?product=pre-entreno-psychotic-insane-labz-35-servicios\",\"url\":\"https:\/\/teammutantecuador.com\/?product=pre-entreno-psychotic-insane-labz-35-servicios\",\"name\":\"Pre-entreno Psychotic Insane Labz 35 servicios - Team Mutan Ecuador\",\"isPartOf\":{\"@id\":\"https:\/\/teammutantecuador.com\/#website\"},\"datePublished\":\"2026-01-17T16:04:35+00:00\",\"dateModified\":\"2026-04-28T23:24:41+00:00\",\"description\":\"\\\"Psychotic\\\" es un suplemento de pre-entrenamiento fabricado por la compa\u00f1\u00eda Insane Labz.\",\"breadcrumb\":{\"@id\":\"https:\/\/teammutantecuador.com\/?product=pre-entreno-psychotic-insane-labz-35-servicios#breadcrumb\"},\"inLanguage\":\"es\",\"potentialAction\":[{\"@type\":\"ReadAction\",\"target\":[\"https:\/\/teammutantecuador.com\/?product=pre-entreno-psychotic-insane-labz-35-servicios\"]}]},{\"@type\":\"BreadcrumbList\",\"@id\":\"https:\/\/teammutantecuador.com\/?product=pre-entreno-psychotic-insane-labz-35-servicios#breadcrumb\",\"itemListElement\":[{\"@type\":\"ListItem\",\"position\":1,\"name\":\"Portada\",\"item\":\"https:\/\/teammutantecuador.com\/\"},{\"@type\":\"ListItem\",\"position\":2,\"name\":\"Shop\",\"item\":\"https:\/\/teammutantecuador.com\/?page_id=6\"},{\"@type\":\"ListItem\",\"position\":3,\"name\":\"Pre-entreno Psychotic Insane Labz 35 servicios\"}]},{\"@type\":\"WebSite\",\"@id\":\"https:\/\/teammutantecuador.com\/#website\",\"url\":\"https:\/\/teammutantecuador.com\/\",\"name\":\"Team Mutan Ecuador\",\"description\":\"Just another WordPress site\",\"publisher\":{\"@id\":\"https:\/\/teammutantecuador.com\/#organization\"},\"potentialAction\":[{\"@type\":\"SearchAction\",\"target\":{\"@type\":\"EntryPoint\",\"urlTemplate\":\"https:\/\/teammutantecuador.com\/?s={search_term_string}\"},\"query-input\":{\"@type\":\"PropertyValueSpecification\",\"valueRequired\":true,\"valueName\":\"search_term_string\"}}],\"inLanguage\":\"es\"},{\"@type\":\"Organization\",\"@id\":\"https:\/\/teammutantecuador.com\/#organization\",\"name\":\"Team Mutan Ecuador\",\"url\":\"https:\/\/teammutantecuador.com\/\",\"logo\":{\"@type\":\"ImageObject\",\"inLanguage\":\"es\",\"@id\":\"https:\/\/teammutantecuador.com\/#\/schema\/logo\/image\/\",\"url\":\"https:\/\/teammutantecuador.com\/wp-content\/uploads\/2026\/01\/Diseno-sin-titulo-97.png\",\"contentUrl\":\"https:\/\/teammutantecuador.com\/wp-content\/uploads\/2026\/01\/Diseno-sin-titulo-97.png\",\"width\":500,\"height\":300,\"caption\":\"Team Mutan Ecuador\"},\"image\":{\"@id\":\"https:\/\/teammutantecuador.com\/#\/schema\/logo\/image\/\"}}]}<\/script>\n<!-- \/ Yoast SEO plugin. -->","yoast_head_json":{"title":"Pre-entreno Psychotic Insane Labz 35 servicios - Team Mutan Ecuador","description":"\"Psychotic\" es un suplemento de pre-entrenamiento fabricado por la compa\u00f1\u00eda Insane Labz.","robots":{"index":"index","follow":"follow","max-snippet":"max-snippet:-1","max-image-preview":"max-image-preview:large","max-video-preview":"max-video-preview:-1"},"canonical":"https:\/\/teammutantecuador.com\/?product=pre-entreno-psychotic-insane-labz-35-servicios","og_locale":"es_ES","og_type":"article","og_title":"Pre-entreno Psychotic Insane Labz 35 servicios - Team Mutan Ecuador","og_description":"\"Psychotic\" es un suplemento de pre-entrenamiento fabricado por la compa\u00f1\u00eda Insane Labz.","og_url":"https:\/\/teammutantecuador.com\/?product=pre-entreno-psychotic-insane-labz-35-servicios","og_site_name":"Team Mutan Ecuador","article_modified_time":"2026-04-28T23:24:41+00:00","twitter_card":"summary_large_image","twitter_misc":{"Tiempo de lectura":"3 minutos"},"schema":{"@context":"https:\/\/schema.org","@graph":[{"@type":"WebPage","@id":"https:\/\/teammutantecuador.com\/?product=pre-entreno-psychotic-insane-labz-35-servicios","url":"https:\/\/teammutantecuador.com\/?product=pre-entreno-psychotic-insane-labz-35-servicios","name":"Pre-entreno Psychotic Insane Labz 35 servicios - Team Mutan Ecuador","isPartOf":{"@id":"https:\/\/teammutantecuador.com\/#website"},"datePublished":"2026-01-17T16:04:35+00:00","dateModified":"2026-04-28T23:24:41+00:00","description":"\"Psychotic\" es un suplemento de pre-entrenamiento fabricado por la compa\u00f1\u00eda Insane Labz.","breadcrumb":{"@id":"https:\/\/teammutantecuador.com\/?product=pre-entreno-psychotic-insane-labz-35-servicios#breadcrumb"},"inLanguage":"es","potentialAction":[{"@type":"ReadAction","target":["https:\/\/teammutantecuador.com\/?product=pre-entreno-psychotic-insane-labz-35-servicios"]}]},{"@type":"BreadcrumbList","@id":"https:\/\/teammutantecuador.com\/?product=pre-entreno-psychotic-insane-labz-35-servicios#breadcrumb","itemListElement":[{"@type":"ListItem","position":1,"name":"Portada","item":"https:\/\/teammutantecuador.com\/"},{"@type":"ListItem","position":2,"name":"Shop","item":"https:\/\/teammutantecuador.com\/?page_id=6"},{"@type":"ListItem","position":3,"name":"Pre-entreno Psychotic Insane Labz 35 servicios"}]},{"@type":"WebSite","@id":"https:\/\/teammutantecuador.com\/#website","url":"https:\/\/teammutantecuador.com\/","name":"Team Mutan Ecuador","description":"Just another WordPress site","publisher":{"@id":"https:\/\/teammutantecuador.com\/#organization"},"potentialAction":[{"@type":"SearchAction","target":{"@type":"EntryPoint","urlTemplate":"https:\/\/teammutantecuador.com\/?s={search_term_string}"},"query-input":{"@type":"PropertyValueSpecification","valueRequired":true,"valueName":"search_term_string"}}],"inLanguage":"es"},{"@type":"Organization","@id":"https:\/\/teammutantecuador.com\/#organization","name":"Team Mutan Ecuador","url":"https:\/\/teammutantecuador.com\/","logo":{"@type":"ImageObject","inLanguage":"es","@id":"https:\/\/teammutantecuador.com\/#\/schema\/logo\/image\/","url":"https:\/\/teammutantecuador.com\/wp-content\/uploads\/2026\/01\/Diseno-sin-titulo-97.png","contentUrl":"https:\/\/teammutantecuador.com\/wp-content\/uploads\/2026\/01\/Diseno-sin-titulo-97.png","width":500,"height":300,"caption":"Team Mutan Ecuador"},"image":{"@id":"https:\/\/teammutantecuador.com\/#\/schema\/logo\/image\/"}}]}},"_links":{"self":[{"href":"https:\/\/teammutantecuador.com\/index.php?rest_route=\/wp\/v2\/product\/1659","targetHints":{"allow":["GET"]}}],"collection":[{"href":"https:\/\/teammutantecuador.com\/index.php?rest_route=\/wp\/v2\/product"}],"about":[{"href":"https:\/\/teammutantecuador.com\/index.php?rest_route=\/wp\/v2\/types\/product"}],"replies":[{"embeddable":true,"href":"https:\/\/teammutantecuador.com\/index.php?rest_route=%2Fwp%2Fv2%2Fcomments&post=1659"}],"wp:attachment":[{"href":"https:\/\/teammutantecuador.com\/index.php?rest_route=%2Fwp%2Fv2%2Fmedia&parent=1659"}],"wp:term":[{"taxonomy":"product_brand","embeddable":true,"href":"https:\/\/teammutantecuador.com\/index.php?rest_route=%2Fwp%2Fv2%2Fproduct_brand&post=1659"},{"taxonomy":"product_cat","embeddable":true,"href":"https:\/\/teammutantecuador.com\/index.php?rest_route=%2Fwp%2Fv2%2Fproduct_cat&post=1659"},{"taxonomy":"product_tag","embeddable":true,"href":"https:\/\/teammutantecuador.com\/index.php?rest_route=%2Fwp%2Fv2%2Fproduct_tag&post=1659"}],"curies":[{"name":"wp","href":"https:\/\/api.w.org\/{rel}","templated":true}]}}