{"id":1655,"date":"2026-01-17T16:04:35","date_gmt":"2026-01-17T16:04:35","guid":{"rendered":"https:\/\/teammutantecuador.com\/?post_type=product&#038;p=1655"},"modified":"2026-01-21T11:05:37","modified_gmt":"2026-01-21T11:05:37","slug":"ibuta-mk677-ibutamoren-lawless-labs-45-capsulas","status":"publish","type":"product","link":"https:\/\/teammutantecuador.com\/?product=ibuta-mk677-ibutamoren-lawless-labs-45-capsulas","title":{"rendered":"Ibuta \u2013 MK677 Ibutamoren Lawless Labs 45 capsulas"},"content":{"rendered":"<p>Ibutamoren, tambi\u00e9n conocido como MK-677, es un SARM no esteroideo que se utiliza como un estimulante del crecimiento. Se une selectivamente al receptor de la hormona del crecimiento y aumenta la secreci\u00f3n de la hormona del crecimiento end\u00f3gena, lo que resulta en un aumento de los niveles de IGF-1 (Factor de Crecimiento Insul\u00ednico tipo 1) y una mayor s\u00edntesis de prote\u00ednas.<\/p>\n<p>Se cree que el ibutamoren puede tener varios beneficios para la salud, como mejorar la densidad mineral \u00f3sea, aumentar la masa muscular magra, reducir la grasa corporal y mejorar la funci\u00f3n cognitiva. Adem\u00e1s, el ibutamoren puede ser beneficioso para mejorar la calidad del sue\u00f1o y la recuperaci\u00f3n despu\u00e9s del ejercicio.<\/p>\n<p>Sin embargo, es importante destacar que el ibutamoren a\u00fan no ha sido aprobado por la FDA para su uso humano y su seguridad a largo plazo no ha sido establecida. Adem\u00e1s, como con cualquier sustancia que afecta la funci\u00f3n hormonal, el uso de ibutamoren puede tener efectos secundarios, como retenci\u00f3n de l\u00edquidos, aumento de la presi\u00f3n arterial y alteraciones en los niveles de glucosa en sangre. Es importante hablar con un m\u00e9dico antes de considerar el uso de ibutamoren o cualquier otro SARM.<\/p>\n<h3><span>IBUTA &#8211; MK677<\/span><\/h3>\n<p><strong><span>C\u00e1psulas:<\/span><\/strong><\/p>\n<p><span>25 mg por c\u00e1psula<\/span><\/p>\n<p><span>45 c\u00e1psulas por botella<\/span><\/p>\n","protected":false},"excerpt":{"rendered":"<p>Ibutamoren, tambi\u00e9n conocido como MK-677, es un SARM no esteroideo que se utiliza como un estimulante del crecimiento. Se une selectivamente al receptor de la hormona del crecimiento y aumenta la secreci\u00f3n de la hormona del crecimiento end\u00f3gena,<\/p>\n","protected":false},"featured_media":1832,"comment_status":"open","ping_status":"closed","template":"","meta":[],"product_brand":[263],"product_cat":[170],"product_tag":[264,265,266,171],"class_list":{"0":"post-1655","1":"product","2":"type-product","3":"status-publish","4":"has-post-thumbnail","6":"product_brand-lawless","7":"product_cat-sarms","8":"product_tag-ibutamoren","9":"product_tag-lawless-labs","10":"product_tag-mk677","11":"product_tag-sarms","13":"first","14":"instock","15":"sale","16":"shipping-taxable","17":"purchasable","18":"product-type-simple"},"yoast_head":"<!-- This site is optimized with the Yoast SEO plugin v26.8 - https:\/\/yoast.com\/product\/yoast-seo-wordpress\/ -->\n<title>Ibuta \u2013 MK677 Ibutamoren Lawless Labs 45 capsulas - Team Mutan Ecuador<\/title>\n<meta name=\"description\" content=\"Ibutamoren, tambi\u00e9n conocido como MK-677, es un SARM no esteroideo que se utiliza como un estimulante del crecimiento\" \/>\n<meta name=\"robots\" content=\"index, follow, max-snippet:-1, max-image-preview:large, max-video-preview:-1\" \/>\n<link rel=\"canonical\" href=\"https:\/\/teammutantecuador.com\/?product=ibuta-mk677-ibutamoren-lawless-labs-45-capsulas\" \/>\n<meta property=\"og:locale\" content=\"es_ES\" \/>\n<meta property=\"og:type\" content=\"article\" \/>\n<meta property=\"og:title\" content=\"Ibuta \u2013 MK677 Ibutamoren Lawless Labs 45 capsulas - Team Mutan Ecuador\" \/>\n<meta property=\"og:description\" content=\"Ibutamoren, tambi\u00e9n conocido como MK-677, es un SARM no esteroideo que se utiliza como un estimulante del crecimiento\" \/>\n<meta property=\"og:url\" content=\"https:\/\/teammutantecuador.com\/?product=ibuta-mk677-ibutamoren-lawless-labs-45-capsulas\" \/>\n<meta property=\"og:site_name\" content=\"Team Mutan Ecuador\" \/>\n<meta property=\"article:modified_time\" content=\"2026-01-21T11:05:37+00:00\" \/>\n<meta property=\"og:image\" content=\"https:\/\/teammutantecuador.com\/wp-content\/uploads\/2026\/01\/Primobolan-100-Mg-Mutant-Pharma-32.jpg\" \/>\n\t<meta property=\"og:image:width\" content=\"800\" \/>\n\t<meta property=\"og:image:height\" content=\"800\" \/>\n\t<meta property=\"og:image:type\" content=\"image\/jpeg\" \/>\n<meta name=\"twitter:card\" content=\"summary_large_image\" \/>\n<meta name=\"twitter:label1\" content=\"Tiempo de lectura\" \/>\n\t<meta name=\"twitter:data1\" content=\"1 minuto\" \/>\n<script type=\"application\/ld+json\" class=\"yoast-schema-graph\">{\"@context\":\"https:\/\/schema.org\",\"@graph\":[{\"@type\":\"WebPage\",\"@id\":\"https:\/\/teammutantecuador.com\/?product=ibuta-mk677-ibutamoren-lawless-labs-45-capsulas\",\"url\":\"https:\/\/teammutantecuador.com\/?product=ibuta-mk677-ibutamoren-lawless-labs-45-capsulas\",\"name\":\"Ibuta \u2013 MK677 Ibutamoren Lawless Labs 45 capsulas - Team Mutan Ecuador\",\"isPartOf\":{\"@id\":\"https:\/\/teammutantecuador.com\/#website\"},\"primaryImageOfPage\":{\"@id\":\"https:\/\/teammutantecuador.com\/?product=ibuta-mk677-ibutamoren-lawless-labs-45-capsulas#primaryimage\"},\"image\":{\"@id\":\"https:\/\/teammutantecuador.com\/?product=ibuta-mk677-ibutamoren-lawless-labs-45-capsulas#primaryimage\"},\"thumbnailUrl\":\"https:\/\/teammutantecuador.com\/wp-content\/uploads\/2026\/01\/Primobolan-100-Mg-Mutant-Pharma-32.jpg\",\"datePublished\":\"2026-01-17T16:04:35+00:00\",\"dateModified\":\"2026-01-21T11:05:37+00:00\",\"description\":\"Ibutamoren, tambi\u00e9n conocido como MK-677, es un SARM no esteroideo que se utiliza como un estimulante del crecimiento\",\"breadcrumb\":{\"@id\":\"https:\/\/teammutantecuador.com\/?product=ibuta-mk677-ibutamoren-lawless-labs-45-capsulas#breadcrumb\"},\"inLanguage\":\"es\",\"potentialAction\":[{\"@type\":\"ReadAction\",\"target\":[\"https:\/\/teammutantecuador.com\/?product=ibuta-mk677-ibutamoren-lawless-labs-45-capsulas\"]}]},{\"@type\":\"ImageObject\",\"inLanguage\":\"es\",\"@id\":\"https:\/\/teammutantecuador.com\/?product=ibuta-mk677-ibutamoren-lawless-labs-45-capsulas#primaryimage\",\"url\":\"https:\/\/teammutantecuador.com\/wp-content\/uploads\/2026\/01\/Primobolan-100-Mg-Mutant-Pharma-32.jpg\",\"contentUrl\":\"https:\/\/teammutantecuador.com\/wp-content\/uploads\/2026\/01\/Primobolan-100-Mg-Mutant-Pharma-32.jpg\",\"width\":800,\"height\":800,\"caption\":\"Ibuta \u2013 MK677 Ibutamoren Lawless Labs 45 capsulas\"},{\"@type\":\"BreadcrumbList\",\"@id\":\"https:\/\/teammutantecuador.com\/?product=ibuta-mk677-ibutamoren-lawless-labs-45-capsulas#breadcrumb\",\"itemListElement\":[{\"@type\":\"ListItem\",\"position\":1,\"name\":\"Portada\",\"item\":\"https:\/\/teammutantecuador.com\/\"},{\"@type\":\"ListItem\",\"position\":2,\"name\":\"Shop\",\"item\":\"https:\/\/teammutantecuador.com\/?page_id=6\"},{\"@type\":\"ListItem\",\"position\":3,\"name\":\"Ibuta \u2013 MK677 Ibutamoren Lawless Labs 45 capsulas\"}]},{\"@type\":\"WebSite\",\"@id\":\"https:\/\/teammutantecuador.com\/#website\",\"url\":\"https:\/\/teammutantecuador.com\/\",\"name\":\"Team Mutan Ecuador\",\"description\":\"Just another WordPress site\",\"publisher\":{\"@id\":\"https:\/\/teammutantecuador.com\/#organization\"},\"potentialAction\":[{\"@type\":\"SearchAction\",\"target\":{\"@type\":\"EntryPoint\",\"urlTemplate\":\"https:\/\/teammutantecuador.com\/?s={search_term_string}\"},\"query-input\":{\"@type\":\"PropertyValueSpecification\",\"valueRequired\":true,\"valueName\":\"search_term_string\"}}],\"inLanguage\":\"es\"},{\"@type\":\"Organization\",\"@id\":\"https:\/\/teammutantecuador.com\/#organization\",\"name\":\"Team Mutan Ecuador\",\"url\":\"https:\/\/teammutantecuador.com\/\",\"logo\":{\"@type\":\"ImageObject\",\"inLanguage\":\"es\",\"@id\":\"https:\/\/teammutantecuador.com\/#\/schema\/logo\/image\/\",\"url\":\"https:\/\/teammutantecuador.com\/wp-content\/uploads\/2026\/01\/Diseno-sin-titulo-97.png\",\"contentUrl\":\"https:\/\/teammutantecuador.com\/wp-content\/uploads\/2026\/01\/Diseno-sin-titulo-97.png\",\"width\":500,\"height\":300,\"caption\":\"Team Mutan Ecuador\"},\"image\":{\"@id\":\"https:\/\/teammutantecuador.com\/#\/schema\/logo\/image\/\"}}]}<\/script>\n<!-- \/ Yoast SEO plugin. -->","yoast_head_json":{"title":"Ibuta \u2013 MK677 Ibutamoren Lawless Labs 45 capsulas - Team Mutan Ecuador","description":"Ibutamoren, tambi\u00e9n conocido como MK-677, es un SARM no esteroideo que se utiliza como un estimulante del crecimiento","robots":{"index":"index","follow":"follow","max-snippet":"max-snippet:-1","max-image-preview":"max-image-preview:large","max-video-preview":"max-video-preview:-1"},"canonical":"https:\/\/teammutantecuador.com\/?product=ibuta-mk677-ibutamoren-lawless-labs-45-capsulas","og_locale":"es_ES","og_type":"article","og_title":"Ibuta \u2013 MK677 Ibutamoren Lawless Labs 45 capsulas - Team Mutan Ecuador","og_description":"Ibutamoren, tambi\u00e9n conocido como MK-677, es un SARM no esteroideo que se utiliza como un estimulante del crecimiento","og_url":"https:\/\/teammutantecuador.com\/?product=ibuta-mk677-ibutamoren-lawless-labs-45-capsulas","og_site_name":"Team Mutan Ecuador","article_modified_time":"2026-01-21T11:05:37+00:00","og_image":[{"width":800,"height":800,"url":"https:\/\/teammutantecuador.com\/wp-content\/uploads\/2026\/01\/Primobolan-100-Mg-Mutant-Pharma-32.jpg","type":"image\/jpeg"}],"twitter_card":"summary_large_image","twitter_misc":{"Tiempo de lectura":"1 minuto"},"schema":{"@context":"https:\/\/schema.org","@graph":[{"@type":"WebPage","@id":"https:\/\/teammutantecuador.com\/?product=ibuta-mk677-ibutamoren-lawless-labs-45-capsulas","url":"https:\/\/teammutantecuador.com\/?product=ibuta-mk677-ibutamoren-lawless-labs-45-capsulas","name":"Ibuta \u2013 MK677 Ibutamoren Lawless Labs 45 capsulas - Team Mutan Ecuador","isPartOf":{"@id":"https:\/\/teammutantecuador.com\/#website"},"primaryImageOfPage":{"@id":"https:\/\/teammutantecuador.com\/?product=ibuta-mk677-ibutamoren-lawless-labs-45-capsulas#primaryimage"},"image":{"@id":"https:\/\/teammutantecuador.com\/?product=ibuta-mk677-ibutamoren-lawless-labs-45-capsulas#primaryimage"},"thumbnailUrl":"https:\/\/teammutantecuador.com\/wp-content\/uploads\/2026\/01\/Primobolan-100-Mg-Mutant-Pharma-32.jpg","datePublished":"2026-01-17T16:04:35+00:00","dateModified":"2026-01-21T11:05:37+00:00","description":"Ibutamoren, tambi\u00e9n conocido como MK-677, es un SARM no esteroideo que se utiliza como un estimulante del crecimiento","breadcrumb":{"@id":"https:\/\/teammutantecuador.com\/?product=ibuta-mk677-ibutamoren-lawless-labs-45-capsulas#breadcrumb"},"inLanguage":"es","potentialAction":[{"@type":"ReadAction","target":["https:\/\/teammutantecuador.com\/?product=ibuta-mk677-ibutamoren-lawless-labs-45-capsulas"]}]},{"@type":"ImageObject","inLanguage":"es","@id":"https:\/\/teammutantecuador.com\/?product=ibuta-mk677-ibutamoren-lawless-labs-45-capsulas#primaryimage","url":"https:\/\/teammutantecuador.com\/wp-content\/uploads\/2026\/01\/Primobolan-100-Mg-Mutant-Pharma-32.jpg","contentUrl":"https:\/\/teammutantecuador.com\/wp-content\/uploads\/2026\/01\/Primobolan-100-Mg-Mutant-Pharma-32.jpg","width":800,"height":800,"caption":"Ibuta \u2013 MK677 Ibutamoren Lawless Labs 45 capsulas"},{"@type":"BreadcrumbList","@id":"https:\/\/teammutantecuador.com\/?product=ibuta-mk677-ibutamoren-lawless-labs-45-capsulas#breadcrumb","itemListElement":[{"@type":"ListItem","position":1,"name":"Portada","item":"https:\/\/teammutantecuador.com\/"},{"@type":"ListItem","position":2,"name":"Shop","item":"https:\/\/teammutantecuador.com\/?page_id=6"},{"@type":"ListItem","position":3,"name":"Ibuta \u2013 MK677 Ibutamoren Lawless Labs 45 capsulas"}]},{"@type":"WebSite","@id":"https:\/\/teammutantecuador.com\/#website","url":"https:\/\/teammutantecuador.com\/","name":"Team Mutan Ecuador","description":"Just another WordPress site","publisher":{"@id":"https:\/\/teammutantecuador.com\/#organization"},"potentialAction":[{"@type":"SearchAction","target":{"@type":"EntryPoint","urlTemplate":"https:\/\/teammutantecuador.com\/?s={search_term_string}"},"query-input":{"@type":"PropertyValueSpecification","valueRequired":true,"valueName":"search_term_string"}}],"inLanguage":"es"},{"@type":"Organization","@id":"https:\/\/teammutantecuador.com\/#organization","name":"Team Mutan Ecuador","url":"https:\/\/teammutantecuador.com\/","logo":{"@type":"ImageObject","inLanguage":"es","@id":"https:\/\/teammutantecuador.com\/#\/schema\/logo\/image\/","url":"https:\/\/teammutantecuador.com\/wp-content\/uploads\/2026\/01\/Diseno-sin-titulo-97.png","contentUrl":"https:\/\/teammutantecuador.com\/wp-content\/uploads\/2026\/01\/Diseno-sin-titulo-97.png","width":500,"height":300,"caption":"Team Mutan Ecuador"},"image":{"@id":"https:\/\/teammutantecuador.com\/#\/schema\/logo\/image\/"}}]}},"_links":{"self":[{"href":"https:\/\/teammutantecuador.com\/index.php?rest_route=\/wp\/v2\/product\/1655","targetHints":{"allow":["GET"]}}],"collection":[{"href":"https:\/\/teammutantecuador.com\/index.php?rest_route=\/wp\/v2\/product"}],"about":[{"href":"https:\/\/teammutantecuador.com\/index.php?rest_route=\/wp\/v2\/types\/product"}],"replies":[{"embeddable":true,"href":"https:\/\/teammutantecuador.com\/index.php?rest_route=%2Fwp%2Fv2%2Fcomments&post=1655"}],"wp:featuredmedia":[{"embeddable":true,"href":"https:\/\/teammutantecuador.com\/index.php?rest_route=\/wp\/v2\/media\/1832"}],"wp:attachment":[{"href":"https:\/\/teammutantecuador.com\/index.php?rest_route=%2Fwp%2Fv2%2Fmedia&parent=1655"}],"wp:term":[{"taxonomy":"product_brand","embeddable":true,"href":"https:\/\/teammutantecuador.com\/index.php?rest_route=%2Fwp%2Fv2%2Fproduct_brand&post=1655"},{"taxonomy":"product_cat","embeddable":true,"href":"https:\/\/teammutantecuador.com\/index.php?rest_route=%2Fwp%2Fv2%2Fproduct_cat&post=1655"},{"taxonomy":"product_tag","embeddable":true,"href":"https:\/\/teammutantecuador.com\/index.php?rest_route=%2Fwp%2Fv2%2Fproduct_tag&post=1655"}],"curies":[{"name":"wp","href":"https:\/\/api.w.org\/{rel}","templated":true}]}}