{"id":1654,"date":"2026-01-17T16:04:35","date_gmt":"2026-01-17T16:04:35","guid":{"rendered":"https:\/\/teammutantecuador.com\/?post_type=product&#038;p=1654"},"modified":"2026-04-20T16:28:20","modified_gmt":"2026-04-20T16:28:20","slug":"testolone-rad140-lawless-labs-90-capsulas","status":"publish","type":"product","link":"https:\/\/teammutantecuador.com\/?product=testolone-rad140-lawless-labs-90-capsulas","title":{"rendered":"Testolone \u2013 RAD140 Lawless Labs 90 capsulas"},"content":{"rendered":"<h3><span>Testolona \u2013 RAD140<\/span><\/h3>\n<p><span>La testosterona, tambi\u00e9n conocida como RAD-140, es un SARM o modulador selectivo del receptor de andr\u00f3genos.\u00a0Es poco probable que los tejidos musculares no esquel\u00e9ticos experimenten actividad androg\u00e9nica.\u00a0De hecho, RAD-140 tiene la proporci\u00f3n m\u00e1s alta de actividad anab\u00f3lica a androg\u00e9nica de cualquier SARM descubierto, 90:1.<\/span><\/p>\n<p><span>La testosterona tiene una relaci\u00f3n anab\u00f3lica a androg\u00e9nica de 100:100.\u00a0Esto significa que Testolone es casi tan anab\u00f3lico como la testosterona, mientras que es solo una cent\u00e9sima parte de androg\u00e9nico.\u00a0Esto es bueno porque la mayor\u00eda de los efectos secundarios negativos de la testosterona, como los efectos sobre el h\u00edgado, los ri\u00f1ones y la pr\u00f3stata, son causados \u200b\u200bpor sus efectos androg\u00e9nicos.<\/span><\/p>\n<table class=\"sf-table striped_minimal\">\n<tbody>\n<tr>\n<td><span>Solicitud<\/span><\/td>\n<td><span>Modulador selectivo del receptor de andr\u00f3genos<\/span><\/td>\n<\/tr>\n<tr>\n<td><span>CAS<\/span><\/td>\n<td><a href=\"https:\/\/pubchem.ncbi.nlm.nih.gov\/compound\/Testolone\"><span>1182367-47-0<\/span><\/a><\/td>\n<\/tr>\n<tr>\n<td><span>Masa molar<\/span><\/td>\n<td><span>393,83 g\/mol<\/span><\/td>\n<\/tr>\n<tr>\n<td><span>F\u00f3rmula qu\u00edmica<\/span><\/td>\n<td><span>C\u00a0<\/span><sub><span>20<\/span><\/sub><span>\u00a0H\u00a0<\/span><sub><span>16<\/span><\/sub><span>\u00a0ClN\u00a0<\/span><sub><span>5<\/span><\/sub><span>\u00a0O\u00a0<\/span><sub><span>2<\/span><\/sub><\/td>\n<\/tr>\n<tr>\n<td><span>Almacenamiento<\/span><\/td>\n<td><span>Temperatura ambiente<\/span><\/td>\n<\/tr>\n<tr>\n<td><span>Solubilidad<\/span><\/td>\n<td><span>Soluble en Etanol, PEG400<\/span><\/td>\n<\/tr>\n<tr>\n<td><span>Forma f\u00edsica<\/span><\/td>\n<td><span>Soluci\u00f3n en PEG400 o C\u00e1psula de Gelatina con Harina de Arroz, Estearato de Magnesio y Di\u00f3xido de Silicio<\/span><\/td>\n<\/tr>\n<tr>\n<td><span>Especificaci\u00f3n<\/span><\/td>\n<td><span>20 mg\/mL o por 1 c\u00e1psula |\u00a0Total 30ml o 90 C\u00e1psulas<\/span><\/td>\n<\/tr>\n<\/tbody>\n<\/table>\n","protected":false},"excerpt":{"rendered":"<p>La testosterona, tambi\u00e9n conocida como RAD-140, es un SARM o modulador selectivo del receptor de andr\u00f3genos. Es poco probable que los tejidos musculares no esquel\u00e9ticos experimenten actividad androg\u00e9nica. De hecho, RAD-140 tiene la proporci\u00f3n m\u00e1s alta de actividad anab\u00f3lica a androg\u00e9nica de cualquier SARM<\/p>\n","protected":false},"featured_media":1808,"comment_status":"open","ping_status":"closed","template":"","meta":[],"product_brand":[263],"product_cat":[392],"product_tag":[262,172,243],"class_list":{"0":"post-1654","1":"product","2":"type-product","3":"status-publish","4":"has-post-thumbnail","6":"product_brand-lawless","7":"product_cat-anabolicos","8":"product_tag-lawless-lab","9":"product_tag-rad-140","10":"product_tag-testolone","12":"first","13":"instock","14":"sale","15":"featured","16":"shipping-taxable","17":"purchasable","18":"product-type-simple"},"yoast_head":"<!-- This site is optimized with the Yoast SEO plugin v26.8 - https:\/\/yoast.com\/product\/yoast-seo-wordpress\/ -->\n<title>Testolone \u2013 RAD140 Lawless Labs 90 capsulas - Team Mutan Ecuador<\/title>\n<meta name=\"description\" content=\"La testosterona, tambi\u00e9n conocida como RAD-140, es un SARM o modulador selectivo del receptor de andr\u00f3genos.\" \/>\n<meta name=\"robots\" content=\"index, follow, max-snippet:-1, max-image-preview:large, max-video-preview:-1\" \/>\n<link rel=\"canonical\" href=\"https:\/\/teammutantecuador.com\/?product=testolone-rad140-lawless-labs-90-capsulas\" \/>\n<meta property=\"og:locale\" content=\"es_ES\" \/>\n<meta property=\"og:type\" content=\"article\" \/>\n<meta property=\"og:title\" content=\"Testolone \u2013 RAD140 Lawless Labs 90 capsulas - Team Mutan Ecuador\" \/>\n<meta property=\"og:description\" content=\"La testosterona, tambi\u00e9n conocida como RAD-140, es un SARM o modulador selectivo del receptor de andr\u00f3genos.\" \/>\n<meta property=\"og:url\" content=\"https:\/\/teammutantecuador.com\/?product=testolone-rad140-lawless-labs-90-capsulas\" \/>\n<meta property=\"og:site_name\" content=\"Team Mutan Ecuador\" \/>\n<meta property=\"article:modified_time\" content=\"2026-04-20T16:28:20+00:00\" \/>\n<meta property=\"og:image\" content=\"https:\/\/teammutantecuador.com\/wp-content\/uploads\/2026\/01\/Primobolan-100-Mg-Mutant-Pharma-14.jpg\" \/>\n\t<meta property=\"og:image:width\" content=\"800\" \/>\n\t<meta property=\"og:image:height\" content=\"800\" \/>\n\t<meta property=\"og:image:type\" content=\"image\/jpeg\" \/>\n<meta name=\"twitter:card\" content=\"summary_large_image\" \/>\n<meta name=\"twitter:label1\" content=\"Tiempo de lectura\" \/>\n\t<meta name=\"twitter:data1\" content=\"1 minuto\" \/>\n<script type=\"application\/ld+json\" class=\"yoast-schema-graph\">{\"@context\":\"https:\/\/schema.org\",\"@graph\":[{\"@type\":\"WebPage\",\"@id\":\"https:\/\/teammutantecuador.com\/?product=testolone-rad140-lawless-labs-90-capsulas\",\"url\":\"https:\/\/teammutantecuador.com\/?product=testolone-rad140-lawless-labs-90-capsulas\",\"name\":\"Testolone \u2013 RAD140 Lawless Labs 90 capsulas - Team Mutan Ecuador\",\"isPartOf\":{\"@id\":\"https:\/\/teammutantecuador.com\/#website\"},\"primaryImageOfPage\":{\"@id\":\"https:\/\/teammutantecuador.com\/?product=testolone-rad140-lawless-labs-90-capsulas#primaryimage\"},\"image\":{\"@id\":\"https:\/\/teammutantecuador.com\/?product=testolone-rad140-lawless-labs-90-capsulas#primaryimage\"},\"thumbnailUrl\":\"https:\/\/teammutantecuador.com\/wp-content\/uploads\/2026\/01\/Primobolan-100-Mg-Mutant-Pharma-14.jpg\",\"datePublished\":\"2026-01-17T16:04:35+00:00\",\"dateModified\":\"2026-04-20T16:28:20+00:00\",\"description\":\"La testosterona, tambi\u00e9n conocida como RAD-140, es un SARM o modulador selectivo del receptor de andr\u00f3genos.\",\"breadcrumb\":{\"@id\":\"https:\/\/teammutantecuador.com\/?product=testolone-rad140-lawless-labs-90-capsulas#breadcrumb\"},\"inLanguage\":\"es\",\"potentialAction\":[{\"@type\":\"ReadAction\",\"target\":[\"https:\/\/teammutantecuador.com\/?product=testolone-rad140-lawless-labs-90-capsulas\"]}]},{\"@type\":\"ImageObject\",\"inLanguage\":\"es\",\"@id\":\"https:\/\/teammutantecuador.com\/?product=testolone-rad140-lawless-labs-90-capsulas#primaryimage\",\"url\":\"https:\/\/teammutantecuador.com\/wp-content\/uploads\/2026\/01\/Primobolan-100-Mg-Mutant-Pharma-14.jpg\",\"contentUrl\":\"https:\/\/teammutantecuador.com\/wp-content\/uploads\/2026\/01\/Primobolan-100-Mg-Mutant-Pharma-14.jpg\",\"width\":800,\"height\":800,\"caption\":\"Testolone \u2013 RAD140 Lawless Labs 90 capsulas\"},{\"@type\":\"BreadcrumbList\",\"@id\":\"https:\/\/teammutantecuador.com\/?product=testolone-rad140-lawless-labs-90-capsulas#breadcrumb\",\"itemListElement\":[{\"@type\":\"ListItem\",\"position\":1,\"name\":\"Portada\",\"item\":\"https:\/\/teammutantecuador.com\/\"},{\"@type\":\"ListItem\",\"position\":2,\"name\":\"Shop\",\"item\":\"https:\/\/teammutantecuador.com\/?page_id=6\"},{\"@type\":\"ListItem\",\"position\":3,\"name\":\"Testolone \u2013 RAD140 Lawless Labs 90 capsulas\"}]},{\"@type\":\"WebSite\",\"@id\":\"https:\/\/teammutantecuador.com\/#website\",\"url\":\"https:\/\/teammutantecuador.com\/\",\"name\":\"Team Mutan Ecuador\",\"description\":\"Just another WordPress site\",\"publisher\":{\"@id\":\"https:\/\/teammutantecuador.com\/#organization\"},\"potentialAction\":[{\"@type\":\"SearchAction\",\"target\":{\"@type\":\"EntryPoint\",\"urlTemplate\":\"https:\/\/teammutantecuador.com\/?s={search_term_string}\"},\"query-input\":{\"@type\":\"PropertyValueSpecification\",\"valueRequired\":true,\"valueName\":\"search_term_string\"}}],\"inLanguage\":\"es\"},{\"@type\":\"Organization\",\"@id\":\"https:\/\/teammutantecuador.com\/#organization\",\"name\":\"Team Mutan Ecuador\",\"url\":\"https:\/\/teammutantecuador.com\/\",\"logo\":{\"@type\":\"ImageObject\",\"inLanguage\":\"es\",\"@id\":\"https:\/\/teammutantecuador.com\/#\/schema\/logo\/image\/\",\"url\":\"https:\/\/teammutantecuador.com\/wp-content\/uploads\/2026\/01\/Diseno-sin-titulo-97.png\",\"contentUrl\":\"https:\/\/teammutantecuador.com\/wp-content\/uploads\/2026\/01\/Diseno-sin-titulo-97.png\",\"width\":500,\"height\":300,\"caption\":\"Team Mutan Ecuador\"},\"image\":{\"@id\":\"https:\/\/teammutantecuador.com\/#\/schema\/logo\/image\/\"}}]}<\/script>\n<!-- \/ Yoast SEO plugin. -->","yoast_head_json":{"title":"Testolone \u2013 RAD140 Lawless Labs 90 capsulas - Team Mutan Ecuador","description":"La testosterona, tambi\u00e9n conocida como RAD-140, es un SARM o modulador selectivo del receptor de andr\u00f3genos.","robots":{"index":"index","follow":"follow","max-snippet":"max-snippet:-1","max-image-preview":"max-image-preview:large","max-video-preview":"max-video-preview:-1"},"canonical":"https:\/\/teammutantecuador.com\/?product=testolone-rad140-lawless-labs-90-capsulas","og_locale":"es_ES","og_type":"article","og_title":"Testolone \u2013 RAD140 Lawless Labs 90 capsulas - Team Mutan Ecuador","og_description":"La testosterona, tambi\u00e9n conocida como RAD-140, es un SARM o modulador selectivo del receptor de andr\u00f3genos.","og_url":"https:\/\/teammutantecuador.com\/?product=testolone-rad140-lawless-labs-90-capsulas","og_site_name":"Team Mutan Ecuador","article_modified_time":"2026-04-20T16:28:20+00:00","og_image":[{"width":800,"height":800,"url":"https:\/\/teammutantecuador.com\/wp-content\/uploads\/2026\/01\/Primobolan-100-Mg-Mutant-Pharma-14.jpg","type":"image\/jpeg"}],"twitter_card":"summary_large_image","twitter_misc":{"Tiempo de lectura":"1 minuto"},"schema":{"@context":"https:\/\/schema.org","@graph":[{"@type":"WebPage","@id":"https:\/\/teammutantecuador.com\/?product=testolone-rad140-lawless-labs-90-capsulas","url":"https:\/\/teammutantecuador.com\/?product=testolone-rad140-lawless-labs-90-capsulas","name":"Testolone \u2013 RAD140 Lawless Labs 90 capsulas - Team Mutan Ecuador","isPartOf":{"@id":"https:\/\/teammutantecuador.com\/#website"},"primaryImageOfPage":{"@id":"https:\/\/teammutantecuador.com\/?product=testolone-rad140-lawless-labs-90-capsulas#primaryimage"},"image":{"@id":"https:\/\/teammutantecuador.com\/?product=testolone-rad140-lawless-labs-90-capsulas#primaryimage"},"thumbnailUrl":"https:\/\/teammutantecuador.com\/wp-content\/uploads\/2026\/01\/Primobolan-100-Mg-Mutant-Pharma-14.jpg","datePublished":"2026-01-17T16:04:35+00:00","dateModified":"2026-04-20T16:28:20+00:00","description":"La testosterona, tambi\u00e9n conocida como RAD-140, es un SARM o modulador selectivo del receptor de andr\u00f3genos.","breadcrumb":{"@id":"https:\/\/teammutantecuador.com\/?product=testolone-rad140-lawless-labs-90-capsulas#breadcrumb"},"inLanguage":"es","potentialAction":[{"@type":"ReadAction","target":["https:\/\/teammutantecuador.com\/?product=testolone-rad140-lawless-labs-90-capsulas"]}]},{"@type":"ImageObject","inLanguage":"es","@id":"https:\/\/teammutantecuador.com\/?product=testolone-rad140-lawless-labs-90-capsulas#primaryimage","url":"https:\/\/teammutantecuador.com\/wp-content\/uploads\/2026\/01\/Primobolan-100-Mg-Mutant-Pharma-14.jpg","contentUrl":"https:\/\/teammutantecuador.com\/wp-content\/uploads\/2026\/01\/Primobolan-100-Mg-Mutant-Pharma-14.jpg","width":800,"height":800,"caption":"Testolone \u2013 RAD140 Lawless Labs 90 capsulas"},{"@type":"BreadcrumbList","@id":"https:\/\/teammutantecuador.com\/?product=testolone-rad140-lawless-labs-90-capsulas#breadcrumb","itemListElement":[{"@type":"ListItem","position":1,"name":"Portada","item":"https:\/\/teammutantecuador.com\/"},{"@type":"ListItem","position":2,"name":"Shop","item":"https:\/\/teammutantecuador.com\/?page_id=6"},{"@type":"ListItem","position":3,"name":"Testolone \u2013 RAD140 Lawless Labs 90 capsulas"}]},{"@type":"WebSite","@id":"https:\/\/teammutantecuador.com\/#website","url":"https:\/\/teammutantecuador.com\/","name":"Team Mutan Ecuador","description":"Just another WordPress site","publisher":{"@id":"https:\/\/teammutantecuador.com\/#organization"},"potentialAction":[{"@type":"SearchAction","target":{"@type":"EntryPoint","urlTemplate":"https:\/\/teammutantecuador.com\/?s={search_term_string}"},"query-input":{"@type":"PropertyValueSpecification","valueRequired":true,"valueName":"search_term_string"}}],"inLanguage":"es"},{"@type":"Organization","@id":"https:\/\/teammutantecuador.com\/#organization","name":"Team Mutan Ecuador","url":"https:\/\/teammutantecuador.com\/","logo":{"@type":"ImageObject","inLanguage":"es","@id":"https:\/\/teammutantecuador.com\/#\/schema\/logo\/image\/","url":"https:\/\/teammutantecuador.com\/wp-content\/uploads\/2026\/01\/Diseno-sin-titulo-97.png","contentUrl":"https:\/\/teammutantecuador.com\/wp-content\/uploads\/2026\/01\/Diseno-sin-titulo-97.png","width":500,"height":300,"caption":"Team Mutan Ecuador"},"image":{"@id":"https:\/\/teammutantecuador.com\/#\/schema\/logo\/image\/"}}]}},"_links":{"self":[{"href":"https:\/\/teammutantecuador.com\/index.php?rest_route=\/wp\/v2\/product\/1654","targetHints":{"allow":["GET"]}}],"collection":[{"href":"https:\/\/teammutantecuador.com\/index.php?rest_route=\/wp\/v2\/product"}],"about":[{"href":"https:\/\/teammutantecuador.com\/index.php?rest_route=\/wp\/v2\/types\/product"}],"replies":[{"embeddable":true,"href":"https:\/\/teammutantecuador.com\/index.php?rest_route=%2Fwp%2Fv2%2Fcomments&post=1654"}],"wp:featuredmedia":[{"embeddable":true,"href":"https:\/\/teammutantecuador.com\/index.php?rest_route=\/wp\/v2\/media\/1808"}],"wp:attachment":[{"href":"https:\/\/teammutantecuador.com\/index.php?rest_route=%2Fwp%2Fv2%2Fmedia&parent=1654"}],"wp:term":[{"taxonomy":"product_brand","embeddable":true,"href":"https:\/\/teammutantecuador.com\/index.php?rest_route=%2Fwp%2Fv2%2Fproduct_brand&post=1654"},{"taxonomy":"product_cat","embeddable":true,"href":"https:\/\/teammutantecuador.com\/index.php?rest_route=%2Fwp%2Fv2%2Fproduct_cat&post=1654"},{"taxonomy":"product_tag","embeddable":true,"href":"https:\/\/teammutantecuador.com\/index.php?rest_route=%2Fwp%2Fv2%2Fproduct_tag&post=1654"}],"curies":[{"name":"wp","href":"https:\/\/api.w.org\/{rel}","templated":true}]}}