{"id":1647,"date":"2026-01-17T16:04:35","date_gmt":"2026-01-17T16:04:35","guid":{"rendered":"https:\/\/teammutantecuador.com\/?post_type=product&#038;p=1647"},"modified":"2026-01-20T16:09:37","modified_gmt":"2026-01-20T16:09:37","slug":"durasteston-sustanon-250-mg-landerlan-gold","status":"publish","type":"product","link":"https:\/\/teammutantecuador.com\/?product=durasteston-sustanon-250-mg-landerlan-gold","title":{"rendered":"Durasteston-Sustanon 250 MG Landerlan Gold"},"content":{"rendered":"<p><strong>Durateston-Sustanon<\/strong> 250 mg <strong>Landerlan Gold<\/strong>\u00a0es un esteroide muy popular, el cual es altamente valorado por sus usuarios debido a que ofrece muchas ventajas comparado con los otros compuestos de <strong>testosterona<\/strong>.<\/p>\n<p>El <strong>Durateston-Sustanon<\/strong> 250 mg Landerlan Gold es una mezcla de cuatro testosteronas diferentes que, debido a una composici\u00f3n bien elaborada, tiene un efecto sin\u00e9rgico.<\/p>\n<p>Esto tiene dos caracter\u00edsticas positivas para el atleta:<\/p>\n<p>Debido al efecto de combinaci\u00f3n especial de los compuestos, el <strong>Sustanon 250 mg Landerlan Gold,<\/strong> miligramo por miligramo, tiene un mejor efecto que el <a href=\"https:\/\/quitofitness.com\/producto\/testenat-depot-enantato-de-testosterona-250mg-10ml-landerlan-gold\/\"><strong>enantato de testosterona<\/strong><\/a>, el<a href=\"https:\/\/quitofitness.com\/producto\/testoland-depot-200mg-3-ampollas-x-2ml-cipionato-de-testosterona\/\"><strong> cypionato<\/strong><\/a>, y el <a href=\"https:\/\/quitofitness.com\/producto\/testosterona-propionato-100-mg-amp-x-10ml-landerland\/\"><strong>propionato<\/strong><\/a> exclusivamente.<\/p>\n<p>Segundo, el efecto de las cuatro testosteronas es liberado poco a poco a lo largo del tiempo, por lo que el <strong>Sustanon<\/strong> entra r\u00e1pidamente en el sistema del atleta y surte efecto durante varias semanas. Debido al propionato incluido en el esteroide, el <strong>Sustanon<\/strong> es efectivo desde el primer d\u00eda, y debido al decanoato incluido en el compuesto, permanece activo durante 3 \u2013 4 semanas.<\/p>\n<p>Con este compuesto ocurre un r\u00e1pido aumento en fuerza y peso corporal. Los atletas que usan <strong>Sustanon<\/strong> informan un crecimiento muscular s\u00f3lido debido a que este compuesto produce menos retenci\u00f3n de agua y tambi\u00e9n aromatiza menos que otros \u00e9steres como el enantato de testosterona o el cypionato.<\/p>\n<p>De hecho, muchos f\u00edsicoculturistas que usan testosterona y luchan contra la notable retenci\u00f3n de agua y un nivel de estr\u00f3genos elevado prefieren el <strong>Sustanon<\/strong> en lugar de otras testosteronas Depot.<\/p>\n<p>&nbsp;<\/p>\n<h2><strong>DOSIFICACI\u00d3N RECOMENDABLE<\/strong><\/h2>\n<p>El Durateston-Sustanon 250 mg <strong>Landerlan Gold<\/strong> normalmente se inyecta por lo menos una vez a la semana, lo cual puede llevarse a 10 d\u00edas. La dosificaci\u00f3n en fisicoculturismo y en halterofilia va de 250 mg a 500 mg cada 7 d\u00edas.<\/p>\n<p>Una dosificaci\u00f3n de 500 mg\/sem es m\u00e1s que suficiente para la mayor\u00eda y puede reducirse generalmente a 250 mg\/sem combin\u00e1ndolo con un esteroide oral u otro esteroide principalmente anab\u00f3lico.<\/p>\n<p>El <strong>Sustanon 250 mg<\/strong> Good Muscles es bien tolerado como un esteroide b\u00e1sico durante el tratamiento, porque estimula la regeneraci\u00f3n y le da suficiente \u201cempuje\u201d al atleta para tolerar intensas sesiones de entrenamiento, adem\u00e1s de la ventaja ya mencionada, el r\u00e1pido aumento de fuerza y ganancia muscular lo hacen ser un compuesto destacado.<\/p>\n<h2><\/h2>\n<h3><strong>PILAS QUE VAN BIEN CON SUSTANON<\/strong><\/h3>\n<p>Para ganar masa muscular r\u00e1pidamente el Sustanon se combina a menudo con\u00a0<a href=\"https:\/\/quitofitness.com\/producto\/decaland-depot-200mg-decanoato-de-nandrolona-200mg-ml-x-10ml\/\"><strong>Decadurabolin<\/strong><\/a>,\u00a0<strong>Dianabol<\/strong><a href=\"https:\/\/quitofitness.com\/producto\/dianabol-metandrostenolona-10-mg\/\">Dianabol Metandrostenolona 10 mg Landerlan<\/a>\u00a0(D-bol) o Anadrol. Mientras que los atletas que buscan m\u00e1s la calidad y no el volumen prefieren combinarlo con\u00a0<a href=\"https:\/\/quitofitness.com\/producto\/trembolona-enantato-200mg-ml-10ml-landerlan-gold\/\"><strong>Trembolona<\/strong><\/a>,\u00a0<strong>Winstrol<\/strong>,\u00a0<a href=\"https:\/\/quitofitness.com\/producto\/oxandroland-oxandrolona-de-10mg-50-pastillas\/\"><strong>Oxandrolona<\/strong><\/a>\u00a0o\u00a0<a href=\"https:\/\/quitofitness.com\/producto\/primobolan-metenolona-enantato-100mg-10ml-landerlan\/\">Primobolan<\/a>.<\/p>\n<p>Aunque el Sustanon no aromatiza excesivamente cuando es usado en una dosificaci\u00f3n razonable muchas personas, adem\u00e1s, tambi\u00e9n toman un antiestrog\u00e9nico como\u00a0<strong>Nolvadex<\/strong>\u00a0y\/o\u00a0<strong>Proviron<\/strong>\u00a0para prevenir posibles efectos secundarios estr\u00f3geno-relacionados.<\/p>\n<p>Puesto que el Durateston-Sustanon 250 mg Landerlan Gold\u00a0suprime la producci\u00f3n de testosterona end\u00f3gena, debe ser considerada la ingesta de\u00a0<strong>HCG<\/strong>\u00a0y\u00a0<strong>Clomid\u00a0<\/strong>despu\u00e9s de seis semanas de uso o al final del tratamiento.<\/p>\n<p>Se recomienda que las mujeres no tomen testosteronas depot, debido a que el nivel de andr\u00f3genos aumentar\u00eda fuertemente y esto podr\u00eda originar signos de virilizaci\u00f3n.<\/p>\n<p>A pesar de eso, no es raro que las atletas competitivas de las clases pesadas tomen testosterona para seguir siendo \u201ccompetitivas\u201d. Las mujeres que usen \u201cTesto\u201d o a quienes les gustar\u00eda probarla deben limitar su uso a solamente el propionato de testosterona o inyectarse un m\u00e1ximo de 250 mg de <strong>Sustanon<\/strong> cada 10 -14 d\u00edas por un periodo no m\u00e1s largo de seis semanas.<\/p>\n<p>Los efectos secundarios del Sustanon son similares a los del enantato de testosterona s\u00f3lo que normalmente son menos frecuentes y menos severos.<\/p>\n","protected":false},"excerpt":{"rendered":"<p>Durateston-Sustanon 250 mg Landerlan Gold\u00a0es un esteroide muy popular, el cual es altamente valorado por sus usuarios debido a que ofrece muchas ventajas comparado con los otros compuestos de testosterona.<\/p>\n<p>El Durateston-Sustanon 250 mg Landerlan Gold es una mezcla de cuatro testosteronas diferentes que, debido a una composici\u00f3n bien elaborada, tiene un efecto sin\u00e9rgico.<\/p>\n","protected":false},"featured_media":1777,"comment_status":"open","ping_status":"closed","template":"","meta":[],"product_brand":[251],"product_cat":[392],"product_tag":[153,254,157],"class_list":{"0":"post-1647","1":"product","2":"type-product","3":"status-publish","4":"has-post-thumbnail","6":"product_brand-landerlan","7":"product_cat-anabolicos","8":"product_tag-anabolicos","9":"product_tag-landerland-gold","10":"product_tag-sustanon","12":"first","13":"instock","14":"sale","15":"shipping-taxable","16":"purchasable","17":"product-type-simple"},"yoast_head":"<!-- This site is optimized with the Yoast SEO plugin v26.8 - https:\/\/yoast.com\/product\/yoast-seo-wordpress\/ -->\n<title>Durasteston-Sustanon 250 MG Landerlan Gold - Team Mutan Ecuador<\/title>\n<meta name=\"description\" content=\"Durateston-Sustanon 250 mg Landerlan Gold\u00a0es un esteroide muy popular, el cual es altamente valorado por sus usuarios debido a que ofrece muchas ventajas comparado con los otros compuestos de testosterona\" \/>\n<meta name=\"robots\" content=\"index, follow, max-snippet:-1, max-image-preview:large, max-video-preview:-1\" \/>\n<link rel=\"canonical\" href=\"https:\/\/teammutantecuador.com\/?product=durasteston-sustanon-250-mg-landerlan-gold\" \/>\n<meta property=\"og:locale\" content=\"es_ES\" \/>\n<meta property=\"og:type\" content=\"article\" \/>\n<meta property=\"og:title\" content=\"Durasteston-Sustanon 250 MG Landerlan Gold - Team Mutan Ecuador\" \/>\n<meta property=\"og:description\" content=\"Durateston-Sustanon 250 mg Landerlan Gold\u00a0es un esteroide muy popular, el cual es altamente valorado por sus usuarios debido a que ofrece muchas ventajas comparado con los otros compuestos de testosterona\" \/>\n<meta property=\"og:url\" content=\"https:\/\/teammutantecuador.com\/?product=durasteston-sustanon-250-mg-landerlan-gold\" \/>\n<meta property=\"og:site_name\" content=\"Team Mutan Ecuador\" \/>\n<meta property=\"article:modified_time\" content=\"2026-01-20T16:09:37+00:00\" \/>\n<meta property=\"og:image\" content=\"https:\/\/teammutantecuador.com\/wp-content\/uploads\/2026\/01\/Primobolan-100-Mg-Mutant-Pharma-6.jpg\" \/>\n\t<meta property=\"og:image:width\" content=\"800\" \/>\n\t<meta property=\"og:image:height\" content=\"800\" \/>\n\t<meta property=\"og:image:type\" content=\"image\/jpeg\" \/>\n<meta name=\"twitter:card\" content=\"summary_large_image\" \/>\n<meta name=\"twitter:label1\" content=\"Tiempo de lectura\" \/>\n\t<meta name=\"twitter:data1\" content=\"3 minutos\" \/>\n<script type=\"application\/ld+json\" class=\"yoast-schema-graph\">{\"@context\":\"https:\/\/schema.org\",\"@graph\":[{\"@type\":\"WebPage\",\"@id\":\"https:\/\/teammutantecuador.com\/?product=durasteston-sustanon-250-mg-landerlan-gold\",\"url\":\"https:\/\/teammutantecuador.com\/?product=durasteston-sustanon-250-mg-landerlan-gold\",\"name\":\"Durasteston-Sustanon 250 MG Landerlan Gold - Team Mutan Ecuador\",\"isPartOf\":{\"@id\":\"https:\/\/teammutantecuador.com\/#website\"},\"primaryImageOfPage\":{\"@id\":\"https:\/\/teammutantecuador.com\/?product=durasteston-sustanon-250-mg-landerlan-gold#primaryimage\"},\"image\":{\"@id\":\"https:\/\/teammutantecuador.com\/?product=durasteston-sustanon-250-mg-landerlan-gold#primaryimage\"},\"thumbnailUrl\":\"https:\/\/teammutantecuador.com\/wp-content\/uploads\/2026\/01\/Primobolan-100-Mg-Mutant-Pharma-6.jpg\",\"datePublished\":\"2026-01-17T16:04:35+00:00\",\"dateModified\":\"2026-01-20T16:09:37+00:00\",\"description\":\"Durateston-Sustanon 250 mg Landerlan Gold\u00a0es un esteroide muy popular, el cual es altamente valorado por sus usuarios debido a que ofrece muchas ventajas comparado con los otros compuestos de testosterona\",\"breadcrumb\":{\"@id\":\"https:\/\/teammutantecuador.com\/?product=durasteston-sustanon-250-mg-landerlan-gold#breadcrumb\"},\"inLanguage\":\"es\",\"potentialAction\":[{\"@type\":\"ReadAction\",\"target\":[\"https:\/\/teammutantecuador.com\/?product=durasteston-sustanon-250-mg-landerlan-gold\"]}]},{\"@type\":\"ImageObject\",\"inLanguage\":\"es\",\"@id\":\"https:\/\/teammutantecuador.com\/?product=durasteston-sustanon-250-mg-landerlan-gold#primaryimage\",\"url\":\"https:\/\/teammutantecuador.com\/wp-content\/uploads\/2026\/01\/Primobolan-100-Mg-Mutant-Pharma-6.jpg\",\"contentUrl\":\"https:\/\/teammutantecuador.com\/wp-content\/uploads\/2026\/01\/Primobolan-100-Mg-Mutant-Pharma-6.jpg\",\"width\":800,\"height\":800,\"caption\":\"Durasteston-Sustanon 250 MG Landerlan Gold\"},{\"@type\":\"BreadcrumbList\",\"@id\":\"https:\/\/teammutantecuador.com\/?product=durasteston-sustanon-250-mg-landerlan-gold#breadcrumb\",\"itemListElement\":[{\"@type\":\"ListItem\",\"position\":1,\"name\":\"Portada\",\"item\":\"https:\/\/teammutantecuador.com\/\"},{\"@type\":\"ListItem\",\"position\":2,\"name\":\"Shop\",\"item\":\"https:\/\/teammutantecuador.com\/?page_id=6\"},{\"@type\":\"ListItem\",\"position\":3,\"name\":\"Durasteston-Sustanon 250 MG Landerlan Gold\"}]},{\"@type\":\"WebSite\",\"@id\":\"https:\/\/teammutantecuador.com\/#website\",\"url\":\"https:\/\/teammutantecuador.com\/\",\"name\":\"Team Mutan Ecuador\",\"description\":\"Just another WordPress site\",\"publisher\":{\"@id\":\"https:\/\/teammutantecuador.com\/#organization\"},\"potentialAction\":[{\"@type\":\"SearchAction\",\"target\":{\"@type\":\"EntryPoint\",\"urlTemplate\":\"https:\/\/teammutantecuador.com\/?s={search_term_string}\"},\"query-input\":{\"@type\":\"PropertyValueSpecification\",\"valueRequired\":true,\"valueName\":\"search_term_string\"}}],\"inLanguage\":\"es\"},{\"@type\":\"Organization\",\"@id\":\"https:\/\/teammutantecuador.com\/#organization\",\"name\":\"Team Mutan Ecuador\",\"url\":\"https:\/\/teammutantecuador.com\/\",\"logo\":{\"@type\":\"ImageObject\",\"inLanguage\":\"es\",\"@id\":\"https:\/\/teammutantecuador.com\/#\/schema\/logo\/image\/\",\"url\":\"https:\/\/teammutantecuador.com\/wp-content\/uploads\/2026\/01\/Diseno-sin-titulo-97.png\",\"contentUrl\":\"https:\/\/teammutantecuador.com\/wp-content\/uploads\/2026\/01\/Diseno-sin-titulo-97.png\",\"width\":500,\"height\":300,\"caption\":\"Team Mutan Ecuador\"},\"image\":{\"@id\":\"https:\/\/teammutantecuador.com\/#\/schema\/logo\/image\/\"}}]}<\/script>\n<!-- \/ Yoast SEO plugin. -->","yoast_head_json":{"title":"Durasteston-Sustanon 250 MG Landerlan Gold - Team Mutan Ecuador","description":"Durateston-Sustanon 250 mg Landerlan Gold\u00a0es un esteroide muy popular, el cual es altamente valorado por sus usuarios debido a que ofrece muchas ventajas comparado con los otros compuestos de testosterona","robots":{"index":"index","follow":"follow","max-snippet":"max-snippet:-1","max-image-preview":"max-image-preview:large","max-video-preview":"max-video-preview:-1"},"canonical":"https:\/\/teammutantecuador.com\/?product=durasteston-sustanon-250-mg-landerlan-gold","og_locale":"es_ES","og_type":"article","og_title":"Durasteston-Sustanon 250 MG Landerlan Gold - Team Mutan Ecuador","og_description":"Durateston-Sustanon 250 mg Landerlan Gold\u00a0es un esteroide muy popular, el cual es altamente valorado por sus usuarios debido a que ofrece muchas ventajas comparado con los otros compuestos de testosterona","og_url":"https:\/\/teammutantecuador.com\/?product=durasteston-sustanon-250-mg-landerlan-gold","og_site_name":"Team Mutan Ecuador","article_modified_time":"2026-01-20T16:09:37+00:00","og_image":[{"width":800,"height":800,"url":"https:\/\/teammutantecuador.com\/wp-content\/uploads\/2026\/01\/Primobolan-100-Mg-Mutant-Pharma-6.jpg","type":"image\/jpeg"}],"twitter_card":"summary_large_image","twitter_misc":{"Tiempo de lectura":"3 minutos"},"schema":{"@context":"https:\/\/schema.org","@graph":[{"@type":"WebPage","@id":"https:\/\/teammutantecuador.com\/?product=durasteston-sustanon-250-mg-landerlan-gold","url":"https:\/\/teammutantecuador.com\/?product=durasteston-sustanon-250-mg-landerlan-gold","name":"Durasteston-Sustanon 250 MG Landerlan Gold - Team Mutan Ecuador","isPartOf":{"@id":"https:\/\/teammutantecuador.com\/#website"},"primaryImageOfPage":{"@id":"https:\/\/teammutantecuador.com\/?product=durasteston-sustanon-250-mg-landerlan-gold#primaryimage"},"image":{"@id":"https:\/\/teammutantecuador.com\/?product=durasteston-sustanon-250-mg-landerlan-gold#primaryimage"},"thumbnailUrl":"https:\/\/teammutantecuador.com\/wp-content\/uploads\/2026\/01\/Primobolan-100-Mg-Mutant-Pharma-6.jpg","datePublished":"2026-01-17T16:04:35+00:00","dateModified":"2026-01-20T16:09:37+00:00","description":"Durateston-Sustanon 250 mg Landerlan Gold\u00a0es un esteroide muy popular, el cual es altamente valorado por sus usuarios debido a que ofrece muchas ventajas comparado con los otros compuestos de testosterona","breadcrumb":{"@id":"https:\/\/teammutantecuador.com\/?product=durasteston-sustanon-250-mg-landerlan-gold#breadcrumb"},"inLanguage":"es","potentialAction":[{"@type":"ReadAction","target":["https:\/\/teammutantecuador.com\/?product=durasteston-sustanon-250-mg-landerlan-gold"]}]},{"@type":"ImageObject","inLanguage":"es","@id":"https:\/\/teammutantecuador.com\/?product=durasteston-sustanon-250-mg-landerlan-gold#primaryimage","url":"https:\/\/teammutantecuador.com\/wp-content\/uploads\/2026\/01\/Primobolan-100-Mg-Mutant-Pharma-6.jpg","contentUrl":"https:\/\/teammutantecuador.com\/wp-content\/uploads\/2026\/01\/Primobolan-100-Mg-Mutant-Pharma-6.jpg","width":800,"height":800,"caption":"Durasteston-Sustanon 250 MG Landerlan Gold"},{"@type":"BreadcrumbList","@id":"https:\/\/teammutantecuador.com\/?product=durasteston-sustanon-250-mg-landerlan-gold#breadcrumb","itemListElement":[{"@type":"ListItem","position":1,"name":"Portada","item":"https:\/\/teammutantecuador.com\/"},{"@type":"ListItem","position":2,"name":"Shop","item":"https:\/\/teammutantecuador.com\/?page_id=6"},{"@type":"ListItem","position":3,"name":"Durasteston-Sustanon 250 MG Landerlan Gold"}]},{"@type":"WebSite","@id":"https:\/\/teammutantecuador.com\/#website","url":"https:\/\/teammutantecuador.com\/","name":"Team Mutan Ecuador","description":"Just another WordPress site","publisher":{"@id":"https:\/\/teammutantecuador.com\/#organization"},"potentialAction":[{"@type":"SearchAction","target":{"@type":"EntryPoint","urlTemplate":"https:\/\/teammutantecuador.com\/?s={search_term_string}"},"query-input":{"@type":"PropertyValueSpecification","valueRequired":true,"valueName":"search_term_string"}}],"inLanguage":"es"},{"@type":"Organization","@id":"https:\/\/teammutantecuador.com\/#organization","name":"Team Mutan Ecuador","url":"https:\/\/teammutantecuador.com\/","logo":{"@type":"ImageObject","inLanguage":"es","@id":"https:\/\/teammutantecuador.com\/#\/schema\/logo\/image\/","url":"https:\/\/teammutantecuador.com\/wp-content\/uploads\/2026\/01\/Diseno-sin-titulo-97.png","contentUrl":"https:\/\/teammutantecuador.com\/wp-content\/uploads\/2026\/01\/Diseno-sin-titulo-97.png","width":500,"height":300,"caption":"Team Mutan Ecuador"},"image":{"@id":"https:\/\/teammutantecuador.com\/#\/schema\/logo\/image\/"}}]}},"_links":{"self":[{"href":"https:\/\/teammutantecuador.com\/index.php?rest_route=\/wp\/v2\/product\/1647","targetHints":{"allow":["GET"]}}],"collection":[{"href":"https:\/\/teammutantecuador.com\/index.php?rest_route=\/wp\/v2\/product"}],"about":[{"href":"https:\/\/teammutantecuador.com\/index.php?rest_route=\/wp\/v2\/types\/product"}],"replies":[{"embeddable":true,"href":"https:\/\/teammutantecuador.com\/index.php?rest_route=%2Fwp%2Fv2%2Fcomments&post=1647"}],"wp:featuredmedia":[{"embeddable":true,"href":"https:\/\/teammutantecuador.com\/index.php?rest_route=\/wp\/v2\/media\/1777"}],"wp:attachment":[{"href":"https:\/\/teammutantecuador.com\/index.php?rest_route=%2Fwp%2Fv2%2Fmedia&parent=1647"}],"wp:term":[{"taxonomy":"product_brand","embeddable":true,"href":"https:\/\/teammutantecuador.com\/index.php?rest_route=%2Fwp%2Fv2%2Fproduct_brand&post=1647"},{"taxonomy":"product_cat","embeddable":true,"href":"https:\/\/teammutantecuador.com\/index.php?rest_route=%2Fwp%2Fv2%2Fproduct_cat&post=1647"},{"taxonomy":"product_tag","embeddable":true,"href":"https:\/\/teammutantecuador.com\/index.php?rest_route=%2Fwp%2Fv2%2Fproduct_tag&post=1647"}],"curies":[{"name":"wp","href":"https:\/\/api.w.org\/{rel}","templated":true}]}}