{"id":1646,"date":"2026-01-17T16:04:35","date_gmt":"2026-01-17T16:04:35","guid":{"rendered":"https:\/\/teammutantecuador.com\/?post_type=product&#038;p=1646"},"modified":"2026-01-20T16:26:56","modified_gmt":"2026-01-20T16:26:56","slug":"sales-de-trembolona-200mg-ml-landerland-gold","status":"publish","type":"product","link":"https:\/\/teammutantecuador.com\/?product=sales-de-trembolona-200mg-ml-landerland-gold","title":{"rendered":"Sales de  Trembolona 200mg\/mL Landerland Gold"},"content":{"rendered":"<p><strong>Que son las sales de Trembolona?<\/strong>\u00a0Es un medicamento con una mezcla de esteroide muy potente que contiene tres compuestos activos \u00a0de trembolona incluyen\u00a0 <strong>Trembolona<\/strong> acetato, <strong>Trembolona Enantato<\/strong> y <strong>Trembolona Hexahidrobencilcarbonato<\/strong> el cual pertenecen al grupo de los Andr\u00f3genos.\u00a0La presencia de dos versiones de base larga \u00e9ster\u00a0de enantato y Hexahidrobencilcarbonato hace que el esteroide posea una acci\u00f3n relativamente lenta. La Trembolona es la encargada b\u00e1sicamente de desarrollar y mantener al organismo en recuperaci\u00f3n de procesos catab\u00f3licos debilitantes y coadyuvar varios sistemas entre ellos el muscular.<\/p>\n<p>Cada\u00a0<strong>1 ml<\/strong>. de Soluci\u00f3n Oleosa Inyectable contiene:<\/p>\n<p>Trembolona acetato \u2013 50 mg<strong>.<br \/>\n<\/strong>Trembolona hexahidroxibencil carbonato \u2013 50 mg<br \/>\nTrembolona enantato \u2013 100 mg<br \/>\nExcipientes \u2013 cs.<strong>\u00a0<\/strong><\/p>\n<p>&nbsp;<\/p>\n<p><strong>Como act\u00faa este medicamento?\u00a0<\/strong>Act\u00faa activando sus propiedades anti-catab\u00f3licas muy selectivas, ayudando a mantener los valores de prote\u00ednas en el organismo, aumentando la eritropoyesis y subiendo el estado de conservaci\u00f3n y desarrollo del sistema muscular adem\u00e1s de regular las grasas.<\/p>\n<p><strong>Para que sirve este medicamento?\u00a0<\/strong>Para el tratamiento de todos los cuadros relacionados a transtornos del compromiso general, es un f\u00e1rmaco ideal para estados de convalecencia, para quemados o debilitados y sobre todo para prevenir la atrofia muscular. Tambi\u00e9n tiene actividad hormonal y funcional en el hombre. Sirve adem\u00e1s para tratar a otras enfermedades cr\u00f3nicas depauperantes y debilitantes.<\/p>\n<p><strong>Quienes deben tener cuidado de usar este medicamento?<\/strong><\/p>\n<p>-Aquellas personas con enfermedades del coraz\u00f3n, presi\u00f3n alta, tumores, \u00a0c\u00e1ncer de mamas y pr\u00f3stata, hiperplasia prost\u00e1tica , transtornos de la conducta , problemas \u00a0del h\u00edgado,\u00a0 mala funci\u00f3n\u00a0 de ri\u00f1ones, calcio desequilibrado en sangre, tiroides., acn\u00e9, piel excesivamente grasa, cuadros respiratorios severos o cr\u00f3nicos. En especial en las mujeres por su acci\u00f3n hormonal se encuentra prohibida y contraindicada. Tambi\u00e9n los ni\u00f1os, adolescentes y personas \u00a0\u00a0de la tercera edad. Embarazadas y las que dan de lactar ya que es potencialmente riesgoso. No se debe administrar a quienes reciben otros tratamientos inmuno-debilitantes, deben consultarse necesariamente con el m\u00e9dico.<\/p>\n<p><strong>ACCION TERAPEUTICA:\u00a0Anticatab\u00f3lico<\/strong>, Malnutrici\u00f3n, Caquexia, Decaimiento F\u00edsico., Debilidad y compromiso general, Quemados en recuperaci\u00f3n, prevenci\u00f3n de Atrofia muscular, Regulador selectivo de grasa, Activador del ciclo metab\u00f3lico, Incrementa la masa magra, Incremento de dureza, definici\u00f3n y fuerza muscular, Incremento de Eritropoyesis<\/p>\n<p><strong>POSOLOGIA<\/strong><\/p>\n<p>Dosis recomendada de las sales de <strong>trembolona<\/strong> 150 mg o seg\u00fan criterio m\u00e9dico.<\/p>\n<p><strong>MECANISMOS DE ACCION\u00a0<\/strong>La Trembolona es una sustancia que pertenece al grupo de los xenobioticos no estilbenos, por lo tanto es una hormona sint\u00e9tica derivada de la Nortestosterona siendo de esa manera un derivado modificado de la Nandrolona y se diferencia de esta por incluir dos enlaces de caracter\u00edsticas dobles en los Carbonos 9 y 11, lo cual inhibe su aromatizaci\u00f3n tan caracter\u00edstica de este tipo de hormonas (9-en), aumentando su afinidad androg\u00e9nica y enlenteciendo su metabolismo. A nivel del enlace C9 y C10 inhibe la actividad Estrog\u00e9nica, aunque parece que esta sustancia mismo no se anula metab\u00f3licamente ya que esos compuestos son necesarios para que \u00a0se convierta en Estr\u00f3geno, entonces el esteroide final (Trembolona) es 3 veces m\u00e1s potente en su acci\u00f3n\u00a0 anabolizante como androg\u00e9nica que la nandrolona base. La Trembolona al no aromatizarse en el cuerpo deja de ser Estrog\u00e9nica presentando mayor afinidad por los receptores de la Progesterona, por lo tanto los beneficios se demuestran en que los efectos colaterales por la aromatizaci\u00f3n del Estr\u00f3geno pr\u00e1cticamente no est\u00e1n presentes y porque la Trembolona ya modificada sigue actuando como un f\u00e1rmaco de masa, fuerza y definici\u00f3n muscular altamente potente mucho m\u00e1s a\u00fan que la Testosterona. Pero lo m\u00e1s llamativo es que por sus caracter\u00edsticas esteroideas la Trembolona alcanza una mayor cantidad de tiempo dentro del organismo despu\u00e9s de su administraci\u00f3n, adem\u00e1s del fuerte impacto que tiene sobre la testosterona end\u00f3gena, es m\u00e1s seguro usar f\u00e1rmacos como el HCG despu\u00e9s de terminar un ciclo de tratamiento ya que sin el uso de este tipo de f\u00e1rmacos podr\u00eda durar mucho tiempo la nivelaci\u00f3n hormonal a nivel testicular de la gonadotrofinas end\u00f3genas<\/p>\n<p><strong>EFECTOS BIOLOGICOS ADVERSOS DE LA TREMBOLONA EN GENERAL:<\/strong>\u00a0Mujer: Virilizacion severa, Laringe: Crecimiento y alargamiento de las cuerdas vocales, Piel:\u00a0Estimula la producci\u00f3n de grasa y Acn\u00e9,\u00a0Pr\u00f3stata: Estimula su crecimiento (HBP), Cerebro: Inhibici\u00f3n temporal de centros \u00a0\u00a0\u00a0respiratorios especialmente al momento de la administraci\u00f3n (Tren Cough), Transtornos sexuales y de la reproducci\u00f3n por altos niveles de Prolactina, Incremento de agresividad (raro)<\/p>\n<p><strong>ADVERTENCIAS y PRECAUCIONES:\u00a0<\/strong>No debe usarse por periodos prolongados. No administrar en pacientes con otros tratamientos. No consumir alcohol simult\u00e1neamente. \u00a0No exceder las dosis. Mantener fuera del alcance de los ni\u00f1os administrar con precauci\u00f3n a pacientes al\u00e9rgicos o sensibles a este medicamento o sus componentes.<\/p>\n<p>ATENCION!! \u00a0NO se han descrito advertencias para los deportistas, pero se informa que este medicamento contiene un componente que en un examen antidoping puede dar el resultado como POSITIVO (+).<\/p>\n<p><strong>REACCIONES ADVERSAS:\u00a0<\/strong>La aparici\u00f3n de reacciones adversas pueden ser; Virilizacion en mujeres (aumento de tono de voz, hirsutismo, hipertrofia de cl\u00edtoris, irregularidades menstruales, amenorrea. engrosamiento de la piel y otros) En adultos Acn\u00e9, Policitemia moderada y obstrucci\u00f3n por Hiperplasia Prost\u00e1tica, Hepatopat\u00edas (Icterias Colestasicas). Carcinoma Hep\u00e1tico, C\u00e1ncer de Pr\u00f3stata Retenci\u00f3n Hidrosalina leve, Hipertensi\u00f3n Arterial. En los varones peque\u00f1os y leves efectos feminizantes, (Ginecomastia leve, disminuci\u00f3n de la Libido, probables transtornos de la erecci\u00f3n e impotencia de tipo androg\u00e9nico) especialmente al terminar el ciclo de administraci\u00f3n. Alteraciones hormonales en Tiroides. Nefropat\u00edas y alteraci\u00f3n de las Suprarrenales.<\/p>\n<p><strong>INTERACCIONES MEDICAMENTOSAS:\u00a0<\/strong>Barbit\u00faricos: Inductores enzim\u00e1ticos microsomales, alteran la depuraci\u00f3n, Amiodarona, Antibi\u00f3ticos, Fenitoina<\/p>\n<p>-Anticoagulantes Orales: Cumarinicos con aumento de su actividad (revisar dosis) control de INR y Protrombina., formaci\u00f3n de edemas (leve). No consumir alcohol simult\u00e1neamente.<\/p>\n<p><strong>RESTRICCIONES DE USO:<\/strong>\u00a0En especial en las mujeres por su acci\u00f3n hormonal se encuentra prohibida y contraindicada. Tambi\u00e9n los ni\u00f1os, adolescentes y personas\u00a0\u00a0 de la tercera edad. Embarazadas y las que dan de lactar ya que es potencialmente riesgoso.<\/p>\n<p><strong>SOBREDOSIS<\/strong><\/p>\n<p>\u2013<strong>Recurrir en Paraguay r\u00e1pidamente al Centro de\u00a0 Toxicolog\u00eda del Hospital de Emergencias M\u00e9dicas Tel\u00e9fono (021) 220418 o 204800 Int. 011<\/strong><\/p>\n<p><strong>PRESENTACION<\/strong><\/p>\n<p>Caja conteniendo 1 frasco x 10 ml (multidosis)<\/p>\n<p>Caja conteniendo 5 y 10 ampollas de 1 mL<strong>\u00a0<\/strong><\/p>\n<p><strong>Mantener a temperatura ambiente (15\u00b0C- 30\u00b0C)<\/strong><\/p>\n<p><strong>Mantener fuera del alcance de los ni\u00f1os<\/strong><\/p>\n","protected":false},"excerpt":{"rendered":"<p><strong>Que son las sales de Trembolona?<\/strong>\u00a0Es un medicamento con una mezcla de esteroide muy potente que contiene tres compuestos activos \u00a0de trembolona incluyen\u00a0 Trembolona acetato, Trembolona Enantato y Trembolona Hexahidrobencilcarbonato el cual pertenecen al grupo de los Andr\u00f3genos.<\/p>\n","protected":false},"featured_media":1797,"comment_status":"open","ping_status":"closed","template":"","meta":[],"product_brand":[251],"product_cat":[392],"product_tag":[153,254,117],"class_list":{"0":"post-1646","1":"product","2":"type-product","3":"status-publish","4":"has-post-thumbnail","6":"product_brand-landerlan","7":"product_cat-anabolicos","8":"product_tag-anabolicos","9":"product_tag-landerland-gold","10":"product_tag-trembolona","12":"first","13":"instock","14":"sale","15":"shipping-taxable","16":"purchasable","17":"product-type-simple"},"yoast_head":"<!-- This site is optimized with the Yoast SEO plugin v26.8 - https:\/\/yoast.com\/product\/yoast-seo-wordpress\/ -->\n<title>Sales de Trembolona 200mg\/mL Landerland Gold - Team Mutan Ecuador<\/title>\n<meta name=\"description\" content=\"trembolona incluyen\u00a0 Trembolona acetato, Trembolona Enantato y Trembolona Hexahidrobencilcarbonato\" \/>\n<meta name=\"robots\" content=\"index, follow, max-snippet:-1, max-image-preview:large, max-video-preview:-1\" \/>\n<link rel=\"canonical\" href=\"https:\/\/teammutantecuador.com\/?product=sales-de-trembolona-200mg-ml-landerland-gold\" \/>\n<meta property=\"og:locale\" content=\"es_ES\" \/>\n<meta property=\"og:type\" content=\"article\" \/>\n<meta property=\"og:title\" content=\"Sales de Trembolona 200mg\/mL Landerland Gold - Team Mutan Ecuador\" \/>\n<meta property=\"og:description\" content=\"trembolona incluyen\u00a0 Trembolona acetato, Trembolona Enantato y Trembolona Hexahidrobencilcarbonato\" \/>\n<meta property=\"og:url\" content=\"https:\/\/teammutantecuador.com\/?product=sales-de-trembolona-200mg-ml-landerland-gold\" \/>\n<meta property=\"og:site_name\" content=\"Team Mutan Ecuador\" \/>\n<meta property=\"article:modified_time\" content=\"2026-01-20T16:26:56+00:00\" \/>\n<meta property=\"og:image\" content=\"https:\/\/teammutantecuador.com\/wp-content\/uploads\/2026\/01\/Primobolan-100-Mg-Mutant-Pharma-4.jpg\" \/>\n\t<meta property=\"og:image:width\" content=\"800\" \/>\n\t<meta property=\"og:image:height\" content=\"800\" \/>\n\t<meta property=\"og:image:type\" content=\"image\/jpeg\" \/>\n<meta name=\"twitter:card\" content=\"summary_large_image\" \/>\n<meta name=\"twitter:label1\" content=\"Tiempo de lectura\" \/>\n\t<meta name=\"twitter:data1\" content=\"5 minutos\" \/>\n<script type=\"application\/ld+json\" class=\"yoast-schema-graph\">{\"@context\":\"https:\/\/schema.org\",\"@graph\":[{\"@type\":\"WebPage\",\"@id\":\"https:\/\/teammutantecuador.com\/?product=sales-de-trembolona-200mg-ml-landerland-gold\",\"url\":\"https:\/\/teammutantecuador.com\/?product=sales-de-trembolona-200mg-ml-landerland-gold\",\"name\":\"Sales de Trembolona 200mg\/mL Landerland Gold - Team Mutan Ecuador\",\"isPartOf\":{\"@id\":\"https:\/\/teammutantecuador.com\/#website\"},\"primaryImageOfPage\":{\"@id\":\"https:\/\/teammutantecuador.com\/?product=sales-de-trembolona-200mg-ml-landerland-gold#primaryimage\"},\"image\":{\"@id\":\"https:\/\/teammutantecuador.com\/?product=sales-de-trembolona-200mg-ml-landerland-gold#primaryimage\"},\"thumbnailUrl\":\"https:\/\/teammutantecuador.com\/wp-content\/uploads\/2026\/01\/Primobolan-100-Mg-Mutant-Pharma-4.jpg\",\"datePublished\":\"2026-01-17T16:04:35+00:00\",\"dateModified\":\"2026-01-20T16:26:56+00:00\",\"description\":\"trembolona incluyen\u00a0 Trembolona acetato, Trembolona Enantato y Trembolona Hexahidrobencilcarbonato\",\"breadcrumb\":{\"@id\":\"https:\/\/teammutantecuador.com\/?product=sales-de-trembolona-200mg-ml-landerland-gold#breadcrumb\"},\"inLanguage\":\"es\",\"potentialAction\":[{\"@type\":\"ReadAction\",\"target\":[\"https:\/\/teammutantecuador.com\/?product=sales-de-trembolona-200mg-ml-landerland-gold\"]}]},{\"@type\":\"ImageObject\",\"inLanguage\":\"es\",\"@id\":\"https:\/\/teammutantecuador.com\/?product=sales-de-trembolona-200mg-ml-landerland-gold#primaryimage\",\"url\":\"https:\/\/teammutantecuador.com\/wp-content\/uploads\/2026\/01\/Primobolan-100-Mg-Mutant-Pharma-4.jpg\",\"contentUrl\":\"https:\/\/teammutantecuador.com\/wp-content\/uploads\/2026\/01\/Primobolan-100-Mg-Mutant-Pharma-4.jpg\",\"width\":800,\"height\":800,\"caption\":\"Sales de Trembolona 200mg\/mL Landerland Gold\"},{\"@type\":\"BreadcrumbList\",\"@id\":\"https:\/\/teammutantecuador.com\/?product=sales-de-trembolona-200mg-ml-landerland-gold#breadcrumb\",\"itemListElement\":[{\"@type\":\"ListItem\",\"position\":1,\"name\":\"Portada\",\"item\":\"https:\/\/teammutantecuador.com\/\"},{\"@type\":\"ListItem\",\"position\":2,\"name\":\"Shop\",\"item\":\"https:\/\/teammutantecuador.com\/?page_id=6\"},{\"@type\":\"ListItem\",\"position\":3,\"name\":\"Sales de Trembolona 200mg\/mL Landerland Gold\"}]},{\"@type\":\"WebSite\",\"@id\":\"https:\/\/teammutantecuador.com\/#website\",\"url\":\"https:\/\/teammutantecuador.com\/\",\"name\":\"Team Mutan Ecuador\",\"description\":\"Just another WordPress site\",\"publisher\":{\"@id\":\"https:\/\/teammutantecuador.com\/#organization\"},\"potentialAction\":[{\"@type\":\"SearchAction\",\"target\":{\"@type\":\"EntryPoint\",\"urlTemplate\":\"https:\/\/teammutantecuador.com\/?s={search_term_string}\"},\"query-input\":{\"@type\":\"PropertyValueSpecification\",\"valueRequired\":true,\"valueName\":\"search_term_string\"}}],\"inLanguage\":\"es\"},{\"@type\":\"Organization\",\"@id\":\"https:\/\/teammutantecuador.com\/#organization\",\"name\":\"Team Mutan Ecuador\",\"url\":\"https:\/\/teammutantecuador.com\/\",\"logo\":{\"@type\":\"ImageObject\",\"inLanguage\":\"es\",\"@id\":\"https:\/\/teammutantecuador.com\/#\/schema\/logo\/image\/\",\"url\":\"https:\/\/teammutantecuador.com\/wp-content\/uploads\/2026\/01\/Diseno-sin-titulo-97.png\",\"contentUrl\":\"https:\/\/teammutantecuador.com\/wp-content\/uploads\/2026\/01\/Diseno-sin-titulo-97.png\",\"width\":500,\"height\":300,\"caption\":\"Team Mutan Ecuador\"},\"image\":{\"@id\":\"https:\/\/teammutantecuador.com\/#\/schema\/logo\/image\/\"}}]}<\/script>\n<!-- \/ Yoast SEO plugin. -->","yoast_head_json":{"title":"Sales de Trembolona 200mg\/mL Landerland Gold - Team Mutan Ecuador","description":"trembolona incluyen\u00a0 Trembolona acetato, Trembolona Enantato y Trembolona Hexahidrobencilcarbonato","robots":{"index":"index","follow":"follow","max-snippet":"max-snippet:-1","max-image-preview":"max-image-preview:large","max-video-preview":"max-video-preview:-1"},"canonical":"https:\/\/teammutantecuador.com\/?product=sales-de-trembolona-200mg-ml-landerland-gold","og_locale":"es_ES","og_type":"article","og_title":"Sales de Trembolona 200mg\/mL Landerland Gold - Team Mutan Ecuador","og_description":"trembolona incluyen\u00a0 Trembolona acetato, Trembolona Enantato y Trembolona Hexahidrobencilcarbonato","og_url":"https:\/\/teammutantecuador.com\/?product=sales-de-trembolona-200mg-ml-landerland-gold","og_site_name":"Team Mutan Ecuador","article_modified_time":"2026-01-20T16:26:56+00:00","og_image":[{"width":800,"height":800,"url":"https:\/\/teammutantecuador.com\/wp-content\/uploads\/2026\/01\/Primobolan-100-Mg-Mutant-Pharma-4.jpg","type":"image\/jpeg"}],"twitter_card":"summary_large_image","twitter_misc":{"Tiempo de lectura":"5 minutos"},"schema":{"@context":"https:\/\/schema.org","@graph":[{"@type":"WebPage","@id":"https:\/\/teammutantecuador.com\/?product=sales-de-trembolona-200mg-ml-landerland-gold","url":"https:\/\/teammutantecuador.com\/?product=sales-de-trembolona-200mg-ml-landerland-gold","name":"Sales de Trembolona 200mg\/mL Landerland Gold - Team Mutan Ecuador","isPartOf":{"@id":"https:\/\/teammutantecuador.com\/#website"},"primaryImageOfPage":{"@id":"https:\/\/teammutantecuador.com\/?product=sales-de-trembolona-200mg-ml-landerland-gold#primaryimage"},"image":{"@id":"https:\/\/teammutantecuador.com\/?product=sales-de-trembolona-200mg-ml-landerland-gold#primaryimage"},"thumbnailUrl":"https:\/\/teammutantecuador.com\/wp-content\/uploads\/2026\/01\/Primobolan-100-Mg-Mutant-Pharma-4.jpg","datePublished":"2026-01-17T16:04:35+00:00","dateModified":"2026-01-20T16:26:56+00:00","description":"trembolona incluyen\u00a0 Trembolona acetato, Trembolona Enantato y Trembolona Hexahidrobencilcarbonato","breadcrumb":{"@id":"https:\/\/teammutantecuador.com\/?product=sales-de-trembolona-200mg-ml-landerland-gold#breadcrumb"},"inLanguage":"es","potentialAction":[{"@type":"ReadAction","target":["https:\/\/teammutantecuador.com\/?product=sales-de-trembolona-200mg-ml-landerland-gold"]}]},{"@type":"ImageObject","inLanguage":"es","@id":"https:\/\/teammutantecuador.com\/?product=sales-de-trembolona-200mg-ml-landerland-gold#primaryimage","url":"https:\/\/teammutantecuador.com\/wp-content\/uploads\/2026\/01\/Primobolan-100-Mg-Mutant-Pharma-4.jpg","contentUrl":"https:\/\/teammutantecuador.com\/wp-content\/uploads\/2026\/01\/Primobolan-100-Mg-Mutant-Pharma-4.jpg","width":800,"height":800,"caption":"Sales de Trembolona 200mg\/mL Landerland Gold"},{"@type":"BreadcrumbList","@id":"https:\/\/teammutantecuador.com\/?product=sales-de-trembolona-200mg-ml-landerland-gold#breadcrumb","itemListElement":[{"@type":"ListItem","position":1,"name":"Portada","item":"https:\/\/teammutantecuador.com\/"},{"@type":"ListItem","position":2,"name":"Shop","item":"https:\/\/teammutantecuador.com\/?page_id=6"},{"@type":"ListItem","position":3,"name":"Sales de Trembolona 200mg\/mL Landerland Gold"}]},{"@type":"WebSite","@id":"https:\/\/teammutantecuador.com\/#website","url":"https:\/\/teammutantecuador.com\/","name":"Team Mutan Ecuador","description":"Just another WordPress site","publisher":{"@id":"https:\/\/teammutantecuador.com\/#organization"},"potentialAction":[{"@type":"SearchAction","target":{"@type":"EntryPoint","urlTemplate":"https:\/\/teammutantecuador.com\/?s={search_term_string}"},"query-input":{"@type":"PropertyValueSpecification","valueRequired":true,"valueName":"search_term_string"}}],"inLanguage":"es"},{"@type":"Organization","@id":"https:\/\/teammutantecuador.com\/#organization","name":"Team Mutan Ecuador","url":"https:\/\/teammutantecuador.com\/","logo":{"@type":"ImageObject","inLanguage":"es","@id":"https:\/\/teammutantecuador.com\/#\/schema\/logo\/image\/","url":"https:\/\/teammutantecuador.com\/wp-content\/uploads\/2026\/01\/Diseno-sin-titulo-97.png","contentUrl":"https:\/\/teammutantecuador.com\/wp-content\/uploads\/2026\/01\/Diseno-sin-titulo-97.png","width":500,"height":300,"caption":"Team Mutan Ecuador"},"image":{"@id":"https:\/\/teammutantecuador.com\/#\/schema\/logo\/image\/"}}]}},"_links":{"self":[{"href":"https:\/\/teammutantecuador.com\/index.php?rest_route=\/wp\/v2\/product\/1646","targetHints":{"allow":["GET"]}}],"collection":[{"href":"https:\/\/teammutantecuador.com\/index.php?rest_route=\/wp\/v2\/product"}],"about":[{"href":"https:\/\/teammutantecuador.com\/index.php?rest_route=\/wp\/v2\/types\/product"}],"replies":[{"embeddable":true,"href":"https:\/\/teammutantecuador.com\/index.php?rest_route=%2Fwp%2Fv2%2Fcomments&post=1646"}],"wp:featuredmedia":[{"embeddable":true,"href":"https:\/\/teammutantecuador.com\/index.php?rest_route=\/wp\/v2\/media\/1797"}],"wp:attachment":[{"href":"https:\/\/teammutantecuador.com\/index.php?rest_route=%2Fwp%2Fv2%2Fmedia&parent=1646"}],"wp:term":[{"taxonomy":"product_brand","embeddable":true,"href":"https:\/\/teammutantecuador.com\/index.php?rest_route=%2Fwp%2Fv2%2Fproduct_brand&post=1646"},{"taxonomy":"product_cat","embeddable":true,"href":"https:\/\/teammutantecuador.com\/index.php?rest_route=%2Fwp%2Fv2%2Fproduct_cat&post=1646"},{"taxonomy":"product_tag","embeddable":true,"href":"https:\/\/teammutantecuador.com\/index.php?rest_route=%2Fwp%2Fv2%2Fproduct_tag&post=1646"}],"curies":[{"name":"wp","href":"https:\/\/api.w.org\/{rel}","templated":true}]}}