{"id":1645,"date":"2026-01-17T16:04:35","date_gmt":"2026-01-17T16:04:35","guid":{"rendered":"https:\/\/teammutantecuador.com\/?post_type=product&#038;p=1645"},"modified":"2026-01-20T16:04:26","modified_gmt":"2026-01-20T16:04:26","slug":"decaland-depot-200mg-decanoato-de-nandrolona-landerlan","status":"publish","type":"product","link":"https:\/\/teammutantecuador.com\/?product=decaland-depot-200mg-decanoato-de-nandrolona-landerlan","title":{"rendered":"Decaland Depot 200MG Decanoato de Nandrolona Landerlan"},"content":{"rendered":"<p>El <strong>Decaland Depot<\/strong> es una preparaci\u00f3n <strong>anab\u00f3lica inyectable<\/strong>. La sustancia farmacol\u00f3gicamente activa es la<strong> nandrolona<\/strong>. El \u00e9ster de <strong>decanoato<\/strong> provee a la preparaci\u00f3n una duraci\u00f3n de la acci\u00f3n de aproximadamente 3 semanas despu\u00e9s de la inyecci\u00f3n. La nandrolona est\u00e1 qu\u00edmicamente relacionada a la hormona masculina.<\/p>\n<p>En comparaci\u00f3n con la<strong> testosterona<\/strong>, posee una actividad anab\u00f3lica acentuada y una actividad androg\u00e9nica reducida. Esto ha sido demostrado en bioensayos de animales y aclarado mediante estudios de fijaci\u00f3n a los receptores. La baja androgenicidad de la nandrolona est\u00e1 confirmada por el uso cl\u00ednico.<\/p>\n<p>El <strong>decanoato de nandrolona<\/strong> ha demostrado influir positivamente sobre el metabolismo del calcio e incrementar la masa \u00f3sea en la osteoporosis. En mujeres con carcinoma mamario diseminado, se ha informado que produce regresiones objetivas durante muchos meses. Adem\u00e1s, la nandrolona posee una acci\u00f3n ahorradora de nitr\u00f3geno.<\/p>\n<p>Este efecto sobre el metabolismo proteico se comprob\u00f3 en estudios metab\u00f3licos y es terap\u00e9uticamente utilizado en estados en los que existe un d\u00e9ficit de prote\u00ednas como por ejemplo, durante enfermedades cr\u00f3nicas debilitantes y despu\u00e9s de cirug\u00eda mayor y traumatismos severos.<\/p>\n<p>En estos estados, la nandrolona sirve como coadyuvante de apoyo en tratamientos espec\u00edficos y medidas diet\u00e9ticas, as\u00ed como de nutrici\u00f3n parenteral.<\/p>\n<p>A las dosis recomendadas, los efectos androg\u00e9nicos (por ejemplo: virilizaci\u00f3n), son relativamente raros. La nandrolona carece del grupo C 17 alfa-aquil que es asociado con la aparici\u00f3n de disfunci\u00f3n hep\u00e1tica y de colestasis.<\/p>\n<p>El <strong>decanoato de nandrolona<\/strong> es lentamente liberado del lugar de la inyecci\u00f3n a la sangre con una vida media de 6 d\u00edas. En sangre, el \u00e9ster es r\u00e1pidamente hidrolizado en nandrolona con una vida media de una o menos.<\/p>\n<p>La vida media para el proceso combinado de hidr\u00f3lisis del <strong>decanoato de nandrolona<\/strong> y de la distribuci\u00f3n y eliminaci\u00f3n de la nandrolona es de 4,3 horas.<\/p>\n<p>La nandrolona es metabolizada por el h\u00edgado.<\/p>\n<p>Las sustancias 19- norandrosterona, 19 noretocolanolona y 19 norepiandrosterona han sido identificadas como metabolitos en la orina. No se conoce si estos metabolitos tienen alguna acci\u00f3n farmacol\u00f3gica.<\/p>\n<p><strong>Indicaciones Terap\u00e9uticas:<\/strong><\/p>\n<p>Estimulante del anabolismo proteico.<\/p>\n<p>Osteoporosis.<\/p>\n<p>Para el tratamiento paliativo de casos seleccionados de carcinoma mamario diseminado en mujeres.<\/p>\n<p>Como coadyuvante en terap\u00e9uticas espec\u00edficas y medidas diet\u00e9ticas en estados patol\u00f3gicos caracterizados por un balance nitrogenado negativo.<\/p>\n<p>Nota: Para un efecto terap\u00e9utico \u00f3ptimo es necesario administrar cantidades adecuadas de vitaminas, minerales y prote\u00ednas en una dieta rica en calor\u00edas.<\/p>\n<p><strong>Reacciones Secundarias y Adversas:<\/strong><\/p>\n<p>Las dosis elevadas, el tratamiento prolongado y\/o la administraci\u00f3n demasiado frecuente pueden causar:<\/p>\n<p>Virilizaci\u00f3n que se manifiesta en mujeres sensibles en forma de ronquera, acn\u00e9, hirsutismo y aumento de la libido; en los varones antes de la pubertad, en forma de un aumento de la frecuencia de erecciones y del engrosamiento f\u00e1lico y en las ni\u00f1as como un aumento del vello p\u00fabico e hipertrofia del cl\u00edtoris. La ronquera puede ser el primer s\u00edntoma de un cambio vocal que puede conducir a enroquecimiento a veces irreversible de la voz.<\/p>\n<p>Amenorrea.<\/p>\n<p>Inhibici\u00f3n de la espermatog\u00e9nesis.<\/p>\n<p>Cierre epifisario prematuro.<\/p>\n<p>Retenci\u00f3n de l\u00edquidos.<\/p>\n<p><strong>Contraindicaciones:<\/strong><\/p>\n<p>Embarazo. Carcinoma prost\u00e1tico o carcinoma mamario conocido o sospechado en el var\u00f3n. Este medicamento est\u00e1 contraindicado durante el embarazo por la posibilidad de masculinizaci\u00f3n del feto. Hay datos insuficientes sobre el uso de este medicamento durante la lactancia para establecer da\u00f1o potencial para el beb\u00e9 o una posible influencia sobre la producci\u00f3n l\u00e1ctea.<\/p>\n<p>Precauciones y Advertencias (en relaci\u00f3n con efectos de carcinog\u00e9nesis, mutag\u00e9nesis, teratrogenesis y sobre la fertilidad).<\/p>\n<p>Si se desarrollan signos de virilizaci\u00f3n, debe considerarse la interrupci\u00f3n del tratamiento, de preferencia despu\u00e9s de consultar al paciente.<\/p>\n<p>Se recomiendo vigilar a los pacientes con cualquiera de los siguientes estados.<\/p>\n<p>Insuficiencia card\u00edaca latente o manifiesta, disfunci\u00f3n renal, hipertensi\u00f3n o jaqueca (o historia de estos estados) ya que los esteroides anab\u00f3licos pueden incluir retenci\u00f3n de l\u00edquidos.<\/p>\n<p>Crecimiento natural incompleto ya que los esteroides anab\u00f3licos a dosis elevadas pueden acelerar el cierre epifisiario.<\/p>\n<p>Met\u00e1stasis en el esqueleto o carcinoma mamario. En estos pacientes la hipercalcemia puede desarrollarse espont\u00e1neamente en ambos casos y como resultado de la terap\u00e9utica con esteroides anab\u00f3licos. El \u00faltimo puede ser indicativo de una respuesta tumoral positiva al tratamiento hormonal.<\/p>\n<p>No obstante, la hipercalcemis debe ser primeramente tratada en forma adecuada y posteriormente reanudar la terapia hormonal, una vez restablecidos los niveles normales de calcio.<\/p>\n<p>Insuficiencia hep\u00e1tica.<\/p>\n<p>El mal uso de los esteroides anab\u00f3licos para mejorar la habilidad e los deportes trae consigo serios riesgos de salud por lo que debe ser desalentado.<\/p>\n<p><strong>Interacciones medicamentosas y de otro g\u00e9nero:<\/strong><\/p>\n<p>Los esteroides anab\u00f3licos pueden mejorar la tolerancia a la glucosa y reducir la necesidad de insulina o de otros f\u00e1rmacos antidiab\u00e9ticos en los pacientes diab\u00e9ticos.<\/p>\n<p><strong>Posolog\u00eda:<\/strong><\/p>\n<p>Debe administrase mediante inyecci\u00f3n intramuscular profunda.<\/p>\n<p>Osteoporosis: 50 mg. Cada 3 semanas.<\/p>\n<p>Tratamiento paliativo en casos seleccionados con carcinoma mamario diseminado en mujeres: 50 mg. Cada 2-3 semanas.<\/p>\n<p>Como coadyuvante en terap\u00e9uticas espec\u00edficas y medidas diet\u00e9ticas en estados patol\u00f3gicos caracterizados por un balance nitrogenado negativo:<\/p>\n<p>20-50 mg. Cada 3 semanas.<\/p>\n<p><strong>Sobredosificaci\u00f3n o ingesta accidental:<\/strong><\/p>\n<p>La toxicidad del decanoato de nandrolona en animales es muy baja.<\/p>\n<p>No hay informes de sobredosificaci\u00f3n aguda con nandrolona en el ser humano.<\/p>\n","protected":false},"excerpt":{"rendered":"<p>El Decaland Depot es una preparaci\u00f3n anab\u00f3lica inyectable. La sustancia farmacol\u00f3gicamente activa es la nandrolona. El \u00e9ster de decanoato provee a la preparaci\u00f3n una duraci\u00f3n de la acci\u00f3n de aproximadamente 3 semanas despu\u00e9s de la inyecci\u00f3n. La nandrolona est\u00e1 qu\u00edmicamente relacionada a la hormona masculina.<\/p>\n","protected":false},"featured_media":1773,"comment_status":"open","ping_status":"closed","template":"","meta":[],"product_brand":[251],"product_cat":[392],"product_tag":[153,149,150,249,254],"class_list":{"0":"post-1645","1":"product","2":"type-product","3":"status-publish","4":"has-post-thumbnail","6":"product_brand-landerlan","7":"product_cat-anabolicos","8":"product_tag-anabolicos","9":"product_tag-deca","10":"product_tag-decadurabolin","11":"product_tag-landerland","12":"product_tag-landerland-gold","14":"first","15":"instock","16":"sale","17":"shipping-taxable","18":"purchasable","19":"product-type-simple"},"yoast_head":"<!-- This site is optimized with the Yoast SEO plugin v26.8 - https:\/\/yoast.com\/product\/yoast-seo-wordpress\/ -->\n<title>Decaland Depot 200MG Decanoato de Nandrolona Landerlan - Team Mutan Ecuador<\/title>\n<meta name=\"description\" content=\"El Decaland Depot es una preparaci\u00f3n anab\u00f3lica inyectable. La sustancia farmacol\u00f3gicamente activa es la nandrolona.\" \/>\n<meta name=\"robots\" content=\"index, follow, max-snippet:-1, max-image-preview:large, max-video-preview:-1\" \/>\n<link rel=\"canonical\" href=\"https:\/\/teammutantecuador.com\/?product=decaland-depot-200mg-decanoato-de-nandrolona-landerlan\" \/>\n<meta property=\"og:locale\" content=\"es_ES\" \/>\n<meta property=\"og:type\" content=\"article\" \/>\n<meta property=\"og:title\" content=\"Decaland Depot 200MG Decanoato de Nandrolona Landerlan - Team Mutan Ecuador\" \/>\n<meta property=\"og:description\" content=\"El Decaland Depot es una preparaci\u00f3n anab\u00f3lica inyectable. La sustancia farmacol\u00f3gicamente activa es la nandrolona.\" \/>\n<meta property=\"og:url\" content=\"https:\/\/teammutantecuador.com\/?product=decaland-depot-200mg-decanoato-de-nandrolona-landerlan\" \/>\n<meta property=\"og:site_name\" content=\"Team Mutan Ecuador\" \/>\n<meta property=\"article:modified_time\" content=\"2026-01-20T16:04:26+00:00\" \/>\n<meta property=\"og:image\" content=\"https:\/\/teammutantecuador.com\/wp-content\/uploads\/2026\/01\/Diseno-sin-titulo-2026-01-17T002318.009.jpg\" \/>\n\t<meta property=\"og:image:width\" content=\"800\" \/>\n\t<meta property=\"og:image:height\" content=\"800\" \/>\n\t<meta property=\"og:image:type\" content=\"image\/jpeg\" \/>\n<meta name=\"twitter:card\" content=\"summary_large_image\" \/>\n<meta name=\"twitter:label1\" content=\"Tiempo de lectura\" \/>\n\t<meta name=\"twitter:data1\" content=\"4 minutos\" \/>\n<script type=\"application\/ld+json\" class=\"yoast-schema-graph\">{\"@context\":\"https:\/\/schema.org\",\"@graph\":[{\"@type\":\"WebPage\",\"@id\":\"https:\/\/teammutantecuador.com\/?product=decaland-depot-200mg-decanoato-de-nandrolona-landerlan\",\"url\":\"https:\/\/teammutantecuador.com\/?product=decaland-depot-200mg-decanoato-de-nandrolona-landerlan\",\"name\":\"Decaland Depot 200MG Decanoato de Nandrolona Landerlan - Team Mutan Ecuador\",\"isPartOf\":{\"@id\":\"https:\/\/teammutantecuador.com\/#website\"},\"primaryImageOfPage\":{\"@id\":\"https:\/\/teammutantecuador.com\/?product=decaland-depot-200mg-decanoato-de-nandrolona-landerlan#primaryimage\"},\"image\":{\"@id\":\"https:\/\/teammutantecuador.com\/?product=decaland-depot-200mg-decanoato-de-nandrolona-landerlan#primaryimage\"},\"thumbnailUrl\":\"https:\/\/teammutantecuador.com\/wp-content\/uploads\/2026\/01\/Diseno-sin-titulo-2026-01-17T002318.009.jpg\",\"datePublished\":\"2026-01-17T16:04:35+00:00\",\"dateModified\":\"2026-01-20T16:04:26+00:00\",\"description\":\"El Decaland Depot es una preparaci\u00f3n anab\u00f3lica inyectable. La sustancia farmacol\u00f3gicamente activa es la nandrolona.\",\"breadcrumb\":{\"@id\":\"https:\/\/teammutantecuador.com\/?product=decaland-depot-200mg-decanoato-de-nandrolona-landerlan#breadcrumb\"},\"inLanguage\":\"es\",\"potentialAction\":[{\"@type\":\"ReadAction\",\"target\":[\"https:\/\/teammutantecuador.com\/?product=decaland-depot-200mg-decanoato-de-nandrolona-landerlan\"]}]},{\"@type\":\"ImageObject\",\"inLanguage\":\"es\",\"@id\":\"https:\/\/teammutantecuador.com\/?product=decaland-depot-200mg-decanoato-de-nandrolona-landerlan#primaryimage\",\"url\":\"https:\/\/teammutantecuador.com\/wp-content\/uploads\/2026\/01\/Diseno-sin-titulo-2026-01-17T002318.009.jpg\",\"contentUrl\":\"https:\/\/teammutantecuador.com\/wp-content\/uploads\/2026\/01\/Diseno-sin-titulo-2026-01-17T002318.009.jpg\",\"width\":800,\"height\":800,\"caption\":\"Decaland Depot 200MG Decanoato de Nandrolona Landerlan\"},{\"@type\":\"BreadcrumbList\",\"@id\":\"https:\/\/teammutantecuador.com\/?product=decaland-depot-200mg-decanoato-de-nandrolona-landerlan#breadcrumb\",\"itemListElement\":[{\"@type\":\"ListItem\",\"position\":1,\"name\":\"Portada\",\"item\":\"https:\/\/teammutantecuador.com\/\"},{\"@type\":\"ListItem\",\"position\":2,\"name\":\"Shop\",\"item\":\"https:\/\/teammutantecuador.com\/?page_id=6\"},{\"@type\":\"ListItem\",\"position\":3,\"name\":\"Decaland Depot 200MG Decanoato de Nandrolona Landerlan\"}]},{\"@type\":\"WebSite\",\"@id\":\"https:\/\/teammutantecuador.com\/#website\",\"url\":\"https:\/\/teammutantecuador.com\/\",\"name\":\"Team Mutan Ecuador\",\"description\":\"Just another WordPress site\",\"publisher\":{\"@id\":\"https:\/\/teammutantecuador.com\/#organization\"},\"potentialAction\":[{\"@type\":\"SearchAction\",\"target\":{\"@type\":\"EntryPoint\",\"urlTemplate\":\"https:\/\/teammutantecuador.com\/?s={search_term_string}\"},\"query-input\":{\"@type\":\"PropertyValueSpecification\",\"valueRequired\":true,\"valueName\":\"search_term_string\"}}],\"inLanguage\":\"es\"},{\"@type\":\"Organization\",\"@id\":\"https:\/\/teammutantecuador.com\/#organization\",\"name\":\"Team Mutan Ecuador\",\"url\":\"https:\/\/teammutantecuador.com\/\",\"logo\":{\"@type\":\"ImageObject\",\"inLanguage\":\"es\",\"@id\":\"https:\/\/teammutantecuador.com\/#\/schema\/logo\/image\/\",\"url\":\"https:\/\/teammutantecuador.com\/wp-content\/uploads\/2026\/01\/Diseno-sin-titulo-97.png\",\"contentUrl\":\"https:\/\/teammutantecuador.com\/wp-content\/uploads\/2026\/01\/Diseno-sin-titulo-97.png\",\"width\":500,\"height\":300,\"caption\":\"Team Mutan Ecuador\"},\"image\":{\"@id\":\"https:\/\/teammutantecuador.com\/#\/schema\/logo\/image\/\"}}]}<\/script>\n<!-- \/ Yoast SEO plugin. -->","yoast_head_json":{"title":"Decaland Depot 200MG Decanoato de Nandrolona Landerlan - Team Mutan Ecuador","description":"El Decaland Depot es una preparaci\u00f3n anab\u00f3lica inyectable. La sustancia farmacol\u00f3gicamente activa es la nandrolona.","robots":{"index":"index","follow":"follow","max-snippet":"max-snippet:-1","max-image-preview":"max-image-preview:large","max-video-preview":"max-video-preview:-1"},"canonical":"https:\/\/teammutantecuador.com\/?product=decaland-depot-200mg-decanoato-de-nandrolona-landerlan","og_locale":"es_ES","og_type":"article","og_title":"Decaland Depot 200MG Decanoato de Nandrolona Landerlan - Team Mutan Ecuador","og_description":"El Decaland Depot es una preparaci\u00f3n anab\u00f3lica inyectable. La sustancia farmacol\u00f3gicamente activa es la nandrolona.","og_url":"https:\/\/teammutantecuador.com\/?product=decaland-depot-200mg-decanoato-de-nandrolona-landerlan","og_site_name":"Team Mutan Ecuador","article_modified_time":"2026-01-20T16:04:26+00:00","og_image":[{"width":800,"height":800,"url":"https:\/\/teammutantecuador.com\/wp-content\/uploads\/2026\/01\/Diseno-sin-titulo-2026-01-17T002318.009.jpg","type":"image\/jpeg"}],"twitter_card":"summary_large_image","twitter_misc":{"Tiempo de lectura":"4 minutos"},"schema":{"@context":"https:\/\/schema.org","@graph":[{"@type":"WebPage","@id":"https:\/\/teammutantecuador.com\/?product=decaland-depot-200mg-decanoato-de-nandrolona-landerlan","url":"https:\/\/teammutantecuador.com\/?product=decaland-depot-200mg-decanoato-de-nandrolona-landerlan","name":"Decaland Depot 200MG Decanoato de Nandrolona Landerlan - Team Mutan Ecuador","isPartOf":{"@id":"https:\/\/teammutantecuador.com\/#website"},"primaryImageOfPage":{"@id":"https:\/\/teammutantecuador.com\/?product=decaland-depot-200mg-decanoato-de-nandrolona-landerlan#primaryimage"},"image":{"@id":"https:\/\/teammutantecuador.com\/?product=decaland-depot-200mg-decanoato-de-nandrolona-landerlan#primaryimage"},"thumbnailUrl":"https:\/\/teammutantecuador.com\/wp-content\/uploads\/2026\/01\/Diseno-sin-titulo-2026-01-17T002318.009.jpg","datePublished":"2026-01-17T16:04:35+00:00","dateModified":"2026-01-20T16:04:26+00:00","description":"El Decaland Depot es una preparaci\u00f3n anab\u00f3lica inyectable. La sustancia farmacol\u00f3gicamente activa es la nandrolona.","breadcrumb":{"@id":"https:\/\/teammutantecuador.com\/?product=decaland-depot-200mg-decanoato-de-nandrolona-landerlan#breadcrumb"},"inLanguage":"es","potentialAction":[{"@type":"ReadAction","target":["https:\/\/teammutantecuador.com\/?product=decaland-depot-200mg-decanoato-de-nandrolona-landerlan"]}]},{"@type":"ImageObject","inLanguage":"es","@id":"https:\/\/teammutantecuador.com\/?product=decaland-depot-200mg-decanoato-de-nandrolona-landerlan#primaryimage","url":"https:\/\/teammutantecuador.com\/wp-content\/uploads\/2026\/01\/Diseno-sin-titulo-2026-01-17T002318.009.jpg","contentUrl":"https:\/\/teammutantecuador.com\/wp-content\/uploads\/2026\/01\/Diseno-sin-titulo-2026-01-17T002318.009.jpg","width":800,"height":800,"caption":"Decaland Depot 200MG Decanoato de Nandrolona Landerlan"},{"@type":"BreadcrumbList","@id":"https:\/\/teammutantecuador.com\/?product=decaland-depot-200mg-decanoato-de-nandrolona-landerlan#breadcrumb","itemListElement":[{"@type":"ListItem","position":1,"name":"Portada","item":"https:\/\/teammutantecuador.com\/"},{"@type":"ListItem","position":2,"name":"Shop","item":"https:\/\/teammutantecuador.com\/?page_id=6"},{"@type":"ListItem","position":3,"name":"Decaland Depot 200MG Decanoato de Nandrolona Landerlan"}]},{"@type":"WebSite","@id":"https:\/\/teammutantecuador.com\/#website","url":"https:\/\/teammutantecuador.com\/","name":"Team Mutan Ecuador","description":"Just another WordPress site","publisher":{"@id":"https:\/\/teammutantecuador.com\/#organization"},"potentialAction":[{"@type":"SearchAction","target":{"@type":"EntryPoint","urlTemplate":"https:\/\/teammutantecuador.com\/?s={search_term_string}"},"query-input":{"@type":"PropertyValueSpecification","valueRequired":true,"valueName":"search_term_string"}}],"inLanguage":"es"},{"@type":"Organization","@id":"https:\/\/teammutantecuador.com\/#organization","name":"Team Mutan Ecuador","url":"https:\/\/teammutantecuador.com\/","logo":{"@type":"ImageObject","inLanguage":"es","@id":"https:\/\/teammutantecuador.com\/#\/schema\/logo\/image\/","url":"https:\/\/teammutantecuador.com\/wp-content\/uploads\/2026\/01\/Diseno-sin-titulo-97.png","contentUrl":"https:\/\/teammutantecuador.com\/wp-content\/uploads\/2026\/01\/Diseno-sin-titulo-97.png","width":500,"height":300,"caption":"Team Mutan Ecuador"},"image":{"@id":"https:\/\/teammutantecuador.com\/#\/schema\/logo\/image\/"}}]}},"_links":{"self":[{"href":"https:\/\/teammutantecuador.com\/index.php?rest_route=\/wp\/v2\/product\/1645","targetHints":{"allow":["GET"]}}],"collection":[{"href":"https:\/\/teammutantecuador.com\/index.php?rest_route=\/wp\/v2\/product"}],"about":[{"href":"https:\/\/teammutantecuador.com\/index.php?rest_route=\/wp\/v2\/types\/product"}],"replies":[{"embeddable":true,"href":"https:\/\/teammutantecuador.com\/index.php?rest_route=%2Fwp%2Fv2%2Fcomments&post=1645"}],"wp:featuredmedia":[{"embeddable":true,"href":"https:\/\/teammutantecuador.com\/index.php?rest_route=\/wp\/v2\/media\/1773"}],"wp:attachment":[{"href":"https:\/\/teammutantecuador.com\/index.php?rest_route=%2Fwp%2Fv2%2Fmedia&parent=1645"}],"wp:term":[{"taxonomy":"product_brand","embeddable":true,"href":"https:\/\/teammutantecuador.com\/index.php?rest_route=%2Fwp%2Fv2%2Fproduct_brand&post=1645"},{"taxonomy":"product_cat","embeddable":true,"href":"https:\/\/teammutantecuador.com\/index.php?rest_route=%2Fwp%2Fv2%2Fproduct_cat&post=1645"},{"taxonomy":"product_tag","embeddable":true,"href":"https:\/\/teammutantecuador.com\/index.php?rest_route=%2Fwp%2Fv2%2Fproduct_tag&post=1645"}],"curies":[{"name":"wp","href":"https:\/\/api.w.org\/{rel}","templated":true}]}}