{"id":1639,"date":"2026-01-17T16:04:35","date_gmt":"2026-01-17T16:04:35","guid":{"rendered":"https:\/\/teammutantecuador.com\/?post_type=product&#038;p=1639"},"modified":"2026-01-19T12:02:21","modified_gmt":"2026-01-19T12:02:21","slug":"boldenona-gold-250-mg-landerland","status":"publish","type":"product","link":"https:\/\/teammutantecuador.com\/?product=boldenona-gold-250-mg-landerland","title":{"rendered":"Boldenona Gold 250 mg Landerland"},"content":{"rendered":"<div class=\"fl-module fl-module-info-box fl-node-59ca9b1867416\" data-node=\"59ca9b1867416\" data-animation-delay=\"0.0\">\n<div class=\"fl-module-content fl-node-content\">\n<div class=\"uabb-module-content infobox infobox-left \">\n<div class=\"uabb-infobox-left-right-wrap\">\n<div class=\"uabb-infobox-content\">\n<div class=\"uabb-infobox-title-wrap\"><\/div>\n<\/div>\n<\/div>\n<\/div>\n<\/div>\n<\/div>\n<div class=\"fl-module fl-module-info-box fl-node-59ca9c0fbdcba\" data-node=\"59ca9c0fbdcba\" data-animation-delay=\"0.0\">\n<div class=\"fl-module-content fl-node-content\">\n<div class=\"uabb-module-content infobox infobox-left \">\n<div class=\"uabb-infobox-left-right-wrap\">\n<div class=\"uabb-infobox-content\">\n<div class=\"uabb-infobox-title-wrap\">\n<h3 class=\"uabb-infobox-title\"><span style=\"font-size: 16px;\">La Boldenona es una hormona Androgenica derivada de la testosterona, su formula es C19H2602.<\/span><\/h3>\n<\/div>\n<div class=\"uabb-infobox-text-wrap\">\n<div class=\"uabb-infobox-text uabb-text-editor\">\n<p>La <strong>Boldenona<\/strong> es una forma estructuralmente alterada de la testosterona. Es un muy ligero cambio en un doble enlace a\u00f1adido a un carbono y dos posiciones. Este enlace doble reduce en gran medida la androgenicidad de la hormona, asi como la naturaleza estrogenica. Luego se une a un muy grande o largo ester Undecilenato, que es responsable de controlar la liberaci\u00f3n de la hormona administrada una vez en el cuerpo. El ester Undecilenato permite una liberaci\u00f3n tope en la Boldenona aproximadamente de 3-4 d\u00edas despu\u00e9s de la inyecci\u00f3n, con una liberaci\u00f3n lenta continua de la hormona a seguir por aproximadamente 21 d\u00edas.<\/p>\n<\/div>\n<\/div>\n<\/div>\n<\/div>\n<\/div>\n<\/div>\n<\/div>\n<div class=\"fl-module fl-module-info-box fl-node-59ca9c9883203\" data-node=\"59ca9c9883203\" data-animation-delay=\"0.0\">\n<div class=\"fl-module-content fl-node-content\">\n<div class=\"uabb-module-content infobox infobox-left \">\n<div class=\"uabb-infobox-left-right-wrap\">\n<div class=\"uabb-infobox-content\">\n<div class=\"uabb-infobox-title-wrap\">\n<h3 class=\"uabb-infobox-title\">POSOLOG\u00cdA<\/h3>\n<\/div>\n<div class=\"uabb-infobox-text-wrap\">\n<div class=\"uabb-infobox-text uabb-text-editor\">\n<p>La dosis recomendada para hombres es de 200 a 400mg por semana, las cuales pueden dividirse en 2 o 3 aplicaciones.<\/p>\n<p>En mujeres, la dosis es de 50 a 75mg por semana.<\/p>\n<\/div>\n<\/div>\n<\/div>\n<\/div>\n<\/div>\n<\/div>\n<\/div>\n<div class=\"fl-module fl-module-info-box fl-node-59ca9da471976\" data-node=\"59ca9da471976\" data-animation-delay=\"0.0\">\n<div class=\"fl-module-content fl-node-content\">\n<div class=\"uabb-module-content infobox infobox-left \">\n<div class=\"uabb-infobox-left-right-wrap\">\n<div class=\"uabb-infobox-content\">\n<div class=\"uabb-infobox-title-wrap\">\n<h3 class=\"uabb-infobox-title\">CONTRAINDICACIONES<\/h3>\n<\/div>\n<div class=\"uabb-infobox-text-wrap\">\n<div class=\"uabb-infobox-text uabb-text-editor\">\n<p>Enfermedades Cardiovasculares, Hipertensi\u00f3n Arterial, Enfermedades Tiroideas y Suprarrenales., Enfermedades Neurol\u00f3gicas y Prost\u00e1ticas, (C\u00e1ncer) C\u00e1ncer de Mama activo, Enfermedades Renales, Enfermedades Hep\u00e1ticas de cualquier etiolog\u00eda, Embarazo. Lactancia, EPOC, EBOC, Transtornos de la Personalidad (agresividad)<\/p>\n<\/div>\n<\/div>\n<\/div>\n<\/div>\n<\/div>\n<\/div>\n<\/div>\n<div class=\"fl-module fl-module-info-box fl-node-59ca9dcce1b30\" data-node=\"59ca9dcce1b30\" data-animation-delay=\"0.0\">\n<div class=\"fl-module-content fl-node-content\">\n<div class=\"uabb-module-content infobox infobox-left \">\n<div class=\"uabb-infobox-left-right-wrap\">\n<div class=\"uabb-infobox-content\">\n<div class=\"uabb-infobox-title-wrap\">\n<h3 class=\"uabb-infobox-title\">REACCIONES ADVERSAS<\/h3>\n<\/div>\n<div class=\"uabb-infobox-text-wrap\">\n<div class=\"uabb-infobox-text uabb-text-editor\">\n<p>La aparici\u00f3n de reacciones adversas pueden ser; Virilizacion en mujeres (aumento de tono de voz, hirsutismo, hipertrofia de cl\u00edtoris, irregularidades<\/p>\n<p>Menstruales, amenorrea. Engrosamiento de la piel y otros) En adultos Acn\u00e9, Policitemia moderada y obstrucci\u00f3n por Hiperplasia Prost\u00e1tica, Hepatopat\u00edas (Icterias Colestasicas). Carcinoma Hep\u00e1tico, C\u00e1ncer de Pr\u00f3stata Retenci\u00f3n Hidrosalina leve, Hipertensi\u00f3n Arterial. En los varones peque\u00f1os y leves efectos feminizantes, (Ginecomastia leve, disminuci\u00f3n de la Libido, probables transtornos de la erecci\u00f3n e impotencia de tipo androg\u00e9nico) especialmente al terminar el ciclo de administraci\u00f3n. Alteraciones hormonales en Tiroides. Nefropat\u00edas y alteraci\u00f3n de las Suprarrenales.<\/p>\n<\/div>\n<\/div>\n<\/div>\n<\/div>\n<\/div>\n<\/div>\n<\/div>\n<div class=\"fl-module fl-module-info-box fl-node-59ca9dfbb5bd7\" data-node=\"59ca9dfbb5bd7\" data-animation-delay=\"0.0\">\n<div class=\"fl-module-content fl-node-content\">\n<div class=\"uabb-module-content infobox infobox-left \">\n<div class=\"uabb-infobox-left-right-wrap\">\n<div class=\"uabb-infobox-content\">\n<div class=\"uabb-infobox-title-wrap\">\n<h3 class=\"uabb-infobox-title\">PRECAUCIONES Y ADVERTENCIAS<\/h3>\n<\/div>\n<div class=\"uabb-infobox-text-wrap\">\n<div class=\"uabb-infobox-text uabb-text-editor\">\n<p>No debe usarse por periodos prolongados. No administrar en pacientes con otros tratamientos. No consumir alcohol simult\u00e1neamente. \u00a0No exceder las dosis. Mantener fuera del alcance de los ni\u00f1os administrar con precauci\u00f3n a pacientes al\u00e9rgicos o sensibles a este medicamento o sus componentes.<\/p>\n<p>OJO! AL MOMENTO DE ADMINISTRARSE EL MEDICAMENTO SE DESCRIBIERON TRANSTORNOS DE ASFIXIA Y TOS (TREN COUGH), QUE DURAN POCOS SEGUNDOS, PROBABLEMENTE DEBIDO A LOS PREPARADOS CASEROS O NO LABORATORIALES Y CON ALTO CONTENIDO DE ALCOHOL BENCILICO. SE DEBE TENER PRUDENCIA EN LAS PERSONAS CON DISTURBIOS RESPIRATORIOS<\/p>\n<p>\u00a1OJO! \u00a1PROHIBIDO USAR EN MUJERES, ADEMAS DE ANCIANOS, \u00a1EMBARAZADAS, Y NI\u00d1OS!! \u00a1Y SOLO BAJO CONTROL MEDICO!<\/p>\n<\/div>\n<\/div>\n<\/div>\n<\/div>\n<\/div>\n<\/div>\n<\/div>\n<div class=\"fl-module fl-module-info-box fl-node-59ca9e1d514e2\" data-node=\"59ca9e1d514e2\" data-animation-delay=\"0.0\">\n<div class=\"fl-module-content fl-node-content\">\n<div class=\"uabb-module-content infobox infobox-left \">\n<div class=\"uabb-infobox-left-right-wrap\">\n<div class=\"uabb-infobox-content\">\n<div class=\"uabb-infobox-title-wrap\">\n<h3 class=\"uabb-infobox-title\">INTERACCIONES<\/h3>\n<\/div>\n<div class=\"uabb-infobox-text-wrap\">\n<div class=\"uabb-infobox-text uabb-text-editor\">\n<p>\u00a0Barbit\u00faricos: Inductores enzim\u00e1ticos microsomales, alteran la depuraci\u00f3n; Amiodarona, Antibi\u00f3ticos, Fenitoina; Anticoagulantes Orales: Cumarinicos con aumento de su actividad (revisar dosis) control de INR y Protrombina., formaci\u00f3n de edemas (leve)<\/p>\n<div class=\"uabb-infobox-title-wrap\">\n<h3 class=\"uabb-infobox-title\">FORMULA<\/h3>\n<\/div>\n<div class=\"uabb-infobox-text-wrap\">\n<div class=\"uabb-infobox-text uabb-text-editor\">\n<p>Cada ml de soluci\u00f3n inyectable contiene:<\/p>\n<p><strong>Boldenona Undecilenato\u2026\u2026\u2026\u2026\u2026\u2026\u2026\u2026\u2026250 mg.<\/strong><\/p>\n<p>Excipientes \u2026\u2026\u2026\u2026\u2026\u2026\u2026\u2026\u2026..\u2026c.s.p.<\/p>\n<\/div>\n<\/div>\n<\/div>\n<\/div>\n<\/div>\n<\/div>\n<\/div>\n<\/div>\n<\/div>\n<div class=\"fl-module fl-module-info-box fl-node-59d61af42f687\" data-node=\"59d61af42f687\" data-animation-delay=\"0.0\">\n<div class=\"fl-module-content fl-node-content\">\n<div class=\"uabb-module-content infobox infobox-left \">\n<div class=\"uabb-infobox-left-right-wrap\">\n<div class=\"uabb-infobox-content\">\n<div class=\"uabb-infobox-title-wrap\">\n<h3 class=\"uabb-infobox-title\">QUIEN DEBE DE TENER CUIDADO AL UTILIZAR ESTE MEDICAMENTO?<\/h3>\n<\/div>\n<div class=\"uabb-infobox-text-wrap\">\n<div class=\"uabb-infobox-text uabb-text-editor\">\n<p>Aquellas personas con enfermedades del coraz\u00f3n, presi\u00f3n alta, tumores, \u00a0c\u00e1ncer de mamas y pr\u00f3stata, hiperplasia prost\u00e1tica , transtornos de la conducta , problemas \u00a0del h\u00edgado,\u00a0 mala funci\u00f3n\u00a0 de ri\u00f1ones, calcio desequilibrado en sangre, tiroides., acn\u00e9, piel excesivamente grasa, cuadros respiratorios severos o cr\u00f3nicos.<\/p>\n<\/div>\n<\/div>\n<\/div>\n<\/div>\n<\/div>\n<\/div>\n<\/div>\n<div class=\"fl-module fl-module-info-box fl-node-59d61b18a8df8\" data-node=\"59d61b18a8df8\" data-animation-delay=\"0.0\">\n<div class=\"fl-module-content fl-node-content\">\n<div class=\"uabb-module-content infobox infobox-left \">\n<div class=\"uabb-infobox-left-right-wrap\">\n<div class=\"uabb-infobox-content\">\n<div class=\"uabb-infobox-title-wrap\">\n<h3 class=\"uabb-infobox-title\">PRESENTACI\u00d3N<\/h3>\n<\/div>\n<div class=\"uabb-infobox-text-wrap\">\n<div class=\"uabb-infobox-text uabb-text-editor\">\n<p>Caja conteniendo 1 frasco x 10 ml.(multidosis)<strong>\u00a0<\/strong><\/p>\n<\/div>\n<\/div>\n<\/div>\n<\/div>\n<\/div>\n<\/div>\n<\/div>\n<div class=\"fl-module fl-module-info-box fl-node-59d61b3c529f6\" data-node=\"59d61b3c529f6\" data-animation-delay=\"0.0\">\n<div class=\"fl-module-content fl-node-content\">\n<div class=\"uabb-module-content infobox infobox-left \">\n<div class=\"uabb-infobox-left-right-wrap\">\n<div class=\"uabb-infobox-content\">\n<div class=\"uabb-infobox-title-wrap\">\n<h3 class=\"uabb-infobox-title\">ALMACENAMIENTO<\/h3>\n<\/div>\n<div class=\"uabb-infobox-text-wrap\">\n<div class=\"uabb-infobox-text uabb-text-editor\">\n<p>Mantener a temperatura ambiente (15 \u00b0C a 30\u00b0C) en un lugar seco. Protegido de la luz. Fuera del alcance de los ni\u00f1os y animales dom\u00e9sticos.<\/p>\n<\/div>\n<\/div>\n<\/div>\n<\/div>\n<\/div>\n<\/div>\n<\/div>\n","protected":false},"excerpt":{"rendered":"<div class=\"uabb-infobox-title-wrap\">\n<h3 class=\"uabb-infobox-title\"><span style=\"font-size: 16px;\">La Boldenona es una hormona Androgenica derivada de la testosterona, su formula es C19H2602.<\/span><\/h3>\n<\/div>\n<div class=\"uabb-infobox-text-wrap\">\n<div class=\"uabb-infobox-text uabb-text-editor\">\n<p>La Boldenona es una forma estructuralmente alterada de la testosterona<\/p>\n<\/div>\n<\/div>\n","protected":false},"featured_media":1765,"comment_status":"open","ping_status":"closed","template":"","meta":[],"product_brand":[251],"product_cat":[392],"product_tag":[153,114,249,259],"class_list":{"0":"post-1639","1":"product","2":"type-product","3":"status-publish","4":"has-post-thumbnail","6":"product_brand-landerlan","7":"product_cat-anabolicos","8":"product_tag-anabolicos","9":"product_tag-boldenona","10":"product_tag-landerland","11":"product_tag-landrland","13":"first","14":"instock","15":"sale","16":"shipping-taxable","17":"purchasable","18":"product-type-simple"},"yoast_head":"<!-- This site is optimized with the Yoast SEO plugin v26.8 - https:\/\/yoast.com\/product\/yoast-seo-wordpress\/ -->\n<title>Boldenona Gold 250 mg Landerland - Team Mutan Ecuador<\/title>\n<meta name=\"description\" content=\"La Boldenona es una hormona Androgenica derivada de la testosterona, su formula es C19H2602.La Boldenona es una forma estructuralmente alterada de la testosterona\" \/>\n<meta name=\"robots\" content=\"index, follow, max-snippet:-1, max-image-preview:large, max-video-preview:-1\" \/>\n<link rel=\"canonical\" href=\"https:\/\/teammutantecuador.com\/?product=boldenona-gold-250-mg-landerland\" \/>\n<meta property=\"og:locale\" content=\"es_ES\" \/>\n<meta property=\"og:type\" content=\"article\" \/>\n<meta property=\"og:title\" content=\"Boldenona Gold 250 mg Landerland - Team Mutan Ecuador\" \/>\n<meta property=\"og:description\" content=\"La Boldenona es una hormona Androgenica derivada de la testosterona, su formula es C19H2602.La Boldenona es una forma estructuralmente alterada de la testosterona\" \/>\n<meta property=\"og:url\" content=\"https:\/\/teammutantecuador.com\/?product=boldenona-gold-250-mg-landerland\" \/>\n<meta property=\"og:site_name\" content=\"Team Mutan Ecuador\" \/>\n<meta property=\"article:modified_time\" content=\"2026-01-19T12:02:21+00:00\" \/>\n<meta property=\"og:image\" content=\"https:\/\/teammutantecuador.com\/wp-content\/uploads\/2026\/01\/Diseno-sin-titulo-2026-01-16T235308.960.jpg\" \/>\n\t<meta property=\"og:image:width\" content=\"800\" \/>\n\t<meta property=\"og:image:height\" content=\"800\" \/>\n\t<meta property=\"og:image:type\" content=\"image\/jpeg\" \/>\n<meta name=\"twitter:card\" content=\"summary_large_image\" \/>\n<meta name=\"twitter:label1\" content=\"Tiempo de lectura\" \/>\n\t<meta name=\"twitter:data1\" content=\"3 minutos\" \/>\n<script type=\"application\/ld+json\" class=\"yoast-schema-graph\">{\"@context\":\"https:\/\/schema.org\",\"@graph\":[{\"@type\":\"WebPage\",\"@id\":\"https:\/\/teammutantecuador.com\/?product=boldenona-gold-250-mg-landerland\",\"url\":\"https:\/\/teammutantecuador.com\/?product=boldenona-gold-250-mg-landerland\",\"name\":\"Boldenona Gold 250 mg Landerland - Team Mutan Ecuador\",\"isPartOf\":{\"@id\":\"https:\/\/teammutantecuador.com\/#website\"},\"primaryImageOfPage\":{\"@id\":\"https:\/\/teammutantecuador.com\/?product=boldenona-gold-250-mg-landerland#primaryimage\"},\"image\":{\"@id\":\"https:\/\/teammutantecuador.com\/?product=boldenona-gold-250-mg-landerland#primaryimage\"},\"thumbnailUrl\":\"https:\/\/teammutantecuador.com\/wp-content\/uploads\/2026\/01\/Diseno-sin-titulo-2026-01-16T235308.960.jpg\",\"datePublished\":\"2026-01-17T16:04:35+00:00\",\"dateModified\":\"2026-01-19T12:02:21+00:00\",\"description\":\"La Boldenona es una hormona Androgenica derivada de la testosterona, su formula es C19H2602.La Boldenona es una forma estructuralmente alterada de la testosterona\",\"breadcrumb\":{\"@id\":\"https:\/\/teammutantecuador.com\/?product=boldenona-gold-250-mg-landerland#breadcrumb\"},\"inLanguage\":\"es\",\"potentialAction\":[{\"@type\":\"ReadAction\",\"target\":[\"https:\/\/teammutantecuador.com\/?product=boldenona-gold-250-mg-landerland\"]}]},{\"@type\":\"ImageObject\",\"inLanguage\":\"es\",\"@id\":\"https:\/\/teammutantecuador.com\/?product=boldenona-gold-250-mg-landerland#primaryimage\",\"url\":\"https:\/\/teammutantecuador.com\/wp-content\/uploads\/2026\/01\/Diseno-sin-titulo-2026-01-16T235308.960.jpg\",\"contentUrl\":\"https:\/\/teammutantecuador.com\/wp-content\/uploads\/2026\/01\/Diseno-sin-titulo-2026-01-16T235308.960.jpg\",\"width\":800,\"height\":800,\"caption\":\"Boldenona Gold 250 mg Landerland\"},{\"@type\":\"BreadcrumbList\",\"@id\":\"https:\/\/teammutantecuador.com\/?product=boldenona-gold-250-mg-landerland#breadcrumb\",\"itemListElement\":[{\"@type\":\"ListItem\",\"position\":1,\"name\":\"Portada\",\"item\":\"https:\/\/teammutantecuador.com\/\"},{\"@type\":\"ListItem\",\"position\":2,\"name\":\"Shop\",\"item\":\"https:\/\/teammutantecuador.com\/?page_id=6\"},{\"@type\":\"ListItem\",\"position\":3,\"name\":\"Boldenona Gold 250 mg Landerland\"}]},{\"@type\":\"WebSite\",\"@id\":\"https:\/\/teammutantecuador.com\/#website\",\"url\":\"https:\/\/teammutantecuador.com\/\",\"name\":\"Team Mutan Ecuador\",\"description\":\"Just another WordPress site\",\"publisher\":{\"@id\":\"https:\/\/teammutantecuador.com\/#organization\"},\"potentialAction\":[{\"@type\":\"SearchAction\",\"target\":{\"@type\":\"EntryPoint\",\"urlTemplate\":\"https:\/\/teammutantecuador.com\/?s={search_term_string}\"},\"query-input\":{\"@type\":\"PropertyValueSpecification\",\"valueRequired\":true,\"valueName\":\"search_term_string\"}}],\"inLanguage\":\"es\"},{\"@type\":\"Organization\",\"@id\":\"https:\/\/teammutantecuador.com\/#organization\",\"name\":\"Team Mutan Ecuador\",\"url\":\"https:\/\/teammutantecuador.com\/\",\"logo\":{\"@type\":\"ImageObject\",\"inLanguage\":\"es\",\"@id\":\"https:\/\/teammutantecuador.com\/#\/schema\/logo\/image\/\",\"url\":\"https:\/\/teammutantecuador.com\/wp-content\/uploads\/2026\/01\/Diseno-sin-titulo-97.png\",\"contentUrl\":\"https:\/\/teammutantecuador.com\/wp-content\/uploads\/2026\/01\/Diseno-sin-titulo-97.png\",\"width\":500,\"height\":300,\"caption\":\"Team Mutan Ecuador\"},\"image\":{\"@id\":\"https:\/\/teammutantecuador.com\/#\/schema\/logo\/image\/\"}}]}<\/script>\n<!-- \/ Yoast SEO plugin. -->","yoast_head_json":{"title":"Boldenona Gold 250 mg Landerland - Team Mutan Ecuador","description":"La Boldenona es una hormona Androgenica derivada de la testosterona, su formula es C19H2602.La Boldenona es una forma estructuralmente alterada de la testosterona","robots":{"index":"index","follow":"follow","max-snippet":"max-snippet:-1","max-image-preview":"max-image-preview:large","max-video-preview":"max-video-preview:-1"},"canonical":"https:\/\/teammutantecuador.com\/?product=boldenona-gold-250-mg-landerland","og_locale":"es_ES","og_type":"article","og_title":"Boldenona Gold 250 mg Landerland - Team Mutan Ecuador","og_description":"La Boldenona es una hormona Androgenica derivada de la testosterona, su formula es C19H2602.La Boldenona es una forma estructuralmente alterada de la testosterona","og_url":"https:\/\/teammutantecuador.com\/?product=boldenona-gold-250-mg-landerland","og_site_name":"Team Mutan Ecuador","article_modified_time":"2026-01-19T12:02:21+00:00","og_image":[{"width":800,"height":800,"url":"https:\/\/teammutantecuador.com\/wp-content\/uploads\/2026\/01\/Diseno-sin-titulo-2026-01-16T235308.960.jpg","type":"image\/jpeg"}],"twitter_card":"summary_large_image","twitter_misc":{"Tiempo de lectura":"3 minutos"},"schema":{"@context":"https:\/\/schema.org","@graph":[{"@type":"WebPage","@id":"https:\/\/teammutantecuador.com\/?product=boldenona-gold-250-mg-landerland","url":"https:\/\/teammutantecuador.com\/?product=boldenona-gold-250-mg-landerland","name":"Boldenona Gold 250 mg Landerland - Team Mutan Ecuador","isPartOf":{"@id":"https:\/\/teammutantecuador.com\/#website"},"primaryImageOfPage":{"@id":"https:\/\/teammutantecuador.com\/?product=boldenona-gold-250-mg-landerland#primaryimage"},"image":{"@id":"https:\/\/teammutantecuador.com\/?product=boldenona-gold-250-mg-landerland#primaryimage"},"thumbnailUrl":"https:\/\/teammutantecuador.com\/wp-content\/uploads\/2026\/01\/Diseno-sin-titulo-2026-01-16T235308.960.jpg","datePublished":"2026-01-17T16:04:35+00:00","dateModified":"2026-01-19T12:02:21+00:00","description":"La Boldenona es una hormona Androgenica derivada de la testosterona, su formula es C19H2602.La Boldenona es una forma estructuralmente alterada de la testosterona","breadcrumb":{"@id":"https:\/\/teammutantecuador.com\/?product=boldenona-gold-250-mg-landerland#breadcrumb"},"inLanguage":"es","potentialAction":[{"@type":"ReadAction","target":["https:\/\/teammutantecuador.com\/?product=boldenona-gold-250-mg-landerland"]}]},{"@type":"ImageObject","inLanguage":"es","@id":"https:\/\/teammutantecuador.com\/?product=boldenona-gold-250-mg-landerland#primaryimage","url":"https:\/\/teammutantecuador.com\/wp-content\/uploads\/2026\/01\/Diseno-sin-titulo-2026-01-16T235308.960.jpg","contentUrl":"https:\/\/teammutantecuador.com\/wp-content\/uploads\/2026\/01\/Diseno-sin-titulo-2026-01-16T235308.960.jpg","width":800,"height":800,"caption":"Boldenona Gold 250 mg Landerland"},{"@type":"BreadcrumbList","@id":"https:\/\/teammutantecuador.com\/?product=boldenona-gold-250-mg-landerland#breadcrumb","itemListElement":[{"@type":"ListItem","position":1,"name":"Portada","item":"https:\/\/teammutantecuador.com\/"},{"@type":"ListItem","position":2,"name":"Shop","item":"https:\/\/teammutantecuador.com\/?page_id=6"},{"@type":"ListItem","position":3,"name":"Boldenona Gold 250 mg Landerland"}]},{"@type":"WebSite","@id":"https:\/\/teammutantecuador.com\/#website","url":"https:\/\/teammutantecuador.com\/","name":"Team Mutan Ecuador","description":"Just another WordPress site","publisher":{"@id":"https:\/\/teammutantecuador.com\/#organization"},"potentialAction":[{"@type":"SearchAction","target":{"@type":"EntryPoint","urlTemplate":"https:\/\/teammutantecuador.com\/?s={search_term_string}"},"query-input":{"@type":"PropertyValueSpecification","valueRequired":true,"valueName":"search_term_string"}}],"inLanguage":"es"},{"@type":"Organization","@id":"https:\/\/teammutantecuador.com\/#organization","name":"Team Mutan Ecuador","url":"https:\/\/teammutantecuador.com\/","logo":{"@type":"ImageObject","inLanguage":"es","@id":"https:\/\/teammutantecuador.com\/#\/schema\/logo\/image\/","url":"https:\/\/teammutantecuador.com\/wp-content\/uploads\/2026\/01\/Diseno-sin-titulo-97.png","contentUrl":"https:\/\/teammutantecuador.com\/wp-content\/uploads\/2026\/01\/Diseno-sin-titulo-97.png","width":500,"height":300,"caption":"Team Mutan Ecuador"},"image":{"@id":"https:\/\/teammutantecuador.com\/#\/schema\/logo\/image\/"}}]}},"_links":{"self":[{"href":"https:\/\/teammutantecuador.com\/index.php?rest_route=\/wp\/v2\/product\/1639","targetHints":{"allow":["GET"]}}],"collection":[{"href":"https:\/\/teammutantecuador.com\/index.php?rest_route=\/wp\/v2\/product"}],"about":[{"href":"https:\/\/teammutantecuador.com\/index.php?rest_route=\/wp\/v2\/types\/product"}],"replies":[{"embeddable":true,"href":"https:\/\/teammutantecuador.com\/index.php?rest_route=%2Fwp%2Fv2%2Fcomments&post=1639"}],"wp:featuredmedia":[{"embeddable":true,"href":"https:\/\/teammutantecuador.com\/index.php?rest_route=\/wp\/v2\/media\/1765"}],"wp:attachment":[{"href":"https:\/\/teammutantecuador.com\/index.php?rest_route=%2Fwp%2Fv2%2Fmedia&parent=1639"}],"wp:term":[{"taxonomy":"product_brand","embeddable":true,"href":"https:\/\/teammutantecuador.com\/index.php?rest_route=%2Fwp%2Fv2%2Fproduct_brand&post=1639"},{"taxonomy":"product_cat","embeddable":true,"href":"https:\/\/teammutantecuador.com\/index.php?rest_route=%2Fwp%2Fv2%2Fproduct_cat&post=1639"},{"taxonomy":"product_tag","embeddable":true,"href":"https:\/\/teammutantecuador.com\/index.php?rest_route=%2Fwp%2Fv2%2Fproduct_tag&post=1639"}],"curies":[{"name":"wp","href":"https:\/\/api.w.org\/{rel}","templated":true}]}}