{"id":1636,"date":"2026-01-17T16:04:35","date_gmt":"2026-01-17T16:04:35","guid":{"rendered":"https:\/\/teammutantecuador.com\/?post_type=product&#038;p=1636"},"modified":"2026-01-21T11:04:35","modified_gmt":"2026-01-21T11:04:35","slug":"trembolona-enantato-200mg-ml-10ml-landerlan-gold","status":"publish","type":"product","link":"https:\/\/teammutantecuador.com\/?product=trembolona-enantato-200mg-ml-10ml-landerlan-gold","title":{"rendered":"Trembolona Enantato 200mg\/ml 10ml Landerlan Gold"},"content":{"rendered":"<h2>Trembolona Enantato 200mg\/ml 10ml Landerlan Gold<\/h2>\n<ul>\n<li><strong>Forma de administraci\u00f3n:<\/strong>\u00a0Inyecci\u00f3n intramuscular<\/li>\n<li><strong>Compuesto activo:<\/strong>\u00a0Enantato de trembolona.<\/li>\n<li><strong>Dosis tentativa:<\/strong>\u00a0Entre 250 y 1000 mg\/semana.<\/li>\n<li><strong>Tipo:<\/strong>\u00a0Ciclo de incremento de masa muscular \/ volumen \/ fuerza.<\/li>\n<li><strong>Nivel:<\/strong>\u00a0Avanzado<\/li>\n<\/ul>\n<p><strong>Trembolona Enantato<\/strong> es un esteroide inyectable de larga acci\u00f3n con un gran efecto sobre el metabolismo de las prote\u00ednas. la trembolona es uno de los mejores compuestos anab\u00f3licos eficaz, la promoci\u00f3n de la s\u00edntesis de prote\u00ednas, as\u00ed como la creaci\u00f3n de un balance positivo de nitr\u00f3geno. Es un estimulante del apetito y mejora la conversi\u00f3n de las prote\u00ednas.<\/p>\n<p>En pruebas de laboratorio, se ha demostrado que aumenta la prote\u00edna de <strong>trembolona<\/strong> y disminuye la acumulaci\u00f3n de grasa. Ha demostrado ser un excelente producto para la promoci\u00f3n de tama\u00f1o y fuerza en la presencia de cantidades adecuadas de prote\u00edna y calor\u00edas, promueve la construcci\u00f3n de los procesos corporales de tejido, y puede invertir catabolismo.<\/p>\n<p>Debido a su \u00e9ster particular, <strong>enantato de trembolona<\/strong> es m\u00e1s lento de acci\u00f3n que el <strong>acetato de trembolona<\/strong> y de acci\u00f3n m\u00e1s r\u00e1pida que hexahydrobenzylcarbonate trembolona. Sobre la base de su estructura molecular, enantato trenabol te\u00f3ricamente es m\u00e1s fuerte que el acetato de trembolona o hexahydrobenzylcarbonate trembolona.<\/p>\n<p>Trenbolona es un andr\u00f3geno muy potente con actividad anab\u00f3lica fuerte. Es muy adecuado para la r\u00e1pida acumulaci\u00f3n de fuerza y masa muscular, usualmente proporcionando al usuario resultados excepcionales en un per\u00edodo de tiempo relativamente corto. El efecto anab\u00f3lico de esta droga es a menudo comparado con populares agentes de carga, tales como la testosterona o dianabol, con una diferencia muy importante. Trembolona no convierte a los estr\u00f3genos. Este es de hecho un compuesto muy singular ya que los f\u00e1rmacos de masas, casi como una regla, se aromatiza (estr\u00f3geno o causar otros problemas relacionados con) mucho.<\/p>\n<p>Cuando pensamos en tener m\u00e1s leves (en relaci\u00f3n con el estr\u00f3geno) esteroides por lo general esperan que el crecimiento muscular mucho m\u00e1s d\u00e9bil, pero no as\u00ed con trembolona. Aqu\u00ed no tiene que preocuparse de los efectos secundarios relacionados con los estr\u00f3genos, y a\u00fan as\u00ed tener una masa extremadamente potente \/ drogas fuerza. No hay retenci\u00f3n de agua notable, por lo que la masa obtenida en un ciclo de trembolona ser\u00e1 muy duro y definido (siempre que los niveles de grasa son lo suficientemente bajas). La ginecomastia no es tambi\u00e9n parte de una preocupaci\u00f3n, por lo que no deber\u00eda haber ninguna necesidad de adem\u00e1s un anti-estr\u00f3geno si trembolona es el \u00fanico esteroide administrado.<\/p>\n<p>El nivel de andr\u00f3genos resultantes de este esteroide, en la ausencia es el exceso de estr\u00f3genos, tambi\u00e9n puede acelerar la quema de grasa corporal. El resultado debe ser un f\u00edsico m\u00e1s estricto, es de esperar, sin la necesidad de dietas extremas. Trembolona por lo tanto puede ayudar a lograr un incre\u00edblemente duro, arranc\u00f3 f\u00edsico y es un producto ideal para los culturistas competitivos.<\/p>\n<p>De trembolona es notablemente m\u00e1s potente que la testosterona, y tiene un efecto que es tanto como tres veces m\u00e1s fuerte sobre la base de un miligramo por miligramo. Del mismo modo, podemos esperar ver a alg\u00fan nivel de efectos secundarios androg\u00e9nicos con el uso de este compuesto.<\/p>\n<p>La piel aceitosa, conducta agresiva, acn\u00e9 y p\u00e9rdida del cabello por lo tanto no infrecuente durante un ciclo con este esteroide. La naturaleza androg\u00e9nica de esta droga, por supuesto, hace que sea un tema muy riesgoso para las mujeres de usar, la posibilidad de que los s\u00edntomas de virilizaci\u00f3n muy alto con tan potente andr\u00f3geno.<\/p>\n<p>De trembolona es tambi\u00e9n mucho m\u00e1s potente que la testosterona a suprimir la producci\u00f3n de andr\u00f3genos end\u00f3genos. Esto deja claro el hecho de que el estr\u00f3geno no es el \u00fanico culpable con la inhibici\u00f3n de retroalimentaci\u00f3n negativa, como aqu\u00ed no hay acumulaci\u00f3n de esta hormona que reporte aqu\u00ed. Sin embargo, existe una cierta actividad como una progestina inherente en este compuesto, como trembolona es un 19-nortestosterona (nandrolona), derivados (un rasgo caracter\u00edstico de estos compuestos). Sin embargo, parece probable que gran parte de su naturaleza represiva a\u00fan se deriva de su acci\u00f3n androg\u00e9nica de gran alcance.<\/p>\n<p>Con la trembolona fuerte impacto tiene sobre la testosterona end\u00f3gena, por supuesto, el uso de una droga estimulante como\u00a0Hcg\u00a0y\/o\u00a0Clomid\u00a0\/ nolvadex se recomienda al concluir el tratamiento con esteroides (se prefiere una combinaci\u00f3n). Sin su uso puede tener un per\u00edodo prolongado de tiempo para el equilibrio hormonal para continuar, ya que los test\u00edculos no al principio puede ser capaz de responder normalmente a la salida de la continuaci\u00f3n de las gonadotropinas end\u00f3genas debido a un estado atrofiado. Los que han utilizado regularmente trembolona menudo afirman que es imprescindible.<\/p>\n<p>Una dosis de 200 mg de semana es la gama m\u00e1s popular cuando se ejecuta un ciclo. Mientras trembolona es muy potente cuando se usan solos, en general se combina con otros esteroides para un efecto a\u00fan mayor.<\/p>\n","protected":false},"excerpt":{"rendered":"<p>Trembolona Enantato es un esteroide inyectable de larga acci\u00f3n con un gran efecto sobre el metabolismo de las prote\u00ednas. la trembolona es uno de los mejores compuestos anab\u00f3licos eficaz, la promoci\u00f3n de la s\u00edntesis de prote\u00ednas, as\u00ed como la creaci\u00f3n de un balance positivo de nitr\u00f3geno.<\/p>\n","protected":false},"featured_media":1814,"comment_status":"open","ping_status":"closed","template":"","meta":[],"product_brand":[251],"product_cat":[392],"product_tag":[249,255,256],"class_list":{"0":"post-1636","1":"product","2":"type-product","3":"status-publish","4":"has-post-thumbnail","6":"product_brand-landerlan","7":"product_cat-anabolicos","8":"product_tag-landerland","9":"product_tag-trembo-enantado","10":"product_tag-trembolone","12":"first","13":"instock","14":"sale","15":"shipping-taxable","16":"purchasable","17":"product-type-simple"},"yoast_head":"<!-- This site is optimized with the Yoast SEO plugin v26.8 - https:\/\/yoast.com\/product\/yoast-seo-wordpress\/ -->\n<title>Trembolona Enantato 200mg\/ml 10ml Landerlan Gold - Team Mutan Ecuador<\/title>\n<meta name=\"description\" content=\"Trembolona Enantato es un esteroide inyectable de larga acci\u00f3n con un gran efecto sobre el metabolismo de las prote\u00ednas. la trembolona es uno de los mejores compuestos anab\u00f3licos eficaz, la promoci\u00f3n de la s\u00edntesis de prote\u00ednas, as\u00ed como la creaci\u00f3n de un balance positivo de nitr\u00f3geno.\" \/>\n<meta name=\"robots\" content=\"index, follow, max-snippet:-1, max-image-preview:large, max-video-preview:-1\" \/>\n<link rel=\"canonical\" href=\"https:\/\/teammutantecuador.com\/?product=trembolona-enantato-200mg-ml-10ml-landerlan-gold\" \/>\n<meta property=\"og:locale\" content=\"es_ES\" \/>\n<meta property=\"og:type\" content=\"article\" \/>\n<meta property=\"og:title\" content=\"Trembolona Enantato 200mg\/ml 10ml Landerlan Gold - Team Mutan Ecuador\" \/>\n<meta property=\"og:description\" content=\"Trembolona Enantato es un esteroide inyectable de larga acci\u00f3n con un gran efecto sobre el metabolismo de las prote\u00ednas. la trembolona es uno de los mejores compuestos anab\u00f3licos eficaz, la promoci\u00f3n de la s\u00edntesis de prote\u00ednas, as\u00ed como la creaci\u00f3n de un balance positivo de nitr\u00f3geno.\" \/>\n<meta property=\"og:url\" content=\"https:\/\/teammutantecuador.com\/?product=trembolona-enantato-200mg-ml-10ml-landerlan-gold\" \/>\n<meta property=\"og:site_name\" content=\"Team Mutan Ecuador\" \/>\n<meta property=\"article:modified_time\" content=\"2026-01-21T11:04:35+00:00\" \/>\n<meta property=\"og:image\" content=\"https:\/\/teammutantecuador.com\/wp-content\/uploads\/2026\/01\/Primobolan-100-Mg-Mutant-Pharma-18.jpg\" \/>\n\t<meta property=\"og:image:width\" content=\"800\" \/>\n\t<meta property=\"og:image:height\" content=\"800\" \/>\n\t<meta property=\"og:image:type\" content=\"image\/jpeg\" \/>\n<meta name=\"twitter:card\" content=\"summary_large_image\" \/>\n<meta name=\"twitter:label1\" content=\"Tiempo de lectura\" \/>\n\t<meta name=\"twitter:data1\" content=\"4 minutos\" \/>\n<script type=\"application\/ld+json\" class=\"yoast-schema-graph\">{\"@context\":\"https:\/\/schema.org\",\"@graph\":[{\"@type\":\"WebPage\",\"@id\":\"https:\/\/teammutantecuador.com\/?product=trembolona-enantato-200mg-ml-10ml-landerlan-gold\",\"url\":\"https:\/\/teammutantecuador.com\/?product=trembolona-enantato-200mg-ml-10ml-landerlan-gold\",\"name\":\"Trembolona Enantato 200mg\/ml 10ml Landerlan Gold - Team Mutan Ecuador\",\"isPartOf\":{\"@id\":\"https:\/\/teammutantecuador.com\/#website\"},\"primaryImageOfPage\":{\"@id\":\"https:\/\/teammutantecuador.com\/?product=trembolona-enantato-200mg-ml-10ml-landerlan-gold#primaryimage\"},\"image\":{\"@id\":\"https:\/\/teammutantecuador.com\/?product=trembolona-enantato-200mg-ml-10ml-landerlan-gold#primaryimage\"},\"thumbnailUrl\":\"https:\/\/teammutantecuador.com\/wp-content\/uploads\/2026\/01\/Primobolan-100-Mg-Mutant-Pharma-18.jpg\",\"datePublished\":\"2026-01-17T16:04:35+00:00\",\"dateModified\":\"2026-01-21T11:04:35+00:00\",\"description\":\"Trembolona Enantato es un esteroide inyectable de larga acci\u00f3n con un gran efecto sobre el metabolismo de las prote\u00ednas. la trembolona es uno de los mejores compuestos anab\u00f3licos eficaz, la promoci\u00f3n de la s\u00edntesis de prote\u00ednas, as\u00ed como la creaci\u00f3n de un balance positivo de nitr\u00f3geno.\",\"breadcrumb\":{\"@id\":\"https:\/\/teammutantecuador.com\/?product=trembolona-enantato-200mg-ml-10ml-landerlan-gold#breadcrumb\"},\"inLanguage\":\"es\",\"potentialAction\":[{\"@type\":\"ReadAction\",\"target\":[\"https:\/\/teammutantecuador.com\/?product=trembolona-enantato-200mg-ml-10ml-landerlan-gold\"]}]},{\"@type\":\"ImageObject\",\"inLanguage\":\"es\",\"@id\":\"https:\/\/teammutantecuador.com\/?product=trembolona-enantato-200mg-ml-10ml-landerlan-gold#primaryimage\",\"url\":\"https:\/\/teammutantecuador.com\/wp-content\/uploads\/2026\/01\/Primobolan-100-Mg-Mutant-Pharma-18.jpg\",\"contentUrl\":\"https:\/\/teammutantecuador.com\/wp-content\/uploads\/2026\/01\/Primobolan-100-Mg-Mutant-Pharma-18.jpg\",\"width\":800,\"height\":800,\"caption\":\"Trembolona Enantato 200mg\/ml 10ml Landerlan Gold\"},{\"@type\":\"BreadcrumbList\",\"@id\":\"https:\/\/teammutantecuador.com\/?product=trembolona-enantato-200mg-ml-10ml-landerlan-gold#breadcrumb\",\"itemListElement\":[{\"@type\":\"ListItem\",\"position\":1,\"name\":\"Portada\",\"item\":\"https:\/\/teammutantecuador.com\/\"},{\"@type\":\"ListItem\",\"position\":2,\"name\":\"Shop\",\"item\":\"https:\/\/teammutantecuador.com\/?page_id=6\"},{\"@type\":\"ListItem\",\"position\":3,\"name\":\"Trembolona Enantato 200mg\/ml 10ml Landerlan Gold\"}]},{\"@type\":\"WebSite\",\"@id\":\"https:\/\/teammutantecuador.com\/#website\",\"url\":\"https:\/\/teammutantecuador.com\/\",\"name\":\"Team Mutan Ecuador\",\"description\":\"Just another WordPress site\",\"publisher\":{\"@id\":\"https:\/\/teammutantecuador.com\/#organization\"},\"potentialAction\":[{\"@type\":\"SearchAction\",\"target\":{\"@type\":\"EntryPoint\",\"urlTemplate\":\"https:\/\/teammutantecuador.com\/?s={search_term_string}\"},\"query-input\":{\"@type\":\"PropertyValueSpecification\",\"valueRequired\":true,\"valueName\":\"search_term_string\"}}],\"inLanguage\":\"es\"},{\"@type\":\"Organization\",\"@id\":\"https:\/\/teammutantecuador.com\/#organization\",\"name\":\"Team Mutan Ecuador\",\"url\":\"https:\/\/teammutantecuador.com\/\",\"logo\":{\"@type\":\"ImageObject\",\"inLanguage\":\"es\",\"@id\":\"https:\/\/teammutantecuador.com\/#\/schema\/logo\/image\/\",\"url\":\"https:\/\/teammutantecuador.com\/wp-content\/uploads\/2026\/01\/Diseno-sin-titulo-97.png\",\"contentUrl\":\"https:\/\/teammutantecuador.com\/wp-content\/uploads\/2026\/01\/Diseno-sin-titulo-97.png\",\"width\":500,\"height\":300,\"caption\":\"Team Mutan Ecuador\"},\"image\":{\"@id\":\"https:\/\/teammutantecuador.com\/#\/schema\/logo\/image\/\"}}]}<\/script>\n<!-- \/ Yoast SEO plugin. -->","yoast_head_json":{"title":"Trembolona Enantato 200mg\/ml 10ml Landerlan Gold - Team Mutan Ecuador","description":"Trembolona Enantato es un esteroide inyectable de larga acci\u00f3n con un gran efecto sobre el metabolismo de las prote\u00ednas. la trembolona es uno de los mejores compuestos anab\u00f3licos eficaz, la promoci\u00f3n de la s\u00edntesis de prote\u00ednas, as\u00ed como la creaci\u00f3n de un balance positivo de nitr\u00f3geno.","robots":{"index":"index","follow":"follow","max-snippet":"max-snippet:-1","max-image-preview":"max-image-preview:large","max-video-preview":"max-video-preview:-1"},"canonical":"https:\/\/teammutantecuador.com\/?product=trembolona-enantato-200mg-ml-10ml-landerlan-gold","og_locale":"es_ES","og_type":"article","og_title":"Trembolona Enantato 200mg\/ml 10ml Landerlan Gold - Team Mutan Ecuador","og_description":"Trembolona Enantato es un esteroide inyectable de larga acci\u00f3n con un gran efecto sobre el metabolismo de las prote\u00ednas. la trembolona es uno de los mejores compuestos anab\u00f3licos eficaz, la promoci\u00f3n de la s\u00edntesis de prote\u00ednas, as\u00ed como la creaci\u00f3n de un balance positivo de nitr\u00f3geno.","og_url":"https:\/\/teammutantecuador.com\/?product=trembolona-enantato-200mg-ml-10ml-landerlan-gold","og_site_name":"Team Mutan Ecuador","article_modified_time":"2026-01-21T11:04:35+00:00","og_image":[{"width":800,"height":800,"url":"https:\/\/teammutantecuador.com\/wp-content\/uploads\/2026\/01\/Primobolan-100-Mg-Mutant-Pharma-18.jpg","type":"image\/jpeg"}],"twitter_card":"summary_large_image","twitter_misc":{"Tiempo de lectura":"4 minutos"},"schema":{"@context":"https:\/\/schema.org","@graph":[{"@type":"WebPage","@id":"https:\/\/teammutantecuador.com\/?product=trembolona-enantato-200mg-ml-10ml-landerlan-gold","url":"https:\/\/teammutantecuador.com\/?product=trembolona-enantato-200mg-ml-10ml-landerlan-gold","name":"Trembolona Enantato 200mg\/ml 10ml Landerlan Gold - Team Mutan Ecuador","isPartOf":{"@id":"https:\/\/teammutantecuador.com\/#website"},"primaryImageOfPage":{"@id":"https:\/\/teammutantecuador.com\/?product=trembolona-enantato-200mg-ml-10ml-landerlan-gold#primaryimage"},"image":{"@id":"https:\/\/teammutantecuador.com\/?product=trembolona-enantato-200mg-ml-10ml-landerlan-gold#primaryimage"},"thumbnailUrl":"https:\/\/teammutantecuador.com\/wp-content\/uploads\/2026\/01\/Primobolan-100-Mg-Mutant-Pharma-18.jpg","datePublished":"2026-01-17T16:04:35+00:00","dateModified":"2026-01-21T11:04:35+00:00","description":"Trembolona Enantato es un esteroide inyectable de larga acci\u00f3n con un gran efecto sobre el metabolismo de las prote\u00ednas. la trembolona es uno de los mejores compuestos anab\u00f3licos eficaz, la promoci\u00f3n de la s\u00edntesis de prote\u00ednas, as\u00ed como la creaci\u00f3n de un balance positivo de nitr\u00f3geno.","breadcrumb":{"@id":"https:\/\/teammutantecuador.com\/?product=trembolona-enantato-200mg-ml-10ml-landerlan-gold#breadcrumb"},"inLanguage":"es","potentialAction":[{"@type":"ReadAction","target":["https:\/\/teammutantecuador.com\/?product=trembolona-enantato-200mg-ml-10ml-landerlan-gold"]}]},{"@type":"ImageObject","inLanguage":"es","@id":"https:\/\/teammutantecuador.com\/?product=trembolona-enantato-200mg-ml-10ml-landerlan-gold#primaryimage","url":"https:\/\/teammutantecuador.com\/wp-content\/uploads\/2026\/01\/Primobolan-100-Mg-Mutant-Pharma-18.jpg","contentUrl":"https:\/\/teammutantecuador.com\/wp-content\/uploads\/2026\/01\/Primobolan-100-Mg-Mutant-Pharma-18.jpg","width":800,"height":800,"caption":"Trembolona Enantato 200mg\/ml 10ml Landerlan Gold"},{"@type":"BreadcrumbList","@id":"https:\/\/teammutantecuador.com\/?product=trembolona-enantato-200mg-ml-10ml-landerlan-gold#breadcrumb","itemListElement":[{"@type":"ListItem","position":1,"name":"Portada","item":"https:\/\/teammutantecuador.com\/"},{"@type":"ListItem","position":2,"name":"Shop","item":"https:\/\/teammutantecuador.com\/?page_id=6"},{"@type":"ListItem","position":3,"name":"Trembolona Enantato 200mg\/ml 10ml Landerlan Gold"}]},{"@type":"WebSite","@id":"https:\/\/teammutantecuador.com\/#website","url":"https:\/\/teammutantecuador.com\/","name":"Team Mutan Ecuador","description":"Just another WordPress site","publisher":{"@id":"https:\/\/teammutantecuador.com\/#organization"},"potentialAction":[{"@type":"SearchAction","target":{"@type":"EntryPoint","urlTemplate":"https:\/\/teammutantecuador.com\/?s={search_term_string}"},"query-input":{"@type":"PropertyValueSpecification","valueRequired":true,"valueName":"search_term_string"}}],"inLanguage":"es"},{"@type":"Organization","@id":"https:\/\/teammutantecuador.com\/#organization","name":"Team Mutan Ecuador","url":"https:\/\/teammutantecuador.com\/","logo":{"@type":"ImageObject","inLanguage":"es","@id":"https:\/\/teammutantecuador.com\/#\/schema\/logo\/image\/","url":"https:\/\/teammutantecuador.com\/wp-content\/uploads\/2026\/01\/Diseno-sin-titulo-97.png","contentUrl":"https:\/\/teammutantecuador.com\/wp-content\/uploads\/2026\/01\/Diseno-sin-titulo-97.png","width":500,"height":300,"caption":"Team Mutan Ecuador"},"image":{"@id":"https:\/\/teammutantecuador.com\/#\/schema\/logo\/image\/"}}]}},"_links":{"self":[{"href":"https:\/\/teammutantecuador.com\/index.php?rest_route=\/wp\/v2\/product\/1636","targetHints":{"allow":["GET"]}}],"collection":[{"href":"https:\/\/teammutantecuador.com\/index.php?rest_route=\/wp\/v2\/product"}],"about":[{"href":"https:\/\/teammutantecuador.com\/index.php?rest_route=\/wp\/v2\/types\/product"}],"replies":[{"embeddable":true,"href":"https:\/\/teammutantecuador.com\/index.php?rest_route=%2Fwp%2Fv2%2Fcomments&post=1636"}],"wp:featuredmedia":[{"embeddable":true,"href":"https:\/\/teammutantecuador.com\/index.php?rest_route=\/wp\/v2\/media\/1814"}],"wp:attachment":[{"href":"https:\/\/teammutantecuador.com\/index.php?rest_route=%2Fwp%2Fv2%2Fmedia&parent=1636"}],"wp:term":[{"taxonomy":"product_brand","embeddable":true,"href":"https:\/\/teammutantecuador.com\/index.php?rest_route=%2Fwp%2Fv2%2Fproduct_brand&post=1636"},{"taxonomy":"product_cat","embeddable":true,"href":"https:\/\/teammutantecuador.com\/index.php?rest_route=%2Fwp%2Fv2%2Fproduct_cat&post=1636"},{"taxonomy":"product_tag","embeddable":true,"href":"https:\/\/teammutantecuador.com\/index.php?rest_route=%2Fwp%2Fv2%2Fproduct_tag&post=1636"}],"curies":[{"name":"wp","href":"https:\/\/api.w.org\/{rel}","templated":true}]}}