{"id":1635,"date":"2026-01-17T16:04:35","date_gmt":"2026-01-17T16:04:35","guid":{"rendered":"https:\/\/teammutantecuador.com\/?post_type=product&#038;p=1635"},"modified":"2026-01-20T16:16:45","modified_gmt":"2026-01-20T16:16:45","slug":"masteron-drostanolona-propionato-100mg-10ml-landerlan-gold","status":"publish","type":"product","link":"https:\/\/teammutantecuador.com\/?product=masteron-drostanolona-propionato-100mg-10ml-landerlan-gold","title":{"rendered":"Masteron Drostanolona Propionato 100mg 10ml Landerlan Gold"},"content":{"rendered":"<h2>Masteron Drostanolona Propionato\u00a0Landerlan Gold Series Premium<\/h2>\n<p>Forma farmaceutica\u00a0Masteron Drostanolona Propionato Landerlan<\/p>\n<ul class=\"short-info\">\n<li>Clase de medicamento:\u00a0anab\u00f3licos esteroides (por inyecci\u00f3n intramuscular)<\/li>\n<li>La vida activa:\u00a03 d\u00edas<\/li>\n<li>Dosis media:\u00a0Hombres 350-500 mg \/ semana, Mujeres 75-150 mg \/ semana<\/li>\n<li>Toxicidad en h\u00edgado:\u00a0Baja<\/li>\n<li>Tasa de aromatizaci\u00f3n:\u00a0Ninguno<\/li>\n<li>Conversi\u00f3n DHT:\u00a0Ninguno<\/li>\n<li>Disminuir la funci\u00f3n ATAR:\u00a0S\u00ed (se debe utilizar\u00a0Post Ciclo)<\/li>\n<li>Tasa Anab\u00f3lico \/ androg\u00e9nico:\u00a062:25<\/li>\n<li class=\"active-substance\"><span class=\"left\">Substancia activa:\u00a0<\/span>Drostanolona propionato de 100 mg \/ ml<\/li>\n<\/ul>\n<p><strong>Masteron<\/strong>\u00a0es quiz\u00e1s uno de los m\u00e1s ex\u00f3ticos \/ androg\u00e9nicos\u00a0esteroides anab\u00f3licos\u00a0que pueden ser utilizados por un atleta.\u00a0Originalmente fue desarrollado y utilizado como un anti-estr\u00f3geno para el tratamiento del c\u00e1ncer de mama.\u00a0Se utiliza en gran parte en combinaci\u00f3n con el SERM (Selective Estrogen Receptor Modulator) tamoxifeno (Nolvadex) para el tratamiento de c\u00e1ncer de mama, y da\u00a0una disminuci\u00f3n significativa en los niveles de estr\u00f3geno en mujeres sometidas a dicho tratamiento.\u00a0No se utiliza mucho en la actualidad para tales fines, por diversas razones, sin embargo, para muchos atletas incluidos los culturistas competitivos, en particular, Remastril 100 Masteron sigue siendo uno de los productos favoritos.\u00a0El hecho de que Masteron\u00a0estaba siendo utilizado como un anti-estr\u00f3geno va sugerir mucho sobre algunas propiedades que Masteron\u00a0posee.<\/p>\n<p><strong>Masteron\u00a0<\/strong>\u00a0es un derivado de DHT (dihidrotestosterona) y no se convierte en estr\u00f3genos a trav\u00e9s de medios de aromatizaci\u00f3n.\u00a0Se cree que las propiedades anti-estrog\u00e9nicas de\u00a0<strong>Masteron Landerlan<\/strong>\u00a0pueden ser, en parte, a una inhibici\u00f3n de la enzima aromatasa o una interacci\u00f3n con el estr\u00f3geno en s\u00ed de un modo que bloquea la uni\u00f3n al receptor de los estr\u00f3genos.\u00a0De cualquier manera, esto pondr\u00eda\u00a0<strong>Masteron \u00a0Landerlan<\/strong>\u00a0como una herramienta \u00fatil para el usuario de esteroides anabolicos que utiliza compuestos que se convierten en estr\u00f3genos (teniendo en cuenta que la testosterona es la base principal de la mayor\u00eda de los ciclos).\u00a0Mediante la inhibici\u00f3n de la enzima aromatasa.<\/p>\n<h2>Masteron Landerlan<\/h2>\n<p>Produce\u00a0en efecto el bloqueo de la conversi\u00f3n de la testosterona libre a los estr\u00f3genos por la v\u00eda de la aromatizaci\u00f3n.\u00a0Esto no s\u00f3lo servir\u00eda para aumentar marginalmente las cantidades de testosterona libre activa en la circulaci\u00f3n, tambi\u00e9n anular\u00eda los efectos secundarios que resultan de los altos niveles de estr\u00f3genos debido a la aromatizaci\u00f3n.\u00a0Estos efectos secundarios incluyen el desarrollo de la ginecomastia y retenci\u00f3n de agua \/ distensi\u00f3n.<\/p>\n<p>As\u00ed, a trav\u00e9s de este mecanismo, los efectos del exceso de producci\u00f3n de estr\u00f3geno a trav\u00e9s de aromatizaci\u00f3n tambi\u00e9n estar\u00edan limitados por el uso de este\u00a0esteroide.\u00a0Aunque\u00a0<strong>Masteron Drostanolona Propionato Landerlan<\/strong>\u00a0contiene estas propiedades anti-estrog\u00e9nicas, tambi\u00e9n (al ser un derivado de DHT) tiene propiedades anab\u00f3licas y androg\u00e9nicas.\u00a0Aunque en la teor\u00eda y sobre el papel puede ser visto como un andr\u00f3geno no muy fuerte, de hecho Remastril 100 Masteron da mayores efectos androg\u00e9nicos de\u00a0los que uno se puede esperar.<\/p>\n<p>El uso de Masteron, ya que es un AAS, cierra la producci\u00f3n natural de testosterona y por lo tanto a pesar de tener efectos anti-estrog\u00e9nicos, no hay que pensar que\u00a0<strong>Masteron\u00a0<\/strong>podr\u00eda ser utilizado como una opci\u00f3n en la terapia post ciclo, ya que inhibir\u00eda la recuperaci\u00f3n.\u00a0Hay dos formas de Masteron que generalmente est\u00e1n disponibles para su uso \u2013\u00a0drostanolona propionato\u00a0y\u00a0drostanolona enantato\u00a0.\u00a0La versi\u00f3n de propionato es generalmente administrado a dosis de 50-150 mg \/ ml y es la versi\u00f3n de acci\u00f3n r\u00e1pida de Masteron, necesita ser inyectado cada dos d\u00edas.<\/p>\n<h2><strong>\u00bfC\u00d3MO FUNCIONA?\u00a0<\/strong><\/h2>\n<p>Debido a los efectos de\u00a0<strong>Masteron<\/strong>\u00a0sobre los efectos secundarios relacionados con el estr\u00f3geno, Masteron\u00a0es una herramienta muy \u00fatil (especialmente en el culturismo competitivo) durante el corte y definici\u00f3n.\u00a0<strong>Masteron\u00a0<\/strong>\u00a0inhibe la retenci\u00f3n de liquidos, y muchos usuarios afirman que sus m\u00fasculos se sienten muy completos, llenos y apretados, con lo que les da bombas musculares sorprendentes en el gimnasio.\u00a0El uso de \u00a0Masteron (en combinaci\u00f3n con otros medicamentos apropiados) disminuye los niveles de grasa corporal como resultado el usuario ver\u00e1 detalles finos y m\u00fasculos estriados, not\u00e1ndose cada fibra muscular, Masteron\u00a0ayuda a extraer el agua que se encuentra entre la piel y el m\u00fasculo, dando a este un aspecto muy cortado (en niveles bajos de grasa corporal).<\/p>\n<p>No hay muchos otros medicamentos como puede dar este tipo de efectos en relaci\u00f3n a detalle muscular como los observados con este producto. Masteron por s\u00ed solo puede generar una p\u00e9rdida temporal de la libido, debido a un cese de la producci\u00f3n de testosterona natural del cuerpo.\u00a0Por estas razones, se recomienda siempre acompa\u00f1ar el Masteron\u00a0con otros\u00a0esteroides. Masteron es un desperdicio cuando el usuario tiene un porcentaje de grasa corporal superior a 10-12%.<\/p>\n<p>El usuario debe entender que a un nivel de grasa corporal m\u00e1s alto, el detalle de el m\u00fasculo no ser\u00e1 visto de una manera tal como la descrita, sin embargo nosotros no lo vemos como una p\u00e9rdida debido a sus propiedades anti-estrog\u00e9nicas. Masteron pueden trabajar de forma sin\u00e9rgica con otros medicamentos para amplificar sus efectos (por ejemplo, con la testosterona como se describe anteriormente). Masteron No obstante, no se recomienda su uso en principiantes, ya que no es necesario en este nivel utilizarlo.<\/p>\n<p>Un ejemplo de un ciclo de corte definicion excelente para un usuario avanzado ser\u00eda:<\/p>\n<p>(6-10 semanas)<\/p>\n<ul>\n<li>100mg\u00a0<a href=\"https:\/\/quitofitness.com\/producto\/testosterona-propionato-100-mg-amp-x-10ml-landerland\/\"><strong>propionato de testosterona<\/strong><\/a>\u00a0dia por medio<\/li>\n<li>75 mg de<a href=\"https:\/\/quitofitness.com\/producto\/trembolona-acetato-75-mg-10-ml\/\"><strong>\u00a0acetato de trembolona<\/strong><\/a>\u00a0cada dos d\u00edas\u00a0\u2013<\/li>\n<li>150 mg Remastril <a href=\"https:\/\/quitofitness.com\/producto\/masteron-drostanolona-propionato-100mg-10ml-landerlan-gold\/\"><strong>Masteron\u00a0<\/strong><\/a>cada dos d\u00edas<\/li>\n<li>50mg\u00a0<a href=\"https:\/\/quitofitness.com\/producto\/winstrol-stanozoland-50mg-30ml-landerland\/\"><strong>Estanozolol<\/strong><\/a>\u00a0dia por medio, solo las \u00faltimas 4 semanas de ciclo<\/li>\n<\/ul>\n<p>Como acabamos de se\u00f1alar, Masteron\u00a0posee propiedades anti-estrog\u00e9nicas que se traducen en la eliminaci\u00f3n de muchos de los efectos secundarios no deseados que los usuarios pueden experimentar, tales como la ginecomastia, retenci\u00f3n de agua y aumentos peligrosos de la presi\u00f3n arterial.<\/p>\n<p>Segundo, Masteron es un derivado de DHT, sin embargo, los efectos que pueden ocurrir con el uso de Masteron\u00a0incluyen la p\u00e9rdida del cabello (si es propenso a la calvicie de patr\u00f3n masculino), la agresi\u00f3n y el acn\u00e9.<\/p>\n<p>&nbsp;<\/p>\n","protected":false},"excerpt":{"rendered":"<p><strong>Masteron<\/strong>\u00a0es quiz\u00e1s uno de los m\u00e1s ex\u00f3ticos \/ androg\u00e9nicos\u00a0esteroides anab\u00f3licos\u00a0que pueden ser utilizados por un atleta.\u00a0Originalmente fue desarrollado y utilizado como un anti-estr\u00f3geno para el tratamiento del c\u00e1ncer de mama<\/p>\n","protected":false},"featured_media":1783,"comment_status":"open","ping_status":"closed","template":"","meta":[],"product_brand":[251],"product_cat":[392],"product_tag":[153,253,249,254,161],"class_list":{"0":"post-1635","1":"product","2":"type-product","3":"status-publish","4":"has-post-thumbnail","6":"product_brand-landerlan","7":"product_cat-anabolicos","8":"product_tag-anabolicos","9":"product_tag-drostanolona-propionato","10":"product_tag-landerland","11":"product_tag-landerland-gold","12":"product_tag-masteron","14":"first","15":"instock","16":"sale","17":"shipping-taxable","18":"purchasable","19":"product-type-simple"},"yoast_head":"<!-- This site is optimized with the Yoast SEO plugin v26.8 - https:\/\/yoast.com\/product\/yoast-seo-wordpress\/ -->\n<title>Masteron Drostanolona Propionato 100mg 10ml Landerlan Gold - Team Mutan Ecuador<\/title>\n<meta name=\"description\" content=\"Masteron\u00a0es quiz\u00e1s uno de los m\u00e1s ex\u00f3ticos \/ androg\u00e9nicos\u00a0esteroides anab\u00f3licos\u00a0que pueden ser utilizados por un atleta.\u00a0Originalmente fue desarrollado y utilizado como un anti-estr\u00f3geno para el tratamiento del c\u00e1ncer de mama\" \/>\n<meta name=\"robots\" content=\"index, follow, max-snippet:-1, max-image-preview:large, max-video-preview:-1\" \/>\n<link rel=\"canonical\" href=\"https:\/\/teammutantecuador.com\/?product=masteron-drostanolona-propionato-100mg-10ml-landerlan-gold\" \/>\n<meta property=\"og:locale\" content=\"es_ES\" \/>\n<meta property=\"og:type\" content=\"article\" \/>\n<meta property=\"og:title\" content=\"Masteron Drostanolona Propionato 100mg 10ml Landerlan Gold - Team Mutan Ecuador\" \/>\n<meta property=\"og:description\" content=\"Masteron\u00a0es quiz\u00e1s uno de los m\u00e1s ex\u00f3ticos \/ androg\u00e9nicos\u00a0esteroides anab\u00f3licos\u00a0que pueden ser utilizados por un atleta.\u00a0Originalmente fue desarrollado y utilizado como un anti-estr\u00f3geno para el tratamiento del c\u00e1ncer de mama\" \/>\n<meta property=\"og:url\" content=\"https:\/\/teammutantecuador.com\/?product=masteron-drostanolona-propionato-100mg-10ml-landerlan-gold\" \/>\n<meta property=\"og:site_name\" content=\"Team Mutan Ecuador\" \/>\n<meta property=\"article:modified_time\" content=\"2026-01-20T16:16:45+00:00\" \/>\n<meta property=\"og:image\" content=\"https:\/\/teammutantecuador.com\/wp-content\/uploads\/2026\/01\/Diseno-sin-titulo-2026-01-17T003526.719.jpg\" \/>\n\t<meta property=\"og:image:width\" content=\"800\" \/>\n\t<meta property=\"og:image:height\" content=\"800\" \/>\n\t<meta property=\"og:image:type\" content=\"image\/jpeg\" \/>\n<meta name=\"twitter:card\" content=\"summary_large_image\" \/>\n<meta name=\"twitter:label1\" content=\"Tiempo de lectura\" \/>\n\t<meta name=\"twitter:data1\" content=\"5 minutos\" \/>\n<script type=\"application\/ld+json\" class=\"yoast-schema-graph\">{\"@context\":\"https:\/\/schema.org\",\"@graph\":[{\"@type\":\"WebPage\",\"@id\":\"https:\/\/teammutantecuador.com\/?product=masteron-drostanolona-propionato-100mg-10ml-landerlan-gold\",\"url\":\"https:\/\/teammutantecuador.com\/?product=masteron-drostanolona-propionato-100mg-10ml-landerlan-gold\",\"name\":\"Masteron Drostanolona Propionato 100mg 10ml Landerlan Gold - Team Mutan Ecuador\",\"isPartOf\":{\"@id\":\"https:\/\/teammutantecuador.com\/#website\"},\"primaryImageOfPage\":{\"@id\":\"https:\/\/teammutantecuador.com\/?product=masteron-drostanolona-propionato-100mg-10ml-landerlan-gold#primaryimage\"},\"image\":{\"@id\":\"https:\/\/teammutantecuador.com\/?product=masteron-drostanolona-propionato-100mg-10ml-landerlan-gold#primaryimage\"},\"thumbnailUrl\":\"https:\/\/teammutantecuador.com\/wp-content\/uploads\/2026\/01\/Diseno-sin-titulo-2026-01-17T003526.719.jpg\",\"datePublished\":\"2026-01-17T16:04:35+00:00\",\"dateModified\":\"2026-01-20T16:16:45+00:00\",\"description\":\"Masteron\u00a0es quiz\u00e1s uno de los m\u00e1s ex\u00f3ticos \/ androg\u00e9nicos\u00a0esteroides anab\u00f3licos\u00a0que pueden ser utilizados por un atleta.\u00a0Originalmente fue desarrollado y utilizado como un anti-estr\u00f3geno para el tratamiento del c\u00e1ncer de mama\",\"breadcrumb\":{\"@id\":\"https:\/\/teammutantecuador.com\/?product=masteron-drostanolona-propionato-100mg-10ml-landerlan-gold#breadcrumb\"},\"inLanguage\":\"es\",\"potentialAction\":[{\"@type\":\"ReadAction\",\"target\":[\"https:\/\/teammutantecuador.com\/?product=masteron-drostanolona-propionato-100mg-10ml-landerlan-gold\"]}]},{\"@type\":\"ImageObject\",\"inLanguage\":\"es\",\"@id\":\"https:\/\/teammutantecuador.com\/?product=masteron-drostanolona-propionato-100mg-10ml-landerlan-gold#primaryimage\",\"url\":\"https:\/\/teammutantecuador.com\/wp-content\/uploads\/2026\/01\/Diseno-sin-titulo-2026-01-17T003526.719.jpg\",\"contentUrl\":\"https:\/\/teammutantecuador.com\/wp-content\/uploads\/2026\/01\/Diseno-sin-titulo-2026-01-17T003526.719.jpg\",\"width\":800,\"height\":800,\"caption\":\"Masteron Drostanolona Propionato 100mg 10ml Landerlan Gold\"},{\"@type\":\"BreadcrumbList\",\"@id\":\"https:\/\/teammutantecuador.com\/?product=masteron-drostanolona-propionato-100mg-10ml-landerlan-gold#breadcrumb\",\"itemListElement\":[{\"@type\":\"ListItem\",\"position\":1,\"name\":\"Portada\",\"item\":\"https:\/\/teammutantecuador.com\/\"},{\"@type\":\"ListItem\",\"position\":2,\"name\":\"Shop\",\"item\":\"https:\/\/teammutantecuador.com\/?page_id=6\"},{\"@type\":\"ListItem\",\"position\":3,\"name\":\"Masteron Drostanolona Propionato 100mg 10ml Landerlan Gold\"}]},{\"@type\":\"WebSite\",\"@id\":\"https:\/\/teammutantecuador.com\/#website\",\"url\":\"https:\/\/teammutantecuador.com\/\",\"name\":\"Team Mutan Ecuador\",\"description\":\"Just another WordPress site\",\"publisher\":{\"@id\":\"https:\/\/teammutantecuador.com\/#organization\"},\"potentialAction\":[{\"@type\":\"SearchAction\",\"target\":{\"@type\":\"EntryPoint\",\"urlTemplate\":\"https:\/\/teammutantecuador.com\/?s={search_term_string}\"},\"query-input\":{\"@type\":\"PropertyValueSpecification\",\"valueRequired\":true,\"valueName\":\"search_term_string\"}}],\"inLanguage\":\"es\"},{\"@type\":\"Organization\",\"@id\":\"https:\/\/teammutantecuador.com\/#organization\",\"name\":\"Team Mutan Ecuador\",\"url\":\"https:\/\/teammutantecuador.com\/\",\"logo\":{\"@type\":\"ImageObject\",\"inLanguage\":\"es\",\"@id\":\"https:\/\/teammutantecuador.com\/#\/schema\/logo\/image\/\",\"url\":\"https:\/\/teammutantecuador.com\/wp-content\/uploads\/2026\/01\/Diseno-sin-titulo-97.png\",\"contentUrl\":\"https:\/\/teammutantecuador.com\/wp-content\/uploads\/2026\/01\/Diseno-sin-titulo-97.png\",\"width\":500,\"height\":300,\"caption\":\"Team Mutan Ecuador\"},\"image\":{\"@id\":\"https:\/\/teammutantecuador.com\/#\/schema\/logo\/image\/\"}}]}<\/script>\n<!-- \/ Yoast SEO plugin. -->","yoast_head_json":{"title":"Masteron Drostanolona Propionato 100mg 10ml Landerlan Gold - Team Mutan Ecuador","description":"Masteron\u00a0es quiz\u00e1s uno de los m\u00e1s ex\u00f3ticos \/ androg\u00e9nicos\u00a0esteroides anab\u00f3licos\u00a0que pueden ser utilizados por un atleta.\u00a0Originalmente fue desarrollado y utilizado como un anti-estr\u00f3geno para el tratamiento del c\u00e1ncer de mama","robots":{"index":"index","follow":"follow","max-snippet":"max-snippet:-1","max-image-preview":"max-image-preview:large","max-video-preview":"max-video-preview:-1"},"canonical":"https:\/\/teammutantecuador.com\/?product=masteron-drostanolona-propionato-100mg-10ml-landerlan-gold","og_locale":"es_ES","og_type":"article","og_title":"Masteron Drostanolona Propionato 100mg 10ml Landerlan Gold - Team Mutan Ecuador","og_description":"Masteron\u00a0es quiz\u00e1s uno de los m\u00e1s ex\u00f3ticos \/ androg\u00e9nicos\u00a0esteroides anab\u00f3licos\u00a0que pueden ser utilizados por un atleta.\u00a0Originalmente fue desarrollado y utilizado como un anti-estr\u00f3geno para el tratamiento del c\u00e1ncer de mama","og_url":"https:\/\/teammutantecuador.com\/?product=masteron-drostanolona-propionato-100mg-10ml-landerlan-gold","og_site_name":"Team Mutan Ecuador","article_modified_time":"2026-01-20T16:16:45+00:00","og_image":[{"width":800,"height":800,"url":"https:\/\/teammutantecuador.com\/wp-content\/uploads\/2026\/01\/Diseno-sin-titulo-2026-01-17T003526.719.jpg","type":"image\/jpeg"}],"twitter_card":"summary_large_image","twitter_misc":{"Tiempo de lectura":"5 minutos"},"schema":{"@context":"https:\/\/schema.org","@graph":[{"@type":"WebPage","@id":"https:\/\/teammutantecuador.com\/?product=masteron-drostanolona-propionato-100mg-10ml-landerlan-gold","url":"https:\/\/teammutantecuador.com\/?product=masteron-drostanolona-propionato-100mg-10ml-landerlan-gold","name":"Masteron Drostanolona Propionato 100mg 10ml Landerlan Gold - Team Mutan Ecuador","isPartOf":{"@id":"https:\/\/teammutantecuador.com\/#website"},"primaryImageOfPage":{"@id":"https:\/\/teammutantecuador.com\/?product=masteron-drostanolona-propionato-100mg-10ml-landerlan-gold#primaryimage"},"image":{"@id":"https:\/\/teammutantecuador.com\/?product=masteron-drostanolona-propionato-100mg-10ml-landerlan-gold#primaryimage"},"thumbnailUrl":"https:\/\/teammutantecuador.com\/wp-content\/uploads\/2026\/01\/Diseno-sin-titulo-2026-01-17T003526.719.jpg","datePublished":"2026-01-17T16:04:35+00:00","dateModified":"2026-01-20T16:16:45+00:00","description":"Masteron\u00a0es quiz\u00e1s uno de los m\u00e1s ex\u00f3ticos \/ androg\u00e9nicos\u00a0esteroides anab\u00f3licos\u00a0que pueden ser utilizados por un atleta.\u00a0Originalmente fue desarrollado y utilizado como un anti-estr\u00f3geno para el tratamiento del c\u00e1ncer de mama","breadcrumb":{"@id":"https:\/\/teammutantecuador.com\/?product=masteron-drostanolona-propionato-100mg-10ml-landerlan-gold#breadcrumb"},"inLanguage":"es","potentialAction":[{"@type":"ReadAction","target":["https:\/\/teammutantecuador.com\/?product=masteron-drostanolona-propionato-100mg-10ml-landerlan-gold"]}]},{"@type":"ImageObject","inLanguage":"es","@id":"https:\/\/teammutantecuador.com\/?product=masteron-drostanolona-propionato-100mg-10ml-landerlan-gold#primaryimage","url":"https:\/\/teammutantecuador.com\/wp-content\/uploads\/2026\/01\/Diseno-sin-titulo-2026-01-17T003526.719.jpg","contentUrl":"https:\/\/teammutantecuador.com\/wp-content\/uploads\/2026\/01\/Diseno-sin-titulo-2026-01-17T003526.719.jpg","width":800,"height":800,"caption":"Masteron Drostanolona Propionato 100mg 10ml Landerlan Gold"},{"@type":"BreadcrumbList","@id":"https:\/\/teammutantecuador.com\/?product=masteron-drostanolona-propionato-100mg-10ml-landerlan-gold#breadcrumb","itemListElement":[{"@type":"ListItem","position":1,"name":"Portada","item":"https:\/\/teammutantecuador.com\/"},{"@type":"ListItem","position":2,"name":"Shop","item":"https:\/\/teammutantecuador.com\/?page_id=6"},{"@type":"ListItem","position":3,"name":"Masteron Drostanolona Propionato 100mg 10ml Landerlan Gold"}]},{"@type":"WebSite","@id":"https:\/\/teammutantecuador.com\/#website","url":"https:\/\/teammutantecuador.com\/","name":"Team Mutan Ecuador","description":"Just another WordPress site","publisher":{"@id":"https:\/\/teammutantecuador.com\/#organization"},"potentialAction":[{"@type":"SearchAction","target":{"@type":"EntryPoint","urlTemplate":"https:\/\/teammutantecuador.com\/?s={search_term_string}"},"query-input":{"@type":"PropertyValueSpecification","valueRequired":true,"valueName":"search_term_string"}}],"inLanguage":"es"},{"@type":"Organization","@id":"https:\/\/teammutantecuador.com\/#organization","name":"Team Mutan Ecuador","url":"https:\/\/teammutantecuador.com\/","logo":{"@type":"ImageObject","inLanguage":"es","@id":"https:\/\/teammutantecuador.com\/#\/schema\/logo\/image\/","url":"https:\/\/teammutantecuador.com\/wp-content\/uploads\/2026\/01\/Diseno-sin-titulo-97.png","contentUrl":"https:\/\/teammutantecuador.com\/wp-content\/uploads\/2026\/01\/Diseno-sin-titulo-97.png","width":500,"height":300,"caption":"Team Mutan Ecuador"},"image":{"@id":"https:\/\/teammutantecuador.com\/#\/schema\/logo\/image\/"}}]}},"_links":{"self":[{"href":"https:\/\/teammutantecuador.com\/index.php?rest_route=\/wp\/v2\/product\/1635","targetHints":{"allow":["GET"]}}],"collection":[{"href":"https:\/\/teammutantecuador.com\/index.php?rest_route=\/wp\/v2\/product"}],"about":[{"href":"https:\/\/teammutantecuador.com\/index.php?rest_route=\/wp\/v2\/types\/product"}],"replies":[{"embeddable":true,"href":"https:\/\/teammutantecuador.com\/index.php?rest_route=%2Fwp%2Fv2%2Fcomments&post=1635"}],"wp:featuredmedia":[{"embeddable":true,"href":"https:\/\/teammutantecuador.com\/index.php?rest_route=\/wp\/v2\/media\/1783"}],"wp:attachment":[{"href":"https:\/\/teammutantecuador.com\/index.php?rest_route=%2Fwp%2Fv2%2Fmedia&parent=1635"}],"wp:term":[{"taxonomy":"product_brand","embeddable":true,"href":"https:\/\/teammutantecuador.com\/index.php?rest_route=%2Fwp%2Fv2%2Fproduct_brand&post=1635"},{"taxonomy":"product_cat","embeddable":true,"href":"https:\/\/teammutantecuador.com\/index.php?rest_route=%2Fwp%2Fv2%2Fproduct_cat&post=1635"},{"taxonomy":"product_tag","embeddable":true,"href":"https:\/\/teammutantecuador.com\/index.php?rest_route=%2Fwp%2Fv2%2Fproduct_tag&post=1635"}],"curies":[{"name":"wp","href":"https:\/\/api.w.org\/{rel}","templated":true}]}}