{"id":1634,"date":"2026-01-17T16:04:35","date_gmt":"2026-01-17T16:04:35","guid":{"rendered":"https:\/\/teammutantecuador.com\/?post_type=product&#038;p=1634"},"modified":"2026-01-21T11:06:04","modified_gmt":"2026-01-21T11:06:04","slug":"testosterona-propionato-100-mg-amp-x-10ml-landerland","status":"publish","type":"product","link":"https:\/\/teammutantecuador.com\/?product=testosterona-propionato-100-mg-amp-x-10ml-landerland","title":{"rendered":"Testosterona Propionato 100 Mg Amp. X 10ML Landerland"},"content":{"rendered":"<p>La testosterona se absorbe en el tubo digestivo, a trav\u00e9s de la piel y la mucosa oral. No obstante, experimenta un extenso metabolismo de primer paso hep\u00e1tico cuando se administra por v\u00eda oral y, por consiguiente, suele administrarse por v\u00eda intramuscular, subcut\u00e1nea o transd\u00e9rmica. Adem\u00e1s, se ha modificado la mol\u00e9cula b\u00e1sica de testosterona para obtener derivados activos por v\u00eda oral y prolongar la duraci\u00f3n del efecto. La alquilaci\u00f3n de la posici\u00f3n 17 a produce derivados que se metabolizan m\u00e1s lentamente en el h\u00edgado y, por esta raz\u00f3n, se pueden administrar por v\u00eda oral. La esterificaci\u00f3n del grupo 17 a hidroxilo aumenta la liposolubilidad y conduce a una absorci\u00f3n sist\u00e9mica m\u00e1s lenta si se administra por inyecci\u00f3n intramuscular. La velocidad de absorci\u00f3n de los \u00e9steres guarda relaci\u00f3n con el tama\u00f1o del grupo \u00e9ster. Los \u00e9steres de testosterona se hidrolizan a testosterona despu\u00e9s de la absorci\u00f3n.<\/p>\n<p>La testosterona se une aproximadamente en un 80% a la globulina fijadora de Hormonas sexuales. Los derivados de la 19-nostestosterona y los derivados de 17 a-metilados se caracterizan por una fijaci\u00f3n reducida a esta globulina. La semivida de eliminaci\u00f3n plasm\u00e1tica de la testosterona oscila entre 10 y 100 min. Se metaboliza principalmente en el h\u00edgado a trav\u00e9s de una oxidaci\u00f3n en el grupo 17-OH con la formaci\u00f3n de androstenodiona, que se metaboliza adicionalmente a androstenolona, d\u00e9bilmente androg\u00e9nica, y etiocolanolona, inactiva, que se excretan por la orina principalmente como glucuronoconjugados y sulfatos. Aproximadamente un 6% se excreta sin modificar por las heces tras experimentar una recirculaci\u00f3n enterohep\u00e1tica. La testosterona se transforma en el derivado m\u00e1s activo dihidrotestosterona en algunos \u00f3rganos diana por efecto de la 5 a-reductasa. Los derivados 19-nortestosterona son menos sensibles a esta enzima. En el organismo se aromatizan peque\u00f1as cantidades de testosterona, dando lugar a la formaci\u00f3n de derivados estrog\u00e9nicos en el organismo. Los derivados con un anillo A saturado, como la mesterolona, se aromatizan menos estr\u00f3genos.<\/p>\n<p><strong>Indicaciones:<\/strong><\/p>\n<ul>\n<li>Se emplea en el tratamiento del hipogonadismo masculino Suele usarse en combinaci\u00f3n con la testosterona enantato.<\/li>\n<li>Se utiliza en la insuficiencia renal aguda en forma de disoluciones oleosas para v\u00eda intramuscular, V\u00eda t\u00f3pica se emplea<\/li>\n<li>Se utiliza como coadyuvante en el carcinoma de mama postmenop\u00e1usico, algunos trastornos postmenop\u00e1usicos y pubertad tard\u00eda en ni\u00f1os.<\/li>\n<\/ul>\n<p><strong>Posolog\u00eda:<\/strong><\/p>\n<ul>\n<li>En el Hipogonadismo masculino: En adultos, en forma de soluciones oleosas para v\u00eda intramuscular, administr\u00e1ndose en dosis de 10 &#8211; 50 mg, dos o tres veces a la semana.<\/li>\n<li>En la insuficiencia renal aguda: en dosificaciones de 25 mg\/d\u00eda, durante un m\u00e1ximo de 10 d\u00edas.<\/li>\n<li><strong>F\u00f3rmula:<\/strong>\n<p>Cada 1 mL de soluci\u00f3n oleosa inyectable contiene:<\/p>\n<p>Testosterona Propionato\u2026\u2026\u2026\u2026\u2026\u2026\u2026\u2026\u2026\u2026\u2026\u2026\u2026100 mg<\/p>\n<p>Excipientes\u2026\u2026\u2026\u2026\u2026\u2026\u2026\u2026\u2026\u2026\u2026\u2026\u2026\u2026\u2026\u2026\u2026\u2026\u2026\u2026.c.s.p.<\/li>\n<\/ul>\n<p><strong>Contraindicaciones:<\/strong><\/p>\n<p>Las TESTOSTERONAS deben evitarse en los siguientes casos:<\/p>\n<ul>\n<li>Embarazo: Existen informes de virilizaci\u00f3n del feto de sexo femenino tras el tratamiento materno con testosterona o metil testosterona durante el embarazo.<\/li>\n<li>Lactancia materna: debe evitarse el uso de testosteronas en madres lactantes, debido al efecto androg\u00e9nico potencial sobre el lactante.<\/li>\n<li>Porfiria: Los andr\u00f3genos no se consideran seguros en pacientes con porfiria, aunque se dispone de pruebas experimentales contractorias de porfirinogenia.<\/li>\n<\/ul>\n<p><strong>Reacciones Adversas:<\/strong><\/p>\n<p>La testosterona y otros andr\u00f3genos pueden producir efectos secundarios relacionados con sus actividades androg\u00e9nicas y anabolizantes: una mayor retenci\u00f3n de nitr\u00f3geno, agua y sodio, edema, aumento de la vascularidad de la piel, hipercalcemia, trastornos en la tolerancia a la glucosa y aumento del crecimiento \u00f3seo y del peso del esqueleto. Otros efectos consisten en un aumento de los valores de colesterol unido a lipoprote\u00ednas de baja densidad, disminuci\u00f3n de los valores de colesterol unido a lipoprote\u00ednas de alta densidad, aumento del hematocrito y aumento de la actividad fibrinol\u00edtica. Los andr\u00f3genos pueden provocar cefalea, depresi\u00f3n y hemorragia gastrointestinal. Se ha indicado que los andr\u00f3genos pueden inducir apnea del sue\u00f1o en pacientes predispuestos.<\/p>\n<p>Se han descrito resultados an\u00f3malos de las pruebas de la funci\u00f3n hep\u00e1tica y se han publicado informes de casos sobre hepatotoxicidad, como ictericia y hepatitis colest\u00e1tica. Estos efectos hep\u00e1ticos adversos se han identificado de forma predominante con los derivados 17 a-alquilados.<\/p>\n<p>En hombres, las dosis elevadas suprimen la espermatogenia y producen cambios degenerativos en los conductos semin\u00edferos. El priapismo es un signo de dosis excesivas que se observa especialmente en hombres de edad avanzada. Se ha descrito ginecomastia. Los andr\u00f3genos pueden causar hiperplasia prost\u00e1tica y acelerar\u00edan el crecimiento de las neoplasias malignas de pr\u00f3stata.<\/p>\n<p>En mujeres, la acci\u00f3n inhibidora de los andr\u00f3genos sobre la actividad ov\u00e1rica y de la menstruaci\u00f3n. Su utilizaci\u00f3n continua produce s\u00edntomas de virilizaci\u00f3n, no es reversible en todos los casos, incluso despu\u00e9s de la interrupci\u00f3n del tratamiento.<\/p>\n<p>Los ni\u00f1os experimentan signos de virilizaci\u00f3n: los chicos presentan un desarrollo sexual precoz con hipertrofia f\u00e1lica y mayor frecuencia de erecciones, y las chicas, hipertrofia del cl\u00edtoris. Algunos chicos pueden presentar ginecomastia.<\/p>\n<p><strong>Precauciones y Advertencias:<\/strong><\/p>\n<p>Utilizar con precauci\u00f3n en pacientes con enfermedades cardiovasculares, insuficiencia renal o hep\u00e1tica, epilepsia, migra\u00f1a, diabetes u otros procesos que pueden agravarse por la posible retenci\u00f3n h\u00eddrica o el edema inducido: No se administrar\u00e1n a pacientes con hipercalcemia o hipercalciuria, y se utilizar\u00e1n con precauci\u00f3n si existen enfermedades que suponen riesgo deque aqu\u00e9llas aparezcan, como las met\u00e1stasis \u00f3seas. Los pacientes con insuficiencia hep\u00e1tica no deber\u00edan tomar derivados 17 a-alquilados, pues estos f\u00e1rmacos aumentan el riesgo de hepatotoxicidad; adem\u00e1s, est\u00e1n totalmente contraindicados si la insuficiencia es grave.<\/p>\n<p>Los andr\u00f3genos y los esteroides anabolizantes se utilizar\u00e1n con precauci\u00f3n en pacientes pedi\u00e1tricos debido a los efectos masculinizantes y del cierre prematuro de las ep\u00edfisis, que puede conducir a una inhibici\u00f3n del crecimiento lineal y a una estatura baja. Durante el tratamiento es preciso supervisar la maduraci\u00f3n \u00f3sea.<\/p>\n<p>No deber\u00e1 administrarse durante el embarazo debido al riesgo de virilizaci\u00f3n del feto femenino.<\/p>\n<p>Los andr\u00f3genos y los esteroides anabolizantes interfieren en diversas pruebas de laboratorio, como la de tolerancia a la glucosa y las de la funci\u00f3n tiroidea.<\/p>\n<p><strong>Interacciones:<\/strong><\/p>\n<p>Se ha descrito que la testosterona y otros andr\u00f3genos y esteroides anabolizantes potencian la actividad de una serie de f\u00e1rmacos, con el consiguiente aumento de la toxicidad. Entre los f\u00e1rmacos afectados destacan la ciclosporina, los antidiab\u00e9ticos, la levotiroxina y los anticoagulantes como la warfarina. Tambi\u00e9n se ha descrito una resistencia a los efectos de los bloqueantes neuromusculares.<\/p>\n<p><strong>Restricciones de Uso:<\/strong><\/p>\n<p>No utilizar en caso de hipersensibilidad a algunos de sus componentes; durante el embarazo y periodo de amamantamiento. Tampoco utilizar en pacientes con Hipertensi\u00f3n arterial, ni en pacientes con problemas cardiovasculares, disfunci\u00f3n hep\u00e1tica y renal.<\/p>\n<p><strong>Sobredosis:<\/p>\n<p><\/strong>A menudo a dosis superiores a las utilizadas terap\u00e9uticamente se han presentado efectos adversos, \u00e9stos como consecuencia del uso ilegal de andr\u00f3genos y esteroides anabolizantes por parte de deportistas. Estos efectos son resultados an\u00f3malos de las pruebas de la funci\u00f3n hep\u00e1tica y neoplasia hep\u00e1tica, un mayor riesgo de enfermedad cardiovascular y una disminuci\u00f3n de la tolerancia a la glucosa. Con frecuencia inducen estados de zoospermia u oligospermia y atrofia testicular en hombres, y amenorrea u oligomenorrea en mujeres. En hombres es relativamente frecuente la ginecomastia, al igual que la virilizaci\u00f3n en mujeres. Se han descrito alteraciones psiqui\u00e1tricas como estados de man\u00eda, hipoman\u00eda, depresi\u00f3n, agresividad y labilidad emocional.<\/p>\n<p>En caso de sobredosis accidental recurrir al Centro de Emergencias M\u00e9dicas Dr. Manuel Giagni; secci\u00f3n toxicolog\u00eda. Tel: 220-410.<\/p>\n<p><strong>Presentaci\u00f3n:<\/strong><\/p>\n<p>Caja conteniendo 1 frasco ampolla con soluci\u00f3n x 10 mL.<\/p>\n<p>Mantener a una temperatura inferior a 25\u00b0C en lugar seco y fuera del alcance de los ni\u00f1os.<\/p>\n<p>Venta bajo receta.<\/p>\n<p>Industria Paraguaya.<\/p>\n<p>Para: LANDERLAND S.A.<\/p>\n<p>Divisi\u00f3n: FARMACO S.A.<\/p>\n<p>Dir. T\u00e9cnica: Qca. Fca.<\/p>\n<p>Mar\u00eda Mercedes B. de Z\u00e1rate<\/p>\n","protected":false},"excerpt":{"rendered":"<p>La testosterona se absorbe en el tubo digestivo, a trav\u00e9s de la piel y la mucosa oral. No obstante, experimenta un extenso metabolismo de primer paso hep\u00e1tico cuando se administra por v\u00eda oral y, por consiguiente, suele administrarse por v\u00eda intramuscular, subcut\u00e1nea o transd\u00e9rmica.<\/p>\n","protected":false},"featured_media":1809,"comment_status":"open","ping_status":"closed","template":"","meta":[],"product_brand":[251],"product_cat":[392],"product_tag":[249,130,100],"class_list":{"0":"post-1634","1":"product","2":"type-product","3":"status-publish","4":"has-post-thumbnail","6":"product_brand-landerlan","7":"product_cat-anabolicos","8":"product_tag-landerland","9":"product_tag-propionato","10":"product_tag-testosterona","12":"first","13":"instock","14":"sale","15":"shipping-taxable","16":"purchasable","17":"product-type-simple"},"yoast_head":"<!-- This site is optimized with the Yoast SEO plugin v26.8 - https:\/\/yoast.com\/product\/yoast-seo-wordpress\/ -->\n<title>Testosterona Propionato 100 Mg Amp. X 10ML Landerland - Team Mutan Ecuador<\/title>\n<meta name=\"description\" content=\"La testosterona se absorbe en el tubo digestivo, a trav\u00e9s de la piel y la mucosa oral. No obstante, experimenta un extenso metabolismo de primer paso hep\u00e1tico cuando se administra por v\u00eda oral y, por consiguiente, suele administrarse por v\u00eda intramuscular, subcut\u00e1nea o transd\u00e9rmica.\" \/>\n<meta name=\"robots\" content=\"index, follow, max-snippet:-1, max-image-preview:large, max-video-preview:-1\" \/>\n<link rel=\"canonical\" href=\"https:\/\/teammutantecuador.com\/?product=testosterona-propionato-100-mg-amp-x-10ml-landerland\" \/>\n<meta property=\"og:locale\" content=\"es_ES\" \/>\n<meta property=\"og:type\" content=\"article\" \/>\n<meta property=\"og:title\" content=\"Testosterona Propionato 100 Mg Amp. X 10ML Landerland - Team Mutan Ecuador\" \/>\n<meta property=\"og:description\" content=\"La testosterona se absorbe en el tubo digestivo, a trav\u00e9s de la piel y la mucosa oral. No obstante, experimenta un extenso metabolismo de primer paso hep\u00e1tico cuando se administra por v\u00eda oral y, por consiguiente, suele administrarse por v\u00eda intramuscular, subcut\u00e1nea o transd\u00e9rmica.\" \/>\n<meta property=\"og:url\" content=\"https:\/\/teammutantecuador.com\/?product=testosterona-propionato-100-mg-amp-x-10ml-landerland\" \/>\n<meta property=\"og:site_name\" content=\"Team Mutan Ecuador\" \/>\n<meta property=\"article:modified_time\" content=\"2026-01-21T11:06:04+00:00\" \/>\n<meta property=\"og:image\" content=\"https:\/\/teammutantecuador.com\/wp-content\/uploads\/2026\/01\/Primobolan-100-Mg-Mutant-Pharma-15.jpg\" \/>\n\t<meta property=\"og:image:width\" content=\"800\" \/>\n\t<meta property=\"og:image:height\" content=\"800\" \/>\n\t<meta property=\"og:image:type\" content=\"image\/jpeg\" \/>\n<meta name=\"twitter:card\" content=\"summary_large_image\" \/>\n<meta name=\"twitter:label1\" content=\"Tiempo de lectura\" \/>\n\t<meta name=\"twitter:data1\" content=\"6 minutos\" \/>\n<script type=\"application\/ld+json\" class=\"yoast-schema-graph\">{\"@context\":\"https:\/\/schema.org\",\"@graph\":[{\"@type\":\"WebPage\",\"@id\":\"https:\/\/teammutantecuador.com\/?product=testosterona-propionato-100-mg-amp-x-10ml-landerland\",\"url\":\"https:\/\/teammutantecuador.com\/?product=testosterona-propionato-100-mg-amp-x-10ml-landerland\",\"name\":\"Testosterona Propionato 100 Mg Amp. X 10ML Landerland - Team Mutan Ecuador\",\"isPartOf\":{\"@id\":\"https:\/\/teammutantecuador.com\/#website\"},\"primaryImageOfPage\":{\"@id\":\"https:\/\/teammutantecuador.com\/?product=testosterona-propionato-100-mg-amp-x-10ml-landerland#primaryimage\"},\"image\":{\"@id\":\"https:\/\/teammutantecuador.com\/?product=testosterona-propionato-100-mg-amp-x-10ml-landerland#primaryimage\"},\"thumbnailUrl\":\"https:\/\/teammutantecuador.com\/wp-content\/uploads\/2026\/01\/Primobolan-100-Mg-Mutant-Pharma-15.jpg\",\"datePublished\":\"2026-01-17T16:04:35+00:00\",\"dateModified\":\"2026-01-21T11:06:04+00:00\",\"description\":\"La testosterona se absorbe en el tubo digestivo, a trav\u00e9s de la piel y la mucosa oral. No obstante, experimenta un extenso metabolismo de primer paso hep\u00e1tico cuando se administra por v\u00eda oral y, por consiguiente, suele administrarse por v\u00eda intramuscular, subcut\u00e1nea o transd\u00e9rmica.\",\"breadcrumb\":{\"@id\":\"https:\/\/teammutantecuador.com\/?product=testosterona-propionato-100-mg-amp-x-10ml-landerland#breadcrumb\"},\"inLanguage\":\"es\",\"potentialAction\":[{\"@type\":\"ReadAction\",\"target\":[\"https:\/\/teammutantecuador.com\/?product=testosterona-propionato-100-mg-amp-x-10ml-landerland\"]}]},{\"@type\":\"ImageObject\",\"inLanguage\":\"es\",\"@id\":\"https:\/\/teammutantecuador.com\/?product=testosterona-propionato-100-mg-amp-x-10ml-landerland#primaryimage\",\"url\":\"https:\/\/teammutantecuador.com\/wp-content\/uploads\/2026\/01\/Primobolan-100-Mg-Mutant-Pharma-15.jpg\",\"contentUrl\":\"https:\/\/teammutantecuador.com\/wp-content\/uploads\/2026\/01\/Primobolan-100-Mg-Mutant-Pharma-15.jpg\",\"width\":800,\"height\":800,\"caption\":\"Testosterona Propionato 100 Mg Amp. X 10ML Landerland\"},{\"@type\":\"BreadcrumbList\",\"@id\":\"https:\/\/teammutantecuador.com\/?product=testosterona-propionato-100-mg-amp-x-10ml-landerland#breadcrumb\",\"itemListElement\":[{\"@type\":\"ListItem\",\"position\":1,\"name\":\"Portada\",\"item\":\"https:\/\/teammutantecuador.com\/\"},{\"@type\":\"ListItem\",\"position\":2,\"name\":\"Shop\",\"item\":\"https:\/\/teammutantecuador.com\/?page_id=6\"},{\"@type\":\"ListItem\",\"position\":3,\"name\":\"Testosterona Propionato 100 Mg Amp. X 10ML Landerland\"}]},{\"@type\":\"WebSite\",\"@id\":\"https:\/\/teammutantecuador.com\/#website\",\"url\":\"https:\/\/teammutantecuador.com\/\",\"name\":\"Team Mutan Ecuador\",\"description\":\"Just another WordPress site\",\"publisher\":{\"@id\":\"https:\/\/teammutantecuador.com\/#organization\"},\"potentialAction\":[{\"@type\":\"SearchAction\",\"target\":{\"@type\":\"EntryPoint\",\"urlTemplate\":\"https:\/\/teammutantecuador.com\/?s={search_term_string}\"},\"query-input\":{\"@type\":\"PropertyValueSpecification\",\"valueRequired\":true,\"valueName\":\"search_term_string\"}}],\"inLanguage\":\"es\"},{\"@type\":\"Organization\",\"@id\":\"https:\/\/teammutantecuador.com\/#organization\",\"name\":\"Team Mutan Ecuador\",\"url\":\"https:\/\/teammutantecuador.com\/\",\"logo\":{\"@type\":\"ImageObject\",\"inLanguage\":\"es\",\"@id\":\"https:\/\/teammutantecuador.com\/#\/schema\/logo\/image\/\",\"url\":\"https:\/\/teammutantecuador.com\/wp-content\/uploads\/2026\/01\/Diseno-sin-titulo-97.png\",\"contentUrl\":\"https:\/\/teammutantecuador.com\/wp-content\/uploads\/2026\/01\/Diseno-sin-titulo-97.png\",\"width\":500,\"height\":300,\"caption\":\"Team Mutan Ecuador\"},\"image\":{\"@id\":\"https:\/\/teammutantecuador.com\/#\/schema\/logo\/image\/\"}}]}<\/script>\n<!-- \/ Yoast SEO plugin. -->","yoast_head_json":{"title":"Testosterona Propionato 100 Mg Amp. X 10ML Landerland - Team Mutan Ecuador","description":"La testosterona se absorbe en el tubo digestivo, a trav\u00e9s de la piel y la mucosa oral. No obstante, experimenta un extenso metabolismo de primer paso hep\u00e1tico cuando se administra por v\u00eda oral y, por consiguiente, suele administrarse por v\u00eda intramuscular, subcut\u00e1nea o transd\u00e9rmica.","robots":{"index":"index","follow":"follow","max-snippet":"max-snippet:-1","max-image-preview":"max-image-preview:large","max-video-preview":"max-video-preview:-1"},"canonical":"https:\/\/teammutantecuador.com\/?product=testosterona-propionato-100-mg-amp-x-10ml-landerland","og_locale":"es_ES","og_type":"article","og_title":"Testosterona Propionato 100 Mg Amp. X 10ML Landerland - Team Mutan Ecuador","og_description":"La testosterona se absorbe en el tubo digestivo, a trav\u00e9s de la piel y la mucosa oral. No obstante, experimenta un extenso metabolismo de primer paso hep\u00e1tico cuando se administra por v\u00eda oral y, por consiguiente, suele administrarse por v\u00eda intramuscular, subcut\u00e1nea o transd\u00e9rmica.","og_url":"https:\/\/teammutantecuador.com\/?product=testosterona-propionato-100-mg-amp-x-10ml-landerland","og_site_name":"Team Mutan Ecuador","article_modified_time":"2026-01-21T11:06:04+00:00","og_image":[{"width":800,"height":800,"url":"https:\/\/teammutantecuador.com\/wp-content\/uploads\/2026\/01\/Primobolan-100-Mg-Mutant-Pharma-15.jpg","type":"image\/jpeg"}],"twitter_card":"summary_large_image","twitter_misc":{"Tiempo de lectura":"6 minutos"},"schema":{"@context":"https:\/\/schema.org","@graph":[{"@type":"WebPage","@id":"https:\/\/teammutantecuador.com\/?product=testosterona-propionato-100-mg-amp-x-10ml-landerland","url":"https:\/\/teammutantecuador.com\/?product=testosterona-propionato-100-mg-amp-x-10ml-landerland","name":"Testosterona Propionato 100 Mg Amp. X 10ML Landerland - Team Mutan Ecuador","isPartOf":{"@id":"https:\/\/teammutantecuador.com\/#website"},"primaryImageOfPage":{"@id":"https:\/\/teammutantecuador.com\/?product=testosterona-propionato-100-mg-amp-x-10ml-landerland#primaryimage"},"image":{"@id":"https:\/\/teammutantecuador.com\/?product=testosterona-propionato-100-mg-amp-x-10ml-landerland#primaryimage"},"thumbnailUrl":"https:\/\/teammutantecuador.com\/wp-content\/uploads\/2026\/01\/Primobolan-100-Mg-Mutant-Pharma-15.jpg","datePublished":"2026-01-17T16:04:35+00:00","dateModified":"2026-01-21T11:06:04+00:00","description":"La testosterona se absorbe en el tubo digestivo, a trav\u00e9s de la piel y la mucosa oral. No obstante, experimenta un extenso metabolismo de primer paso hep\u00e1tico cuando se administra por v\u00eda oral y, por consiguiente, suele administrarse por v\u00eda intramuscular, subcut\u00e1nea o transd\u00e9rmica.","breadcrumb":{"@id":"https:\/\/teammutantecuador.com\/?product=testosterona-propionato-100-mg-amp-x-10ml-landerland#breadcrumb"},"inLanguage":"es","potentialAction":[{"@type":"ReadAction","target":["https:\/\/teammutantecuador.com\/?product=testosterona-propionato-100-mg-amp-x-10ml-landerland"]}]},{"@type":"ImageObject","inLanguage":"es","@id":"https:\/\/teammutantecuador.com\/?product=testosterona-propionato-100-mg-amp-x-10ml-landerland#primaryimage","url":"https:\/\/teammutantecuador.com\/wp-content\/uploads\/2026\/01\/Primobolan-100-Mg-Mutant-Pharma-15.jpg","contentUrl":"https:\/\/teammutantecuador.com\/wp-content\/uploads\/2026\/01\/Primobolan-100-Mg-Mutant-Pharma-15.jpg","width":800,"height":800,"caption":"Testosterona Propionato 100 Mg Amp. X 10ML Landerland"},{"@type":"BreadcrumbList","@id":"https:\/\/teammutantecuador.com\/?product=testosterona-propionato-100-mg-amp-x-10ml-landerland#breadcrumb","itemListElement":[{"@type":"ListItem","position":1,"name":"Portada","item":"https:\/\/teammutantecuador.com\/"},{"@type":"ListItem","position":2,"name":"Shop","item":"https:\/\/teammutantecuador.com\/?page_id=6"},{"@type":"ListItem","position":3,"name":"Testosterona Propionato 100 Mg Amp. X 10ML Landerland"}]},{"@type":"WebSite","@id":"https:\/\/teammutantecuador.com\/#website","url":"https:\/\/teammutantecuador.com\/","name":"Team Mutan Ecuador","description":"Just another WordPress site","publisher":{"@id":"https:\/\/teammutantecuador.com\/#organization"},"potentialAction":[{"@type":"SearchAction","target":{"@type":"EntryPoint","urlTemplate":"https:\/\/teammutantecuador.com\/?s={search_term_string}"},"query-input":{"@type":"PropertyValueSpecification","valueRequired":true,"valueName":"search_term_string"}}],"inLanguage":"es"},{"@type":"Organization","@id":"https:\/\/teammutantecuador.com\/#organization","name":"Team Mutan Ecuador","url":"https:\/\/teammutantecuador.com\/","logo":{"@type":"ImageObject","inLanguage":"es","@id":"https:\/\/teammutantecuador.com\/#\/schema\/logo\/image\/","url":"https:\/\/teammutantecuador.com\/wp-content\/uploads\/2026\/01\/Diseno-sin-titulo-97.png","contentUrl":"https:\/\/teammutantecuador.com\/wp-content\/uploads\/2026\/01\/Diseno-sin-titulo-97.png","width":500,"height":300,"caption":"Team Mutan Ecuador"},"image":{"@id":"https:\/\/teammutantecuador.com\/#\/schema\/logo\/image\/"}}]}},"_links":{"self":[{"href":"https:\/\/teammutantecuador.com\/index.php?rest_route=\/wp\/v2\/product\/1634","targetHints":{"allow":["GET"]}}],"collection":[{"href":"https:\/\/teammutantecuador.com\/index.php?rest_route=\/wp\/v2\/product"}],"about":[{"href":"https:\/\/teammutantecuador.com\/index.php?rest_route=\/wp\/v2\/types\/product"}],"replies":[{"embeddable":true,"href":"https:\/\/teammutantecuador.com\/index.php?rest_route=%2Fwp%2Fv2%2Fcomments&post=1634"}],"wp:featuredmedia":[{"embeddable":true,"href":"https:\/\/teammutantecuador.com\/index.php?rest_route=\/wp\/v2\/media\/1809"}],"wp:attachment":[{"href":"https:\/\/teammutantecuador.com\/index.php?rest_route=%2Fwp%2Fv2%2Fmedia&parent=1634"}],"wp:term":[{"taxonomy":"product_brand","embeddable":true,"href":"https:\/\/teammutantecuador.com\/index.php?rest_route=%2Fwp%2Fv2%2Fproduct_brand&post=1634"},{"taxonomy":"product_cat","embeddable":true,"href":"https:\/\/teammutantecuador.com\/index.php?rest_route=%2Fwp%2Fv2%2Fproduct_cat&post=1634"},{"taxonomy":"product_tag","embeddable":true,"href":"https:\/\/teammutantecuador.com\/index.php?rest_route=%2Fwp%2Fv2%2Fproduct_tag&post=1634"}],"curies":[{"name":"wp","href":"https:\/\/api.w.org\/{rel}","templated":true}]}}