{"id":1633,"date":"2026-01-17T16:04:35","date_gmt":"2026-01-17T16:04:35","guid":{"rendered":"https:\/\/teammutantecuador.com\/?post_type=product&#038;p=1633"},"modified":"2026-01-21T11:05:27","modified_gmt":"2026-01-21T11:05:27","slug":"winstrol-stanozoland-50mg-30ml-landerland","status":"publish","type":"product","link":"https:\/\/teammutantecuador.com\/?product=winstrol-stanozoland-50mg-30ml-landerland","title":{"rendered":"Winstrol  Stanozoland 50Mg &#8211; 30ML Landerland"},"content":{"rendered":"<p>El principio activo es el Stanozolol, que es el 17- &amp; &#8211; hidroxi- 17 &#8211; &amp; &#8211; metil androstano (3,2-c) pirazol, moderno anabolizante, eficaz tanto por v\u00eda oral como parenteral y potente estimulante de la s\u00edntesis proteica. El efecto del f\u00e1rmaco (que en el caso de STANOZOLAND DEPOT se prolonga durante 2 o 3 semanas) se manifiesta con un aumento de apetito y del peso corporal y con una notable recuperaci\u00f3n de las condiciones generales al mejorar la utilizaci\u00f3n de las prote\u00ednas.<\/p>\n<p><strong>Posolog\u00eda:<\/strong><\/p>\n<p>STANOZOLAND DEPOT Inyectable intramuscular:<\/p>\n<ul>\n<li>Adultos: 1 mL cada 2 \u00f3 3 semanas.<\/li>\n<li>Ni\u00f1os: Hasta los 2 a\u00f1os: 0.5 mL cada 2 \u00f3 3 semanas.<\/li>\n<li>Ni\u00f1os: De 2 a 6 a\u00f1os: de 0.5 a 1 mL cada 2 \u00f3 3 semanas, seg\u00fan criterio m\u00e9dico.<\/li>\n<\/ul>\n<p><strong>Stanozoland Depot:<\/strong><\/p>\n<p>Es una suspensi\u00f3n acuosa particularmente estudiada para una absorci\u00f3n prolongada ausente en efectos irritativos locales. Su uso es preferible siempre que el m\u00e9dico crea conveniente las administraciones parenterales distanciadas en el tiempo. Es oportuno integrar el tratamiento con una dieta rica y equilibrada.<\/p>\n<p><strong>Contraindicaciones:<\/strong><\/p>\n<p>Hipersensibilidad al Stanozolol, embarazo, carcinoma de pr\u00f3stata.<\/p>\n<p><strong>Efectos Secundarios:<\/strong><\/p>\n<p>Aunque muy raros y siempre reversibles, pueden aparecer: N\u00e1useas, v\u00f3mitos, exitaci\u00f3n, insomnio, acn\u00e9.<\/p>\n<p><strong>Indicaciones:<\/strong><\/p>\n<ul>\n<li>Estados de desmejoramiento general, delgadez de diverso origen, anorexia rebelde, convalecencia, enfermedades cr\u00f3nicas y debilitantes.<\/li>\n<li>S\u00edndrome nefr\u00f3tico, asm\u00e1ticos, artritis reumatoide, etc, para contrarrestar el efecto catab\u00f3lico de los cortis\u00f3nicos.<\/li>\n<li>Como coadyuvante en tratamiento de llagas del dec\u00fabito, fracturas de lenta consolidaci\u00f3n, oesteoporosis, quemaduras extensas, per\u00edodos pro y post- operatorio.<\/li>\n<li>En pediatr\u00eda, en los retardos de crecimiento estatural y ponderal, en los hipoevolutismos som\u00e1ticos, en las distrofias y en la inmadurez.<\/li>\n<\/ul>\n<p><strong>Interacciones:<\/strong><\/p>\n<p>La administraci\u00f3n concomitante de corticoesteroides o ACTH puede provocar edema ocasionalmente. En tratamientos con anticoagulantes, se puede registrar un aumento de la respuesta a estos f\u00e1rmacos, por lo que puede ser necesario reducir su dosis para obtener el mismo efecto terap\u00e9utico.<\/p>\n<p><strong>Precauciones:<\/strong><\/p>\n<p>En pacientes sensibles a fen\u00f3menos colaterales endocrinos o hidroelectrol\u00edticos (tendencia al edema), es oportuna una vigilancia peri\u00f3dica durante los tratamientos prolongados. En pacientes con hepatopat\u00edas, se aconseja vigilar los \u00edndices de colestasis.<\/p>\n<p><strong>Intoxicaci\u00f3n y su tratamiento:<\/strong><\/p>\n<p>A las dosis terap\u00e9uticas indicadas, no cabe esperar ning\u00fan tipo de toxicidad aguda. En caso de sobredosis acudir al Centro de Emergencias M\u00e9dicas, Secci\u00f3n Toxicolog\u00eda (Gral. Santos y Teodoro S. Mongel\u00f3s, Tel: 220 418).<\/p>\n<p><strong>F\u00f3rmula:<\/strong><\/p>\n<p><em>Cada mL contiene:<\/em><\/p>\n<p>Stanozolol\u2026\u2026\u2026\u2026\u2026\u2026\u2026\u2026\u2026\u2026\u2026\u2026\u2026\u2026\u2026\u2026\u2026\u2026\u2026\u2026\u2026\u2026\u2026\u2026\u2026\u2026\u2026\u2026\u2026\u2026\u2026\u2026\u2026\u2026\u2026\u2026\u2026 50 mg.<\/p>\n<p>Excipientes\u2026\u2026\u2026\u2026\u2026\u2026\u2026\u2026\u2026\u2026\u2026\u2026\u2026\u2026\u2026\u2026\u2026\u2026\u2026\u2026\u2026\u2026\u2026\u2026\u2026\u2026\u2026\u2026\u2026\u2026\u2026\u2026\u2026\u2026\u2026\u2026\u2026 c.s.<\/p>\n<p><strong>Presentaci\u00f3n:<\/strong><\/p>\n<p>Caja conteniendo 3 ampollas x 1 mL.<\/p>\n<p>Caja Conteniendo 1 ampolla x 15 mL.<\/p>\n<p>Caja Conteniendo 1 ampolla x 30 mL.<\/p>\n<p>Mantener a una temperatura inferior a 25\u00b0C en un lugar seco y fuera del alcance de los ni\u00f1os.<\/p>\n<p>Venta bajo receta.<\/p>\n<p>Industria Paraguaya.<\/p>\n","protected":false},"excerpt":{"rendered":"<p>El principio activo es el Stanozolol, que es el 17- &amp; &#8211; hidroxi- 17 &#8211; &amp; &#8211; metil androstano (3,2-c) pirazol, moderno anabolizante, eficaz tanto por v\u00eda oral como parenteral y potente estimulante de la s\u00edntesis proteica. El efecto del f\u00e1rmaco (que en el caso de STANOZOLAND DEPOT se prolonga durante 2 o 3 semanas)<\/p>\n","protected":false},"featured_media":1822,"comment_status":"open","ping_status":"closed","template":"","meta":[],"product_brand":[251],"product_cat":[392],"product_tag":[249,252,126,155],"class_list":{"0":"post-1633","1":"product","2":"type-product","3":"status-publish","4":"has-post-thumbnail","6":"product_brand-landerlan","7":"product_cat-anabolicos","8":"product_tag-landerland","9":"product_tag-stanozolol","10":"product_tag-winstrol","11":"product_tag-winstrol-inyectable","13":"first","14":"instock","15":"sale","16":"shipping-taxable","17":"purchasable","18":"product-type-simple"},"yoast_head":"<!-- This site is optimized with the Yoast SEO plugin v26.8 - https:\/\/yoast.com\/product\/yoast-seo-wordpress\/ -->\n<title>Winstrol Stanozoland 50Mg - 30ML Landerland - Team Mutan Ecuador<\/title>\n<meta name=\"description\" content=\"El principio activo es el Stanozolol, que es el 17- &amp; - hidroxi- 17 - &amp; - metil androstano (3,2-c) pirazol, moderno anabolizante, eficaz tanto por v\u00eda oral como parenteral y potente estimulante de la s\u00edntesis proteica. El efecto del f\u00e1rmaco (que en el caso de STANOZOLAND DEPOT se prolonga durante 2 o 3 semanas)\" \/>\n<meta name=\"robots\" content=\"index, follow, max-snippet:-1, max-image-preview:large, max-video-preview:-1\" \/>\n<link rel=\"canonical\" href=\"https:\/\/teammutantecuador.com\/?product=winstrol-stanozoland-50mg-30ml-landerland\" \/>\n<meta property=\"og:locale\" content=\"es_ES\" \/>\n<meta property=\"og:type\" content=\"article\" \/>\n<meta property=\"og:title\" content=\"Winstrol Stanozoland 50Mg - 30ML Landerland - Team Mutan Ecuador\" \/>\n<meta property=\"og:description\" content=\"El principio activo es el Stanozolol, que es el 17- &amp; - hidroxi- 17 - &amp; - metil androstano (3,2-c) pirazol, moderno anabolizante, eficaz tanto por v\u00eda oral como parenteral y potente estimulante de la s\u00edntesis proteica. El efecto del f\u00e1rmaco (que en el caso de STANOZOLAND DEPOT se prolonga durante 2 o 3 semanas)\" \/>\n<meta property=\"og:url\" content=\"https:\/\/teammutantecuador.com\/?product=winstrol-stanozoland-50mg-30ml-landerland\" \/>\n<meta property=\"og:site_name\" content=\"Team Mutan Ecuador\" \/>\n<meta property=\"article:modified_time\" content=\"2026-01-21T11:05:27+00:00\" \/>\n<meta property=\"og:image\" content=\"https:\/\/teammutantecuador.com\/wp-content\/uploads\/2026\/01\/Primobolan-100-Mg-Mutant-Pharma-23.jpg\" \/>\n\t<meta property=\"og:image:width\" content=\"800\" \/>\n\t<meta property=\"og:image:height\" content=\"800\" \/>\n\t<meta property=\"og:image:type\" content=\"image\/jpeg\" \/>\n<meta name=\"twitter:card\" content=\"summary_large_image\" \/>\n<meta name=\"twitter:label1\" content=\"Tiempo de lectura\" \/>\n\t<meta name=\"twitter:data1\" content=\"2 minutos\" \/>\n<script type=\"application\/ld+json\" class=\"yoast-schema-graph\">{\"@context\":\"https:\/\/schema.org\",\"@graph\":[{\"@type\":\"WebPage\",\"@id\":\"https:\/\/teammutantecuador.com\/?product=winstrol-stanozoland-50mg-30ml-landerland\",\"url\":\"https:\/\/teammutantecuador.com\/?product=winstrol-stanozoland-50mg-30ml-landerland\",\"name\":\"Winstrol Stanozoland 50Mg - 30ML Landerland - Team Mutan Ecuador\",\"isPartOf\":{\"@id\":\"https:\/\/teammutantecuador.com\/#website\"},\"primaryImageOfPage\":{\"@id\":\"https:\/\/teammutantecuador.com\/?product=winstrol-stanozoland-50mg-30ml-landerland#primaryimage\"},\"image\":{\"@id\":\"https:\/\/teammutantecuador.com\/?product=winstrol-stanozoland-50mg-30ml-landerland#primaryimage\"},\"thumbnailUrl\":\"https:\/\/teammutantecuador.com\/wp-content\/uploads\/2026\/01\/Primobolan-100-Mg-Mutant-Pharma-23.jpg\",\"datePublished\":\"2026-01-17T16:04:35+00:00\",\"dateModified\":\"2026-01-21T11:05:27+00:00\",\"description\":\"El principio activo es el Stanozolol, que es el 17- &amp; - hidroxi- 17 - &amp; - metil androstano (3,2-c) pirazol, moderno anabolizante, eficaz tanto por v\u00eda oral como parenteral y potente estimulante de la s\u00edntesis proteica. El efecto del f\u00e1rmaco (que en el caso de STANOZOLAND DEPOT se prolonga durante 2 o 3 semanas)\",\"breadcrumb\":{\"@id\":\"https:\/\/teammutantecuador.com\/?product=winstrol-stanozoland-50mg-30ml-landerland#breadcrumb\"},\"inLanguage\":\"es\",\"potentialAction\":[{\"@type\":\"ReadAction\",\"target\":[\"https:\/\/teammutantecuador.com\/?product=winstrol-stanozoland-50mg-30ml-landerland\"]}]},{\"@type\":\"ImageObject\",\"inLanguage\":\"es\",\"@id\":\"https:\/\/teammutantecuador.com\/?product=winstrol-stanozoland-50mg-30ml-landerland#primaryimage\",\"url\":\"https:\/\/teammutantecuador.com\/wp-content\/uploads\/2026\/01\/Primobolan-100-Mg-Mutant-Pharma-23.jpg\",\"contentUrl\":\"https:\/\/teammutantecuador.com\/wp-content\/uploads\/2026\/01\/Primobolan-100-Mg-Mutant-Pharma-23.jpg\",\"width\":800,\"height\":800,\"caption\":\"Winstrol Stanozoland 50Mg - 30ML Landerland\"},{\"@type\":\"BreadcrumbList\",\"@id\":\"https:\/\/teammutantecuador.com\/?product=winstrol-stanozoland-50mg-30ml-landerland#breadcrumb\",\"itemListElement\":[{\"@type\":\"ListItem\",\"position\":1,\"name\":\"Portada\",\"item\":\"https:\/\/teammutantecuador.com\/\"},{\"@type\":\"ListItem\",\"position\":2,\"name\":\"Shop\",\"item\":\"https:\/\/teammutantecuador.com\/?page_id=6\"},{\"@type\":\"ListItem\",\"position\":3,\"name\":\"Winstrol Stanozoland 50Mg &#8211; 30ML Landerland\"}]},{\"@type\":\"WebSite\",\"@id\":\"https:\/\/teammutantecuador.com\/#website\",\"url\":\"https:\/\/teammutantecuador.com\/\",\"name\":\"Team Mutan Ecuador\",\"description\":\"Just another WordPress site\",\"publisher\":{\"@id\":\"https:\/\/teammutantecuador.com\/#organization\"},\"potentialAction\":[{\"@type\":\"SearchAction\",\"target\":{\"@type\":\"EntryPoint\",\"urlTemplate\":\"https:\/\/teammutantecuador.com\/?s={search_term_string}\"},\"query-input\":{\"@type\":\"PropertyValueSpecification\",\"valueRequired\":true,\"valueName\":\"search_term_string\"}}],\"inLanguage\":\"es\"},{\"@type\":\"Organization\",\"@id\":\"https:\/\/teammutantecuador.com\/#organization\",\"name\":\"Team Mutan Ecuador\",\"url\":\"https:\/\/teammutantecuador.com\/\",\"logo\":{\"@type\":\"ImageObject\",\"inLanguage\":\"es\",\"@id\":\"https:\/\/teammutantecuador.com\/#\/schema\/logo\/image\/\",\"url\":\"https:\/\/teammutantecuador.com\/wp-content\/uploads\/2026\/01\/Diseno-sin-titulo-97.png\",\"contentUrl\":\"https:\/\/teammutantecuador.com\/wp-content\/uploads\/2026\/01\/Diseno-sin-titulo-97.png\",\"width\":500,\"height\":300,\"caption\":\"Team Mutan Ecuador\"},\"image\":{\"@id\":\"https:\/\/teammutantecuador.com\/#\/schema\/logo\/image\/\"}}]}<\/script>\n<!-- \/ Yoast SEO plugin. -->","yoast_head_json":{"title":"Winstrol Stanozoland 50Mg - 30ML Landerland - Team Mutan Ecuador","description":"El principio activo es el Stanozolol, que es el 17- &amp; - hidroxi- 17 - &amp; - metil androstano (3,2-c) pirazol, moderno anabolizante, eficaz tanto por v\u00eda oral como parenteral y potente estimulante de la s\u00edntesis proteica. El efecto del f\u00e1rmaco (que en el caso de STANOZOLAND DEPOT se prolonga durante 2 o 3 semanas)","robots":{"index":"index","follow":"follow","max-snippet":"max-snippet:-1","max-image-preview":"max-image-preview:large","max-video-preview":"max-video-preview:-1"},"canonical":"https:\/\/teammutantecuador.com\/?product=winstrol-stanozoland-50mg-30ml-landerland","og_locale":"es_ES","og_type":"article","og_title":"Winstrol Stanozoland 50Mg - 30ML Landerland - Team Mutan Ecuador","og_description":"El principio activo es el Stanozolol, que es el 17- &amp; - hidroxi- 17 - &amp; - metil androstano (3,2-c) pirazol, moderno anabolizante, eficaz tanto por v\u00eda oral como parenteral y potente estimulante de la s\u00edntesis proteica. El efecto del f\u00e1rmaco (que en el caso de STANOZOLAND DEPOT se prolonga durante 2 o 3 semanas)","og_url":"https:\/\/teammutantecuador.com\/?product=winstrol-stanozoland-50mg-30ml-landerland","og_site_name":"Team Mutan Ecuador","article_modified_time":"2026-01-21T11:05:27+00:00","og_image":[{"width":800,"height":800,"url":"https:\/\/teammutantecuador.com\/wp-content\/uploads\/2026\/01\/Primobolan-100-Mg-Mutant-Pharma-23.jpg","type":"image\/jpeg"}],"twitter_card":"summary_large_image","twitter_misc":{"Tiempo de lectura":"2 minutos"},"schema":{"@context":"https:\/\/schema.org","@graph":[{"@type":"WebPage","@id":"https:\/\/teammutantecuador.com\/?product=winstrol-stanozoland-50mg-30ml-landerland","url":"https:\/\/teammutantecuador.com\/?product=winstrol-stanozoland-50mg-30ml-landerland","name":"Winstrol Stanozoland 50Mg - 30ML Landerland - Team Mutan Ecuador","isPartOf":{"@id":"https:\/\/teammutantecuador.com\/#website"},"primaryImageOfPage":{"@id":"https:\/\/teammutantecuador.com\/?product=winstrol-stanozoland-50mg-30ml-landerland#primaryimage"},"image":{"@id":"https:\/\/teammutantecuador.com\/?product=winstrol-stanozoland-50mg-30ml-landerland#primaryimage"},"thumbnailUrl":"https:\/\/teammutantecuador.com\/wp-content\/uploads\/2026\/01\/Primobolan-100-Mg-Mutant-Pharma-23.jpg","datePublished":"2026-01-17T16:04:35+00:00","dateModified":"2026-01-21T11:05:27+00:00","description":"El principio activo es el Stanozolol, que es el 17- &amp; - hidroxi- 17 - &amp; - metil androstano (3,2-c) pirazol, moderno anabolizante, eficaz tanto por v\u00eda oral como parenteral y potente estimulante de la s\u00edntesis proteica. El efecto del f\u00e1rmaco (que en el caso de STANOZOLAND DEPOT se prolonga durante 2 o 3 semanas)","breadcrumb":{"@id":"https:\/\/teammutantecuador.com\/?product=winstrol-stanozoland-50mg-30ml-landerland#breadcrumb"},"inLanguage":"es","potentialAction":[{"@type":"ReadAction","target":["https:\/\/teammutantecuador.com\/?product=winstrol-stanozoland-50mg-30ml-landerland"]}]},{"@type":"ImageObject","inLanguage":"es","@id":"https:\/\/teammutantecuador.com\/?product=winstrol-stanozoland-50mg-30ml-landerland#primaryimage","url":"https:\/\/teammutantecuador.com\/wp-content\/uploads\/2026\/01\/Primobolan-100-Mg-Mutant-Pharma-23.jpg","contentUrl":"https:\/\/teammutantecuador.com\/wp-content\/uploads\/2026\/01\/Primobolan-100-Mg-Mutant-Pharma-23.jpg","width":800,"height":800,"caption":"Winstrol Stanozoland 50Mg - 30ML Landerland"},{"@type":"BreadcrumbList","@id":"https:\/\/teammutantecuador.com\/?product=winstrol-stanozoland-50mg-30ml-landerland#breadcrumb","itemListElement":[{"@type":"ListItem","position":1,"name":"Portada","item":"https:\/\/teammutantecuador.com\/"},{"@type":"ListItem","position":2,"name":"Shop","item":"https:\/\/teammutantecuador.com\/?page_id=6"},{"@type":"ListItem","position":3,"name":"Winstrol Stanozoland 50Mg &#8211; 30ML Landerland"}]},{"@type":"WebSite","@id":"https:\/\/teammutantecuador.com\/#website","url":"https:\/\/teammutantecuador.com\/","name":"Team Mutan Ecuador","description":"Just another WordPress site","publisher":{"@id":"https:\/\/teammutantecuador.com\/#organization"},"potentialAction":[{"@type":"SearchAction","target":{"@type":"EntryPoint","urlTemplate":"https:\/\/teammutantecuador.com\/?s={search_term_string}"},"query-input":{"@type":"PropertyValueSpecification","valueRequired":true,"valueName":"search_term_string"}}],"inLanguage":"es"},{"@type":"Organization","@id":"https:\/\/teammutantecuador.com\/#organization","name":"Team Mutan Ecuador","url":"https:\/\/teammutantecuador.com\/","logo":{"@type":"ImageObject","inLanguage":"es","@id":"https:\/\/teammutantecuador.com\/#\/schema\/logo\/image\/","url":"https:\/\/teammutantecuador.com\/wp-content\/uploads\/2026\/01\/Diseno-sin-titulo-97.png","contentUrl":"https:\/\/teammutantecuador.com\/wp-content\/uploads\/2026\/01\/Diseno-sin-titulo-97.png","width":500,"height":300,"caption":"Team Mutan Ecuador"},"image":{"@id":"https:\/\/teammutantecuador.com\/#\/schema\/logo\/image\/"}}]}},"_links":{"self":[{"href":"https:\/\/teammutantecuador.com\/index.php?rest_route=\/wp\/v2\/product\/1633","targetHints":{"allow":["GET"]}}],"collection":[{"href":"https:\/\/teammutantecuador.com\/index.php?rest_route=\/wp\/v2\/product"}],"about":[{"href":"https:\/\/teammutantecuador.com\/index.php?rest_route=\/wp\/v2\/types\/product"}],"replies":[{"embeddable":true,"href":"https:\/\/teammutantecuador.com\/index.php?rest_route=%2Fwp%2Fv2%2Fcomments&post=1633"}],"wp:featuredmedia":[{"embeddable":true,"href":"https:\/\/teammutantecuador.com\/index.php?rest_route=\/wp\/v2\/media\/1822"}],"wp:attachment":[{"href":"https:\/\/teammutantecuador.com\/index.php?rest_route=%2Fwp%2Fv2%2Fmedia&parent=1633"}],"wp:term":[{"taxonomy":"product_brand","embeddable":true,"href":"https:\/\/teammutantecuador.com\/index.php?rest_route=%2Fwp%2Fv2%2Fproduct_brand&post=1633"},{"taxonomy":"product_cat","embeddable":true,"href":"https:\/\/teammutantecuador.com\/index.php?rest_route=%2Fwp%2Fv2%2Fproduct_cat&post=1633"},{"taxonomy":"product_tag","embeddable":true,"href":"https:\/\/teammutantecuador.com\/index.php?rest_route=%2Fwp%2Fv2%2Fproduct_tag&post=1633"}],"curies":[{"name":"wp","href":"https:\/\/api.w.org\/{rel}","templated":true}]}}