{"id":1630,"date":"2026-01-17T16:04:30","date_gmt":"2026-01-17T16:04:30","guid":{"rendered":"https:\/\/teammutantecuador.com\/?post_type=product&#038;p=1630"},"modified":"2026-01-21T11:07:20","modified_gmt":"2026-01-21T11:07:20","slug":"ostarine-mk-2866","status":"publish","type":"product","link":"https:\/\/teammutantecuador.com\/?product=ostarine-mk-2866","title":{"rendered":"OSTARINE \u2013 MK-2866"},"content":{"rendered":"<p><span>Hasta la fecha, Ostarine se ha evaluado en ocho ensayos cl\u00ednicos en los que participaron aproximadamente 600 sujetos.\u00a0Su eficacia ha sido probada en la construcci\u00f3n de masa muscular magra, as\u00ed como en la p\u00e9rdida de grasa.<\/span><br \/>\n<span>Ostarine tambi\u00e9n se puede usar en mujeres, ya que no tiene efectos androg\u00e9nicos o masculinizantes.<\/span><\/p>\n<p>&nbsp;<\/p>\n<div class=\"page\" title=\"P\u00e1gina 3\">\n<div class=\"section\">\n<div class=\"layoutArea\">\n<div class=\"column\">\n<p>\u2022 Aumento de masa muscular: 7\/10<br \/>\n\u2022 Aumento de fuerza: 7\/10<br \/>\n\u2022 P\u00e9rdida de grasa: 7\/10<br \/>\n\u2022 Resistencia: 7\/10<br \/>\n\u2022\u00a0Retenci\u00f3n de agua\u00a0: No<br \/>\n\u2022 Saborizante: No<br \/>\n\u2022 Conversi\u00f3n a: No<br \/>\n\u2022 Toxicidad hep\u00e1tica: Muy baja o ninguna<\/p>\n<div class=\"et_pb_module et_pb_text et_pb_text_0  et_pb_text_align_left et_pb_bg_layout_light\">\n<div class=\"et_pb_text_inner\">\n<h2><span>BENEFICIOS<\/span><\/h2>\n<\/div>\n<\/div>\n<div class=\"et_pb_module et_pb_text et_pb_text_1  et_pb_text_align_left et_pb_bg_layout_light\">\n<div class=\"et_pb_text_inner\">\n<div class=\"page\" title=\"P\u00e1gina 4\">\n<div class=\"layoutArea\">\n<div class=\"column\">\n<p><span>\u2022 Ganancia de masa muscular magra<\/span><br \/>\n<span>\u2022 Reducci\u00f3n de grasa<\/span><br \/>\n<span>\u2022 Aumento de la resistencia (aer\u00f3bica y anaer\u00f3bica)<\/span><br \/>\n<span>\u2022 Mejora de lesiones<\/span><br \/>\n<span>\u2022 No tiene toxicidad hep\u00e1tica<\/span><br \/>\n<span>\u2022 Disminuci\u00f3n de los niveles de colesterol dependiente de la dosis<\/span><\/p>\n<\/div>\n<\/div>\n<\/div>\n<\/div>\n<\/div>\n<\/div>\n<\/div>\n<\/div>\n<\/div>\n","protected":false},"excerpt":{"rendered":"<p>Hasta la fecha, Ostarine se ha evaluado en ocho ensayos cl\u00ednicos en los que participaron aproximadamente 600 sujetos.\u00a0Su eficacia ha sido probada en la construcci\u00f3n de masa muscular magra, as\u00ed como en la p\u00e9rdida de grasa<\/p>\n","protected":false},"featured_media":1838,"comment_status":"open","ping_status":"closed","template":"","meta":[],"product_brand":[244],"product_cat":[170],"product_tag":[242,203,174,171],"class_list":{"0":"post-1630","1":"product","2":"type-product","3":"status-publish","4":"has-post-thumbnail","6":"product_brand-bionic-pharma","7":"product_cat-sarms","8":"product_tag-bionic-pharma","9":"product_tag-mk-2866","10":"product_tag-ostarine","11":"product_tag-sarms","13":"first","14":"instock","15":"sale","16":"shipping-taxable","17":"purchasable","18":"product-type-simple"},"yoast_head":"<!-- This site is optimized with the Yoast SEO plugin v26.8 - https:\/\/yoast.com\/product\/yoast-seo-wordpress\/ -->\n<title>OSTARINE \u2013 MK-2866 - Team Mutan Ecuador<\/title>\n<meta name=\"description\" content=\"Hasta la fecha, Ostarine se ha evaluado en ocho ensayos cl\u00ednicos en los que participaron aproximadamente 600 sujetos.\u00a0Su eficacia ha sido probada en la construcci\u00f3n de masa muscular magra, as\u00ed como en la p\u00e9rdida de grasa\" \/>\n<meta name=\"robots\" content=\"index, follow, max-snippet:-1, max-image-preview:large, max-video-preview:-1\" \/>\n<link rel=\"canonical\" href=\"https:\/\/teammutantecuador.com\/?product=ostarine-mk-2866\" \/>\n<meta property=\"og:locale\" content=\"es_ES\" \/>\n<meta property=\"og:type\" content=\"article\" \/>\n<meta property=\"og:title\" content=\"OSTARINE \u2013 MK-2866 - Team Mutan Ecuador\" \/>\n<meta property=\"og:description\" content=\"Hasta la fecha, Ostarine se ha evaluado en ocho ensayos cl\u00ednicos en los que participaron aproximadamente 600 sujetos.\u00a0Su eficacia ha sido probada en la construcci\u00f3n de masa muscular magra, as\u00ed como en la p\u00e9rdida de grasa\" \/>\n<meta property=\"og:url\" content=\"https:\/\/teammutantecuador.com\/?product=ostarine-mk-2866\" \/>\n<meta property=\"og:site_name\" content=\"Team Mutan Ecuador\" \/>\n<meta property=\"article:modified_time\" content=\"2026-01-21T11:07:20+00:00\" \/>\n<meta property=\"og:image\" content=\"https:\/\/teammutantecuador.com\/wp-content\/uploads\/2026\/01\/Primobolan-100-Mg-Mutant-Pharma-41.jpg\" \/>\n\t<meta property=\"og:image:width\" content=\"800\" \/>\n\t<meta property=\"og:image:height\" content=\"800\" \/>\n\t<meta property=\"og:image:type\" content=\"image\/jpeg\" \/>\n<meta name=\"twitter:card\" content=\"summary_large_image\" \/>\n<meta name=\"twitter:label1\" content=\"Tiempo de lectura\" \/>\n\t<meta name=\"twitter:data1\" content=\"1 minuto\" \/>\n<script type=\"application\/ld+json\" class=\"yoast-schema-graph\">{\"@context\":\"https:\/\/schema.org\",\"@graph\":[{\"@type\":\"WebPage\",\"@id\":\"https:\/\/teammutantecuador.com\/?product=ostarine-mk-2866\",\"url\":\"https:\/\/teammutantecuador.com\/?product=ostarine-mk-2866\",\"name\":\"OSTARINE \u2013 MK-2866 - Team Mutan Ecuador\",\"isPartOf\":{\"@id\":\"https:\/\/teammutantecuador.com\/#website\"},\"primaryImageOfPage\":{\"@id\":\"https:\/\/teammutantecuador.com\/?product=ostarine-mk-2866#primaryimage\"},\"image\":{\"@id\":\"https:\/\/teammutantecuador.com\/?product=ostarine-mk-2866#primaryimage\"},\"thumbnailUrl\":\"https:\/\/teammutantecuador.com\/wp-content\/uploads\/2026\/01\/Primobolan-100-Mg-Mutant-Pharma-41.jpg\",\"datePublished\":\"2026-01-17T16:04:30+00:00\",\"dateModified\":\"2026-01-21T11:07:20+00:00\",\"description\":\"Hasta la fecha, Ostarine se ha evaluado en ocho ensayos cl\u00ednicos en los que participaron aproximadamente 600 sujetos.\u00a0Su eficacia ha sido probada en la construcci\u00f3n de masa muscular magra, as\u00ed como en la p\u00e9rdida de grasa\",\"breadcrumb\":{\"@id\":\"https:\/\/teammutantecuador.com\/?product=ostarine-mk-2866#breadcrumb\"},\"inLanguage\":\"es\",\"potentialAction\":[{\"@type\":\"ReadAction\",\"target\":[\"https:\/\/teammutantecuador.com\/?product=ostarine-mk-2866\"]}]},{\"@type\":\"ImageObject\",\"inLanguage\":\"es\",\"@id\":\"https:\/\/teammutantecuador.com\/?product=ostarine-mk-2866#primaryimage\",\"url\":\"https:\/\/teammutantecuador.com\/wp-content\/uploads\/2026\/01\/Primobolan-100-Mg-Mutant-Pharma-41.jpg\",\"contentUrl\":\"https:\/\/teammutantecuador.com\/wp-content\/uploads\/2026\/01\/Primobolan-100-Mg-Mutant-Pharma-41.jpg\",\"width\":800,\"height\":800,\"caption\":\"OSTARINE \u2013 MK-2866\"},{\"@type\":\"BreadcrumbList\",\"@id\":\"https:\/\/teammutantecuador.com\/?product=ostarine-mk-2866#breadcrumb\",\"itemListElement\":[{\"@type\":\"ListItem\",\"position\":1,\"name\":\"Portada\",\"item\":\"https:\/\/teammutantecuador.com\/\"},{\"@type\":\"ListItem\",\"position\":2,\"name\":\"Shop\",\"item\":\"https:\/\/teammutantecuador.com\/?page_id=6\"},{\"@type\":\"ListItem\",\"position\":3,\"name\":\"OSTARINE \u2013 MK-2866\"}]},{\"@type\":\"WebSite\",\"@id\":\"https:\/\/teammutantecuador.com\/#website\",\"url\":\"https:\/\/teammutantecuador.com\/\",\"name\":\"Team Mutan Ecuador\",\"description\":\"Just another WordPress site\",\"publisher\":{\"@id\":\"https:\/\/teammutantecuador.com\/#organization\"},\"potentialAction\":[{\"@type\":\"SearchAction\",\"target\":{\"@type\":\"EntryPoint\",\"urlTemplate\":\"https:\/\/teammutantecuador.com\/?s={search_term_string}\"},\"query-input\":{\"@type\":\"PropertyValueSpecification\",\"valueRequired\":true,\"valueName\":\"search_term_string\"}}],\"inLanguage\":\"es\"},{\"@type\":\"Organization\",\"@id\":\"https:\/\/teammutantecuador.com\/#organization\",\"name\":\"Team Mutan Ecuador\",\"url\":\"https:\/\/teammutantecuador.com\/\",\"logo\":{\"@type\":\"ImageObject\",\"inLanguage\":\"es\",\"@id\":\"https:\/\/teammutantecuador.com\/#\/schema\/logo\/image\/\",\"url\":\"https:\/\/teammutantecuador.com\/wp-content\/uploads\/2026\/01\/Diseno-sin-titulo-97.png\",\"contentUrl\":\"https:\/\/teammutantecuador.com\/wp-content\/uploads\/2026\/01\/Diseno-sin-titulo-97.png\",\"width\":500,\"height\":300,\"caption\":\"Team Mutan Ecuador\"},\"image\":{\"@id\":\"https:\/\/teammutantecuador.com\/#\/schema\/logo\/image\/\"}}]}<\/script>\n<!-- \/ Yoast SEO plugin. -->","yoast_head_json":{"title":"OSTARINE \u2013 MK-2866 - Team Mutan Ecuador","description":"Hasta la fecha, Ostarine se ha evaluado en ocho ensayos cl\u00ednicos en los que participaron aproximadamente 600 sujetos.\u00a0Su eficacia ha sido probada en la construcci\u00f3n de masa muscular magra, as\u00ed como en la p\u00e9rdida de grasa","robots":{"index":"index","follow":"follow","max-snippet":"max-snippet:-1","max-image-preview":"max-image-preview:large","max-video-preview":"max-video-preview:-1"},"canonical":"https:\/\/teammutantecuador.com\/?product=ostarine-mk-2866","og_locale":"es_ES","og_type":"article","og_title":"OSTARINE \u2013 MK-2866 - Team Mutan Ecuador","og_description":"Hasta la fecha, Ostarine se ha evaluado en ocho ensayos cl\u00ednicos en los que participaron aproximadamente 600 sujetos.\u00a0Su eficacia ha sido probada en la construcci\u00f3n de masa muscular magra, as\u00ed como en la p\u00e9rdida de grasa","og_url":"https:\/\/teammutantecuador.com\/?product=ostarine-mk-2866","og_site_name":"Team Mutan Ecuador","article_modified_time":"2026-01-21T11:07:20+00:00","og_image":[{"width":800,"height":800,"url":"https:\/\/teammutantecuador.com\/wp-content\/uploads\/2026\/01\/Primobolan-100-Mg-Mutant-Pharma-41.jpg","type":"image\/jpeg"}],"twitter_card":"summary_large_image","twitter_misc":{"Tiempo de lectura":"1 minuto"},"schema":{"@context":"https:\/\/schema.org","@graph":[{"@type":"WebPage","@id":"https:\/\/teammutantecuador.com\/?product=ostarine-mk-2866","url":"https:\/\/teammutantecuador.com\/?product=ostarine-mk-2866","name":"OSTARINE \u2013 MK-2866 - Team Mutan Ecuador","isPartOf":{"@id":"https:\/\/teammutantecuador.com\/#website"},"primaryImageOfPage":{"@id":"https:\/\/teammutantecuador.com\/?product=ostarine-mk-2866#primaryimage"},"image":{"@id":"https:\/\/teammutantecuador.com\/?product=ostarine-mk-2866#primaryimage"},"thumbnailUrl":"https:\/\/teammutantecuador.com\/wp-content\/uploads\/2026\/01\/Primobolan-100-Mg-Mutant-Pharma-41.jpg","datePublished":"2026-01-17T16:04:30+00:00","dateModified":"2026-01-21T11:07:20+00:00","description":"Hasta la fecha, Ostarine se ha evaluado en ocho ensayos cl\u00ednicos en los que participaron aproximadamente 600 sujetos.\u00a0Su eficacia ha sido probada en la construcci\u00f3n de masa muscular magra, as\u00ed como en la p\u00e9rdida de grasa","breadcrumb":{"@id":"https:\/\/teammutantecuador.com\/?product=ostarine-mk-2866#breadcrumb"},"inLanguage":"es","potentialAction":[{"@type":"ReadAction","target":["https:\/\/teammutantecuador.com\/?product=ostarine-mk-2866"]}]},{"@type":"ImageObject","inLanguage":"es","@id":"https:\/\/teammutantecuador.com\/?product=ostarine-mk-2866#primaryimage","url":"https:\/\/teammutantecuador.com\/wp-content\/uploads\/2026\/01\/Primobolan-100-Mg-Mutant-Pharma-41.jpg","contentUrl":"https:\/\/teammutantecuador.com\/wp-content\/uploads\/2026\/01\/Primobolan-100-Mg-Mutant-Pharma-41.jpg","width":800,"height":800,"caption":"OSTARINE \u2013 MK-2866"},{"@type":"BreadcrumbList","@id":"https:\/\/teammutantecuador.com\/?product=ostarine-mk-2866#breadcrumb","itemListElement":[{"@type":"ListItem","position":1,"name":"Portada","item":"https:\/\/teammutantecuador.com\/"},{"@type":"ListItem","position":2,"name":"Shop","item":"https:\/\/teammutantecuador.com\/?page_id=6"},{"@type":"ListItem","position":3,"name":"OSTARINE \u2013 MK-2866"}]},{"@type":"WebSite","@id":"https:\/\/teammutantecuador.com\/#website","url":"https:\/\/teammutantecuador.com\/","name":"Team Mutan Ecuador","description":"Just another WordPress site","publisher":{"@id":"https:\/\/teammutantecuador.com\/#organization"},"potentialAction":[{"@type":"SearchAction","target":{"@type":"EntryPoint","urlTemplate":"https:\/\/teammutantecuador.com\/?s={search_term_string}"},"query-input":{"@type":"PropertyValueSpecification","valueRequired":true,"valueName":"search_term_string"}}],"inLanguage":"es"},{"@type":"Organization","@id":"https:\/\/teammutantecuador.com\/#organization","name":"Team Mutan Ecuador","url":"https:\/\/teammutantecuador.com\/","logo":{"@type":"ImageObject","inLanguage":"es","@id":"https:\/\/teammutantecuador.com\/#\/schema\/logo\/image\/","url":"https:\/\/teammutantecuador.com\/wp-content\/uploads\/2026\/01\/Diseno-sin-titulo-97.png","contentUrl":"https:\/\/teammutantecuador.com\/wp-content\/uploads\/2026\/01\/Diseno-sin-titulo-97.png","width":500,"height":300,"caption":"Team Mutan Ecuador"},"image":{"@id":"https:\/\/teammutantecuador.com\/#\/schema\/logo\/image\/"}}]}},"_links":{"self":[{"href":"https:\/\/teammutantecuador.com\/index.php?rest_route=\/wp\/v2\/product\/1630","targetHints":{"allow":["GET"]}}],"collection":[{"href":"https:\/\/teammutantecuador.com\/index.php?rest_route=\/wp\/v2\/product"}],"about":[{"href":"https:\/\/teammutantecuador.com\/index.php?rest_route=\/wp\/v2\/types\/product"}],"replies":[{"embeddable":true,"href":"https:\/\/teammutantecuador.com\/index.php?rest_route=%2Fwp%2Fv2%2Fcomments&post=1630"}],"wp:featuredmedia":[{"embeddable":true,"href":"https:\/\/teammutantecuador.com\/index.php?rest_route=\/wp\/v2\/media\/1838"}],"wp:attachment":[{"href":"https:\/\/teammutantecuador.com\/index.php?rest_route=%2Fwp%2Fv2%2Fmedia&parent=1630"}],"wp:term":[{"taxonomy":"product_brand","embeddable":true,"href":"https:\/\/teammutantecuador.com\/index.php?rest_route=%2Fwp%2Fv2%2Fproduct_brand&post=1630"},{"taxonomy":"product_cat","embeddable":true,"href":"https:\/\/teammutantecuador.com\/index.php?rest_route=%2Fwp%2Fv2%2Fproduct_cat&post=1630"},{"taxonomy":"product_tag","embeddable":true,"href":"https:\/\/teammutantecuador.com\/index.php?rest_route=%2Fwp%2Fv2%2Fproduct_tag&post=1630"}],"curies":[{"name":"wp","href":"https:\/\/api.w.org\/{rel}","templated":true}]}}