{"id":1629,"date":"2026-01-17T16:04:30","date_gmt":"2026-01-17T16:04:30","guid":{"rendered":"https:\/\/teammutantecuador.com\/?post_type=product&#038;p=1629"},"modified":"2026-01-21T11:09:04","modified_gmt":"2026-01-21T11:09:04","slug":"ovigil-5000-ui","status":"publish","type":"product","link":"https:\/\/teammutantecuador.com\/?product=ovigil-5000-ui","title":{"rendered":"OVIGIL 5000 UI"},"content":{"rendered":"<h1>Pregnyl \u2013 Profasis \u2013 postciclo \u2013 Ovidrel- Fostimon<\/h1>\n<h1>Tratamientos de Fertifidad<\/h1>\n<p>Ovigil se utiliza en el tratamiento para fertilidad y de la criptorquidia prepuberal no debido a la obstrucci\u00f3n anat\u00f3mica. Es la medicaci\u00f3n de ingrediente Gonadotropina Cori\u00f3nica Humana que tambi\u00e9n se puede aplicar en casos seleccionados de hipogonadismo hipogonadotr\u00f3pico en varones as\u00ed como para inducci\u00f3n de ovulaci\u00f3n y embarazo en mujeres inf\u00e9rtiles. La inyecci\u00f3n de gonadotropina cori\u00f3nica humana puede aumentar la posibilidad de embarazos m\u00faltiples. Este HCG se vende como Ovigil 5000IU. Shree Venkatesh International India es el \u00fanico fabricante de Ovigil. Ingrediente Activo: Gonadotropina Cori\u00f3nica Humana. Es empleado para tratamiento de Fertilidad.<\/p>\n<p>La HCG es una hormona\u00a0proteica natural segregada\u00a0por la placenta humana por las mujeres embarazadas y tambi\u00e9n\u00a0es producida\u00a0en\u00a0la gl\u00e1ndula pituitaria\u00a0de los hombres y mujeres\u00a0de todas las edades.<\/p>\n<div>La gonadotrofina cori\u00f3nica<br \/>\nhumana es una glicoprote\u00edna compuesta por 244\u00a0amino\u00e1cidos\u00a0con una masa\u00a0molecular de 26,7\u00a0kDa<br \/>\n(Unidad de masa at\u00f3mica).En el mundo de los medicamentos que mejoran el rendimiento, la HCG es cada vez m\u00e1s utilizada en combinaci\u00f3n con varios ciclos de esteroides anab\u00f3licos androg\u00e9nicos. Como resultado, la hCG es incluida en las listas de medicamentos ilegales de algunos deportes.Los altos niveles de esteroides anabolicos androg\u00e9nicos, que imitan la testosterona natural del cuerpo, provoca al hipot\u00e1lamo a parar su producci\u00f3n de hormona liberadora de gonadotrofina (GnRH). Sin GnRH, la gl\u00e1ndula pituitaria deja de liberar la hormona luteinizante (LH). La LH normalmente viaja desde la pituitaria a trav\u00e9s del torrente sangu\u00edneo hasta los test\u00edculos, donde provoca la producci\u00f3n y liberaci\u00f3n de testosterona. Sin LH, los test\u00edculos detienen su producci\u00f3n de testosterona y se atrofian.La HCG ayuda recuperar y mantener la producci\u00f3n de testosterona\u00a0en los test\u00edculos al imitar la LH y provocando la producci\u00f3n y liberaci\u00f3n de testosterona. Tambi\u00e9n ayuda a recuperar el tama\u00f1o testicular.Si la hCG se utiliza durante demasiado tiempo y a una dosis demasiado alta, el consiguiente aumento de testosterona natural eventualmente inhibir\u00e1 su propia producci\u00f3n por medio del feedback negativo en el hipot\u00e1lamo y gl\u00e1ndula pituitaria. Tambi\u00e9n se ha especulado que el uso prolongado de HCG podr\u00eda suprimir la producci\u00f3n propia de gonadotropinas del cuerpo permanentemente.Normalmente la HCG se utiliza para tratar a mujeres con ciertos des\u00f3rdenes ov\u00e1ricos y tambi\u00e9n para estimular las funciones de los hombres con problemas hipogonados.Cuando se administra la HCG aumenta r\u00e1pidamente la testosterona en plasma.<br \/>\nUna elevaci\u00f3n aparece r\u00e1pidamente al cabo de unas 2 horas despu\u00e9s de la inyecci\u00f3n, teniendo una vida media de 8 a 12 horas en una primera fase, y una segunda subida mas lenta a las 24 a 36 horas.La terapia con HCG es muy efectiva para la prevenci\u00f3n de la atrofia testicular, as\u00ed como para utilizar los propios mecanismos biomec\u00e1nicos estimulantes del cuerpo para elevar el nivel de testosterona en plasma durante el entreno.Algunos usuarios, consideran que consiguen mejores resultados en fuerza y tama\u00f1o, utilizando HCG en combinaci\u00f3n con los esteroides anabolizantes, \u00a0esto podr\u00eda ser debido al hecho de que el cuerpo tendr\u00eda un elevado nivel de<br \/>\nandr\u00f3genos naturales al mismo tiempo que las hormonas ex\u00f3genas artificiales.<b>Dosis<\/b><br \/>\n<b><br \/>\n<\/b>La dosis optima para un atleta esta entre 7500 UI y 5000 UI por semana, en 2 o tres inyecciones semanales, incluso se puede poner los 5000 de una vez a la semana ( para ciclos cortos ), aunque no es lo ideal.<br \/>\nLos ciclos de HCG se deben limitar a 3 semanas como m\u00e1ximo seguidas de<br \/>\nal menos 1 mes de descanso, es decir se puede utilizar durante 2 \u2013 3 semanas<br \/>\nen medio del ciclo y otras 2 \u2013 3 semanas al final.<\/div>\n<div>\n<p>La HCG aumenta en los varones el nivel de andr\u00f3genos hasta el 400% pero tambi\u00e9n aumenta dram\u00e1ticamente los niveles de estr\u00f3genos, por eso puede causar un severo caso de ginecomastia si la dosis es muy elevada.<\/p>\n<p>Presentacion:<\/p>\n<p>1 vial 5.000 IU hcg (Hormona Corionica Humana)<\/p>\n<\/div>\n","protected":false},"excerpt":{"rendered":"<p>Ovigil se utiliza en el tratamiento para fertilidad y de la criptorquidia prepuberal no debido a la obstrucci\u00f3n anat\u00f3mica. Es la medicaci\u00f3n de ingrediente Gonadotropina Cori\u00f3nica Humana<\/p>\n","protected":false},"featured_media":1839,"comment_status":"open","ping_status":"closed","template":"","meta":[],"product_brand":[],"product_cat":[143],"product_tag":[246,247,248],"class_list":{"0":"post-1629","1":"product","2":"type-product","3":"status-publish","4":"has-post-thumbnail","6":"product_cat-post-ciclo","7":"product_tag-gonadotropina-corionica-humana","8":"product_tag-hcg","9":"product_tag-pregnyl","11":"first","12":"instock","13":"sale","14":"shipping-taxable","15":"purchasable","16":"product-type-simple"},"yoast_head":"<!-- This site is optimized with the Yoast SEO plugin v26.8 - https:\/\/yoast.com\/product\/yoast-seo-wordpress\/ -->\n<title>OVIGIL 5000 UI - Team Mutan Ecuador<\/title>\n<meta name=\"description\" content=\"Ovigil se utiliza en el tratamiento para fertilidad y de la criptorquidia prepuberal no debido a la obstrucci\u00f3n anat\u00f3mica. Es la medicaci\u00f3n de ingrediente Gonadotropina Cori\u00f3nica Humana\" \/>\n<meta name=\"robots\" content=\"index, follow, max-snippet:-1, max-image-preview:large, max-video-preview:-1\" \/>\n<link rel=\"canonical\" href=\"https:\/\/teammutantecuador.com\/?product=ovigil-5000-ui\" \/>\n<meta property=\"og:locale\" content=\"es_ES\" \/>\n<meta property=\"og:type\" content=\"article\" \/>\n<meta property=\"og:title\" content=\"OVIGIL 5000 UI - Team Mutan Ecuador\" \/>\n<meta property=\"og:description\" content=\"Ovigil se utiliza en el tratamiento para fertilidad y de la criptorquidia prepuberal no debido a la obstrucci\u00f3n anat\u00f3mica. Es la medicaci\u00f3n de ingrediente Gonadotropina Cori\u00f3nica Humana\" \/>\n<meta property=\"og:url\" content=\"https:\/\/teammutantecuador.com\/?product=ovigil-5000-ui\" \/>\n<meta property=\"og:site_name\" content=\"Team Mutan Ecuador\" \/>\n<meta property=\"article:modified_time\" content=\"2026-01-21T11:09:04+00:00\" \/>\n<meta property=\"og:image\" content=\"https:\/\/teammutantecuador.com\/wp-content\/uploads\/2026\/01\/Primobolan-100-Mg-Mutant-Pharma-1-1.jpg\" \/>\n\t<meta property=\"og:image:width\" content=\"800\" \/>\n\t<meta property=\"og:image:height\" content=\"800\" \/>\n\t<meta property=\"og:image:type\" content=\"image\/jpeg\" \/>\n<meta name=\"twitter:card\" content=\"summary_large_image\" \/>\n<meta name=\"twitter:label1\" content=\"Tiempo de lectura\" \/>\n\t<meta name=\"twitter:data1\" content=\"3 minutos\" \/>\n<script type=\"application\/ld+json\" class=\"yoast-schema-graph\">{\"@context\":\"https:\/\/schema.org\",\"@graph\":[{\"@type\":\"WebPage\",\"@id\":\"https:\/\/teammutantecuador.com\/?product=ovigil-5000-ui\",\"url\":\"https:\/\/teammutantecuador.com\/?product=ovigil-5000-ui\",\"name\":\"OVIGIL 5000 UI - Team Mutan Ecuador\",\"isPartOf\":{\"@id\":\"https:\/\/teammutantecuador.com\/#website\"},\"primaryImageOfPage\":{\"@id\":\"https:\/\/teammutantecuador.com\/?product=ovigil-5000-ui#primaryimage\"},\"image\":{\"@id\":\"https:\/\/teammutantecuador.com\/?product=ovigil-5000-ui#primaryimage\"},\"thumbnailUrl\":\"https:\/\/teammutantecuador.com\/wp-content\/uploads\/2026\/01\/Primobolan-100-Mg-Mutant-Pharma-1-1.jpg\",\"datePublished\":\"2026-01-17T16:04:30+00:00\",\"dateModified\":\"2026-01-21T11:09:04+00:00\",\"description\":\"Ovigil se utiliza en el tratamiento para fertilidad y de la criptorquidia prepuberal no debido a la obstrucci\u00f3n anat\u00f3mica. Es la medicaci\u00f3n de ingrediente Gonadotropina Cori\u00f3nica Humana\",\"breadcrumb\":{\"@id\":\"https:\/\/teammutantecuador.com\/?product=ovigil-5000-ui#breadcrumb\"},\"inLanguage\":\"es\",\"potentialAction\":[{\"@type\":\"ReadAction\",\"target\":[\"https:\/\/teammutantecuador.com\/?product=ovigil-5000-ui\"]}]},{\"@type\":\"ImageObject\",\"inLanguage\":\"es\",\"@id\":\"https:\/\/teammutantecuador.com\/?product=ovigil-5000-ui#primaryimage\",\"url\":\"https:\/\/teammutantecuador.com\/wp-content\/uploads\/2026\/01\/Primobolan-100-Mg-Mutant-Pharma-1-1.jpg\",\"contentUrl\":\"https:\/\/teammutantecuador.com\/wp-content\/uploads\/2026\/01\/Primobolan-100-Mg-Mutant-Pharma-1-1.jpg\",\"width\":800,\"height\":800,\"caption\":\"OVIGIL 5000 UI\"},{\"@type\":\"BreadcrumbList\",\"@id\":\"https:\/\/teammutantecuador.com\/?product=ovigil-5000-ui#breadcrumb\",\"itemListElement\":[{\"@type\":\"ListItem\",\"position\":1,\"name\":\"Portada\",\"item\":\"https:\/\/teammutantecuador.com\/\"},{\"@type\":\"ListItem\",\"position\":2,\"name\":\"Shop\",\"item\":\"https:\/\/teammutantecuador.com\/?page_id=6\"},{\"@type\":\"ListItem\",\"position\":3,\"name\":\"OVIGIL 5000 UI\"}]},{\"@type\":\"WebSite\",\"@id\":\"https:\/\/teammutantecuador.com\/#website\",\"url\":\"https:\/\/teammutantecuador.com\/\",\"name\":\"Team Mutan Ecuador\",\"description\":\"Just another WordPress site\",\"publisher\":{\"@id\":\"https:\/\/teammutantecuador.com\/#organization\"},\"potentialAction\":[{\"@type\":\"SearchAction\",\"target\":{\"@type\":\"EntryPoint\",\"urlTemplate\":\"https:\/\/teammutantecuador.com\/?s={search_term_string}\"},\"query-input\":{\"@type\":\"PropertyValueSpecification\",\"valueRequired\":true,\"valueName\":\"search_term_string\"}}],\"inLanguage\":\"es\"},{\"@type\":\"Organization\",\"@id\":\"https:\/\/teammutantecuador.com\/#organization\",\"name\":\"Team Mutan Ecuador\",\"url\":\"https:\/\/teammutantecuador.com\/\",\"logo\":{\"@type\":\"ImageObject\",\"inLanguage\":\"es\",\"@id\":\"https:\/\/teammutantecuador.com\/#\/schema\/logo\/image\/\",\"url\":\"https:\/\/teammutantecuador.com\/wp-content\/uploads\/2026\/01\/Diseno-sin-titulo-97.png\",\"contentUrl\":\"https:\/\/teammutantecuador.com\/wp-content\/uploads\/2026\/01\/Diseno-sin-titulo-97.png\",\"width\":500,\"height\":300,\"caption\":\"Team Mutan Ecuador\"},\"image\":{\"@id\":\"https:\/\/teammutantecuador.com\/#\/schema\/logo\/image\/\"}}]}<\/script>\n<!-- \/ Yoast SEO plugin. -->","yoast_head_json":{"title":"OVIGIL 5000 UI - Team Mutan Ecuador","description":"Ovigil se utiliza en el tratamiento para fertilidad y de la criptorquidia prepuberal no debido a la obstrucci\u00f3n anat\u00f3mica. Es la medicaci\u00f3n de ingrediente Gonadotropina Cori\u00f3nica Humana","robots":{"index":"index","follow":"follow","max-snippet":"max-snippet:-1","max-image-preview":"max-image-preview:large","max-video-preview":"max-video-preview:-1"},"canonical":"https:\/\/teammutantecuador.com\/?product=ovigil-5000-ui","og_locale":"es_ES","og_type":"article","og_title":"OVIGIL 5000 UI - Team Mutan Ecuador","og_description":"Ovigil se utiliza en el tratamiento para fertilidad y de la criptorquidia prepuberal no debido a la obstrucci\u00f3n anat\u00f3mica. Es la medicaci\u00f3n de ingrediente Gonadotropina Cori\u00f3nica Humana","og_url":"https:\/\/teammutantecuador.com\/?product=ovigil-5000-ui","og_site_name":"Team Mutan Ecuador","article_modified_time":"2026-01-21T11:09:04+00:00","og_image":[{"width":800,"height":800,"url":"https:\/\/teammutantecuador.com\/wp-content\/uploads\/2026\/01\/Primobolan-100-Mg-Mutant-Pharma-1-1.jpg","type":"image\/jpeg"}],"twitter_card":"summary_large_image","twitter_misc":{"Tiempo de lectura":"3 minutos"},"schema":{"@context":"https:\/\/schema.org","@graph":[{"@type":"WebPage","@id":"https:\/\/teammutantecuador.com\/?product=ovigil-5000-ui","url":"https:\/\/teammutantecuador.com\/?product=ovigil-5000-ui","name":"OVIGIL 5000 UI - Team Mutan Ecuador","isPartOf":{"@id":"https:\/\/teammutantecuador.com\/#website"},"primaryImageOfPage":{"@id":"https:\/\/teammutantecuador.com\/?product=ovigil-5000-ui#primaryimage"},"image":{"@id":"https:\/\/teammutantecuador.com\/?product=ovigil-5000-ui#primaryimage"},"thumbnailUrl":"https:\/\/teammutantecuador.com\/wp-content\/uploads\/2026\/01\/Primobolan-100-Mg-Mutant-Pharma-1-1.jpg","datePublished":"2026-01-17T16:04:30+00:00","dateModified":"2026-01-21T11:09:04+00:00","description":"Ovigil se utiliza en el tratamiento para fertilidad y de la criptorquidia prepuberal no debido a la obstrucci\u00f3n anat\u00f3mica. Es la medicaci\u00f3n de ingrediente Gonadotropina Cori\u00f3nica Humana","breadcrumb":{"@id":"https:\/\/teammutantecuador.com\/?product=ovigil-5000-ui#breadcrumb"},"inLanguage":"es","potentialAction":[{"@type":"ReadAction","target":["https:\/\/teammutantecuador.com\/?product=ovigil-5000-ui"]}]},{"@type":"ImageObject","inLanguage":"es","@id":"https:\/\/teammutantecuador.com\/?product=ovigil-5000-ui#primaryimage","url":"https:\/\/teammutantecuador.com\/wp-content\/uploads\/2026\/01\/Primobolan-100-Mg-Mutant-Pharma-1-1.jpg","contentUrl":"https:\/\/teammutantecuador.com\/wp-content\/uploads\/2026\/01\/Primobolan-100-Mg-Mutant-Pharma-1-1.jpg","width":800,"height":800,"caption":"OVIGIL 5000 UI"},{"@type":"BreadcrumbList","@id":"https:\/\/teammutantecuador.com\/?product=ovigil-5000-ui#breadcrumb","itemListElement":[{"@type":"ListItem","position":1,"name":"Portada","item":"https:\/\/teammutantecuador.com\/"},{"@type":"ListItem","position":2,"name":"Shop","item":"https:\/\/teammutantecuador.com\/?page_id=6"},{"@type":"ListItem","position":3,"name":"OVIGIL 5000 UI"}]},{"@type":"WebSite","@id":"https:\/\/teammutantecuador.com\/#website","url":"https:\/\/teammutantecuador.com\/","name":"Team Mutan Ecuador","description":"Just another WordPress site","publisher":{"@id":"https:\/\/teammutantecuador.com\/#organization"},"potentialAction":[{"@type":"SearchAction","target":{"@type":"EntryPoint","urlTemplate":"https:\/\/teammutantecuador.com\/?s={search_term_string}"},"query-input":{"@type":"PropertyValueSpecification","valueRequired":true,"valueName":"search_term_string"}}],"inLanguage":"es"},{"@type":"Organization","@id":"https:\/\/teammutantecuador.com\/#organization","name":"Team Mutan Ecuador","url":"https:\/\/teammutantecuador.com\/","logo":{"@type":"ImageObject","inLanguage":"es","@id":"https:\/\/teammutantecuador.com\/#\/schema\/logo\/image\/","url":"https:\/\/teammutantecuador.com\/wp-content\/uploads\/2026\/01\/Diseno-sin-titulo-97.png","contentUrl":"https:\/\/teammutantecuador.com\/wp-content\/uploads\/2026\/01\/Diseno-sin-titulo-97.png","width":500,"height":300,"caption":"Team Mutan Ecuador"},"image":{"@id":"https:\/\/teammutantecuador.com\/#\/schema\/logo\/image\/"}}]}},"_links":{"self":[{"href":"https:\/\/teammutantecuador.com\/index.php?rest_route=\/wp\/v2\/product\/1629","targetHints":{"allow":["GET"]}}],"collection":[{"href":"https:\/\/teammutantecuador.com\/index.php?rest_route=\/wp\/v2\/product"}],"about":[{"href":"https:\/\/teammutantecuador.com\/index.php?rest_route=\/wp\/v2\/types\/product"}],"replies":[{"embeddable":true,"href":"https:\/\/teammutantecuador.com\/index.php?rest_route=%2Fwp%2Fv2%2Fcomments&post=1629"}],"wp:featuredmedia":[{"embeddable":true,"href":"https:\/\/teammutantecuador.com\/index.php?rest_route=\/wp\/v2\/media\/1839"}],"wp:attachment":[{"href":"https:\/\/teammutantecuador.com\/index.php?rest_route=%2Fwp%2Fv2%2Fmedia&parent=1629"}],"wp:term":[{"taxonomy":"product_brand","embeddable":true,"href":"https:\/\/teammutantecuador.com\/index.php?rest_route=%2Fwp%2Fv2%2Fproduct_brand&post=1629"},{"taxonomy":"product_cat","embeddable":true,"href":"https:\/\/teammutantecuador.com\/index.php?rest_route=%2Fwp%2Fv2%2Fproduct_cat&post=1629"},{"taxonomy":"product_tag","embeddable":true,"href":"https:\/\/teammutantecuador.com\/index.php?rest_route=%2Fwp%2Fv2%2Fproduct_tag&post=1629"}],"curies":[{"name":"wp","href":"https:\/\/api.w.org\/{rel}","templated":true}]}}