{"id":1628,"date":"2026-01-17T16:04:30","date_gmt":"2026-01-17T16:04:30","guid":{"rendered":"https:\/\/teammutantecuador.com\/?post_type=product&#038;p=1628"},"modified":"2026-01-21T11:11:12","modified_gmt":"2026-01-21T11:11:12","slug":"ligandrol-lgd-4033-70-capsulas-bionic-pharma","status":"publish","type":"product","link":"https:\/\/teammutantecuador.com\/?product=ligandrol-lgd-4033-70-capsulas-bionic-pharma","title":{"rendered":"LIGANDROL \u2013 LGD-4033 70 capsulas Bionic Pharma"},"content":{"rendered":"<p>Se dice que Ligandrol o LGD 4033 es uno de los SARM m\u00e1s potentes, junto con RAD-140, YK-11 y S-23.\u00a0Fue creado con el prop\u00f3sito m\u00e9dico de tratar la p\u00e9rdida severa de masa muscular como consecuencia<br \/>\nde ciertas enfermedades, para ser utilizado en lugar de los esteroides anab\u00f3licos.<br \/>\nLigandrol o LGD 4033 tiene efectos androg\u00e9nicos y, por lo tanto, no es adecuado para mujeres.<\/p>\n<div class=\"et_pb_module et_pb_text et_pb_text_0 et_pb_text_align_left et_pb_bg_layout_light\">\n<div class=\"et_pb_text_inner\">\n<h2>BENEFICIOS<\/h2>\n<\/div>\n<\/div>\n<div class=\"et_pb_module et_pb_text et_pb_text_1 et_pb_text_align_left et_pb_bg_layout_light\">\n<div class=\"et_pb_text_inner\">\n<div class=\"page\" title=\"P\u00e1gina 8\">\n<div class=\"layoutArea\">\n<div class=\"column\">\n<p>\u2022 Mejoras en la masa muscular magra<br \/>\n\u2022 Mayor resistencia.<br \/>\n\u2022 Mayor fuerza.<br \/>\n\u2022 Grandes ganancias musculares<br \/>\n\u2022 Congesti\u00f3n muscular, entrenamiento m\u00e1s en\u00e9rgico<\/p>\n<\/div>\n<\/div>\n<\/div>\n<\/div>\n<\/div>\n","protected":false},"excerpt":{"rendered":"<p>Se dice que Ligandrol o LGD 4033 es uno de los SARM m\u00e1s potentes, junto con RAD-140, YK-11 y S-23.\u00a0Fue creado con el prop\u00f3sito m\u00e9dico de tratar la p\u00e9rdida severa de masa muscular como consecuencia<\/p>\n","protected":false},"featured_media":1841,"comment_status":"open","ping_status":"closed","template":"","meta":[],"product_brand":[244],"product_cat":[170],"product_tag":[242,234,194,171],"class_list":{"0":"post-1628","1":"product","2":"type-product","3":"status-publish","4":"has-post-thumbnail","6":"product_brand-bionic-pharma","7":"product_cat-sarms","8":"product_tag-bionic-pharma","9":"product_tag-lgd-4033","10":"product_tag-ligandrol","11":"product_tag-sarms","13":"first","14":"instock","15":"sale","16":"shipping-taxable","17":"purchasable","18":"product-type-simple"},"yoast_head":"<!-- This site is optimized with the Yoast SEO plugin v26.8 - https:\/\/yoast.com\/product\/yoast-seo-wordpress\/ -->\n<title>LIGANDROL \u2013 LGD-4033 70 capsulas Bionic Pharma - Team Mutan Ecuador<\/title>\n<meta name=\"description\" content=\"Se dice que Ligandrol o LGD 4033 es uno de los SARM m\u00e1s potentes, junto con RAD-140, YK-11 y S-23.\u00a0Fue creado con el prop\u00f3sito m\u00e9dico de tratar la p\u00e9rdida severa de masa muscular como consecuencia\" \/>\n<meta name=\"robots\" content=\"index, follow, max-snippet:-1, max-image-preview:large, max-video-preview:-1\" \/>\n<link rel=\"canonical\" href=\"https:\/\/teammutantecuador.com\/?product=ligandrol-lgd-4033-70-capsulas-bionic-pharma\" \/>\n<meta property=\"og:locale\" content=\"es_ES\" \/>\n<meta property=\"og:type\" content=\"article\" \/>\n<meta property=\"og:title\" content=\"LIGANDROL \u2013 LGD-4033 70 capsulas Bionic Pharma - Team Mutan Ecuador\" \/>\n<meta property=\"og:description\" content=\"Se dice que Ligandrol o LGD 4033 es uno de los SARM m\u00e1s potentes, junto con RAD-140, YK-11 y S-23.\u00a0Fue creado con el prop\u00f3sito m\u00e9dico de tratar la p\u00e9rdida severa de masa muscular como consecuencia\" \/>\n<meta property=\"og:url\" content=\"https:\/\/teammutantecuador.com\/?product=ligandrol-lgd-4033-70-capsulas-bionic-pharma\" \/>\n<meta property=\"og:site_name\" content=\"Team Mutan Ecuador\" \/>\n<meta property=\"article:modified_time\" content=\"2026-01-21T11:11:12+00:00\" \/>\n<meta property=\"og:image\" content=\"https:\/\/teammutantecuador.com\/wp-content\/uploads\/2026\/01\/Primobolan-100-Mg-Mutant-Pharma-28.jpg\" \/>\n\t<meta property=\"og:image:width\" content=\"800\" \/>\n\t<meta property=\"og:image:height\" content=\"800\" \/>\n\t<meta property=\"og:image:type\" content=\"image\/jpeg\" \/>\n<meta name=\"twitter:card\" content=\"summary_large_image\" \/>\n<meta name=\"twitter:label1\" content=\"Tiempo de lectura\" \/>\n\t<meta name=\"twitter:data1\" content=\"1 minuto\" \/>\n<script type=\"application\/ld+json\" class=\"yoast-schema-graph\">{\"@context\":\"https:\/\/schema.org\",\"@graph\":[{\"@type\":\"WebPage\",\"@id\":\"https:\/\/teammutantecuador.com\/?product=ligandrol-lgd-4033-70-capsulas-bionic-pharma\",\"url\":\"https:\/\/teammutantecuador.com\/?product=ligandrol-lgd-4033-70-capsulas-bionic-pharma\",\"name\":\"LIGANDROL \u2013 LGD-4033 70 capsulas Bionic Pharma - Team Mutan Ecuador\",\"isPartOf\":{\"@id\":\"https:\/\/teammutantecuador.com\/#website\"},\"primaryImageOfPage\":{\"@id\":\"https:\/\/teammutantecuador.com\/?product=ligandrol-lgd-4033-70-capsulas-bionic-pharma#primaryimage\"},\"image\":{\"@id\":\"https:\/\/teammutantecuador.com\/?product=ligandrol-lgd-4033-70-capsulas-bionic-pharma#primaryimage\"},\"thumbnailUrl\":\"https:\/\/teammutantecuador.com\/wp-content\/uploads\/2026\/01\/Primobolan-100-Mg-Mutant-Pharma-28.jpg\",\"datePublished\":\"2026-01-17T16:04:30+00:00\",\"dateModified\":\"2026-01-21T11:11:12+00:00\",\"description\":\"Se dice que Ligandrol o LGD 4033 es uno de los SARM m\u00e1s potentes, junto con RAD-140, YK-11 y S-23.\u00a0Fue creado con el prop\u00f3sito m\u00e9dico de tratar la p\u00e9rdida severa de masa muscular como consecuencia\",\"breadcrumb\":{\"@id\":\"https:\/\/teammutantecuador.com\/?product=ligandrol-lgd-4033-70-capsulas-bionic-pharma#breadcrumb\"},\"inLanguage\":\"es\",\"potentialAction\":[{\"@type\":\"ReadAction\",\"target\":[\"https:\/\/teammutantecuador.com\/?product=ligandrol-lgd-4033-70-capsulas-bionic-pharma\"]}]},{\"@type\":\"ImageObject\",\"inLanguage\":\"es\",\"@id\":\"https:\/\/teammutantecuador.com\/?product=ligandrol-lgd-4033-70-capsulas-bionic-pharma#primaryimage\",\"url\":\"https:\/\/teammutantecuador.com\/wp-content\/uploads\/2026\/01\/Primobolan-100-Mg-Mutant-Pharma-28.jpg\",\"contentUrl\":\"https:\/\/teammutantecuador.com\/wp-content\/uploads\/2026\/01\/Primobolan-100-Mg-Mutant-Pharma-28.jpg\",\"width\":800,\"height\":800,\"caption\":\"LIGANDROL \u2013 LGD-4033 70 capsulas Bionic Pharma\"},{\"@type\":\"BreadcrumbList\",\"@id\":\"https:\/\/teammutantecuador.com\/?product=ligandrol-lgd-4033-70-capsulas-bionic-pharma#breadcrumb\",\"itemListElement\":[{\"@type\":\"ListItem\",\"position\":1,\"name\":\"Portada\",\"item\":\"https:\/\/teammutantecuador.com\/\"},{\"@type\":\"ListItem\",\"position\":2,\"name\":\"Shop\",\"item\":\"https:\/\/teammutantecuador.com\/?page_id=6\"},{\"@type\":\"ListItem\",\"position\":3,\"name\":\"LIGANDROL \u2013 LGD-4033 70 capsulas Bionic Pharma\"}]},{\"@type\":\"WebSite\",\"@id\":\"https:\/\/teammutantecuador.com\/#website\",\"url\":\"https:\/\/teammutantecuador.com\/\",\"name\":\"Team Mutan Ecuador\",\"description\":\"Just another WordPress site\",\"publisher\":{\"@id\":\"https:\/\/teammutantecuador.com\/#organization\"},\"potentialAction\":[{\"@type\":\"SearchAction\",\"target\":{\"@type\":\"EntryPoint\",\"urlTemplate\":\"https:\/\/teammutantecuador.com\/?s={search_term_string}\"},\"query-input\":{\"@type\":\"PropertyValueSpecification\",\"valueRequired\":true,\"valueName\":\"search_term_string\"}}],\"inLanguage\":\"es\"},{\"@type\":\"Organization\",\"@id\":\"https:\/\/teammutantecuador.com\/#organization\",\"name\":\"Team Mutan Ecuador\",\"url\":\"https:\/\/teammutantecuador.com\/\",\"logo\":{\"@type\":\"ImageObject\",\"inLanguage\":\"es\",\"@id\":\"https:\/\/teammutantecuador.com\/#\/schema\/logo\/image\/\",\"url\":\"https:\/\/teammutantecuador.com\/wp-content\/uploads\/2026\/01\/Diseno-sin-titulo-97.png\",\"contentUrl\":\"https:\/\/teammutantecuador.com\/wp-content\/uploads\/2026\/01\/Diseno-sin-titulo-97.png\",\"width\":500,\"height\":300,\"caption\":\"Team Mutan Ecuador\"},\"image\":{\"@id\":\"https:\/\/teammutantecuador.com\/#\/schema\/logo\/image\/\"}}]}<\/script>\n<!-- \/ Yoast SEO plugin. -->","yoast_head_json":{"title":"LIGANDROL \u2013 LGD-4033 70 capsulas Bionic Pharma - Team Mutan Ecuador","description":"Se dice que Ligandrol o LGD 4033 es uno de los SARM m\u00e1s potentes, junto con RAD-140, YK-11 y S-23.\u00a0Fue creado con el prop\u00f3sito m\u00e9dico de tratar la p\u00e9rdida severa de masa muscular como consecuencia","robots":{"index":"index","follow":"follow","max-snippet":"max-snippet:-1","max-image-preview":"max-image-preview:large","max-video-preview":"max-video-preview:-1"},"canonical":"https:\/\/teammutantecuador.com\/?product=ligandrol-lgd-4033-70-capsulas-bionic-pharma","og_locale":"es_ES","og_type":"article","og_title":"LIGANDROL \u2013 LGD-4033 70 capsulas Bionic Pharma - Team Mutan Ecuador","og_description":"Se dice que Ligandrol o LGD 4033 es uno de los SARM m\u00e1s potentes, junto con RAD-140, YK-11 y S-23.\u00a0Fue creado con el prop\u00f3sito m\u00e9dico de tratar la p\u00e9rdida severa de masa muscular como consecuencia","og_url":"https:\/\/teammutantecuador.com\/?product=ligandrol-lgd-4033-70-capsulas-bionic-pharma","og_site_name":"Team Mutan Ecuador","article_modified_time":"2026-01-21T11:11:12+00:00","og_image":[{"width":800,"height":800,"url":"https:\/\/teammutantecuador.com\/wp-content\/uploads\/2026\/01\/Primobolan-100-Mg-Mutant-Pharma-28.jpg","type":"image\/jpeg"}],"twitter_card":"summary_large_image","twitter_misc":{"Tiempo de lectura":"1 minuto"},"schema":{"@context":"https:\/\/schema.org","@graph":[{"@type":"WebPage","@id":"https:\/\/teammutantecuador.com\/?product=ligandrol-lgd-4033-70-capsulas-bionic-pharma","url":"https:\/\/teammutantecuador.com\/?product=ligandrol-lgd-4033-70-capsulas-bionic-pharma","name":"LIGANDROL \u2013 LGD-4033 70 capsulas Bionic Pharma - Team Mutan Ecuador","isPartOf":{"@id":"https:\/\/teammutantecuador.com\/#website"},"primaryImageOfPage":{"@id":"https:\/\/teammutantecuador.com\/?product=ligandrol-lgd-4033-70-capsulas-bionic-pharma#primaryimage"},"image":{"@id":"https:\/\/teammutantecuador.com\/?product=ligandrol-lgd-4033-70-capsulas-bionic-pharma#primaryimage"},"thumbnailUrl":"https:\/\/teammutantecuador.com\/wp-content\/uploads\/2026\/01\/Primobolan-100-Mg-Mutant-Pharma-28.jpg","datePublished":"2026-01-17T16:04:30+00:00","dateModified":"2026-01-21T11:11:12+00:00","description":"Se dice que Ligandrol o LGD 4033 es uno de los SARM m\u00e1s potentes, junto con RAD-140, YK-11 y S-23.\u00a0Fue creado con el prop\u00f3sito m\u00e9dico de tratar la p\u00e9rdida severa de masa muscular como consecuencia","breadcrumb":{"@id":"https:\/\/teammutantecuador.com\/?product=ligandrol-lgd-4033-70-capsulas-bionic-pharma#breadcrumb"},"inLanguage":"es","potentialAction":[{"@type":"ReadAction","target":["https:\/\/teammutantecuador.com\/?product=ligandrol-lgd-4033-70-capsulas-bionic-pharma"]}]},{"@type":"ImageObject","inLanguage":"es","@id":"https:\/\/teammutantecuador.com\/?product=ligandrol-lgd-4033-70-capsulas-bionic-pharma#primaryimage","url":"https:\/\/teammutantecuador.com\/wp-content\/uploads\/2026\/01\/Primobolan-100-Mg-Mutant-Pharma-28.jpg","contentUrl":"https:\/\/teammutantecuador.com\/wp-content\/uploads\/2026\/01\/Primobolan-100-Mg-Mutant-Pharma-28.jpg","width":800,"height":800,"caption":"LIGANDROL \u2013 LGD-4033 70 capsulas Bionic Pharma"},{"@type":"BreadcrumbList","@id":"https:\/\/teammutantecuador.com\/?product=ligandrol-lgd-4033-70-capsulas-bionic-pharma#breadcrumb","itemListElement":[{"@type":"ListItem","position":1,"name":"Portada","item":"https:\/\/teammutantecuador.com\/"},{"@type":"ListItem","position":2,"name":"Shop","item":"https:\/\/teammutantecuador.com\/?page_id=6"},{"@type":"ListItem","position":3,"name":"LIGANDROL \u2013 LGD-4033 70 capsulas Bionic Pharma"}]},{"@type":"WebSite","@id":"https:\/\/teammutantecuador.com\/#website","url":"https:\/\/teammutantecuador.com\/","name":"Team Mutan Ecuador","description":"Just another WordPress site","publisher":{"@id":"https:\/\/teammutantecuador.com\/#organization"},"potentialAction":[{"@type":"SearchAction","target":{"@type":"EntryPoint","urlTemplate":"https:\/\/teammutantecuador.com\/?s={search_term_string}"},"query-input":{"@type":"PropertyValueSpecification","valueRequired":true,"valueName":"search_term_string"}}],"inLanguage":"es"},{"@type":"Organization","@id":"https:\/\/teammutantecuador.com\/#organization","name":"Team Mutan Ecuador","url":"https:\/\/teammutantecuador.com\/","logo":{"@type":"ImageObject","inLanguage":"es","@id":"https:\/\/teammutantecuador.com\/#\/schema\/logo\/image\/","url":"https:\/\/teammutantecuador.com\/wp-content\/uploads\/2026\/01\/Diseno-sin-titulo-97.png","contentUrl":"https:\/\/teammutantecuador.com\/wp-content\/uploads\/2026\/01\/Diseno-sin-titulo-97.png","width":500,"height":300,"caption":"Team Mutan Ecuador"},"image":{"@id":"https:\/\/teammutantecuador.com\/#\/schema\/logo\/image\/"}}]}},"_links":{"self":[{"href":"https:\/\/teammutantecuador.com\/index.php?rest_route=\/wp\/v2\/product\/1628","targetHints":{"allow":["GET"]}}],"collection":[{"href":"https:\/\/teammutantecuador.com\/index.php?rest_route=\/wp\/v2\/product"}],"about":[{"href":"https:\/\/teammutantecuador.com\/index.php?rest_route=\/wp\/v2\/types\/product"}],"replies":[{"embeddable":true,"href":"https:\/\/teammutantecuador.com\/index.php?rest_route=%2Fwp%2Fv2%2Fcomments&post=1628"}],"wp:featuredmedia":[{"embeddable":true,"href":"https:\/\/teammutantecuador.com\/index.php?rest_route=\/wp\/v2\/media\/1841"}],"wp:attachment":[{"href":"https:\/\/teammutantecuador.com\/index.php?rest_route=%2Fwp%2Fv2%2Fmedia&parent=1628"}],"wp:term":[{"taxonomy":"product_brand","embeddable":true,"href":"https:\/\/teammutantecuador.com\/index.php?rest_route=%2Fwp%2Fv2%2Fproduct_brand&post=1628"},{"taxonomy":"product_cat","embeddable":true,"href":"https:\/\/teammutantecuador.com\/index.php?rest_route=%2Fwp%2Fv2%2Fproduct_cat&post=1628"},{"taxonomy":"product_tag","embeddable":true,"href":"https:\/\/teammutantecuador.com\/index.php?rest_route=%2Fwp%2Fv2%2Fproduct_tag&post=1628"}],"curies":[{"name":"wp","href":"https:\/\/api.w.org\/{rel}","templated":true}]}}