{"id":1627,"date":"2026-01-17T16:04:30","date_gmt":"2026-01-17T16:04:30","guid":{"rendered":"https:\/\/teammutantecuador.com\/?post_type=product&#038;p=1627"},"modified":"2026-01-17T16:04:34","modified_gmt":"2026-01-17T16:04:34","slug":"cardarine-gw501516-70-capsulas-bionic-pharma","status":"publish","type":"product","link":"https:\/\/teammutantecuador.com\/?product=cardarine-gw501516-70-capsulas-bionic-pharma","title":{"rendered":"Cardarine &#8211; GW501516 70 capsulas Bionic Pharma"},"content":{"rendered":"<p><span>Cardarine ha demostrado beneficios en la lucha contra la obesidad, la diabetes, adem\u00e1s de mejorar la salud del coraz\u00f3n a trav\u00e9s de la mejora de los niveles de colesterol y se ha demostrado que tiene una potente acci\u00f3n y beneficios en la p\u00e9rdida de grasa, aunque se ha ampliado para aumentar el rendimiento f\u00edsico y la ganancia. masa muscular magra.<\/span><br \/>\n<span>Cardarine aumenta los niveles de colesterol bueno (HDL) y reduce los niveles de colesterol malo (LDL).<\/span><\/p>\n<div class=\"et_pb_module et_pb_text et_pb_text_0  et_pb_text_align_left et_pb_bg_layout_light\">\n<div class=\"et_pb_text_inner\">\n<h2><span>BENEFICIOS<\/span><\/h2>\n<\/div>\n<\/div>\n<div class=\"et_pb_module et_pb_text et_pb_text_1  et_pb_text_align_left et_pb_bg_layout_light\">\n<div class=\"et_pb_text_inner\">\n<ul>\n<li><span>Aumento de masa muscular: 7\/10<\/span><\/li>\n<li><span>Mayor fuerza: 7\/10<\/span><\/li>\n<li><span>P\u00e9rdida de grasa: 9\/10<\/span><\/li>\n<li><span class=\"Y2IQFc\" lang=\"en\"><span>Resistencia\u00a0<\/span><\/span><span>: 9\/10<\/span><\/li>\n<li><span>Uso: Limpie la ganancia muscular, la dureza, la resistencia y la reducci\u00f3n de grasa.<\/span><\/li>\n<li><span>Supresi\u00f3n de eje HPTA: No<\/span><\/li>\n<li><span>Retenci\u00f3n de agua: No<\/span><\/li>\n<li><span>Saborizante: No<\/span><\/li>\n<li><span>Conversi\u00f3n a DHT: No<\/span><\/li>\n<li><span>Toxicidad hep\u00e1tica: No<\/span><\/li>\n<\/ul>\n<\/div>\n<\/div>\n","protected":false},"excerpt":{"rendered":"<p>Cardarine ha demostrado beneficios en la lucha contra la obesidad, la diabetes, adem\u00e1s de mejorar la salud del coraz\u00f3n a trav\u00e9s de la mejora de los niveles de colesterol y se ha demostrado que tiene una potente acci\u00f3n y beneficios en la p\u00e9rdida de grasa, aunque se ha ampliado para aumentar el rendimiento f\u00edsico y la ganancia. masa muscular magra.<\/p>\n","protected":false},"featured_media":0,"comment_status":"open","ping_status":"closed","template":"","meta":[],"product_brand":[],"product_cat":[170],"product_tag":[242,176,245,171],"class_list":{"0":"post-1627","1":"product","2":"type-product","3":"status-publish","5":"product_cat-sarms","6":"product_tag-bionic-pharma","7":"product_tag-cardarine","8":"product_tag-gw501516","9":"product_tag-sarms","11":"first","12":"instock","13":"sale","14":"shipping-taxable","15":"purchasable","16":"product-type-simple"},"yoast_head":"<!-- This site is optimized with the Yoast SEO plugin v26.8 - https:\/\/yoast.com\/product\/yoast-seo-wordpress\/ -->\n<title>Cardarine - GW501516 70 capsulas Bionic Pharma - Team Mutan Ecuador<\/title>\n<meta name=\"description\" content=\"Cardarine ha demostrado beneficios en la lucha contra la obesidad, la diabetes, adem\u00e1s de mejorar la salud del coraz\u00f3n a trav\u00e9s de la mejora de los niveles de colesterol y se ha demostrado que tiene una potente acci\u00f3n y beneficios en la p\u00e9rdida de grasa, aunque se ha ampliado para aumentar el rendimiento f\u00edsico y la ganancia. masa muscular magra.\" \/>\n<meta name=\"robots\" content=\"index, follow, max-snippet:-1, max-image-preview:large, max-video-preview:-1\" \/>\n<link rel=\"canonical\" href=\"https:\/\/teammutantecuador.com\/?product=cardarine-gw501516-70-capsulas-bionic-pharma\" \/>\n<meta property=\"og:locale\" content=\"es_ES\" \/>\n<meta property=\"og:type\" content=\"article\" \/>\n<meta property=\"og:title\" content=\"Cardarine - GW501516 70 capsulas Bionic Pharma - Team Mutan Ecuador\" \/>\n<meta property=\"og:description\" content=\"Cardarine ha demostrado beneficios en la lucha contra la obesidad, la diabetes, adem\u00e1s de mejorar la salud del coraz\u00f3n a trav\u00e9s de la mejora de los niveles de colesterol y se ha demostrado que tiene una potente acci\u00f3n y beneficios en la p\u00e9rdida de grasa, aunque se ha ampliado para aumentar el rendimiento f\u00edsico y la ganancia. masa muscular magra.\" \/>\n<meta property=\"og:url\" content=\"https:\/\/teammutantecuador.com\/?product=cardarine-gw501516-70-capsulas-bionic-pharma\" \/>\n<meta property=\"og:site_name\" content=\"Team Mutan Ecuador\" \/>\n<meta property=\"article:modified_time\" content=\"2026-01-17T16:04:34+00:00\" \/>\n<meta name=\"twitter:card\" content=\"summary_large_image\" \/>\n<meta name=\"twitter:label1\" content=\"Tiempo de lectura\" \/>\n\t<meta name=\"twitter:data1\" content=\"1 minuto\" \/>\n<script type=\"application\/ld+json\" class=\"yoast-schema-graph\">{\"@context\":\"https:\/\/schema.org\",\"@graph\":[{\"@type\":\"WebPage\",\"@id\":\"https:\/\/teammutantecuador.com\/?product=cardarine-gw501516-70-capsulas-bionic-pharma\",\"url\":\"https:\/\/teammutantecuador.com\/?product=cardarine-gw501516-70-capsulas-bionic-pharma\",\"name\":\"Cardarine - GW501516 70 capsulas Bionic Pharma - Team Mutan Ecuador\",\"isPartOf\":{\"@id\":\"https:\/\/teammutantecuador.com\/#website\"},\"datePublished\":\"2026-01-17T16:04:30+00:00\",\"dateModified\":\"2026-01-17T16:04:34+00:00\",\"description\":\"Cardarine ha demostrado beneficios en la lucha contra la obesidad, la diabetes, adem\u00e1s de mejorar la salud del coraz\u00f3n a trav\u00e9s de la mejora de los niveles de colesterol y se ha demostrado que tiene una potente acci\u00f3n y beneficios en la p\u00e9rdida de grasa, aunque se ha ampliado para aumentar el rendimiento f\u00edsico y la ganancia. masa muscular magra.\",\"breadcrumb\":{\"@id\":\"https:\/\/teammutantecuador.com\/?product=cardarine-gw501516-70-capsulas-bionic-pharma#breadcrumb\"},\"inLanguage\":\"es\",\"potentialAction\":[{\"@type\":\"ReadAction\",\"target\":[\"https:\/\/teammutantecuador.com\/?product=cardarine-gw501516-70-capsulas-bionic-pharma\"]}]},{\"@type\":\"BreadcrumbList\",\"@id\":\"https:\/\/teammutantecuador.com\/?product=cardarine-gw501516-70-capsulas-bionic-pharma#breadcrumb\",\"itemListElement\":[{\"@type\":\"ListItem\",\"position\":1,\"name\":\"Portada\",\"item\":\"https:\/\/teammutantecuador.com\/\"},{\"@type\":\"ListItem\",\"position\":2,\"name\":\"Shop\",\"item\":\"https:\/\/teammutantecuador.com\/?page_id=6\"},{\"@type\":\"ListItem\",\"position\":3,\"name\":\"Cardarine &#8211; GW501516 70 capsulas Bionic Pharma\"}]},{\"@type\":\"WebSite\",\"@id\":\"https:\/\/teammutantecuador.com\/#website\",\"url\":\"https:\/\/teammutantecuador.com\/\",\"name\":\"Team Mutan Ecuador\",\"description\":\"Just another WordPress site\",\"publisher\":{\"@id\":\"https:\/\/teammutantecuador.com\/#organization\"},\"potentialAction\":[{\"@type\":\"SearchAction\",\"target\":{\"@type\":\"EntryPoint\",\"urlTemplate\":\"https:\/\/teammutantecuador.com\/?s={search_term_string}\"},\"query-input\":{\"@type\":\"PropertyValueSpecification\",\"valueRequired\":true,\"valueName\":\"search_term_string\"}}],\"inLanguage\":\"es\"},{\"@type\":\"Organization\",\"@id\":\"https:\/\/teammutantecuador.com\/#organization\",\"name\":\"Team Mutan Ecuador\",\"url\":\"https:\/\/teammutantecuador.com\/\",\"logo\":{\"@type\":\"ImageObject\",\"inLanguage\":\"es\",\"@id\":\"https:\/\/teammutantecuador.com\/#\/schema\/logo\/image\/\",\"url\":\"https:\/\/teammutantecuador.com\/wp-content\/uploads\/2026\/01\/Diseno-sin-titulo-97.png\",\"contentUrl\":\"https:\/\/teammutantecuador.com\/wp-content\/uploads\/2026\/01\/Diseno-sin-titulo-97.png\",\"width\":500,\"height\":300,\"caption\":\"Team Mutan Ecuador\"},\"image\":{\"@id\":\"https:\/\/teammutantecuador.com\/#\/schema\/logo\/image\/\"}}]}<\/script>\n<!-- \/ Yoast SEO plugin. -->","yoast_head_json":{"title":"Cardarine - GW501516 70 capsulas Bionic Pharma - Team Mutan Ecuador","description":"Cardarine ha demostrado beneficios en la lucha contra la obesidad, la diabetes, adem\u00e1s de mejorar la salud del coraz\u00f3n a trav\u00e9s de la mejora de los niveles de colesterol y se ha demostrado que tiene una potente acci\u00f3n y beneficios en la p\u00e9rdida de grasa, aunque se ha ampliado para aumentar el rendimiento f\u00edsico y la ganancia. masa muscular magra.","robots":{"index":"index","follow":"follow","max-snippet":"max-snippet:-1","max-image-preview":"max-image-preview:large","max-video-preview":"max-video-preview:-1"},"canonical":"https:\/\/teammutantecuador.com\/?product=cardarine-gw501516-70-capsulas-bionic-pharma","og_locale":"es_ES","og_type":"article","og_title":"Cardarine - GW501516 70 capsulas Bionic Pharma - Team Mutan Ecuador","og_description":"Cardarine ha demostrado beneficios en la lucha contra la obesidad, la diabetes, adem\u00e1s de mejorar la salud del coraz\u00f3n a trav\u00e9s de la mejora de los niveles de colesterol y se ha demostrado que tiene una potente acci\u00f3n y beneficios en la p\u00e9rdida de grasa, aunque se ha ampliado para aumentar el rendimiento f\u00edsico y la ganancia. masa muscular magra.","og_url":"https:\/\/teammutantecuador.com\/?product=cardarine-gw501516-70-capsulas-bionic-pharma","og_site_name":"Team Mutan Ecuador","article_modified_time":"2026-01-17T16:04:34+00:00","twitter_card":"summary_large_image","twitter_misc":{"Tiempo de lectura":"1 minuto"},"schema":{"@context":"https:\/\/schema.org","@graph":[{"@type":"WebPage","@id":"https:\/\/teammutantecuador.com\/?product=cardarine-gw501516-70-capsulas-bionic-pharma","url":"https:\/\/teammutantecuador.com\/?product=cardarine-gw501516-70-capsulas-bionic-pharma","name":"Cardarine - GW501516 70 capsulas Bionic Pharma - Team Mutan Ecuador","isPartOf":{"@id":"https:\/\/teammutantecuador.com\/#website"},"datePublished":"2026-01-17T16:04:30+00:00","dateModified":"2026-01-17T16:04:34+00:00","description":"Cardarine ha demostrado beneficios en la lucha contra la obesidad, la diabetes, adem\u00e1s de mejorar la salud del coraz\u00f3n a trav\u00e9s de la mejora de los niveles de colesterol y se ha demostrado que tiene una potente acci\u00f3n y beneficios en la p\u00e9rdida de grasa, aunque se ha ampliado para aumentar el rendimiento f\u00edsico y la ganancia. masa muscular magra.","breadcrumb":{"@id":"https:\/\/teammutantecuador.com\/?product=cardarine-gw501516-70-capsulas-bionic-pharma#breadcrumb"},"inLanguage":"es","potentialAction":[{"@type":"ReadAction","target":["https:\/\/teammutantecuador.com\/?product=cardarine-gw501516-70-capsulas-bionic-pharma"]}]},{"@type":"BreadcrumbList","@id":"https:\/\/teammutantecuador.com\/?product=cardarine-gw501516-70-capsulas-bionic-pharma#breadcrumb","itemListElement":[{"@type":"ListItem","position":1,"name":"Portada","item":"https:\/\/teammutantecuador.com\/"},{"@type":"ListItem","position":2,"name":"Shop","item":"https:\/\/teammutantecuador.com\/?page_id=6"},{"@type":"ListItem","position":3,"name":"Cardarine &#8211; GW501516 70 capsulas Bionic Pharma"}]},{"@type":"WebSite","@id":"https:\/\/teammutantecuador.com\/#website","url":"https:\/\/teammutantecuador.com\/","name":"Team Mutan Ecuador","description":"Just another WordPress site","publisher":{"@id":"https:\/\/teammutantecuador.com\/#organization"},"potentialAction":[{"@type":"SearchAction","target":{"@type":"EntryPoint","urlTemplate":"https:\/\/teammutantecuador.com\/?s={search_term_string}"},"query-input":{"@type":"PropertyValueSpecification","valueRequired":true,"valueName":"search_term_string"}}],"inLanguage":"es"},{"@type":"Organization","@id":"https:\/\/teammutantecuador.com\/#organization","name":"Team Mutan Ecuador","url":"https:\/\/teammutantecuador.com\/","logo":{"@type":"ImageObject","inLanguage":"es","@id":"https:\/\/teammutantecuador.com\/#\/schema\/logo\/image\/","url":"https:\/\/teammutantecuador.com\/wp-content\/uploads\/2026\/01\/Diseno-sin-titulo-97.png","contentUrl":"https:\/\/teammutantecuador.com\/wp-content\/uploads\/2026\/01\/Diseno-sin-titulo-97.png","width":500,"height":300,"caption":"Team Mutan Ecuador"},"image":{"@id":"https:\/\/teammutantecuador.com\/#\/schema\/logo\/image\/"}}]}},"_links":{"self":[{"href":"https:\/\/teammutantecuador.com\/index.php?rest_route=\/wp\/v2\/product\/1627","targetHints":{"allow":["GET"]}}],"collection":[{"href":"https:\/\/teammutantecuador.com\/index.php?rest_route=\/wp\/v2\/product"}],"about":[{"href":"https:\/\/teammutantecuador.com\/index.php?rest_route=\/wp\/v2\/types\/product"}],"replies":[{"embeddable":true,"href":"https:\/\/teammutantecuador.com\/index.php?rest_route=%2Fwp%2Fv2%2Fcomments&post=1627"}],"wp:attachment":[{"href":"https:\/\/teammutantecuador.com\/index.php?rest_route=%2Fwp%2Fv2%2Fmedia&parent=1627"}],"wp:term":[{"taxonomy":"product_brand","embeddable":true,"href":"https:\/\/teammutantecuador.com\/index.php?rest_route=%2Fwp%2Fv2%2Fproduct_brand&post=1627"},{"taxonomy":"product_cat","embeddable":true,"href":"https:\/\/teammutantecuador.com\/index.php?rest_route=%2Fwp%2Fv2%2Fproduct_cat&post=1627"},{"taxonomy":"product_tag","embeddable":true,"href":"https:\/\/teammutantecuador.com\/index.php?rest_route=%2Fwp%2Fv2%2Fproduct_tag&post=1627"}],"curies":[{"name":"wp","href":"https:\/\/api.w.org\/{rel}","templated":true}]}}