{"id":1626,"date":"2026-01-17T16:04:30","date_gmt":"2026-01-17T16:04:30","guid":{"rendered":"https:\/\/teammutantecuador.com\/?post_type=product&#038;p=1626"},"modified":"2026-01-21T11:11:21","modified_gmt":"2026-01-21T11:11:21","slug":"testolona-rad-140-70-capsulas-bionic-pharma","status":"publish","type":"product","link":"https:\/\/teammutantecuador.com\/?product=testolona-rad-140-70-capsulas-bionic-pharma","title":{"rendered":"Testolona \u2013 RAD-140 70 capsulas Bionic Pharma"},"content":{"rendered":"<p>Testolone es un modulador selectivo del receptor de andr\u00f3genos (SARM).<br \/>\nLa funci\u00f3n de construcci\u00f3n muscular de RAD-140 Testolone puede ayudar a aumentar la ganancia de m\u00fasculo magro.<br \/>\nEsto se ha vuelto popular entre la comunidad de fitness por su capacidad para aumentar la masa muscular sin causar efectos secundarios como los esteroides anab\u00f3licos.<\/p>\n<p>&nbsp;<\/p>\n<div class=\"page\" title=\"P\u00e1gina 9\">\n<div class=\"section\">\n<div class=\"layoutArea\">\n<div class=\"column\">\n<p>\u2022 Aumento de masa muscular: 9\/10<br \/>\n\u2022 Aumento de fuerza: 9\/10<br \/>\n\u2022 P\u00e9rdida de grasa: 8\/10<br \/>\n\u2022 Resistencia: 8\/10<br \/>\n\u2022 Seguridad: 6\/10<br \/>\n\u2022Uso: Aumento de masa muscular, fuerza y \u200b\u200bvolumen.<br \/>\n\u2022 Retenci\u00f3n de agua: No<br \/>\n\u2022 Saborizante: No<br \/>\n\u2022 Conversi\u00f3n a DHT: No<br \/>\n\u2022 Toxicidad hep\u00e1tica: Baja<\/p>\n<div class=\"et_pb_module et_pb_text et_pb_text_0 et_pb_text_align_left et_pb_bg_layout_light\">\n<div class=\"et_pb_text_inner\">\n<div class=\"page\" title=\"P\u00e1gina 10\">\n<div class=\"layoutArea\">\n<div class=\"column\">\n<h2>BENEFICIOS<\/h2>\n<\/div>\n<\/div>\n<\/div>\n<\/div>\n<\/div>\n<div class=\"et_pb_module et_pb_text et_pb_text_1 et_pb_text_align_left et_pb_bg_layout_light\">\n<div class=\"et_pb_text_inner\">\n<div class=\"page\" title=\"P\u00e1gina 10\">\n<div class=\"layoutArea\">\n<div class=\"column\">\n<div class=\"page\" title=\"P\u00e1gina 10\">\n<div class=\"layoutArea\">\n<div class=\"column\">\n<p>\u2022 Mayor velocidad<br \/>\n\u2022 Mayor fuerza<br \/>\n\u2022 M\u00e1s fuerza<br \/>\n\u2022 Mayor masa muscular<br \/>\n\u2022 Mayor recuperaci\u00f3n post-entrenamiento<br \/>\n\u2022 Disminuci\u00f3n de la grasa corporal<br \/>\n\u2022 Mejora y fortalece tendones y ligamentos<br \/>\n\u2022 Incrementa la densidad \u00f3sea<br \/>\n\u2022 Ayuda en la cicatrizaci\u00f3n de lesiones<br \/>\n\u2022 No aromatiza<\/p>\n<\/div>\n<\/div>\n<\/div>\n<\/div>\n<\/div>\n<\/div>\n<\/div>\n<\/div>\n<\/div>\n<\/div>\n<\/div>\n<\/div>\n","protected":false},"excerpt":{"rendered":"<p>Testolone es un modulador selectivo del receptor de andr\u00f3genos (SARM).La funci\u00f3n de construcci\u00f3n muscular de RAD-140 Testolone puede ayudar a aumentar la ganancia de m\u00fasculo magro.Esto se ha vuelto popular entre la comunidad de fitness por su capacidad para aumentar la masa muscular sin causar efectos secundarios como los esteroides anab\u00f3licos.<\/p>\n","protected":false},"featured_media":1840,"comment_status":"open","ping_status":"closed","template":"","meta":[],"product_brand":[244],"product_cat":[170],"product_tag":[242,172,171,243],"class_list":{"0":"post-1626","1":"product","2":"type-product","3":"status-publish","4":"has-post-thumbnail","6":"product_brand-bionic-pharma","7":"product_cat-sarms","8":"product_tag-bionic-pharma","9":"product_tag-rad-140","10":"product_tag-sarms","11":"product_tag-testolone","13":"first","14":"instock","15":"sale","16":"shipping-taxable","17":"purchasable","18":"product-type-simple"},"yoast_head":"<!-- This site is optimized with the Yoast SEO plugin v26.8 - https:\/\/yoast.com\/product\/yoast-seo-wordpress\/ -->\n<title>Testolona \u2013 RAD-140 70 capsulas Bionic Pharma - Team Mutan Ecuador<\/title>\n<meta name=\"description\" content=\"Testolone es un modulador selectivo del receptor de andr\u00f3genos (SARM).La funci\u00f3n de construcci\u00f3n muscular de RAD-140 Testolone puede ayudar a aumentar la ganancia de m\u00fasculo magro.Esto se ha vuelto popular entre la comunidad de fitness por su capacidad para aumentar la masa muscular sin causar efectos secundarios como los esteroides anab\u00f3licos.\" \/>\n<meta name=\"robots\" content=\"index, follow, max-snippet:-1, max-image-preview:large, max-video-preview:-1\" \/>\n<link rel=\"canonical\" href=\"https:\/\/teammutantecuador.com\/?product=testolona-rad-140-70-capsulas-bionic-pharma\" \/>\n<meta property=\"og:locale\" content=\"es_ES\" \/>\n<meta property=\"og:type\" content=\"article\" \/>\n<meta property=\"og:title\" content=\"Testolona \u2013 RAD-140 70 capsulas Bionic Pharma - Team Mutan Ecuador\" \/>\n<meta property=\"og:description\" content=\"Testolone es un modulador selectivo del receptor de andr\u00f3genos (SARM).La funci\u00f3n de construcci\u00f3n muscular de RAD-140 Testolone puede ayudar a aumentar la ganancia de m\u00fasculo magro.Esto se ha vuelto popular entre la comunidad de fitness por su capacidad para aumentar la masa muscular sin causar efectos secundarios como los esteroides anab\u00f3licos.\" \/>\n<meta property=\"og:url\" content=\"https:\/\/teammutantecuador.com\/?product=testolona-rad-140-70-capsulas-bionic-pharma\" \/>\n<meta property=\"og:site_name\" content=\"Team Mutan Ecuador\" \/>\n<meta property=\"article:modified_time\" content=\"2026-01-21T11:11:21+00:00\" \/>\n<meta property=\"og:image\" content=\"https:\/\/teammutantecuador.com\/wp-content\/uploads\/2026\/01\/Primobolan-100-Mg-Mutant-Pharma-43.jpg\" \/>\n\t<meta property=\"og:image:width\" content=\"800\" \/>\n\t<meta property=\"og:image:height\" content=\"800\" \/>\n\t<meta property=\"og:image:type\" content=\"image\/jpeg\" \/>\n<meta name=\"twitter:card\" content=\"summary_large_image\" \/>\n<meta name=\"twitter:label1\" content=\"Tiempo de lectura\" \/>\n\t<meta name=\"twitter:data1\" content=\"1 minuto\" \/>\n<script type=\"application\/ld+json\" class=\"yoast-schema-graph\">{\"@context\":\"https:\/\/schema.org\",\"@graph\":[{\"@type\":\"WebPage\",\"@id\":\"https:\/\/teammutantecuador.com\/?product=testolona-rad-140-70-capsulas-bionic-pharma\",\"url\":\"https:\/\/teammutantecuador.com\/?product=testolona-rad-140-70-capsulas-bionic-pharma\",\"name\":\"Testolona \u2013 RAD-140 70 capsulas Bionic Pharma - Team Mutan Ecuador\",\"isPartOf\":{\"@id\":\"https:\/\/teammutantecuador.com\/#website\"},\"primaryImageOfPage\":{\"@id\":\"https:\/\/teammutantecuador.com\/?product=testolona-rad-140-70-capsulas-bionic-pharma#primaryimage\"},\"image\":{\"@id\":\"https:\/\/teammutantecuador.com\/?product=testolona-rad-140-70-capsulas-bionic-pharma#primaryimage\"},\"thumbnailUrl\":\"https:\/\/teammutantecuador.com\/wp-content\/uploads\/2026\/01\/Primobolan-100-Mg-Mutant-Pharma-43.jpg\",\"datePublished\":\"2026-01-17T16:04:30+00:00\",\"dateModified\":\"2026-01-21T11:11:21+00:00\",\"description\":\"Testolone es un modulador selectivo del receptor de andr\u00f3genos (SARM).La funci\u00f3n de construcci\u00f3n muscular de RAD-140 Testolone puede ayudar a aumentar la ganancia de m\u00fasculo magro.Esto se ha vuelto popular entre la comunidad de fitness por su capacidad para aumentar la masa muscular sin causar efectos secundarios como los esteroides anab\u00f3licos.\",\"breadcrumb\":{\"@id\":\"https:\/\/teammutantecuador.com\/?product=testolona-rad-140-70-capsulas-bionic-pharma#breadcrumb\"},\"inLanguage\":\"es\",\"potentialAction\":[{\"@type\":\"ReadAction\",\"target\":[\"https:\/\/teammutantecuador.com\/?product=testolona-rad-140-70-capsulas-bionic-pharma\"]}]},{\"@type\":\"ImageObject\",\"inLanguage\":\"es\",\"@id\":\"https:\/\/teammutantecuador.com\/?product=testolona-rad-140-70-capsulas-bionic-pharma#primaryimage\",\"url\":\"https:\/\/teammutantecuador.com\/wp-content\/uploads\/2026\/01\/Primobolan-100-Mg-Mutant-Pharma-43.jpg\",\"contentUrl\":\"https:\/\/teammutantecuador.com\/wp-content\/uploads\/2026\/01\/Primobolan-100-Mg-Mutant-Pharma-43.jpg\",\"width\":800,\"height\":800,\"caption\":\"Testolona \u2013 RAD-140 70 capsulas Bionic Pharma\"},{\"@type\":\"BreadcrumbList\",\"@id\":\"https:\/\/teammutantecuador.com\/?product=testolona-rad-140-70-capsulas-bionic-pharma#breadcrumb\",\"itemListElement\":[{\"@type\":\"ListItem\",\"position\":1,\"name\":\"Portada\",\"item\":\"https:\/\/teammutantecuador.com\/\"},{\"@type\":\"ListItem\",\"position\":2,\"name\":\"Shop\",\"item\":\"https:\/\/teammutantecuador.com\/?page_id=6\"},{\"@type\":\"ListItem\",\"position\":3,\"name\":\"Testolona \u2013 RAD-140 70 capsulas Bionic Pharma\"}]},{\"@type\":\"WebSite\",\"@id\":\"https:\/\/teammutantecuador.com\/#website\",\"url\":\"https:\/\/teammutantecuador.com\/\",\"name\":\"Team Mutan Ecuador\",\"description\":\"Just another WordPress site\",\"publisher\":{\"@id\":\"https:\/\/teammutantecuador.com\/#organization\"},\"potentialAction\":[{\"@type\":\"SearchAction\",\"target\":{\"@type\":\"EntryPoint\",\"urlTemplate\":\"https:\/\/teammutantecuador.com\/?s={search_term_string}\"},\"query-input\":{\"@type\":\"PropertyValueSpecification\",\"valueRequired\":true,\"valueName\":\"search_term_string\"}}],\"inLanguage\":\"es\"},{\"@type\":\"Organization\",\"@id\":\"https:\/\/teammutantecuador.com\/#organization\",\"name\":\"Team Mutan Ecuador\",\"url\":\"https:\/\/teammutantecuador.com\/\",\"logo\":{\"@type\":\"ImageObject\",\"inLanguage\":\"es\",\"@id\":\"https:\/\/teammutantecuador.com\/#\/schema\/logo\/image\/\",\"url\":\"https:\/\/teammutantecuador.com\/wp-content\/uploads\/2026\/01\/Diseno-sin-titulo-97.png\",\"contentUrl\":\"https:\/\/teammutantecuador.com\/wp-content\/uploads\/2026\/01\/Diseno-sin-titulo-97.png\",\"width\":500,\"height\":300,\"caption\":\"Team Mutan Ecuador\"},\"image\":{\"@id\":\"https:\/\/teammutantecuador.com\/#\/schema\/logo\/image\/\"}}]}<\/script>\n<!-- \/ Yoast SEO plugin. -->","yoast_head_json":{"title":"Testolona \u2013 RAD-140 70 capsulas Bionic Pharma - Team Mutan Ecuador","description":"Testolone es un modulador selectivo del receptor de andr\u00f3genos (SARM).La funci\u00f3n de construcci\u00f3n muscular de RAD-140 Testolone puede ayudar a aumentar la ganancia de m\u00fasculo magro.Esto se ha vuelto popular entre la comunidad de fitness por su capacidad para aumentar la masa muscular sin causar efectos secundarios como los esteroides anab\u00f3licos.","robots":{"index":"index","follow":"follow","max-snippet":"max-snippet:-1","max-image-preview":"max-image-preview:large","max-video-preview":"max-video-preview:-1"},"canonical":"https:\/\/teammutantecuador.com\/?product=testolona-rad-140-70-capsulas-bionic-pharma","og_locale":"es_ES","og_type":"article","og_title":"Testolona \u2013 RAD-140 70 capsulas Bionic Pharma - Team Mutan Ecuador","og_description":"Testolone es un modulador selectivo del receptor de andr\u00f3genos (SARM).La funci\u00f3n de construcci\u00f3n muscular de RAD-140 Testolone puede ayudar a aumentar la ganancia de m\u00fasculo magro.Esto se ha vuelto popular entre la comunidad de fitness por su capacidad para aumentar la masa muscular sin causar efectos secundarios como los esteroides anab\u00f3licos.","og_url":"https:\/\/teammutantecuador.com\/?product=testolona-rad-140-70-capsulas-bionic-pharma","og_site_name":"Team Mutan Ecuador","article_modified_time":"2026-01-21T11:11:21+00:00","og_image":[{"width":800,"height":800,"url":"https:\/\/teammutantecuador.com\/wp-content\/uploads\/2026\/01\/Primobolan-100-Mg-Mutant-Pharma-43.jpg","type":"image\/jpeg"}],"twitter_card":"summary_large_image","twitter_misc":{"Tiempo de lectura":"1 minuto"},"schema":{"@context":"https:\/\/schema.org","@graph":[{"@type":"WebPage","@id":"https:\/\/teammutantecuador.com\/?product=testolona-rad-140-70-capsulas-bionic-pharma","url":"https:\/\/teammutantecuador.com\/?product=testolona-rad-140-70-capsulas-bionic-pharma","name":"Testolona \u2013 RAD-140 70 capsulas Bionic Pharma - Team Mutan Ecuador","isPartOf":{"@id":"https:\/\/teammutantecuador.com\/#website"},"primaryImageOfPage":{"@id":"https:\/\/teammutantecuador.com\/?product=testolona-rad-140-70-capsulas-bionic-pharma#primaryimage"},"image":{"@id":"https:\/\/teammutantecuador.com\/?product=testolona-rad-140-70-capsulas-bionic-pharma#primaryimage"},"thumbnailUrl":"https:\/\/teammutantecuador.com\/wp-content\/uploads\/2026\/01\/Primobolan-100-Mg-Mutant-Pharma-43.jpg","datePublished":"2026-01-17T16:04:30+00:00","dateModified":"2026-01-21T11:11:21+00:00","description":"Testolone es un modulador selectivo del receptor de andr\u00f3genos (SARM).La funci\u00f3n de construcci\u00f3n muscular de RAD-140 Testolone puede ayudar a aumentar la ganancia de m\u00fasculo magro.Esto se ha vuelto popular entre la comunidad de fitness por su capacidad para aumentar la masa muscular sin causar efectos secundarios como los esteroides anab\u00f3licos.","breadcrumb":{"@id":"https:\/\/teammutantecuador.com\/?product=testolona-rad-140-70-capsulas-bionic-pharma#breadcrumb"},"inLanguage":"es","potentialAction":[{"@type":"ReadAction","target":["https:\/\/teammutantecuador.com\/?product=testolona-rad-140-70-capsulas-bionic-pharma"]}]},{"@type":"ImageObject","inLanguage":"es","@id":"https:\/\/teammutantecuador.com\/?product=testolona-rad-140-70-capsulas-bionic-pharma#primaryimage","url":"https:\/\/teammutantecuador.com\/wp-content\/uploads\/2026\/01\/Primobolan-100-Mg-Mutant-Pharma-43.jpg","contentUrl":"https:\/\/teammutantecuador.com\/wp-content\/uploads\/2026\/01\/Primobolan-100-Mg-Mutant-Pharma-43.jpg","width":800,"height":800,"caption":"Testolona \u2013 RAD-140 70 capsulas Bionic Pharma"},{"@type":"BreadcrumbList","@id":"https:\/\/teammutantecuador.com\/?product=testolona-rad-140-70-capsulas-bionic-pharma#breadcrumb","itemListElement":[{"@type":"ListItem","position":1,"name":"Portada","item":"https:\/\/teammutantecuador.com\/"},{"@type":"ListItem","position":2,"name":"Shop","item":"https:\/\/teammutantecuador.com\/?page_id=6"},{"@type":"ListItem","position":3,"name":"Testolona \u2013 RAD-140 70 capsulas Bionic Pharma"}]},{"@type":"WebSite","@id":"https:\/\/teammutantecuador.com\/#website","url":"https:\/\/teammutantecuador.com\/","name":"Team Mutan Ecuador","description":"Just another WordPress site","publisher":{"@id":"https:\/\/teammutantecuador.com\/#organization"},"potentialAction":[{"@type":"SearchAction","target":{"@type":"EntryPoint","urlTemplate":"https:\/\/teammutantecuador.com\/?s={search_term_string}"},"query-input":{"@type":"PropertyValueSpecification","valueRequired":true,"valueName":"search_term_string"}}],"inLanguage":"es"},{"@type":"Organization","@id":"https:\/\/teammutantecuador.com\/#organization","name":"Team Mutan Ecuador","url":"https:\/\/teammutantecuador.com\/","logo":{"@type":"ImageObject","inLanguage":"es","@id":"https:\/\/teammutantecuador.com\/#\/schema\/logo\/image\/","url":"https:\/\/teammutantecuador.com\/wp-content\/uploads\/2026\/01\/Diseno-sin-titulo-97.png","contentUrl":"https:\/\/teammutantecuador.com\/wp-content\/uploads\/2026\/01\/Diseno-sin-titulo-97.png","width":500,"height":300,"caption":"Team Mutan Ecuador"},"image":{"@id":"https:\/\/teammutantecuador.com\/#\/schema\/logo\/image\/"}}]}},"_links":{"self":[{"href":"https:\/\/teammutantecuador.com\/index.php?rest_route=\/wp\/v2\/product\/1626","targetHints":{"allow":["GET"]}}],"collection":[{"href":"https:\/\/teammutantecuador.com\/index.php?rest_route=\/wp\/v2\/product"}],"about":[{"href":"https:\/\/teammutantecuador.com\/index.php?rest_route=\/wp\/v2\/types\/product"}],"replies":[{"embeddable":true,"href":"https:\/\/teammutantecuador.com\/index.php?rest_route=%2Fwp%2Fv2%2Fcomments&post=1626"}],"wp:featuredmedia":[{"embeddable":true,"href":"https:\/\/teammutantecuador.com\/index.php?rest_route=\/wp\/v2\/media\/1840"}],"wp:attachment":[{"href":"https:\/\/teammutantecuador.com\/index.php?rest_route=%2Fwp%2Fv2%2Fmedia&parent=1626"}],"wp:term":[{"taxonomy":"product_brand","embeddable":true,"href":"https:\/\/teammutantecuador.com\/index.php?rest_route=%2Fwp%2Fv2%2Fproduct_brand&post=1626"},{"taxonomy":"product_cat","embeddable":true,"href":"https:\/\/teammutantecuador.com\/index.php?rest_route=%2Fwp%2Fv2%2Fproduct_cat&post=1626"},{"taxonomy":"product_tag","embeddable":true,"href":"https:\/\/teammutantecuador.com\/index.php?rest_route=%2Fwp%2Fv2%2Fproduct_tag&post=1626"}],"curies":[{"name":"wp","href":"https:\/\/api.w.org\/{rel}","templated":true}]}}