{"id":1625,"date":"2026-01-17T16:04:30","date_gmt":"2026-01-17T16:04:30","guid":{"rendered":"https:\/\/teammutantecuador.com\/?post_type=product&#038;p=1625"},"modified":"2026-01-17T16:04:33","modified_gmt":"2026-01-17T16:04:33","slug":"atlhetica-pre-workout-beta-hd-240-g","status":"publish","type":"product","link":"https:\/\/teammutantecuador.com\/?product=atlhetica-pre-workout-beta-hd-240-g","title":{"rendered":"Atlhetica Pre Workout Beta hd  240 g"},"content":{"rendered":"<p>!BETA HD\u00a0 es un pre-entrenamiento que complementa la energ\u00eda que necesita para superar sus desaf\u00edos y alcanzar sus objetivos de entrenamiento!<\/p>\n<p>Adem\u00e1s de la beta-alanina, BETA HD tambi\u00e9n tiene cafe\u00edna en su f\u00f3rmula, lo que ayuda al estado de alerta, mejora la concentraci\u00f3n y aumenta la resistencia.<\/p>\n<p>La combinaci\u00f3n de amino\u00e1cidos y cafe\u00edna lo hace ideal para darle a su cuerpo la energ\u00eda que necesita.<\/p>\n<p>Se Trata de un suplemento pre-entreno ultra concentrado que se describe como un adelgazamiento y energ\u00e9tico. El Beta HD sirve para traer la energ\u00eda, la resistencia, la fuerza y el enfoque de los entrenamientos f\u00edsicos.<\/p>\n<h3><span id=\"El-Beta-HD-Atlhetica-es-bueno\">El Beta HD Atlhetica es bueno?<\/span><\/h3>\n<p>Para saber si un producto realmente es de calidad, no basta con confiar solamente en lo que dicen los fabricantes, \u00bfno es as\u00ed? Una herramienta que tambi\u00e9n ayuda en el descubrimiento de la eficacia de un suplemento es conocer relatos de personas que ya han hecho uso del producto.<\/p>\n<p>Esto es exactamente por lo que para saber de Beta HD Athletica es bueno, fuimos a revisar algunos testimonios de consumidores del complemento. Algunos usuarios elogian el complemento, lo llaman de demasiado bueno y afirman que \u00e9l ofreci\u00f3 lo que ellos llaman \u00abpump monstruoso\u00bb.<\/p>\n","protected":false},"excerpt":{"rendered":"<p>!BETA HD\u00a0 es un pre-entrenamiento que complementa la energ\u00eda que necesita para superar sus desaf\u00edos y alcanzar sus objetivos de entrenamiento!<\/p>\n","protected":false},"featured_media":0,"comment_status":"open","ping_status":"closed","template":"","meta":[],"product_brand":[],"product_cat":[365],"product_tag":[],"class_list":{"0":"post-1625","1":"product","2":"type-product","3":"status-publish","5":"product_cat-pre-entreno","7":"first","8":"instock","9":"sale","10":"shipping-taxable","11":"purchasable","12":"product-type-simple"},"yoast_head":"<!-- This site is optimized with the Yoast SEO plugin v26.8 - https:\/\/yoast.com\/product\/yoast-seo-wordpress\/ -->\n<title>Atlhetica Pre Workout Beta hd 240 g - Team Mutan Ecuador<\/title>\n<meta name=\"description\" content=\"!BETA HD\u00a0 es un pre-entrenamiento que complementa la energ\u00eda que necesita para superar sus desaf\u00edos y alcanzar sus objetivos de entrenamiento!\" \/>\n<meta name=\"robots\" content=\"index, follow, max-snippet:-1, max-image-preview:large, max-video-preview:-1\" \/>\n<link rel=\"canonical\" href=\"https:\/\/teammutantecuador.com\/?product=atlhetica-pre-workout-beta-hd-240-g\" \/>\n<meta property=\"og:locale\" content=\"es_ES\" \/>\n<meta property=\"og:type\" content=\"article\" \/>\n<meta property=\"og:title\" content=\"Atlhetica Pre Workout Beta hd 240 g - Team Mutan Ecuador\" \/>\n<meta property=\"og:description\" content=\"!BETA HD\u00a0 es un pre-entrenamiento que complementa la energ\u00eda que necesita para superar sus desaf\u00edos y alcanzar sus objetivos de entrenamiento!\" \/>\n<meta property=\"og:url\" content=\"https:\/\/teammutantecuador.com\/?product=atlhetica-pre-workout-beta-hd-240-g\" \/>\n<meta property=\"og:site_name\" content=\"Team Mutan Ecuador\" \/>\n<meta property=\"article:modified_time\" content=\"2026-01-17T16:04:33+00:00\" \/>\n<meta name=\"twitter:card\" content=\"summary_large_image\" \/>\n<meta name=\"twitter:label1\" content=\"Tiempo de lectura\" \/>\n\t<meta name=\"twitter:data1\" content=\"1 minuto\" \/>\n<script type=\"application\/ld+json\" class=\"yoast-schema-graph\">{\"@context\":\"https:\/\/schema.org\",\"@graph\":[{\"@type\":\"WebPage\",\"@id\":\"https:\/\/teammutantecuador.com\/?product=atlhetica-pre-workout-beta-hd-240-g\",\"url\":\"https:\/\/teammutantecuador.com\/?product=atlhetica-pre-workout-beta-hd-240-g\",\"name\":\"Atlhetica Pre Workout Beta hd 240 g - Team Mutan Ecuador\",\"isPartOf\":{\"@id\":\"https:\/\/teammutantecuador.com\/#website\"},\"datePublished\":\"2026-01-17T16:04:30+00:00\",\"dateModified\":\"2026-01-17T16:04:33+00:00\",\"description\":\"!BETA HD\u00a0 es un pre-entrenamiento que complementa la energ\u00eda que necesita para superar sus desaf\u00edos y alcanzar sus objetivos de entrenamiento!\",\"breadcrumb\":{\"@id\":\"https:\/\/teammutantecuador.com\/?product=atlhetica-pre-workout-beta-hd-240-g#breadcrumb\"},\"inLanguage\":\"es\",\"potentialAction\":[{\"@type\":\"ReadAction\",\"target\":[\"https:\/\/teammutantecuador.com\/?product=atlhetica-pre-workout-beta-hd-240-g\"]}]},{\"@type\":\"BreadcrumbList\",\"@id\":\"https:\/\/teammutantecuador.com\/?product=atlhetica-pre-workout-beta-hd-240-g#breadcrumb\",\"itemListElement\":[{\"@type\":\"ListItem\",\"position\":1,\"name\":\"Portada\",\"item\":\"https:\/\/teammutantecuador.com\/\"},{\"@type\":\"ListItem\",\"position\":2,\"name\":\"Shop\",\"item\":\"https:\/\/teammutantecuador.com\/?page_id=6\"},{\"@type\":\"ListItem\",\"position\":3,\"name\":\"Atlhetica Pre Workout Beta hd 240 g\"}]},{\"@type\":\"WebSite\",\"@id\":\"https:\/\/teammutantecuador.com\/#website\",\"url\":\"https:\/\/teammutantecuador.com\/\",\"name\":\"Team Mutan Ecuador\",\"description\":\"Just another WordPress site\",\"publisher\":{\"@id\":\"https:\/\/teammutantecuador.com\/#organization\"},\"potentialAction\":[{\"@type\":\"SearchAction\",\"target\":{\"@type\":\"EntryPoint\",\"urlTemplate\":\"https:\/\/teammutantecuador.com\/?s={search_term_string}\"},\"query-input\":{\"@type\":\"PropertyValueSpecification\",\"valueRequired\":true,\"valueName\":\"search_term_string\"}}],\"inLanguage\":\"es\"},{\"@type\":\"Organization\",\"@id\":\"https:\/\/teammutantecuador.com\/#organization\",\"name\":\"Team Mutan Ecuador\",\"url\":\"https:\/\/teammutantecuador.com\/\",\"logo\":{\"@type\":\"ImageObject\",\"inLanguage\":\"es\",\"@id\":\"https:\/\/teammutantecuador.com\/#\/schema\/logo\/image\/\",\"url\":\"https:\/\/teammutantecuador.com\/wp-content\/uploads\/2026\/01\/Diseno-sin-titulo-97.png\",\"contentUrl\":\"https:\/\/teammutantecuador.com\/wp-content\/uploads\/2026\/01\/Diseno-sin-titulo-97.png\",\"width\":500,\"height\":300,\"caption\":\"Team Mutan Ecuador\"},\"image\":{\"@id\":\"https:\/\/teammutantecuador.com\/#\/schema\/logo\/image\/\"}}]}<\/script>\n<!-- \/ Yoast SEO plugin. -->","yoast_head_json":{"title":"Atlhetica Pre Workout Beta hd 240 g - Team Mutan Ecuador","description":"!BETA HD\u00a0 es un pre-entrenamiento que complementa la energ\u00eda que necesita para superar sus desaf\u00edos y alcanzar sus objetivos de entrenamiento!","robots":{"index":"index","follow":"follow","max-snippet":"max-snippet:-1","max-image-preview":"max-image-preview:large","max-video-preview":"max-video-preview:-1"},"canonical":"https:\/\/teammutantecuador.com\/?product=atlhetica-pre-workout-beta-hd-240-g","og_locale":"es_ES","og_type":"article","og_title":"Atlhetica Pre Workout Beta hd 240 g - Team Mutan Ecuador","og_description":"!BETA HD\u00a0 es un pre-entrenamiento que complementa la energ\u00eda que necesita para superar sus desaf\u00edos y alcanzar sus objetivos de entrenamiento!","og_url":"https:\/\/teammutantecuador.com\/?product=atlhetica-pre-workout-beta-hd-240-g","og_site_name":"Team Mutan Ecuador","article_modified_time":"2026-01-17T16:04:33+00:00","twitter_card":"summary_large_image","twitter_misc":{"Tiempo de lectura":"1 minuto"},"schema":{"@context":"https:\/\/schema.org","@graph":[{"@type":"WebPage","@id":"https:\/\/teammutantecuador.com\/?product=atlhetica-pre-workout-beta-hd-240-g","url":"https:\/\/teammutantecuador.com\/?product=atlhetica-pre-workout-beta-hd-240-g","name":"Atlhetica Pre Workout Beta hd 240 g - Team Mutan Ecuador","isPartOf":{"@id":"https:\/\/teammutantecuador.com\/#website"},"datePublished":"2026-01-17T16:04:30+00:00","dateModified":"2026-01-17T16:04:33+00:00","description":"!BETA HD\u00a0 es un pre-entrenamiento que complementa la energ\u00eda que necesita para superar sus desaf\u00edos y alcanzar sus objetivos de entrenamiento!","breadcrumb":{"@id":"https:\/\/teammutantecuador.com\/?product=atlhetica-pre-workout-beta-hd-240-g#breadcrumb"},"inLanguage":"es","potentialAction":[{"@type":"ReadAction","target":["https:\/\/teammutantecuador.com\/?product=atlhetica-pre-workout-beta-hd-240-g"]}]},{"@type":"BreadcrumbList","@id":"https:\/\/teammutantecuador.com\/?product=atlhetica-pre-workout-beta-hd-240-g#breadcrumb","itemListElement":[{"@type":"ListItem","position":1,"name":"Portada","item":"https:\/\/teammutantecuador.com\/"},{"@type":"ListItem","position":2,"name":"Shop","item":"https:\/\/teammutantecuador.com\/?page_id=6"},{"@type":"ListItem","position":3,"name":"Atlhetica Pre Workout Beta hd 240 g"}]},{"@type":"WebSite","@id":"https:\/\/teammutantecuador.com\/#website","url":"https:\/\/teammutantecuador.com\/","name":"Team Mutan Ecuador","description":"Just another WordPress site","publisher":{"@id":"https:\/\/teammutantecuador.com\/#organization"},"potentialAction":[{"@type":"SearchAction","target":{"@type":"EntryPoint","urlTemplate":"https:\/\/teammutantecuador.com\/?s={search_term_string}"},"query-input":{"@type":"PropertyValueSpecification","valueRequired":true,"valueName":"search_term_string"}}],"inLanguage":"es"},{"@type":"Organization","@id":"https:\/\/teammutantecuador.com\/#organization","name":"Team Mutan Ecuador","url":"https:\/\/teammutantecuador.com\/","logo":{"@type":"ImageObject","inLanguage":"es","@id":"https:\/\/teammutantecuador.com\/#\/schema\/logo\/image\/","url":"https:\/\/teammutantecuador.com\/wp-content\/uploads\/2026\/01\/Diseno-sin-titulo-97.png","contentUrl":"https:\/\/teammutantecuador.com\/wp-content\/uploads\/2026\/01\/Diseno-sin-titulo-97.png","width":500,"height":300,"caption":"Team Mutan Ecuador"},"image":{"@id":"https:\/\/teammutantecuador.com\/#\/schema\/logo\/image\/"}}]}},"_links":{"self":[{"href":"https:\/\/teammutantecuador.com\/index.php?rest_route=\/wp\/v2\/product\/1625","targetHints":{"allow":["GET"]}}],"collection":[{"href":"https:\/\/teammutantecuador.com\/index.php?rest_route=\/wp\/v2\/product"}],"about":[{"href":"https:\/\/teammutantecuador.com\/index.php?rest_route=\/wp\/v2\/types\/product"}],"replies":[{"embeddable":true,"href":"https:\/\/teammutantecuador.com\/index.php?rest_route=%2Fwp%2Fv2%2Fcomments&post=1625"}],"wp:attachment":[{"href":"https:\/\/teammutantecuador.com\/index.php?rest_route=%2Fwp%2Fv2%2Fmedia&parent=1625"}],"wp:term":[{"taxonomy":"product_brand","embeddable":true,"href":"https:\/\/teammutantecuador.com\/index.php?rest_route=%2Fwp%2Fv2%2Fproduct_brand&post=1625"},{"taxonomy":"product_cat","embeddable":true,"href":"https:\/\/teammutantecuador.com\/index.php?rest_route=%2Fwp%2Fv2%2Fproduct_cat&post=1625"},{"taxonomy":"product_tag","embeddable":true,"href":"https:\/\/teammutantecuador.com\/index.php?rest_route=%2Fwp%2Fv2%2Fproduct_tag&post=1625"}],"curies":[{"name":"wp","href":"https:\/\/api.w.org\/{rel}","templated":true}]}}