{"id":1624,"date":"2026-01-17T16:04:30","date_gmt":"2026-01-17T16:04:30","guid":{"rendered":"https:\/\/teammutantecuador.com\/?post_type=product&#038;p=1624"},"modified":"2026-01-17T16:04:33","modified_gmt":"2026-01-17T16:04:33","slug":"atlhetica-l-carnitina-1400-x-480-ml","status":"publish","type":"product","link":"https:\/\/teammutantecuador.com\/?product=atlhetica-l-carnitina-1400-x-480-ml","title":{"rendered":"Atlhetica L-carnitina 1400 x 480 ml"},"content":{"rendered":"<p>Producto basado en L-Carnitina, desarrollado por el instituto de investigaci\u00f3n y desarrollo cient\u00edfico en suplementos alimenticios y nutrientes.<\/p>\n<p>La L-carnitina es un compuesto org\u00e1nico natural nitrogenado, sintetizado en el cuerpo (h\u00edgado, ri\u00f1ones y cerebro) a partir de dos amino\u00e1cidos esenciales: lisina y metionina, que requieren para su s\u00edntesis la presencia de algunas vitaminas y minerales, incluida la vitamina B5.<\/p>\n<p>La suplementaci\u00f3n con L-Carnitina hace que el cuerpo, durante la actividad f\u00edsica, oxide una mayor cantidad de grasa generadora de energ\u00eda, favoreciendo as\u00ed la reducci\u00f3n de la grasa corporal.<\/p>\n","protected":false},"excerpt":{"rendered":"<p>Producto basado en L-Carnitina, desarrollado por el instituto de investigaci\u00f3n y desarrollo cient\u00edfico en suplementos alimenticios y nutrientes.<\/p>\n","protected":false},"featured_media":0,"comment_status":"open","ping_status":"closed","template":"","meta":[],"product_brand":[],"product_cat":[63],"product_tag":[166,367,141],"class_list":{"0":"post-1624","1":"product","2":"type-product","3":"status-publish","5":"product_cat-quemadores-de-grasa","6":"product_tag-atlhetica","7":"product_tag-lcarnitina","8":"product_tag-quemador-de-grasa","10":"first","11":"instock","12":"sale","13":"shipping-taxable","14":"purchasable","15":"product-type-simple"},"yoast_head":"<!-- This site is optimized with the Yoast SEO plugin v26.8 - https:\/\/yoast.com\/product\/yoast-seo-wordpress\/ -->\n<title>Atlhetica L-carnitina 1400 x 480 ml - Team Mutan Ecuador<\/title>\n<meta name=\"description\" content=\"Producto basado en L-Carnitina, desarrollado por el instituto de investigaci\u00f3n y desarrollo cient\u00edfico en suplementos alimenticios y nutrientes.\" \/>\n<meta name=\"robots\" content=\"index, follow, max-snippet:-1, max-image-preview:large, max-video-preview:-1\" \/>\n<link rel=\"canonical\" href=\"https:\/\/teammutantecuador.com\/?product=atlhetica-l-carnitina-1400-x-480-ml\" \/>\n<meta property=\"og:locale\" content=\"es_ES\" \/>\n<meta property=\"og:type\" content=\"article\" \/>\n<meta property=\"og:title\" content=\"Atlhetica L-carnitina 1400 x 480 ml - Team Mutan Ecuador\" \/>\n<meta property=\"og:description\" content=\"Producto basado en L-Carnitina, desarrollado por el instituto de investigaci\u00f3n y desarrollo cient\u00edfico en suplementos alimenticios y nutrientes.\" \/>\n<meta property=\"og:url\" content=\"https:\/\/teammutantecuador.com\/?product=atlhetica-l-carnitina-1400-x-480-ml\" \/>\n<meta property=\"og:site_name\" content=\"Team Mutan Ecuador\" \/>\n<meta property=\"article:modified_time\" content=\"2026-01-17T16:04:33+00:00\" \/>\n<meta name=\"twitter:card\" content=\"summary_large_image\" \/>\n<meta name=\"twitter:label1\" content=\"Tiempo de lectura\" \/>\n\t<meta name=\"twitter:data1\" content=\"1 minuto\" \/>\n<script type=\"application\/ld+json\" class=\"yoast-schema-graph\">{\"@context\":\"https:\/\/schema.org\",\"@graph\":[{\"@type\":\"WebPage\",\"@id\":\"https:\/\/teammutantecuador.com\/?product=atlhetica-l-carnitina-1400-x-480-ml\",\"url\":\"https:\/\/teammutantecuador.com\/?product=atlhetica-l-carnitina-1400-x-480-ml\",\"name\":\"Atlhetica L-carnitina 1400 x 480 ml - Team Mutan Ecuador\",\"isPartOf\":{\"@id\":\"https:\/\/teammutantecuador.com\/#website\"},\"datePublished\":\"2026-01-17T16:04:30+00:00\",\"dateModified\":\"2026-01-17T16:04:33+00:00\",\"description\":\"Producto basado en L-Carnitina, desarrollado por el instituto de investigaci\u00f3n y desarrollo cient\u00edfico en suplementos alimenticios y nutrientes.\",\"breadcrumb\":{\"@id\":\"https:\/\/teammutantecuador.com\/?product=atlhetica-l-carnitina-1400-x-480-ml#breadcrumb\"},\"inLanguage\":\"es\",\"potentialAction\":[{\"@type\":\"ReadAction\",\"target\":[\"https:\/\/teammutantecuador.com\/?product=atlhetica-l-carnitina-1400-x-480-ml\"]}]},{\"@type\":\"BreadcrumbList\",\"@id\":\"https:\/\/teammutantecuador.com\/?product=atlhetica-l-carnitina-1400-x-480-ml#breadcrumb\",\"itemListElement\":[{\"@type\":\"ListItem\",\"position\":1,\"name\":\"Portada\",\"item\":\"https:\/\/teammutantecuador.com\/\"},{\"@type\":\"ListItem\",\"position\":2,\"name\":\"Shop\",\"item\":\"https:\/\/teammutantecuador.com\/?page_id=6\"},{\"@type\":\"ListItem\",\"position\":3,\"name\":\"Atlhetica L-carnitina 1400 x 480 ml\"}]},{\"@type\":\"WebSite\",\"@id\":\"https:\/\/teammutantecuador.com\/#website\",\"url\":\"https:\/\/teammutantecuador.com\/\",\"name\":\"Team Mutan Ecuador\",\"description\":\"Just another WordPress site\",\"publisher\":{\"@id\":\"https:\/\/teammutantecuador.com\/#organization\"},\"potentialAction\":[{\"@type\":\"SearchAction\",\"target\":{\"@type\":\"EntryPoint\",\"urlTemplate\":\"https:\/\/teammutantecuador.com\/?s={search_term_string}\"},\"query-input\":{\"@type\":\"PropertyValueSpecification\",\"valueRequired\":true,\"valueName\":\"search_term_string\"}}],\"inLanguage\":\"es\"},{\"@type\":\"Organization\",\"@id\":\"https:\/\/teammutantecuador.com\/#organization\",\"name\":\"Team Mutan Ecuador\",\"url\":\"https:\/\/teammutantecuador.com\/\",\"logo\":{\"@type\":\"ImageObject\",\"inLanguage\":\"es\",\"@id\":\"https:\/\/teammutantecuador.com\/#\/schema\/logo\/image\/\",\"url\":\"https:\/\/teammutantecuador.com\/wp-content\/uploads\/2026\/01\/Diseno-sin-titulo-97.png\",\"contentUrl\":\"https:\/\/teammutantecuador.com\/wp-content\/uploads\/2026\/01\/Diseno-sin-titulo-97.png\",\"width\":500,\"height\":300,\"caption\":\"Team Mutan Ecuador\"},\"image\":{\"@id\":\"https:\/\/teammutantecuador.com\/#\/schema\/logo\/image\/\"}}]}<\/script>\n<!-- \/ Yoast SEO plugin. -->","yoast_head_json":{"title":"Atlhetica L-carnitina 1400 x 480 ml - Team Mutan Ecuador","description":"Producto basado en L-Carnitina, desarrollado por el instituto de investigaci\u00f3n y desarrollo cient\u00edfico en suplementos alimenticios y nutrientes.","robots":{"index":"index","follow":"follow","max-snippet":"max-snippet:-1","max-image-preview":"max-image-preview:large","max-video-preview":"max-video-preview:-1"},"canonical":"https:\/\/teammutantecuador.com\/?product=atlhetica-l-carnitina-1400-x-480-ml","og_locale":"es_ES","og_type":"article","og_title":"Atlhetica L-carnitina 1400 x 480 ml - Team Mutan Ecuador","og_description":"Producto basado en L-Carnitina, desarrollado por el instituto de investigaci\u00f3n y desarrollo cient\u00edfico en suplementos alimenticios y nutrientes.","og_url":"https:\/\/teammutantecuador.com\/?product=atlhetica-l-carnitina-1400-x-480-ml","og_site_name":"Team Mutan Ecuador","article_modified_time":"2026-01-17T16:04:33+00:00","twitter_card":"summary_large_image","twitter_misc":{"Tiempo de lectura":"1 minuto"},"schema":{"@context":"https:\/\/schema.org","@graph":[{"@type":"WebPage","@id":"https:\/\/teammutantecuador.com\/?product=atlhetica-l-carnitina-1400-x-480-ml","url":"https:\/\/teammutantecuador.com\/?product=atlhetica-l-carnitina-1400-x-480-ml","name":"Atlhetica L-carnitina 1400 x 480 ml - Team Mutan Ecuador","isPartOf":{"@id":"https:\/\/teammutantecuador.com\/#website"},"datePublished":"2026-01-17T16:04:30+00:00","dateModified":"2026-01-17T16:04:33+00:00","description":"Producto basado en L-Carnitina, desarrollado por el instituto de investigaci\u00f3n y desarrollo cient\u00edfico en suplementos alimenticios y nutrientes.","breadcrumb":{"@id":"https:\/\/teammutantecuador.com\/?product=atlhetica-l-carnitina-1400-x-480-ml#breadcrumb"},"inLanguage":"es","potentialAction":[{"@type":"ReadAction","target":["https:\/\/teammutantecuador.com\/?product=atlhetica-l-carnitina-1400-x-480-ml"]}]},{"@type":"BreadcrumbList","@id":"https:\/\/teammutantecuador.com\/?product=atlhetica-l-carnitina-1400-x-480-ml#breadcrumb","itemListElement":[{"@type":"ListItem","position":1,"name":"Portada","item":"https:\/\/teammutantecuador.com\/"},{"@type":"ListItem","position":2,"name":"Shop","item":"https:\/\/teammutantecuador.com\/?page_id=6"},{"@type":"ListItem","position":3,"name":"Atlhetica L-carnitina 1400 x 480 ml"}]},{"@type":"WebSite","@id":"https:\/\/teammutantecuador.com\/#website","url":"https:\/\/teammutantecuador.com\/","name":"Team Mutan Ecuador","description":"Just another WordPress site","publisher":{"@id":"https:\/\/teammutantecuador.com\/#organization"},"potentialAction":[{"@type":"SearchAction","target":{"@type":"EntryPoint","urlTemplate":"https:\/\/teammutantecuador.com\/?s={search_term_string}"},"query-input":{"@type":"PropertyValueSpecification","valueRequired":true,"valueName":"search_term_string"}}],"inLanguage":"es"},{"@type":"Organization","@id":"https:\/\/teammutantecuador.com\/#organization","name":"Team Mutan Ecuador","url":"https:\/\/teammutantecuador.com\/","logo":{"@type":"ImageObject","inLanguage":"es","@id":"https:\/\/teammutantecuador.com\/#\/schema\/logo\/image\/","url":"https:\/\/teammutantecuador.com\/wp-content\/uploads\/2026\/01\/Diseno-sin-titulo-97.png","contentUrl":"https:\/\/teammutantecuador.com\/wp-content\/uploads\/2026\/01\/Diseno-sin-titulo-97.png","width":500,"height":300,"caption":"Team Mutan Ecuador"},"image":{"@id":"https:\/\/teammutantecuador.com\/#\/schema\/logo\/image\/"}}]}},"_links":{"self":[{"href":"https:\/\/teammutantecuador.com\/index.php?rest_route=\/wp\/v2\/product\/1624","targetHints":{"allow":["GET"]}}],"collection":[{"href":"https:\/\/teammutantecuador.com\/index.php?rest_route=\/wp\/v2\/product"}],"about":[{"href":"https:\/\/teammutantecuador.com\/index.php?rest_route=\/wp\/v2\/types\/product"}],"replies":[{"embeddable":true,"href":"https:\/\/teammutantecuador.com\/index.php?rest_route=%2Fwp%2Fv2%2Fcomments&post=1624"}],"wp:attachment":[{"href":"https:\/\/teammutantecuador.com\/index.php?rest_route=%2Fwp%2Fv2%2Fmedia&parent=1624"}],"wp:term":[{"taxonomy":"product_brand","embeddable":true,"href":"https:\/\/teammutantecuador.com\/index.php?rest_route=%2Fwp%2Fv2%2Fproduct_brand&post=1624"},{"taxonomy":"product_cat","embeddable":true,"href":"https:\/\/teammutantecuador.com\/index.php?rest_route=%2Fwp%2Fv2%2Fproduct_cat&post=1624"},{"taxonomy":"product_tag","embeddable":true,"href":"https:\/\/teammutantecuador.com\/index.php?rest_route=%2Fwp%2Fv2%2Fproduct_tag&post=1624"}],"curies":[{"name":"wp","href":"https:\/\/api.w.org\/{rel}","templated":true}]}}