{"id":1623,"date":"2026-01-17T16:04:30","date_gmt":"2026-01-17T16:04:30","guid":{"rendered":"https:\/\/teammutantecuador.com\/?post_type=product&#038;p=1623"},"modified":"2026-01-17T16:04:33","modified_gmt":"2026-01-17T16:04:33","slug":"atlhetica-collagen-hidrolisado-caps-120-capsulas","status":"publish","type":"product","link":"https:\/\/teammutantecuador.com\/?product=atlhetica-collagen-hidrolisado-caps-120-capsulas","title":{"rendered":"Atlhetica Collagen Hidrolisado Caps 120 capsulas"},"content":{"rendered":"<p>The Collagen Caps es un producto en c\u00e1psulas a base de Col\u00e1geno Hidrolizado , la prote\u00edna m\u00e1s abundante en el organismo y representa m\u00e1s del 30% de su prote\u00edna total. El col\u00e1geno est\u00e1 compuesto por varios tipos de amino\u00e1cidos y realiza, entre otras funciones, unir y fortalecer los tejidos. A lo largo de los a\u00f1os, el cuerpo no produce la cantidad ideal de col\u00e1geno y la comida moderna tampoco es capaz de satisfacer todas sus necesidades.<\/p>\n<p>Collagen Caps de Atlhetica se utiliza para tensar los tejidos de la piel, eliminar arrugas, aumentar el tono muscular y como ayuda en los reg\u00edmenes de p\u00e9rdida de peso. Indicado como coadyuvante en dietas de adelgazamiento, previniendo la flacidez y la aparici\u00f3n de estr\u00edas, tambi\u00e9n contribuye a la correcta formaci\u00f3n de fibras de col\u00e1geno en la piel y tejidos circundantes, siendo beneficioso en la prevenci\u00f3n de la celulitis. Fortalece las u\u00f1as y mejora el aspecto del cabello.<\/p>\n<p>\u2022 Fortalecimiento de huesos, tendones y articulaciones<br \/>\n\u2022 Bajo valor cal\u00f3rico por raci\u00f3n<br \/>\n\u2022 Estimula la producci\u00f3n de col\u00e1geno natural<br \/>\n\u2022 Reemplaza con col\u00e1geno alimentario<br \/>\n\u2022 Tu piel, u\u00f1as y cabello mucho m\u00e1s bellos y fortalecidos<br \/>\n\u2022 Minimiza la flacidez y las marcas de expresi\u00f3n<\/p>\n","protected":false},"excerpt":{"rendered":"<p>The Collagen Caps es un producto en c\u00e1psulas a base de Col\u00e1geno Hidrolizado , la prote\u00edna m\u00e1s abundante en el organismo y representa m\u00e1s del 30% de su prote\u00edna total. El col\u00e1geno est\u00e1 compuesto por varios tipos de amino\u00e1cidos y realiza, entre otras funciones, unir y fortalecer los tejidos. A lo largo de los a\u00f1os, el cuerpo no produce la cantidad ideal de col\u00e1geno y la comida moderna tampoco es capaz de satisfacer todas sus necesidades.<\/p>\n","protected":false},"featured_media":0,"comment_status":"open","ping_status":"closed","template":"","meta":[],"product_brand":[],"product_cat":[394],"product_tag":[166,395],"class_list":{"0":"post-1623","1":"product","2":"type-product","3":"status-publish","5":"product_cat-colageno","6":"product_tag-atlhetica","7":"product_tag-colageno","9":"first","10":"instock","11":"sale","12":"shipping-taxable","13":"purchasable","14":"product-type-simple"},"yoast_head":"<!-- This site is optimized with the Yoast SEO plugin v26.8 - https:\/\/yoast.com\/product\/yoast-seo-wordpress\/ -->\n<title>Atlhetica Collagen Hidrolisado Caps 120 capsulas - Team Mutan Ecuador<\/title>\n<meta name=\"description\" content=\"The Collagen Caps es un producto en c\u00e1psulas a base de Col\u00e1geno Hidrolizado , la prote\u00edna m\u00e1s abundante en el organismo y representa m\u00e1s del 30% de su prote\u00edna total. El col\u00e1geno est\u00e1 compuesto por varios tipos de amino\u00e1cidos y realiza, entre otras funciones, unir y fortalecer los tejidos. A lo largo de los a\u00f1os, el cuerpo no produce la cantidad ideal de col\u00e1geno y la comida moderna tampoco es capaz de satisfacer todas sus necesidades.\" \/>\n<meta name=\"robots\" content=\"index, follow, max-snippet:-1, max-image-preview:large, max-video-preview:-1\" \/>\n<link rel=\"canonical\" href=\"https:\/\/teammutantecuador.com\/?product=atlhetica-collagen-hidrolisado-caps-120-capsulas\" \/>\n<meta property=\"og:locale\" content=\"es_ES\" \/>\n<meta property=\"og:type\" content=\"article\" \/>\n<meta property=\"og:title\" content=\"Atlhetica Collagen Hidrolisado Caps 120 capsulas - Team Mutan Ecuador\" \/>\n<meta property=\"og:description\" content=\"The Collagen Caps es un producto en c\u00e1psulas a base de Col\u00e1geno Hidrolizado , la prote\u00edna m\u00e1s abundante en el organismo y representa m\u00e1s del 30% de su prote\u00edna total. El col\u00e1geno est\u00e1 compuesto por varios tipos de amino\u00e1cidos y realiza, entre otras funciones, unir y fortalecer los tejidos. A lo largo de los a\u00f1os, el cuerpo no produce la cantidad ideal de col\u00e1geno y la comida moderna tampoco es capaz de satisfacer todas sus necesidades.\" \/>\n<meta property=\"og:url\" content=\"https:\/\/teammutantecuador.com\/?product=atlhetica-collagen-hidrolisado-caps-120-capsulas\" \/>\n<meta property=\"og:site_name\" content=\"Team Mutan Ecuador\" \/>\n<meta property=\"article:modified_time\" content=\"2026-01-17T16:04:33+00:00\" \/>\n<meta name=\"twitter:card\" content=\"summary_large_image\" \/>\n<meta name=\"twitter:label1\" content=\"Tiempo de lectura\" \/>\n\t<meta name=\"twitter:data1\" content=\"1 minuto\" \/>\n<script type=\"application\/ld+json\" class=\"yoast-schema-graph\">{\"@context\":\"https:\/\/schema.org\",\"@graph\":[{\"@type\":\"WebPage\",\"@id\":\"https:\/\/teammutantecuador.com\/?product=atlhetica-collagen-hidrolisado-caps-120-capsulas\",\"url\":\"https:\/\/teammutantecuador.com\/?product=atlhetica-collagen-hidrolisado-caps-120-capsulas\",\"name\":\"Atlhetica Collagen Hidrolisado Caps 120 capsulas - Team Mutan Ecuador\",\"isPartOf\":{\"@id\":\"https:\/\/teammutantecuador.com\/#website\"},\"datePublished\":\"2026-01-17T16:04:30+00:00\",\"dateModified\":\"2026-01-17T16:04:33+00:00\",\"description\":\"The Collagen Caps es un producto en c\u00e1psulas a base de Col\u00e1geno Hidrolizado , la prote\u00edna m\u00e1s abundante en el organismo y representa m\u00e1s del 30% de su prote\u00edna total. El col\u00e1geno est\u00e1 compuesto por varios tipos de amino\u00e1cidos y realiza, entre otras funciones, unir y fortalecer los tejidos. A lo largo de los a\u00f1os, el cuerpo no produce la cantidad ideal de col\u00e1geno y la comida moderna tampoco es capaz de satisfacer todas sus necesidades.\",\"breadcrumb\":{\"@id\":\"https:\/\/teammutantecuador.com\/?product=atlhetica-collagen-hidrolisado-caps-120-capsulas#breadcrumb\"},\"inLanguage\":\"es\",\"potentialAction\":[{\"@type\":\"ReadAction\",\"target\":[\"https:\/\/teammutantecuador.com\/?product=atlhetica-collagen-hidrolisado-caps-120-capsulas\"]}]},{\"@type\":\"BreadcrumbList\",\"@id\":\"https:\/\/teammutantecuador.com\/?product=atlhetica-collagen-hidrolisado-caps-120-capsulas#breadcrumb\",\"itemListElement\":[{\"@type\":\"ListItem\",\"position\":1,\"name\":\"Portada\",\"item\":\"https:\/\/teammutantecuador.com\/\"},{\"@type\":\"ListItem\",\"position\":2,\"name\":\"Shop\",\"item\":\"https:\/\/teammutantecuador.com\/?page_id=6\"},{\"@type\":\"ListItem\",\"position\":3,\"name\":\"Atlhetica Collagen Hidrolisado Caps 120 capsulas\"}]},{\"@type\":\"WebSite\",\"@id\":\"https:\/\/teammutantecuador.com\/#website\",\"url\":\"https:\/\/teammutantecuador.com\/\",\"name\":\"Team Mutan Ecuador\",\"description\":\"Just another WordPress site\",\"publisher\":{\"@id\":\"https:\/\/teammutantecuador.com\/#organization\"},\"potentialAction\":[{\"@type\":\"SearchAction\",\"target\":{\"@type\":\"EntryPoint\",\"urlTemplate\":\"https:\/\/teammutantecuador.com\/?s={search_term_string}\"},\"query-input\":{\"@type\":\"PropertyValueSpecification\",\"valueRequired\":true,\"valueName\":\"search_term_string\"}}],\"inLanguage\":\"es\"},{\"@type\":\"Organization\",\"@id\":\"https:\/\/teammutantecuador.com\/#organization\",\"name\":\"Team Mutan Ecuador\",\"url\":\"https:\/\/teammutantecuador.com\/\",\"logo\":{\"@type\":\"ImageObject\",\"inLanguage\":\"es\",\"@id\":\"https:\/\/teammutantecuador.com\/#\/schema\/logo\/image\/\",\"url\":\"https:\/\/teammutantecuador.com\/wp-content\/uploads\/2026\/01\/Diseno-sin-titulo-97.png\",\"contentUrl\":\"https:\/\/teammutantecuador.com\/wp-content\/uploads\/2026\/01\/Diseno-sin-titulo-97.png\",\"width\":500,\"height\":300,\"caption\":\"Team Mutan Ecuador\"},\"image\":{\"@id\":\"https:\/\/teammutantecuador.com\/#\/schema\/logo\/image\/\"}}]}<\/script>\n<!-- \/ Yoast SEO plugin. -->","yoast_head_json":{"title":"Atlhetica Collagen Hidrolisado Caps 120 capsulas - Team Mutan Ecuador","description":"The Collagen Caps es un producto en c\u00e1psulas a base de Col\u00e1geno Hidrolizado , la prote\u00edna m\u00e1s abundante en el organismo y representa m\u00e1s del 30% de su prote\u00edna total. El col\u00e1geno est\u00e1 compuesto por varios tipos de amino\u00e1cidos y realiza, entre otras funciones, unir y fortalecer los tejidos. A lo largo de los a\u00f1os, el cuerpo no produce la cantidad ideal de col\u00e1geno y la comida moderna tampoco es capaz de satisfacer todas sus necesidades.","robots":{"index":"index","follow":"follow","max-snippet":"max-snippet:-1","max-image-preview":"max-image-preview:large","max-video-preview":"max-video-preview:-1"},"canonical":"https:\/\/teammutantecuador.com\/?product=atlhetica-collagen-hidrolisado-caps-120-capsulas","og_locale":"es_ES","og_type":"article","og_title":"Atlhetica Collagen Hidrolisado Caps 120 capsulas - Team Mutan Ecuador","og_description":"The Collagen Caps es un producto en c\u00e1psulas a base de Col\u00e1geno Hidrolizado , la prote\u00edna m\u00e1s abundante en el organismo y representa m\u00e1s del 30% de su prote\u00edna total. El col\u00e1geno est\u00e1 compuesto por varios tipos de amino\u00e1cidos y realiza, entre otras funciones, unir y fortalecer los tejidos. A lo largo de los a\u00f1os, el cuerpo no produce la cantidad ideal de col\u00e1geno y la comida moderna tampoco es capaz de satisfacer todas sus necesidades.","og_url":"https:\/\/teammutantecuador.com\/?product=atlhetica-collagen-hidrolisado-caps-120-capsulas","og_site_name":"Team Mutan Ecuador","article_modified_time":"2026-01-17T16:04:33+00:00","twitter_card":"summary_large_image","twitter_misc":{"Tiempo de lectura":"1 minuto"},"schema":{"@context":"https:\/\/schema.org","@graph":[{"@type":"WebPage","@id":"https:\/\/teammutantecuador.com\/?product=atlhetica-collagen-hidrolisado-caps-120-capsulas","url":"https:\/\/teammutantecuador.com\/?product=atlhetica-collagen-hidrolisado-caps-120-capsulas","name":"Atlhetica Collagen Hidrolisado Caps 120 capsulas - Team Mutan Ecuador","isPartOf":{"@id":"https:\/\/teammutantecuador.com\/#website"},"datePublished":"2026-01-17T16:04:30+00:00","dateModified":"2026-01-17T16:04:33+00:00","description":"The Collagen Caps es un producto en c\u00e1psulas a base de Col\u00e1geno Hidrolizado , la prote\u00edna m\u00e1s abundante en el organismo y representa m\u00e1s del 30% de su prote\u00edna total. El col\u00e1geno est\u00e1 compuesto por varios tipos de amino\u00e1cidos y realiza, entre otras funciones, unir y fortalecer los tejidos. A lo largo de los a\u00f1os, el cuerpo no produce la cantidad ideal de col\u00e1geno y la comida moderna tampoco es capaz de satisfacer todas sus necesidades.","breadcrumb":{"@id":"https:\/\/teammutantecuador.com\/?product=atlhetica-collagen-hidrolisado-caps-120-capsulas#breadcrumb"},"inLanguage":"es","potentialAction":[{"@type":"ReadAction","target":["https:\/\/teammutantecuador.com\/?product=atlhetica-collagen-hidrolisado-caps-120-capsulas"]}]},{"@type":"BreadcrumbList","@id":"https:\/\/teammutantecuador.com\/?product=atlhetica-collagen-hidrolisado-caps-120-capsulas#breadcrumb","itemListElement":[{"@type":"ListItem","position":1,"name":"Portada","item":"https:\/\/teammutantecuador.com\/"},{"@type":"ListItem","position":2,"name":"Shop","item":"https:\/\/teammutantecuador.com\/?page_id=6"},{"@type":"ListItem","position":3,"name":"Atlhetica Collagen Hidrolisado Caps 120 capsulas"}]},{"@type":"WebSite","@id":"https:\/\/teammutantecuador.com\/#website","url":"https:\/\/teammutantecuador.com\/","name":"Team Mutan Ecuador","description":"Just another WordPress site","publisher":{"@id":"https:\/\/teammutantecuador.com\/#organization"},"potentialAction":[{"@type":"SearchAction","target":{"@type":"EntryPoint","urlTemplate":"https:\/\/teammutantecuador.com\/?s={search_term_string}"},"query-input":{"@type":"PropertyValueSpecification","valueRequired":true,"valueName":"search_term_string"}}],"inLanguage":"es"},{"@type":"Organization","@id":"https:\/\/teammutantecuador.com\/#organization","name":"Team Mutan Ecuador","url":"https:\/\/teammutantecuador.com\/","logo":{"@type":"ImageObject","inLanguage":"es","@id":"https:\/\/teammutantecuador.com\/#\/schema\/logo\/image\/","url":"https:\/\/teammutantecuador.com\/wp-content\/uploads\/2026\/01\/Diseno-sin-titulo-97.png","contentUrl":"https:\/\/teammutantecuador.com\/wp-content\/uploads\/2026\/01\/Diseno-sin-titulo-97.png","width":500,"height":300,"caption":"Team Mutan Ecuador"},"image":{"@id":"https:\/\/teammutantecuador.com\/#\/schema\/logo\/image\/"}}]}},"_links":{"self":[{"href":"https:\/\/teammutantecuador.com\/index.php?rest_route=\/wp\/v2\/product\/1623","targetHints":{"allow":["GET"]}}],"collection":[{"href":"https:\/\/teammutantecuador.com\/index.php?rest_route=\/wp\/v2\/product"}],"about":[{"href":"https:\/\/teammutantecuador.com\/index.php?rest_route=\/wp\/v2\/types\/product"}],"replies":[{"embeddable":true,"href":"https:\/\/teammutantecuador.com\/index.php?rest_route=%2Fwp%2Fv2%2Fcomments&post=1623"}],"wp:attachment":[{"href":"https:\/\/teammutantecuador.com\/index.php?rest_route=%2Fwp%2Fv2%2Fmedia&parent=1623"}],"wp:term":[{"taxonomy":"product_brand","embeddable":true,"href":"https:\/\/teammutantecuador.com\/index.php?rest_route=%2Fwp%2Fv2%2Fproduct_brand&post=1623"},{"taxonomy":"product_cat","embeddable":true,"href":"https:\/\/teammutantecuador.com\/index.php?rest_route=%2Fwp%2Fv2%2Fproduct_cat&post=1623"},{"taxonomy":"product_tag","embeddable":true,"href":"https:\/\/teammutantecuador.com\/index.php?rest_route=%2Fwp%2Fv2%2Fproduct_tag&post=1623"}],"curies":[{"name":"wp","href":"https:\/\/api.w.org\/{rel}","templated":true}]}}