{"id":1622,"date":"2026-01-17T16:04:30","date_gmt":"2026-01-17T16:04:30","guid":{"rendered":"https:\/\/teammutantecuador.com\/?post_type=product&#038;p=1622"},"modified":"2026-01-17T16:04:33","modified_gmt":"2026-01-17T16:04:33","slug":"athetica-carnitech-mass-3-kg-6-6-lb","status":"publish","type":"product","link":"https:\/\/teammutantecuador.com\/?product=athetica-carnitech-mass-3-kg-6-6-lb","title":{"rendered":"Athetica Carnitech Mass 3 kg (6.6 lb)"},"content":{"rendered":"<p><strong>\u00bfQu\u00e9 es Atlhetica Carnitech Mass?<\/strong><br \/>\nAtlhetica Carnitech Mass, es un producto que est\u00e1 hecho en base de carne aislada e hidrolizada de alta calidad y de buen sabor. Especial para esas personas intolerantes a la Lactosa.<\/p>\n<p><strong>\u00bfPara qu\u00e9 sirve Atlhetica Carnitech Mass?<\/strong><br \/>\nAtlhetica Carnitech Mass, procedente de la carne de ternera te aporta una mayor cantidad de amino\u00e1cidos que cualquier otra fuente proteica utilizada en la suplementaci\u00f3n. Sirve para favorecer el desarrollo muscular y con el consumo correcto puede ayudar al rendimiento F\u00edsico-.<\/p>\n<p><strong>\u00bfC\u00f3mo se destaca Atlhetica Carnitech Mass<\/strong><br \/>\nAtlhetica Carnitech Mass Se destaca por ser<br \/>\nLibre de grasa<br \/>\nFavorece el desarrollo muscular<br \/>\nApta para personas intolerantes a la lactosa<br \/>\n0 carbohidratos<br \/>\nLibre de gluten.<br \/>\n0 Az\u00facar.<\/p>\n<p><strong>\u00bfC\u00f3mo consumir Atlhetica Carnitech Mass?<\/strong><br \/>\nAtlhetica Carnitech Mass, Mezclarla de 1 con 300 \u2013 400ml de agua fr\u00eda. Tomar de 1 al d\u00eda, o adaptar ingestas seg\u00fan necesidades.<br \/>\nRecomendaci\u00f3n: Ases\u00f3rate siempre de un profesional m\u00e9dico o nutricionista para un consumo apropiado<\/p>\n<p><strong>\u00bfEn qu\u00e9 formato se encuentra Atlhetica Carnitech Mass?<\/strong><br \/>\nAtlhetica Carnitech Mass se encuentra en el formato polvo y contiene 6.6 libras.<\/p>\n<p><strong>\u00bfCon qu\u00e9 otro producto puedo combinar Atlhetica Carnitech Mass?<\/strong><br \/>\nAtlhetica Carnitech Mass puedes combinarlo con cualquier producto que necesites para tus requerimientos, como la l\u00ednea completa de Atlhetica Nutrition.<\/p>\n","protected":false},"excerpt":{"rendered":"<p>Atlhetica Carnitech Mass, es un producto que est\u00e1 hecho en base de carne aislada e hidrolizada de alta calidad y de buen sabor. Especial para esas personas intolerantes a la Lactosa.<\/p>\n","protected":false},"featured_media":0,"comment_status":"open","ping_status":"closed","template":"","meta":[],"product_brand":[],"product_cat":[354],"product_tag":[166,240,61,59,241],"class_list":{"0":"post-1622","1":"product","2":"type-product","3":"status-publish","5":"product_cat-ganadores-de-peso","6":"product_tag-atlhetica","7":"product_tag-carnitech-mass","8":"product_tag-ganador-de-peso","9":"product_tag-proteina","10":"product_tag-proteina-d-ecarne","12":"first","13":"instock","14":"sale","15":"shipping-taxable","16":"purchasable","17":"product-type-simple"},"yoast_head":"<!-- This site is optimized with the Yoast SEO plugin v26.8 - https:\/\/yoast.com\/product\/yoast-seo-wordpress\/ -->\n<title>Athetica Carnitech Mass 3 kg (6.6 lb) - Team Mutan Ecuador<\/title>\n<meta name=\"description\" content=\"Atlhetica Carnitech Mass, es un producto que est\u00e1 hecho en base de carne aislada e hidrolizada de alta calidad y de buen sabor. Especial para esas personas intolerantes a la Lactosa.\" \/>\n<meta name=\"robots\" content=\"index, follow, max-snippet:-1, max-image-preview:large, max-video-preview:-1\" \/>\n<link rel=\"canonical\" href=\"https:\/\/teammutantecuador.com\/?product=athetica-carnitech-mass-3-kg-6-6-lb\" \/>\n<meta property=\"og:locale\" content=\"es_ES\" \/>\n<meta property=\"og:type\" content=\"article\" \/>\n<meta property=\"og:title\" content=\"Athetica Carnitech Mass 3 kg (6.6 lb) - Team Mutan Ecuador\" \/>\n<meta property=\"og:description\" content=\"Atlhetica Carnitech Mass, es un producto que est\u00e1 hecho en base de carne aislada e hidrolizada de alta calidad y de buen sabor. Especial para esas personas intolerantes a la Lactosa.\" \/>\n<meta property=\"og:url\" content=\"https:\/\/teammutantecuador.com\/?product=athetica-carnitech-mass-3-kg-6-6-lb\" \/>\n<meta property=\"og:site_name\" content=\"Team Mutan Ecuador\" \/>\n<meta property=\"article:modified_time\" content=\"2026-01-17T16:04:33+00:00\" \/>\n<meta name=\"twitter:card\" content=\"summary_large_image\" \/>\n<meta name=\"twitter:label1\" content=\"Tiempo de lectura\" \/>\n\t<meta name=\"twitter:data1\" content=\"1 minuto\" \/>\n<script type=\"application\/ld+json\" class=\"yoast-schema-graph\">{\"@context\":\"https:\/\/schema.org\",\"@graph\":[{\"@type\":\"WebPage\",\"@id\":\"https:\/\/teammutantecuador.com\/?product=athetica-carnitech-mass-3-kg-6-6-lb\",\"url\":\"https:\/\/teammutantecuador.com\/?product=athetica-carnitech-mass-3-kg-6-6-lb\",\"name\":\"Athetica Carnitech Mass 3 kg (6.6 lb) - Team Mutan Ecuador\",\"isPartOf\":{\"@id\":\"https:\/\/teammutantecuador.com\/#website\"},\"datePublished\":\"2026-01-17T16:04:30+00:00\",\"dateModified\":\"2026-01-17T16:04:33+00:00\",\"description\":\"Atlhetica Carnitech Mass, es un producto que est\u00e1 hecho en base de carne aislada e hidrolizada de alta calidad y de buen sabor. Especial para esas personas intolerantes a la Lactosa.\",\"breadcrumb\":{\"@id\":\"https:\/\/teammutantecuador.com\/?product=athetica-carnitech-mass-3-kg-6-6-lb#breadcrumb\"},\"inLanguage\":\"es\",\"potentialAction\":[{\"@type\":\"ReadAction\",\"target\":[\"https:\/\/teammutantecuador.com\/?product=athetica-carnitech-mass-3-kg-6-6-lb\"]}]},{\"@type\":\"BreadcrumbList\",\"@id\":\"https:\/\/teammutantecuador.com\/?product=athetica-carnitech-mass-3-kg-6-6-lb#breadcrumb\",\"itemListElement\":[{\"@type\":\"ListItem\",\"position\":1,\"name\":\"Portada\",\"item\":\"https:\/\/teammutantecuador.com\/\"},{\"@type\":\"ListItem\",\"position\":2,\"name\":\"Shop\",\"item\":\"https:\/\/teammutantecuador.com\/?page_id=6\"},{\"@type\":\"ListItem\",\"position\":3,\"name\":\"Athetica Carnitech Mass 3 kg (6.6 lb)\"}]},{\"@type\":\"WebSite\",\"@id\":\"https:\/\/teammutantecuador.com\/#website\",\"url\":\"https:\/\/teammutantecuador.com\/\",\"name\":\"Team Mutan Ecuador\",\"description\":\"Just another WordPress site\",\"publisher\":{\"@id\":\"https:\/\/teammutantecuador.com\/#organization\"},\"potentialAction\":[{\"@type\":\"SearchAction\",\"target\":{\"@type\":\"EntryPoint\",\"urlTemplate\":\"https:\/\/teammutantecuador.com\/?s={search_term_string}\"},\"query-input\":{\"@type\":\"PropertyValueSpecification\",\"valueRequired\":true,\"valueName\":\"search_term_string\"}}],\"inLanguage\":\"es\"},{\"@type\":\"Organization\",\"@id\":\"https:\/\/teammutantecuador.com\/#organization\",\"name\":\"Team Mutan Ecuador\",\"url\":\"https:\/\/teammutantecuador.com\/\",\"logo\":{\"@type\":\"ImageObject\",\"inLanguage\":\"es\",\"@id\":\"https:\/\/teammutantecuador.com\/#\/schema\/logo\/image\/\",\"url\":\"https:\/\/teammutantecuador.com\/wp-content\/uploads\/2026\/01\/Diseno-sin-titulo-97.png\",\"contentUrl\":\"https:\/\/teammutantecuador.com\/wp-content\/uploads\/2026\/01\/Diseno-sin-titulo-97.png\",\"width\":500,\"height\":300,\"caption\":\"Team Mutan Ecuador\"},\"image\":{\"@id\":\"https:\/\/teammutantecuador.com\/#\/schema\/logo\/image\/\"}}]}<\/script>\n<!-- \/ Yoast SEO plugin. -->","yoast_head_json":{"title":"Athetica Carnitech Mass 3 kg (6.6 lb) - Team Mutan Ecuador","description":"Atlhetica Carnitech Mass, es un producto que est\u00e1 hecho en base de carne aislada e hidrolizada de alta calidad y de buen sabor. Especial para esas personas intolerantes a la Lactosa.","robots":{"index":"index","follow":"follow","max-snippet":"max-snippet:-1","max-image-preview":"max-image-preview:large","max-video-preview":"max-video-preview:-1"},"canonical":"https:\/\/teammutantecuador.com\/?product=athetica-carnitech-mass-3-kg-6-6-lb","og_locale":"es_ES","og_type":"article","og_title":"Athetica Carnitech Mass 3 kg (6.6 lb) - Team Mutan Ecuador","og_description":"Atlhetica Carnitech Mass, es un producto que est\u00e1 hecho en base de carne aislada e hidrolizada de alta calidad y de buen sabor. Especial para esas personas intolerantes a la Lactosa.","og_url":"https:\/\/teammutantecuador.com\/?product=athetica-carnitech-mass-3-kg-6-6-lb","og_site_name":"Team Mutan Ecuador","article_modified_time":"2026-01-17T16:04:33+00:00","twitter_card":"summary_large_image","twitter_misc":{"Tiempo de lectura":"1 minuto"},"schema":{"@context":"https:\/\/schema.org","@graph":[{"@type":"WebPage","@id":"https:\/\/teammutantecuador.com\/?product=athetica-carnitech-mass-3-kg-6-6-lb","url":"https:\/\/teammutantecuador.com\/?product=athetica-carnitech-mass-3-kg-6-6-lb","name":"Athetica Carnitech Mass 3 kg (6.6 lb) - Team Mutan Ecuador","isPartOf":{"@id":"https:\/\/teammutantecuador.com\/#website"},"datePublished":"2026-01-17T16:04:30+00:00","dateModified":"2026-01-17T16:04:33+00:00","description":"Atlhetica Carnitech Mass, es un producto que est\u00e1 hecho en base de carne aislada e hidrolizada de alta calidad y de buen sabor. Especial para esas personas intolerantes a la Lactosa.","breadcrumb":{"@id":"https:\/\/teammutantecuador.com\/?product=athetica-carnitech-mass-3-kg-6-6-lb#breadcrumb"},"inLanguage":"es","potentialAction":[{"@type":"ReadAction","target":["https:\/\/teammutantecuador.com\/?product=athetica-carnitech-mass-3-kg-6-6-lb"]}]},{"@type":"BreadcrumbList","@id":"https:\/\/teammutantecuador.com\/?product=athetica-carnitech-mass-3-kg-6-6-lb#breadcrumb","itemListElement":[{"@type":"ListItem","position":1,"name":"Portada","item":"https:\/\/teammutantecuador.com\/"},{"@type":"ListItem","position":2,"name":"Shop","item":"https:\/\/teammutantecuador.com\/?page_id=6"},{"@type":"ListItem","position":3,"name":"Athetica Carnitech Mass 3 kg (6.6 lb)"}]},{"@type":"WebSite","@id":"https:\/\/teammutantecuador.com\/#website","url":"https:\/\/teammutantecuador.com\/","name":"Team Mutan Ecuador","description":"Just another WordPress site","publisher":{"@id":"https:\/\/teammutantecuador.com\/#organization"},"potentialAction":[{"@type":"SearchAction","target":{"@type":"EntryPoint","urlTemplate":"https:\/\/teammutantecuador.com\/?s={search_term_string}"},"query-input":{"@type":"PropertyValueSpecification","valueRequired":true,"valueName":"search_term_string"}}],"inLanguage":"es"},{"@type":"Organization","@id":"https:\/\/teammutantecuador.com\/#organization","name":"Team Mutan Ecuador","url":"https:\/\/teammutantecuador.com\/","logo":{"@type":"ImageObject","inLanguage":"es","@id":"https:\/\/teammutantecuador.com\/#\/schema\/logo\/image\/","url":"https:\/\/teammutantecuador.com\/wp-content\/uploads\/2026\/01\/Diseno-sin-titulo-97.png","contentUrl":"https:\/\/teammutantecuador.com\/wp-content\/uploads\/2026\/01\/Diseno-sin-titulo-97.png","width":500,"height":300,"caption":"Team Mutan Ecuador"},"image":{"@id":"https:\/\/teammutantecuador.com\/#\/schema\/logo\/image\/"}}]}},"_links":{"self":[{"href":"https:\/\/teammutantecuador.com\/index.php?rest_route=\/wp\/v2\/product\/1622","targetHints":{"allow":["GET"]}}],"collection":[{"href":"https:\/\/teammutantecuador.com\/index.php?rest_route=\/wp\/v2\/product"}],"about":[{"href":"https:\/\/teammutantecuador.com\/index.php?rest_route=\/wp\/v2\/types\/product"}],"replies":[{"embeddable":true,"href":"https:\/\/teammutantecuador.com\/index.php?rest_route=%2Fwp%2Fv2%2Fcomments&post=1622"}],"wp:attachment":[{"href":"https:\/\/teammutantecuador.com\/index.php?rest_route=%2Fwp%2Fv2%2Fmedia&parent=1622"}],"wp:term":[{"taxonomy":"product_brand","embeddable":true,"href":"https:\/\/teammutantecuador.com\/index.php?rest_route=%2Fwp%2Fv2%2Fproduct_brand&post=1622"},{"taxonomy":"product_cat","embeddable":true,"href":"https:\/\/teammutantecuador.com\/index.php?rest_route=%2Fwp%2Fv2%2Fproduct_cat&post=1622"},{"taxonomy":"product_tag","embeddable":true,"href":"https:\/\/teammutantecuador.com\/index.php?rest_route=%2Fwp%2Fv2%2Fproduct_tag&post=1622"}],"curies":[{"name":"wp","href":"https:\/\/api.w.org\/{rel}","templated":true}]}}