{"id":1621,"date":"2026-01-17T16:04:30","date_gmt":"2026-01-17T16:04:30","guid":{"rendered":"https:\/\/teammutantecuador.com\/?post_type=product&#038;p=1621"},"modified":"2026-01-17T16:04:33","modified_gmt":"2026-01-17T16:04:33","slug":"atlhetica-best-vegan-1-lb","status":"publish","type":"product","link":"https:\/\/teammutantecuador.com\/?product=atlhetica-best-vegan-1-lb","title":{"rendered":"Atlhetica Best Vegan (1 lb)"},"content":{"rendered":"<p><strong>\u00bfQue es Atlhetica Best Vegan 1Lbs?<\/strong><br \/>\nProte\u00edna de guisante aislada, prote\u00edna de arroz concentrada, prote\u00edna de semilla de calabaza concentrada, prote\u00edna de ch\u00eda, pulpa de manzana en polvo, leche de coco en polvo, polvo de quinua y polvo de amaranto.<\/p>\n<p><strong>\u00bfPara que sirve Atlhetica Best Vegan 1Lbs?<\/strong><br \/>\nA diferencia de las versiones derivadas de animales, los alimentos de origen vegetal no son fuentes completas de prote\u00edna, lo que significa que no contienen todos los amino\u00e1cidos esenciales que tu cuerpo necesita.Es por esto que Atlhetica Best Vegan 1Lbs aporta todos los nutrientes\u00a0que tu cuerpo y requerimiento necesitan.<\/p>\n<p><strong>\u00bfComo se destaca Atlhetica Best Vegan 1Lbs?<\/strong><br \/>\nAtlhetica Best Vegan 1Lbs Se destaca por<br \/>\n-Ser Prote\u00edna\u00a0vegetal apta para veganos<br \/>\n-Exquisito sabores<br \/>\n-Especial para equilibrar tu dieta<br \/>\n&#8211; Aporte de vitamina B12 Para tu organismo<\/p>\n<p><strong>\u00bfComo consumir Atlhetica Best Vegan 1Lbs?<\/strong><br \/>\nExisten Muchas Maneras de consumir o preparar best vegan.<br \/>\nPuedes consumir 1 a 2 scoop de\u00a0Atlhetica Best Vegan 1Lbs al dia, sujeto a tu requerimiento.<br \/>\nmezclar 1 scoop con 200ml de agua y agitar el\u00a0shaker unos 30 segundos.<br \/>\n-Recomendaci\u00f3n: Asesorate siempre de un profesional m\u00e9dico o nutricionista para un consumo apropiado.<\/p>\n<p><strong>\u00bfEn que formato se encuentra Atlhetica Best Vegan 1Lbs?<\/strong><br \/>\nAtlhetica Best Vegan 1Lbs se puede encontrar en el formato de 1lbs o 500gr.<\/p>\n<p><strong>\u00bfCon que otro producto puedo combinar Atlhetica Best Vegan 1Lbs?<\/strong><br \/>\nAtlhetica Best Vegan 1Lbs puedes combinarla perfectamente con todos los complementos que nos presenta esta\u00a0<strong>marca<\/strong>\u00a0o ayuda aumentar tus niveles con\u00a0<strong>vitaminas<\/strong><\/p>\n","protected":false},"excerpt":{"rendered":"<p>Prote\u00edna de guisante aislada, prote\u00edna de arroz concentrada, prote\u00edna de semilla de calabaza concentrada, prote\u00edna de ch\u00eda, pulpa de manzana en polvo, leche de coco en polvo, polvo de quinua y polvo de amaranto.<\/p>\n","protected":false},"featured_media":0,"comment_status":"open","ping_status":"closed","template":"","meta":[],"product_brand":[],"product_cat":[437],"product_tag":[166,239,59,168],"class_list":{"0":"post-1621","1":"product","2":"type-product","3":"status-publish","5":"product_cat-proteina-vegana","6":"product_tag-atlhetica","7":"product_tag-best-vegan","8":"product_tag-proteina","9":"product_tag-proteina-vegana","11":"first","12":"instock","13":"sale","14":"shipping-taxable","15":"purchasable","16":"product-type-simple"},"yoast_head":"<!-- This site is optimized with the Yoast SEO plugin v26.8 - https:\/\/yoast.com\/product\/yoast-seo-wordpress\/ -->\n<title>Atlhetica Best Vegan (1 lb) - Team Mutan Ecuador<\/title>\n<meta name=\"description\" content=\"Prote\u00edna de guisante aislada, prote\u00edna de arroz concentrada, prote\u00edna de semilla de calabaza concentrada, prote\u00edna de ch\u00eda, pulpa de manzana en polvo, leche de coco en polvo, polvo de quinua y polvo de amaranto.\" \/>\n<meta name=\"robots\" content=\"index, follow, max-snippet:-1, max-image-preview:large, max-video-preview:-1\" \/>\n<link rel=\"canonical\" href=\"https:\/\/teammutantecuador.com\/?product=atlhetica-best-vegan-1-lb\" \/>\n<meta property=\"og:locale\" content=\"es_ES\" \/>\n<meta property=\"og:type\" content=\"article\" \/>\n<meta property=\"og:title\" content=\"Atlhetica Best Vegan (1 lb) - Team Mutan Ecuador\" \/>\n<meta property=\"og:description\" content=\"Prote\u00edna de guisante aislada, prote\u00edna de arroz concentrada, prote\u00edna de semilla de calabaza concentrada, prote\u00edna de ch\u00eda, pulpa de manzana en polvo, leche de coco en polvo, polvo de quinua y polvo de amaranto.\" \/>\n<meta property=\"og:url\" content=\"https:\/\/teammutantecuador.com\/?product=atlhetica-best-vegan-1-lb\" \/>\n<meta property=\"og:site_name\" content=\"Team Mutan Ecuador\" \/>\n<meta property=\"article:modified_time\" content=\"2026-01-17T16:04:33+00:00\" \/>\n<meta name=\"twitter:card\" content=\"summary_large_image\" \/>\n<meta name=\"twitter:label1\" content=\"Tiempo de lectura\" \/>\n\t<meta name=\"twitter:data1\" content=\"2 minutos\" \/>\n<script type=\"application\/ld+json\" class=\"yoast-schema-graph\">{\"@context\":\"https:\/\/schema.org\",\"@graph\":[{\"@type\":\"WebPage\",\"@id\":\"https:\/\/teammutantecuador.com\/?product=atlhetica-best-vegan-1-lb\",\"url\":\"https:\/\/teammutantecuador.com\/?product=atlhetica-best-vegan-1-lb\",\"name\":\"Atlhetica Best Vegan (1 lb) - Team Mutan Ecuador\",\"isPartOf\":{\"@id\":\"https:\/\/teammutantecuador.com\/#website\"},\"datePublished\":\"2026-01-17T16:04:30+00:00\",\"dateModified\":\"2026-01-17T16:04:33+00:00\",\"description\":\"Prote\u00edna de guisante aislada, prote\u00edna de arroz concentrada, prote\u00edna de semilla de calabaza concentrada, prote\u00edna de ch\u00eda, pulpa de manzana en polvo, leche de coco en polvo, polvo de quinua y polvo de amaranto.\",\"breadcrumb\":{\"@id\":\"https:\/\/teammutantecuador.com\/?product=atlhetica-best-vegan-1-lb#breadcrumb\"},\"inLanguage\":\"es\",\"potentialAction\":[{\"@type\":\"ReadAction\",\"target\":[\"https:\/\/teammutantecuador.com\/?product=atlhetica-best-vegan-1-lb\"]}]},{\"@type\":\"BreadcrumbList\",\"@id\":\"https:\/\/teammutantecuador.com\/?product=atlhetica-best-vegan-1-lb#breadcrumb\",\"itemListElement\":[{\"@type\":\"ListItem\",\"position\":1,\"name\":\"Portada\",\"item\":\"https:\/\/teammutantecuador.com\/\"},{\"@type\":\"ListItem\",\"position\":2,\"name\":\"Shop\",\"item\":\"https:\/\/teammutantecuador.com\/?page_id=6\"},{\"@type\":\"ListItem\",\"position\":3,\"name\":\"Atlhetica Best Vegan (1 lb)\"}]},{\"@type\":\"WebSite\",\"@id\":\"https:\/\/teammutantecuador.com\/#website\",\"url\":\"https:\/\/teammutantecuador.com\/\",\"name\":\"Team Mutan Ecuador\",\"description\":\"Just another WordPress site\",\"publisher\":{\"@id\":\"https:\/\/teammutantecuador.com\/#organization\"},\"potentialAction\":[{\"@type\":\"SearchAction\",\"target\":{\"@type\":\"EntryPoint\",\"urlTemplate\":\"https:\/\/teammutantecuador.com\/?s={search_term_string}\"},\"query-input\":{\"@type\":\"PropertyValueSpecification\",\"valueRequired\":true,\"valueName\":\"search_term_string\"}}],\"inLanguage\":\"es\"},{\"@type\":\"Organization\",\"@id\":\"https:\/\/teammutantecuador.com\/#organization\",\"name\":\"Team Mutan Ecuador\",\"url\":\"https:\/\/teammutantecuador.com\/\",\"logo\":{\"@type\":\"ImageObject\",\"inLanguage\":\"es\",\"@id\":\"https:\/\/teammutantecuador.com\/#\/schema\/logo\/image\/\",\"url\":\"https:\/\/teammutantecuador.com\/wp-content\/uploads\/2026\/01\/Diseno-sin-titulo-97.png\",\"contentUrl\":\"https:\/\/teammutantecuador.com\/wp-content\/uploads\/2026\/01\/Diseno-sin-titulo-97.png\",\"width\":500,\"height\":300,\"caption\":\"Team Mutan Ecuador\"},\"image\":{\"@id\":\"https:\/\/teammutantecuador.com\/#\/schema\/logo\/image\/\"}}]}<\/script>\n<!-- \/ Yoast SEO plugin. -->","yoast_head_json":{"title":"Atlhetica Best Vegan (1 lb) - Team Mutan Ecuador","description":"Prote\u00edna de guisante aislada, prote\u00edna de arroz concentrada, prote\u00edna de semilla de calabaza concentrada, prote\u00edna de ch\u00eda, pulpa de manzana en polvo, leche de coco en polvo, polvo de quinua y polvo de amaranto.","robots":{"index":"index","follow":"follow","max-snippet":"max-snippet:-1","max-image-preview":"max-image-preview:large","max-video-preview":"max-video-preview:-1"},"canonical":"https:\/\/teammutantecuador.com\/?product=atlhetica-best-vegan-1-lb","og_locale":"es_ES","og_type":"article","og_title":"Atlhetica Best Vegan (1 lb) - Team Mutan Ecuador","og_description":"Prote\u00edna de guisante aislada, prote\u00edna de arroz concentrada, prote\u00edna de semilla de calabaza concentrada, prote\u00edna de ch\u00eda, pulpa de manzana en polvo, leche de coco en polvo, polvo de quinua y polvo de amaranto.","og_url":"https:\/\/teammutantecuador.com\/?product=atlhetica-best-vegan-1-lb","og_site_name":"Team Mutan Ecuador","article_modified_time":"2026-01-17T16:04:33+00:00","twitter_card":"summary_large_image","twitter_misc":{"Tiempo de lectura":"2 minutos"},"schema":{"@context":"https:\/\/schema.org","@graph":[{"@type":"WebPage","@id":"https:\/\/teammutantecuador.com\/?product=atlhetica-best-vegan-1-lb","url":"https:\/\/teammutantecuador.com\/?product=atlhetica-best-vegan-1-lb","name":"Atlhetica Best Vegan (1 lb) - Team Mutan Ecuador","isPartOf":{"@id":"https:\/\/teammutantecuador.com\/#website"},"datePublished":"2026-01-17T16:04:30+00:00","dateModified":"2026-01-17T16:04:33+00:00","description":"Prote\u00edna de guisante aislada, prote\u00edna de arroz concentrada, prote\u00edna de semilla de calabaza concentrada, prote\u00edna de ch\u00eda, pulpa de manzana en polvo, leche de coco en polvo, polvo de quinua y polvo de amaranto.","breadcrumb":{"@id":"https:\/\/teammutantecuador.com\/?product=atlhetica-best-vegan-1-lb#breadcrumb"},"inLanguage":"es","potentialAction":[{"@type":"ReadAction","target":["https:\/\/teammutantecuador.com\/?product=atlhetica-best-vegan-1-lb"]}]},{"@type":"BreadcrumbList","@id":"https:\/\/teammutantecuador.com\/?product=atlhetica-best-vegan-1-lb#breadcrumb","itemListElement":[{"@type":"ListItem","position":1,"name":"Portada","item":"https:\/\/teammutantecuador.com\/"},{"@type":"ListItem","position":2,"name":"Shop","item":"https:\/\/teammutantecuador.com\/?page_id=6"},{"@type":"ListItem","position":3,"name":"Atlhetica Best Vegan (1 lb)"}]},{"@type":"WebSite","@id":"https:\/\/teammutantecuador.com\/#website","url":"https:\/\/teammutantecuador.com\/","name":"Team Mutan Ecuador","description":"Just another WordPress site","publisher":{"@id":"https:\/\/teammutantecuador.com\/#organization"},"potentialAction":[{"@type":"SearchAction","target":{"@type":"EntryPoint","urlTemplate":"https:\/\/teammutantecuador.com\/?s={search_term_string}"},"query-input":{"@type":"PropertyValueSpecification","valueRequired":true,"valueName":"search_term_string"}}],"inLanguage":"es"},{"@type":"Organization","@id":"https:\/\/teammutantecuador.com\/#organization","name":"Team Mutan Ecuador","url":"https:\/\/teammutantecuador.com\/","logo":{"@type":"ImageObject","inLanguage":"es","@id":"https:\/\/teammutantecuador.com\/#\/schema\/logo\/image\/","url":"https:\/\/teammutantecuador.com\/wp-content\/uploads\/2026\/01\/Diseno-sin-titulo-97.png","contentUrl":"https:\/\/teammutantecuador.com\/wp-content\/uploads\/2026\/01\/Diseno-sin-titulo-97.png","width":500,"height":300,"caption":"Team Mutan Ecuador"},"image":{"@id":"https:\/\/teammutantecuador.com\/#\/schema\/logo\/image\/"}}]}},"_links":{"self":[{"href":"https:\/\/teammutantecuador.com\/index.php?rest_route=\/wp\/v2\/product\/1621","targetHints":{"allow":["GET"]}}],"collection":[{"href":"https:\/\/teammutantecuador.com\/index.php?rest_route=\/wp\/v2\/product"}],"about":[{"href":"https:\/\/teammutantecuador.com\/index.php?rest_route=\/wp\/v2\/types\/product"}],"replies":[{"embeddable":true,"href":"https:\/\/teammutantecuador.com\/index.php?rest_route=%2Fwp%2Fv2%2Fcomments&post=1621"}],"wp:attachment":[{"href":"https:\/\/teammutantecuador.com\/index.php?rest_route=%2Fwp%2Fv2%2Fmedia&parent=1621"}],"wp:term":[{"taxonomy":"product_brand","embeddable":true,"href":"https:\/\/teammutantecuador.com\/index.php?rest_route=%2Fwp%2Fv2%2Fproduct_brand&post=1621"},{"taxonomy":"product_cat","embeddable":true,"href":"https:\/\/teammutantecuador.com\/index.php?rest_route=%2Fwp%2Fv2%2Fproduct_cat&post=1621"},{"taxonomy":"product_tag","embeddable":true,"href":"https:\/\/teammutantecuador.com\/index.php?rest_route=%2Fwp%2Fv2%2Fproduct_tag&post=1621"}],"curies":[{"name":"wp","href":"https:\/\/api.w.org\/{rel}","templated":true}]}}