{"id":1620,"date":"2026-01-17T16:04:30","date_gmt":"2026-01-17T16:04:30","guid":{"rendered":"https:\/\/teammutantecuador.com\/?post_type=product&#038;p=1620"},"modified":"2026-01-17T16:04:33","modified_gmt":"2026-01-17T16:04:33","slug":"atlhetica-100-whey-flavour-2-lb","status":"publish","type":"product","link":"https:\/\/teammutantecuador.com\/?product=atlhetica-100-whey-flavour-2-lb","title":{"rendered":"Atlhetica  100% Whey Flavour (2 lb)"},"content":{"rendered":"<p><strong>\u00bfQu\u00e9 es Atlhetica Whey Flavour 2lb?<\/strong><br \/>\nAtlhetica Prote\u00edna 100% Whey flavour. Es otro miembro de la l\u00ednea 100% Flavor, el nuevo 100% Whey Flavor tiene toda la excelencia de la prote\u00edna de suero, asegurando la hipertrofia deseada y todos los beneficios nutricionales con encantadores sabores de Chocolate, Fresa y Vainilla. \u00a1Es mucho m\u00e1s sabor en tu rutina, ya sea en actividades f\u00edsicas o en la suplementaci\u00f3n alimentaria!<\/p>\n<p><strong>\u00bfPara qu\u00e9 sirve Atlhetica Whey Flavour 2lb?<\/strong><br \/>\nAtlhetica Prote\u00edna 100% Whey flavour Tiene toda la excelencia de la prote\u00edna de suero, garantizando la hipertrofia deseada y todos los beneficios nutricionales con encantadores sabores.<\/p>\n<p><strong>\u00bfC\u00f3mo se destaca Atlhetica Whey Flavour 2lb?<br \/>\n<\/strong>Atlhetica Prote\u00edna 100% Whey flavour se destaca por<br \/>\nAyuda a ganar masa muscular<br \/>\nReduce la fatiga muscular<\/p>\n<p>Ayudan en la recuperaci\u00f3n de la fibra muscular<\/p>\n<p><strong>\u00bfC\u00f3mo consumir Atlhetica Whey Flavour 2lb?<\/strong><br \/>\nAtlhetica Prote\u00edna 100% Whey flavour, porci\u00f3n de 33 g, una vez al d\u00eda.<\/p>\n<p>Recomendaci\u00f3n: Ases\u00f3rate siempre de un profesional m\u00e9dico o nutricionista para un consumo apropiado<\/p>\n<p><strong>\u00bfEn qu\u00e9 formato se encuentra Atlhetica Prote\u00edna 100% Whey flavour?<\/strong><br \/>\nAtlhetica Prote\u00edna 100% Whey flavour se encuentra en el formato polvo y contiene 2 libras.<\/p>\n<p><strong>\u00bfCon qu\u00e9 otro producto puedo combinar Atlhetica Prote\u00edna 100% Whey flavour?<\/strong><br \/>\nAtlhetica Prote\u00edna 100% Whey flavour puedes combinarlo con cualquier producto que necesites para tus requerimientos, como la l\u00ednea completa de Atlhetica Nutrition.<\/p>\n","protected":false},"excerpt":{"rendered":"<p>Atlhetica Prote\u00edna 100% Whey flavour. Es otro miembro de la l\u00ednea 100% Flavor, el nuevo 100% Whey Flavor tiene toda la excelencia de la prote\u00edna de suero, asegurando la hipertrofia deseada y todos los beneficios nutricionales con encantadores sabores de Chocolate, Fresa y Vainilla<\/p>\n","protected":false},"featured_media":0,"comment_status":"open","ping_status":"closed","template":"","meta":[],"product_brand":[],"product_cat":[357],"product_tag":[166,59,235],"class_list":{"0":"post-1620","1":"product","2":"type-product","3":"status-publish","5":"product_cat-proteinas-2","6":"product_tag-atlhetica","7":"product_tag-proteina","8":"product_tag-suplementos","10":"first","11":"instock","12":"sale","13":"shipping-taxable","14":"purchasable","15":"product-type-simple"},"yoast_head":"<!-- This site is optimized with the Yoast SEO plugin v26.8 - https:\/\/yoast.com\/product\/yoast-seo-wordpress\/ -->\n<title>Atlhetica 100% Whey Flavour (2 lb) - Team Mutan Ecuador<\/title>\n<meta name=\"description\" content=\"Atlhetica Prote\u00edna 100% Whey flavour. Es otro miembro de la l\u00ednea 100% Flavor, el nuevo 100% Whey Flavor tiene toda la excelencia de la prote\u00edna de suero, asegurando la hipertrofia deseada y todos los beneficios nutricionales con encantadores sabores de Chocolate, Fresa y Vainilla\" \/>\n<meta name=\"robots\" content=\"index, follow, max-snippet:-1, max-image-preview:large, max-video-preview:-1\" \/>\n<link rel=\"canonical\" href=\"https:\/\/teammutantecuador.com\/?product=atlhetica-100-whey-flavour-2-lb\" \/>\n<meta property=\"og:locale\" content=\"es_ES\" \/>\n<meta property=\"og:type\" content=\"article\" \/>\n<meta property=\"og:title\" content=\"Atlhetica 100% Whey Flavour (2 lb) - Team Mutan Ecuador\" \/>\n<meta property=\"og:description\" content=\"Atlhetica Prote\u00edna 100% Whey flavour. Es otro miembro de la l\u00ednea 100% Flavor, el nuevo 100% Whey Flavor tiene toda la excelencia de la prote\u00edna de suero, asegurando la hipertrofia deseada y todos los beneficios nutricionales con encantadores sabores de Chocolate, Fresa y Vainilla\" \/>\n<meta property=\"og:url\" content=\"https:\/\/teammutantecuador.com\/?product=atlhetica-100-whey-flavour-2-lb\" \/>\n<meta property=\"og:site_name\" content=\"Team Mutan Ecuador\" \/>\n<meta property=\"article:modified_time\" content=\"2026-01-17T16:04:33+00:00\" \/>\n<meta name=\"twitter:card\" content=\"summary_large_image\" \/>\n<meta name=\"twitter:label1\" content=\"Tiempo de lectura\" \/>\n\t<meta name=\"twitter:data1\" content=\"1 minuto\" \/>\n<script type=\"application\/ld+json\" class=\"yoast-schema-graph\">{\"@context\":\"https:\/\/schema.org\",\"@graph\":[{\"@type\":\"WebPage\",\"@id\":\"https:\/\/teammutantecuador.com\/?product=atlhetica-100-whey-flavour-2-lb\",\"url\":\"https:\/\/teammutantecuador.com\/?product=atlhetica-100-whey-flavour-2-lb\",\"name\":\"Atlhetica 100% Whey Flavour (2 lb) - Team Mutan Ecuador\",\"isPartOf\":{\"@id\":\"https:\/\/teammutantecuador.com\/#website\"},\"datePublished\":\"2026-01-17T16:04:30+00:00\",\"dateModified\":\"2026-01-17T16:04:33+00:00\",\"description\":\"Atlhetica Prote\u00edna 100% Whey flavour. Es otro miembro de la l\u00ednea 100% Flavor, el nuevo 100% Whey Flavor tiene toda la excelencia de la prote\u00edna de suero, asegurando la hipertrofia deseada y todos los beneficios nutricionales con encantadores sabores de Chocolate, Fresa y Vainilla\",\"breadcrumb\":{\"@id\":\"https:\/\/teammutantecuador.com\/?product=atlhetica-100-whey-flavour-2-lb#breadcrumb\"},\"inLanguage\":\"es\",\"potentialAction\":[{\"@type\":\"ReadAction\",\"target\":[\"https:\/\/teammutantecuador.com\/?product=atlhetica-100-whey-flavour-2-lb\"]}]},{\"@type\":\"BreadcrumbList\",\"@id\":\"https:\/\/teammutantecuador.com\/?product=atlhetica-100-whey-flavour-2-lb#breadcrumb\",\"itemListElement\":[{\"@type\":\"ListItem\",\"position\":1,\"name\":\"Portada\",\"item\":\"https:\/\/teammutantecuador.com\/\"},{\"@type\":\"ListItem\",\"position\":2,\"name\":\"Shop\",\"item\":\"https:\/\/teammutantecuador.com\/?page_id=6\"},{\"@type\":\"ListItem\",\"position\":3,\"name\":\"Atlhetica 100% Whey Flavour (2 lb)\"}]},{\"@type\":\"WebSite\",\"@id\":\"https:\/\/teammutantecuador.com\/#website\",\"url\":\"https:\/\/teammutantecuador.com\/\",\"name\":\"Team Mutan Ecuador\",\"description\":\"Just another WordPress site\",\"publisher\":{\"@id\":\"https:\/\/teammutantecuador.com\/#organization\"},\"potentialAction\":[{\"@type\":\"SearchAction\",\"target\":{\"@type\":\"EntryPoint\",\"urlTemplate\":\"https:\/\/teammutantecuador.com\/?s={search_term_string}\"},\"query-input\":{\"@type\":\"PropertyValueSpecification\",\"valueRequired\":true,\"valueName\":\"search_term_string\"}}],\"inLanguage\":\"es\"},{\"@type\":\"Organization\",\"@id\":\"https:\/\/teammutantecuador.com\/#organization\",\"name\":\"Team Mutan Ecuador\",\"url\":\"https:\/\/teammutantecuador.com\/\",\"logo\":{\"@type\":\"ImageObject\",\"inLanguage\":\"es\",\"@id\":\"https:\/\/teammutantecuador.com\/#\/schema\/logo\/image\/\",\"url\":\"https:\/\/teammutantecuador.com\/wp-content\/uploads\/2026\/01\/Diseno-sin-titulo-97.png\",\"contentUrl\":\"https:\/\/teammutantecuador.com\/wp-content\/uploads\/2026\/01\/Diseno-sin-titulo-97.png\",\"width\":500,\"height\":300,\"caption\":\"Team Mutan Ecuador\"},\"image\":{\"@id\":\"https:\/\/teammutantecuador.com\/#\/schema\/logo\/image\/\"}}]}<\/script>\n<!-- \/ Yoast SEO plugin. -->","yoast_head_json":{"title":"Atlhetica 100% Whey Flavour (2 lb) - Team Mutan Ecuador","description":"Atlhetica Prote\u00edna 100% Whey flavour. Es otro miembro de la l\u00ednea 100% Flavor, el nuevo 100% Whey Flavor tiene toda la excelencia de la prote\u00edna de suero, asegurando la hipertrofia deseada y todos los beneficios nutricionales con encantadores sabores de Chocolate, Fresa y Vainilla","robots":{"index":"index","follow":"follow","max-snippet":"max-snippet:-1","max-image-preview":"max-image-preview:large","max-video-preview":"max-video-preview:-1"},"canonical":"https:\/\/teammutantecuador.com\/?product=atlhetica-100-whey-flavour-2-lb","og_locale":"es_ES","og_type":"article","og_title":"Atlhetica 100% Whey Flavour (2 lb) - Team Mutan Ecuador","og_description":"Atlhetica Prote\u00edna 100% Whey flavour. Es otro miembro de la l\u00ednea 100% Flavor, el nuevo 100% Whey Flavor tiene toda la excelencia de la prote\u00edna de suero, asegurando la hipertrofia deseada y todos los beneficios nutricionales con encantadores sabores de Chocolate, Fresa y Vainilla","og_url":"https:\/\/teammutantecuador.com\/?product=atlhetica-100-whey-flavour-2-lb","og_site_name":"Team Mutan Ecuador","article_modified_time":"2026-01-17T16:04:33+00:00","twitter_card":"summary_large_image","twitter_misc":{"Tiempo de lectura":"1 minuto"},"schema":{"@context":"https:\/\/schema.org","@graph":[{"@type":"WebPage","@id":"https:\/\/teammutantecuador.com\/?product=atlhetica-100-whey-flavour-2-lb","url":"https:\/\/teammutantecuador.com\/?product=atlhetica-100-whey-flavour-2-lb","name":"Atlhetica 100% Whey Flavour (2 lb) - Team Mutan Ecuador","isPartOf":{"@id":"https:\/\/teammutantecuador.com\/#website"},"datePublished":"2026-01-17T16:04:30+00:00","dateModified":"2026-01-17T16:04:33+00:00","description":"Atlhetica Prote\u00edna 100% Whey flavour. Es otro miembro de la l\u00ednea 100% Flavor, el nuevo 100% Whey Flavor tiene toda la excelencia de la prote\u00edna de suero, asegurando la hipertrofia deseada y todos los beneficios nutricionales con encantadores sabores de Chocolate, Fresa y Vainilla","breadcrumb":{"@id":"https:\/\/teammutantecuador.com\/?product=atlhetica-100-whey-flavour-2-lb#breadcrumb"},"inLanguage":"es","potentialAction":[{"@type":"ReadAction","target":["https:\/\/teammutantecuador.com\/?product=atlhetica-100-whey-flavour-2-lb"]}]},{"@type":"BreadcrumbList","@id":"https:\/\/teammutantecuador.com\/?product=atlhetica-100-whey-flavour-2-lb#breadcrumb","itemListElement":[{"@type":"ListItem","position":1,"name":"Portada","item":"https:\/\/teammutantecuador.com\/"},{"@type":"ListItem","position":2,"name":"Shop","item":"https:\/\/teammutantecuador.com\/?page_id=6"},{"@type":"ListItem","position":3,"name":"Atlhetica 100% Whey Flavour (2 lb)"}]},{"@type":"WebSite","@id":"https:\/\/teammutantecuador.com\/#website","url":"https:\/\/teammutantecuador.com\/","name":"Team Mutan Ecuador","description":"Just another WordPress site","publisher":{"@id":"https:\/\/teammutantecuador.com\/#organization"},"potentialAction":[{"@type":"SearchAction","target":{"@type":"EntryPoint","urlTemplate":"https:\/\/teammutantecuador.com\/?s={search_term_string}"},"query-input":{"@type":"PropertyValueSpecification","valueRequired":true,"valueName":"search_term_string"}}],"inLanguage":"es"},{"@type":"Organization","@id":"https:\/\/teammutantecuador.com\/#organization","name":"Team Mutan Ecuador","url":"https:\/\/teammutantecuador.com\/","logo":{"@type":"ImageObject","inLanguage":"es","@id":"https:\/\/teammutantecuador.com\/#\/schema\/logo\/image\/","url":"https:\/\/teammutantecuador.com\/wp-content\/uploads\/2026\/01\/Diseno-sin-titulo-97.png","contentUrl":"https:\/\/teammutantecuador.com\/wp-content\/uploads\/2026\/01\/Diseno-sin-titulo-97.png","width":500,"height":300,"caption":"Team Mutan Ecuador"},"image":{"@id":"https:\/\/teammutantecuador.com\/#\/schema\/logo\/image\/"}}]}},"_links":{"self":[{"href":"https:\/\/teammutantecuador.com\/index.php?rest_route=\/wp\/v2\/product\/1620","targetHints":{"allow":["GET"]}}],"collection":[{"href":"https:\/\/teammutantecuador.com\/index.php?rest_route=\/wp\/v2\/product"}],"about":[{"href":"https:\/\/teammutantecuador.com\/index.php?rest_route=\/wp\/v2\/types\/product"}],"replies":[{"embeddable":true,"href":"https:\/\/teammutantecuador.com\/index.php?rest_route=%2Fwp%2Fv2%2Fcomments&post=1620"}],"wp:attachment":[{"href":"https:\/\/teammutantecuador.com\/index.php?rest_route=%2Fwp%2Fv2%2Fmedia&parent=1620"}],"wp:term":[{"taxonomy":"product_brand","embeddable":true,"href":"https:\/\/teammutantecuador.com\/index.php?rest_route=%2Fwp%2Fv2%2Fproduct_brand&post=1620"},{"taxonomy":"product_cat","embeddable":true,"href":"https:\/\/teammutantecuador.com\/index.php?rest_route=%2Fwp%2Fv2%2Fproduct_cat&post=1620"},{"taxonomy":"product_tag","embeddable":true,"href":"https:\/\/teammutantecuador.com\/index.php?rest_route=%2Fwp%2Fv2%2Fproduct_tag&post=1620"}],"curies":[{"name":"wp","href":"https:\/\/api.w.org\/{rel}","templated":true}]}}