{"id":1617,"date":"2026-01-17T16:04:30","date_gmt":"2026-01-17T16:04:30","guid":{"rendered":"https:\/\/teammutantecuador.com\/?post_type=product&#038;p=1617"},"modified":"2026-01-17T16:04:32","modified_gmt":"2026-01-17T16:04:32","slug":"atlhetica-hiper-mass-3-kg-con-creatina","status":"publish","type":"product","link":"https:\/\/teammutantecuador.com\/?product=atlhetica-hiper-mass-3-kg-con-creatina","title":{"rendered":"Atlhetica hiper mass 3 kg con creatina"},"content":{"rendered":"<p>Hiper Mass Gainer es un Suplemento Energ\u00e9tico para Deportistas, compuesto por Hidratos de Carbono, Vitaminas y Minerales adem\u00e1s de la F\u00f3rmula Hyper Proteins, una mezcla de Prote\u00ednas de alto Valor Biol\u00f3gico. Ideal para un aumento de peso saludable, aumentando la masa muscular.<br \/>\nEste producto, adem\u00e1s de carbohidratos de excelente calidad, tiene prote\u00ednas de suero concentradas, aisladas e hidrolizadas y carne aislada e hidrolizada. Es la combinaci\u00f3n perfecta para ganar masa muscular.<br \/>\nEst\u00e1 dirigido a deportistas con alto consumo energ\u00e9tico que tienden a adelgazar con facilidad.<br \/>\nLa maltodextrina es un C arboidrato que restaura gradualmente la absorci\u00f3n del gluc\u00f3geno muscular y hep\u00e1tico. Se considera una bebida energ\u00e9tica que optimiza la recuperaci\u00f3n post-entrenamiento y act\u00faa como antihipoglucemiante, evitando la p\u00e9rdida de rendimiento por \u00edndices gluc\u00e9micos fluctuantes, lo que mantiene la reserva energ\u00e9tica y retrasa la fatiga temprana.<br \/>\nLa prote\u00edna de suero de 3W es esencial para la formaci\u00f3n, ya que ayuda en recura\u00e7\u00e3o muscular y aumento de la masa muscular.<\/p>\n<p>* Antes de su consumo, le sugerimos que lea atentamente el embalaje. Toda la informaci\u00f3n del producto es solo para fines educativos y no pretende reemplazar diagn\u00f3sticos, recetas ni orientaci\u00f3n profesional. Imagen meramente ilustrativa.<\/p>\n","protected":false},"excerpt":{"rendered":"<p>Hiper Mass Gainer es un Suplemento Energ\u00e9tico para Deportistas, compuesto por Hidratos de Carbono, Vitaminas y Minerales adem\u00e1s de la F\u00f3rmula Hyper Proteins, una mezcla de Prote\u00ednas de alto Valor Biol\u00f3gico. Ideal para un aumento de peso saludable, aumentando la masa muscular.<\/p>\n","protected":false},"featured_media":0,"comment_status":"open","ping_status":"closed","template":"","meta":[],"product_brand":[],"product_cat":[354],"product_tag":[166,61,235],"class_list":{"0":"post-1617","1":"product","2":"type-product","3":"status-publish","5":"product_cat-ganadores-de-peso","6":"product_tag-atlhetica","7":"product_tag-ganador-de-peso","8":"product_tag-suplementos","10":"first","11":"instock","12":"sale","13":"shipping-taxable","14":"purchasable","15":"product-type-simple"},"yoast_head":"<!-- This site is optimized with the Yoast SEO plugin v26.8 - https:\/\/yoast.com\/product\/yoast-seo-wordpress\/ -->\n<title>Atlhetica hiper mass 3 kg con creatina - Team Mutan Ecuador<\/title>\n<meta name=\"description\" content=\"Hiper Mass Gainer es un Suplemento Energ\u00e9tico para Deportistas, compuesto por Hidratos de Carbono, Vitaminas y Minerales adem\u00e1s de la F\u00f3rmula Hyper Proteins, una mezcla de Prote\u00ednas de alto Valor Biol\u00f3gico. Ideal para un aumento de peso saludable, aumentando la masa muscular.\" \/>\n<meta name=\"robots\" content=\"index, follow, max-snippet:-1, max-image-preview:large, max-video-preview:-1\" \/>\n<link rel=\"canonical\" href=\"https:\/\/teammutantecuador.com\/?product=atlhetica-hiper-mass-3-kg-con-creatina\" \/>\n<meta property=\"og:locale\" content=\"es_ES\" \/>\n<meta property=\"og:type\" content=\"article\" \/>\n<meta property=\"og:title\" content=\"Atlhetica hiper mass 3 kg con creatina - Team Mutan Ecuador\" \/>\n<meta property=\"og:description\" content=\"Hiper Mass Gainer es un Suplemento Energ\u00e9tico para Deportistas, compuesto por Hidratos de Carbono, Vitaminas y Minerales adem\u00e1s de la F\u00f3rmula Hyper Proteins, una mezcla de Prote\u00ednas de alto Valor Biol\u00f3gico. Ideal para un aumento de peso saludable, aumentando la masa muscular.\" \/>\n<meta property=\"og:url\" content=\"https:\/\/teammutantecuador.com\/?product=atlhetica-hiper-mass-3-kg-con-creatina\" \/>\n<meta property=\"og:site_name\" content=\"Team Mutan Ecuador\" \/>\n<meta property=\"article:modified_time\" content=\"2026-01-17T16:04:32+00:00\" \/>\n<meta name=\"twitter:card\" content=\"summary_large_image\" \/>\n<meta name=\"twitter:label1\" content=\"Tiempo de lectura\" \/>\n\t<meta name=\"twitter:data1\" content=\"1 minuto\" \/>\n<script type=\"application\/ld+json\" class=\"yoast-schema-graph\">{\"@context\":\"https:\/\/schema.org\",\"@graph\":[{\"@type\":\"WebPage\",\"@id\":\"https:\/\/teammutantecuador.com\/?product=atlhetica-hiper-mass-3-kg-con-creatina\",\"url\":\"https:\/\/teammutantecuador.com\/?product=atlhetica-hiper-mass-3-kg-con-creatina\",\"name\":\"Atlhetica hiper mass 3 kg con creatina - Team Mutan Ecuador\",\"isPartOf\":{\"@id\":\"https:\/\/teammutantecuador.com\/#website\"},\"datePublished\":\"2026-01-17T16:04:30+00:00\",\"dateModified\":\"2026-01-17T16:04:32+00:00\",\"description\":\"Hiper Mass Gainer es un Suplemento Energ\u00e9tico para Deportistas, compuesto por Hidratos de Carbono, Vitaminas y Minerales adem\u00e1s de la F\u00f3rmula Hyper Proteins, una mezcla de Prote\u00ednas de alto Valor Biol\u00f3gico. Ideal para un aumento de peso saludable, aumentando la masa muscular.\",\"breadcrumb\":{\"@id\":\"https:\/\/teammutantecuador.com\/?product=atlhetica-hiper-mass-3-kg-con-creatina#breadcrumb\"},\"inLanguage\":\"es\",\"potentialAction\":[{\"@type\":\"ReadAction\",\"target\":[\"https:\/\/teammutantecuador.com\/?product=atlhetica-hiper-mass-3-kg-con-creatina\"]}]},{\"@type\":\"BreadcrumbList\",\"@id\":\"https:\/\/teammutantecuador.com\/?product=atlhetica-hiper-mass-3-kg-con-creatina#breadcrumb\",\"itemListElement\":[{\"@type\":\"ListItem\",\"position\":1,\"name\":\"Portada\",\"item\":\"https:\/\/teammutantecuador.com\/\"},{\"@type\":\"ListItem\",\"position\":2,\"name\":\"Shop\",\"item\":\"https:\/\/teammutantecuador.com\/?page_id=6\"},{\"@type\":\"ListItem\",\"position\":3,\"name\":\"Atlhetica hiper mass 3 kg con creatina\"}]},{\"@type\":\"WebSite\",\"@id\":\"https:\/\/teammutantecuador.com\/#website\",\"url\":\"https:\/\/teammutantecuador.com\/\",\"name\":\"Team Mutan Ecuador\",\"description\":\"Just another WordPress site\",\"publisher\":{\"@id\":\"https:\/\/teammutantecuador.com\/#organization\"},\"potentialAction\":[{\"@type\":\"SearchAction\",\"target\":{\"@type\":\"EntryPoint\",\"urlTemplate\":\"https:\/\/teammutantecuador.com\/?s={search_term_string}\"},\"query-input\":{\"@type\":\"PropertyValueSpecification\",\"valueRequired\":true,\"valueName\":\"search_term_string\"}}],\"inLanguage\":\"es\"},{\"@type\":\"Organization\",\"@id\":\"https:\/\/teammutantecuador.com\/#organization\",\"name\":\"Team Mutan Ecuador\",\"url\":\"https:\/\/teammutantecuador.com\/\",\"logo\":{\"@type\":\"ImageObject\",\"inLanguage\":\"es\",\"@id\":\"https:\/\/teammutantecuador.com\/#\/schema\/logo\/image\/\",\"url\":\"https:\/\/teammutantecuador.com\/wp-content\/uploads\/2026\/01\/Diseno-sin-titulo-97.png\",\"contentUrl\":\"https:\/\/teammutantecuador.com\/wp-content\/uploads\/2026\/01\/Diseno-sin-titulo-97.png\",\"width\":500,\"height\":300,\"caption\":\"Team Mutan Ecuador\"},\"image\":{\"@id\":\"https:\/\/teammutantecuador.com\/#\/schema\/logo\/image\/\"}}]}<\/script>\n<!-- \/ Yoast SEO plugin. -->","yoast_head_json":{"title":"Atlhetica hiper mass 3 kg con creatina - Team Mutan Ecuador","description":"Hiper Mass Gainer es un Suplemento Energ\u00e9tico para Deportistas, compuesto por Hidratos de Carbono, Vitaminas y Minerales adem\u00e1s de la F\u00f3rmula Hyper Proteins, una mezcla de Prote\u00ednas de alto Valor Biol\u00f3gico. Ideal para un aumento de peso saludable, aumentando la masa muscular.","robots":{"index":"index","follow":"follow","max-snippet":"max-snippet:-1","max-image-preview":"max-image-preview:large","max-video-preview":"max-video-preview:-1"},"canonical":"https:\/\/teammutantecuador.com\/?product=atlhetica-hiper-mass-3-kg-con-creatina","og_locale":"es_ES","og_type":"article","og_title":"Atlhetica hiper mass 3 kg con creatina - Team Mutan Ecuador","og_description":"Hiper Mass Gainer es un Suplemento Energ\u00e9tico para Deportistas, compuesto por Hidratos de Carbono, Vitaminas y Minerales adem\u00e1s de la F\u00f3rmula Hyper Proteins, una mezcla de Prote\u00ednas de alto Valor Biol\u00f3gico. Ideal para un aumento de peso saludable, aumentando la masa muscular.","og_url":"https:\/\/teammutantecuador.com\/?product=atlhetica-hiper-mass-3-kg-con-creatina","og_site_name":"Team Mutan Ecuador","article_modified_time":"2026-01-17T16:04:32+00:00","twitter_card":"summary_large_image","twitter_misc":{"Tiempo de lectura":"1 minuto"},"schema":{"@context":"https:\/\/schema.org","@graph":[{"@type":"WebPage","@id":"https:\/\/teammutantecuador.com\/?product=atlhetica-hiper-mass-3-kg-con-creatina","url":"https:\/\/teammutantecuador.com\/?product=atlhetica-hiper-mass-3-kg-con-creatina","name":"Atlhetica hiper mass 3 kg con creatina - Team Mutan Ecuador","isPartOf":{"@id":"https:\/\/teammutantecuador.com\/#website"},"datePublished":"2026-01-17T16:04:30+00:00","dateModified":"2026-01-17T16:04:32+00:00","description":"Hiper Mass Gainer es un Suplemento Energ\u00e9tico para Deportistas, compuesto por Hidratos de Carbono, Vitaminas y Minerales adem\u00e1s de la F\u00f3rmula Hyper Proteins, una mezcla de Prote\u00ednas de alto Valor Biol\u00f3gico. Ideal para un aumento de peso saludable, aumentando la masa muscular.","breadcrumb":{"@id":"https:\/\/teammutantecuador.com\/?product=atlhetica-hiper-mass-3-kg-con-creatina#breadcrumb"},"inLanguage":"es","potentialAction":[{"@type":"ReadAction","target":["https:\/\/teammutantecuador.com\/?product=atlhetica-hiper-mass-3-kg-con-creatina"]}]},{"@type":"BreadcrumbList","@id":"https:\/\/teammutantecuador.com\/?product=atlhetica-hiper-mass-3-kg-con-creatina#breadcrumb","itemListElement":[{"@type":"ListItem","position":1,"name":"Portada","item":"https:\/\/teammutantecuador.com\/"},{"@type":"ListItem","position":2,"name":"Shop","item":"https:\/\/teammutantecuador.com\/?page_id=6"},{"@type":"ListItem","position":3,"name":"Atlhetica hiper mass 3 kg con creatina"}]},{"@type":"WebSite","@id":"https:\/\/teammutantecuador.com\/#website","url":"https:\/\/teammutantecuador.com\/","name":"Team Mutan Ecuador","description":"Just another WordPress site","publisher":{"@id":"https:\/\/teammutantecuador.com\/#organization"},"potentialAction":[{"@type":"SearchAction","target":{"@type":"EntryPoint","urlTemplate":"https:\/\/teammutantecuador.com\/?s={search_term_string}"},"query-input":{"@type":"PropertyValueSpecification","valueRequired":true,"valueName":"search_term_string"}}],"inLanguage":"es"},{"@type":"Organization","@id":"https:\/\/teammutantecuador.com\/#organization","name":"Team Mutan Ecuador","url":"https:\/\/teammutantecuador.com\/","logo":{"@type":"ImageObject","inLanguage":"es","@id":"https:\/\/teammutantecuador.com\/#\/schema\/logo\/image\/","url":"https:\/\/teammutantecuador.com\/wp-content\/uploads\/2026\/01\/Diseno-sin-titulo-97.png","contentUrl":"https:\/\/teammutantecuador.com\/wp-content\/uploads\/2026\/01\/Diseno-sin-titulo-97.png","width":500,"height":300,"caption":"Team Mutan Ecuador"},"image":{"@id":"https:\/\/teammutantecuador.com\/#\/schema\/logo\/image\/"}}]}},"_links":{"self":[{"href":"https:\/\/teammutantecuador.com\/index.php?rest_route=\/wp\/v2\/product\/1617","targetHints":{"allow":["GET"]}}],"collection":[{"href":"https:\/\/teammutantecuador.com\/index.php?rest_route=\/wp\/v2\/product"}],"about":[{"href":"https:\/\/teammutantecuador.com\/index.php?rest_route=\/wp\/v2\/types\/product"}],"replies":[{"embeddable":true,"href":"https:\/\/teammutantecuador.com\/index.php?rest_route=%2Fwp%2Fv2%2Fcomments&post=1617"}],"wp:attachment":[{"href":"https:\/\/teammutantecuador.com\/index.php?rest_route=%2Fwp%2Fv2%2Fmedia&parent=1617"}],"wp:term":[{"taxonomy":"product_brand","embeddable":true,"href":"https:\/\/teammutantecuador.com\/index.php?rest_route=%2Fwp%2Fv2%2Fproduct_brand&post=1617"},{"taxonomy":"product_cat","embeddable":true,"href":"https:\/\/teammutantecuador.com\/index.php?rest_route=%2Fwp%2Fv2%2Fproduct_cat&post=1617"},{"taxonomy":"product_tag","embeddable":true,"href":"https:\/\/teammutantecuador.com\/index.php?rest_route=%2Fwp%2Fv2%2Fproduct_tag&post=1617"}],"curies":[{"name":"wp","href":"https:\/\/api.w.org\/{rel}","templated":true}]}}