{"id":1615,"date":"2026-01-17T16:04:30","date_gmt":"2026-01-17T16:04:30","guid":{"rendered":"https:\/\/teammutantecuador.com\/?post_type=product&#038;p=1615"},"modified":"2026-01-17T16:04:32","modified_gmt":"2026-01-17T16:04:32","slug":"cardarine-cooper-pharma-120-capsulas","status":"publish","type":"product","link":"https:\/\/teammutantecuador.com\/?product=cardarine-cooper-pharma-120-capsulas","title":{"rendered":"Cardarine Cooper Pharma 120 capsulas"},"content":{"rendered":"<p dir=\"ltr\"><strong>Cardarine Cooper Pharma<\/strong>\u00a0es de los pocos <strong>SARMS<\/strong>\u00a0100% confiables en cuanto a su origen y concentracion; tambi\u00e9n conocida como\u00a0<strong>GW-501516<\/strong>\u00a0es un\u00a0agonista de\u00a0PPARD\u00a0(Receptor Activado por el Proliferador de Peroxisomas Delta),\u00a0la cardarina tiene varios efectos que son de inter\u00e9s en la comunidad deportiva y de fitness.<\/p>\n<p dir=\"ltr\">Primero, su uso puede causar un cambio en el metabolismo energ\u00e9tico, reduciendo la\u00a0utilizaci\u00f3n de la glucosa y aumento de la capacidad de oxidaci\u00f3n de \u00e1cidos grasos.<\/p>\n<p dir=\"ltr\">Tambi\u00e9n puede favorecer el almacenamiento de gluc\u00f3geno en el tejido m\u00fascular,\u00a0mejorar la eficiencia energ\u00e9tica de ATP y mejorar ejercicio de resistencia.<\/p>\n<p dir=\"ltr\">Cardarine Cooper Pharma ha sido\u00a0asociada con una reducci\u00f3n significativa de la grasa corporal\u00a0tanto en estudios en animales como informes\u00a0en humanos. Quiz\u00e1s lo m\u00e1s interesante es un incremento en\u00a0la activaci\u00f3n de\u00a0la Biog\u00e9nesis mitocondrial en los m\u00fasculos.\u00a0Esto realmente puede remodelar el tejido muscular.\u00a0La Cardarine\u00a0puede\u00a0mejorar sustancialmente el efecto a la resistencia en el ejercicio.\u00a0\u00a0La cardarine es a menudo llamada el ejercicio mim\u00e9tico, porque puede producir estos cambios en el metabolismo y la composici\u00f3n de la fibra, que normalmente nos asociamos con el entrenamiento de resistencia.<\/p>\n<p dir=\"ltr\">En la fase dos de estudio\u00a0para pruebas cl\u00ednicas, esta sustancia mostr\u00f3 un desarrollo sustancial en el suero lip\u00eddico con una dosis de 10 mg&#8230;\u00a0Esto increment\u00f3 el colesterol bueno\u00a0(HDL) en aproximadamente un 17%\u00a0y redujo el colesterol da\u00f1ino\u00a0(LDL) de un 7 a un 17% respectivamente.<\/p>\n<p dir=\"ltr\">El peso corporal obtenido de masa muscular magra tambi\u00e9n aument\u00f3 en 1.3 kg Vs masa a partir de la grasa&#8230;<\/p>\n<p dir=\"ltr\">\n<h2 dir=\"ltr\">PUNTOS IMPORTANTES DE LA CARDARINE<\/h2>\n<p dir=\"ltr\">\n<ul dir=\"ltr\">\n<li>Mejora la oxidaci\u00f3n de la grasa<\/li>\n<li>Remodela la fibra muscular tipo<\/li>\n<li>Mejora la resistencia<\/li>\n<li>Mejora los \u00e1cidos lip\u00eddicos<\/li>\n<\/ul>\n<p>&nbsp;<\/p>\n<h3><strong>***PRODUCTO VERIFICABLE***<\/strong><\/h3>\n<p dir=\"ltr\">\n<h3 dir=\"ltr\">PRESENTACI\u00d3N<\/h3>\n<p dir=\"ltr\">Tarro de 120 capsulas x 10 mg<\/p>\n<p dir=\"ltr\">\n<h3 dir=\"ltr\">ADMINISTRACI\u00d3N<\/h3>\n<p dir=\"ltr\">Para prop\u00f3sitos de mejoramiento f\u00edsico, <strong>Cardarine<\/strong> es com\u00fanmente tomada en dosis de 10 a 20 mg diariamente, usualmente antes del ejercicio. Los ciclos con <strong>Cardarine<\/strong> duran entre 6 a 12 semanas.<\/p>\n<p dir=\"ltr\">\n","protected":false},"excerpt":{"rendered":"<p><strong>Cardarine Cooper Pharma<\/strong>\u00a0es de los pocos <strong>SARMS<\/strong>\u00a0100% confiables en cuanto a su origen y concentracion; tambi\u00e9n conocida como\u00a0<strong>GW-501516<\/strong>\u00a0es un\u00a0agonista de\u00a0PPARD\u00a0(Receptor Activado por el Proliferador de Peroxisomas Delta),\u00a0la cardarina tiene varios efectos que son de inter\u00e9s en la comunidad deportiva y de fitness.<\/p>\n","protected":false},"featured_media":0,"comment_status":"open","ping_status":"closed","template":"","meta":[],"product_brand":[],"product_cat":[170],"product_tag":[176,106,107,233,171],"class_list":{"0":"post-1615","1":"product","2":"type-product","3":"status-publish","5":"product_cat-sarms","6":"product_tag-cardarine","7":"product_tag-cooper","8":"product_tag-cooper-pharma","9":"product_tag-gw-501516","10":"product_tag-sarms","12":"first","13":"instock","14":"sale","15":"shipping-taxable","16":"purchasable","17":"product-type-simple"},"yoast_head":"<!-- This site is optimized with the Yoast SEO plugin v26.8 - https:\/\/yoast.com\/product\/yoast-seo-wordpress\/ -->\n<title>Cardarine Cooper Pharma 120 capsulas - Team Mutan Ecuador<\/title>\n<meta name=\"description\" content=\"Cardarine Cooper Pharma\u00a0es de los pocos SARMS\u00a0100% confiables en cuanto a su origen y concentracion; tambi\u00e9n conocida como\u00a0GW-501516\u00a0es un\u00a0agonista de\u00a0PPARD\u00a0(Receptor Activado por el Proliferador de Peroxisomas Delta),\u00a0la cardarina tiene varios efectos que son de inter\u00e9s en la comunidad deportiva y de fitness.\" \/>\n<meta name=\"robots\" content=\"index, follow, max-snippet:-1, max-image-preview:large, max-video-preview:-1\" \/>\n<link rel=\"canonical\" href=\"https:\/\/teammutantecuador.com\/?product=cardarine-cooper-pharma-120-capsulas\" \/>\n<meta property=\"og:locale\" content=\"es_ES\" \/>\n<meta property=\"og:type\" content=\"article\" \/>\n<meta property=\"og:title\" content=\"Cardarine Cooper Pharma 120 capsulas - Team Mutan Ecuador\" \/>\n<meta property=\"og:description\" content=\"Cardarine Cooper Pharma\u00a0es de los pocos SARMS\u00a0100% confiables en cuanto a su origen y concentracion; tambi\u00e9n conocida como\u00a0GW-501516\u00a0es un\u00a0agonista de\u00a0PPARD\u00a0(Receptor Activado por el Proliferador de Peroxisomas Delta),\u00a0la cardarina tiene varios efectos que son de inter\u00e9s en la comunidad deportiva y de fitness.\" \/>\n<meta property=\"og:url\" content=\"https:\/\/teammutantecuador.com\/?product=cardarine-cooper-pharma-120-capsulas\" \/>\n<meta property=\"og:site_name\" content=\"Team Mutan Ecuador\" \/>\n<meta property=\"article:modified_time\" content=\"2026-01-17T16:04:32+00:00\" \/>\n<meta name=\"twitter:card\" content=\"summary_large_image\" \/>\n<meta name=\"twitter:label1\" content=\"Tiempo de lectura\" \/>\n\t<meta name=\"twitter:data1\" content=\"2 minutos\" \/>\n<script type=\"application\/ld+json\" class=\"yoast-schema-graph\">{\"@context\":\"https:\/\/schema.org\",\"@graph\":[{\"@type\":\"WebPage\",\"@id\":\"https:\/\/teammutantecuador.com\/?product=cardarine-cooper-pharma-120-capsulas\",\"url\":\"https:\/\/teammutantecuador.com\/?product=cardarine-cooper-pharma-120-capsulas\",\"name\":\"Cardarine Cooper Pharma 120 capsulas - Team Mutan Ecuador\",\"isPartOf\":{\"@id\":\"https:\/\/teammutantecuador.com\/#website\"},\"datePublished\":\"2026-01-17T16:04:30+00:00\",\"dateModified\":\"2026-01-17T16:04:32+00:00\",\"description\":\"Cardarine Cooper Pharma\u00a0es de los pocos SARMS\u00a0100% confiables en cuanto a su origen y concentracion; tambi\u00e9n conocida como\u00a0GW-501516\u00a0es un\u00a0agonista de\u00a0PPARD\u00a0(Receptor Activado por el Proliferador de Peroxisomas Delta),\u00a0la cardarina tiene varios efectos que son de inter\u00e9s en la comunidad deportiva y de fitness.\",\"breadcrumb\":{\"@id\":\"https:\/\/teammutantecuador.com\/?product=cardarine-cooper-pharma-120-capsulas#breadcrumb\"},\"inLanguage\":\"es\",\"potentialAction\":[{\"@type\":\"ReadAction\",\"target\":[\"https:\/\/teammutantecuador.com\/?product=cardarine-cooper-pharma-120-capsulas\"]}]},{\"@type\":\"BreadcrumbList\",\"@id\":\"https:\/\/teammutantecuador.com\/?product=cardarine-cooper-pharma-120-capsulas#breadcrumb\",\"itemListElement\":[{\"@type\":\"ListItem\",\"position\":1,\"name\":\"Portada\",\"item\":\"https:\/\/teammutantecuador.com\/\"},{\"@type\":\"ListItem\",\"position\":2,\"name\":\"Shop\",\"item\":\"https:\/\/teammutantecuador.com\/?page_id=6\"},{\"@type\":\"ListItem\",\"position\":3,\"name\":\"Cardarine Cooper Pharma 120 capsulas\"}]},{\"@type\":\"WebSite\",\"@id\":\"https:\/\/teammutantecuador.com\/#website\",\"url\":\"https:\/\/teammutantecuador.com\/\",\"name\":\"Team Mutan Ecuador\",\"description\":\"Just another WordPress site\",\"publisher\":{\"@id\":\"https:\/\/teammutantecuador.com\/#organization\"},\"potentialAction\":[{\"@type\":\"SearchAction\",\"target\":{\"@type\":\"EntryPoint\",\"urlTemplate\":\"https:\/\/teammutantecuador.com\/?s={search_term_string}\"},\"query-input\":{\"@type\":\"PropertyValueSpecification\",\"valueRequired\":true,\"valueName\":\"search_term_string\"}}],\"inLanguage\":\"es\"},{\"@type\":\"Organization\",\"@id\":\"https:\/\/teammutantecuador.com\/#organization\",\"name\":\"Team Mutan Ecuador\",\"url\":\"https:\/\/teammutantecuador.com\/\",\"logo\":{\"@type\":\"ImageObject\",\"inLanguage\":\"es\",\"@id\":\"https:\/\/teammutantecuador.com\/#\/schema\/logo\/image\/\",\"url\":\"https:\/\/teammutantecuador.com\/wp-content\/uploads\/2026\/01\/Diseno-sin-titulo-97.png\",\"contentUrl\":\"https:\/\/teammutantecuador.com\/wp-content\/uploads\/2026\/01\/Diseno-sin-titulo-97.png\",\"width\":500,\"height\":300,\"caption\":\"Team Mutan Ecuador\"},\"image\":{\"@id\":\"https:\/\/teammutantecuador.com\/#\/schema\/logo\/image\/\"}}]}<\/script>\n<!-- \/ Yoast SEO plugin. -->","yoast_head_json":{"title":"Cardarine Cooper Pharma 120 capsulas - Team Mutan Ecuador","description":"Cardarine Cooper Pharma\u00a0es de los pocos SARMS\u00a0100% confiables en cuanto a su origen y concentracion; tambi\u00e9n conocida como\u00a0GW-501516\u00a0es un\u00a0agonista de\u00a0PPARD\u00a0(Receptor Activado por el Proliferador de Peroxisomas Delta),\u00a0la cardarina tiene varios efectos que son de inter\u00e9s en la comunidad deportiva y de fitness.","robots":{"index":"index","follow":"follow","max-snippet":"max-snippet:-1","max-image-preview":"max-image-preview:large","max-video-preview":"max-video-preview:-1"},"canonical":"https:\/\/teammutantecuador.com\/?product=cardarine-cooper-pharma-120-capsulas","og_locale":"es_ES","og_type":"article","og_title":"Cardarine Cooper Pharma 120 capsulas - Team Mutan Ecuador","og_description":"Cardarine Cooper Pharma\u00a0es de los pocos SARMS\u00a0100% confiables en cuanto a su origen y concentracion; tambi\u00e9n conocida como\u00a0GW-501516\u00a0es un\u00a0agonista de\u00a0PPARD\u00a0(Receptor Activado por el Proliferador de Peroxisomas Delta),\u00a0la cardarina tiene varios efectos que son de inter\u00e9s en la comunidad deportiva y de fitness.","og_url":"https:\/\/teammutantecuador.com\/?product=cardarine-cooper-pharma-120-capsulas","og_site_name":"Team Mutan Ecuador","article_modified_time":"2026-01-17T16:04:32+00:00","twitter_card":"summary_large_image","twitter_misc":{"Tiempo de lectura":"2 minutos"},"schema":{"@context":"https:\/\/schema.org","@graph":[{"@type":"WebPage","@id":"https:\/\/teammutantecuador.com\/?product=cardarine-cooper-pharma-120-capsulas","url":"https:\/\/teammutantecuador.com\/?product=cardarine-cooper-pharma-120-capsulas","name":"Cardarine Cooper Pharma 120 capsulas - Team Mutan Ecuador","isPartOf":{"@id":"https:\/\/teammutantecuador.com\/#website"},"datePublished":"2026-01-17T16:04:30+00:00","dateModified":"2026-01-17T16:04:32+00:00","description":"Cardarine Cooper Pharma\u00a0es de los pocos SARMS\u00a0100% confiables en cuanto a su origen y concentracion; tambi\u00e9n conocida como\u00a0GW-501516\u00a0es un\u00a0agonista de\u00a0PPARD\u00a0(Receptor Activado por el Proliferador de Peroxisomas Delta),\u00a0la cardarina tiene varios efectos que son de inter\u00e9s en la comunidad deportiva y de fitness.","breadcrumb":{"@id":"https:\/\/teammutantecuador.com\/?product=cardarine-cooper-pharma-120-capsulas#breadcrumb"},"inLanguage":"es","potentialAction":[{"@type":"ReadAction","target":["https:\/\/teammutantecuador.com\/?product=cardarine-cooper-pharma-120-capsulas"]}]},{"@type":"BreadcrumbList","@id":"https:\/\/teammutantecuador.com\/?product=cardarine-cooper-pharma-120-capsulas#breadcrumb","itemListElement":[{"@type":"ListItem","position":1,"name":"Portada","item":"https:\/\/teammutantecuador.com\/"},{"@type":"ListItem","position":2,"name":"Shop","item":"https:\/\/teammutantecuador.com\/?page_id=6"},{"@type":"ListItem","position":3,"name":"Cardarine Cooper Pharma 120 capsulas"}]},{"@type":"WebSite","@id":"https:\/\/teammutantecuador.com\/#website","url":"https:\/\/teammutantecuador.com\/","name":"Team Mutan Ecuador","description":"Just another WordPress site","publisher":{"@id":"https:\/\/teammutantecuador.com\/#organization"},"potentialAction":[{"@type":"SearchAction","target":{"@type":"EntryPoint","urlTemplate":"https:\/\/teammutantecuador.com\/?s={search_term_string}"},"query-input":{"@type":"PropertyValueSpecification","valueRequired":true,"valueName":"search_term_string"}}],"inLanguage":"es"},{"@type":"Organization","@id":"https:\/\/teammutantecuador.com\/#organization","name":"Team Mutan Ecuador","url":"https:\/\/teammutantecuador.com\/","logo":{"@type":"ImageObject","inLanguage":"es","@id":"https:\/\/teammutantecuador.com\/#\/schema\/logo\/image\/","url":"https:\/\/teammutantecuador.com\/wp-content\/uploads\/2026\/01\/Diseno-sin-titulo-97.png","contentUrl":"https:\/\/teammutantecuador.com\/wp-content\/uploads\/2026\/01\/Diseno-sin-titulo-97.png","width":500,"height":300,"caption":"Team Mutan Ecuador"},"image":{"@id":"https:\/\/teammutantecuador.com\/#\/schema\/logo\/image\/"}}]}},"_links":{"self":[{"href":"https:\/\/teammutantecuador.com\/index.php?rest_route=\/wp\/v2\/product\/1615","targetHints":{"allow":["GET"]}}],"collection":[{"href":"https:\/\/teammutantecuador.com\/index.php?rest_route=\/wp\/v2\/product"}],"about":[{"href":"https:\/\/teammutantecuador.com\/index.php?rest_route=\/wp\/v2\/types\/product"}],"replies":[{"embeddable":true,"href":"https:\/\/teammutantecuador.com\/index.php?rest_route=%2Fwp%2Fv2%2Fcomments&post=1615"}],"wp:attachment":[{"href":"https:\/\/teammutantecuador.com\/index.php?rest_route=%2Fwp%2Fv2%2Fmedia&parent=1615"}],"wp:term":[{"taxonomy":"product_brand","embeddable":true,"href":"https:\/\/teammutantecuador.com\/index.php?rest_route=%2Fwp%2Fv2%2Fproduct_brand&post=1615"},{"taxonomy":"product_cat","embeddable":true,"href":"https:\/\/teammutantecuador.com\/index.php?rest_route=%2Fwp%2Fv2%2Fproduct_cat&post=1615"},{"taxonomy":"product_tag","embeddable":true,"href":"https:\/\/teammutantecuador.com\/index.php?rest_route=%2Fwp%2Fv2%2Fproduct_tag&post=1615"}],"curies":[{"name":"wp","href":"https:\/\/api.w.org\/{rel}","templated":true}]}}