{"id":1612,"date":"2026-01-17T16:04:29","date_gmt":"2026-01-17T16:04:29","guid":{"rendered":"https:\/\/teammutantecuador.com\/?post_type=product&#038;p=1612"},"modified":"2026-01-17T16:04:32","modified_gmt":"2026-01-17T16:04:32","slug":"hgh-100-ui","status":"publish","type":"product","link":"https:\/\/teammutantecuador.com\/?product=hgh-100-ui","title":{"rendered":"HGH 100 UI"},"content":{"rendered":"<h1><span class=\"blue thick\">HGH \u2013 Somatropin 10iu (3,33mg)<\/span><\/h1>\n<h1><span class=\"blue thick\">otras marcas o nombres comerciales: Genotropin Humatrope Norditropin<\/span><\/h1>\n<p>HGH (Human Growth Hormone)\u00a0 est\u00e1 teniendo el ingrediente del medicamento llamado Somatropin. HGH es un polip\u00e9ptido monocatenario de 191 amino\u00e1cidos que se sintetiza, almacena y secreta por las c\u00e9lulas somatotr\u00f3picas dentro de las alas laterales de la gl\u00e1ndula pituitaria anterior. Aumenta la concentraci\u00f3n de glucosa y \u00e1cidos grasos libres y se utiliza como un medicamento para tratar los trastornos del crecimiento de los ni\u00f1os y la deficiencia de la hormona del crecimiento en adultos. Es una hormona pept\u00eddica que estimula el crecimiento, la reproducci\u00f3n celular y la regeneraci\u00f3n en humanos.<\/p>\n<p><img loading=\"lazy\" decoding=\"async\" class=\"wp-image-9638 size-medium alignright lazy-loaded\" src=\"http:\/\/www.suplementosvenezuela.com\/wp-content\/uploads\/2019\/08\/hgh-somatropin2-300x279.png\" alt=\"\" width=\"300\" height=\"279\" data-lazy-type=\"image\" data-src=\"http:\/\/www.suplementosvenezuela.com\/wp-content\/uploads\/2019\/08\/hgh-somatropin2-300x279.png\" data-srcset=\"\" \/><\/p>\n<p>DOSIS: La dosis normal para los hombres es de 2 \u2013 4 IU por d\u00eda .<\/p>\n<p>VIA DE ADMINISTRACI\u00d3N: Subcutanea.<\/p>\n<p>FORMA FARMACEUTICA: Soluci\u00f3n inyectable. Veh\u00edculo base agua de color blanco.<\/p>\n<p>PRESENTACI\u00d3N: Ampolla vial de 10 ampollas de 10IU 3,33mg cada ampolla.<\/p>\n<p>FORMULA CADA AMPOLLA CONTIENE:<br \/>\nSomatropin USP \u2026\u2026\u2026\u2026\u2026\u2026\u20263,33 mg\/ 10IU<\/p>\n<p>10 vial Bateriostatic Water 2cc<\/p>\n<p><strong>Su venta se Realiza por vial de 10IU<\/strong>\u00a0( 3,33mg y adicional una ampolla de solvente). para Adquirir la caja completa de 100IU 33,3mg\u00a0 10 viales. Su valor reflejado en web, es por 100 IU..<\/p>\n<h3><span id=\"Funci\u00f3n_normal_de_la_GH_producida_por_el_cuerpo\" class=\"mw-headline\">Funci\u00f3n normal de la GH producida por el cuerpo<\/span><\/h3>\n<div class=\"thumb tright\">\n<div class=\"thumbinner\">\n<p><a class=\"image\" href=\"https:\/\/commons.wikimedia.org\/wiki\/File:Endocrine_growth_regulation.svg\"><img loading=\"lazy\" decoding=\"async\" class=\"thumbimage lazy-loaded\" src=\"https:\/\/upload.wikimedia.org\/wikipedia\/commons\/thumb\/9\/99\/Endocrine_growth_regulation.svg\/240px-Endocrine_growth_regulation.svg.png\" alt=\"\" width=\"240\" height=\"294\" data-lazy-type=\"image\" data-src=\"https:\/\/upload.wikimedia.org\/wikipedia\/commons\/thumb\/9\/99\/Endocrine_growth_regulation.svg\/240px-Endocrine_growth_regulation.svg.png\" data-srcset=\"\" data-file-width=\"764\" data-file-height=\"936\" \/><\/a><\/p>\n<div class=\"thumbcaption\">\n<div class=\"magnify\"><\/div>\n<p>Rutas principales en la regulaci\u00f3n endocrina del crecimiento.<\/p>\n<\/div>\n<\/div>\n<\/div>\n<p>Los efectos de la hormona del crecimiento pueden ser descritos de forma general como anab\u00f3licos. Como la mayor\u00eda de las otras hormonas proteicas, la GH act\u00faa interactuando con un\u00a0receptor espec\u00edfico\u00a0en la superficie de las c\u00e9lulas.<\/p>\n<p>El incremento de la altura durante la infancia es el efecto m\u00e1s conocido de la GH. La altura aparenta ser estimulada por al menos dos mecanismos:<\/p>\n<ol>\n<li>Ya que las hormonas\u00a0polip\u00e9ptidas\u00a0no son\u00a0soluble\u00a0en la grasa, no pueden penetrar la\u00a0sarcolema. Por ello la GH ejerce una parte de sus efectos al unirse con los receptores de las c\u00e9lulas objetivo, donde activa la\u00a0v\u00eda MAPK\/ERK.\u00a0A trav\u00e9s de este mecanismo la GH estimula directamente la divisi\u00f3n y multiplicaci\u00f3n de los\u00a0condrocitos\u00a0del\u00a0cart\u00edlago.<\/li>\n<li>La GH tambi\u00e9n estimula la producci\u00f3n del\u00a0factor de crecimiento insul\u00ednico tipo 1\u00a0(IGF-1, antiguamente conocido como somatomedina C) a trav\u00e9s de la ruta de se\u00f1alizaci\u00f3n JAK-STAT,\u200b la IGF-1 es una hormona hom\u00f3loga a la\u00a0proinsulina. El\u00a0h\u00edgado\u00a0es el \u00f3rgano objetivo principal de la GH para este proceso y es el sitio principal de la producci\u00f3n de IGF-1. El IGF-1 tiene efectos estimulantes del crecimiento en una amplia variedad de tejidos. El IGF-1 tambi\u00e9n es generada dentro del tejido objetivo, haciendo el IGF-1 lo que parece ser una hormona endocrina y\u00a0autocrina\/paracrina. El IGF-1 tambi\u00e9n tiene efectos estimulantes en la actividad de los osteoblastos y condrocitos para promover el crecimiento \u00f3seo.<\/li>\n<\/ol>\n<p>Adem\u00e1s de aumentar la altura en ni\u00f1os y adolescentes, la hormona del crecimiento tiene muchos otros efectos en el cuerpo:<\/p>\n<ul>\n<li>Incrementa la retenci\u00f3n de\u00a0calcio\u00a0y la\u00a0mineralizaci\u00f3n de los huesos<\/li>\n<li>Incrementa la masa\u00a0muscular\u00a0a trav\u00e9s de la\u00a0hiperplasia\u00a0sarc\u00f3mera<\/li>\n<li>Promueve la\u00a0lipolisis<\/li>\n<li>Incrementa la\u00a0bios\u00edntesis proteica<\/li>\n<li>Estimula el crecimiento de todos los \u00f3rganos internos excluyendo al\u00a0cerebro<\/li>\n<li>Juega un rol en la\u00a0homeostasis<\/li>\n<li>Reduce el consumo de\u00a0glucosa\u00a0del\u00a0h\u00edgado<\/li>\n<li>Promueve la\u00a0gluconeog\u00e9nesis\u00a0en el h\u00edgado\u200b<\/li>\n<li>Contribuye al mantenimiento y funci\u00f3n de lo\u00a0islotes pancre\u00e1ticos<\/li>\n<li>Estimula el\u00a0sistema inmune<\/li>\n<\/ul>\n<h3><span id=\"Problemas_causados_cuando_el_cuerpo_produce_poca_GH\" class=\"mw-headline\">Problemas causados cuando el cuerpo produce poca GH<\/span><\/h3>\n<div class=\"noprint AP rellink\">Art\u00edculo principal:\u00a0<i>Deficiencia de la hormona del crecimiento<\/i><\/div>\n<p>Los efectos de la\u00a0deficiencia de la hormona del crecimiento\u00a0(GHD) var\u00edan dependiendo en la edad en la que se producen. En ni\u00f1os, las manifestaciones principales de la deficiencia de GH son la falta de crecimiento y baja estatura, con causas comunes incluyendo condiciones gen\u00e9ticas y malformaciones cong\u00e9nitas. Tambi\u00e9n puede causar demoras en la maduraci\u00f3n sexual. En adultos, la deficiencia es rara,\u200b con la causa m\u00e1s com\u00fan siendo un adenoma pituitario, y otros incluyendo una continuaci\u00f3n de un problema de la ni\u00f1ez, lesiones o traumas estructurales, y GHD\u00a0idiop\u00e1ticas\u00a0muy raras.<\/p>\n<p>Los adultos con GHD presentan problemas no espec\u00edficos incluyendo\u00a0obesidad troncal\u00a0con una disminuci\u00f3n relativa de masa muscular, y en muchas instancias, una disminuci\u00f3n en la energ\u00eda y calidad de vida.<\/p>\n<p>El diagnosis de la deficiencia de GH involucra un proceso de diagn\u00f3stico de m\u00faltiples pasos, usualmente culminando en pruebas de estimulaci\u00f3n de GH para ver si la\u00a0gl\u00e1ndula pituitaria\u00a0del paciente libera GH cuando esta es provocada por varios est\u00edmulos.<\/p>\n","protected":false},"excerpt":{"rendered":"<p>HGH (Human Growth Hormone)\u00a0 est\u00e1 teniendo el ingrediente del medicamento llamado Somatropin. HGH es un polip\u00e9ptido monocatenario de 191 amino\u00e1cidos que se sintetiza<\/p>\n","protected":false},"featured_media":0,"comment_status":"open","ping_status":"closed","template":"","meta":[],"product_brand":[],"product_cat":[401],"product_tag":[230,231,213],"class_list":{"0":"post-1612","1":"product","2":"type-product","3":"status-publish","5":"product_cat-hormona-de-crecimiento","6":"product_tag-genotropin-humatrope-norditropin","7":"product_tag-hgh","8":"product_tag-hormona-de-crecimiento","10":"first","11":"instock","12":"sale","13":"shipping-taxable","14":"purchasable","15":"product-type-simple"},"yoast_head":"<!-- This site is optimized with the Yoast SEO plugin v26.8 - https:\/\/yoast.com\/product\/yoast-seo-wordpress\/ -->\n<title>HGH 100 UI - Team Mutan Ecuador<\/title>\n<meta name=\"description\" content=\"HGH (Human Growth Hormone)\u00a0 est\u00e1 teniendo el ingrediente del medicamento llamado Somatropin. HGH es un polip\u00e9ptido monocatenario de 191 amino\u00e1cidos que se sintetiza\" \/>\n<meta name=\"robots\" content=\"index, follow, max-snippet:-1, max-image-preview:large, max-video-preview:-1\" \/>\n<link rel=\"canonical\" href=\"https:\/\/teammutantecuador.com\/?product=hgh-100-ui\" \/>\n<meta property=\"og:locale\" content=\"es_ES\" \/>\n<meta property=\"og:type\" content=\"article\" \/>\n<meta property=\"og:title\" content=\"HGH 100 UI - Team Mutan Ecuador\" \/>\n<meta property=\"og:description\" content=\"HGH (Human Growth Hormone)\u00a0 est\u00e1 teniendo el ingrediente del medicamento llamado Somatropin. HGH es un polip\u00e9ptido monocatenario de 191 amino\u00e1cidos que se sintetiza\" \/>\n<meta property=\"og:url\" content=\"https:\/\/teammutantecuador.com\/?product=hgh-100-ui\" \/>\n<meta property=\"og:site_name\" content=\"Team Mutan Ecuador\" \/>\n<meta property=\"article:modified_time\" content=\"2026-01-17T16:04:32+00:00\" \/>\n<meta property=\"og:image\" content=\"http:\/\/www.suplementosvenezuela.com\/wp-content\/uploads\/2019\/08\/hgh-somatropin2-300x279.png\" \/>\n<meta name=\"twitter:card\" content=\"summary_large_image\" \/>\n<meta name=\"twitter:label1\" content=\"Tiempo de lectura\" \/>\n\t<meta name=\"twitter:data1\" content=\"4 minutos\" \/>\n<script type=\"application\/ld+json\" class=\"yoast-schema-graph\">{\"@context\":\"https:\/\/schema.org\",\"@graph\":[{\"@type\":\"WebPage\",\"@id\":\"https:\/\/teammutantecuador.com\/?product=hgh-100-ui\",\"url\":\"https:\/\/teammutantecuador.com\/?product=hgh-100-ui\",\"name\":\"HGH 100 UI - Team Mutan Ecuador\",\"isPartOf\":{\"@id\":\"https:\/\/teammutantecuador.com\/#website\"},\"primaryImageOfPage\":{\"@id\":\"https:\/\/teammutantecuador.com\/?product=hgh-100-ui#primaryimage\"},\"image\":{\"@id\":\"https:\/\/teammutantecuador.com\/?product=hgh-100-ui#primaryimage\"},\"thumbnailUrl\":\"http:\/\/www.suplementosvenezuela.com\/wp-content\/uploads\/2019\/08\/hgh-somatropin2-300x279.png\",\"datePublished\":\"2026-01-17T16:04:29+00:00\",\"dateModified\":\"2026-01-17T16:04:32+00:00\",\"description\":\"HGH (Human Growth Hormone)\u00a0 est\u00e1 teniendo el ingrediente del medicamento llamado Somatropin. HGH es un polip\u00e9ptido monocatenario de 191 amino\u00e1cidos que se sintetiza\",\"breadcrumb\":{\"@id\":\"https:\/\/teammutantecuador.com\/?product=hgh-100-ui#breadcrumb\"},\"inLanguage\":\"es\",\"potentialAction\":[{\"@type\":\"ReadAction\",\"target\":[\"https:\/\/teammutantecuador.com\/?product=hgh-100-ui\"]}]},{\"@type\":\"ImageObject\",\"inLanguage\":\"es\",\"@id\":\"https:\/\/teammutantecuador.com\/?product=hgh-100-ui#primaryimage\",\"url\":\"http:\/\/www.suplementosvenezuela.com\/wp-content\/uploads\/2019\/08\/hgh-somatropin2-300x279.png\",\"contentUrl\":\"http:\/\/www.suplementosvenezuela.com\/wp-content\/uploads\/2019\/08\/hgh-somatropin2-300x279.png\"},{\"@type\":\"BreadcrumbList\",\"@id\":\"https:\/\/teammutantecuador.com\/?product=hgh-100-ui#breadcrumb\",\"itemListElement\":[{\"@type\":\"ListItem\",\"position\":1,\"name\":\"Portada\",\"item\":\"https:\/\/teammutantecuador.com\/\"},{\"@type\":\"ListItem\",\"position\":2,\"name\":\"Shop\",\"item\":\"https:\/\/teammutantecuador.com\/?page_id=6\"},{\"@type\":\"ListItem\",\"position\":3,\"name\":\"HGH 100 UI\"}]},{\"@type\":\"WebSite\",\"@id\":\"https:\/\/teammutantecuador.com\/#website\",\"url\":\"https:\/\/teammutantecuador.com\/\",\"name\":\"Team Mutan Ecuador\",\"description\":\"Just another WordPress site\",\"publisher\":{\"@id\":\"https:\/\/teammutantecuador.com\/#organization\"},\"potentialAction\":[{\"@type\":\"SearchAction\",\"target\":{\"@type\":\"EntryPoint\",\"urlTemplate\":\"https:\/\/teammutantecuador.com\/?s={search_term_string}\"},\"query-input\":{\"@type\":\"PropertyValueSpecification\",\"valueRequired\":true,\"valueName\":\"search_term_string\"}}],\"inLanguage\":\"es\"},{\"@type\":\"Organization\",\"@id\":\"https:\/\/teammutantecuador.com\/#organization\",\"name\":\"Team Mutan Ecuador\",\"url\":\"https:\/\/teammutantecuador.com\/\",\"logo\":{\"@type\":\"ImageObject\",\"inLanguage\":\"es\",\"@id\":\"https:\/\/teammutantecuador.com\/#\/schema\/logo\/image\/\",\"url\":\"https:\/\/teammutantecuador.com\/wp-content\/uploads\/2026\/01\/Diseno-sin-titulo-97.png\",\"contentUrl\":\"https:\/\/teammutantecuador.com\/wp-content\/uploads\/2026\/01\/Diseno-sin-titulo-97.png\",\"width\":500,\"height\":300,\"caption\":\"Team Mutan Ecuador\"},\"image\":{\"@id\":\"https:\/\/teammutantecuador.com\/#\/schema\/logo\/image\/\"}}]}<\/script>\n<!-- \/ Yoast SEO plugin. -->","yoast_head_json":{"title":"HGH 100 UI - Team Mutan Ecuador","description":"HGH (Human Growth Hormone)\u00a0 est\u00e1 teniendo el ingrediente del medicamento llamado Somatropin. HGH es un polip\u00e9ptido monocatenario de 191 amino\u00e1cidos que se sintetiza","robots":{"index":"index","follow":"follow","max-snippet":"max-snippet:-1","max-image-preview":"max-image-preview:large","max-video-preview":"max-video-preview:-1"},"canonical":"https:\/\/teammutantecuador.com\/?product=hgh-100-ui","og_locale":"es_ES","og_type":"article","og_title":"HGH 100 UI - Team Mutan Ecuador","og_description":"HGH (Human Growth Hormone)\u00a0 est\u00e1 teniendo el ingrediente del medicamento llamado Somatropin. HGH es un polip\u00e9ptido monocatenario de 191 amino\u00e1cidos que se sintetiza","og_url":"https:\/\/teammutantecuador.com\/?product=hgh-100-ui","og_site_name":"Team Mutan Ecuador","article_modified_time":"2026-01-17T16:04:32+00:00","og_image":[{"url":"http:\/\/www.suplementosvenezuela.com\/wp-content\/uploads\/2019\/08\/hgh-somatropin2-300x279.png","type":"","width":"","height":""}],"twitter_card":"summary_large_image","twitter_misc":{"Tiempo de lectura":"4 minutos"},"schema":{"@context":"https:\/\/schema.org","@graph":[{"@type":"WebPage","@id":"https:\/\/teammutantecuador.com\/?product=hgh-100-ui","url":"https:\/\/teammutantecuador.com\/?product=hgh-100-ui","name":"HGH 100 UI - Team Mutan Ecuador","isPartOf":{"@id":"https:\/\/teammutantecuador.com\/#website"},"primaryImageOfPage":{"@id":"https:\/\/teammutantecuador.com\/?product=hgh-100-ui#primaryimage"},"image":{"@id":"https:\/\/teammutantecuador.com\/?product=hgh-100-ui#primaryimage"},"thumbnailUrl":"http:\/\/www.suplementosvenezuela.com\/wp-content\/uploads\/2019\/08\/hgh-somatropin2-300x279.png","datePublished":"2026-01-17T16:04:29+00:00","dateModified":"2026-01-17T16:04:32+00:00","description":"HGH (Human Growth Hormone)\u00a0 est\u00e1 teniendo el ingrediente del medicamento llamado Somatropin. HGH es un polip\u00e9ptido monocatenario de 191 amino\u00e1cidos que se sintetiza","breadcrumb":{"@id":"https:\/\/teammutantecuador.com\/?product=hgh-100-ui#breadcrumb"},"inLanguage":"es","potentialAction":[{"@type":"ReadAction","target":["https:\/\/teammutantecuador.com\/?product=hgh-100-ui"]}]},{"@type":"ImageObject","inLanguage":"es","@id":"https:\/\/teammutantecuador.com\/?product=hgh-100-ui#primaryimage","url":"http:\/\/www.suplementosvenezuela.com\/wp-content\/uploads\/2019\/08\/hgh-somatropin2-300x279.png","contentUrl":"http:\/\/www.suplementosvenezuela.com\/wp-content\/uploads\/2019\/08\/hgh-somatropin2-300x279.png"},{"@type":"BreadcrumbList","@id":"https:\/\/teammutantecuador.com\/?product=hgh-100-ui#breadcrumb","itemListElement":[{"@type":"ListItem","position":1,"name":"Portada","item":"https:\/\/teammutantecuador.com\/"},{"@type":"ListItem","position":2,"name":"Shop","item":"https:\/\/teammutantecuador.com\/?page_id=6"},{"@type":"ListItem","position":3,"name":"HGH 100 UI"}]},{"@type":"WebSite","@id":"https:\/\/teammutantecuador.com\/#website","url":"https:\/\/teammutantecuador.com\/","name":"Team Mutan Ecuador","description":"Just another WordPress site","publisher":{"@id":"https:\/\/teammutantecuador.com\/#organization"},"potentialAction":[{"@type":"SearchAction","target":{"@type":"EntryPoint","urlTemplate":"https:\/\/teammutantecuador.com\/?s={search_term_string}"},"query-input":{"@type":"PropertyValueSpecification","valueRequired":true,"valueName":"search_term_string"}}],"inLanguage":"es"},{"@type":"Organization","@id":"https:\/\/teammutantecuador.com\/#organization","name":"Team Mutan Ecuador","url":"https:\/\/teammutantecuador.com\/","logo":{"@type":"ImageObject","inLanguage":"es","@id":"https:\/\/teammutantecuador.com\/#\/schema\/logo\/image\/","url":"https:\/\/teammutantecuador.com\/wp-content\/uploads\/2026\/01\/Diseno-sin-titulo-97.png","contentUrl":"https:\/\/teammutantecuador.com\/wp-content\/uploads\/2026\/01\/Diseno-sin-titulo-97.png","width":500,"height":300,"caption":"Team Mutan Ecuador"},"image":{"@id":"https:\/\/teammutantecuador.com\/#\/schema\/logo\/image\/"}}]}},"_links":{"self":[{"href":"https:\/\/teammutantecuador.com\/index.php?rest_route=\/wp\/v2\/product\/1612","targetHints":{"allow":["GET"]}}],"collection":[{"href":"https:\/\/teammutantecuador.com\/index.php?rest_route=\/wp\/v2\/product"}],"about":[{"href":"https:\/\/teammutantecuador.com\/index.php?rest_route=\/wp\/v2\/types\/product"}],"replies":[{"embeddable":true,"href":"https:\/\/teammutantecuador.com\/index.php?rest_route=%2Fwp%2Fv2%2Fcomments&post=1612"}],"wp:attachment":[{"href":"https:\/\/teammutantecuador.com\/index.php?rest_route=%2Fwp%2Fv2%2Fmedia&parent=1612"}],"wp:term":[{"taxonomy":"product_brand","embeddable":true,"href":"https:\/\/teammutantecuador.com\/index.php?rest_route=%2Fwp%2Fv2%2Fproduct_brand&post=1612"},{"taxonomy":"product_cat","embeddable":true,"href":"https:\/\/teammutantecuador.com\/index.php?rest_route=%2Fwp%2Fv2%2Fproduct_cat&post=1612"},{"taxonomy":"product_tag","embeddable":true,"href":"https:\/\/teammutantecuador.com\/index.php?rest_route=%2Fwp%2Fv2%2Fproduct_tag&post=1612"}],"curies":[{"name":"wp","href":"https:\/\/api.w.org\/{rel}","templated":true}]}}