{"id":1608,"date":"2026-01-17T16:04:29","date_gmt":"2026-01-17T16:04:29","guid":{"rendered":"https:\/\/teammutantecuador.com\/?post_type=product&#038;p=1608"},"modified":"2026-01-17T16:04:31","modified_gmt":"2026-01-17T16:04:31","slug":"ratigra-100mg-4-tabletas-sildenafil-cooper-pharma","status":"publish","type":"product","link":"https:\/\/teammutantecuador.com\/?product=ratigra-100mg-4-tabletas-sildenafil-cooper-pharma","title":{"rendered":"Ratigra 100Mg 4 Tabletas sildenafil Cooper Pharma"},"content":{"rendered":"<p><b>Desde ahora no mencionaremos m\u00e1s la palabra \u201cviagra\u201d, porque corresponde a una marca registrada de laboratorios Pfizer; de aqu\u00ed en adelante, hablaremos de SILDENAFIL, ya que es el componente activo de \u00e9ste f\u00e1rmaco.<\/b><\/p>\n<p>El sildenafil, m\u00e1s conocida como la \u201cpastilla az\u00fal\u201d o \u201cpap\u00e1 pitufo\u201d. Sus presentaciones son en pastillas, casi siempre de color az\u00fal y vienen de 25, 50 y 100mg. Vienen ranuradas (con un tajo en el medio, para dividir su toma) y se recomienda no sobrepasar los 100mg a lo largo del d\u00eda en personas adultas-j\u00f3venes. Leer las recomendaciones descritas m\u00e1s abajo.<\/p>\n<p>Podr\u00eda apostar que todos aqu\u00ed sabemos para qu\u00e9 sirve \u201cla pastilla az\u00fal\u201d, primariamente. Pues s\u00ed no lo sabes (\u00a1qu\u00e9 extra\u00f1o!), es un f\u00e1rmaco para tratar la disfunci\u00f3n er\u00e9ctil en el var\u00f3n.<br \/>\nAhora bien si nos trasladamos para el lado del entrenamiento, puede traer\u00a0<b>m\u00faltiples beneficios<\/b>\u00a0mencionados a continuaci\u00f3n, pero antes, un poco de humor.<\/p>\n<p><a href=\"http:\/\/www.culturismo.cl\/wp-content\/uploads\/2013\/05\/chisteViagra.jpg\" target=\"_blank\" rel=\"nofollow noopener noreferrer\"><img decoding=\"async\" class=\"\" src=\"https:\/\/www.culturismo.cl\/wp-content\/uploads\/2013\/05\/chisteViagra-300x221.jpg\" alt=\"\" border=\"0\" data-lazy-type=\"image\" data-src=\"https:\/\/www.culturismo.cl\/wp-content\/uploads\/2013\/05\/chisteViagra-300x221.jpg\" \/><\/a>Muchos piensan que eso podr\u00eda pasar si se consume sildenafil en un contexto no-sexual. Pues esto es falso, porque para que ocurra una erecci\u00f3n, debe haber obligatoriamente un estimulo f\u00edsico; esto va de la mano con lo psicol\u00f3gico. Por cierto, deb\u00eda poner esta vi\u00f1eta, \u00bfno es graciosa?<\/p>\n<p><b>\u2013 Evita la ansiedad<\/b>: Se ha observado en multiples personas que consumen sildenafil de forma regular en su entrenamiento, que se le suprime la ansiedad de comer \u201ccosas fuera de la dieta\u201d.<\/p>\n<p><b>\u2013 Vasodilatador<\/b>: Es el efecto cl\u00e1sico del que todos hablan. Se parece al tribulus o al \u00f3xido n\u00edtrico, ya que de hecho, el sildenafil es un precusor de \u00e9ste \u00faltimo. Vasodilataci\u00f3n es sin\u00f3nimo de venas gruesas y apariencia rocosa, SIN EMBARGO, la pastilla az\u00fal ha sido modificado por sus creadores para que act\u00fae principalmente en los m\u00fasculos lisos (ideal para el cuerpo cavernoso del pene) y no as\u00ed en los m\u00fasculos estriados (los que se ejercitan siempre)<br \/>\nPor esta \u00faltima raz\u00f3n, no se debe \u201csantificar\u201d tanto al sildenafil para entrenar, si bien ayuda en la vasodilataci\u00f3n, tampoco es tan efectivo como el \u00f3xido n\u00edtrico.<\/p>\n<p><b>\u2013 Dureza muscular<\/b>: Por la cantidad de sangre que recluta en el entreamiento, las congestiones que alcanzar\u00e1s son bestiales.<\/p>\n<p><b>\u2013 P\u00e9rdida de peso<\/b>: El consumo de este f\u00e1rmaco, te producir\u00e1 mayor gasto cal\u00f3rico, por un aceleramiento de tu metabolismo en base a los latidos card\u00edacos. Eso s\u00ed, que no te motive tanto esto, porque su consumo debe ser moderado ayudando al coraz\u00f3n a no sobrepasar sus l\u00edmites naturales; aqu\u00ed no se juega. Algo inteligente es conservar la misma dosis y si los latidos se aceleran demasiado, suspender su uso.<\/p>\n<p><b>\u2013 Ideal para competir<\/b>: Cuando tu porcentaje de grasa es inferior al 8%, consumir sildenafil antes de competir y un posterior bombeo, te engrosar\u00e1 visiblemente tus venas, d\u00e1ndote un aspecto m\u00e1s rocoso y duro ante los jueces.<\/p>\n<p><b>\u2013 Energ\u00eda<\/b>: Si sientes que respiras mejor y que tus bronquios se dilatan, no est\u00e1s loco. El sildenafil cuando fue creado, era inicialmente para tratar problemas de la angina, entonces este es \u201cel plus\u201d que te entrega, adem\u00e1s de todo lo mencionado. Si sientes mayor oxigenaci\u00f3n al entrenar, m\u00e1s energ\u00eda y concentraci\u00f3n, ya sabes por qu\u00e9 es.<\/p>\n<p>Cuando el sildenafil haga su efecto, te dar\u00e1s cuenta que tus ojos se pondr\u00e1n de color rojo y tus labios se engrosar\u00e1n, tambi\u00e9n sentir\u00e1s algo de confusi\u00f3n y sensaci\u00f3n como si te fuera a dar gripe; todo esto es por el efecto de la irrigaci\u00f3n sangu\u00ednea producto del f\u00e1rmaco. La \u201cmagia\u201d comienza a ocurrir a los 40 minutos despu\u00e9s de haberlo consumido.<\/p>\n<p><b>\u00bfQUI\u00c9NES NO PUEDEN CONSUMIR SILDENAFIL?<\/b><\/p>\n<p>\u2013 Personas con arritmia card\u00edaca o cualquier problema al coraz\u00f3n.<\/p>\n<p>\u2013 Gente con hipertensi\u00f3n arterial.<\/p>\n<p>-Pacientes que se est\u00e9n tratando con nitratos, como la nitroglicerina para el malestar de pecho.<\/p>\n<p>\u2013 Adultos mayores que NO tengan el visto bueno de su m\u00e9dico.<\/p>\n<p><b>\u00daLTIMOS TIPS<\/b><\/p>\n<p>-Se recomienda que el uso de sildenafil no sea superior a los 25mg para entrenar, ya que si superamos esa cantidad, nuestro coraz\u00f3n puede verse afectado versus un entrenamiento demasiado fuerte.<\/p>\n<p>-Tambi\u00e9n se recomienda usar la modalidad 3 week on\/ 3 off, vale decir, 3 semanas de consumo y 3 semanas sin su consumo; as\u00ed sucesivamente. Esto se hace para no saturar los receptores y evitar su dependencia o acostumbramiento a la dosis.<\/p>\n<p>\u2013 Ojal\u00e1 que su consumo sea durante \u00e9poca de dieta, porque mientras m\u00e1s limpio sea la minuta alimentaria, m\u00e1s r\u00e1pida y efectiva pescar\u00e1 el efecto del silde.<\/p>\n<p>Ahora ya sabes que el sildenafil no s\u00f3lo es \u00fatil para \u201ceso\u201d, puedes obtener beneficios musculares tambi\u00e9n.<\/p>\n","protected":false},"excerpt":{"rendered":"<p>El sildenafil, m\u00e1s conocida como la \u201cpastilla az\u00fal\u201d o \u201cpap\u00e1 pitufo\u201d. Sus presentaciones son en pastillas, casi siempre de color az\u00fal y vienen de 25, 50 y 100mg<\/p>\n","protected":false},"featured_media":0,"comment_status":"open","ping_status":"closed","template":"","meta":[],"product_brand":[],"product_cat":[335],"product_tag":[106,107,428,429],"class_list":{"0":"post-1608","1":"product","2":"type-product","3":"status-publish","5":"product_cat-sin-categorizar","6":"product_tag-cooper","7":"product_tag-cooper-pharma","8":"product_tag-sildenafil","9":"product_tag-viagra","11":"first","12":"instock","13":"sale","14":"shipping-taxable","15":"purchasable","16":"product-type-simple"},"yoast_head":"<!-- This site is optimized with the Yoast SEO plugin v26.8 - https:\/\/yoast.com\/product\/yoast-seo-wordpress\/ -->\n<title>Ratigra 100Mg 4 Tabletas sildenafil Cooper Pharma - Team Mutan Ecuador<\/title>\n<meta name=\"description\" content=\"El sildenafil, m\u00e1s conocida como la \u201cpastilla az\u00fal\u201d o \u201cpap\u00e1 pitufo\u201d. Sus presentaciones son en pastillas, casi siempre de color az\u00fal y vienen de 25, 50 y 100mg\" \/>\n<meta name=\"robots\" content=\"index, follow, max-snippet:-1, max-image-preview:large, max-video-preview:-1\" \/>\n<link rel=\"canonical\" href=\"https:\/\/teammutantecuador.com\/?product=ratigra-100mg-4-tabletas-sildenafil-cooper-pharma\" \/>\n<meta property=\"og:locale\" content=\"es_ES\" \/>\n<meta property=\"og:type\" content=\"article\" \/>\n<meta property=\"og:title\" content=\"Ratigra 100Mg 4 Tabletas sildenafil Cooper Pharma - Team Mutan Ecuador\" \/>\n<meta property=\"og:description\" content=\"El sildenafil, m\u00e1s conocida como la \u201cpastilla az\u00fal\u201d o \u201cpap\u00e1 pitufo\u201d. Sus presentaciones son en pastillas, casi siempre de color az\u00fal y vienen de 25, 50 y 100mg\" \/>\n<meta property=\"og:url\" content=\"https:\/\/teammutantecuador.com\/?product=ratigra-100mg-4-tabletas-sildenafil-cooper-pharma\" \/>\n<meta property=\"og:site_name\" content=\"Team Mutan Ecuador\" \/>\n<meta property=\"article:modified_time\" content=\"2026-01-17T16:04:31+00:00\" \/>\n<meta property=\"og:image\" content=\"https:\/\/www.culturismo.cl\/wp-content\/uploads\/2013\/05\/chisteViagra-300x221.jpg\" \/>\n<meta name=\"twitter:card\" content=\"summary_large_image\" \/>\n<meta name=\"twitter:label1\" content=\"Tiempo de lectura\" \/>\n\t<meta name=\"twitter:data1\" content=\"4 minutos\" \/>\n<script type=\"application\/ld+json\" class=\"yoast-schema-graph\">{\"@context\":\"https:\/\/schema.org\",\"@graph\":[{\"@type\":\"WebPage\",\"@id\":\"https:\/\/teammutantecuador.com\/?product=ratigra-100mg-4-tabletas-sildenafil-cooper-pharma\",\"url\":\"https:\/\/teammutantecuador.com\/?product=ratigra-100mg-4-tabletas-sildenafil-cooper-pharma\",\"name\":\"Ratigra 100Mg 4 Tabletas sildenafil Cooper Pharma - Team Mutan Ecuador\",\"isPartOf\":{\"@id\":\"https:\/\/teammutantecuador.com\/#website\"},\"primaryImageOfPage\":{\"@id\":\"https:\/\/teammutantecuador.com\/?product=ratigra-100mg-4-tabletas-sildenafil-cooper-pharma#primaryimage\"},\"image\":{\"@id\":\"https:\/\/teammutantecuador.com\/?product=ratigra-100mg-4-tabletas-sildenafil-cooper-pharma#primaryimage\"},\"thumbnailUrl\":\"https:\/\/www.culturismo.cl\/wp-content\/uploads\/2013\/05\/chisteViagra-300x221.jpg\",\"datePublished\":\"2026-01-17T16:04:29+00:00\",\"dateModified\":\"2026-01-17T16:04:31+00:00\",\"description\":\"El sildenafil, m\u00e1s conocida como la \u201cpastilla az\u00fal\u201d o \u201cpap\u00e1 pitufo\u201d. Sus presentaciones son en pastillas, casi siempre de color az\u00fal y vienen de 25, 50 y 100mg\",\"breadcrumb\":{\"@id\":\"https:\/\/teammutantecuador.com\/?product=ratigra-100mg-4-tabletas-sildenafil-cooper-pharma#breadcrumb\"},\"inLanguage\":\"es\",\"potentialAction\":[{\"@type\":\"ReadAction\",\"target\":[\"https:\/\/teammutantecuador.com\/?product=ratigra-100mg-4-tabletas-sildenafil-cooper-pharma\"]}]},{\"@type\":\"ImageObject\",\"inLanguage\":\"es\",\"@id\":\"https:\/\/teammutantecuador.com\/?product=ratigra-100mg-4-tabletas-sildenafil-cooper-pharma#primaryimage\",\"url\":\"https:\/\/www.culturismo.cl\/wp-content\/uploads\/2013\/05\/chisteViagra-300x221.jpg\",\"contentUrl\":\"https:\/\/www.culturismo.cl\/wp-content\/uploads\/2013\/05\/chisteViagra-300x221.jpg\"},{\"@type\":\"BreadcrumbList\",\"@id\":\"https:\/\/teammutantecuador.com\/?product=ratigra-100mg-4-tabletas-sildenafil-cooper-pharma#breadcrumb\",\"itemListElement\":[{\"@type\":\"ListItem\",\"position\":1,\"name\":\"Portada\",\"item\":\"https:\/\/teammutantecuador.com\/\"},{\"@type\":\"ListItem\",\"position\":2,\"name\":\"Shop\",\"item\":\"https:\/\/teammutantecuador.com\/?page_id=6\"},{\"@type\":\"ListItem\",\"position\":3,\"name\":\"Ratigra 100Mg 4 Tabletas sildenafil Cooper Pharma\"}]},{\"@type\":\"WebSite\",\"@id\":\"https:\/\/teammutantecuador.com\/#website\",\"url\":\"https:\/\/teammutantecuador.com\/\",\"name\":\"Team Mutan Ecuador\",\"description\":\"Just another WordPress site\",\"publisher\":{\"@id\":\"https:\/\/teammutantecuador.com\/#organization\"},\"potentialAction\":[{\"@type\":\"SearchAction\",\"target\":{\"@type\":\"EntryPoint\",\"urlTemplate\":\"https:\/\/teammutantecuador.com\/?s={search_term_string}\"},\"query-input\":{\"@type\":\"PropertyValueSpecification\",\"valueRequired\":true,\"valueName\":\"search_term_string\"}}],\"inLanguage\":\"es\"},{\"@type\":\"Organization\",\"@id\":\"https:\/\/teammutantecuador.com\/#organization\",\"name\":\"Team Mutan Ecuador\",\"url\":\"https:\/\/teammutantecuador.com\/\",\"logo\":{\"@type\":\"ImageObject\",\"inLanguage\":\"es\",\"@id\":\"https:\/\/teammutantecuador.com\/#\/schema\/logo\/image\/\",\"url\":\"https:\/\/teammutantecuador.com\/wp-content\/uploads\/2026\/01\/Diseno-sin-titulo-97.png\",\"contentUrl\":\"https:\/\/teammutantecuador.com\/wp-content\/uploads\/2026\/01\/Diseno-sin-titulo-97.png\",\"width\":500,\"height\":300,\"caption\":\"Team Mutan Ecuador\"},\"image\":{\"@id\":\"https:\/\/teammutantecuador.com\/#\/schema\/logo\/image\/\"}}]}<\/script>\n<!-- \/ Yoast SEO plugin. -->","yoast_head_json":{"title":"Ratigra 100Mg 4 Tabletas sildenafil Cooper Pharma - Team Mutan Ecuador","description":"El sildenafil, m\u00e1s conocida como la \u201cpastilla az\u00fal\u201d o \u201cpap\u00e1 pitufo\u201d. Sus presentaciones son en pastillas, casi siempre de color az\u00fal y vienen de 25, 50 y 100mg","robots":{"index":"index","follow":"follow","max-snippet":"max-snippet:-1","max-image-preview":"max-image-preview:large","max-video-preview":"max-video-preview:-1"},"canonical":"https:\/\/teammutantecuador.com\/?product=ratigra-100mg-4-tabletas-sildenafil-cooper-pharma","og_locale":"es_ES","og_type":"article","og_title":"Ratigra 100Mg 4 Tabletas sildenafil Cooper Pharma - Team Mutan Ecuador","og_description":"El sildenafil, m\u00e1s conocida como la \u201cpastilla az\u00fal\u201d o \u201cpap\u00e1 pitufo\u201d. Sus presentaciones son en pastillas, casi siempre de color az\u00fal y vienen de 25, 50 y 100mg","og_url":"https:\/\/teammutantecuador.com\/?product=ratigra-100mg-4-tabletas-sildenafil-cooper-pharma","og_site_name":"Team Mutan Ecuador","article_modified_time":"2026-01-17T16:04:31+00:00","og_image":[{"url":"https:\/\/www.culturismo.cl\/wp-content\/uploads\/2013\/05\/chisteViagra-300x221.jpg","type":"","width":"","height":""}],"twitter_card":"summary_large_image","twitter_misc":{"Tiempo de lectura":"4 minutos"},"schema":{"@context":"https:\/\/schema.org","@graph":[{"@type":"WebPage","@id":"https:\/\/teammutantecuador.com\/?product=ratigra-100mg-4-tabletas-sildenafil-cooper-pharma","url":"https:\/\/teammutantecuador.com\/?product=ratigra-100mg-4-tabletas-sildenafil-cooper-pharma","name":"Ratigra 100Mg 4 Tabletas sildenafil Cooper Pharma - Team Mutan Ecuador","isPartOf":{"@id":"https:\/\/teammutantecuador.com\/#website"},"primaryImageOfPage":{"@id":"https:\/\/teammutantecuador.com\/?product=ratigra-100mg-4-tabletas-sildenafil-cooper-pharma#primaryimage"},"image":{"@id":"https:\/\/teammutantecuador.com\/?product=ratigra-100mg-4-tabletas-sildenafil-cooper-pharma#primaryimage"},"thumbnailUrl":"https:\/\/www.culturismo.cl\/wp-content\/uploads\/2013\/05\/chisteViagra-300x221.jpg","datePublished":"2026-01-17T16:04:29+00:00","dateModified":"2026-01-17T16:04:31+00:00","description":"El sildenafil, m\u00e1s conocida como la \u201cpastilla az\u00fal\u201d o \u201cpap\u00e1 pitufo\u201d. Sus presentaciones son en pastillas, casi siempre de color az\u00fal y vienen de 25, 50 y 100mg","breadcrumb":{"@id":"https:\/\/teammutantecuador.com\/?product=ratigra-100mg-4-tabletas-sildenafil-cooper-pharma#breadcrumb"},"inLanguage":"es","potentialAction":[{"@type":"ReadAction","target":["https:\/\/teammutantecuador.com\/?product=ratigra-100mg-4-tabletas-sildenafil-cooper-pharma"]}]},{"@type":"ImageObject","inLanguage":"es","@id":"https:\/\/teammutantecuador.com\/?product=ratigra-100mg-4-tabletas-sildenafil-cooper-pharma#primaryimage","url":"https:\/\/www.culturismo.cl\/wp-content\/uploads\/2013\/05\/chisteViagra-300x221.jpg","contentUrl":"https:\/\/www.culturismo.cl\/wp-content\/uploads\/2013\/05\/chisteViagra-300x221.jpg"},{"@type":"BreadcrumbList","@id":"https:\/\/teammutantecuador.com\/?product=ratigra-100mg-4-tabletas-sildenafil-cooper-pharma#breadcrumb","itemListElement":[{"@type":"ListItem","position":1,"name":"Portada","item":"https:\/\/teammutantecuador.com\/"},{"@type":"ListItem","position":2,"name":"Shop","item":"https:\/\/teammutantecuador.com\/?page_id=6"},{"@type":"ListItem","position":3,"name":"Ratigra 100Mg 4 Tabletas sildenafil Cooper Pharma"}]},{"@type":"WebSite","@id":"https:\/\/teammutantecuador.com\/#website","url":"https:\/\/teammutantecuador.com\/","name":"Team Mutan Ecuador","description":"Just another WordPress site","publisher":{"@id":"https:\/\/teammutantecuador.com\/#organization"},"potentialAction":[{"@type":"SearchAction","target":{"@type":"EntryPoint","urlTemplate":"https:\/\/teammutantecuador.com\/?s={search_term_string}"},"query-input":{"@type":"PropertyValueSpecification","valueRequired":true,"valueName":"search_term_string"}}],"inLanguage":"es"},{"@type":"Organization","@id":"https:\/\/teammutantecuador.com\/#organization","name":"Team Mutan Ecuador","url":"https:\/\/teammutantecuador.com\/","logo":{"@type":"ImageObject","inLanguage":"es","@id":"https:\/\/teammutantecuador.com\/#\/schema\/logo\/image\/","url":"https:\/\/teammutantecuador.com\/wp-content\/uploads\/2026\/01\/Diseno-sin-titulo-97.png","contentUrl":"https:\/\/teammutantecuador.com\/wp-content\/uploads\/2026\/01\/Diseno-sin-titulo-97.png","width":500,"height":300,"caption":"Team Mutan Ecuador"},"image":{"@id":"https:\/\/teammutantecuador.com\/#\/schema\/logo\/image\/"}}]}},"_links":{"self":[{"href":"https:\/\/teammutantecuador.com\/index.php?rest_route=\/wp\/v2\/product\/1608","targetHints":{"allow":["GET"]}}],"collection":[{"href":"https:\/\/teammutantecuador.com\/index.php?rest_route=\/wp\/v2\/product"}],"about":[{"href":"https:\/\/teammutantecuador.com\/index.php?rest_route=\/wp\/v2\/types\/product"}],"replies":[{"embeddable":true,"href":"https:\/\/teammutantecuador.com\/index.php?rest_route=%2Fwp%2Fv2%2Fcomments&post=1608"}],"wp:attachment":[{"href":"https:\/\/teammutantecuador.com\/index.php?rest_route=%2Fwp%2Fv2%2Fmedia&parent=1608"}],"wp:term":[{"taxonomy":"product_brand","embeddable":true,"href":"https:\/\/teammutantecuador.com\/index.php?rest_route=%2Fwp%2Fv2%2Fproduct_brand&post=1608"},{"taxonomy":"product_cat","embeddable":true,"href":"https:\/\/teammutantecuador.com\/index.php?rest_route=%2Fwp%2Fv2%2Fproduct_cat&post=1608"},{"taxonomy":"product_tag","embeddable":true,"href":"https:\/\/teammutantecuador.com\/index.php?rest_route=%2Fwp%2Fv2%2Fproduct_tag&post=1608"}],"curies":[{"name":"wp","href":"https:\/\/api.w.org\/{rel}","templated":true}]}}