{"id":1607,"date":"2026-01-17T16:04:29","date_gmt":"2026-01-17T16:04:29","guid":{"rendered":"https:\/\/teammutantecuador.com\/?post_type=product&#038;p=1607"},"modified":"2026-01-19T11:57:42","modified_gmt":"2026-01-19T11:57:42","slug":"anazbol-1mg-50-tabletas-cooper-pharma","status":"publish","type":"product","link":"https:\/\/teammutantecuador.com\/?product=anazbol-1mg-50-tabletas-cooper-pharma","title":{"rendered":"Anazbol 1Mg 50 Tabletas Cooper Pharma"},"content":{"rendered":"<p>Anastrabol es tener los ingredientes de la droga llamada Anastrozole 1mg. El anastrazol pertenece a una clase de medicamentos llamados inhibidores de la aromatasa no esteroideos. Anastrabol reduce los niveles de estr\u00f3geno en las mujeres posmenop\u00e1usicas, lo que puede ralentizar el crecimiento de ciertos tipos de tumores de mama que necesitan estr\u00f3geno para crecer en el cuerpo. Funciona disminuyendo la cantidad de estr\u00f3geno que el cuerpo hace. Anastrabol tambi\u00e9n se utiliza a veces para prevenir el c\u00e1ncer de mama en las mujeres que est\u00e1n en alto riesgo de desarrollar la enfermedad. Esto puede retardar o detener el crecimiento de muchos tipos de c\u00e9lulas de c\u00e1ncer de mama que necesitan estr\u00f3geno para crecer.<\/p>\n<p>Para los culturistas masculinos que usan esteroides, El anastrozol puede ser f\u00e1rmaco eficaz en la lucha contra el exceso de estr\u00f3genos. Por lo general se toma con Nolvadex para asegurar los efectos secundarios relacionados con el estr\u00f3geno se evitan. , resulta para el resultado m\u00e1s ideales. Con Anastrozol prevenir la producci\u00f3n de estr\u00f3genos y con finasteride prevenir la conversi\u00f3n de testosterona a DHT (dihidrotestosterona), usted tiene un d\u00fao eficaz en la eliminaci\u00f3n de estas hormonas \u201d (estr\u00f3geno y DHT) efectos indeseables, por lo que el culturismo se refiere. Propecia es un inhibidor espec\u00edfico de la 5a-reductasa, la enzima responsable de la conversi\u00f3n de testosterona a DHT. Propecia reduce la concentraci\u00f3n s\u00e9rica de DHT y por lo tanto reduce los efectos androg\u00e9nicos no deseados como calvicie de patr\u00f3n masculino, perdida muscular y ginecomastia.<\/p>\n<p>Si est\u00e1s usando esteroides altamente aromatizable, como la testosterona, se puede lograr impresionantes ganancias musculares con disminuci\u00f3n de la posibilidad de retenci\u00f3n de agua y la ginecomastia si usted apila con anastrozol y Propecia. El resultado es un f\u00edsico m\u00e1s desgarrado y definido.<\/p>\n<p>Es err\u00f3neo pensar, sin embargo, que el estr\u00f3geno y sus efectos (especialmente la retenci\u00f3n de agua y grasa) son absolutamente perjudiciales para culturismo. Recuerde que esta hormona tambi\u00e9n es responsable de la fuerza muscular y ganancias. Por consiguiente, que minimiza la aparici\u00f3n de lesiones, ya que mejora la capacidad de las fibras musculares para soportar la tensi\u00f3n contr\u00e1ctil o estr\u00e9s. Observe que uno de los efectos secundarios del uso de anastrozol (Como se menciona abajo) es la probabilidad de que surjan fracturas, un inconveniente principal de esta droga. Esto es porque cuando anastrozol efectivamente bloquea la formaci\u00f3n de estr\u00f3genos, it bloquea eficazmente los beneficios de esta hormona, as\u00ed. Es por esto que muchos todav\u00eda decidir por antagonistas de los receptores de estr\u00f3geno como Nolvadex y Clomid porque estos f\u00e1rmacos permiten cierta actividad del estr\u00f3geno en el cuerpo.<\/p>\n<p>Promover, inhibidores de la aromatasa como anastrozol tienen la tendencia a suprimida por completo la actividad del estr\u00f3geno, incluyendo su efecto positivo sobre los niveles de colesterol en el cuerpo. Anastrozol se conoce para disminuir el HDL (lipoprote\u00edna de alta densidad), o lo que se conoce com\u00fanmente como el colesterol \u201cbueno\u201d.<\/p>\n<p><strong>Dosis<\/strong><\/p>\n<p>La dosis diaria para los hombres es de 0,5 mg a 3 mg. Para mujeres, una dosis m\u00e1xima de 1 mg por d\u00eda es suficiente para combatir los efectos secundarios estrog\u00e9nicos. Debido a anastrozol tiene una vida activa corta, Las dosis se toman generalmente de dos a seis veces al d\u00eda a intervalos iguales. Durante PCT, atletas normalmente comienzan con una dosis m\u00e1s elevada luego implementar una disminuci\u00f3n progresiva de la dosis. El protocolo PCT normalmente tiene una duraci\u00f3n de siete a 14 d\u00eda.<\/p>\n<p>En los estudios cl\u00ednicos, se ha observado que una dosis diaria de 1 mg de estos resultados de la droga a m\u00e1s de 80% de la supresi\u00f3n de estr\u00f3genos.<\/p>\n<p>Uno de los principales inconvenientes de este medicamento es su alto costo. Una caja de 28 tabletas podr\u00eda costar alrededor $250-280. Culturistas recreativos no optan por este medicamento a pesar de su eficacia por el simple hecho de que es demasiado costoso.<\/p>\n<p>presentacion: 50 pastillas 1 mg anastrozole<\/p>\n<p>Esteroides y ginecomastia Los usuarios de esteroides son los candidatos con m\u00e1s riesgo de padecer ginecomastia debido a la propia naturaleza de los esteroides consumidos en algunos casos y en otros debido al modo de acci\u00f3n de estos una vez administrados. Como sabr\u00e1, much\u00edsimos esteroides est\u00e1n derivados de la testosterona, por lo que se convierten en estr\u00f3genos v\u00eda aromatasa. Este proceso causa una acumulaci\u00f3n de estr\u00f3genos en el cuerpo, los cuales se unen a los receptores de dicha hormona en el tejido mamario produciendo ginecomastia. Por lo general, los usuarios que experimenten esto, empezar\u00e1n teniendo \u201cpuffy nipples\u201d (pezones hinchados), y en algunos casos una ginecomastia completa (tambi\u00e9n conocida como\u00a0\u201cbitch tits\u201d). La mayor\u00eda de usuarios de estas sustancias quieren evitar este horroroso efecto secundario; por lo que suelen tomar precauciones (aunque en algunos casos estas no servir\u00e1n debido a la respuesta individual de cada uno a las sustancias). Con diferencia, los SERMs (moduladores selectivos de los receptores estrog\u00e9nicos), son la medida m\u00e1s usada para prevenir la ginecomastia. Tambi\u00e9n se usan IAs (inhibidores de la aromatasa) y antagonistas de los receptores de estr\u00f3geno. F\u00e1rmacos, disruptores endocrinos ambientales y ginecomastia La lista de f\u00e1rmacos que la producen va en aumento cada a\u00f1o. Antiandr\u00f3genos:\u00a0ciproterona, finastiride (Proscar), flutamida, ketokonazol, espironolactona. Hormonas ex\u00f3genas:\u00a0andr\u00f3genos y esteroides anabolizantes, estr\u00f3genos,\u00a0hormona de crecimiento, gonadotropinas. Exposici\u00f3n no intencional:\u00a0aceites en esencias, cremas vaginales y lociones antica\u00edda\u00a0de cabello que contienen estr\u00f3genos, leche y carne de vaca\u00a0tratada con estr\u00f3genos, fitoestr\u00f3genos, soja\u2026 Abuso de drogas:\u00a0anfetaminas, alcohol, hero\u00edna, marihuana. F\u00e1rmacos utilizados en Neurolog\u00eda y Psiquiatr\u00eda:\u00a0diazepam (Valium), haloperidol, opioides, fenotiacinas,\u00a0fenitoina, risperidona, antidepresivos tric\u00edclicos\u2026 Cardiovasculales:\u00a0amiodarona, IECA\u00a0(inhibidores de la enzima convertidora de la angiotensina),\u00a0bloqueantes de los canales del calcio, digoxina,\u00a0reserpina, espironolactona\u2026 Antiulcerosos:\u00a0cimetidina, omeprazol, ranitidina, metoclopramida. Hipolipemiantes:\u00a0fenofibrato. Antineopl\u00e1sicos e inmunomoduladores:\u00a0agentes alquilantes, bleomicina, cisplatino, ciclosporina,\u00a0metotrexate, vincristina\u2026 Antimicrobianos:\u00a0etionamida, antiretrovirales, isoniacida, ketokonazol, metronidazol. Otras: Penicilamina. Asimismo debemos investigar sustancias qu\u00edmicas ambientales (disruptores endocrinos) que la produzcan. Se ha publicado un estudio, en donde la aplicaci\u00f3n t\u00f3pica de aceites de lavanda y \u00e1rbol de t\u00e9 (tienen acci\u00f3n estrog\u00e9nica d\u00e9bil y propiedades antiandrog\u00e9nicas) provoc\u00f3 ginecomastia en 3 chicos prep\u00faberes de 3-10 a\u00f1os y que el cese en la aplicaci\u00f3n condujo a una resoluci\u00f3n espont\u00e1nea de la misma\u00a0[4]. Tambi\u00e9n se ha asociado ginecomastia con la ingesti\u00f3n de un t\u00e9 de hierbas [5]. Prevenci\u00f3n de la ginecomastia en los usuarios de esteroides Durante d\u00e9cadas, muchos usuarios de esteroides se han suplementado con citrato de tamoxifeno (Nolvadex), un SERM para combatir la aparici\u00f3n de ginecomastia [6]. El\u00a0citrato de tamoxifeno\u00a0evita la uni\u00f3n del estr\u00f3geno con sus receptores; de ning\u00fan modo lo reduce como creen algunos, adem\u00e1s su efecto es fuertemente\u00a0localizado en las gl\u00e1ndulas mamarias. Sin embargo para muchos no es suficiente (aunque es una medida de prevenci\u00f3n s\u00f3lida) y prefieren usar un inhibidor de la aromatasa (IA). El IA reducir\u00e1 la cantidad de estr\u00f3geno en el cuerpo (ya que evita la conversi\u00f3n de las hormonas usadas a estr\u00f3genos en gran medida) y se enlazar\u00e1 con el que quede.\u00a0Sepa que el IA es bastante m\u00e1s potente que el SERM en la labor deseada.\u00a0Los dos inhibidores de la aromatasa m\u00e1s usados son el anastrozol (Arimidex)\u00a0 y el letrozol (Femara).<\/p>\n<p>Los siguientes esteroides act\u00faan diferente:<\/p>\n<p>Trembolona (Finaplix\/Finajet\/Parabolan)<\/p>\n<p>Nandrolona (Deca-durabolin)<\/p>\n<p>Oximetolona (Anadrol)<\/p>\n<p>Noretandrolona (Nilevar)<\/p>\n<p>Estos esteroides no aromatizan a estr\u00f3genos, pero se han registrado casos de ginecomastia por su consumo a\u00fan incluyendo un IA o un SERM, esto puede ser debido a su capacidad para aumentar los niveles de prolactina y progesterona en sangre. Debido a esto puede ser recomendable combinarlos con\u00a0estanozolol (Winstrol). El\u00a0estanozolol es un\u00a0derivado de la DHT que puede competir de forma selectiva con la progesterona y otras progestinas naturales y sint\u00e9ticas (los esteroides anteriormente nombrados) en los\u00a0receptores de progestina; con el inconveniente de que produce\u00a0una reducci\u00f3n de los procesos antiinflamatorios mediados por la progesterona y un aumento de la percepci\u00f3n de molestias en las articulaciones. Respecto a los niveles altos de\u00a0prolactina, pueden suprimir los de gonadotropina y bajar los de testosterona, LH y FSH, acompa\u00f1ado esto con hiperprolactinemia, aunque no siempre sucede ya que en determinados casos la prolactina puede generar galactorrea\/ginecomastia sin afectar a los niveles de ganodotropina . Sin embargo,\u00a0tambi\u00e9n existen estudios en pacientes que poseen niveles elevados de prolactina inducidos por drogas, con niveles de gonadotropinas normales y no presentaban ginecomastia.<\/p>\n<p>Por tanto, ser\u00eda conveniente realizarse an\u00e1lisis de sangre para controlar estos marcadores y, s\u00f3lo si fuese necesario, podr\u00eda ser \u00fatil evaluar la posibilidad de utilizar bromocriptina (Parlodel) o Cabergolina (Sogilen) para evitar una posible ginecomastia. Eliminar la ginecomastia Una vez ha aparecido la ginecomastia, en muchos casos es imposible eliminarla sin cirug\u00eda, es por ello que los usuarios de esteroides toman muchas precauciones. Cuando un usuario de estas sustancias empieza a sentir sensibles sus pezones o a dolerle; deber\u00eda empezar a usar un IA para evitar el inminente desastre. Por esta raz\u00f3n, tomar\u00a0anastrozol, letrozol, exemestano (Aromasin) Anazbol, etc. es mejor idea si se empieza a notar la posible ginecomastia (al ser muy potentes), hasta entonces, con un SERM es suficiente. Aun as\u00ed, como he comentado, hay gente tan propensa a padecer esta patolog\u00eda que ning\u00fan IA ser\u00e1 capaz de evitar su aparici\u00f3n. Para estos individuos, la cirug\u00eda ser\u00e1 la \u00fanica opci\u00f3n viable; ya que deben eliminar las gl\u00e1ndulas mamarias (de todas formas, es una operaci\u00f3n r\u00e1pida y simple). Casi siempre, se har\u00e1 una peque\u00f1a incisi\u00f3n en la areola para realizar la extracci\u00f3n, y esta no dejar\u00e1 cicatrices en la mayor\u00eda de casos. Tambi\u00e9n puede entrar en juego una liposucci\u00f3n para eliminar el tejido adiposo sobrante (ya que tambi\u00e9n puede ser un problema como hemos comentado).<\/p>\n<p>&nbsp;<\/p>\n","protected":false},"excerpt":{"rendered":"<p>Anastrabol es tener los ingredientes de la droga llamada Anastrozole 1mg. El anastrazol pertenece a una clase de medicamentos llamados inhibidores de la aromatasa no esteroideos.<\/p>\n","protected":false},"featured_media":1762,"comment_status":"open","ping_status":"closed","template":"","meta":[],"product_brand":[112],"product_cat":[392],"product_tag":[105,197,227,106,107],"class_list":{"0":"post-1607","1":"product","2":"type-product","3":"status-publish","4":"has-post-thumbnail","6":"product_brand-cooper-pharma","7":"product_cat-anabolicos","8":"product_tag-anabolico","9":"product_tag-anastrozol","10":"product_tag-anazbol","11":"product_tag-cooper","12":"product_tag-cooper-pharma","14":"first","15":"instock","16":"sale","17":"shipping-taxable","18":"purchasable","19":"product-type-simple"},"yoast_head":"<!-- This site is optimized with the Yoast SEO plugin v26.8 - https:\/\/yoast.com\/product\/yoast-seo-wordpress\/ -->\n<title>Anazbol 1Mg 50 Tabletas Cooper Pharma - Team Mutan Ecuador<\/title>\n<meta name=\"description\" content=\"Anastrabol es tener los ingredientes de la droga llamada Anastrozole 1mg. El anastrazol pertenece a una clase de medicamentos llamados inhibidores de la aromatasa no esteroideos.\" \/>\n<meta name=\"robots\" content=\"index, follow, max-snippet:-1, max-image-preview:large, max-video-preview:-1\" \/>\n<link rel=\"canonical\" href=\"https:\/\/teammutantecuador.com\/?product=anazbol-1mg-50-tabletas-cooper-pharma\" \/>\n<meta property=\"og:locale\" content=\"es_ES\" \/>\n<meta property=\"og:type\" content=\"article\" \/>\n<meta property=\"og:title\" content=\"Anazbol 1Mg 50 Tabletas Cooper Pharma - Team Mutan Ecuador\" \/>\n<meta property=\"og:description\" content=\"Anastrabol es tener los ingredientes de la droga llamada Anastrozole 1mg. El anastrazol pertenece a una clase de medicamentos llamados inhibidores de la aromatasa no esteroideos.\" \/>\n<meta property=\"og:url\" content=\"https:\/\/teammutantecuador.com\/?product=anazbol-1mg-50-tabletas-cooper-pharma\" \/>\n<meta property=\"og:site_name\" content=\"Team Mutan Ecuador\" \/>\n<meta property=\"article:modified_time\" content=\"2026-01-19T11:57:42+00:00\" \/>\n<meta property=\"og:image\" content=\"https:\/\/teammutantecuador.com\/wp-content\/uploads\/2026\/01\/Diseno-sin-titulo-2026-01-16T234255.268.jpg\" \/>\n\t<meta property=\"og:image:width\" content=\"800\" \/>\n\t<meta property=\"og:image:height\" content=\"800\" \/>\n\t<meta property=\"og:image:type\" content=\"image\/jpeg\" \/>\n<meta name=\"twitter:card\" content=\"summary_large_image\" \/>\n<meta name=\"twitter:label1\" content=\"Tiempo de lectura\" \/>\n\t<meta name=\"twitter:data1\" content=\"7 minutos\" \/>\n<script type=\"application\/ld+json\" class=\"yoast-schema-graph\">{\"@context\":\"https:\/\/schema.org\",\"@graph\":[{\"@type\":\"WebPage\",\"@id\":\"https:\/\/teammutantecuador.com\/?product=anazbol-1mg-50-tabletas-cooper-pharma\",\"url\":\"https:\/\/teammutantecuador.com\/?product=anazbol-1mg-50-tabletas-cooper-pharma\",\"name\":\"Anazbol 1Mg 50 Tabletas Cooper Pharma - Team Mutan Ecuador\",\"isPartOf\":{\"@id\":\"https:\/\/teammutantecuador.com\/#website\"},\"primaryImageOfPage\":{\"@id\":\"https:\/\/teammutantecuador.com\/?product=anazbol-1mg-50-tabletas-cooper-pharma#primaryimage\"},\"image\":{\"@id\":\"https:\/\/teammutantecuador.com\/?product=anazbol-1mg-50-tabletas-cooper-pharma#primaryimage\"},\"thumbnailUrl\":\"https:\/\/teammutantecuador.com\/wp-content\/uploads\/2026\/01\/Diseno-sin-titulo-2026-01-16T234255.268.jpg\",\"datePublished\":\"2026-01-17T16:04:29+00:00\",\"dateModified\":\"2026-01-19T11:57:42+00:00\",\"description\":\"Anastrabol es tener los ingredientes de la droga llamada Anastrozole 1mg. El anastrazol pertenece a una clase de medicamentos llamados inhibidores de la aromatasa no esteroideos.\",\"breadcrumb\":{\"@id\":\"https:\/\/teammutantecuador.com\/?product=anazbol-1mg-50-tabletas-cooper-pharma#breadcrumb\"},\"inLanguage\":\"es\",\"potentialAction\":[{\"@type\":\"ReadAction\",\"target\":[\"https:\/\/teammutantecuador.com\/?product=anazbol-1mg-50-tabletas-cooper-pharma\"]}]},{\"@type\":\"ImageObject\",\"inLanguage\":\"es\",\"@id\":\"https:\/\/teammutantecuador.com\/?product=anazbol-1mg-50-tabletas-cooper-pharma#primaryimage\",\"url\":\"https:\/\/teammutantecuador.com\/wp-content\/uploads\/2026\/01\/Diseno-sin-titulo-2026-01-16T234255.268.jpg\",\"contentUrl\":\"https:\/\/teammutantecuador.com\/wp-content\/uploads\/2026\/01\/Diseno-sin-titulo-2026-01-16T234255.268.jpg\",\"width\":800,\"height\":800,\"caption\":\"anazbol cooper\"},{\"@type\":\"BreadcrumbList\",\"@id\":\"https:\/\/teammutantecuador.com\/?product=anazbol-1mg-50-tabletas-cooper-pharma#breadcrumb\",\"itemListElement\":[{\"@type\":\"ListItem\",\"position\":1,\"name\":\"Portada\",\"item\":\"https:\/\/teammutantecuador.com\/\"},{\"@type\":\"ListItem\",\"position\":2,\"name\":\"Shop\",\"item\":\"https:\/\/teammutantecuador.com\/?page_id=6\"},{\"@type\":\"ListItem\",\"position\":3,\"name\":\"Anazbol 1Mg 50 Tabletas Cooper Pharma\"}]},{\"@type\":\"WebSite\",\"@id\":\"https:\/\/teammutantecuador.com\/#website\",\"url\":\"https:\/\/teammutantecuador.com\/\",\"name\":\"Team Mutan Ecuador\",\"description\":\"Just another WordPress site\",\"publisher\":{\"@id\":\"https:\/\/teammutantecuador.com\/#organization\"},\"potentialAction\":[{\"@type\":\"SearchAction\",\"target\":{\"@type\":\"EntryPoint\",\"urlTemplate\":\"https:\/\/teammutantecuador.com\/?s={search_term_string}\"},\"query-input\":{\"@type\":\"PropertyValueSpecification\",\"valueRequired\":true,\"valueName\":\"search_term_string\"}}],\"inLanguage\":\"es\"},{\"@type\":\"Organization\",\"@id\":\"https:\/\/teammutantecuador.com\/#organization\",\"name\":\"Team Mutan Ecuador\",\"url\":\"https:\/\/teammutantecuador.com\/\",\"logo\":{\"@type\":\"ImageObject\",\"inLanguage\":\"es\",\"@id\":\"https:\/\/teammutantecuador.com\/#\/schema\/logo\/image\/\",\"url\":\"https:\/\/teammutantecuador.com\/wp-content\/uploads\/2026\/01\/Diseno-sin-titulo-97.png\",\"contentUrl\":\"https:\/\/teammutantecuador.com\/wp-content\/uploads\/2026\/01\/Diseno-sin-titulo-97.png\",\"width\":500,\"height\":300,\"caption\":\"Team Mutan Ecuador\"},\"image\":{\"@id\":\"https:\/\/teammutantecuador.com\/#\/schema\/logo\/image\/\"}}]}<\/script>\n<!-- \/ Yoast SEO plugin. -->","yoast_head_json":{"title":"Anazbol 1Mg 50 Tabletas Cooper Pharma - Team Mutan Ecuador","description":"Anastrabol es tener los ingredientes de la droga llamada Anastrozole 1mg. El anastrazol pertenece a una clase de medicamentos llamados inhibidores de la aromatasa no esteroideos.","robots":{"index":"index","follow":"follow","max-snippet":"max-snippet:-1","max-image-preview":"max-image-preview:large","max-video-preview":"max-video-preview:-1"},"canonical":"https:\/\/teammutantecuador.com\/?product=anazbol-1mg-50-tabletas-cooper-pharma","og_locale":"es_ES","og_type":"article","og_title":"Anazbol 1Mg 50 Tabletas Cooper Pharma - Team Mutan Ecuador","og_description":"Anastrabol es tener los ingredientes de la droga llamada Anastrozole 1mg. El anastrazol pertenece a una clase de medicamentos llamados inhibidores de la aromatasa no esteroideos.","og_url":"https:\/\/teammutantecuador.com\/?product=anazbol-1mg-50-tabletas-cooper-pharma","og_site_name":"Team Mutan Ecuador","article_modified_time":"2026-01-19T11:57:42+00:00","og_image":[{"width":800,"height":800,"url":"https:\/\/teammutantecuador.com\/wp-content\/uploads\/2026\/01\/Diseno-sin-titulo-2026-01-16T234255.268.jpg","type":"image\/jpeg"}],"twitter_card":"summary_large_image","twitter_misc":{"Tiempo de lectura":"7 minutos"},"schema":{"@context":"https:\/\/schema.org","@graph":[{"@type":"WebPage","@id":"https:\/\/teammutantecuador.com\/?product=anazbol-1mg-50-tabletas-cooper-pharma","url":"https:\/\/teammutantecuador.com\/?product=anazbol-1mg-50-tabletas-cooper-pharma","name":"Anazbol 1Mg 50 Tabletas Cooper Pharma - Team Mutan Ecuador","isPartOf":{"@id":"https:\/\/teammutantecuador.com\/#website"},"primaryImageOfPage":{"@id":"https:\/\/teammutantecuador.com\/?product=anazbol-1mg-50-tabletas-cooper-pharma#primaryimage"},"image":{"@id":"https:\/\/teammutantecuador.com\/?product=anazbol-1mg-50-tabletas-cooper-pharma#primaryimage"},"thumbnailUrl":"https:\/\/teammutantecuador.com\/wp-content\/uploads\/2026\/01\/Diseno-sin-titulo-2026-01-16T234255.268.jpg","datePublished":"2026-01-17T16:04:29+00:00","dateModified":"2026-01-19T11:57:42+00:00","description":"Anastrabol es tener los ingredientes de la droga llamada Anastrozole 1mg. El anastrazol pertenece a una clase de medicamentos llamados inhibidores de la aromatasa no esteroideos.","breadcrumb":{"@id":"https:\/\/teammutantecuador.com\/?product=anazbol-1mg-50-tabletas-cooper-pharma#breadcrumb"},"inLanguage":"es","potentialAction":[{"@type":"ReadAction","target":["https:\/\/teammutantecuador.com\/?product=anazbol-1mg-50-tabletas-cooper-pharma"]}]},{"@type":"ImageObject","inLanguage":"es","@id":"https:\/\/teammutantecuador.com\/?product=anazbol-1mg-50-tabletas-cooper-pharma#primaryimage","url":"https:\/\/teammutantecuador.com\/wp-content\/uploads\/2026\/01\/Diseno-sin-titulo-2026-01-16T234255.268.jpg","contentUrl":"https:\/\/teammutantecuador.com\/wp-content\/uploads\/2026\/01\/Diseno-sin-titulo-2026-01-16T234255.268.jpg","width":800,"height":800,"caption":"anazbol cooper"},{"@type":"BreadcrumbList","@id":"https:\/\/teammutantecuador.com\/?product=anazbol-1mg-50-tabletas-cooper-pharma#breadcrumb","itemListElement":[{"@type":"ListItem","position":1,"name":"Portada","item":"https:\/\/teammutantecuador.com\/"},{"@type":"ListItem","position":2,"name":"Shop","item":"https:\/\/teammutantecuador.com\/?page_id=6"},{"@type":"ListItem","position":3,"name":"Anazbol 1Mg 50 Tabletas Cooper Pharma"}]},{"@type":"WebSite","@id":"https:\/\/teammutantecuador.com\/#website","url":"https:\/\/teammutantecuador.com\/","name":"Team Mutan Ecuador","description":"Just another WordPress site","publisher":{"@id":"https:\/\/teammutantecuador.com\/#organization"},"potentialAction":[{"@type":"SearchAction","target":{"@type":"EntryPoint","urlTemplate":"https:\/\/teammutantecuador.com\/?s={search_term_string}"},"query-input":{"@type":"PropertyValueSpecification","valueRequired":true,"valueName":"search_term_string"}}],"inLanguage":"es"},{"@type":"Organization","@id":"https:\/\/teammutantecuador.com\/#organization","name":"Team Mutan Ecuador","url":"https:\/\/teammutantecuador.com\/","logo":{"@type":"ImageObject","inLanguage":"es","@id":"https:\/\/teammutantecuador.com\/#\/schema\/logo\/image\/","url":"https:\/\/teammutantecuador.com\/wp-content\/uploads\/2026\/01\/Diseno-sin-titulo-97.png","contentUrl":"https:\/\/teammutantecuador.com\/wp-content\/uploads\/2026\/01\/Diseno-sin-titulo-97.png","width":500,"height":300,"caption":"Team Mutan Ecuador"},"image":{"@id":"https:\/\/teammutantecuador.com\/#\/schema\/logo\/image\/"}}]}},"_links":{"self":[{"href":"https:\/\/teammutantecuador.com\/index.php?rest_route=\/wp\/v2\/product\/1607","targetHints":{"allow":["GET"]}}],"collection":[{"href":"https:\/\/teammutantecuador.com\/index.php?rest_route=\/wp\/v2\/product"}],"about":[{"href":"https:\/\/teammutantecuador.com\/index.php?rest_route=\/wp\/v2\/types\/product"}],"replies":[{"embeddable":true,"href":"https:\/\/teammutantecuador.com\/index.php?rest_route=%2Fwp%2Fv2%2Fcomments&post=1607"}],"wp:featuredmedia":[{"embeddable":true,"href":"https:\/\/teammutantecuador.com\/index.php?rest_route=\/wp\/v2\/media\/1762"}],"wp:attachment":[{"href":"https:\/\/teammutantecuador.com\/index.php?rest_route=%2Fwp%2Fv2%2Fmedia&parent=1607"}],"wp:term":[{"taxonomy":"product_brand","embeddable":true,"href":"https:\/\/teammutantecuador.com\/index.php?rest_route=%2Fwp%2Fv2%2Fproduct_brand&post=1607"},{"taxonomy":"product_cat","embeddable":true,"href":"https:\/\/teammutantecuador.com\/index.php?rest_route=%2Fwp%2Fv2%2Fproduct_cat&post=1607"},{"taxonomy":"product_tag","embeddable":true,"href":"https:\/\/teammutantecuador.com\/index.php?rest_route=%2Fwp%2Fv2%2Fproduct_tag&post=1607"}],"curies":[{"name":"wp","href":"https:\/\/api.w.org\/{rel}","templated":true}]}}