{"id":1604,"date":"2026-01-17T16:04:29","date_gmt":"2026-01-17T16:04:29","guid":{"rendered":"https:\/\/teammutantecuador.com\/?post_type=product&#038;p=1604"},"modified":"2026-01-20T16:22:39","modified_gmt":"2026-01-20T16:22:39","slug":"oxybolic-50mg-50-tabletas-cooper-pharma","status":"publish","type":"product","link":"https:\/\/teammutantecuador.com\/?product=oxybolic-50mg-50-tabletas-cooper-pharma","title":{"rendered":"Oxybolic 50Mg 50 Tabletas Cooper Pharma"},"content":{"rendered":"<p>Oxybolic (anadrol 50mg) oxymetholone Cooper Pharma, farmaceutica altamente calificada existente desde hace 30 a\u00f1os, con certificaciones y acreditaciones internacional; ISO, GMP, WHO-GMP, TGA-Australia, FDA. \u00a0Cooper Pharma Limited es un fabricante l\u00edder de medicamentos gen\u00e9ricos y \u00e9ticos con sede en Delhi, la capital de la India.<\/p>\n<h2><img loading=\"lazy\" decoding=\"async\" class=\" wp-image-812 alignleft\" src=\"https:\/\/cooperpharmaecuadoroficial.com\/wp-content\/uploads\/2020\/08\/anadrol1-555x327-1.png\" alt=\"\" width=\"402\" height=\"237\" \/>Oxymetolona<\/h2>\n<div class=\"separator\">\u00a0Las propiedades andr\u00f3genas a penas var\u00edan de la testosterona lo que induce dram\u00e1ticamente el crecimiento \u00a0muscular y fuerza sin embargo presenta altas cargas hepat\u00f3xicas, por lo\u00a0que\u00a0conviene utilizarlo bajo\u00a0control y en ciclos cortos, junto con\u00a0LivoPlus\u00a0y\u00a0Estrogenex hitech<\/div>\n<div><\/div>\n<div>\n<p>&nbsp;<\/p>\n<p><b>Perfil:<\/b><\/p>\n<ul>\n<li>Actividad: 12 a 16 horas<\/li>\n<li>Dosis media hombres: de 50 a 150 mg.\/ d\u00eda<\/li>\n<li>Dosis media mujeres: de 5 a 20 mg.\/d\u00eda<\/li>\n<li>Toxicidad hep\u00e1tica: Muy alta<\/li>\n<li>Tasa de aromatizaci\u00f3n: No<\/li>\n<li>Conversi\u00f3n DHT: Alta<\/li>\n<li>Disminuir la funci\u00f3n HPTA: Muy alta<\/li>\n<li>Tasa Anab\u00f3lico \/ androg\u00e9nico: 320 \/ 45<\/li>\n<li>Derivado de: DHT ( Dihidrotestosterona )<\/li>\n<\/ul>\n<p>Este esteroide anab\u00f3lico ha sido ampliamente utilizado entre fisiculturistas y atletas. Cabe destacar que en dosis altas, sin la administraci\u00f3n de alg\u00fan depurador hep\u00e1tico, puede llegar a ser muy da\u00f1ino. La aplicaci\u00f3n cl\u00ednica es para anemia y osteoporosis, aunque pronto se descubrieron productos no esteroideos mucho m\u00e1s efectivos para ambas enfermedades.<\/p>\n<p>Estudios cl\u00ednicos demostraron efectos androg\u00e9nicos bastante fuertes, acompa\u00f1ado de efectos anab\u00f3licos bastante intensos, crecimiento sostenido de la masa muscular, acompa\u00f1ado de aumento de fuerza. La retenci\u00f3n de agua en los m\u00fasculos produce un efecto de \u201cfalsa hipertrofia\u201d que ayuda a restituir las fibras musculares despu\u00e9s del ejercicio. Otro de los factores es que la Oximetolona incrementa la eritropoyesis (n\u00famero de eritrocitos circulantes) para mejorar el funcionamiento aer\u00f3bico permitiendo que el m\u00fasculo obtenga m\u00e1s ox\u00edgeno. El m\u00fasculo tiene as\u00ed una resistencia y un nivel de funcionamiento m\u00e1s alto.<\/p>\n<p>De los esteroides anab\u00f3licos en el fisicoculturismo, muy probablemente, el Anadrol (oximetolona) ocupe el segundo lugar s\u00f3lo por detr\u00e1s del Dianabol (metandrostenolona). Este ha tenido una gran relevancia dentro de la medicina, sobre todo por su uso en el tratamiento contra la anemia y todav\u00eda m\u00e1s recientemente, como auxiliar en el mantenimiento de masa muscular sin grasa en pacientes con VIH. Aunque debido a sus efectos secundarios, muchos lo consideran como una droga muy fuerte, por lo tanto fuera del culturismo no se utiliza.<\/p>\n<p><b>Combinar la Oximetolona<\/b><\/p>\n<p>Un tema aun m\u00e1s interesante se refiere al uso del Anadrol con otros esteroides. Por ejemplo: combinar Anadrol con Dianabol aporta poco beneficio extra al ciclo del esteroide, adem\u00e1s de ser muy peligroso, en cambio, tomar Anadrol con acetato de trembolona o Anavar (oxandrolona) o Testostorena, proporciona un mejoramiento espectacular. As\u00ed, su comportamiento al tomarse con otros esteroides se asemeja al del Dianabol pero no al de la trembolona. Quiz\u00e1, porque a diferencia de la trembolona, la oximetolona no se mezcla bien con el receptor andr\u00f3geno y es posible que la mayor parte de su efecto anabolizante no sea asimilado gen\u00f3micamente a trav\u00e9s del receptor andr\u00f3geno (RA).<\/p>\n<p>En s\u00edntesis, una de las formas m\u00e1s eficaces para mejorar el ciclo de esteroides, se logra mediante el uso de Anadrol o Dianabol que son de clase II en combinaci\u00f3n con los esteroides anab\u00f3licos inyectables de clase I. No es necesario administrarse Anadrol y Dianabol simult\u00e1neamente, basta con escoger uno u otro. Con la atenci\u00f3n adecuada, los efectos secundarios son por lo general muy tolerables, y constituyen un riesgo para la salud aceptable.<\/p>\n<p><b>Efectos Secundarios<\/b><\/p>\n<p>Cuando se habla de culturismo, algunas veces, se tiende a pensar en los duros efectos adversos. En realidad, estos solo ocurren cuando los niveles de estr\u00f3geno son altos. En todo caso, para minimizar los efectos secundarios del Anadrol, habr\u00e1 que controlar los niveles de estradiol, ya sea mediante el uso de inhibidores de aromatasa como letrozole o Arimidex, o pareja compuesta por Provir\u00f3n y Tamoxifeno o bien, limitando el uso de esteroides aromatizantes como la testosterona.<\/p>\n<p>El principal efecto secundario que nos preocupa es la toxicidad del h\u00edgado, como es el caso de casi todos los esteroides anabolizantes orales a base de alquilos, aunque este es el m\u00e1s t\u00f3xico. Por lo tanto, es recomendable limitar su uso a 6 semanas y luego suspender por un tiempo equiparable. Si bien el h\u00edgado se regenera en tan solo la mitad de tiempo del uso de esteroides, lo prudente es permitir un tiempo igual de recuperaci\u00f3n.<\/p>\n<p>Otros efectos secundarios son los mismos que con los otros esteroides anab\u00f3licos en general, y pueden ser, alta presi\u00f3n y\/o volumen hematocrito, deterioro del perfil l\u00edpido de la sangre, agrandamiento de la pr\u00f3stata, que puede ser temporal, posible desarrollo de acn\u00e9 y\/o calvicie, si se tiene el gen de la calvicie de patr\u00f3n masculino.<\/p>\n<p><b>Dosis<\/b><\/p>\n<p>La dosis usual es de 50-150 mg\/d\u00eda. En algunos casos una dosis de 200 mg\/d\u00eda puede tomarse siempre y cuando sea debidamente complementada con uno o mas esteroides anab\u00f3licos. En general se obtiene poco beneficio adicional cuando se excede de 150 mg\/d\u00eda y mucho m\u00e1s riesgo hep\u00e1tico. Personalmente no lo recomiendo o en todo caso en dosis de 50 mg. d\u00eda.<\/p>\n<p>La Oximetolona en las mujeres, personalmente no lo recomiendo\u00a0ya que el<br \/>\nriesgo de virilizaci\u00f3n es muy alto. De hecho, con el tiempo, algunas mujeres por su nivel natural de andr\u00f3genos llegan a desarrollar vello facial y su voz enronquece. Lo cierto es que una mujer pudiera estar naturalmente en el umbral de la virilizacion.<\/p>\n<p>Ante tal situaci\u00f3n, cualquier androgeno adicional, incluso suplementos DHEA orales, puede detonar efectos secundarios de virilizaci\u00f3n. Por lo tanto, debemos comprender que siempre habr\u00e1 riesgo.<\/p>\n<p>FORMA FARMACEUTICA: Oral<\/p>\n<p>PRESENTACI\u00d3N: 50 Tabletas\/50mg<\/p>\n<p>FORMULA CADA TABLETA CONTIENE: Oxymetholone\u2026\u2026\u2026\u2026 50 mg<\/p>\n<p>INDICACIONES:<br \/>\n\u2022 Construcci\u00f3n de masa muscular.<br \/>\n\u2022 Preparaci\u00f3n de extrema fuerza ideal halterofilia \u2013 powerlifting<br \/>\n\u2022 Pre competencia culturista \u2013 fase volumen.<\/p>\n<\/div>\n","protected":false},"excerpt":{"rendered":"<p>Las propiedades andr\u00f3genas a penas var\u00edan de la testosterona lo que induce dram\u00e1ticamente el crecimiento \u00a0muscular y fuerza sin embargo presenta altas cargas hepat\u00f3xicas, por lo\u00a0que\u00a0conviene utilizarlo bajo\u00a0control y en ciclos cortos, junto con\u00a0LivoPlus\u00a0y\u00a0Estrogenex hitech<\/p>\n","protected":false},"featured_media":1791,"comment_status":"open","ping_status":"closed","template":"","meta":[],"product_brand":[151],"product_cat":[392],"product_tag":[105,106,107,223,224],"class_list":{"0":"post-1604","1":"product","2":"type-product","3":"status-publish","4":"has-post-thumbnail","6":"product_brand-mutant-pharma","7":"product_cat-anabolicos","8":"product_tag-anabolico","9":"product_tag-cooper","10":"product_tag-cooper-pharma","11":"product_tag-oxybolic","12":"product_tag-oxymetolona","14":"first","15":"instock","16":"sale","17":"shipping-taxable","18":"purchasable","19":"product-type-simple"},"yoast_head":"<!-- This site is optimized with the Yoast SEO plugin v26.8 - https:\/\/yoast.com\/product\/yoast-seo-wordpress\/ -->\n<title>Oxybolic 50Mg 50 Tabletas Cooper Pharma - Team Mutan Ecuador<\/title>\n<meta name=\"description\" content=\"Las propiedades andr\u00f3genas a penas var\u00edan de la testosterona lo que induce dram\u00e1ticamente el crecimiento \u00a0muscular y fuerza sin embargo presenta altas cargas hepat\u00f3xicas, por lo\u00a0que\u00a0conviene utilizarlo bajo\u00a0control y en ciclos cortos, junto con\u00a0LivoPlus\u00a0y\u00a0Estrogenex hitech\" \/>\n<meta name=\"robots\" content=\"index, follow, max-snippet:-1, max-image-preview:large, max-video-preview:-1\" \/>\n<link rel=\"canonical\" href=\"https:\/\/teammutantecuador.com\/?product=oxybolic-50mg-50-tabletas-cooper-pharma\" \/>\n<meta property=\"og:locale\" content=\"es_ES\" \/>\n<meta property=\"og:type\" content=\"article\" \/>\n<meta property=\"og:title\" content=\"Oxybolic 50Mg 50 Tabletas Cooper Pharma - Team Mutan Ecuador\" \/>\n<meta property=\"og:description\" content=\"Las propiedades andr\u00f3genas a penas var\u00edan de la testosterona lo que induce dram\u00e1ticamente el crecimiento \u00a0muscular y fuerza sin embargo presenta altas cargas hepat\u00f3xicas, por lo\u00a0que\u00a0conviene utilizarlo bajo\u00a0control y en ciclos cortos, junto con\u00a0LivoPlus\u00a0y\u00a0Estrogenex hitech\" \/>\n<meta property=\"og:url\" content=\"https:\/\/teammutantecuador.com\/?product=oxybolic-50mg-50-tabletas-cooper-pharma\" \/>\n<meta property=\"og:site_name\" content=\"Team Mutan Ecuador\" \/>\n<meta property=\"article:modified_time\" content=\"2026-01-20T16:22:39+00:00\" \/>\n<meta property=\"og:image\" content=\"https:\/\/teammutantecuador.com\/wp-content\/uploads\/2026\/01\/Diseno-sin-titulo-2026-01-17T004724.719.jpg\" \/>\n\t<meta property=\"og:image:width\" content=\"800\" \/>\n\t<meta property=\"og:image:height\" content=\"800\" \/>\n\t<meta property=\"og:image:type\" content=\"image\/jpeg\" \/>\n<meta name=\"twitter:card\" content=\"summary_large_image\" \/>\n<meta name=\"twitter:label1\" content=\"Tiempo de lectura\" \/>\n\t<meta name=\"twitter:data1\" content=\"5 minutos\" \/>\n<script type=\"application\/ld+json\" class=\"yoast-schema-graph\">{\"@context\":\"https:\/\/schema.org\",\"@graph\":[{\"@type\":\"WebPage\",\"@id\":\"https:\/\/teammutantecuador.com\/?product=oxybolic-50mg-50-tabletas-cooper-pharma\",\"url\":\"https:\/\/teammutantecuador.com\/?product=oxybolic-50mg-50-tabletas-cooper-pharma\",\"name\":\"Oxybolic 50Mg 50 Tabletas Cooper Pharma - Team Mutan Ecuador\",\"isPartOf\":{\"@id\":\"https:\/\/teammutantecuador.com\/#website\"},\"primaryImageOfPage\":{\"@id\":\"https:\/\/teammutantecuador.com\/?product=oxybolic-50mg-50-tabletas-cooper-pharma#primaryimage\"},\"image\":{\"@id\":\"https:\/\/teammutantecuador.com\/?product=oxybolic-50mg-50-tabletas-cooper-pharma#primaryimage\"},\"thumbnailUrl\":\"https:\/\/teammutantecuador.com\/wp-content\/uploads\/2026\/01\/Diseno-sin-titulo-2026-01-17T004724.719.jpg\",\"datePublished\":\"2026-01-17T16:04:29+00:00\",\"dateModified\":\"2026-01-20T16:22:39+00:00\",\"description\":\"Las propiedades andr\u00f3genas a penas var\u00edan de la testosterona lo que induce dram\u00e1ticamente el crecimiento \u00a0muscular y fuerza sin embargo presenta altas cargas hepat\u00f3xicas, por lo\u00a0que\u00a0conviene utilizarlo bajo\u00a0control y en ciclos cortos, junto con\u00a0LivoPlus\u00a0y\u00a0Estrogenex hitech\",\"breadcrumb\":{\"@id\":\"https:\/\/teammutantecuador.com\/?product=oxybolic-50mg-50-tabletas-cooper-pharma#breadcrumb\"},\"inLanguage\":\"es\",\"potentialAction\":[{\"@type\":\"ReadAction\",\"target\":[\"https:\/\/teammutantecuador.com\/?product=oxybolic-50mg-50-tabletas-cooper-pharma\"]}]},{\"@type\":\"ImageObject\",\"inLanguage\":\"es\",\"@id\":\"https:\/\/teammutantecuador.com\/?product=oxybolic-50mg-50-tabletas-cooper-pharma#primaryimage\",\"url\":\"https:\/\/teammutantecuador.com\/wp-content\/uploads\/2026\/01\/Diseno-sin-titulo-2026-01-17T004724.719.jpg\",\"contentUrl\":\"https:\/\/teammutantecuador.com\/wp-content\/uploads\/2026\/01\/Diseno-sin-titulo-2026-01-17T004724.719.jpg\",\"width\":800,\"height\":800,\"caption\":\"Oxybolic 50Mg 50 Tabletas Cooper Pharma\"},{\"@type\":\"BreadcrumbList\",\"@id\":\"https:\/\/teammutantecuador.com\/?product=oxybolic-50mg-50-tabletas-cooper-pharma#breadcrumb\",\"itemListElement\":[{\"@type\":\"ListItem\",\"position\":1,\"name\":\"Portada\",\"item\":\"https:\/\/teammutantecuador.com\/\"},{\"@type\":\"ListItem\",\"position\":2,\"name\":\"Shop\",\"item\":\"https:\/\/teammutantecuador.com\/?page_id=6\"},{\"@type\":\"ListItem\",\"position\":3,\"name\":\"Oxybolic 50Mg 50 Tabletas Cooper Pharma\"}]},{\"@type\":\"WebSite\",\"@id\":\"https:\/\/teammutantecuador.com\/#website\",\"url\":\"https:\/\/teammutantecuador.com\/\",\"name\":\"Team Mutan Ecuador\",\"description\":\"Just another WordPress site\",\"publisher\":{\"@id\":\"https:\/\/teammutantecuador.com\/#organization\"},\"potentialAction\":[{\"@type\":\"SearchAction\",\"target\":{\"@type\":\"EntryPoint\",\"urlTemplate\":\"https:\/\/teammutantecuador.com\/?s={search_term_string}\"},\"query-input\":{\"@type\":\"PropertyValueSpecification\",\"valueRequired\":true,\"valueName\":\"search_term_string\"}}],\"inLanguage\":\"es\"},{\"@type\":\"Organization\",\"@id\":\"https:\/\/teammutantecuador.com\/#organization\",\"name\":\"Team Mutan Ecuador\",\"url\":\"https:\/\/teammutantecuador.com\/\",\"logo\":{\"@type\":\"ImageObject\",\"inLanguage\":\"es\",\"@id\":\"https:\/\/teammutantecuador.com\/#\/schema\/logo\/image\/\",\"url\":\"https:\/\/teammutantecuador.com\/wp-content\/uploads\/2026\/01\/Diseno-sin-titulo-97.png\",\"contentUrl\":\"https:\/\/teammutantecuador.com\/wp-content\/uploads\/2026\/01\/Diseno-sin-titulo-97.png\",\"width\":500,\"height\":300,\"caption\":\"Team Mutan Ecuador\"},\"image\":{\"@id\":\"https:\/\/teammutantecuador.com\/#\/schema\/logo\/image\/\"}}]}<\/script>\n<!-- \/ Yoast SEO plugin. -->","yoast_head_json":{"title":"Oxybolic 50Mg 50 Tabletas Cooper Pharma - Team Mutan Ecuador","description":"Las propiedades andr\u00f3genas a penas var\u00edan de la testosterona lo que induce dram\u00e1ticamente el crecimiento \u00a0muscular y fuerza sin embargo presenta altas cargas hepat\u00f3xicas, por lo\u00a0que\u00a0conviene utilizarlo bajo\u00a0control y en ciclos cortos, junto con\u00a0LivoPlus\u00a0y\u00a0Estrogenex hitech","robots":{"index":"index","follow":"follow","max-snippet":"max-snippet:-1","max-image-preview":"max-image-preview:large","max-video-preview":"max-video-preview:-1"},"canonical":"https:\/\/teammutantecuador.com\/?product=oxybolic-50mg-50-tabletas-cooper-pharma","og_locale":"es_ES","og_type":"article","og_title":"Oxybolic 50Mg 50 Tabletas Cooper Pharma - Team Mutan Ecuador","og_description":"Las propiedades andr\u00f3genas a penas var\u00edan de la testosterona lo que induce dram\u00e1ticamente el crecimiento \u00a0muscular y fuerza sin embargo presenta altas cargas hepat\u00f3xicas, por lo\u00a0que\u00a0conviene utilizarlo bajo\u00a0control y en ciclos cortos, junto con\u00a0LivoPlus\u00a0y\u00a0Estrogenex hitech","og_url":"https:\/\/teammutantecuador.com\/?product=oxybolic-50mg-50-tabletas-cooper-pharma","og_site_name":"Team Mutan Ecuador","article_modified_time":"2026-01-20T16:22:39+00:00","og_image":[{"width":800,"height":800,"url":"https:\/\/teammutantecuador.com\/wp-content\/uploads\/2026\/01\/Diseno-sin-titulo-2026-01-17T004724.719.jpg","type":"image\/jpeg"}],"twitter_card":"summary_large_image","twitter_misc":{"Tiempo de lectura":"5 minutos"},"schema":{"@context":"https:\/\/schema.org","@graph":[{"@type":"WebPage","@id":"https:\/\/teammutantecuador.com\/?product=oxybolic-50mg-50-tabletas-cooper-pharma","url":"https:\/\/teammutantecuador.com\/?product=oxybolic-50mg-50-tabletas-cooper-pharma","name":"Oxybolic 50Mg 50 Tabletas Cooper Pharma - Team Mutan Ecuador","isPartOf":{"@id":"https:\/\/teammutantecuador.com\/#website"},"primaryImageOfPage":{"@id":"https:\/\/teammutantecuador.com\/?product=oxybolic-50mg-50-tabletas-cooper-pharma#primaryimage"},"image":{"@id":"https:\/\/teammutantecuador.com\/?product=oxybolic-50mg-50-tabletas-cooper-pharma#primaryimage"},"thumbnailUrl":"https:\/\/teammutantecuador.com\/wp-content\/uploads\/2026\/01\/Diseno-sin-titulo-2026-01-17T004724.719.jpg","datePublished":"2026-01-17T16:04:29+00:00","dateModified":"2026-01-20T16:22:39+00:00","description":"Las propiedades andr\u00f3genas a penas var\u00edan de la testosterona lo que induce dram\u00e1ticamente el crecimiento \u00a0muscular y fuerza sin embargo presenta altas cargas hepat\u00f3xicas, por lo\u00a0que\u00a0conviene utilizarlo bajo\u00a0control y en ciclos cortos, junto con\u00a0LivoPlus\u00a0y\u00a0Estrogenex hitech","breadcrumb":{"@id":"https:\/\/teammutantecuador.com\/?product=oxybolic-50mg-50-tabletas-cooper-pharma#breadcrumb"},"inLanguage":"es","potentialAction":[{"@type":"ReadAction","target":["https:\/\/teammutantecuador.com\/?product=oxybolic-50mg-50-tabletas-cooper-pharma"]}]},{"@type":"ImageObject","inLanguage":"es","@id":"https:\/\/teammutantecuador.com\/?product=oxybolic-50mg-50-tabletas-cooper-pharma#primaryimage","url":"https:\/\/teammutantecuador.com\/wp-content\/uploads\/2026\/01\/Diseno-sin-titulo-2026-01-17T004724.719.jpg","contentUrl":"https:\/\/teammutantecuador.com\/wp-content\/uploads\/2026\/01\/Diseno-sin-titulo-2026-01-17T004724.719.jpg","width":800,"height":800,"caption":"Oxybolic 50Mg 50 Tabletas Cooper Pharma"},{"@type":"BreadcrumbList","@id":"https:\/\/teammutantecuador.com\/?product=oxybolic-50mg-50-tabletas-cooper-pharma#breadcrumb","itemListElement":[{"@type":"ListItem","position":1,"name":"Portada","item":"https:\/\/teammutantecuador.com\/"},{"@type":"ListItem","position":2,"name":"Shop","item":"https:\/\/teammutantecuador.com\/?page_id=6"},{"@type":"ListItem","position":3,"name":"Oxybolic 50Mg 50 Tabletas Cooper Pharma"}]},{"@type":"WebSite","@id":"https:\/\/teammutantecuador.com\/#website","url":"https:\/\/teammutantecuador.com\/","name":"Team Mutan Ecuador","description":"Just another WordPress site","publisher":{"@id":"https:\/\/teammutantecuador.com\/#organization"},"potentialAction":[{"@type":"SearchAction","target":{"@type":"EntryPoint","urlTemplate":"https:\/\/teammutantecuador.com\/?s={search_term_string}"},"query-input":{"@type":"PropertyValueSpecification","valueRequired":true,"valueName":"search_term_string"}}],"inLanguage":"es"},{"@type":"Organization","@id":"https:\/\/teammutantecuador.com\/#organization","name":"Team Mutan Ecuador","url":"https:\/\/teammutantecuador.com\/","logo":{"@type":"ImageObject","inLanguage":"es","@id":"https:\/\/teammutantecuador.com\/#\/schema\/logo\/image\/","url":"https:\/\/teammutantecuador.com\/wp-content\/uploads\/2026\/01\/Diseno-sin-titulo-97.png","contentUrl":"https:\/\/teammutantecuador.com\/wp-content\/uploads\/2026\/01\/Diseno-sin-titulo-97.png","width":500,"height":300,"caption":"Team Mutan Ecuador"},"image":{"@id":"https:\/\/teammutantecuador.com\/#\/schema\/logo\/image\/"}}]}},"_links":{"self":[{"href":"https:\/\/teammutantecuador.com\/index.php?rest_route=\/wp\/v2\/product\/1604","targetHints":{"allow":["GET"]}}],"collection":[{"href":"https:\/\/teammutantecuador.com\/index.php?rest_route=\/wp\/v2\/product"}],"about":[{"href":"https:\/\/teammutantecuador.com\/index.php?rest_route=\/wp\/v2\/types\/product"}],"replies":[{"embeddable":true,"href":"https:\/\/teammutantecuador.com\/index.php?rest_route=%2Fwp%2Fv2%2Fcomments&post=1604"}],"wp:featuredmedia":[{"embeddable":true,"href":"https:\/\/teammutantecuador.com\/index.php?rest_route=\/wp\/v2\/media\/1791"}],"wp:attachment":[{"href":"https:\/\/teammutantecuador.com\/index.php?rest_route=%2Fwp%2Fv2%2Fmedia&parent=1604"}],"wp:term":[{"taxonomy":"product_brand","embeddable":true,"href":"https:\/\/teammutantecuador.com\/index.php?rest_route=%2Fwp%2Fv2%2Fproduct_brand&post=1604"},{"taxonomy":"product_cat","embeddable":true,"href":"https:\/\/teammutantecuador.com\/index.php?rest_route=%2Fwp%2Fv2%2Fproduct_cat&post=1604"},{"taxonomy":"product_tag","embeddable":true,"href":"https:\/\/teammutantecuador.com\/index.php?rest_route=%2Fwp%2Fv2%2Fproduct_tag&post=1604"}],"curies":[{"name":"wp","href":"https:\/\/api.w.org\/{rel}","templated":true}]}}