{"id":1602,"date":"2026-01-17T16:04:29","date_gmt":"2026-01-17T16:04:29","guid":{"rendered":"https:\/\/teammutantecuador.com\/?post_type=product&#038;p=1602"},"modified":"2026-01-20T16:25:42","modified_gmt":"2026-01-20T16:25:42","slug":"primobolic-10amp-100mg","status":"publish","type":"product","link":"https:\/\/teammutantecuador.com\/?product=primobolic-10amp-100mg","title":{"rendered":"Primobolic 10Amp 100Mg"},"content":{"rendered":"<p><strong>Primobolic \u2013 Methenolone enantato<\/strong>\u00a0ofrece un patr\u00f3n similar de liberaci\u00f3n del esteroide, como el enantato de testosterona, con niveles hormonales en sangre muy elevados durante aproximadamente 2 semanas. El Methenolone en s\u00ed es un esteroide anab\u00f3lico moderadamente fuerte con\u00a0<em>propiedades androg\u00e9nicas muy bajas<\/em>. Su efecto anab\u00f3lico es considerado poco menos que el (decanoato de nandrolona).<\/p>\n<p><em>El Primobolan no se convierte en estr\u00f3geno<\/em>, asi que muestra muchas caracter\u00edsticas favorables. Los efectos secundarios relacionados con el estr\u00f3geno no deber\u00edan ser visto en absoluto cuando se utiliza este esteroide. Las personas sensibles no necesitan preocuparse por el desarrollo de ginecomastia, ni se tienen que preocupar por la retenci\u00f3n de agua con este medicamento.<\/p>\n<p>El\u00a0<strong>Methenolone enantato<\/strong>\u00a0se usa m\u00e1s com\u00fanmente durante los\u00a0<strong>ciclos de corte\u00a0y definici\u00f3n<\/strong>, cuando se quiere ganancia de masa muscular limpia.<\/p>\n<p>considerado como uno de los m\u00e1s seguros esteroides anab\u00f3licos disponibles. Los novatos y los atletas mayores de edad o aquellos muy sensibles a los efectos secundarios, sin duda, encontraran una droga muy favorable para su uso. La dosis \u201csegura\u201d para los hombres es 100-200mg por semana, un nivel que debe producir por lo menos un crecimiento muscular notable (1-2 kilos de masa muscular limpia). Entre los atletas, los hombres pueden responder a dosis semanales de 200 mg, pero los usuarios regulares por lo general se inyectan dosis mucho m\u00e1s altas para buscar un mayor efecto anab\u00f3lico. No es raro que un culturista tome 600 o 800 mg por semana, una serie que parece ser bastante productivo. Por supuesto, los efectos secundarios androg\u00e9nicos pueden llegar a ser m\u00e1s pronunciados con tal cantidad, pero en la mayor\u00eda de los casos a\u00fan debe ser bastante tolerable.<\/p>\n<p>Adem\u00e1s, es muy popular entre los culturistas masculinos juntar el\u00a0<strong>Primobolan<\/strong>\u00a0con otros esteroides con el fin de obtener un efecto m\u00e1s r\u00e1pido y m\u00e1s mejorado. Durante una fase de corte \/ definici\u00f3n un andr\u00f3geno no aromatizante, como el Halotestin (Flubolic) o la trembolona se puede a\u00f1adir. Tambi\u00e9n se puede juntar con el stanozolol (win<strong>obolic<\/strong>); El resultado de tal combinaci\u00f3n puede ayudar en un incremento en la masa muscular y la dureza, sin tener que preocuparse tanto por unos efectos secundarios mucho mayores.<\/p>\n<p>USO: Se emplea (primobolan) en planes de p\u00e9rdida de grasa y pre competencia, donde se busca conseguir un aspecto magro y duro de calidad del musculo del fisiculturista para su exposici\u00f3n en competencia. Es una sustancia muy valorada por las mujeres fitness profesionales, Primobolan el favorito en ciclos femeninos. Es considerado uno de los esteroides m\u00e1s seguros, lo que significa que tiene muy pocos efectos secundarios. Methenolone no tiene efectos secundarios estrog\u00e9nicos, y sus efectos sobre los niveles de colesterol son m\u00ednimos.<\/p>\n<p>INDICACIONES:<br \/>\n\u2022 Pre competencia, concursos de fitness y fisiculturismo.<br \/>\n\u2022 Utilizado por las personas que son muy susceptibles a los efectos secundarios estrog\u00e9nicos.<br \/>\n\u2022 La mejor opci\u00f3n para ciclos anab\u00f3licos para mujeres<\/p>\n<p>VIA DE ADMINISTRACI\u00d3N: Intramuscular Profunda.<\/p>\n<p>FORMA FARMACEUTICA: Soluci\u00f3n inyectable. Veh\u00edculo oleoso de color \u00e1mbar.<\/p>\n<p>PRESENTACI\u00d3N: 10 Ampolla de 1 ml\/ 100 mg<\/p>\n<p>FORMULA CADA ML CONTIENE:<br \/>\nEnantato de Metenolona\u2026\u2026\u2026\u2026\u2026\u2026\u2026100 mg\/ml<\/p>\n","protected":false},"excerpt":{"rendered":"<p>Se emplea (primobolan) en planes de p\u00e9rdida de grasa y pre competencia, donde se busca conseguir un aspecto magro y duro de calidad del musculo del fisiculturista para su exposici\u00f3n en competencia. Es una sustancia muy valorada por las mujeres fitness profesionales, Primobolan el favorito en ciclos femeninos. Es considerado uno de los esteroides m\u00e1s seguros, lo que significa que tiene muy pocos efectos secundarios. Methenolone no tiene efectos secundarios estrog\u00e9nicos, y sus efectos sobre los niveles de colesterol son m\u00ednimos.<\/p>\n","protected":false},"featured_media":1795,"comment_status":"open","ping_status":"closed","template":"","meta":[],"product_brand":[112],"product_cat":[392],"product_tag":[106,107,116,217,218,219],"class_list":{"0":"post-1602","1":"product","2":"type-product","3":"status-publish","4":"has-post-thumbnail","6":"product_brand-cooper-pharma","7":"product_cat-anabolicos","8":"product_tag-cooper","9":"product_tag-cooper-pharma","10":"product_tag-enandato","11":"product_tag-metenolona","12":"product_tag-primobolan","13":"product_tag-primobolic","15":"first","16":"instock","17":"sale","18":"shipping-taxable","19":"purchasable","20":"product-type-simple"},"yoast_head":"<!-- This site is optimized with the Yoast SEO plugin v26.8 - https:\/\/yoast.com\/product\/yoast-seo-wordpress\/ -->\n<title>Primobolic 10Amp 100Mg - Team Mutan Ecuador<\/title>\n<meta name=\"description\" content=\"Primobolic \u2013 Methenolone enantato\u00a0ofrece un patr\u00f3n similar de liberaci\u00f3n del esteroide, como el enantato de testosterona, con niveles hormonales en sangre muy elevados durante aproximadamente 2 semanas.\" \/>\n<meta name=\"robots\" content=\"index, follow, max-snippet:-1, max-image-preview:large, max-video-preview:-1\" \/>\n<link rel=\"canonical\" href=\"https:\/\/teammutantecuador.com\/?product=primobolic-10amp-100mg\" \/>\n<meta property=\"og:locale\" content=\"es_ES\" \/>\n<meta property=\"og:type\" content=\"article\" \/>\n<meta property=\"og:title\" content=\"Primobolic 10Amp 100Mg - Team Mutan Ecuador\" \/>\n<meta property=\"og:description\" content=\"Primobolic \u2013 Methenolone enantato\u00a0ofrece un patr\u00f3n similar de liberaci\u00f3n del esteroide, como el enantato de testosterona, con niveles hormonales en sangre muy elevados durante aproximadamente 2 semanas.\" \/>\n<meta property=\"og:url\" content=\"https:\/\/teammutantecuador.com\/?product=primobolic-10amp-100mg\" \/>\n<meta property=\"og:site_name\" content=\"Team Mutan Ecuador\" \/>\n<meta property=\"article:modified_time\" content=\"2026-01-20T16:25:42+00:00\" \/>\n<meta property=\"og:image\" content=\"https:\/\/teammutantecuador.com\/wp-content\/uploads\/2026\/01\/Primobolan-100-Mg-Mutant-Pharma-2.jpg\" \/>\n\t<meta property=\"og:image:width\" content=\"800\" \/>\n\t<meta property=\"og:image:height\" content=\"800\" \/>\n\t<meta property=\"og:image:type\" content=\"image\/jpeg\" \/>\n<meta name=\"twitter:card\" content=\"summary_large_image\" \/>\n<meta name=\"twitter:label1\" content=\"Tiempo de lectura\" \/>\n\t<meta name=\"twitter:data1\" content=\"3 minutos\" \/>\n<script type=\"application\/ld+json\" class=\"yoast-schema-graph\">{\"@context\":\"https:\/\/schema.org\",\"@graph\":[{\"@type\":\"WebPage\",\"@id\":\"https:\/\/teammutantecuador.com\/?product=primobolic-10amp-100mg\",\"url\":\"https:\/\/teammutantecuador.com\/?product=primobolic-10amp-100mg\",\"name\":\"Primobolic 10Amp 100Mg - Team Mutan Ecuador\",\"isPartOf\":{\"@id\":\"https:\/\/teammutantecuador.com\/#website\"},\"primaryImageOfPage\":{\"@id\":\"https:\/\/teammutantecuador.com\/?product=primobolic-10amp-100mg#primaryimage\"},\"image\":{\"@id\":\"https:\/\/teammutantecuador.com\/?product=primobolic-10amp-100mg#primaryimage\"},\"thumbnailUrl\":\"https:\/\/teammutantecuador.com\/wp-content\/uploads\/2026\/01\/Primobolan-100-Mg-Mutant-Pharma-2.jpg\",\"datePublished\":\"2026-01-17T16:04:29+00:00\",\"dateModified\":\"2026-01-20T16:25:42+00:00\",\"description\":\"Primobolic \u2013 Methenolone enantato\u00a0ofrece un patr\u00f3n similar de liberaci\u00f3n del esteroide, como el enantato de testosterona, con niveles hormonales en sangre muy elevados durante aproximadamente 2 semanas.\",\"breadcrumb\":{\"@id\":\"https:\/\/teammutantecuador.com\/?product=primobolic-10amp-100mg#breadcrumb\"},\"inLanguage\":\"es\",\"potentialAction\":[{\"@type\":\"ReadAction\",\"target\":[\"https:\/\/teammutantecuador.com\/?product=primobolic-10amp-100mg\"]}]},{\"@type\":\"ImageObject\",\"inLanguage\":\"es\",\"@id\":\"https:\/\/teammutantecuador.com\/?product=primobolic-10amp-100mg#primaryimage\",\"url\":\"https:\/\/teammutantecuador.com\/wp-content\/uploads\/2026\/01\/Primobolan-100-Mg-Mutant-Pharma-2.jpg\",\"contentUrl\":\"https:\/\/teammutantecuador.com\/wp-content\/uploads\/2026\/01\/Primobolan-100-Mg-Mutant-Pharma-2.jpg\",\"width\":800,\"height\":800,\"caption\":\"Primobolic 10Amp 100Mg\"},{\"@type\":\"BreadcrumbList\",\"@id\":\"https:\/\/teammutantecuador.com\/?product=primobolic-10amp-100mg#breadcrumb\",\"itemListElement\":[{\"@type\":\"ListItem\",\"position\":1,\"name\":\"Portada\",\"item\":\"https:\/\/teammutantecuador.com\/\"},{\"@type\":\"ListItem\",\"position\":2,\"name\":\"Shop\",\"item\":\"https:\/\/teammutantecuador.com\/?page_id=6\"},{\"@type\":\"ListItem\",\"position\":3,\"name\":\"Primobolic 10Amp 100Mg\"}]},{\"@type\":\"WebSite\",\"@id\":\"https:\/\/teammutantecuador.com\/#website\",\"url\":\"https:\/\/teammutantecuador.com\/\",\"name\":\"Team Mutan Ecuador\",\"description\":\"Just another WordPress site\",\"publisher\":{\"@id\":\"https:\/\/teammutantecuador.com\/#organization\"},\"potentialAction\":[{\"@type\":\"SearchAction\",\"target\":{\"@type\":\"EntryPoint\",\"urlTemplate\":\"https:\/\/teammutantecuador.com\/?s={search_term_string}\"},\"query-input\":{\"@type\":\"PropertyValueSpecification\",\"valueRequired\":true,\"valueName\":\"search_term_string\"}}],\"inLanguage\":\"es\"},{\"@type\":\"Organization\",\"@id\":\"https:\/\/teammutantecuador.com\/#organization\",\"name\":\"Team Mutan Ecuador\",\"url\":\"https:\/\/teammutantecuador.com\/\",\"logo\":{\"@type\":\"ImageObject\",\"inLanguage\":\"es\",\"@id\":\"https:\/\/teammutantecuador.com\/#\/schema\/logo\/image\/\",\"url\":\"https:\/\/teammutantecuador.com\/wp-content\/uploads\/2026\/01\/Diseno-sin-titulo-97.png\",\"contentUrl\":\"https:\/\/teammutantecuador.com\/wp-content\/uploads\/2026\/01\/Diseno-sin-titulo-97.png\",\"width\":500,\"height\":300,\"caption\":\"Team Mutan Ecuador\"},\"image\":{\"@id\":\"https:\/\/teammutantecuador.com\/#\/schema\/logo\/image\/\"}}]}<\/script>\n<!-- \/ Yoast SEO plugin. -->","yoast_head_json":{"title":"Primobolic 10Amp 100Mg - Team Mutan Ecuador","description":"Primobolic \u2013 Methenolone enantato\u00a0ofrece un patr\u00f3n similar de liberaci\u00f3n del esteroide, como el enantato de testosterona, con niveles hormonales en sangre muy elevados durante aproximadamente 2 semanas.","robots":{"index":"index","follow":"follow","max-snippet":"max-snippet:-1","max-image-preview":"max-image-preview:large","max-video-preview":"max-video-preview:-1"},"canonical":"https:\/\/teammutantecuador.com\/?product=primobolic-10amp-100mg","og_locale":"es_ES","og_type":"article","og_title":"Primobolic 10Amp 100Mg - Team Mutan Ecuador","og_description":"Primobolic \u2013 Methenolone enantato\u00a0ofrece un patr\u00f3n similar de liberaci\u00f3n del esteroide, como el enantato de testosterona, con niveles hormonales en sangre muy elevados durante aproximadamente 2 semanas.","og_url":"https:\/\/teammutantecuador.com\/?product=primobolic-10amp-100mg","og_site_name":"Team Mutan Ecuador","article_modified_time":"2026-01-20T16:25:42+00:00","og_image":[{"width":800,"height":800,"url":"https:\/\/teammutantecuador.com\/wp-content\/uploads\/2026\/01\/Primobolan-100-Mg-Mutant-Pharma-2.jpg","type":"image\/jpeg"}],"twitter_card":"summary_large_image","twitter_misc":{"Tiempo de lectura":"3 minutos"},"schema":{"@context":"https:\/\/schema.org","@graph":[{"@type":"WebPage","@id":"https:\/\/teammutantecuador.com\/?product=primobolic-10amp-100mg","url":"https:\/\/teammutantecuador.com\/?product=primobolic-10amp-100mg","name":"Primobolic 10Amp 100Mg - Team Mutan Ecuador","isPartOf":{"@id":"https:\/\/teammutantecuador.com\/#website"},"primaryImageOfPage":{"@id":"https:\/\/teammutantecuador.com\/?product=primobolic-10amp-100mg#primaryimage"},"image":{"@id":"https:\/\/teammutantecuador.com\/?product=primobolic-10amp-100mg#primaryimage"},"thumbnailUrl":"https:\/\/teammutantecuador.com\/wp-content\/uploads\/2026\/01\/Primobolan-100-Mg-Mutant-Pharma-2.jpg","datePublished":"2026-01-17T16:04:29+00:00","dateModified":"2026-01-20T16:25:42+00:00","description":"Primobolic \u2013 Methenolone enantato\u00a0ofrece un patr\u00f3n similar de liberaci\u00f3n del esteroide, como el enantato de testosterona, con niveles hormonales en sangre muy elevados durante aproximadamente 2 semanas.","breadcrumb":{"@id":"https:\/\/teammutantecuador.com\/?product=primobolic-10amp-100mg#breadcrumb"},"inLanguage":"es","potentialAction":[{"@type":"ReadAction","target":["https:\/\/teammutantecuador.com\/?product=primobolic-10amp-100mg"]}]},{"@type":"ImageObject","inLanguage":"es","@id":"https:\/\/teammutantecuador.com\/?product=primobolic-10amp-100mg#primaryimage","url":"https:\/\/teammutantecuador.com\/wp-content\/uploads\/2026\/01\/Primobolan-100-Mg-Mutant-Pharma-2.jpg","contentUrl":"https:\/\/teammutantecuador.com\/wp-content\/uploads\/2026\/01\/Primobolan-100-Mg-Mutant-Pharma-2.jpg","width":800,"height":800,"caption":"Primobolic 10Amp 100Mg"},{"@type":"BreadcrumbList","@id":"https:\/\/teammutantecuador.com\/?product=primobolic-10amp-100mg#breadcrumb","itemListElement":[{"@type":"ListItem","position":1,"name":"Portada","item":"https:\/\/teammutantecuador.com\/"},{"@type":"ListItem","position":2,"name":"Shop","item":"https:\/\/teammutantecuador.com\/?page_id=6"},{"@type":"ListItem","position":3,"name":"Primobolic 10Amp 100Mg"}]},{"@type":"WebSite","@id":"https:\/\/teammutantecuador.com\/#website","url":"https:\/\/teammutantecuador.com\/","name":"Team Mutan Ecuador","description":"Just another WordPress site","publisher":{"@id":"https:\/\/teammutantecuador.com\/#organization"},"potentialAction":[{"@type":"SearchAction","target":{"@type":"EntryPoint","urlTemplate":"https:\/\/teammutantecuador.com\/?s={search_term_string}"},"query-input":{"@type":"PropertyValueSpecification","valueRequired":true,"valueName":"search_term_string"}}],"inLanguage":"es"},{"@type":"Organization","@id":"https:\/\/teammutantecuador.com\/#organization","name":"Team Mutan Ecuador","url":"https:\/\/teammutantecuador.com\/","logo":{"@type":"ImageObject","inLanguage":"es","@id":"https:\/\/teammutantecuador.com\/#\/schema\/logo\/image\/","url":"https:\/\/teammutantecuador.com\/wp-content\/uploads\/2026\/01\/Diseno-sin-titulo-97.png","contentUrl":"https:\/\/teammutantecuador.com\/wp-content\/uploads\/2026\/01\/Diseno-sin-titulo-97.png","width":500,"height":300,"caption":"Team Mutan Ecuador"},"image":{"@id":"https:\/\/teammutantecuador.com\/#\/schema\/logo\/image\/"}}]}},"_links":{"self":[{"href":"https:\/\/teammutantecuador.com\/index.php?rest_route=\/wp\/v2\/product\/1602","targetHints":{"allow":["GET"]}}],"collection":[{"href":"https:\/\/teammutantecuador.com\/index.php?rest_route=\/wp\/v2\/product"}],"about":[{"href":"https:\/\/teammutantecuador.com\/index.php?rest_route=\/wp\/v2\/types\/product"}],"replies":[{"embeddable":true,"href":"https:\/\/teammutantecuador.com\/index.php?rest_route=%2Fwp%2Fv2%2Fcomments&post=1602"}],"wp:featuredmedia":[{"embeddable":true,"href":"https:\/\/teammutantecuador.com\/index.php?rest_route=\/wp\/v2\/media\/1795"}],"wp:attachment":[{"href":"https:\/\/teammutantecuador.com\/index.php?rest_route=%2Fwp%2Fv2%2Fmedia&parent=1602"}],"wp:term":[{"taxonomy":"product_brand","embeddable":true,"href":"https:\/\/teammutantecuador.com\/index.php?rest_route=%2Fwp%2Fv2%2Fproduct_brand&post=1602"},{"taxonomy":"product_cat","embeddable":true,"href":"https:\/\/teammutantecuador.com\/index.php?rest_route=%2Fwp%2Fv2%2Fproduct_cat&post=1602"},{"taxonomy":"product_tag","embeddable":true,"href":"https:\/\/teammutantecuador.com\/index.php?rest_route=%2Fwp%2Fv2%2Fproduct_tag&post=1602"}],"curies":[{"name":"wp","href":"https:\/\/api.w.org\/{rel}","templated":true}]}}