{"id":1583,"date":"2026-01-17T16:04:24","date_gmt":"2026-01-17T16:04:24","guid":{"rendered":"https:\/\/teammutantecuador.com\/?post_type=product&#038;p=1583"},"modified":"2026-01-20T16:14:28","modified_gmt":"2026-01-20T16:14:28","slug":"masteron-100-mg-mutant-pharma","status":"publish","type":"product","link":"https:\/\/teammutantecuador.com\/?product=masteron-100-mg-mutant-pharma","title":{"rendered":"Masteron 100 Mg Mutant Pharma"},"content":{"rendered":"<p dir=\"ltr\">Masteron 100 mg tambi\u00e9n conocido como Drostanolona\u00a0es descrita como un \u00bbpoderoso esteroide anab\u00f3lico y propiedades anti-estrog\u00e9nicas\u00bb, y ciertamente parece compartir ambas propiedades. Cierto es que, sin embargo, sus propiedades son m\u00e1s propiamente descritas como moderadas, especialmente cuando es puesta en contexto con otros agentes.<\/p>\n<p dir=\"ltr\">El Masteron 100 mg\u00a0es usado m\u00e1s frecuente por fisicoculturistas en dieta o atletas en deportes de velocidad, donde es altamente favorable por su habilidad de producir crecimiento solido en masa muscular magra y fuerza, caracter\u00edsticas que\u00a0est\u00e1n\u00a0usualmente acompa\u00f1adas por la reducci\u00f3n de niveles de grasa corporal y efectos secundarios m\u00ednimos.<\/p>\n<h3 dir=\"ltr\">CARACTER\u00cdSTICAS DEL MASTERON<\/h3>\n<p dir=\"ltr\">Para prop\u00f3sitos\u00a0de\u00a0competici\u00f3n,\u00a0Masteron 100 mg se usa a menudo s\u00f3lo durante las \u00faltimas cuatro semanas antes de subir a tarima\u00a0para que los m\u00fasculos consigan el \u00faltimo \u201cempuje\u201d.\u00a0 Es especialmente eficaz en combinaci\u00f3n con esteroides como\u00a0Winstrol,\u00a0Trembolona,\u00a0Primobolan,\u00a0Anavar\u00a0y tambi\u00e9n\u00a0Testosterona Enantato<a href=\"https:\/\/www.universaldeesteroides.com\/productos\/enanato-de-testo-300-mg\/\">.<\/a><\/p>\n<p dir=\"ltr\">Sin embargo, el uso de Masteron no se limita \u00fanicamente a la fase de la preparaci\u00f3n para una competici\u00f3n, caso en el cual el ciclo se peude prolongar por m\u00e1s de 4 semanas.\u00a0Los Atletas que quieren evitar la retenci\u00f3n de agua y qui\u00e9nes tienen problemas r\u00e1pidamente con niveles de estr\u00f3genos elevados, tambi\u00e9n aprecian el Masteron.<\/p>\n<p dir=\"ltr\">MODO DE USO<\/p>\n<p dir=\"ltr\">Para el rendimiento f\u00edsico-deportivo la dosis usual va desde 200 &#8211; 400 mg semanalmente, durante ciclo de 6 &#8211; 12 semanas.<\/p>\n<p dir=\"ltr\">Mujeres.\u00a0dosis de 50 mg por semana durante un ciclo de 4 &#8211; 6 semanas.<\/p>\n<h3 dir=\"ltr\">PRESENTACI\u00d3N<\/h3>\n<p dir=\"ltr\">Ampolla de 10 mL x 100 mg de concentraci\u00f3n.<\/p>\n","protected":false},"excerpt":{"rendered":"<p>Masteron 100 mg tambi\u00e9n conocido como Drostanolona\u00a0es descrita como un \u00bbpoderoso esteroide anab\u00f3lico y propiedades anti-estrog\u00e9nicas\u00bb, y ciertamente parece compartir ambas propiedades. Cierto es que, sin embargo, sus propiedades son m\u00e1s propiamente descritas como moderadas, especialmente cuando es puesta en contexto con otros agentes.<\/p>\n","protected":false},"featured_media":1781,"comment_status":"open","ping_status":"closed","template":"","meta":[],"product_brand":[151],"product_cat":[392],"product_tag":[105,161],"class_list":{"0":"post-1583","1":"product","2":"type-product","3":"status-publish","4":"has-post-thumbnail","6":"product_brand-mutant-pharma","7":"product_cat-anabolicos","8":"product_tag-anabolico","9":"product_tag-masteron","11":"first","12":"instock","13":"sale","14":"shipping-taxable","15":"purchasable","16":"product-type-simple"},"yoast_head":"<!-- This site is optimized with the Yoast SEO plugin v26.8 - https:\/\/yoast.com\/product\/yoast-seo-wordpress\/ -->\n<title>Masteron 100 Mg Mutant Pharma - Team Mutan Ecuador<\/title>\n<meta name=\"description\" content=\"Masteron 100 mg tambi\u00e9n conocido como Drostanolona\u00a0es descrita como un &#039;&#039;poderoso esteroide anab\u00f3lico y propiedades anti-estrog\u00e9nicas&#039;&#039;, y ciertamente parece compartir ambas propiedades. Cierto es que, sin embargo, sus propiedades son m\u00e1s propiamente descritas como moderadas, especialmente cuando es puesta en contexto con otros agentes.\" \/>\n<meta name=\"robots\" content=\"index, follow, max-snippet:-1, max-image-preview:large, max-video-preview:-1\" \/>\n<link rel=\"canonical\" href=\"https:\/\/teammutantecuador.com\/?product=masteron-100-mg-mutant-pharma\" \/>\n<meta property=\"og:locale\" content=\"es_ES\" \/>\n<meta property=\"og:type\" content=\"article\" \/>\n<meta property=\"og:title\" content=\"Masteron 100 Mg Mutant Pharma - Team Mutan Ecuador\" \/>\n<meta property=\"og:description\" content=\"Masteron 100 mg tambi\u00e9n conocido como Drostanolona\u00a0es descrita como un &#039;&#039;poderoso esteroide anab\u00f3lico y propiedades anti-estrog\u00e9nicas&#039;&#039;, y ciertamente parece compartir ambas propiedades. Cierto es que, sin embargo, sus propiedades son m\u00e1s propiamente descritas como moderadas, especialmente cuando es puesta en contexto con otros agentes.\" \/>\n<meta property=\"og:url\" content=\"https:\/\/teammutantecuador.com\/?product=masteron-100-mg-mutant-pharma\" \/>\n<meta property=\"og:site_name\" content=\"Team Mutan Ecuador\" \/>\n<meta property=\"article:modified_time\" content=\"2026-01-20T16:14:28+00:00\" \/>\n<meta property=\"og:image\" content=\"https:\/\/teammutantecuador.com\/wp-content\/uploads\/2026\/01\/Diseno-sin-titulo-2026-01-17T003339.447.jpg\" \/>\n\t<meta property=\"og:image:width\" content=\"800\" \/>\n\t<meta property=\"og:image:height\" content=\"800\" \/>\n\t<meta property=\"og:image:type\" content=\"image\/jpeg\" \/>\n<meta name=\"twitter:card\" content=\"summary_large_image\" \/>\n<meta name=\"twitter:label1\" content=\"Tiempo de lectura\" \/>\n\t<meta name=\"twitter:data1\" content=\"2 minutos\" \/>\n<script type=\"application\/ld+json\" class=\"yoast-schema-graph\">{\"@context\":\"https:\/\/schema.org\",\"@graph\":[{\"@type\":\"WebPage\",\"@id\":\"https:\/\/teammutantecuador.com\/?product=masteron-100-mg-mutant-pharma\",\"url\":\"https:\/\/teammutantecuador.com\/?product=masteron-100-mg-mutant-pharma\",\"name\":\"Masteron 100 Mg Mutant Pharma - Team Mutan Ecuador\",\"isPartOf\":{\"@id\":\"https:\/\/teammutantecuador.com\/#website\"},\"primaryImageOfPage\":{\"@id\":\"https:\/\/teammutantecuador.com\/?product=masteron-100-mg-mutant-pharma#primaryimage\"},\"image\":{\"@id\":\"https:\/\/teammutantecuador.com\/?product=masteron-100-mg-mutant-pharma#primaryimage\"},\"thumbnailUrl\":\"https:\/\/teammutantecuador.com\/wp-content\/uploads\/2026\/01\/Diseno-sin-titulo-2026-01-17T003339.447.jpg\",\"datePublished\":\"2026-01-17T16:04:24+00:00\",\"dateModified\":\"2026-01-20T16:14:28+00:00\",\"description\":\"Masteron 100 mg tambi\u00e9n conocido como Drostanolona\u00a0es descrita como un ''poderoso esteroide anab\u00f3lico y propiedades anti-estrog\u00e9nicas'', y ciertamente parece compartir ambas propiedades. Cierto es que, sin embargo, sus propiedades son m\u00e1s propiamente descritas como moderadas, especialmente cuando es puesta en contexto con otros agentes.\",\"breadcrumb\":{\"@id\":\"https:\/\/teammutantecuador.com\/?product=masteron-100-mg-mutant-pharma#breadcrumb\"},\"inLanguage\":\"es\",\"potentialAction\":[{\"@type\":\"ReadAction\",\"target\":[\"https:\/\/teammutantecuador.com\/?product=masteron-100-mg-mutant-pharma\"]}]},{\"@type\":\"ImageObject\",\"inLanguage\":\"es\",\"@id\":\"https:\/\/teammutantecuador.com\/?product=masteron-100-mg-mutant-pharma#primaryimage\",\"url\":\"https:\/\/teammutantecuador.com\/wp-content\/uploads\/2026\/01\/Diseno-sin-titulo-2026-01-17T003339.447.jpg\",\"contentUrl\":\"https:\/\/teammutantecuador.com\/wp-content\/uploads\/2026\/01\/Diseno-sin-titulo-2026-01-17T003339.447.jpg\",\"width\":800,\"height\":800,\"caption\":\"Masteron 100 Mg Mutant Pharma\"},{\"@type\":\"BreadcrumbList\",\"@id\":\"https:\/\/teammutantecuador.com\/?product=masteron-100-mg-mutant-pharma#breadcrumb\",\"itemListElement\":[{\"@type\":\"ListItem\",\"position\":1,\"name\":\"Portada\",\"item\":\"https:\/\/teammutantecuador.com\/\"},{\"@type\":\"ListItem\",\"position\":2,\"name\":\"Shop\",\"item\":\"https:\/\/teammutantecuador.com\/?page_id=6\"},{\"@type\":\"ListItem\",\"position\":3,\"name\":\"Masteron 100 Mg Mutant Pharma\"}]},{\"@type\":\"WebSite\",\"@id\":\"https:\/\/teammutantecuador.com\/#website\",\"url\":\"https:\/\/teammutantecuador.com\/\",\"name\":\"Team Mutan Ecuador\",\"description\":\"Just another WordPress site\",\"publisher\":{\"@id\":\"https:\/\/teammutantecuador.com\/#organization\"},\"potentialAction\":[{\"@type\":\"SearchAction\",\"target\":{\"@type\":\"EntryPoint\",\"urlTemplate\":\"https:\/\/teammutantecuador.com\/?s={search_term_string}\"},\"query-input\":{\"@type\":\"PropertyValueSpecification\",\"valueRequired\":true,\"valueName\":\"search_term_string\"}}],\"inLanguage\":\"es\"},{\"@type\":\"Organization\",\"@id\":\"https:\/\/teammutantecuador.com\/#organization\",\"name\":\"Team Mutan Ecuador\",\"url\":\"https:\/\/teammutantecuador.com\/\",\"logo\":{\"@type\":\"ImageObject\",\"inLanguage\":\"es\",\"@id\":\"https:\/\/teammutantecuador.com\/#\/schema\/logo\/image\/\",\"url\":\"https:\/\/teammutantecuador.com\/wp-content\/uploads\/2026\/01\/Diseno-sin-titulo-97.png\",\"contentUrl\":\"https:\/\/teammutantecuador.com\/wp-content\/uploads\/2026\/01\/Diseno-sin-titulo-97.png\",\"width\":500,\"height\":300,\"caption\":\"Team Mutan Ecuador\"},\"image\":{\"@id\":\"https:\/\/teammutantecuador.com\/#\/schema\/logo\/image\/\"}}]}<\/script>\n<!-- \/ Yoast SEO plugin. -->","yoast_head_json":{"title":"Masteron 100 Mg Mutant Pharma - Team Mutan Ecuador","description":"Masteron 100 mg tambi\u00e9n conocido como Drostanolona\u00a0es descrita como un ''poderoso esteroide anab\u00f3lico y propiedades anti-estrog\u00e9nicas'', y ciertamente parece compartir ambas propiedades. Cierto es que, sin embargo, sus propiedades son m\u00e1s propiamente descritas como moderadas, especialmente cuando es puesta en contexto con otros agentes.","robots":{"index":"index","follow":"follow","max-snippet":"max-snippet:-1","max-image-preview":"max-image-preview:large","max-video-preview":"max-video-preview:-1"},"canonical":"https:\/\/teammutantecuador.com\/?product=masteron-100-mg-mutant-pharma","og_locale":"es_ES","og_type":"article","og_title":"Masteron 100 Mg Mutant Pharma - Team Mutan Ecuador","og_description":"Masteron 100 mg tambi\u00e9n conocido como Drostanolona\u00a0es descrita como un ''poderoso esteroide anab\u00f3lico y propiedades anti-estrog\u00e9nicas'', y ciertamente parece compartir ambas propiedades. Cierto es que, sin embargo, sus propiedades son m\u00e1s propiamente descritas como moderadas, especialmente cuando es puesta en contexto con otros agentes.","og_url":"https:\/\/teammutantecuador.com\/?product=masteron-100-mg-mutant-pharma","og_site_name":"Team Mutan Ecuador","article_modified_time":"2026-01-20T16:14:28+00:00","og_image":[{"width":800,"height":800,"url":"https:\/\/teammutantecuador.com\/wp-content\/uploads\/2026\/01\/Diseno-sin-titulo-2026-01-17T003339.447.jpg","type":"image\/jpeg"}],"twitter_card":"summary_large_image","twitter_misc":{"Tiempo de lectura":"2 minutos"},"schema":{"@context":"https:\/\/schema.org","@graph":[{"@type":"WebPage","@id":"https:\/\/teammutantecuador.com\/?product=masteron-100-mg-mutant-pharma","url":"https:\/\/teammutantecuador.com\/?product=masteron-100-mg-mutant-pharma","name":"Masteron 100 Mg Mutant Pharma - Team Mutan Ecuador","isPartOf":{"@id":"https:\/\/teammutantecuador.com\/#website"},"primaryImageOfPage":{"@id":"https:\/\/teammutantecuador.com\/?product=masteron-100-mg-mutant-pharma#primaryimage"},"image":{"@id":"https:\/\/teammutantecuador.com\/?product=masteron-100-mg-mutant-pharma#primaryimage"},"thumbnailUrl":"https:\/\/teammutantecuador.com\/wp-content\/uploads\/2026\/01\/Diseno-sin-titulo-2026-01-17T003339.447.jpg","datePublished":"2026-01-17T16:04:24+00:00","dateModified":"2026-01-20T16:14:28+00:00","description":"Masteron 100 mg tambi\u00e9n conocido como Drostanolona\u00a0es descrita como un ''poderoso esteroide anab\u00f3lico y propiedades anti-estrog\u00e9nicas'', y ciertamente parece compartir ambas propiedades. Cierto es que, sin embargo, sus propiedades son m\u00e1s propiamente descritas como moderadas, especialmente cuando es puesta en contexto con otros agentes.","breadcrumb":{"@id":"https:\/\/teammutantecuador.com\/?product=masteron-100-mg-mutant-pharma#breadcrumb"},"inLanguage":"es","potentialAction":[{"@type":"ReadAction","target":["https:\/\/teammutantecuador.com\/?product=masteron-100-mg-mutant-pharma"]}]},{"@type":"ImageObject","inLanguage":"es","@id":"https:\/\/teammutantecuador.com\/?product=masteron-100-mg-mutant-pharma#primaryimage","url":"https:\/\/teammutantecuador.com\/wp-content\/uploads\/2026\/01\/Diseno-sin-titulo-2026-01-17T003339.447.jpg","contentUrl":"https:\/\/teammutantecuador.com\/wp-content\/uploads\/2026\/01\/Diseno-sin-titulo-2026-01-17T003339.447.jpg","width":800,"height":800,"caption":"Masteron 100 Mg Mutant Pharma"},{"@type":"BreadcrumbList","@id":"https:\/\/teammutantecuador.com\/?product=masteron-100-mg-mutant-pharma#breadcrumb","itemListElement":[{"@type":"ListItem","position":1,"name":"Portada","item":"https:\/\/teammutantecuador.com\/"},{"@type":"ListItem","position":2,"name":"Shop","item":"https:\/\/teammutantecuador.com\/?page_id=6"},{"@type":"ListItem","position":3,"name":"Masteron 100 Mg Mutant Pharma"}]},{"@type":"WebSite","@id":"https:\/\/teammutantecuador.com\/#website","url":"https:\/\/teammutantecuador.com\/","name":"Team Mutan Ecuador","description":"Just another WordPress site","publisher":{"@id":"https:\/\/teammutantecuador.com\/#organization"},"potentialAction":[{"@type":"SearchAction","target":{"@type":"EntryPoint","urlTemplate":"https:\/\/teammutantecuador.com\/?s={search_term_string}"},"query-input":{"@type":"PropertyValueSpecification","valueRequired":true,"valueName":"search_term_string"}}],"inLanguage":"es"},{"@type":"Organization","@id":"https:\/\/teammutantecuador.com\/#organization","name":"Team Mutan Ecuador","url":"https:\/\/teammutantecuador.com\/","logo":{"@type":"ImageObject","inLanguage":"es","@id":"https:\/\/teammutantecuador.com\/#\/schema\/logo\/image\/","url":"https:\/\/teammutantecuador.com\/wp-content\/uploads\/2026\/01\/Diseno-sin-titulo-97.png","contentUrl":"https:\/\/teammutantecuador.com\/wp-content\/uploads\/2026\/01\/Diseno-sin-titulo-97.png","width":500,"height":300,"caption":"Team Mutan Ecuador"},"image":{"@id":"https:\/\/teammutantecuador.com\/#\/schema\/logo\/image\/"}}]}},"_links":{"self":[{"href":"https:\/\/teammutantecuador.com\/index.php?rest_route=\/wp\/v2\/product\/1583","targetHints":{"allow":["GET"]}}],"collection":[{"href":"https:\/\/teammutantecuador.com\/index.php?rest_route=\/wp\/v2\/product"}],"about":[{"href":"https:\/\/teammutantecuador.com\/index.php?rest_route=\/wp\/v2\/types\/product"}],"replies":[{"embeddable":true,"href":"https:\/\/teammutantecuador.com\/index.php?rest_route=%2Fwp%2Fv2%2Fcomments&post=1583"}],"wp:featuredmedia":[{"embeddable":true,"href":"https:\/\/teammutantecuador.com\/index.php?rest_route=\/wp\/v2\/media\/1781"}],"wp:attachment":[{"href":"https:\/\/teammutantecuador.com\/index.php?rest_route=%2Fwp%2Fv2%2Fmedia&parent=1583"}],"wp:term":[{"taxonomy":"product_brand","embeddable":true,"href":"https:\/\/teammutantecuador.com\/index.php?rest_route=%2Fwp%2Fv2%2Fproduct_brand&post=1583"},{"taxonomy":"product_cat","embeddable":true,"href":"https:\/\/teammutantecuador.com\/index.php?rest_route=%2Fwp%2Fv2%2Fproduct_cat&post=1583"},{"taxonomy":"product_tag","embeddable":true,"href":"https:\/\/teammutantecuador.com\/index.php?rest_route=%2Fwp%2Fv2%2Fproduct_tag&post=1583"}],"curies":[{"name":"wp","href":"https:\/\/api.w.org\/{rel}","templated":true}]}}