{"id":1582,"date":"2026-01-17T16:04:24","date_gmt":"2026-01-17T16:04:24","guid":{"rendered":"https:\/\/teammutantecuador.com\/?post_type=product&#038;p=1582"},"modified":"2026-01-17T16:04:26","modified_gmt":"2026-01-17T16:04:26","slug":"proven-whey-vainilla-2-libras","status":"publish","type":"product","link":"https:\/\/teammutantecuador.com\/?product=proven-whey-vainilla-2-libras","title":{"rendered":"Proven Whey Vainilla 2 libras"},"content":{"rendered":"<p><strong>AISLADO DE SUERO 100% HIDROLIZADO<\/strong><\/p>\n<p><strong>UNA PROTE\u00cdNA DE CONSTRUCCI\u00d3N MUSCULAR PERFECTAMENTE FABRICADA \u2020<\/strong><\/p>\n<p><strong>PROTE\u00cdNA 25G |\u00a00G LACTOSA |\u00a05.5G BCAAS |\u00a02.7G L-LEUCINA<\/strong><\/p>\n<p>&nbsp;<\/p>\n<p><strong>\u00bfPOR QU\u00c9 PROVEN WHEY &#x2122;?<\/strong><\/p>\n<p><strong>DIGESI\u00d3N Y ABSORCI\u00d3N M\u00c1S R\u00c1PIDAS \u2020<\/strong><\/p>\n<p><strong>BAJO EN CARBOHIDRATOS, AZ\u00daCAR Y COLESTEROL \u2020<\/strong><\/p>\n<p><strong>AISLADO DE PROTE\u00cdNA DE SUERO 100% HIDROLIZADO.\u00a0\u00a1ES LA FORMA M\u00c1S PURA! \u2020<\/strong><\/p>\n<p>&nbsp;<\/p>\n<p>Todo atleta necesita grandes cantidades de prote\u00edna de alta calidad para aumentar la masa muscular magra.\u00a0La prote\u00edna alimenta nuestro cuerpo con los amino\u00e1cidos necesarios para desarrollar m\u00fasculo magro, recuperarse del ejercicio y aumentar la fuerza.\u00a0Aunque hay innumerables productos disponibles, el mercado est\u00e1 lleno de prote\u00ednas en polvo de baja calidad, cargadas de carbohidratos, que no son ideales para lograr sus objetivos de desarrollo muscular y acondicionamiento f\u00edsico.\u00a0Es por eso que Gaspari Nutrition\u00ae busc\u00f3 la forma m\u00e1s pura de prote\u00edna de suero disponible.\u00a0Con aislado de suero hidrolizado libre de RBGH y RBST, Proven Whey &#x2122; de Gaspari contiene 25 g de prote\u00edna, 5,5 g de BCAA con 2,7 g de L-leucina y cero gramos de lactosa.\u00a0Esto significa que obtiene un producto m\u00e1s puro, eficaz y con menos calor\u00edas en comparaci\u00f3n con otros productos de prote\u00edna de suero.\u00a0Tu f\u00edsico solo puede ser tan bueno como la nutrici\u00f3n que le pongas.<\/p>\n<p>&nbsp;<\/p>\n<p><strong>USO SUGERIDO:<\/strong><\/p>\n<p>Revuelva, agite o mezcle una cucharada de PROVEN WHEY &#x2122; con 6-7 oz.\u00a0de agua, leche o tu bebida favorita.\u00a0Ajuste el sabor de su batido de prote\u00edna de suero variando la cantidad de l\u00edquido que usa para preparar su batido.\u00a0Utilice 4-6 oz.\u00a0de agua, leche o su bebida favorita con una cucharada de polvo si le gusta su batido de prote\u00ednas dulce y atrevido.\u00a0Si no le gustan los dulces, use 8-9 oz.\u00a0de su bebida preferida con una cucharada de polvo.\u00a0Tome su batido de prote\u00ednas 30 minutos despu\u00e9s del entrenamiento o seg\u00fan las indicaciones de su m\u00e9dico.\u00a0Consuma suficiente prote\u00edna para satisfacer sus necesidades diarias de prote\u00edna a trav\u00e9s de una combinaci\u00f3n de alimentos ricos en prote\u00ednas y este suplemento de prote\u00edna de suero.\u00a0Para obtener mejores resultados, consuma peque\u00f1as comidas ricas en prote\u00ednas distribuidas de manera uniforme a lo largo del d\u00eda.<\/p>\n<p>&nbsp;<\/p>\n<p>Al igual que con cualquier suplemento diet\u00e9tico, consulte a su m\u00e9dico antes de usar este producto, especialmente si est\u00e1 embarazada, amamantando o bajo supervisi\u00f3n m\u00e9dica.<\/p>\n<p><script async src=\"https:\/\/pagead2.googlesyndication.com\/pagead\/js\/adsbygoogle.js?client=ca-pub-2081804850646632\"\n     crossorigin=\"anonymous\"><\/script><br \/>\n<!-- quitof1 --><br \/>\n<ins class=\"adsbygoogle\"\n     style=\"display:block\"\n     data-ad-client=\"ca-pub-2081804850646632\"\n     data-ad-slot=\"3022364569\"\n     data-ad-format=\"auto\"\n     data-full-width-responsive=\"true\"><\/ins><br \/>\n<script>\n     (adsbygoogle = window.adsbygoogle || []).push({});\n<\/script><\/p>\n","protected":false},"excerpt":{"rendered":"<p><strong>AISLADO DE SUERO 100% HIDROLIZADO<\/strong><\/p>\n<p><strong>UNA PROTE\u00cdNA DE CONSTRUCCI\u00d3N MUSCULAR PERFECTAMENTE FABRICADA \u2020<\/strong><\/p>\n<p><strong>PROTE\u00cdNA 25G |\u00a00G LACTOSA |\u00a05.5G BCAAS |\u00a02.7G L-LEUCINA<\/strong><\/p>\n","protected":false},"featured_media":0,"comment_status":"open","ping_status":"closed","template":"","meta":[],"product_brand":[],"product_cat":[357],"product_tag":[418,59,94,103],"class_list":{"0":"post-1582","1":"product","2":"type-product","3":"status-publish","5":"product_cat-proteinas-2","6":"product_tag-gaspari","7":"product_tag-proteina","8":"product_tag-proteina-hidrolizada","9":"product_tag-whey","11":"first","12":"instock","13":"sale","14":"shipping-taxable","15":"purchasable","16":"product-type-simple"},"yoast_head":"<!-- This site is optimized with the Yoast SEO plugin v26.8 - https:\/\/yoast.com\/product\/yoast-seo-wordpress\/ -->\n<title>Proven Whey Vainilla 2 libras - Team Mutan Ecuador<\/title>\n<meta name=\"description\" content=\"AISLADO DE SUERO 100% HIDROLIZADO UNA PROTE\u00cdNA DE CONSTRUCCI\u00d3N MUSCULAR PERFECTAMENTE FABRICADA \u2020PROTE\u00cdNA 25G |\u00a00G LACTOSA |\u00a05.5G BCAAS |\u00a02.7G L-LEUCINA\" \/>\n<meta name=\"robots\" content=\"index, follow, max-snippet:-1, max-image-preview:large, max-video-preview:-1\" \/>\n<link rel=\"canonical\" href=\"https:\/\/teammutantecuador.com\/?product=proven-whey-vainilla-2-libras\" \/>\n<meta property=\"og:locale\" content=\"es_ES\" \/>\n<meta property=\"og:type\" content=\"article\" \/>\n<meta property=\"og:title\" content=\"Proven Whey Vainilla 2 libras - Team Mutan Ecuador\" \/>\n<meta property=\"og:description\" content=\"AISLADO DE SUERO 100% HIDROLIZADO UNA PROTE\u00cdNA DE CONSTRUCCI\u00d3N MUSCULAR PERFECTAMENTE FABRICADA \u2020PROTE\u00cdNA 25G |\u00a00G LACTOSA |\u00a05.5G BCAAS |\u00a02.7G L-LEUCINA\" \/>\n<meta property=\"og:url\" content=\"https:\/\/teammutantecuador.com\/?product=proven-whey-vainilla-2-libras\" \/>\n<meta property=\"og:site_name\" content=\"Team Mutan Ecuador\" \/>\n<meta property=\"article:modified_time\" content=\"2026-01-17T16:04:26+00:00\" \/>\n<meta name=\"twitter:card\" content=\"summary_large_image\" \/>\n<meta name=\"twitter:label1\" content=\"Tiempo de lectura\" \/>\n\t<meta name=\"twitter:data1\" content=\"2 minutos\" \/>\n<script type=\"application\/ld+json\" class=\"yoast-schema-graph\">{\"@context\":\"https:\/\/schema.org\",\"@graph\":[{\"@type\":\"WebPage\",\"@id\":\"https:\/\/teammutantecuador.com\/?product=proven-whey-vainilla-2-libras\",\"url\":\"https:\/\/teammutantecuador.com\/?product=proven-whey-vainilla-2-libras\",\"name\":\"Proven Whey Vainilla 2 libras - Team Mutan Ecuador\",\"isPartOf\":{\"@id\":\"https:\/\/teammutantecuador.com\/#website\"},\"datePublished\":\"2026-01-17T16:04:24+00:00\",\"dateModified\":\"2026-01-17T16:04:26+00:00\",\"description\":\"AISLADO DE SUERO 100% HIDROLIZADO UNA PROTE\u00cdNA DE CONSTRUCCI\u00d3N MUSCULAR PERFECTAMENTE FABRICADA \u2020PROTE\u00cdNA 25G |\u00a00G LACTOSA |\u00a05.5G BCAAS |\u00a02.7G L-LEUCINA\",\"breadcrumb\":{\"@id\":\"https:\/\/teammutantecuador.com\/?product=proven-whey-vainilla-2-libras#breadcrumb\"},\"inLanguage\":\"es\",\"potentialAction\":[{\"@type\":\"ReadAction\",\"target\":[\"https:\/\/teammutantecuador.com\/?product=proven-whey-vainilla-2-libras\"]}]},{\"@type\":\"BreadcrumbList\",\"@id\":\"https:\/\/teammutantecuador.com\/?product=proven-whey-vainilla-2-libras#breadcrumb\",\"itemListElement\":[{\"@type\":\"ListItem\",\"position\":1,\"name\":\"Portada\",\"item\":\"https:\/\/teammutantecuador.com\/\"},{\"@type\":\"ListItem\",\"position\":2,\"name\":\"Shop\",\"item\":\"https:\/\/teammutantecuador.com\/?page_id=6\"},{\"@type\":\"ListItem\",\"position\":3,\"name\":\"Proven Whey Vainilla 2 libras\"}]},{\"@type\":\"WebSite\",\"@id\":\"https:\/\/teammutantecuador.com\/#website\",\"url\":\"https:\/\/teammutantecuador.com\/\",\"name\":\"Team Mutan Ecuador\",\"description\":\"Just another WordPress site\",\"publisher\":{\"@id\":\"https:\/\/teammutantecuador.com\/#organization\"},\"potentialAction\":[{\"@type\":\"SearchAction\",\"target\":{\"@type\":\"EntryPoint\",\"urlTemplate\":\"https:\/\/teammutantecuador.com\/?s={search_term_string}\"},\"query-input\":{\"@type\":\"PropertyValueSpecification\",\"valueRequired\":true,\"valueName\":\"search_term_string\"}}],\"inLanguage\":\"es\"},{\"@type\":\"Organization\",\"@id\":\"https:\/\/teammutantecuador.com\/#organization\",\"name\":\"Team Mutan Ecuador\",\"url\":\"https:\/\/teammutantecuador.com\/\",\"logo\":{\"@type\":\"ImageObject\",\"inLanguage\":\"es\",\"@id\":\"https:\/\/teammutantecuador.com\/#\/schema\/logo\/image\/\",\"url\":\"https:\/\/teammutantecuador.com\/wp-content\/uploads\/2026\/01\/Diseno-sin-titulo-97.png\",\"contentUrl\":\"https:\/\/teammutantecuador.com\/wp-content\/uploads\/2026\/01\/Diseno-sin-titulo-97.png\",\"width\":500,\"height\":300,\"caption\":\"Team Mutan Ecuador\"},\"image\":{\"@id\":\"https:\/\/teammutantecuador.com\/#\/schema\/logo\/image\/\"}}]}<\/script>\n<!-- \/ Yoast SEO plugin. -->","yoast_head_json":{"title":"Proven Whey Vainilla 2 libras - Team Mutan Ecuador","description":"AISLADO DE SUERO 100% HIDROLIZADO UNA PROTE\u00cdNA DE CONSTRUCCI\u00d3N MUSCULAR PERFECTAMENTE FABRICADA \u2020PROTE\u00cdNA 25G |\u00a00G LACTOSA |\u00a05.5G BCAAS |\u00a02.7G L-LEUCINA","robots":{"index":"index","follow":"follow","max-snippet":"max-snippet:-1","max-image-preview":"max-image-preview:large","max-video-preview":"max-video-preview:-1"},"canonical":"https:\/\/teammutantecuador.com\/?product=proven-whey-vainilla-2-libras","og_locale":"es_ES","og_type":"article","og_title":"Proven Whey Vainilla 2 libras - Team Mutan Ecuador","og_description":"AISLADO DE SUERO 100% HIDROLIZADO UNA PROTE\u00cdNA DE CONSTRUCCI\u00d3N MUSCULAR PERFECTAMENTE FABRICADA \u2020PROTE\u00cdNA 25G |\u00a00G LACTOSA |\u00a05.5G BCAAS |\u00a02.7G L-LEUCINA","og_url":"https:\/\/teammutantecuador.com\/?product=proven-whey-vainilla-2-libras","og_site_name":"Team Mutan Ecuador","article_modified_time":"2026-01-17T16:04:26+00:00","twitter_card":"summary_large_image","twitter_misc":{"Tiempo de lectura":"2 minutos"},"schema":{"@context":"https:\/\/schema.org","@graph":[{"@type":"WebPage","@id":"https:\/\/teammutantecuador.com\/?product=proven-whey-vainilla-2-libras","url":"https:\/\/teammutantecuador.com\/?product=proven-whey-vainilla-2-libras","name":"Proven Whey Vainilla 2 libras - Team Mutan Ecuador","isPartOf":{"@id":"https:\/\/teammutantecuador.com\/#website"},"datePublished":"2026-01-17T16:04:24+00:00","dateModified":"2026-01-17T16:04:26+00:00","description":"AISLADO DE SUERO 100% HIDROLIZADO UNA PROTE\u00cdNA DE CONSTRUCCI\u00d3N MUSCULAR PERFECTAMENTE FABRICADA \u2020PROTE\u00cdNA 25G |\u00a00G LACTOSA |\u00a05.5G BCAAS |\u00a02.7G L-LEUCINA","breadcrumb":{"@id":"https:\/\/teammutantecuador.com\/?product=proven-whey-vainilla-2-libras#breadcrumb"},"inLanguage":"es","potentialAction":[{"@type":"ReadAction","target":["https:\/\/teammutantecuador.com\/?product=proven-whey-vainilla-2-libras"]}]},{"@type":"BreadcrumbList","@id":"https:\/\/teammutantecuador.com\/?product=proven-whey-vainilla-2-libras#breadcrumb","itemListElement":[{"@type":"ListItem","position":1,"name":"Portada","item":"https:\/\/teammutantecuador.com\/"},{"@type":"ListItem","position":2,"name":"Shop","item":"https:\/\/teammutantecuador.com\/?page_id=6"},{"@type":"ListItem","position":3,"name":"Proven Whey Vainilla 2 libras"}]},{"@type":"WebSite","@id":"https:\/\/teammutantecuador.com\/#website","url":"https:\/\/teammutantecuador.com\/","name":"Team Mutan Ecuador","description":"Just another WordPress site","publisher":{"@id":"https:\/\/teammutantecuador.com\/#organization"},"potentialAction":[{"@type":"SearchAction","target":{"@type":"EntryPoint","urlTemplate":"https:\/\/teammutantecuador.com\/?s={search_term_string}"},"query-input":{"@type":"PropertyValueSpecification","valueRequired":true,"valueName":"search_term_string"}}],"inLanguage":"es"},{"@type":"Organization","@id":"https:\/\/teammutantecuador.com\/#organization","name":"Team Mutan Ecuador","url":"https:\/\/teammutantecuador.com\/","logo":{"@type":"ImageObject","inLanguage":"es","@id":"https:\/\/teammutantecuador.com\/#\/schema\/logo\/image\/","url":"https:\/\/teammutantecuador.com\/wp-content\/uploads\/2026\/01\/Diseno-sin-titulo-97.png","contentUrl":"https:\/\/teammutantecuador.com\/wp-content\/uploads\/2026\/01\/Diseno-sin-titulo-97.png","width":500,"height":300,"caption":"Team Mutan Ecuador"},"image":{"@id":"https:\/\/teammutantecuador.com\/#\/schema\/logo\/image\/"}}]}},"_links":{"self":[{"href":"https:\/\/teammutantecuador.com\/index.php?rest_route=\/wp\/v2\/product\/1582","targetHints":{"allow":["GET"]}}],"collection":[{"href":"https:\/\/teammutantecuador.com\/index.php?rest_route=\/wp\/v2\/product"}],"about":[{"href":"https:\/\/teammutantecuador.com\/index.php?rest_route=\/wp\/v2\/types\/product"}],"replies":[{"embeddable":true,"href":"https:\/\/teammutantecuador.com\/index.php?rest_route=%2Fwp%2Fv2%2Fcomments&post=1582"}],"wp:attachment":[{"href":"https:\/\/teammutantecuador.com\/index.php?rest_route=%2Fwp%2Fv2%2Fmedia&parent=1582"}],"wp:term":[{"taxonomy":"product_brand","embeddable":true,"href":"https:\/\/teammutantecuador.com\/index.php?rest_route=%2Fwp%2Fv2%2Fproduct_brand&post=1582"},{"taxonomy":"product_cat","embeddable":true,"href":"https:\/\/teammutantecuador.com\/index.php?rest_route=%2Fwp%2Fv2%2Fproduct_cat&post=1582"},{"taxonomy":"product_tag","embeddable":true,"href":"https:\/\/teammutantecuador.com\/index.php?rest_route=%2Fwp%2Fv2%2Fproduct_tag&post=1582"}],"curies":[{"name":"wp","href":"https:\/\/api.w.org\/{rel}","templated":true}]}}