{"id":1580,"date":"2026-01-17T16:04:24","date_gmt":"2026-01-17T16:04:24","guid":{"rendered":"https:\/\/teammutantecuador.com\/?post_type=product&#038;p=1580"},"modified":"2026-01-17T16:04:26","modified_gmt":"2026-01-17T16:04:26","slug":"real-mass-12-lb-gaspari-nutrition-vainilla","status":"publish","type":"product","link":"https:\/\/teammutantecuador.com\/?product=real-mass-12-lb-gaspari-nutrition-vainilla","title":{"rendered":"Real Mass 12 lb Gaspari Nutrition vainilla"},"content":{"rendered":"<p><strong>REAL MASS ADVANCED WEIGHT GAINER<\/strong>\u00a0es la \u00faltima f\u00f3rmula ganadora de peso magro de\u00a0Gaspari Nutrition, con 47G de Prote\u00edna por dosificaci\u00f3n, un alto aporte de Amino\u00e1cidos\u00a0Ramificados (BCAA\u00b4S), 5G de Creatina Monohidratada, espectacular sabor Gourmet y una\u00a0potente carga de Carbohidratos complejos que permitir\u00e1n obtener una \u00f3ptima ganancia\u00a0de masa muscular; todo esto en una sola y potente carga de 1000 calor\u00edas.<\/p>\n<p>&nbsp;<\/p>\n<h3>CARACTERISTICAS:<\/h3>\n<ul>\n<li>1000 calorias de alto valor nutricional<\/li>\n<li>Brinda una alta cantidad amino\u00e1cidos, incluyendo Bcaa\u00b4s<\/li>\n<li>Contiene 4 fuentes de Prote\u00edna (aislado de suero de prote\u00edna, concentrado de\u00a0suero de prote\u00edna, albumina de huevo y aislado de prote\u00edna de leche)<\/li>\n<li>Bajo contenido de grasa<\/li>\n<li>No contiene az\u00facar ni Gluten<\/li>\n<\/ul>\n<h3>BENEFICIOS Y APORTE NUTRICIONAL<\/h3>\n<ul>\n<li>Incrementa la s\u00edntesis de prote\u00edna mejorando la absorci\u00f3n y asimilaci\u00f3n de suero\u00a0de prote\u00edna hacia el musculo magro.<\/li>\n<li>Ayuda a mantener los niveles normales de glucosa en la sangre.<\/li>\n<li>Aumenta la resistencia y fuerza muscular por su aporte de Creatina.<\/li>\n<li>Coloca los niveles hormonales en \u00f3ptimas condiciones para construir el musculo\u00a0magro.<\/li>\n<\/ul>\n<p><strong>REAL MASS ADVANCED WEIGHT GAINER<\/strong>\u00a0es el ganador de peso que estabas buscando!\u00a0Con un alto aporte cal\u00f3rico nutricional obtendr\u00e1s las ganancias musculares que buscas.<\/p>\n<p>A diferencia de otros ganadores de peso, el\u00a0<strong>REAL MASS ADVANCED WEIGHT GAINER<\/strong>\u00a0contiene 4 fuentes de prote\u00edna altamente valorizadas en el mundo de la musculaci\u00f3n,\u00a0mediante minuciosos procesos del laboratorio, Gaspari Nutrition, se ha logrado obtener el\u00a0ganador de masa muscular m\u00e1s potente y concentrado del mercado, enfocado a aquellas\u00a0personas con dificultad de aumentar peso, aquellas personas que tienen un Meso tipo\u00a0Ectomorfo y deportistas practicantes del culturismo fitness y\/o Bodybuilding.<\/p>\n<p>Con una \u00fanica dosis de\u00a0<strong>REAL MASS ADVANCED WEIGHT GAINER<\/strong>\u00a0alimentaras tus m\u00fasculos\u00a0de altas concentraciones de Prote\u00edna (aislado, concentrado y prote\u00edna de leche), Creatinas\u00a0monohidratada, amino\u00e1cidos y enzimas digestivas. Adem\u00e1s contiene enzimas digestivas\u00a0que permitir\u00e1n una mejor asimilaci\u00f3n del organismo logrando que todos los nutrientes\u00a0entren al torrente sangu\u00edneo para nutrir y alimentar el musculo de tal manera que a partir\u00a0del 1er mes consumiendo REAL MASS ADVANCED WEIGHT GAINER se ver\u00e1n los resultados\u00a0voraces obtenidos.<\/p>\n<h2>Informaci\u00f3n Nutricional<\/h2>\n<p><img loading=\"lazy\" decoding=\"async\" class=\"alignnone wp-image-3922 size-full\" src=\"https:\/\/quitofitness.com\/wp-content\/uploads\/2021\/10\/RealMass12LB_Chocolate_SuppFacts_1080x1080_dffb570d-ef37-4941-bf13-267451ad6a74_900x.jpg\" alt=\"RealMass12LB_Chocolate_SuppFacts_1080x1080_dffb570d-ef37-4941-bf13-267451ad6a74_900x\" width=\"900\" height=\"900\" \/><\/p>\n<p><script async src=\"https:\/\/pagead2.googlesyndication.com\/pagead\/js\/adsbygoogle.js?client=ca-pub-2081804850646632\"\n     crossorigin=\"anonymous\"><\/script><br \/>\n<!-- quitof1 --><br \/>\n<ins class=\"adsbygoogle\"\n     style=\"display:block\"\n     data-ad-client=\"ca-pub-2081804850646632\"\n     data-ad-slot=\"3022364569\"\n     data-ad-format=\"auto\"\n     data-full-width-responsive=\"true\"><\/ins><br \/>\n<script>\n     (adsbygoogle = window.adsbygoogle || []).push({});\n<\/script><\/p>\n","protected":false},"excerpt":{"rendered":"<p>REAL MASS ADVANCED WEIGHT GAINER es la \u00faltima f\u00f3rmula ganadora de peso magro de Gaspari Nutrition,<\/p>\n<p>47G de Prote\u00edna por dosificaci\u00f3n<\/p>\n<p>un alto aporte de Amino\u00e1cidos Ramificados (BCAA\u00b4S)<\/p>\n<p>5G de Creatina Monohidratada<\/p>\n","protected":false},"featured_media":0,"comment_status":"open","ping_status":"closed","template":"","meta":[],"product_brand":[],"product_cat":[354],"product_tag":[61,418,408],"class_list":{"0":"post-1580","1":"product","2":"type-product","3":"status-publish","5":"product_cat-ganadores-de-peso","6":"product_tag-ganador-de-peso","7":"product_tag-gaspari","8":"product_tag-massgainer","10":"first","11":"instock","12":"sale","13":"shipping-taxable","14":"purchasable","15":"product-type-simple"},"yoast_head":"<!-- This site is optimized with the Yoast SEO plugin v26.8 - https:\/\/yoast.com\/product\/yoast-seo-wordpress\/ -->\n<title>Real Mass 12 lb Gaspari Nutrition vainilla - Team Mutan Ecuador<\/title>\n<meta name=\"description\" content=\"REAL MASS ADVANCED WEIGHT GAINER\u00a0es la \u00faltima f\u00f3rmula ganadora de peso magro de\u00a0Gaspari Nutrition, con 47G de Prote\u00edna por dosificaci\u00f3n, un alto aporte de Amino\u00e1cidos\u00a0Ramificados (BCAA\u00b4S), 5G de Creatina Monohidratada\" \/>\n<meta name=\"robots\" content=\"index, follow, max-snippet:-1, max-image-preview:large, max-video-preview:-1\" \/>\n<link rel=\"canonical\" href=\"https:\/\/teammutantecuador.com\/?product=real-mass-12-lb-gaspari-nutrition-vainilla\" \/>\n<meta property=\"og:locale\" content=\"es_ES\" \/>\n<meta property=\"og:type\" content=\"article\" \/>\n<meta property=\"og:title\" content=\"Real Mass 12 lb Gaspari Nutrition vainilla - Team Mutan Ecuador\" \/>\n<meta property=\"og:description\" content=\"REAL MASS ADVANCED WEIGHT GAINER\u00a0es la \u00faltima f\u00f3rmula ganadora de peso magro de\u00a0Gaspari Nutrition, con 47G de Prote\u00edna por dosificaci\u00f3n, un alto aporte de Amino\u00e1cidos\u00a0Ramificados (BCAA\u00b4S), 5G de Creatina Monohidratada\" \/>\n<meta property=\"og:url\" content=\"https:\/\/teammutantecuador.com\/?product=real-mass-12-lb-gaspari-nutrition-vainilla\" \/>\n<meta property=\"og:site_name\" content=\"Team Mutan Ecuador\" \/>\n<meta property=\"article:modified_time\" content=\"2026-01-17T16:04:26+00:00\" \/>\n<meta property=\"og:image\" content=\"https:\/\/quitofitness.com\/wp-content\/uploads\/2021\/10\/RealMass12LB_Chocolate_SuppFacts_1080x1080_dffb570d-ef37-4941-bf13-267451ad6a74_900x.jpg\" \/>\n<meta name=\"twitter:card\" content=\"summary_large_image\" \/>\n<meta name=\"twitter:label1\" content=\"Tiempo de lectura\" \/>\n\t<meta name=\"twitter:data1\" content=\"2 minutos\" \/>\n<script type=\"application\/ld+json\" class=\"yoast-schema-graph\">{\"@context\":\"https:\/\/schema.org\",\"@graph\":[{\"@type\":\"WebPage\",\"@id\":\"https:\/\/teammutantecuador.com\/?product=real-mass-12-lb-gaspari-nutrition-vainilla\",\"url\":\"https:\/\/teammutantecuador.com\/?product=real-mass-12-lb-gaspari-nutrition-vainilla\",\"name\":\"Real Mass 12 lb Gaspari Nutrition vainilla - Team Mutan Ecuador\",\"isPartOf\":{\"@id\":\"https:\/\/teammutantecuador.com\/#website\"},\"primaryImageOfPage\":{\"@id\":\"https:\/\/teammutantecuador.com\/?product=real-mass-12-lb-gaspari-nutrition-vainilla#primaryimage\"},\"image\":{\"@id\":\"https:\/\/teammutantecuador.com\/?product=real-mass-12-lb-gaspari-nutrition-vainilla#primaryimage\"},\"thumbnailUrl\":\"https:\/\/quitofitness.com\/wp-content\/uploads\/2021\/10\/RealMass12LB_Chocolate_SuppFacts_1080x1080_dffb570d-ef37-4941-bf13-267451ad6a74_900x.jpg\",\"datePublished\":\"2026-01-17T16:04:24+00:00\",\"dateModified\":\"2026-01-17T16:04:26+00:00\",\"description\":\"REAL MASS ADVANCED WEIGHT GAINER\u00a0es la \u00faltima f\u00f3rmula ganadora de peso magro de\u00a0Gaspari Nutrition, con 47G de Prote\u00edna por dosificaci\u00f3n, un alto aporte de Amino\u00e1cidos\u00a0Ramificados (BCAA\u00b4S), 5G de Creatina Monohidratada\",\"breadcrumb\":{\"@id\":\"https:\/\/teammutantecuador.com\/?product=real-mass-12-lb-gaspari-nutrition-vainilla#breadcrumb\"},\"inLanguage\":\"es\",\"potentialAction\":[{\"@type\":\"ReadAction\",\"target\":[\"https:\/\/teammutantecuador.com\/?product=real-mass-12-lb-gaspari-nutrition-vainilla\"]}]},{\"@type\":\"ImageObject\",\"inLanguage\":\"es\",\"@id\":\"https:\/\/teammutantecuador.com\/?product=real-mass-12-lb-gaspari-nutrition-vainilla#primaryimage\",\"url\":\"https:\/\/quitofitness.com\/wp-content\/uploads\/2021\/10\/RealMass12LB_Chocolate_SuppFacts_1080x1080_dffb570d-ef37-4941-bf13-267451ad6a74_900x.jpg\",\"contentUrl\":\"https:\/\/quitofitness.com\/wp-content\/uploads\/2021\/10\/RealMass12LB_Chocolate_SuppFacts_1080x1080_dffb570d-ef37-4941-bf13-267451ad6a74_900x.jpg\"},{\"@type\":\"BreadcrumbList\",\"@id\":\"https:\/\/teammutantecuador.com\/?product=real-mass-12-lb-gaspari-nutrition-vainilla#breadcrumb\",\"itemListElement\":[{\"@type\":\"ListItem\",\"position\":1,\"name\":\"Portada\",\"item\":\"https:\/\/teammutantecuador.com\/\"},{\"@type\":\"ListItem\",\"position\":2,\"name\":\"Shop\",\"item\":\"https:\/\/teammutantecuador.com\/?page_id=6\"},{\"@type\":\"ListItem\",\"position\":3,\"name\":\"Real Mass 12 lb Gaspari Nutrition vainilla\"}]},{\"@type\":\"WebSite\",\"@id\":\"https:\/\/teammutantecuador.com\/#website\",\"url\":\"https:\/\/teammutantecuador.com\/\",\"name\":\"Team Mutan Ecuador\",\"description\":\"Just another WordPress site\",\"publisher\":{\"@id\":\"https:\/\/teammutantecuador.com\/#organization\"},\"potentialAction\":[{\"@type\":\"SearchAction\",\"target\":{\"@type\":\"EntryPoint\",\"urlTemplate\":\"https:\/\/teammutantecuador.com\/?s={search_term_string}\"},\"query-input\":{\"@type\":\"PropertyValueSpecification\",\"valueRequired\":true,\"valueName\":\"search_term_string\"}}],\"inLanguage\":\"es\"},{\"@type\":\"Organization\",\"@id\":\"https:\/\/teammutantecuador.com\/#organization\",\"name\":\"Team Mutan Ecuador\",\"url\":\"https:\/\/teammutantecuador.com\/\",\"logo\":{\"@type\":\"ImageObject\",\"inLanguage\":\"es\",\"@id\":\"https:\/\/teammutantecuador.com\/#\/schema\/logo\/image\/\",\"url\":\"https:\/\/teammutantecuador.com\/wp-content\/uploads\/2026\/01\/Diseno-sin-titulo-97.png\",\"contentUrl\":\"https:\/\/teammutantecuador.com\/wp-content\/uploads\/2026\/01\/Diseno-sin-titulo-97.png\",\"width\":500,\"height\":300,\"caption\":\"Team Mutan Ecuador\"},\"image\":{\"@id\":\"https:\/\/teammutantecuador.com\/#\/schema\/logo\/image\/\"}}]}<\/script>\n<!-- \/ Yoast SEO plugin. -->","yoast_head_json":{"title":"Real Mass 12 lb Gaspari Nutrition vainilla - Team Mutan Ecuador","description":"REAL MASS ADVANCED WEIGHT GAINER\u00a0es la \u00faltima f\u00f3rmula ganadora de peso magro de\u00a0Gaspari Nutrition, con 47G de Prote\u00edna por dosificaci\u00f3n, un alto aporte de Amino\u00e1cidos\u00a0Ramificados (BCAA\u00b4S), 5G de Creatina Monohidratada","robots":{"index":"index","follow":"follow","max-snippet":"max-snippet:-1","max-image-preview":"max-image-preview:large","max-video-preview":"max-video-preview:-1"},"canonical":"https:\/\/teammutantecuador.com\/?product=real-mass-12-lb-gaspari-nutrition-vainilla","og_locale":"es_ES","og_type":"article","og_title":"Real Mass 12 lb Gaspari Nutrition vainilla - Team Mutan Ecuador","og_description":"REAL MASS ADVANCED WEIGHT GAINER\u00a0es la \u00faltima f\u00f3rmula ganadora de peso magro de\u00a0Gaspari Nutrition, con 47G de Prote\u00edna por dosificaci\u00f3n, un alto aporte de Amino\u00e1cidos\u00a0Ramificados (BCAA\u00b4S), 5G de Creatina Monohidratada","og_url":"https:\/\/teammutantecuador.com\/?product=real-mass-12-lb-gaspari-nutrition-vainilla","og_site_name":"Team Mutan Ecuador","article_modified_time":"2026-01-17T16:04:26+00:00","og_image":[{"url":"https:\/\/quitofitness.com\/wp-content\/uploads\/2021\/10\/RealMass12LB_Chocolate_SuppFacts_1080x1080_dffb570d-ef37-4941-bf13-267451ad6a74_900x.jpg","type":"","width":"","height":""}],"twitter_card":"summary_large_image","twitter_misc":{"Tiempo de lectura":"2 minutos"},"schema":{"@context":"https:\/\/schema.org","@graph":[{"@type":"WebPage","@id":"https:\/\/teammutantecuador.com\/?product=real-mass-12-lb-gaspari-nutrition-vainilla","url":"https:\/\/teammutantecuador.com\/?product=real-mass-12-lb-gaspari-nutrition-vainilla","name":"Real Mass 12 lb Gaspari Nutrition vainilla - Team Mutan Ecuador","isPartOf":{"@id":"https:\/\/teammutantecuador.com\/#website"},"primaryImageOfPage":{"@id":"https:\/\/teammutantecuador.com\/?product=real-mass-12-lb-gaspari-nutrition-vainilla#primaryimage"},"image":{"@id":"https:\/\/teammutantecuador.com\/?product=real-mass-12-lb-gaspari-nutrition-vainilla#primaryimage"},"thumbnailUrl":"https:\/\/quitofitness.com\/wp-content\/uploads\/2021\/10\/RealMass12LB_Chocolate_SuppFacts_1080x1080_dffb570d-ef37-4941-bf13-267451ad6a74_900x.jpg","datePublished":"2026-01-17T16:04:24+00:00","dateModified":"2026-01-17T16:04:26+00:00","description":"REAL MASS ADVANCED WEIGHT GAINER\u00a0es la \u00faltima f\u00f3rmula ganadora de peso magro de\u00a0Gaspari Nutrition, con 47G de Prote\u00edna por dosificaci\u00f3n, un alto aporte de Amino\u00e1cidos\u00a0Ramificados (BCAA\u00b4S), 5G de Creatina Monohidratada","breadcrumb":{"@id":"https:\/\/teammutantecuador.com\/?product=real-mass-12-lb-gaspari-nutrition-vainilla#breadcrumb"},"inLanguage":"es","potentialAction":[{"@type":"ReadAction","target":["https:\/\/teammutantecuador.com\/?product=real-mass-12-lb-gaspari-nutrition-vainilla"]}]},{"@type":"ImageObject","inLanguage":"es","@id":"https:\/\/teammutantecuador.com\/?product=real-mass-12-lb-gaspari-nutrition-vainilla#primaryimage","url":"https:\/\/quitofitness.com\/wp-content\/uploads\/2021\/10\/RealMass12LB_Chocolate_SuppFacts_1080x1080_dffb570d-ef37-4941-bf13-267451ad6a74_900x.jpg","contentUrl":"https:\/\/quitofitness.com\/wp-content\/uploads\/2021\/10\/RealMass12LB_Chocolate_SuppFacts_1080x1080_dffb570d-ef37-4941-bf13-267451ad6a74_900x.jpg"},{"@type":"BreadcrumbList","@id":"https:\/\/teammutantecuador.com\/?product=real-mass-12-lb-gaspari-nutrition-vainilla#breadcrumb","itemListElement":[{"@type":"ListItem","position":1,"name":"Portada","item":"https:\/\/teammutantecuador.com\/"},{"@type":"ListItem","position":2,"name":"Shop","item":"https:\/\/teammutantecuador.com\/?page_id=6"},{"@type":"ListItem","position":3,"name":"Real Mass 12 lb Gaspari Nutrition vainilla"}]},{"@type":"WebSite","@id":"https:\/\/teammutantecuador.com\/#website","url":"https:\/\/teammutantecuador.com\/","name":"Team Mutan Ecuador","description":"Just another WordPress site","publisher":{"@id":"https:\/\/teammutantecuador.com\/#organization"},"potentialAction":[{"@type":"SearchAction","target":{"@type":"EntryPoint","urlTemplate":"https:\/\/teammutantecuador.com\/?s={search_term_string}"},"query-input":{"@type":"PropertyValueSpecification","valueRequired":true,"valueName":"search_term_string"}}],"inLanguage":"es"},{"@type":"Organization","@id":"https:\/\/teammutantecuador.com\/#organization","name":"Team Mutan Ecuador","url":"https:\/\/teammutantecuador.com\/","logo":{"@type":"ImageObject","inLanguage":"es","@id":"https:\/\/teammutantecuador.com\/#\/schema\/logo\/image\/","url":"https:\/\/teammutantecuador.com\/wp-content\/uploads\/2026\/01\/Diseno-sin-titulo-97.png","contentUrl":"https:\/\/teammutantecuador.com\/wp-content\/uploads\/2026\/01\/Diseno-sin-titulo-97.png","width":500,"height":300,"caption":"Team Mutan Ecuador"},"image":{"@id":"https:\/\/teammutantecuador.com\/#\/schema\/logo\/image\/"}}]}},"_links":{"self":[{"href":"https:\/\/teammutantecuador.com\/index.php?rest_route=\/wp\/v2\/product\/1580","targetHints":{"allow":["GET"]}}],"collection":[{"href":"https:\/\/teammutantecuador.com\/index.php?rest_route=\/wp\/v2\/product"}],"about":[{"href":"https:\/\/teammutantecuador.com\/index.php?rest_route=\/wp\/v2\/types\/product"}],"replies":[{"embeddable":true,"href":"https:\/\/teammutantecuador.com\/index.php?rest_route=%2Fwp%2Fv2%2Fcomments&post=1580"}],"wp:attachment":[{"href":"https:\/\/teammutantecuador.com\/index.php?rest_route=%2Fwp%2Fv2%2Fmedia&parent=1580"}],"wp:term":[{"taxonomy":"product_brand","embeddable":true,"href":"https:\/\/teammutantecuador.com\/index.php?rest_route=%2Fwp%2Fv2%2Fproduct_brand&post=1580"},{"taxonomy":"product_cat","embeddable":true,"href":"https:\/\/teammutantecuador.com\/index.php?rest_route=%2Fwp%2Fv2%2Fproduct_cat&post=1580"},{"taxonomy":"product_tag","embeddable":true,"href":"https:\/\/teammutantecuador.com\/index.php?rest_route=%2Fwp%2Fv2%2Fproduct_tag&post=1580"}],"curies":[{"name":"wp","href":"https:\/\/api.w.org\/{rel}","templated":true}]}}