{"id":1578,"date":"2026-01-17T16:04:24","date_gmt":"2026-01-17T16:04:24","guid":{"rendered":"https:\/\/teammutantecuador.com\/?post_type=product&#038;p=1578"},"modified":"2026-01-17T16:04:26","modified_gmt":"2026-01-17T16:04:26","slug":"1-rule-whey-blend-5-lbs","status":"publish","type":"product","link":"https:\/\/teammutantecuador.com\/?product=1-rule-whey-blend-5-lbs","title":{"rendered":"1 rule Whey Blend 5 Lbs"},"content":{"rendered":"<ul>\n<li>24 Gramos de prote\u00edna por servida<\/li>\n<li>100% Whey Protein<\/li>\n<li>Aislada, Concentrada e Hidrolizada<\/li>\n<li>5 Gramos de BCAAs<\/li>\n<li>4 Gramos de Glutamina<\/li>\n<li>No contiene Gluten<\/li>\n<li>S\u00f3lo 130 calor\u00edas por sccop.<\/li>\n<li>Ideal para Aumento de Masa Muscular Magra<\/li>\n<li>Sabores:\n<ul>\n<li>Vanilla Ice Cream<\/li>\n<li>Chocolate Fudge<\/li>\n<\/ul>\n<\/li>\n<\/ul>\n<p>La R1 Whey Blend de la marca Rule 1 contiene un 100% de prote\u00edna de suero de leche proveniente de 3 fuentes: concentrada, aislada e hidrolizada. Adem\u00e1s, contiene BCAAs y Glutamina de origen natural, es de f\u00e1cil disoluci\u00f3n y no contiene gluten; por lo que es ideal para tonificaci\u00f3n y crecimiento de masa muscular magra.<\/p>\n<p>Rule 1 tiene sus instalaciones en Estados Unidos y desde que iniciaron su compromiso ha sido el de fabricar prote\u00ednas y suplementos con la mejor calidad, por ello la calidad de la R1 Whey Blend cuenta con los certificados NSF y GMP que avalan la seguridad, sostenibilidad y desempe\u00f1o eficaz en los procesos de producci\u00f3n de suplementos alimenticios.<\/p>\n","protected":false},"excerpt":{"rendered":"<ul>\n<li>24 Gramos de prote\u00edna por servida<\/li>\n<li>100% Whey Protein<\/li>\n<li>Aislada, Concentrada e Hidrolizada<\/li>\n<li>5 Gramos de BCAAs<\/li>\n<li>4 Gramos de Glutamina<\/li>\n<li>No contiene Gluten<\/li>\n<li>S\u00f3lo 130 calor\u00edas por sccop.<\/li>\n<li>Ideal para Aumento de Masa Muscular Magra<\/li>\n<\/ul>\n","protected":false},"featured_media":0,"comment_status":"open","ping_status":"closed","template":"","meta":[],"product_brand":[],"product_cat":[357],"product_tag":[415,416,59,417,103],"class_list":{"0":"post-1578","1":"product","2":"type-product","3":"status-publish","5":"product_cat-proteinas-2","6":"product_tag-1rule","7":"product_tag-onerule","8":"product_tag-proteina","9":"product_tag-r1","10":"product_tag-whey","12":"first","13":"instock","14":"sale","15":"shipping-taxable","16":"purchasable","17":"product-type-simple"},"yoast_head":"<!-- This site is optimized with the Yoast SEO plugin v26.8 - https:\/\/yoast.com\/product\/yoast-seo-wordpress\/ -->\n<title>1 rule Whey Blend 5 Lbs - Team Mutan Ecuador<\/title>\n<meta name=\"description\" content=\"24 Gramos de prote\u00edna por servida100% Whey Protein Aislada, Concentrada e Hidrolizada5 Gramos de BCAAs4 Gramos de Glutamina No contiene GlutenS\u00f3lo 130 calor\u00edas por sccop.Ideal para Aumento de Masa Muscular Magra\" \/>\n<meta name=\"robots\" content=\"index, follow, max-snippet:-1, max-image-preview:large, max-video-preview:-1\" \/>\n<link rel=\"canonical\" href=\"https:\/\/teammutantecuador.com\/?product=1-rule-whey-blend-5-lbs\" \/>\n<meta property=\"og:locale\" content=\"es_ES\" \/>\n<meta property=\"og:type\" content=\"article\" \/>\n<meta property=\"og:title\" content=\"1 rule Whey Blend 5 Lbs - Team Mutan Ecuador\" \/>\n<meta property=\"og:description\" content=\"24 Gramos de prote\u00edna por servida100% Whey Protein Aislada, Concentrada e Hidrolizada5 Gramos de BCAAs4 Gramos de Glutamina No contiene GlutenS\u00f3lo 130 calor\u00edas por sccop.Ideal para Aumento de Masa Muscular Magra\" \/>\n<meta property=\"og:url\" content=\"https:\/\/teammutantecuador.com\/?product=1-rule-whey-blend-5-lbs\" \/>\n<meta property=\"og:site_name\" content=\"Team Mutan Ecuador\" \/>\n<meta property=\"article:modified_time\" content=\"2026-01-17T16:04:26+00:00\" \/>\n<meta name=\"twitter:card\" content=\"summary_large_image\" \/>\n<meta name=\"twitter:label1\" content=\"Tiempo de lectura\" \/>\n\t<meta name=\"twitter:data1\" content=\"1 minuto\" \/>\n<script type=\"application\/ld+json\" class=\"yoast-schema-graph\">{\"@context\":\"https:\/\/schema.org\",\"@graph\":[{\"@type\":\"WebPage\",\"@id\":\"https:\/\/teammutantecuador.com\/?product=1-rule-whey-blend-5-lbs\",\"url\":\"https:\/\/teammutantecuador.com\/?product=1-rule-whey-blend-5-lbs\",\"name\":\"1 rule Whey Blend 5 Lbs - Team Mutan Ecuador\",\"isPartOf\":{\"@id\":\"https:\/\/teammutantecuador.com\/#website\"},\"datePublished\":\"2026-01-17T16:04:24+00:00\",\"dateModified\":\"2026-01-17T16:04:26+00:00\",\"description\":\"24 Gramos de prote\u00edna por servida100% Whey Protein Aislada, Concentrada e Hidrolizada5 Gramos de BCAAs4 Gramos de Glutamina No contiene GlutenS\u00f3lo 130 calor\u00edas por sccop.Ideal para Aumento de Masa Muscular Magra\",\"breadcrumb\":{\"@id\":\"https:\/\/teammutantecuador.com\/?product=1-rule-whey-blend-5-lbs#breadcrumb\"},\"inLanguage\":\"es\",\"potentialAction\":[{\"@type\":\"ReadAction\",\"target\":[\"https:\/\/teammutantecuador.com\/?product=1-rule-whey-blend-5-lbs\"]}]},{\"@type\":\"BreadcrumbList\",\"@id\":\"https:\/\/teammutantecuador.com\/?product=1-rule-whey-blend-5-lbs#breadcrumb\",\"itemListElement\":[{\"@type\":\"ListItem\",\"position\":1,\"name\":\"Portada\",\"item\":\"https:\/\/teammutantecuador.com\/\"},{\"@type\":\"ListItem\",\"position\":2,\"name\":\"Shop\",\"item\":\"https:\/\/teammutantecuador.com\/?page_id=6\"},{\"@type\":\"ListItem\",\"position\":3,\"name\":\"1 rule Whey Blend 5 Lbs\"}]},{\"@type\":\"WebSite\",\"@id\":\"https:\/\/teammutantecuador.com\/#website\",\"url\":\"https:\/\/teammutantecuador.com\/\",\"name\":\"Team Mutan Ecuador\",\"description\":\"Just another WordPress site\",\"publisher\":{\"@id\":\"https:\/\/teammutantecuador.com\/#organization\"},\"potentialAction\":[{\"@type\":\"SearchAction\",\"target\":{\"@type\":\"EntryPoint\",\"urlTemplate\":\"https:\/\/teammutantecuador.com\/?s={search_term_string}\"},\"query-input\":{\"@type\":\"PropertyValueSpecification\",\"valueRequired\":true,\"valueName\":\"search_term_string\"}}],\"inLanguage\":\"es\"},{\"@type\":\"Organization\",\"@id\":\"https:\/\/teammutantecuador.com\/#organization\",\"name\":\"Team Mutan Ecuador\",\"url\":\"https:\/\/teammutantecuador.com\/\",\"logo\":{\"@type\":\"ImageObject\",\"inLanguage\":\"es\",\"@id\":\"https:\/\/teammutantecuador.com\/#\/schema\/logo\/image\/\",\"url\":\"https:\/\/teammutantecuador.com\/wp-content\/uploads\/2026\/01\/Diseno-sin-titulo-97.png\",\"contentUrl\":\"https:\/\/teammutantecuador.com\/wp-content\/uploads\/2026\/01\/Diseno-sin-titulo-97.png\",\"width\":500,\"height\":300,\"caption\":\"Team Mutan Ecuador\"},\"image\":{\"@id\":\"https:\/\/teammutantecuador.com\/#\/schema\/logo\/image\/\"}}]}<\/script>\n<!-- \/ Yoast SEO plugin. -->","yoast_head_json":{"title":"1 rule Whey Blend 5 Lbs - Team Mutan Ecuador","description":"24 Gramos de prote\u00edna por servida100% Whey Protein Aislada, Concentrada e Hidrolizada5 Gramos de BCAAs4 Gramos de Glutamina No contiene GlutenS\u00f3lo 130 calor\u00edas por sccop.Ideal para Aumento de Masa Muscular Magra","robots":{"index":"index","follow":"follow","max-snippet":"max-snippet:-1","max-image-preview":"max-image-preview:large","max-video-preview":"max-video-preview:-1"},"canonical":"https:\/\/teammutantecuador.com\/?product=1-rule-whey-blend-5-lbs","og_locale":"es_ES","og_type":"article","og_title":"1 rule Whey Blend 5 Lbs - Team Mutan Ecuador","og_description":"24 Gramos de prote\u00edna por servida100% Whey Protein Aislada, Concentrada e Hidrolizada5 Gramos de BCAAs4 Gramos de Glutamina No contiene GlutenS\u00f3lo 130 calor\u00edas por sccop.Ideal para Aumento de Masa Muscular Magra","og_url":"https:\/\/teammutantecuador.com\/?product=1-rule-whey-blend-5-lbs","og_site_name":"Team Mutan Ecuador","article_modified_time":"2026-01-17T16:04:26+00:00","twitter_card":"summary_large_image","twitter_misc":{"Tiempo de lectura":"1 minuto"},"schema":{"@context":"https:\/\/schema.org","@graph":[{"@type":"WebPage","@id":"https:\/\/teammutantecuador.com\/?product=1-rule-whey-blend-5-lbs","url":"https:\/\/teammutantecuador.com\/?product=1-rule-whey-blend-5-lbs","name":"1 rule Whey Blend 5 Lbs - Team Mutan Ecuador","isPartOf":{"@id":"https:\/\/teammutantecuador.com\/#website"},"datePublished":"2026-01-17T16:04:24+00:00","dateModified":"2026-01-17T16:04:26+00:00","description":"24 Gramos de prote\u00edna por servida100% Whey Protein Aislada, Concentrada e Hidrolizada5 Gramos de BCAAs4 Gramos de Glutamina No contiene GlutenS\u00f3lo 130 calor\u00edas por sccop.Ideal para Aumento de Masa Muscular Magra","breadcrumb":{"@id":"https:\/\/teammutantecuador.com\/?product=1-rule-whey-blend-5-lbs#breadcrumb"},"inLanguage":"es","potentialAction":[{"@type":"ReadAction","target":["https:\/\/teammutantecuador.com\/?product=1-rule-whey-blend-5-lbs"]}]},{"@type":"BreadcrumbList","@id":"https:\/\/teammutantecuador.com\/?product=1-rule-whey-blend-5-lbs#breadcrumb","itemListElement":[{"@type":"ListItem","position":1,"name":"Portada","item":"https:\/\/teammutantecuador.com\/"},{"@type":"ListItem","position":2,"name":"Shop","item":"https:\/\/teammutantecuador.com\/?page_id=6"},{"@type":"ListItem","position":3,"name":"1 rule Whey Blend 5 Lbs"}]},{"@type":"WebSite","@id":"https:\/\/teammutantecuador.com\/#website","url":"https:\/\/teammutantecuador.com\/","name":"Team Mutan Ecuador","description":"Just another WordPress site","publisher":{"@id":"https:\/\/teammutantecuador.com\/#organization"},"potentialAction":[{"@type":"SearchAction","target":{"@type":"EntryPoint","urlTemplate":"https:\/\/teammutantecuador.com\/?s={search_term_string}"},"query-input":{"@type":"PropertyValueSpecification","valueRequired":true,"valueName":"search_term_string"}}],"inLanguage":"es"},{"@type":"Organization","@id":"https:\/\/teammutantecuador.com\/#organization","name":"Team Mutan Ecuador","url":"https:\/\/teammutantecuador.com\/","logo":{"@type":"ImageObject","inLanguage":"es","@id":"https:\/\/teammutantecuador.com\/#\/schema\/logo\/image\/","url":"https:\/\/teammutantecuador.com\/wp-content\/uploads\/2026\/01\/Diseno-sin-titulo-97.png","contentUrl":"https:\/\/teammutantecuador.com\/wp-content\/uploads\/2026\/01\/Diseno-sin-titulo-97.png","width":500,"height":300,"caption":"Team Mutan Ecuador"},"image":{"@id":"https:\/\/teammutantecuador.com\/#\/schema\/logo\/image\/"}}]}},"_links":{"self":[{"href":"https:\/\/teammutantecuador.com\/index.php?rest_route=\/wp\/v2\/product\/1578","targetHints":{"allow":["GET"]}}],"collection":[{"href":"https:\/\/teammutantecuador.com\/index.php?rest_route=\/wp\/v2\/product"}],"about":[{"href":"https:\/\/teammutantecuador.com\/index.php?rest_route=\/wp\/v2\/types\/product"}],"replies":[{"embeddable":true,"href":"https:\/\/teammutantecuador.com\/index.php?rest_route=%2Fwp%2Fv2%2Fcomments&post=1578"}],"wp:attachment":[{"href":"https:\/\/teammutantecuador.com\/index.php?rest_route=%2Fwp%2Fv2%2Fmedia&parent=1578"}],"wp:term":[{"taxonomy":"product_brand","embeddable":true,"href":"https:\/\/teammutantecuador.com\/index.php?rest_route=%2Fwp%2Fv2%2Fproduct_brand&post=1578"},{"taxonomy":"product_cat","embeddable":true,"href":"https:\/\/teammutantecuador.com\/index.php?rest_route=%2Fwp%2Fv2%2Fproduct_cat&post=1578"},{"taxonomy":"product_tag","embeddable":true,"href":"https:\/\/teammutantecuador.com\/index.php?rest_route=%2Fwp%2Fv2%2Fproduct_tag&post=1578"}],"curies":[{"name":"wp","href":"https:\/\/api.w.org\/{rel}","templated":true}]}}