{"id":1569,"date":"2026-01-17T16:04:19","date_gmt":"2026-01-17T16:04:19","guid":{"rendered":"https:\/\/teammutantecuador.com\/?post_type=product&#038;p=1569"},"modified":"2026-01-17T16:04:23","modified_gmt":"2026-01-17T16:04:23","slug":"ps-whey-isolate-16-libras-chocolate-ice-cream","status":"publish","type":"product","link":"https:\/\/teammutantecuador.com\/?product=ps-whey-isolate-16-libras-chocolate-ice-cream","title":{"rendered":"Ps Whey isolate  1,6 libras chocolate ice cream"},"content":{"rendered":"<ul>\n<li>Ayuda a construir masa muscular magra<\/li>\n<li>Mejora la reparaci\u00f3n muscular<\/li>\n<li>Mejora el rendimiento del ejercicio<\/li>\n<li>Apoya el control de peso<\/li>\n<li>Absorci\u00f3n r\u00e1pida<\/li>\n<\/ul>\n<p>La prote\u00edna en polvo\u00a0ProSupps\u00a0<sup>\u00ae<\/sup>\u00a0Whey Isolate se elabora con un WPI de triple filtrado en fr\u00edo que garantiza que el perfil de amino\u00e1cidos naturales y las valiosas microfracciones se mantengan intactas.\u00a0Formulado con 5 g de amino\u00e1cidos anab\u00f3licos de cadena ramificada (BCAA), el suplemento ProSupps\u00a0<sup>\u00ae<\/sup>\u00a0Whey Isolate tampoco contiene los az\u00facares agregados ni los rellenos que se encuentran com\u00fanmente en otras prote\u00ednas.\u00a0Whey Isolate es el primer aislado de prote\u00edna de suero que contiene 25 g de prote\u00edna por porci\u00f3n fortificada con L-Carnitina.\u00a0Desarrollado para desarrollar y mantener la masa muscular magra mientras se pierde grasa corporal, Whey Isolate es perfecto para cualquier persona que entrene con una dieta baja en calor\u00edas.<\/p>\n","protected":false},"excerpt":{"rendered":"<ul>\n<li>Ayuda a construir masa muscular magra<\/li>\n<li>Mejora la reparaci\u00f3n muscular<\/li>\n<li>Mejora el rendimiento del ejercicio<\/li>\n<li>Apoya el control de peso<\/li>\n<li>Absorci\u00f3n r\u00e1pida<\/li>\n<\/ul>\n","protected":false},"featured_media":0,"comment_status":"open","ping_status":"closed","template":"","meta":[],"product_brand":[],"product_cat":[357],"product_tag":[216,44,59],"class_list":{"0":"post-1569","1":"product","2":"type-product","3":"status-publish","5":"product_cat-proteinas-2","6":"product_tag-isolate","7":"product_tag-prosupps","8":"product_tag-proteina","10":"first","11":"instock","12":"shipping-taxable","13":"purchasable","14":"product-type-simple"},"yoast_head":"<!-- This site is optimized with the Yoast SEO plugin v26.8 - https:\/\/yoast.com\/product\/yoast-seo-wordpress\/ -->\n<title>Ps Whey isolate 1,6 libras chocolate ice cream - Team Mutan Ecuador<\/title>\n<meta name=\"description\" content=\"Ayuda a construir masa muscular magra Mejora la reparaci\u00f3n muscular Mejora el rendimiento del ejercicio Apoya el control de peso Absorci\u00f3n r\u00e1pida\" \/>\n<meta name=\"robots\" content=\"index, follow, max-snippet:-1, max-image-preview:large, max-video-preview:-1\" \/>\n<link rel=\"canonical\" href=\"https:\/\/teammutantecuador.com\/?product=ps-whey-isolate-16-libras-chocolate-ice-cream\" \/>\n<meta property=\"og:locale\" content=\"es_ES\" \/>\n<meta property=\"og:type\" content=\"article\" \/>\n<meta property=\"og:title\" content=\"Ps Whey isolate 1,6 libras chocolate ice cream - Team Mutan Ecuador\" \/>\n<meta property=\"og:description\" content=\"Ayuda a construir masa muscular magra Mejora la reparaci\u00f3n muscular Mejora el rendimiento del ejercicio Apoya el control de peso Absorci\u00f3n r\u00e1pida\" \/>\n<meta property=\"og:url\" content=\"https:\/\/teammutantecuador.com\/?product=ps-whey-isolate-16-libras-chocolate-ice-cream\" \/>\n<meta property=\"og:site_name\" content=\"Team Mutan Ecuador\" \/>\n<meta property=\"article:modified_time\" content=\"2026-01-17T16:04:23+00:00\" \/>\n<meta name=\"twitter:card\" content=\"summary_large_image\" \/>\n<meta name=\"twitter:label1\" content=\"Tiempo de lectura\" \/>\n\t<meta name=\"twitter:data1\" content=\"1 minuto\" \/>\n<script type=\"application\/ld+json\" class=\"yoast-schema-graph\">{\"@context\":\"https:\/\/schema.org\",\"@graph\":[{\"@type\":\"WebPage\",\"@id\":\"https:\/\/teammutantecuador.com\/?product=ps-whey-isolate-16-libras-chocolate-ice-cream\",\"url\":\"https:\/\/teammutantecuador.com\/?product=ps-whey-isolate-16-libras-chocolate-ice-cream\",\"name\":\"Ps Whey isolate 1,6 libras chocolate ice cream - Team Mutan Ecuador\",\"isPartOf\":{\"@id\":\"https:\/\/teammutantecuador.com\/#website\"},\"datePublished\":\"2026-01-17T16:04:19+00:00\",\"dateModified\":\"2026-01-17T16:04:23+00:00\",\"description\":\"Ayuda a construir masa muscular magra Mejora la reparaci\u00f3n muscular Mejora el rendimiento del ejercicio Apoya el control de peso Absorci\u00f3n r\u00e1pida\",\"breadcrumb\":{\"@id\":\"https:\/\/teammutantecuador.com\/?product=ps-whey-isolate-16-libras-chocolate-ice-cream#breadcrumb\"},\"inLanguage\":\"es\",\"potentialAction\":[{\"@type\":\"ReadAction\",\"target\":[\"https:\/\/teammutantecuador.com\/?product=ps-whey-isolate-16-libras-chocolate-ice-cream\"]}]},{\"@type\":\"BreadcrumbList\",\"@id\":\"https:\/\/teammutantecuador.com\/?product=ps-whey-isolate-16-libras-chocolate-ice-cream#breadcrumb\",\"itemListElement\":[{\"@type\":\"ListItem\",\"position\":1,\"name\":\"Portada\",\"item\":\"https:\/\/teammutantecuador.com\/\"},{\"@type\":\"ListItem\",\"position\":2,\"name\":\"Shop\",\"item\":\"https:\/\/teammutantecuador.com\/?page_id=6\"},{\"@type\":\"ListItem\",\"position\":3,\"name\":\"Ps Whey isolate 1,6 libras chocolate ice cream\"}]},{\"@type\":\"WebSite\",\"@id\":\"https:\/\/teammutantecuador.com\/#website\",\"url\":\"https:\/\/teammutantecuador.com\/\",\"name\":\"Team Mutan Ecuador\",\"description\":\"Just another WordPress site\",\"publisher\":{\"@id\":\"https:\/\/teammutantecuador.com\/#organization\"},\"potentialAction\":[{\"@type\":\"SearchAction\",\"target\":{\"@type\":\"EntryPoint\",\"urlTemplate\":\"https:\/\/teammutantecuador.com\/?s={search_term_string}\"},\"query-input\":{\"@type\":\"PropertyValueSpecification\",\"valueRequired\":true,\"valueName\":\"search_term_string\"}}],\"inLanguage\":\"es\"},{\"@type\":\"Organization\",\"@id\":\"https:\/\/teammutantecuador.com\/#organization\",\"name\":\"Team Mutan Ecuador\",\"url\":\"https:\/\/teammutantecuador.com\/\",\"logo\":{\"@type\":\"ImageObject\",\"inLanguage\":\"es\",\"@id\":\"https:\/\/teammutantecuador.com\/#\/schema\/logo\/image\/\",\"url\":\"https:\/\/teammutantecuador.com\/wp-content\/uploads\/2026\/01\/Diseno-sin-titulo-97.png\",\"contentUrl\":\"https:\/\/teammutantecuador.com\/wp-content\/uploads\/2026\/01\/Diseno-sin-titulo-97.png\",\"width\":500,\"height\":300,\"caption\":\"Team Mutan Ecuador\"},\"image\":{\"@id\":\"https:\/\/teammutantecuador.com\/#\/schema\/logo\/image\/\"}}]}<\/script>\n<!-- \/ Yoast SEO plugin. -->","yoast_head_json":{"title":"Ps Whey isolate 1,6 libras chocolate ice cream - Team Mutan Ecuador","description":"Ayuda a construir masa muscular magra Mejora la reparaci\u00f3n muscular Mejora el rendimiento del ejercicio Apoya el control de peso Absorci\u00f3n r\u00e1pida","robots":{"index":"index","follow":"follow","max-snippet":"max-snippet:-1","max-image-preview":"max-image-preview:large","max-video-preview":"max-video-preview:-1"},"canonical":"https:\/\/teammutantecuador.com\/?product=ps-whey-isolate-16-libras-chocolate-ice-cream","og_locale":"es_ES","og_type":"article","og_title":"Ps Whey isolate 1,6 libras chocolate ice cream - Team Mutan Ecuador","og_description":"Ayuda a construir masa muscular magra Mejora la reparaci\u00f3n muscular Mejora el rendimiento del ejercicio Apoya el control de peso Absorci\u00f3n r\u00e1pida","og_url":"https:\/\/teammutantecuador.com\/?product=ps-whey-isolate-16-libras-chocolate-ice-cream","og_site_name":"Team Mutan Ecuador","article_modified_time":"2026-01-17T16:04:23+00:00","twitter_card":"summary_large_image","twitter_misc":{"Tiempo de lectura":"1 minuto"},"schema":{"@context":"https:\/\/schema.org","@graph":[{"@type":"WebPage","@id":"https:\/\/teammutantecuador.com\/?product=ps-whey-isolate-16-libras-chocolate-ice-cream","url":"https:\/\/teammutantecuador.com\/?product=ps-whey-isolate-16-libras-chocolate-ice-cream","name":"Ps Whey isolate 1,6 libras chocolate ice cream - Team Mutan Ecuador","isPartOf":{"@id":"https:\/\/teammutantecuador.com\/#website"},"datePublished":"2026-01-17T16:04:19+00:00","dateModified":"2026-01-17T16:04:23+00:00","description":"Ayuda a construir masa muscular magra Mejora la reparaci\u00f3n muscular Mejora el rendimiento del ejercicio Apoya el control de peso Absorci\u00f3n r\u00e1pida","breadcrumb":{"@id":"https:\/\/teammutantecuador.com\/?product=ps-whey-isolate-16-libras-chocolate-ice-cream#breadcrumb"},"inLanguage":"es","potentialAction":[{"@type":"ReadAction","target":["https:\/\/teammutantecuador.com\/?product=ps-whey-isolate-16-libras-chocolate-ice-cream"]}]},{"@type":"BreadcrumbList","@id":"https:\/\/teammutantecuador.com\/?product=ps-whey-isolate-16-libras-chocolate-ice-cream#breadcrumb","itemListElement":[{"@type":"ListItem","position":1,"name":"Portada","item":"https:\/\/teammutantecuador.com\/"},{"@type":"ListItem","position":2,"name":"Shop","item":"https:\/\/teammutantecuador.com\/?page_id=6"},{"@type":"ListItem","position":3,"name":"Ps Whey isolate 1,6 libras chocolate ice cream"}]},{"@type":"WebSite","@id":"https:\/\/teammutantecuador.com\/#website","url":"https:\/\/teammutantecuador.com\/","name":"Team Mutan Ecuador","description":"Just another WordPress site","publisher":{"@id":"https:\/\/teammutantecuador.com\/#organization"},"potentialAction":[{"@type":"SearchAction","target":{"@type":"EntryPoint","urlTemplate":"https:\/\/teammutantecuador.com\/?s={search_term_string}"},"query-input":{"@type":"PropertyValueSpecification","valueRequired":true,"valueName":"search_term_string"}}],"inLanguage":"es"},{"@type":"Organization","@id":"https:\/\/teammutantecuador.com\/#organization","name":"Team Mutan Ecuador","url":"https:\/\/teammutantecuador.com\/","logo":{"@type":"ImageObject","inLanguage":"es","@id":"https:\/\/teammutantecuador.com\/#\/schema\/logo\/image\/","url":"https:\/\/teammutantecuador.com\/wp-content\/uploads\/2026\/01\/Diseno-sin-titulo-97.png","contentUrl":"https:\/\/teammutantecuador.com\/wp-content\/uploads\/2026\/01\/Diseno-sin-titulo-97.png","width":500,"height":300,"caption":"Team Mutan Ecuador"},"image":{"@id":"https:\/\/teammutantecuador.com\/#\/schema\/logo\/image\/"}}]}},"_links":{"self":[{"href":"https:\/\/teammutantecuador.com\/index.php?rest_route=\/wp\/v2\/product\/1569","targetHints":{"allow":["GET"]}}],"collection":[{"href":"https:\/\/teammutantecuador.com\/index.php?rest_route=\/wp\/v2\/product"}],"about":[{"href":"https:\/\/teammutantecuador.com\/index.php?rest_route=\/wp\/v2\/types\/product"}],"replies":[{"embeddable":true,"href":"https:\/\/teammutantecuador.com\/index.php?rest_route=%2Fwp%2Fv2%2Fcomments&post=1569"}],"wp:attachment":[{"href":"https:\/\/teammutantecuador.com\/index.php?rest_route=%2Fwp%2Fv2%2Fmedia&parent=1569"}],"wp:term":[{"taxonomy":"product_brand","embeddable":true,"href":"https:\/\/teammutantecuador.com\/index.php?rest_route=%2Fwp%2Fv2%2Fproduct_brand&post=1569"},{"taxonomy":"product_cat","embeddable":true,"href":"https:\/\/teammutantecuador.com\/index.php?rest_route=%2Fwp%2Fv2%2Fproduct_cat&post=1569"},{"taxonomy":"product_tag","embeddable":true,"href":"https:\/\/teammutantecuador.com\/index.php?rest_route=%2Fwp%2Fv2%2Fproduct_tag&post=1569"}],"curies":[{"name":"wp","href":"https:\/\/api.w.org\/{rel}","templated":true}]}}