{"id":1568,"date":"2026-01-17T16:04:19","date_gmt":"2026-01-17T16:04:19","guid":{"rendered":"https:\/\/teammutantecuador.com\/?post_type=product&#038;p=1568"},"modified":"2026-01-17T16:04:23","modified_gmt":"2026-01-17T16:04:23","slug":"whey-hd-vainilla-caramelo-4-2-libras","status":"publish","type":"product","link":"https:\/\/teammutantecuador.com\/?product=whey-hd-vainilla-caramelo-4-2-libras","title":{"rendered":"Whey HD vainilla caramelo 4.2 libras"},"content":{"rendered":"<ul>\n<li>FUERZA \/ CONSTRUCCI\u00d3N MUSCULAR<\/li>\n<li>PROGRAMAS DE NUTRICI\u00d3N \/ P\u00c9RDIDA DE PESO<\/li>\n<li>\u00a1DISUELVE Y DIGIERE F\u00c1CILMENTE, SABOR INCRE\u00cdBLE!<\/li>\n<li>25GR DE PROTE\u00cdNA POR SERVICIO<\/li>\n<\/ul>\n<p class=\"Value\">Prote\u00edna de suero de leche ultra premium para la construcci\u00f3n de m\u00fasculo magro, p\u00e9rdida de peso y recuperaci\u00f3n despu\u00e9s del entrenamiento.<\/p>\n<h2>ULTRA PREMIUM WHEY PROTEIN*\u2020<\/h2>\n<p>WHEY HD &#x2122; es un polvo de prote\u00edna de suero ultra premium y multifuncional con tecnolog\u00eda de sabor avanzada. WHEY HD &#x2122; se digiere r\u00e1pidamente para ayudar en la recuperaci\u00f3n muscular mientras ayuda a su cuerpo a desarrollar m\u00fasculos s\u00f3lidos y magros.<\/p>\n<h3>CONSTRUCCI\u00d3N MUSCULAR<\/h3>\n<p>Potente agente de construcci\u00f3n muscular intra-entrenamiento que aumenta la musculatura y la plenitud. * \u2020<\/p>\n<h3>RECUPERACI\u00d3N<\/h3>\n<p>La combinaci\u00f3n de prote\u00ednas y amino\u00e1cidos biodisponibles ha sido dise\u00f1ada para desarrollar masa muscular magra y promover la recuperaci\u00f3n muscular. * \u2020<\/p>\n<h3>P\u00c9RDIDA DE PESO<\/h3>\n<p>Whey HD &#x2122; contiene un m\u00ednimo de grasa, sodio y az\u00facares para apoyar sus objetivos de p\u00e9rdida de peso. * \u2020<\/p>\n<h3>RENDIMIENTO<\/h3>\n<p>Tecnolog\u00eda de sabor avanzada para una deliciosa prote\u00edna de suero de leche que se disuelve r\u00e1pidamente para mejorar el rendimiento. * \u2020<\/p>\n<h2 class=\"ProductDescription__headline\">MEZCLA DE PROTE\u00cdNA DE SUERO MULTI FASE\u00a0 IDEAL PARA PROGRAMAS DE AUMENTO DE FUERZA, CONSTRUCCI\u00d3N MUSCULAR Y DE P\u00c9RDIDA DE PESO.<\/h2>\n<p><!-- quitof1 --><br \/>\n<ins class=\"adsbygoogle\" data-ad-client=\"ca-pub-2081804850646632\" data-ad-slot=\"3022364569\" data-ad-format=\"auto\" data-full-width-responsive=\"true\"><\/ins><\/p>\n<p>     (adsbygoogle = window.adsbygoogle || []).push({});<\/p>\n","protected":false},"excerpt":{"rendered":"<ul>\n<li>FUERZA \/ CONSTRUCCI\u00d3N MUSCULAR<\/li>\n<li>PROGRAMAS DE NUTRICI\u00d3N \/ P\u00c9RDIDA DE PESO<\/li>\n<li>\u00a1DISUELVE Y DIGIERE F\u00c1CILMENTE, SABOR INCRE\u00cdBLE!<\/li>\n<li>25GR DE PROTE\u00cdNA POR SERVICIO<\/li>\n<\/ul>\n","protected":false},"featured_media":0,"comment_status":"open","ping_status":"closed","template":"","meta":[],"product_brand":[],"product_cat":[357],"product_tag":[75,59,92],"class_list":{"0":"post-1568","1":"product","2":"type-product","3":"status-publish","5":"product_cat-proteinas-2","6":"product_tag-bpisport","7":"product_tag-proteina","8":"product_tag-whey-protein","10":"first","11":"instock","12":"sale","13":"shipping-taxable","14":"purchasable","15":"product-type-simple"},"yoast_head":"<!-- This site is optimized with the Yoast SEO plugin v26.8 - https:\/\/yoast.com\/product\/yoast-seo-wordpress\/ -->\n<title>Whey HD vainilla caramelo 4.2 libras - Team Mutan Ecuador<\/title>\n<meta name=\"description\" content=\"FUERZA \/ CONSTRUCCI\u00d3N MUSCULARPROGRAMAS DE NUTRICI\u00d3N \/ P\u00c9RDIDA DE PESO\u00a1DISUELVE Y DIGIERE F\u00c1CILMENTE, SABOR INCRE\u00cdBLE! 25GR DE PROTE\u00cdNA POR SERVICIO\" \/>\n<meta name=\"robots\" content=\"index, follow, max-snippet:-1, max-image-preview:large, max-video-preview:-1\" \/>\n<link rel=\"canonical\" href=\"https:\/\/teammutantecuador.com\/?product=whey-hd-vainilla-caramelo-4-2-libras\" \/>\n<meta property=\"og:locale\" content=\"es_ES\" \/>\n<meta property=\"og:type\" content=\"article\" \/>\n<meta property=\"og:title\" content=\"Whey HD vainilla caramelo 4.2 libras - Team Mutan Ecuador\" \/>\n<meta property=\"og:description\" content=\"FUERZA \/ CONSTRUCCI\u00d3N MUSCULARPROGRAMAS DE NUTRICI\u00d3N \/ P\u00c9RDIDA DE PESO\u00a1DISUELVE Y DIGIERE F\u00c1CILMENTE, SABOR INCRE\u00cdBLE! 25GR DE PROTE\u00cdNA POR SERVICIO\" \/>\n<meta property=\"og:url\" content=\"https:\/\/teammutantecuador.com\/?product=whey-hd-vainilla-caramelo-4-2-libras\" \/>\n<meta property=\"og:site_name\" content=\"Team Mutan Ecuador\" \/>\n<meta property=\"article:modified_time\" content=\"2026-01-17T16:04:23+00:00\" \/>\n<meta name=\"twitter:card\" content=\"summary_large_image\" \/>\n<meta name=\"twitter:label1\" content=\"Tiempo de lectura\" \/>\n\t<meta name=\"twitter:data1\" content=\"1 minuto\" \/>\n<script type=\"application\/ld+json\" class=\"yoast-schema-graph\">{\"@context\":\"https:\/\/schema.org\",\"@graph\":[{\"@type\":\"WebPage\",\"@id\":\"https:\/\/teammutantecuador.com\/?product=whey-hd-vainilla-caramelo-4-2-libras\",\"url\":\"https:\/\/teammutantecuador.com\/?product=whey-hd-vainilla-caramelo-4-2-libras\",\"name\":\"Whey HD vainilla caramelo 4.2 libras - Team Mutan Ecuador\",\"isPartOf\":{\"@id\":\"https:\/\/teammutantecuador.com\/#website\"},\"datePublished\":\"2026-01-17T16:04:19+00:00\",\"dateModified\":\"2026-01-17T16:04:23+00:00\",\"description\":\"FUERZA \/ CONSTRUCCI\u00d3N MUSCULARPROGRAMAS DE NUTRICI\u00d3N \/ P\u00c9RDIDA DE PESO\u00a1DISUELVE Y DIGIERE F\u00c1CILMENTE, SABOR INCRE\u00cdBLE! 25GR DE PROTE\u00cdNA POR SERVICIO\",\"breadcrumb\":{\"@id\":\"https:\/\/teammutantecuador.com\/?product=whey-hd-vainilla-caramelo-4-2-libras#breadcrumb\"},\"inLanguage\":\"es\",\"potentialAction\":[{\"@type\":\"ReadAction\",\"target\":[\"https:\/\/teammutantecuador.com\/?product=whey-hd-vainilla-caramelo-4-2-libras\"]}]},{\"@type\":\"BreadcrumbList\",\"@id\":\"https:\/\/teammutantecuador.com\/?product=whey-hd-vainilla-caramelo-4-2-libras#breadcrumb\",\"itemListElement\":[{\"@type\":\"ListItem\",\"position\":1,\"name\":\"Portada\",\"item\":\"https:\/\/teammutantecuador.com\/\"},{\"@type\":\"ListItem\",\"position\":2,\"name\":\"Shop\",\"item\":\"https:\/\/teammutantecuador.com\/?page_id=6\"},{\"@type\":\"ListItem\",\"position\":3,\"name\":\"Whey HD vainilla caramelo 4.2 libras\"}]},{\"@type\":\"WebSite\",\"@id\":\"https:\/\/teammutantecuador.com\/#website\",\"url\":\"https:\/\/teammutantecuador.com\/\",\"name\":\"Team Mutan Ecuador\",\"description\":\"Just another WordPress site\",\"publisher\":{\"@id\":\"https:\/\/teammutantecuador.com\/#organization\"},\"potentialAction\":[{\"@type\":\"SearchAction\",\"target\":{\"@type\":\"EntryPoint\",\"urlTemplate\":\"https:\/\/teammutantecuador.com\/?s={search_term_string}\"},\"query-input\":{\"@type\":\"PropertyValueSpecification\",\"valueRequired\":true,\"valueName\":\"search_term_string\"}}],\"inLanguage\":\"es\"},{\"@type\":\"Organization\",\"@id\":\"https:\/\/teammutantecuador.com\/#organization\",\"name\":\"Team Mutan Ecuador\",\"url\":\"https:\/\/teammutantecuador.com\/\",\"logo\":{\"@type\":\"ImageObject\",\"inLanguage\":\"es\",\"@id\":\"https:\/\/teammutantecuador.com\/#\/schema\/logo\/image\/\",\"url\":\"https:\/\/teammutantecuador.com\/wp-content\/uploads\/2026\/01\/Diseno-sin-titulo-97.png\",\"contentUrl\":\"https:\/\/teammutantecuador.com\/wp-content\/uploads\/2026\/01\/Diseno-sin-titulo-97.png\",\"width\":500,\"height\":300,\"caption\":\"Team Mutan Ecuador\"},\"image\":{\"@id\":\"https:\/\/teammutantecuador.com\/#\/schema\/logo\/image\/\"}}]}<\/script>\n<!-- \/ Yoast SEO plugin. -->","yoast_head_json":{"title":"Whey HD vainilla caramelo 4.2 libras - Team Mutan Ecuador","description":"FUERZA \/ CONSTRUCCI\u00d3N MUSCULARPROGRAMAS DE NUTRICI\u00d3N \/ P\u00c9RDIDA DE PESO\u00a1DISUELVE Y DIGIERE F\u00c1CILMENTE, SABOR INCRE\u00cdBLE! 25GR DE PROTE\u00cdNA POR SERVICIO","robots":{"index":"index","follow":"follow","max-snippet":"max-snippet:-1","max-image-preview":"max-image-preview:large","max-video-preview":"max-video-preview:-1"},"canonical":"https:\/\/teammutantecuador.com\/?product=whey-hd-vainilla-caramelo-4-2-libras","og_locale":"es_ES","og_type":"article","og_title":"Whey HD vainilla caramelo 4.2 libras - Team Mutan Ecuador","og_description":"FUERZA \/ CONSTRUCCI\u00d3N MUSCULARPROGRAMAS DE NUTRICI\u00d3N \/ P\u00c9RDIDA DE PESO\u00a1DISUELVE Y DIGIERE F\u00c1CILMENTE, SABOR INCRE\u00cdBLE! 25GR DE PROTE\u00cdNA POR SERVICIO","og_url":"https:\/\/teammutantecuador.com\/?product=whey-hd-vainilla-caramelo-4-2-libras","og_site_name":"Team Mutan Ecuador","article_modified_time":"2026-01-17T16:04:23+00:00","twitter_card":"summary_large_image","twitter_misc":{"Tiempo de lectura":"1 minuto"},"schema":{"@context":"https:\/\/schema.org","@graph":[{"@type":"WebPage","@id":"https:\/\/teammutantecuador.com\/?product=whey-hd-vainilla-caramelo-4-2-libras","url":"https:\/\/teammutantecuador.com\/?product=whey-hd-vainilla-caramelo-4-2-libras","name":"Whey HD vainilla caramelo 4.2 libras - Team Mutan Ecuador","isPartOf":{"@id":"https:\/\/teammutantecuador.com\/#website"},"datePublished":"2026-01-17T16:04:19+00:00","dateModified":"2026-01-17T16:04:23+00:00","description":"FUERZA \/ CONSTRUCCI\u00d3N MUSCULARPROGRAMAS DE NUTRICI\u00d3N \/ P\u00c9RDIDA DE PESO\u00a1DISUELVE Y DIGIERE F\u00c1CILMENTE, SABOR INCRE\u00cdBLE! 25GR DE PROTE\u00cdNA POR SERVICIO","breadcrumb":{"@id":"https:\/\/teammutantecuador.com\/?product=whey-hd-vainilla-caramelo-4-2-libras#breadcrumb"},"inLanguage":"es","potentialAction":[{"@type":"ReadAction","target":["https:\/\/teammutantecuador.com\/?product=whey-hd-vainilla-caramelo-4-2-libras"]}]},{"@type":"BreadcrumbList","@id":"https:\/\/teammutantecuador.com\/?product=whey-hd-vainilla-caramelo-4-2-libras#breadcrumb","itemListElement":[{"@type":"ListItem","position":1,"name":"Portada","item":"https:\/\/teammutantecuador.com\/"},{"@type":"ListItem","position":2,"name":"Shop","item":"https:\/\/teammutantecuador.com\/?page_id=6"},{"@type":"ListItem","position":3,"name":"Whey HD vainilla caramelo 4.2 libras"}]},{"@type":"WebSite","@id":"https:\/\/teammutantecuador.com\/#website","url":"https:\/\/teammutantecuador.com\/","name":"Team Mutan Ecuador","description":"Just another WordPress site","publisher":{"@id":"https:\/\/teammutantecuador.com\/#organization"},"potentialAction":[{"@type":"SearchAction","target":{"@type":"EntryPoint","urlTemplate":"https:\/\/teammutantecuador.com\/?s={search_term_string}"},"query-input":{"@type":"PropertyValueSpecification","valueRequired":true,"valueName":"search_term_string"}}],"inLanguage":"es"},{"@type":"Organization","@id":"https:\/\/teammutantecuador.com\/#organization","name":"Team Mutan Ecuador","url":"https:\/\/teammutantecuador.com\/","logo":{"@type":"ImageObject","inLanguage":"es","@id":"https:\/\/teammutantecuador.com\/#\/schema\/logo\/image\/","url":"https:\/\/teammutantecuador.com\/wp-content\/uploads\/2026\/01\/Diseno-sin-titulo-97.png","contentUrl":"https:\/\/teammutantecuador.com\/wp-content\/uploads\/2026\/01\/Diseno-sin-titulo-97.png","width":500,"height":300,"caption":"Team Mutan Ecuador"},"image":{"@id":"https:\/\/teammutantecuador.com\/#\/schema\/logo\/image\/"}}]}},"_links":{"self":[{"href":"https:\/\/teammutantecuador.com\/index.php?rest_route=\/wp\/v2\/product\/1568","targetHints":{"allow":["GET"]}}],"collection":[{"href":"https:\/\/teammutantecuador.com\/index.php?rest_route=\/wp\/v2\/product"}],"about":[{"href":"https:\/\/teammutantecuador.com\/index.php?rest_route=\/wp\/v2\/types\/product"}],"replies":[{"embeddable":true,"href":"https:\/\/teammutantecuador.com\/index.php?rest_route=%2Fwp%2Fv2%2Fcomments&post=1568"}],"wp:attachment":[{"href":"https:\/\/teammutantecuador.com\/index.php?rest_route=%2Fwp%2Fv2%2Fmedia&parent=1568"}],"wp:term":[{"taxonomy":"product_brand","embeddable":true,"href":"https:\/\/teammutantecuador.com\/index.php?rest_route=%2Fwp%2Fv2%2Fproduct_brand&post=1568"},{"taxonomy":"product_cat","embeddable":true,"href":"https:\/\/teammutantecuador.com\/index.php?rest_route=%2Fwp%2Fv2%2Fproduct_cat&post=1568"},{"taxonomy":"product_tag","embeddable":true,"href":"https:\/\/teammutantecuador.com\/index.php?rest_route=%2Fwp%2Fv2%2Fproduct_tag&post=1568"}],"curies":[{"name":"wp","href":"https:\/\/api.w.org\/{rel}","templated":true}]}}