{"id":1566,"date":"2026-01-17T16:04:19","date_gmt":"2026-01-17T16:04:19","guid":{"rendered":"https:\/\/teammutantecuador.com\/?post_type=product&#038;p=1566"},"modified":"2026-01-17T16:04:23","modified_gmt":"2026-01-17T16:04:23","slug":"creatina-creakon-300-gramos","status":"publish","type":"product","link":"https:\/\/teammutantecuador.com\/?product=creatina-creakon-300-gramos","title":{"rendered":"CREATINA CREAKON 300 GRAMOS"},"content":{"rendered":"<p><strong>CreaKong<\/strong><strong>&#x2122;<\/strong>\u00a0de\u00a0<strong>Mutant\u00a0<\/strong>es una nueva matriz que contiene los tres tipos de creatina m\u00e1s efectivos, el monohidrato de creatina de Creapure\u00ae, la creatina con magnesio de MagnaPower\u00ae y la tri-creatina citrato.<\/p>\n<p>La creatina induce claramente a un aumento de la capacidad de rendimiento en los \u00e1mbitos de fuerza m\u00e1xima y ejercicio prolongado. La creatina mantiene y repone la energ\u00eda necesaria para la pr\u00e1ctica deportiva y evita el agotamiento de las reservas org\u00e1nicas de energ\u00eda como el gluc\u00f3geno o la prote\u00edna muscular.<\/p>\n<p>Principales beneficios de\u00a0<strong>CreaKong<\/strong><strong>&#x2122;<\/strong>\u00a0de\u00a0<strong>Mutant<\/strong>:<\/p>\n<p>&#8211; Ayuda a construir masa muscular y a aumentar la fuerza.<\/p>\n<p><span id=\"result_box\" lang=\"es\">&#8211; Contiene las\u00a03 mejores\u00a0creatinas apoyadas por estudios cient\u00edficos que avalan su eficacia.<\/span><\/p>\n<p><span lang=\"es\">&#8211; Contiene Creapure\u00ae, MagnaPower\u00ae y tri-creatina citrato.<\/span><\/p>\n<p>&#8211; Maximiza la absorci\u00f3n de la creatina y el almacenamiento en el tejido muscular.<\/p>\n<p>&#8211; Aumento de la fuerza y la potencia.<\/p>\n<p>&#8211; Mejora de la velocidad de recuperaci\u00f3n muscular y reduce la fatiga.<\/p>\n<p>&#8211; Voluminiza las c\u00e9lulas y aumentan el tama\u00f1o del m\u00fasculo.<\/p>\n<p>&#8211; Aumenta los niveles de energ\u00eda y de resistencia.<\/p>\n<p>&#8211; Mejora la preservaci\u00f3n y recuperaci\u00f3n del ATP.<\/p>\n<p><span id=\"result_box\" lang=\"es\">&#8211;\u00a0No contiene ning\u00fan tipo de ingrediente de relleno.<\/span><\/p>\n<p><span id=\"result_box\" lang=\"es\">&#8211; 75 servicios por envase.\u00a0<\/span><\/p>\n<p><script async src=\"https:\/\/pagead2.googlesyndication.com\/pagead\/js\/adsbygoogle.js?client=ca-pub-2081804850646632\"\n     crossorigin=\"anonymous\"><\/script><br \/>\n<!-- quitof1 --><br \/>\n<ins class=\"adsbygoogle\"\n     style=\"display:block\"\n     data-ad-client=\"ca-pub-2081804850646632\"\n     data-ad-slot=\"3022364569\"\n     data-ad-format=\"auto\"\n     data-full-width-responsive=\"true\"><\/ins><br \/>\n<script>\n     (adsbygoogle = window.adsbygoogle || []).push({});\n<\/script><\/p>\n","protected":false},"excerpt":{"rendered":"<p><strong>CreaKong<\/strong><strong>&#x2122;<\/strong>\u00a0de\u00a0<strong>Mutant\u00a0<\/strong>es una nueva matriz que contiene los tres tipos de creatina m\u00e1s efectivos, el monohidrato de creatina de Creapure\u00ae, la creatina con magnesio de MagnaPower\u00ae y la tri-creatina citrato.<\/p>\n","protected":false},"featured_media":0,"comment_status":"open","ping_status":"closed","template":"","meta":[],"product_brand":[],"product_cat":[77],"product_tag":[78,371],"class_list":{"0":"post-1566","1":"product","2":"type-product","3":"status-publish","5":"product_cat-creatinas","6":"product_tag-creatina","7":"product_tag-mutant","9":"first","10":"instock","11":"shipping-taxable","12":"purchasable","13":"product-type-simple"},"yoast_head":"<!-- This site is optimized with the Yoast SEO plugin v26.8 - https:\/\/yoast.com\/product\/yoast-seo-wordpress\/ -->\n<title>CREATINA CREAKON 300 GRAMOS - Team Mutan Ecuador<\/title>\n<meta name=\"description\" content=\"CreaKong\u2122\u00a0de\u00a0Mutant\u00a0es una nueva matriz que contiene los tres tipos de creatina m\u00e1s efectivos, el monohidrato de creatina de Creapure\u00ae, la creatina con magnesio de MagnaPower\u00ae y la tri-creatina citrato.\" \/>\n<meta name=\"robots\" content=\"index, follow, max-snippet:-1, max-image-preview:large, max-video-preview:-1\" \/>\n<link rel=\"canonical\" href=\"https:\/\/teammutantecuador.com\/?product=creatina-creakon-300-gramos\" \/>\n<meta property=\"og:locale\" content=\"es_ES\" \/>\n<meta property=\"og:type\" content=\"article\" \/>\n<meta property=\"og:title\" content=\"CREATINA CREAKON 300 GRAMOS - Team Mutan Ecuador\" \/>\n<meta property=\"og:description\" content=\"CreaKong\u2122\u00a0de\u00a0Mutant\u00a0es una nueva matriz que contiene los tres tipos de creatina m\u00e1s efectivos, el monohidrato de creatina de Creapure\u00ae, la creatina con magnesio de MagnaPower\u00ae y la tri-creatina citrato.\" \/>\n<meta property=\"og:url\" content=\"https:\/\/teammutantecuador.com\/?product=creatina-creakon-300-gramos\" \/>\n<meta property=\"og:site_name\" content=\"Team Mutan Ecuador\" \/>\n<meta property=\"article:modified_time\" content=\"2026-01-17T16:04:23+00:00\" \/>\n<meta name=\"twitter:card\" content=\"summary_large_image\" \/>\n<meta name=\"twitter:label1\" content=\"Tiempo de lectura\" \/>\n\t<meta name=\"twitter:data1\" content=\"1 minuto\" \/>\n<script type=\"application\/ld+json\" class=\"yoast-schema-graph\">{\"@context\":\"https:\/\/schema.org\",\"@graph\":[{\"@type\":\"WebPage\",\"@id\":\"https:\/\/teammutantecuador.com\/?product=creatina-creakon-300-gramos\",\"url\":\"https:\/\/teammutantecuador.com\/?product=creatina-creakon-300-gramos\",\"name\":\"CREATINA CREAKON 300 GRAMOS - Team Mutan Ecuador\",\"isPartOf\":{\"@id\":\"https:\/\/teammutantecuador.com\/#website\"},\"datePublished\":\"2026-01-17T16:04:19+00:00\",\"dateModified\":\"2026-01-17T16:04:23+00:00\",\"description\":\"CreaKong\u2122\u00a0de\u00a0Mutant\u00a0es una nueva matriz que contiene los tres tipos de creatina m\u00e1s efectivos, el monohidrato de creatina de Creapure\u00ae, la creatina con magnesio de MagnaPower\u00ae y la tri-creatina citrato.\",\"breadcrumb\":{\"@id\":\"https:\/\/teammutantecuador.com\/?product=creatina-creakon-300-gramos#breadcrumb\"},\"inLanguage\":\"es\",\"potentialAction\":[{\"@type\":\"ReadAction\",\"target\":[\"https:\/\/teammutantecuador.com\/?product=creatina-creakon-300-gramos\"]}]},{\"@type\":\"BreadcrumbList\",\"@id\":\"https:\/\/teammutantecuador.com\/?product=creatina-creakon-300-gramos#breadcrumb\",\"itemListElement\":[{\"@type\":\"ListItem\",\"position\":1,\"name\":\"Portada\",\"item\":\"https:\/\/teammutantecuador.com\/\"},{\"@type\":\"ListItem\",\"position\":2,\"name\":\"Shop\",\"item\":\"https:\/\/teammutantecuador.com\/?page_id=6\"},{\"@type\":\"ListItem\",\"position\":3,\"name\":\"CREATINA CREAKON 300 GRAMOS\"}]},{\"@type\":\"WebSite\",\"@id\":\"https:\/\/teammutantecuador.com\/#website\",\"url\":\"https:\/\/teammutantecuador.com\/\",\"name\":\"Team Mutan Ecuador\",\"description\":\"Just another WordPress site\",\"publisher\":{\"@id\":\"https:\/\/teammutantecuador.com\/#organization\"},\"potentialAction\":[{\"@type\":\"SearchAction\",\"target\":{\"@type\":\"EntryPoint\",\"urlTemplate\":\"https:\/\/teammutantecuador.com\/?s={search_term_string}\"},\"query-input\":{\"@type\":\"PropertyValueSpecification\",\"valueRequired\":true,\"valueName\":\"search_term_string\"}}],\"inLanguage\":\"es\"},{\"@type\":\"Organization\",\"@id\":\"https:\/\/teammutantecuador.com\/#organization\",\"name\":\"Team Mutan Ecuador\",\"url\":\"https:\/\/teammutantecuador.com\/\",\"logo\":{\"@type\":\"ImageObject\",\"inLanguage\":\"es\",\"@id\":\"https:\/\/teammutantecuador.com\/#\/schema\/logo\/image\/\",\"url\":\"https:\/\/teammutantecuador.com\/wp-content\/uploads\/2026\/01\/Diseno-sin-titulo-97.png\",\"contentUrl\":\"https:\/\/teammutantecuador.com\/wp-content\/uploads\/2026\/01\/Diseno-sin-titulo-97.png\",\"width\":500,\"height\":300,\"caption\":\"Team Mutan Ecuador\"},\"image\":{\"@id\":\"https:\/\/teammutantecuador.com\/#\/schema\/logo\/image\/\"}}]}<\/script>\n<!-- \/ Yoast SEO plugin. -->","yoast_head_json":{"title":"CREATINA CREAKON 300 GRAMOS - Team Mutan Ecuador","description":"CreaKong\u2122\u00a0de\u00a0Mutant\u00a0es una nueva matriz que contiene los tres tipos de creatina m\u00e1s efectivos, el monohidrato de creatina de Creapure\u00ae, la creatina con magnesio de MagnaPower\u00ae y la tri-creatina citrato.","robots":{"index":"index","follow":"follow","max-snippet":"max-snippet:-1","max-image-preview":"max-image-preview:large","max-video-preview":"max-video-preview:-1"},"canonical":"https:\/\/teammutantecuador.com\/?product=creatina-creakon-300-gramos","og_locale":"es_ES","og_type":"article","og_title":"CREATINA CREAKON 300 GRAMOS - Team Mutan Ecuador","og_description":"CreaKong\u2122\u00a0de\u00a0Mutant\u00a0es una nueva matriz que contiene los tres tipos de creatina m\u00e1s efectivos, el monohidrato de creatina de Creapure\u00ae, la creatina con magnesio de MagnaPower\u00ae y la tri-creatina citrato.","og_url":"https:\/\/teammutantecuador.com\/?product=creatina-creakon-300-gramos","og_site_name":"Team Mutan Ecuador","article_modified_time":"2026-01-17T16:04:23+00:00","twitter_card":"summary_large_image","twitter_misc":{"Tiempo de lectura":"1 minuto"},"schema":{"@context":"https:\/\/schema.org","@graph":[{"@type":"WebPage","@id":"https:\/\/teammutantecuador.com\/?product=creatina-creakon-300-gramos","url":"https:\/\/teammutantecuador.com\/?product=creatina-creakon-300-gramos","name":"CREATINA CREAKON 300 GRAMOS - Team Mutan Ecuador","isPartOf":{"@id":"https:\/\/teammutantecuador.com\/#website"},"datePublished":"2026-01-17T16:04:19+00:00","dateModified":"2026-01-17T16:04:23+00:00","description":"CreaKong\u2122\u00a0de\u00a0Mutant\u00a0es una nueva matriz que contiene los tres tipos de creatina m\u00e1s efectivos, el monohidrato de creatina de Creapure\u00ae, la creatina con magnesio de MagnaPower\u00ae y la tri-creatina citrato.","breadcrumb":{"@id":"https:\/\/teammutantecuador.com\/?product=creatina-creakon-300-gramos#breadcrumb"},"inLanguage":"es","potentialAction":[{"@type":"ReadAction","target":["https:\/\/teammutantecuador.com\/?product=creatina-creakon-300-gramos"]}]},{"@type":"BreadcrumbList","@id":"https:\/\/teammutantecuador.com\/?product=creatina-creakon-300-gramos#breadcrumb","itemListElement":[{"@type":"ListItem","position":1,"name":"Portada","item":"https:\/\/teammutantecuador.com\/"},{"@type":"ListItem","position":2,"name":"Shop","item":"https:\/\/teammutantecuador.com\/?page_id=6"},{"@type":"ListItem","position":3,"name":"CREATINA CREAKON 300 GRAMOS"}]},{"@type":"WebSite","@id":"https:\/\/teammutantecuador.com\/#website","url":"https:\/\/teammutantecuador.com\/","name":"Team Mutan Ecuador","description":"Just another WordPress site","publisher":{"@id":"https:\/\/teammutantecuador.com\/#organization"},"potentialAction":[{"@type":"SearchAction","target":{"@type":"EntryPoint","urlTemplate":"https:\/\/teammutantecuador.com\/?s={search_term_string}"},"query-input":{"@type":"PropertyValueSpecification","valueRequired":true,"valueName":"search_term_string"}}],"inLanguage":"es"},{"@type":"Organization","@id":"https:\/\/teammutantecuador.com\/#organization","name":"Team Mutan Ecuador","url":"https:\/\/teammutantecuador.com\/","logo":{"@type":"ImageObject","inLanguage":"es","@id":"https:\/\/teammutantecuador.com\/#\/schema\/logo\/image\/","url":"https:\/\/teammutantecuador.com\/wp-content\/uploads\/2026\/01\/Diseno-sin-titulo-97.png","contentUrl":"https:\/\/teammutantecuador.com\/wp-content\/uploads\/2026\/01\/Diseno-sin-titulo-97.png","width":500,"height":300,"caption":"Team Mutan Ecuador"},"image":{"@id":"https:\/\/teammutantecuador.com\/#\/schema\/logo\/image\/"}}]}},"_links":{"self":[{"href":"https:\/\/teammutantecuador.com\/index.php?rest_route=\/wp\/v2\/product\/1566","targetHints":{"allow":["GET"]}}],"collection":[{"href":"https:\/\/teammutantecuador.com\/index.php?rest_route=\/wp\/v2\/product"}],"about":[{"href":"https:\/\/teammutantecuador.com\/index.php?rest_route=\/wp\/v2\/types\/product"}],"replies":[{"embeddable":true,"href":"https:\/\/teammutantecuador.com\/index.php?rest_route=%2Fwp%2Fv2%2Fcomments&post=1566"}],"wp:attachment":[{"href":"https:\/\/teammutantecuador.com\/index.php?rest_route=%2Fwp%2Fv2%2Fmedia&parent=1566"}],"wp:term":[{"taxonomy":"product_brand","embeddable":true,"href":"https:\/\/teammutantecuador.com\/index.php?rest_route=%2Fwp%2Fv2%2Fproduct_brand&post=1566"},{"taxonomy":"product_cat","embeddable":true,"href":"https:\/\/teammutantecuador.com\/index.php?rest_route=%2Fwp%2Fv2%2Fproduct_cat&post=1566"},{"taxonomy":"product_tag","embeddable":true,"href":"https:\/\/teammutantecuador.com\/index.php?rest_route=%2Fwp%2Fv2%2Fproduct_tag&post=1566"}],"curies":[{"name":"wp","href":"https:\/\/api.w.org\/{rel}","templated":true}]}}