{"id":1564,"date":"2026-01-17T16:04:19","date_gmt":"2026-01-17T16:04:19","guid":{"rendered":"https:\/\/teammutantecuador.com\/?post_type=product&#038;p=1564"},"modified":"2026-01-17T16:04:23","modified_gmt":"2026-01-17T16:04:23","slug":"prosupps-whey-vainilla","status":"publish","type":"product","link":"https:\/\/teammutantecuador.com\/?product=prosupps-whey-vainilla","title":{"rendered":"ProSupps Whey vainilla"},"content":{"rendered":"<p><b>Detalles:<\/b><br \/>\nProte\u00edna de entrenamiento premium. 24 g de prote\u00edna. 11g de EAA. 5g de BCAA. Apoya el crecimiento muscular. Apoya el volumen muscular. Mejora la reparaci\u00f3n muscular. Sin gluten.\u00a0 Fabricado en una instalaci\u00f3n CGMP. Sin Amino Spiking. Keto Friendly.<\/p>\n<p><b>Ingredientes:<\/b>\u00a0Concentrado de prote\u00edna de suero, Sabores naturales y artificiales, Sal, Goma xantana, Sucralosa, Goma Gaur.<\/p>\n<p><span>ProSupps\u00a0<\/span><sup><span>\u00ae<\/span><\/sup><span>\u00a0Whey Concentrate es la mejor opci\u00f3n para la prote\u00edna diaria que necesita para desarrollar, reconstruir y mantener la masa muscular.\u00a0Nuestra mezcla es rica en amino\u00e1cidos naturales y contiene 24 g de prote\u00edna de suero de leche de alta calidad por porci\u00f3n.\u00a0El concentrado de prote\u00edna de suero ofrece beneficios de \u00abalimentos integrales\u00bb al mismo tiempo que impulsa la s\u00edntesis de prote\u00ednas para maximizar el crecimiento de la masa muscular.\u00a0Sin picos de amino ni az\u00facares a\u00f1adidos.\u00a0Libre de sustancias prohibidas y\u00a0certificado por\u00a0Informed Choice\u00a0<\/span><sup><span>\u00ae<\/span><\/sup><span>\u00a0.\u00a0Y dado que el gusto es clave, tenemos sabores gourmet que satisfar\u00e1n incluso a los paladares m\u00e1s exigentes.\u00a0El concentrado de suero est\u00e1 dise\u00f1ado para quienes buscan una prote\u00edna de suero vers\u00e1til para apoyar el crecimiento muscular magro y la recuperaci\u00f3n despu\u00e9s del entrenamiento.<\/span><\/p>\n<table>\n<tbody>\n<tr>\n<td colspan=\"3\"><strong><u>informaci\u00f3n nutricional<\/u><\/strong><\/td>\n<\/tr>\n<tr>\n<td colspan=\"3\"><b>Tama\u00f1o de la porci\u00f3n<\/b>\u00a0: 1 cucharada<\/td>\n<\/tr>\n<tr>\n<td colspan=\"3\"><b>Porciones por envase<\/b> : 24<\/td>\n<\/tr>\n<tr>\n<td colspan=\"3\"><\/td>\n<\/tr>\n<tr>\n<td colspan=\"3\"><b><u>Cantidad por porcion<\/u><\/b><\/td>\n<\/tr>\n<tr>\n<td><strong>Nombre<\/strong><\/td>\n<td><strong>Servicio<\/strong><\/td>\n<td><strong>% Valor diario<\/strong><\/td>\n<\/tr>\n<tr>\n<td><b>Calor\u00edas<\/b><\/td>\n<td>130,0<\/td>\n<td>&#8211;<\/td>\n<\/tr>\n<tr>\n<td><b>Grasa total<\/b><\/td>\n<td>2,0 g<\/td>\n<td>3,0%<\/td>\n<\/tr>\n<tr>\n<td>Grasa saturada<\/td>\n<td>1,0 g<\/td>\n<td>5,0%<\/td>\n<\/tr>\n<tr>\n<td>Colesterol<\/td>\n<td>80,0 mg<\/td>\n<td>27,0%<\/td>\n<\/tr>\n<tr>\n<td><b>Sodio<\/b><\/td>\n<td>110,0 magnesio<\/td>\n<td>5,0%<\/td>\n<\/tr>\n<tr>\n<td><b>Potasio<\/b><\/td>\n<td>130,0 magnesio<\/td>\n<td>2,0%<\/td>\n<\/tr>\n<tr>\n<td><b>Carbohidratos totales<\/b><\/td>\n<td>3,0 g<\/td>\n<td>1,0%<\/td>\n<\/tr>\n<tr>\n<td>Az\u00facares<\/td>\n<td>1,0 g<\/td>\n<td>&#8211;<\/td>\n<\/tr>\n<tr>\n<td><b>Prote\u00edna<\/b><\/td>\n<td>24,0 g<\/td>\n<td>48,0%<\/td>\n<\/tr>\n<tr>\n<td>Calcio<\/td>\n<td>164,0 magnesio<\/td>\n<td>15,0%<\/td>\n<\/tr>\n<\/tbody>\n<\/table>\n","protected":false},"excerpt":{"rendered":"<p>Prote\u00edna de entrenamiento premium.\u00a024 g de prote\u00edna.\u00a011g de EAA.\u00a05g de BCAA.\u00a0Apoya el crecimiento muscular.\u00a0Apoya el volumen muscular.<\/p>\n","protected":false},"featured_media":0,"comment_status":"open","ping_status":"closed","template":"","meta":[],"product_brand":[],"product_cat":[357],"product_tag":[216,44,59,103,92],"class_list":{"0":"post-1564","1":"product","2":"type-product","3":"status-publish","5":"product_cat-proteinas-2","6":"product_tag-isolate","7":"product_tag-prosupps","8":"product_tag-proteina","9":"product_tag-whey","10":"product_tag-whey-protein","12":"first","13":"instock","14":"shipping-taxable","15":"purchasable","16":"product-type-simple"},"yoast_head":"<!-- This site is optimized with the Yoast SEO plugin v26.8 - https:\/\/yoast.com\/product\/yoast-seo-wordpress\/ -->\n<title>ProSupps Whey vainilla - Team Mutan Ecuador<\/title>\n<meta name=\"description\" content=\"Prote\u00edna de entrenamiento premium.\u00a024 g de prote\u00edna.\u00a011g de EAA.\u00a05g de BCAA.\u00a0Apoya el crecimiento muscular.\u00a0Apoya el volumen muscular.\u00a0\" \/>\n<meta name=\"robots\" content=\"index, follow, max-snippet:-1, max-image-preview:large, max-video-preview:-1\" \/>\n<link rel=\"canonical\" href=\"https:\/\/teammutantecuador.com\/?product=prosupps-whey-vainilla\" \/>\n<meta property=\"og:locale\" content=\"es_ES\" \/>\n<meta property=\"og:type\" content=\"article\" \/>\n<meta property=\"og:title\" content=\"ProSupps Whey vainilla - Team Mutan Ecuador\" \/>\n<meta property=\"og:description\" content=\"Prote\u00edna de entrenamiento premium.\u00a024 g de prote\u00edna.\u00a011g de EAA.\u00a05g de BCAA.\u00a0Apoya el crecimiento muscular.\u00a0Apoya el volumen muscular.\u00a0\" \/>\n<meta property=\"og:url\" content=\"https:\/\/teammutantecuador.com\/?product=prosupps-whey-vainilla\" \/>\n<meta property=\"og:site_name\" content=\"Team Mutan Ecuador\" \/>\n<meta property=\"article:modified_time\" content=\"2026-01-17T16:04:23+00:00\" \/>\n<meta name=\"twitter:card\" content=\"summary_large_image\" \/>\n<meta name=\"twitter:label1\" content=\"Tiempo de lectura\" \/>\n\t<meta name=\"twitter:data1\" content=\"2 minutos\" \/>\n<script type=\"application\/ld+json\" class=\"yoast-schema-graph\">{\"@context\":\"https:\/\/schema.org\",\"@graph\":[{\"@type\":\"WebPage\",\"@id\":\"https:\/\/teammutantecuador.com\/?product=prosupps-whey-vainilla\",\"url\":\"https:\/\/teammutantecuador.com\/?product=prosupps-whey-vainilla\",\"name\":\"ProSupps Whey vainilla - Team Mutan Ecuador\",\"isPartOf\":{\"@id\":\"https:\/\/teammutantecuador.com\/#website\"},\"datePublished\":\"2026-01-17T16:04:19+00:00\",\"dateModified\":\"2026-01-17T16:04:23+00:00\",\"description\":\"Prote\u00edna de entrenamiento premium.\u00a024 g de prote\u00edna.\u00a011g de EAA.\u00a05g de BCAA.\u00a0Apoya el crecimiento muscular.\u00a0Apoya el volumen muscular.\u00a0\",\"breadcrumb\":{\"@id\":\"https:\/\/teammutantecuador.com\/?product=prosupps-whey-vainilla#breadcrumb\"},\"inLanguage\":\"es\",\"potentialAction\":[{\"@type\":\"ReadAction\",\"target\":[\"https:\/\/teammutantecuador.com\/?product=prosupps-whey-vainilla\"]}]},{\"@type\":\"BreadcrumbList\",\"@id\":\"https:\/\/teammutantecuador.com\/?product=prosupps-whey-vainilla#breadcrumb\",\"itemListElement\":[{\"@type\":\"ListItem\",\"position\":1,\"name\":\"Portada\",\"item\":\"https:\/\/teammutantecuador.com\/\"},{\"@type\":\"ListItem\",\"position\":2,\"name\":\"Shop\",\"item\":\"https:\/\/teammutantecuador.com\/?page_id=6\"},{\"@type\":\"ListItem\",\"position\":3,\"name\":\"ProSupps Whey vainilla\"}]},{\"@type\":\"WebSite\",\"@id\":\"https:\/\/teammutantecuador.com\/#website\",\"url\":\"https:\/\/teammutantecuador.com\/\",\"name\":\"Team Mutan Ecuador\",\"description\":\"Just another WordPress site\",\"publisher\":{\"@id\":\"https:\/\/teammutantecuador.com\/#organization\"},\"potentialAction\":[{\"@type\":\"SearchAction\",\"target\":{\"@type\":\"EntryPoint\",\"urlTemplate\":\"https:\/\/teammutantecuador.com\/?s={search_term_string}\"},\"query-input\":{\"@type\":\"PropertyValueSpecification\",\"valueRequired\":true,\"valueName\":\"search_term_string\"}}],\"inLanguage\":\"es\"},{\"@type\":\"Organization\",\"@id\":\"https:\/\/teammutantecuador.com\/#organization\",\"name\":\"Team Mutan Ecuador\",\"url\":\"https:\/\/teammutantecuador.com\/\",\"logo\":{\"@type\":\"ImageObject\",\"inLanguage\":\"es\",\"@id\":\"https:\/\/teammutantecuador.com\/#\/schema\/logo\/image\/\",\"url\":\"https:\/\/teammutantecuador.com\/wp-content\/uploads\/2026\/01\/Diseno-sin-titulo-97.png\",\"contentUrl\":\"https:\/\/teammutantecuador.com\/wp-content\/uploads\/2026\/01\/Diseno-sin-titulo-97.png\",\"width\":500,\"height\":300,\"caption\":\"Team Mutan Ecuador\"},\"image\":{\"@id\":\"https:\/\/teammutantecuador.com\/#\/schema\/logo\/image\/\"}}]}<\/script>\n<!-- \/ Yoast SEO plugin. -->","yoast_head_json":{"title":"ProSupps Whey vainilla - Team Mutan Ecuador","description":"Prote\u00edna de entrenamiento premium.\u00a024 g de prote\u00edna.\u00a011g de EAA.\u00a05g de BCAA.\u00a0Apoya el crecimiento muscular.\u00a0Apoya el volumen muscular.\u00a0","robots":{"index":"index","follow":"follow","max-snippet":"max-snippet:-1","max-image-preview":"max-image-preview:large","max-video-preview":"max-video-preview:-1"},"canonical":"https:\/\/teammutantecuador.com\/?product=prosupps-whey-vainilla","og_locale":"es_ES","og_type":"article","og_title":"ProSupps Whey vainilla - Team Mutan Ecuador","og_description":"Prote\u00edna de entrenamiento premium.\u00a024 g de prote\u00edna.\u00a011g de EAA.\u00a05g de BCAA.\u00a0Apoya el crecimiento muscular.\u00a0Apoya el volumen muscular.\u00a0","og_url":"https:\/\/teammutantecuador.com\/?product=prosupps-whey-vainilla","og_site_name":"Team Mutan Ecuador","article_modified_time":"2026-01-17T16:04:23+00:00","twitter_card":"summary_large_image","twitter_misc":{"Tiempo de lectura":"2 minutos"},"schema":{"@context":"https:\/\/schema.org","@graph":[{"@type":"WebPage","@id":"https:\/\/teammutantecuador.com\/?product=prosupps-whey-vainilla","url":"https:\/\/teammutantecuador.com\/?product=prosupps-whey-vainilla","name":"ProSupps Whey vainilla - Team Mutan Ecuador","isPartOf":{"@id":"https:\/\/teammutantecuador.com\/#website"},"datePublished":"2026-01-17T16:04:19+00:00","dateModified":"2026-01-17T16:04:23+00:00","description":"Prote\u00edna de entrenamiento premium.\u00a024 g de prote\u00edna.\u00a011g de EAA.\u00a05g de BCAA.\u00a0Apoya el crecimiento muscular.\u00a0Apoya el volumen muscular.\u00a0","breadcrumb":{"@id":"https:\/\/teammutantecuador.com\/?product=prosupps-whey-vainilla#breadcrumb"},"inLanguage":"es","potentialAction":[{"@type":"ReadAction","target":["https:\/\/teammutantecuador.com\/?product=prosupps-whey-vainilla"]}]},{"@type":"BreadcrumbList","@id":"https:\/\/teammutantecuador.com\/?product=prosupps-whey-vainilla#breadcrumb","itemListElement":[{"@type":"ListItem","position":1,"name":"Portada","item":"https:\/\/teammutantecuador.com\/"},{"@type":"ListItem","position":2,"name":"Shop","item":"https:\/\/teammutantecuador.com\/?page_id=6"},{"@type":"ListItem","position":3,"name":"ProSupps Whey vainilla"}]},{"@type":"WebSite","@id":"https:\/\/teammutantecuador.com\/#website","url":"https:\/\/teammutantecuador.com\/","name":"Team Mutan Ecuador","description":"Just another WordPress site","publisher":{"@id":"https:\/\/teammutantecuador.com\/#organization"},"potentialAction":[{"@type":"SearchAction","target":{"@type":"EntryPoint","urlTemplate":"https:\/\/teammutantecuador.com\/?s={search_term_string}"},"query-input":{"@type":"PropertyValueSpecification","valueRequired":true,"valueName":"search_term_string"}}],"inLanguage":"es"},{"@type":"Organization","@id":"https:\/\/teammutantecuador.com\/#organization","name":"Team Mutan Ecuador","url":"https:\/\/teammutantecuador.com\/","logo":{"@type":"ImageObject","inLanguage":"es","@id":"https:\/\/teammutantecuador.com\/#\/schema\/logo\/image\/","url":"https:\/\/teammutantecuador.com\/wp-content\/uploads\/2026\/01\/Diseno-sin-titulo-97.png","contentUrl":"https:\/\/teammutantecuador.com\/wp-content\/uploads\/2026\/01\/Diseno-sin-titulo-97.png","width":500,"height":300,"caption":"Team Mutan Ecuador"},"image":{"@id":"https:\/\/teammutantecuador.com\/#\/schema\/logo\/image\/"}}]}},"_links":{"self":[{"href":"https:\/\/teammutantecuador.com\/index.php?rest_route=\/wp\/v2\/product\/1564","targetHints":{"allow":["GET"]}}],"collection":[{"href":"https:\/\/teammutantecuador.com\/index.php?rest_route=\/wp\/v2\/product"}],"about":[{"href":"https:\/\/teammutantecuador.com\/index.php?rest_route=\/wp\/v2\/types\/product"}],"replies":[{"embeddable":true,"href":"https:\/\/teammutantecuador.com\/index.php?rest_route=%2Fwp%2Fv2%2Fcomments&post=1564"}],"wp:attachment":[{"href":"https:\/\/teammutantecuador.com\/index.php?rest_route=%2Fwp%2Fv2%2Fmedia&parent=1564"}],"wp:term":[{"taxonomy":"product_brand","embeddable":true,"href":"https:\/\/teammutantecuador.com\/index.php?rest_route=%2Fwp%2Fv2%2Fproduct_brand&post=1564"},{"taxonomy":"product_cat","embeddable":true,"href":"https:\/\/teammutantecuador.com\/index.php?rest_route=%2Fwp%2Fv2%2Fproduct_cat&post=1564"},{"taxonomy":"product_tag","embeddable":true,"href":"https:\/\/teammutantecuador.com\/index.php?rest_route=%2Fwp%2Fv2%2Fproduct_tag&post=1564"}],"curies":[{"name":"wp","href":"https:\/\/api.w.org\/{rel}","templated":true}]}}