{"id":1562,"date":"2026-01-17T16:04:19","date_gmt":"2026-01-17T16:04:19","guid":{"rendered":"https:\/\/teammutantecuador.com\/?post_type=product&#038;p=1562"},"modified":"2026-01-17T16:04:22","modified_gmt":"2026-01-17T16:04:22","slug":"b-complex-100-caps-mason","status":"publish","type":"product","link":"https:\/\/teammutantecuador.com\/?product=b-complex-100-caps-mason","title":{"rendered":"B COMPLEX 100 CAPS MASON"},"content":{"rendered":"<p>Tiamina (vitamina B1): La tiamina es requerida por nuestros cuerpos para utilizar los carbohidratos en forma correcta. Riboflavina (vitamina B2): La riboflavina es necesaria para el adecuado desarrollo y funcionamiento de la piel, del revestimiento del tracto digestivo, de las c\u00e9lulas de la sangre y muchas otras partes del cuerpo. Niacina: La niacina y niacinamida son necesarias para el funcionamiento normal de las grasas y az\u00facares en el cuerpo y para la mantenci\u00f3n de c\u00e9lulas sanas. Acido pantot\u00e9nico: Es importante para que nuestros cuerpos utilicen en forma correcta los hidratos de carbono, las prote\u00ednas y los l\u00edpidos y tambi\u00e9n para tener una piel sana. Vitamina B6: La piridoxina es requerida para el funcionamiento apropiado de los az\u00facares, las grasas y las prote\u00ednas en el cuerpo. Es necesaria tambi\u00e9n para el crecimiento y desarrollo adecuado del cerebro, de los nervios, de la piel y de muchas otras partes del cuerpo.<\/p>\n<p><strong>Descripci\u00f3n:\u00a0<\/strong>Suplemento diet\u00e9tico<br \/>\n<strong>Composici\u00f3n:\u00a0<\/strong>Cada tableta contiene:<br \/>\nTiamina (HCl)\u2026.\u2026\u2026\u2026\u2026\u2026\u2026\u2026.\u20261.5 mg<br \/>\nRiboflavina (Vitamina B-2)\u2026\u2026\u2026.\u20261.7 mg<br \/>\nNiacina (Niacinamida)\u2026\u2026\u2026\u2026\u2026.\u202620 mg<br \/>\nVitamina B 6 (Piridoxina HCl)\u2026\u2026.\u2026. 2 mg<br \/>\nFolato (Como \u00c1cido F\u00f3lico)\u2026\u2026.\u2026400 mcg<br \/>\nVitamina B12 (Cianocobalamina) \u2026. 6 mcg<br \/>\nCalcio (como Fosfato Di Calcio)\u2026.\u202630 mg<br \/>\nCloruro (desde Cloruro de Potasio)\u202643 mg<br \/>\nSodio (desde Cloruro de Sodio)\u2026..\u202650 mg<br \/>\nPotasio (Desde Cloruro de Potasio)\u202649 mg<br \/>\nExcipientes c.s.p.<br \/>\n<strong>Dosis y Presentaci\u00f3n:\u00a0<\/strong>Adultos tomar 1 tableta diaria como suplemento diet\u00e9tico.<\/p>\n","protected":false},"excerpt":{"rendered":"<p>Tiamina (vitamina B1): La tiamina es requerida por nuestros cuerpos para utilizar los carbohidratos en forma correcta. Riboflavina (vitamina B2): La riboflavina es necesaria para el adecuado desarrollo y funcionamiento de la piel, del revestimiento del tracto digestivo, de las c\u00e9lulas de la sangre y muchas otras partes del cuerpo<\/p>\n","protected":false},"featured_media":0,"comment_status":"open","ping_status":"closed","template":"","meta":[],"product_brand":[],"product_cat":[360],"product_tag":[410,411,215],"class_list":{"0":"post-1562","1":"product","2":"type-product","3":"status-publish","5":"product_cat-vitaminas","6":"product_tag-complejo-b","7":"product_tag-mason-natural","8":"product_tag-vitaminas","10":"first","11":"instock","12":"shipping-taxable","13":"purchasable","14":"product-type-simple"},"yoast_head":"<!-- This site is optimized with the Yoast SEO plugin v26.8 - https:\/\/yoast.com\/product\/yoast-seo-wordpress\/ -->\n<title>B COMPLEX 100 CAPS MASON - Team Mutan Ecuador<\/title>\n<meta name=\"description\" content=\"Tiamina (vitamina B1): La tiamina es requerida por nuestros cuerpos para utilizar los carbohidratos en forma correcta. Riboflavina (vitamina B2): La riboflavina es necesaria para el adecuado desarrollo y funcionamiento de la piel, del revestimiento del tracto digestivo, de las c\u00e9lulas de la sangre y muchas otras partes del cuerpo\" \/>\n<meta name=\"robots\" content=\"index, follow, max-snippet:-1, max-image-preview:large, max-video-preview:-1\" \/>\n<link rel=\"canonical\" href=\"https:\/\/teammutantecuador.com\/?product=b-complex-100-caps-mason\" \/>\n<meta property=\"og:locale\" content=\"es_ES\" \/>\n<meta property=\"og:type\" content=\"article\" \/>\n<meta property=\"og:title\" content=\"B COMPLEX 100 CAPS MASON - Team Mutan Ecuador\" \/>\n<meta property=\"og:description\" content=\"Tiamina (vitamina B1): La tiamina es requerida por nuestros cuerpos para utilizar los carbohidratos en forma correcta. Riboflavina (vitamina B2): La riboflavina es necesaria para el adecuado desarrollo y funcionamiento de la piel, del revestimiento del tracto digestivo, de las c\u00e9lulas de la sangre y muchas otras partes del cuerpo\" \/>\n<meta property=\"og:url\" content=\"https:\/\/teammutantecuador.com\/?product=b-complex-100-caps-mason\" \/>\n<meta property=\"og:site_name\" content=\"Team Mutan Ecuador\" \/>\n<meta property=\"article:modified_time\" content=\"2026-01-17T16:04:22+00:00\" \/>\n<meta name=\"twitter:card\" content=\"summary_large_image\" \/>\n<meta name=\"twitter:label1\" content=\"Tiempo de lectura\" \/>\n\t<meta name=\"twitter:data1\" content=\"1 minuto\" \/>\n<script type=\"application\/ld+json\" class=\"yoast-schema-graph\">{\"@context\":\"https:\/\/schema.org\",\"@graph\":[{\"@type\":\"WebPage\",\"@id\":\"https:\/\/teammutantecuador.com\/?product=b-complex-100-caps-mason\",\"url\":\"https:\/\/teammutantecuador.com\/?product=b-complex-100-caps-mason\",\"name\":\"B COMPLEX 100 CAPS MASON - Team Mutan Ecuador\",\"isPartOf\":{\"@id\":\"https:\/\/teammutantecuador.com\/#website\"},\"datePublished\":\"2026-01-17T16:04:19+00:00\",\"dateModified\":\"2026-01-17T16:04:22+00:00\",\"description\":\"Tiamina (vitamina B1): La tiamina es requerida por nuestros cuerpos para utilizar los carbohidratos en forma correcta. Riboflavina (vitamina B2): La riboflavina es necesaria para el adecuado desarrollo y funcionamiento de la piel, del revestimiento del tracto digestivo, de las c\u00e9lulas de la sangre y muchas otras partes del cuerpo\",\"breadcrumb\":{\"@id\":\"https:\/\/teammutantecuador.com\/?product=b-complex-100-caps-mason#breadcrumb\"},\"inLanguage\":\"es\",\"potentialAction\":[{\"@type\":\"ReadAction\",\"target\":[\"https:\/\/teammutantecuador.com\/?product=b-complex-100-caps-mason\"]}]},{\"@type\":\"BreadcrumbList\",\"@id\":\"https:\/\/teammutantecuador.com\/?product=b-complex-100-caps-mason#breadcrumb\",\"itemListElement\":[{\"@type\":\"ListItem\",\"position\":1,\"name\":\"Portada\",\"item\":\"https:\/\/teammutantecuador.com\/\"},{\"@type\":\"ListItem\",\"position\":2,\"name\":\"Shop\",\"item\":\"https:\/\/teammutantecuador.com\/?page_id=6\"},{\"@type\":\"ListItem\",\"position\":3,\"name\":\"B COMPLEX 100 CAPS MASON\"}]},{\"@type\":\"WebSite\",\"@id\":\"https:\/\/teammutantecuador.com\/#website\",\"url\":\"https:\/\/teammutantecuador.com\/\",\"name\":\"Team Mutan Ecuador\",\"description\":\"Just another WordPress site\",\"publisher\":{\"@id\":\"https:\/\/teammutantecuador.com\/#organization\"},\"potentialAction\":[{\"@type\":\"SearchAction\",\"target\":{\"@type\":\"EntryPoint\",\"urlTemplate\":\"https:\/\/teammutantecuador.com\/?s={search_term_string}\"},\"query-input\":{\"@type\":\"PropertyValueSpecification\",\"valueRequired\":true,\"valueName\":\"search_term_string\"}}],\"inLanguage\":\"es\"},{\"@type\":\"Organization\",\"@id\":\"https:\/\/teammutantecuador.com\/#organization\",\"name\":\"Team Mutan Ecuador\",\"url\":\"https:\/\/teammutantecuador.com\/\",\"logo\":{\"@type\":\"ImageObject\",\"inLanguage\":\"es\",\"@id\":\"https:\/\/teammutantecuador.com\/#\/schema\/logo\/image\/\",\"url\":\"https:\/\/teammutantecuador.com\/wp-content\/uploads\/2026\/01\/Diseno-sin-titulo-97.png\",\"contentUrl\":\"https:\/\/teammutantecuador.com\/wp-content\/uploads\/2026\/01\/Diseno-sin-titulo-97.png\",\"width\":500,\"height\":300,\"caption\":\"Team Mutan Ecuador\"},\"image\":{\"@id\":\"https:\/\/teammutantecuador.com\/#\/schema\/logo\/image\/\"}}]}<\/script>\n<!-- \/ Yoast SEO plugin. -->","yoast_head_json":{"title":"B COMPLEX 100 CAPS MASON - Team Mutan Ecuador","description":"Tiamina (vitamina B1): La tiamina es requerida por nuestros cuerpos para utilizar los carbohidratos en forma correcta. Riboflavina (vitamina B2): La riboflavina es necesaria para el adecuado desarrollo y funcionamiento de la piel, del revestimiento del tracto digestivo, de las c\u00e9lulas de la sangre y muchas otras partes del cuerpo","robots":{"index":"index","follow":"follow","max-snippet":"max-snippet:-1","max-image-preview":"max-image-preview:large","max-video-preview":"max-video-preview:-1"},"canonical":"https:\/\/teammutantecuador.com\/?product=b-complex-100-caps-mason","og_locale":"es_ES","og_type":"article","og_title":"B COMPLEX 100 CAPS MASON - Team Mutan Ecuador","og_description":"Tiamina (vitamina B1): La tiamina es requerida por nuestros cuerpos para utilizar los carbohidratos en forma correcta. Riboflavina (vitamina B2): La riboflavina es necesaria para el adecuado desarrollo y funcionamiento de la piel, del revestimiento del tracto digestivo, de las c\u00e9lulas de la sangre y muchas otras partes del cuerpo","og_url":"https:\/\/teammutantecuador.com\/?product=b-complex-100-caps-mason","og_site_name":"Team Mutan Ecuador","article_modified_time":"2026-01-17T16:04:22+00:00","twitter_card":"summary_large_image","twitter_misc":{"Tiempo de lectura":"1 minuto"},"schema":{"@context":"https:\/\/schema.org","@graph":[{"@type":"WebPage","@id":"https:\/\/teammutantecuador.com\/?product=b-complex-100-caps-mason","url":"https:\/\/teammutantecuador.com\/?product=b-complex-100-caps-mason","name":"B COMPLEX 100 CAPS MASON - Team Mutan Ecuador","isPartOf":{"@id":"https:\/\/teammutantecuador.com\/#website"},"datePublished":"2026-01-17T16:04:19+00:00","dateModified":"2026-01-17T16:04:22+00:00","description":"Tiamina (vitamina B1): La tiamina es requerida por nuestros cuerpos para utilizar los carbohidratos en forma correcta. Riboflavina (vitamina B2): La riboflavina es necesaria para el adecuado desarrollo y funcionamiento de la piel, del revestimiento del tracto digestivo, de las c\u00e9lulas de la sangre y muchas otras partes del cuerpo","breadcrumb":{"@id":"https:\/\/teammutantecuador.com\/?product=b-complex-100-caps-mason#breadcrumb"},"inLanguage":"es","potentialAction":[{"@type":"ReadAction","target":["https:\/\/teammutantecuador.com\/?product=b-complex-100-caps-mason"]}]},{"@type":"BreadcrumbList","@id":"https:\/\/teammutantecuador.com\/?product=b-complex-100-caps-mason#breadcrumb","itemListElement":[{"@type":"ListItem","position":1,"name":"Portada","item":"https:\/\/teammutantecuador.com\/"},{"@type":"ListItem","position":2,"name":"Shop","item":"https:\/\/teammutantecuador.com\/?page_id=6"},{"@type":"ListItem","position":3,"name":"B COMPLEX 100 CAPS MASON"}]},{"@type":"WebSite","@id":"https:\/\/teammutantecuador.com\/#website","url":"https:\/\/teammutantecuador.com\/","name":"Team Mutan Ecuador","description":"Just another WordPress site","publisher":{"@id":"https:\/\/teammutantecuador.com\/#organization"},"potentialAction":[{"@type":"SearchAction","target":{"@type":"EntryPoint","urlTemplate":"https:\/\/teammutantecuador.com\/?s={search_term_string}"},"query-input":{"@type":"PropertyValueSpecification","valueRequired":true,"valueName":"search_term_string"}}],"inLanguage":"es"},{"@type":"Organization","@id":"https:\/\/teammutantecuador.com\/#organization","name":"Team Mutan Ecuador","url":"https:\/\/teammutantecuador.com\/","logo":{"@type":"ImageObject","inLanguage":"es","@id":"https:\/\/teammutantecuador.com\/#\/schema\/logo\/image\/","url":"https:\/\/teammutantecuador.com\/wp-content\/uploads\/2026\/01\/Diseno-sin-titulo-97.png","contentUrl":"https:\/\/teammutantecuador.com\/wp-content\/uploads\/2026\/01\/Diseno-sin-titulo-97.png","width":500,"height":300,"caption":"Team Mutan Ecuador"},"image":{"@id":"https:\/\/teammutantecuador.com\/#\/schema\/logo\/image\/"}}]}},"_links":{"self":[{"href":"https:\/\/teammutantecuador.com\/index.php?rest_route=\/wp\/v2\/product\/1562","targetHints":{"allow":["GET"]}}],"collection":[{"href":"https:\/\/teammutantecuador.com\/index.php?rest_route=\/wp\/v2\/product"}],"about":[{"href":"https:\/\/teammutantecuador.com\/index.php?rest_route=\/wp\/v2\/types\/product"}],"replies":[{"embeddable":true,"href":"https:\/\/teammutantecuador.com\/index.php?rest_route=%2Fwp%2Fv2%2Fcomments&post=1562"}],"wp:attachment":[{"href":"https:\/\/teammutantecuador.com\/index.php?rest_route=%2Fwp%2Fv2%2Fmedia&parent=1562"}],"wp:term":[{"taxonomy":"product_brand","embeddable":true,"href":"https:\/\/teammutantecuador.com\/index.php?rest_route=%2Fwp%2Fv2%2Fproduct_brand&post=1562"},{"taxonomy":"product_cat","embeddable":true,"href":"https:\/\/teammutantecuador.com\/index.php?rest_route=%2Fwp%2Fv2%2Fproduct_cat&post=1562"},{"taxonomy":"product_tag","embeddable":true,"href":"https:\/\/teammutantecuador.com\/index.php?rest_route=%2Fwp%2Fv2%2Fproduct_tag&post=1562"}],"curies":[{"name":"wp","href":"https:\/\/api.w.org\/{rel}","templated":true}]}}