{"id":1560,"date":"2026-01-17T16:04:19","date_gmt":"2026-01-17T16:04:19","guid":{"rendered":"https:\/\/teammutantecuador.com\/?post_type=product&#038;p=1560"},"modified":"2026-01-17T16:04:22","modified_gmt":"2026-01-17T16:04:22","slug":"vitamin-t-90-tabletas","status":"publish","type":"product","link":"https:\/\/teammutantecuador.com\/?product=vitamin-t-90-tabletas","title":{"rendered":"Vitamin T 90 Tabletas"},"content":{"rendered":"<h2><strong>MULTIVITAM\u00cdNICO ELEVADOR DE TESTOSTERONA PARA HOMBRES<\/strong><\/h2>\n<ul>\n<li>Apoya Construcci\u00f3n Muscular Magra<\/li>\n<li>Mejora el Rendimiento<\/li>\n<li>Intensifica el Libido<\/li>\n<li>Apoya el Sistema Inmune<\/li>\n<\/ul>\n<p>Ning\u00fan hombre deber\u00eda ignorar la importancia de una nutrici\u00f3n adecuada y suplementos para apoyar los niveles saludables de testosterona para un rendimiento masculino \u00f3ptimo.<\/p>\n<p>VITAMIN T es un Multivitaminico\u00a0completo que mejora los niveles de testosterona, especialmente formulada para hombres. La testosterona es una hormona masculina cr\u00edtica que desempe\u00f1a un papel clave en el rendimiento f\u00edsico y sexual de un hombre. Entonces, si eres un chico, \u00bfpor qu\u00e9 no quieres que tu multi aumente tu testosterona?<\/p>\n<p>VITAMIN T contiene hierbas y minerales cl\u00ednicamente investigados, incluidos 500 mg de Fenugreek, 200 mg de Tribulus, 100 mg de Longjack y 200 mg de Boron Citrate, que se ha demostrado que aumenta significativamente la testosterona libre en solo 7 d\u00edas. Niveles m\u00e1s altos de testosterona le ayudar\u00e1n a desarrollar m\u00e1s m\u00fasculo, recuperarse m\u00e1s r\u00e1pido y mejorar su desempe\u00f1o sexual.<\/p>\n<ul>\n<li>500mg\u00a0Fenugreek<\/li>\n<li>200mg Tribulus<\/li>\n<li>100mg\u00a0Longjack<\/li>\n<li>200mg\u00a0Boron Citrate<\/li>\n<\/ul>\n<p>VITAMIN T tambi\u00e9n proporciona m\u00e1s de 20 vitaminas y minerales y contiene potentes antioxidantes como la vitamina C y E para apoyar el sistema inmunol\u00f3gico y la salud masculina \u00f3ptima.<\/p>\n<p>Si quiere verse, sentirse y rendir al m\u00e1ximo, VITAMIN T es el\u00a0Multivitaminico\u00a0para usted.<\/p>\n<h4>DIRECCIONES DE USO<\/h4>\n<p>Tomar 3 Tabletas una vez al d\u00eda con agua o una comida.<\/p>\n","protected":false},"excerpt":{"rendered":"<ul>\n<li>Apoya Construcci\u00f3n Muscular Magra<\/li>\n<li>Mejora el Rendimiento<\/li>\n<li>Intensifica el Libido<\/li>\n<li>Apoya el Sistema Inmune<\/li>\n<\/ul>\n","protected":false},"featured_media":0,"comment_status":"open","ping_status":"closed","template":"","meta":[],"product_brand":[],"product_cat":[360],"product_tag":[214,58,215],"class_list":{"0":"post-1560","1":"product","2":"type-product","3":"status-publish","5":"product_cat-vitaminas","6":"product_tag-multivitaminico","7":"product_tag-musclemeds","8":"product_tag-vitaminas","10":"first","11":"instock","12":"sale","13":"shipping-taxable","14":"purchasable","15":"product-type-simple"},"yoast_head":"<!-- This site is optimized with the Yoast SEO plugin v26.8 - https:\/\/yoast.com\/product\/yoast-seo-wordpress\/ -->\n<title>Vitamin T 90 Tabletas - Team Mutan Ecuador<\/title>\n<meta name=\"description\" content=\"MULTIVITAM\u00cdNICO ELEVADOR DE TESTOSTERONA PARA HOMBRES Apoya Construcci\u00f3n Muscular MagraMejora el RendimientoIntensifica el LibidoApoya el Sistema Inmune\" \/>\n<meta name=\"robots\" content=\"index, follow, max-snippet:-1, max-image-preview:large, max-video-preview:-1\" \/>\n<link rel=\"canonical\" href=\"https:\/\/teammutantecuador.com\/?product=vitamin-t-90-tabletas\" \/>\n<meta property=\"og:locale\" content=\"es_ES\" \/>\n<meta property=\"og:type\" content=\"article\" \/>\n<meta property=\"og:title\" content=\"Vitamin T 90 Tabletas - Team Mutan Ecuador\" \/>\n<meta property=\"og:description\" content=\"MULTIVITAM\u00cdNICO ELEVADOR DE TESTOSTERONA PARA HOMBRES Apoya Construcci\u00f3n Muscular MagraMejora el RendimientoIntensifica el LibidoApoya el Sistema Inmune\" \/>\n<meta property=\"og:url\" content=\"https:\/\/teammutantecuador.com\/?product=vitamin-t-90-tabletas\" \/>\n<meta property=\"og:site_name\" content=\"Team Mutan Ecuador\" \/>\n<meta property=\"article:modified_time\" content=\"2026-01-17T16:04:22+00:00\" \/>\n<meta name=\"twitter:card\" content=\"summary_large_image\" \/>\n<meta name=\"twitter:label1\" content=\"Tiempo de lectura\" \/>\n\t<meta name=\"twitter:data1\" content=\"1 minuto\" \/>\n<script type=\"application\/ld+json\" class=\"yoast-schema-graph\">{\"@context\":\"https:\/\/schema.org\",\"@graph\":[{\"@type\":\"WebPage\",\"@id\":\"https:\/\/teammutantecuador.com\/?product=vitamin-t-90-tabletas\",\"url\":\"https:\/\/teammutantecuador.com\/?product=vitamin-t-90-tabletas\",\"name\":\"Vitamin T 90 Tabletas - Team Mutan Ecuador\",\"isPartOf\":{\"@id\":\"https:\/\/teammutantecuador.com\/#website\"},\"datePublished\":\"2026-01-17T16:04:19+00:00\",\"dateModified\":\"2026-01-17T16:04:22+00:00\",\"description\":\"MULTIVITAM\u00cdNICO ELEVADOR DE TESTOSTERONA PARA HOMBRES Apoya Construcci\u00f3n Muscular MagraMejora el RendimientoIntensifica el LibidoApoya el Sistema Inmune\",\"breadcrumb\":{\"@id\":\"https:\/\/teammutantecuador.com\/?product=vitamin-t-90-tabletas#breadcrumb\"},\"inLanguage\":\"es\",\"potentialAction\":[{\"@type\":\"ReadAction\",\"target\":[\"https:\/\/teammutantecuador.com\/?product=vitamin-t-90-tabletas\"]}]},{\"@type\":\"BreadcrumbList\",\"@id\":\"https:\/\/teammutantecuador.com\/?product=vitamin-t-90-tabletas#breadcrumb\",\"itemListElement\":[{\"@type\":\"ListItem\",\"position\":1,\"name\":\"Portada\",\"item\":\"https:\/\/teammutantecuador.com\/\"},{\"@type\":\"ListItem\",\"position\":2,\"name\":\"Shop\",\"item\":\"https:\/\/teammutantecuador.com\/?page_id=6\"},{\"@type\":\"ListItem\",\"position\":3,\"name\":\"Vitamin T 90 Tabletas\"}]},{\"@type\":\"WebSite\",\"@id\":\"https:\/\/teammutantecuador.com\/#website\",\"url\":\"https:\/\/teammutantecuador.com\/\",\"name\":\"Team Mutan Ecuador\",\"description\":\"Just another WordPress site\",\"publisher\":{\"@id\":\"https:\/\/teammutantecuador.com\/#organization\"},\"potentialAction\":[{\"@type\":\"SearchAction\",\"target\":{\"@type\":\"EntryPoint\",\"urlTemplate\":\"https:\/\/teammutantecuador.com\/?s={search_term_string}\"},\"query-input\":{\"@type\":\"PropertyValueSpecification\",\"valueRequired\":true,\"valueName\":\"search_term_string\"}}],\"inLanguage\":\"es\"},{\"@type\":\"Organization\",\"@id\":\"https:\/\/teammutantecuador.com\/#organization\",\"name\":\"Team Mutan Ecuador\",\"url\":\"https:\/\/teammutantecuador.com\/\",\"logo\":{\"@type\":\"ImageObject\",\"inLanguage\":\"es\",\"@id\":\"https:\/\/teammutantecuador.com\/#\/schema\/logo\/image\/\",\"url\":\"https:\/\/teammutantecuador.com\/wp-content\/uploads\/2026\/01\/Diseno-sin-titulo-97.png\",\"contentUrl\":\"https:\/\/teammutantecuador.com\/wp-content\/uploads\/2026\/01\/Diseno-sin-titulo-97.png\",\"width\":500,\"height\":300,\"caption\":\"Team Mutan Ecuador\"},\"image\":{\"@id\":\"https:\/\/teammutantecuador.com\/#\/schema\/logo\/image\/\"}}]}<\/script>\n<!-- \/ Yoast SEO plugin. -->","yoast_head_json":{"title":"Vitamin T 90 Tabletas - Team Mutan Ecuador","description":"MULTIVITAM\u00cdNICO ELEVADOR DE TESTOSTERONA PARA HOMBRES Apoya Construcci\u00f3n Muscular MagraMejora el RendimientoIntensifica el LibidoApoya el Sistema Inmune","robots":{"index":"index","follow":"follow","max-snippet":"max-snippet:-1","max-image-preview":"max-image-preview:large","max-video-preview":"max-video-preview:-1"},"canonical":"https:\/\/teammutantecuador.com\/?product=vitamin-t-90-tabletas","og_locale":"es_ES","og_type":"article","og_title":"Vitamin T 90 Tabletas - Team Mutan Ecuador","og_description":"MULTIVITAM\u00cdNICO ELEVADOR DE TESTOSTERONA PARA HOMBRES Apoya Construcci\u00f3n Muscular MagraMejora el RendimientoIntensifica el LibidoApoya el Sistema Inmune","og_url":"https:\/\/teammutantecuador.com\/?product=vitamin-t-90-tabletas","og_site_name":"Team Mutan Ecuador","article_modified_time":"2026-01-17T16:04:22+00:00","twitter_card":"summary_large_image","twitter_misc":{"Tiempo de lectura":"1 minuto"},"schema":{"@context":"https:\/\/schema.org","@graph":[{"@type":"WebPage","@id":"https:\/\/teammutantecuador.com\/?product=vitamin-t-90-tabletas","url":"https:\/\/teammutantecuador.com\/?product=vitamin-t-90-tabletas","name":"Vitamin T 90 Tabletas - Team Mutan Ecuador","isPartOf":{"@id":"https:\/\/teammutantecuador.com\/#website"},"datePublished":"2026-01-17T16:04:19+00:00","dateModified":"2026-01-17T16:04:22+00:00","description":"MULTIVITAM\u00cdNICO ELEVADOR DE TESTOSTERONA PARA HOMBRES Apoya Construcci\u00f3n Muscular MagraMejora el RendimientoIntensifica el LibidoApoya el Sistema Inmune","breadcrumb":{"@id":"https:\/\/teammutantecuador.com\/?product=vitamin-t-90-tabletas#breadcrumb"},"inLanguage":"es","potentialAction":[{"@type":"ReadAction","target":["https:\/\/teammutantecuador.com\/?product=vitamin-t-90-tabletas"]}]},{"@type":"BreadcrumbList","@id":"https:\/\/teammutantecuador.com\/?product=vitamin-t-90-tabletas#breadcrumb","itemListElement":[{"@type":"ListItem","position":1,"name":"Portada","item":"https:\/\/teammutantecuador.com\/"},{"@type":"ListItem","position":2,"name":"Shop","item":"https:\/\/teammutantecuador.com\/?page_id=6"},{"@type":"ListItem","position":3,"name":"Vitamin T 90 Tabletas"}]},{"@type":"WebSite","@id":"https:\/\/teammutantecuador.com\/#website","url":"https:\/\/teammutantecuador.com\/","name":"Team Mutan Ecuador","description":"Just another WordPress site","publisher":{"@id":"https:\/\/teammutantecuador.com\/#organization"},"potentialAction":[{"@type":"SearchAction","target":{"@type":"EntryPoint","urlTemplate":"https:\/\/teammutantecuador.com\/?s={search_term_string}"},"query-input":{"@type":"PropertyValueSpecification","valueRequired":true,"valueName":"search_term_string"}}],"inLanguage":"es"},{"@type":"Organization","@id":"https:\/\/teammutantecuador.com\/#organization","name":"Team Mutan Ecuador","url":"https:\/\/teammutantecuador.com\/","logo":{"@type":"ImageObject","inLanguage":"es","@id":"https:\/\/teammutantecuador.com\/#\/schema\/logo\/image\/","url":"https:\/\/teammutantecuador.com\/wp-content\/uploads\/2026\/01\/Diseno-sin-titulo-97.png","contentUrl":"https:\/\/teammutantecuador.com\/wp-content\/uploads\/2026\/01\/Diseno-sin-titulo-97.png","width":500,"height":300,"caption":"Team Mutan Ecuador"},"image":{"@id":"https:\/\/teammutantecuador.com\/#\/schema\/logo\/image\/"}}]}},"_links":{"self":[{"href":"https:\/\/teammutantecuador.com\/index.php?rest_route=\/wp\/v2\/product\/1560","targetHints":{"allow":["GET"]}}],"collection":[{"href":"https:\/\/teammutantecuador.com\/index.php?rest_route=\/wp\/v2\/product"}],"about":[{"href":"https:\/\/teammutantecuador.com\/index.php?rest_route=\/wp\/v2\/types\/product"}],"replies":[{"embeddable":true,"href":"https:\/\/teammutantecuador.com\/index.php?rest_route=%2Fwp%2Fv2%2Fcomments&post=1560"}],"wp:attachment":[{"href":"https:\/\/teammutantecuador.com\/index.php?rest_route=%2Fwp%2Fv2%2Fmedia&parent=1560"}],"wp:term":[{"taxonomy":"product_brand","embeddable":true,"href":"https:\/\/teammutantecuador.com\/index.php?rest_route=%2Fwp%2Fv2%2Fproduct_brand&post=1560"},{"taxonomy":"product_cat","embeddable":true,"href":"https:\/\/teammutantecuador.com\/index.php?rest_route=%2Fwp%2Fv2%2Fproduct_cat&post=1560"},{"taxonomy":"product_tag","embeddable":true,"href":"https:\/\/teammutantecuador.com\/index.php?rest_route=%2Fwp%2Fv2%2Fproduct_tag&post=1560"}],"curies":[{"name":"wp","href":"https:\/\/api.w.org\/{rel}","templated":true}]}}