{"id":1552,"date":"2026-01-17T16:04:19","date_gmt":"2026-01-17T16:04:19","guid":{"rendered":"https:\/\/teammutantecuador.com\/?post_type=product&#038;p=1552"},"modified":"2026-01-17T16:04:21","modified_gmt":"2026-01-17T16:04:21","slug":"hcg-pregnyl-5000ui","status":"publish","type":"product","link":"https:\/\/teammutantecuador.com\/?product=hcg-pregnyl-5000ui","title":{"rendered":"HCG PREGNYL 5000UI"},"content":{"rendered":"<p>Post-ciclo, mayor producci\u00f3n de testosterona, y previene la atrofia testicular.<\/p>\n<p>La gonadotropina cori\u00f3nica humana, o gonadotrofina cori\u00f3nica humana (\u00abHCG\u00bb por sus iniciales en ingl\u00e9s) es un medicamento utilizado por los usuarios de esteroides anab\u00f3licos en el llamado \u00abpost-ciclo\u00bb, o durante el ciclo, debido a que tiene el potencial para aumentar dr\u00e1sticamente la producci\u00f3n natural de testosterona en el hombre, y tambi\u00e9n por su eficacia en la prevenci\u00f3n de la atrofia testicular.<\/p>\n<p>La forma sintetizada de la HCG act\u00faa en el cuerpo como hormona luteinizante (LH). La LH es la gonadotropina primaria junto con la hormona fol\u00edculo estimulante (FSH) para lograr la concepci\u00f3n en la mujer. En el hombre la LH es la principal gonadotropina responsable de la liberaci\u00f3n de testosterona por parte de los test\u00edculos, es por esto que en medicina es usada para el tratamiento del hipogonadismo.<\/p>\n<p>Si un \u201cciclo\u201d es un periodo de tiempo (2 meses com\u00fanmente) en el que se estuvo usando esteroides anab\u00f3licos, entonces el \u201cpost-ciclo\u201d es la fase siguiente del ciclo de esteroides anab\u00f3licos.\u00a0Despu\u00e9s de un ciclo, los niveles hormonales de la persona se encuentran alterados (estr\u00f3genos elevados, baja producci\u00f3n de testosterona, alto cortisol, por mencionar algunos), esta alteraci\u00f3n provoca que tu cuerpo comience a perder los m\u00fasculos ganados, y vuelva a acumular grasa, adem\u00e1s de los problemas relacionados con tener una baja testosterona (como disminuci\u00f3n del apetito sexual e incluso de la autoestima).<\/p>\n<p>La funci\u00f3n principal del post-ciclo es regresar los niveles hormonales a su normalidad, para ayudar lo m\u00e1s posible a mantener las ganancias de m\u00fasculo, fuerza, y resistencia, tambi\u00e9n evitar el acumulamiento de grasa, y mejorar la libido y el humor de la persona.<\/p>\n<p>Presentacion: Una ampolleta con polvo liofilizado y otra con solvente.<\/p>\n<p><script async src=\"https:\/\/pagead2.googlesyndication.com\/pagead\/js\/adsbygoogle.js?client=ca-pub-2081804850646632\"\n     crossorigin=\"anonymous\"><\/script><br \/>\n<!-- quitof1 --><br \/>\n<ins class=\"adsbygoogle\"\n     style=\"display:block\"\n     data-ad-client=\"ca-pub-2081804850646632\"\n     data-ad-slot=\"3022364569\"\n     data-ad-format=\"auto\"\n     data-full-width-responsive=\"true\"><\/ins><br \/>\n<script>\n     (adsbygoogle = window.adsbygoogle || []).push({});\n<\/script><\/p>\n","protected":false},"excerpt":{"rendered":"<p>La <strong>gonadotropina cori\u00f3nica<\/strong> humana, o gonadotrofina cori\u00f3nica humana (\u00abHCG\u00bb por sus iniciales en ingl\u00e9s) es un medicamento utilizado por los usuarios de esteroides anab\u00f3licos en el llamado \u00ab<strong>post-ciclo<\/strong>\u00ab, o durante el ciclo, debido a que tiene el potencial para aumentar<\/p>\n","protected":false},"featured_media":0,"comment_status":"open","ping_status":"closed","template":"","meta":[],"product_brand":[],"product_cat":[401,143],"product_tag":[213],"class_list":{"0":"post-1552","1":"product","2":"type-product","3":"status-publish","5":"product_cat-hormona-de-crecimiento","6":"product_cat-post-ciclo","7":"product_tag-hormona-de-crecimiento","9":"first","10":"instock","11":"sale","12":"shipping-taxable","13":"purchasable","14":"product-type-simple"},"yoast_head":"<!-- This site is optimized with the Yoast SEO plugin v26.8 - https:\/\/yoast.com\/product\/yoast-seo-wordpress\/ -->\n<title>HCG PREGNYL 5000UI - Team Mutan Ecuador<\/title>\n<meta name=\"description\" content=\"La gonadotropina cori\u00f3nica humana, o gonadotrofina cori\u00f3nica humana (&quot;HCG&quot; por sus iniciales en ingl\u00e9s) es un medicamento utilizado por los usuarios de esteroides anab\u00f3licos en el llamado &quot;post-ciclo&quot;, o durante el ciclo, debido a que tiene el potencial para aumentar\" \/>\n<meta name=\"robots\" content=\"index, follow, max-snippet:-1, max-image-preview:large, max-video-preview:-1\" \/>\n<link rel=\"canonical\" href=\"https:\/\/teammutantecuador.com\/?product=hcg-pregnyl-5000ui\" \/>\n<meta property=\"og:locale\" content=\"es_ES\" \/>\n<meta property=\"og:type\" content=\"article\" \/>\n<meta property=\"og:title\" content=\"HCG PREGNYL 5000UI - Team Mutan Ecuador\" \/>\n<meta property=\"og:description\" content=\"La gonadotropina cori\u00f3nica humana, o gonadotrofina cori\u00f3nica humana (&quot;HCG&quot; por sus iniciales en ingl\u00e9s) es un medicamento utilizado por los usuarios de esteroides anab\u00f3licos en el llamado &quot;post-ciclo&quot;, o durante el ciclo, debido a que tiene el potencial para aumentar\" \/>\n<meta property=\"og:url\" content=\"https:\/\/teammutantecuador.com\/?product=hcg-pregnyl-5000ui\" \/>\n<meta property=\"og:site_name\" content=\"Team Mutan Ecuador\" \/>\n<meta property=\"article:modified_time\" content=\"2026-01-17T16:04:21+00:00\" \/>\n<meta name=\"twitter:card\" content=\"summary_large_image\" \/>\n<meta name=\"twitter:label1\" content=\"Tiempo de lectura\" \/>\n\t<meta name=\"twitter:data1\" content=\"2 minutos\" \/>\n<script type=\"application\/ld+json\" class=\"yoast-schema-graph\">{\"@context\":\"https:\/\/schema.org\",\"@graph\":[{\"@type\":\"WebPage\",\"@id\":\"https:\/\/teammutantecuador.com\/?product=hcg-pregnyl-5000ui\",\"url\":\"https:\/\/teammutantecuador.com\/?product=hcg-pregnyl-5000ui\",\"name\":\"HCG PREGNYL 5000UI - Team Mutan Ecuador\",\"isPartOf\":{\"@id\":\"https:\/\/teammutantecuador.com\/#website\"},\"datePublished\":\"2026-01-17T16:04:19+00:00\",\"dateModified\":\"2026-01-17T16:04:21+00:00\",\"description\":\"La gonadotropina cori\u00f3nica humana, o gonadotrofina cori\u00f3nica humana (\\\"HCG\\\" por sus iniciales en ingl\u00e9s) es un medicamento utilizado por los usuarios de esteroides anab\u00f3licos en el llamado \\\"post-ciclo\\\", o durante el ciclo, debido a que tiene el potencial para aumentar\",\"breadcrumb\":{\"@id\":\"https:\/\/teammutantecuador.com\/?product=hcg-pregnyl-5000ui#breadcrumb\"},\"inLanguage\":\"es\",\"potentialAction\":[{\"@type\":\"ReadAction\",\"target\":[\"https:\/\/teammutantecuador.com\/?product=hcg-pregnyl-5000ui\"]}]},{\"@type\":\"BreadcrumbList\",\"@id\":\"https:\/\/teammutantecuador.com\/?product=hcg-pregnyl-5000ui#breadcrumb\",\"itemListElement\":[{\"@type\":\"ListItem\",\"position\":1,\"name\":\"Portada\",\"item\":\"https:\/\/teammutantecuador.com\/\"},{\"@type\":\"ListItem\",\"position\":2,\"name\":\"Shop\",\"item\":\"https:\/\/teammutantecuador.com\/?page_id=6\"},{\"@type\":\"ListItem\",\"position\":3,\"name\":\"HCG PREGNYL 5000UI\"}]},{\"@type\":\"WebSite\",\"@id\":\"https:\/\/teammutantecuador.com\/#website\",\"url\":\"https:\/\/teammutantecuador.com\/\",\"name\":\"Team Mutan Ecuador\",\"description\":\"Just another WordPress site\",\"publisher\":{\"@id\":\"https:\/\/teammutantecuador.com\/#organization\"},\"potentialAction\":[{\"@type\":\"SearchAction\",\"target\":{\"@type\":\"EntryPoint\",\"urlTemplate\":\"https:\/\/teammutantecuador.com\/?s={search_term_string}\"},\"query-input\":{\"@type\":\"PropertyValueSpecification\",\"valueRequired\":true,\"valueName\":\"search_term_string\"}}],\"inLanguage\":\"es\"},{\"@type\":\"Organization\",\"@id\":\"https:\/\/teammutantecuador.com\/#organization\",\"name\":\"Team Mutan Ecuador\",\"url\":\"https:\/\/teammutantecuador.com\/\",\"logo\":{\"@type\":\"ImageObject\",\"inLanguage\":\"es\",\"@id\":\"https:\/\/teammutantecuador.com\/#\/schema\/logo\/image\/\",\"url\":\"https:\/\/teammutantecuador.com\/wp-content\/uploads\/2026\/01\/Diseno-sin-titulo-97.png\",\"contentUrl\":\"https:\/\/teammutantecuador.com\/wp-content\/uploads\/2026\/01\/Diseno-sin-titulo-97.png\",\"width\":500,\"height\":300,\"caption\":\"Team Mutan Ecuador\"},\"image\":{\"@id\":\"https:\/\/teammutantecuador.com\/#\/schema\/logo\/image\/\"}}]}<\/script>\n<!-- \/ Yoast SEO plugin. -->","yoast_head_json":{"title":"HCG PREGNYL 5000UI - Team Mutan Ecuador","description":"La gonadotropina cori\u00f3nica humana, o gonadotrofina cori\u00f3nica humana (\"HCG\" por sus iniciales en ingl\u00e9s) es un medicamento utilizado por los usuarios de esteroides anab\u00f3licos en el llamado \"post-ciclo\", o durante el ciclo, debido a que tiene el potencial para aumentar","robots":{"index":"index","follow":"follow","max-snippet":"max-snippet:-1","max-image-preview":"max-image-preview:large","max-video-preview":"max-video-preview:-1"},"canonical":"https:\/\/teammutantecuador.com\/?product=hcg-pregnyl-5000ui","og_locale":"es_ES","og_type":"article","og_title":"HCG PREGNYL 5000UI - Team Mutan Ecuador","og_description":"La gonadotropina cori\u00f3nica humana, o gonadotrofina cori\u00f3nica humana (\"HCG\" por sus iniciales en ingl\u00e9s) es un medicamento utilizado por los usuarios de esteroides anab\u00f3licos en el llamado \"post-ciclo\", o durante el ciclo, debido a que tiene el potencial para aumentar","og_url":"https:\/\/teammutantecuador.com\/?product=hcg-pregnyl-5000ui","og_site_name":"Team Mutan Ecuador","article_modified_time":"2026-01-17T16:04:21+00:00","twitter_card":"summary_large_image","twitter_misc":{"Tiempo de lectura":"2 minutos"},"schema":{"@context":"https:\/\/schema.org","@graph":[{"@type":"WebPage","@id":"https:\/\/teammutantecuador.com\/?product=hcg-pregnyl-5000ui","url":"https:\/\/teammutantecuador.com\/?product=hcg-pregnyl-5000ui","name":"HCG PREGNYL 5000UI - Team Mutan Ecuador","isPartOf":{"@id":"https:\/\/teammutantecuador.com\/#website"},"datePublished":"2026-01-17T16:04:19+00:00","dateModified":"2026-01-17T16:04:21+00:00","description":"La gonadotropina cori\u00f3nica humana, o gonadotrofina cori\u00f3nica humana (\"HCG\" por sus iniciales en ingl\u00e9s) es un medicamento utilizado por los usuarios de esteroides anab\u00f3licos en el llamado \"post-ciclo\", o durante el ciclo, debido a que tiene el potencial para aumentar","breadcrumb":{"@id":"https:\/\/teammutantecuador.com\/?product=hcg-pregnyl-5000ui#breadcrumb"},"inLanguage":"es","potentialAction":[{"@type":"ReadAction","target":["https:\/\/teammutantecuador.com\/?product=hcg-pregnyl-5000ui"]}]},{"@type":"BreadcrumbList","@id":"https:\/\/teammutantecuador.com\/?product=hcg-pregnyl-5000ui#breadcrumb","itemListElement":[{"@type":"ListItem","position":1,"name":"Portada","item":"https:\/\/teammutantecuador.com\/"},{"@type":"ListItem","position":2,"name":"Shop","item":"https:\/\/teammutantecuador.com\/?page_id=6"},{"@type":"ListItem","position":3,"name":"HCG PREGNYL 5000UI"}]},{"@type":"WebSite","@id":"https:\/\/teammutantecuador.com\/#website","url":"https:\/\/teammutantecuador.com\/","name":"Team Mutan Ecuador","description":"Just another WordPress site","publisher":{"@id":"https:\/\/teammutantecuador.com\/#organization"},"potentialAction":[{"@type":"SearchAction","target":{"@type":"EntryPoint","urlTemplate":"https:\/\/teammutantecuador.com\/?s={search_term_string}"},"query-input":{"@type":"PropertyValueSpecification","valueRequired":true,"valueName":"search_term_string"}}],"inLanguage":"es"},{"@type":"Organization","@id":"https:\/\/teammutantecuador.com\/#organization","name":"Team Mutan Ecuador","url":"https:\/\/teammutantecuador.com\/","logo":{"@type":"ImageObject","inLanguage":"es","@id":"https:\/\/teammutantecuador.com\/#\/schema\/logo\/image\/","url":"https:\/\/teammutantecuador.com\/wp-content\/uploads\/2026\/01\/Diseno-sin-titulo-97.png","contentUrl":"https:\/\/teammutantecuador.com\/wp-content\/uploads\/2026\/01\/Diseno-sin-titulo-97.png","width":500,"height":300,"caption":"Team Mutan Ecuador"},"image":{"@id":"https:\/\/teammutantecuador.com\/#\/schema\/logo\/image\/"}}]}},"_links":{"self":[{"href":"https:\/\/teammutantecuador.com\/index.php?rest_route=\/wp\/v2\/product\/1552","targetHints":{"allow":["GET"]}}],"collection":[{"href":"https:\/\/teammutantecuador.com\/index.php?rest_route=\/wp\/v2\/product"}],"about":[{"href":"https:\/\/teammutantecuador.com\/index.php?rest_route=\/wp\/v2\/types\/product"}],"replies":[{"embeddable":true,"href":"https:\/\/teammutantecuador.com\/index.php?rest_route=%2Fwp%2Fv2%2Fcomments&post=1552"}],"wp:attachment":[{"href":"https:\/\/teammutantecuador.com\/index.php?rest_route=%2Fwp%2Fv2%2Fmedia&parent=1552"}],"wp:term":[{"taxonomy":"product_brand","embeddable":true,"href":"https:\/\/teammutantecuador.com\/index.php?rest_route=%2Fwp%2Fv2%2Fproduct_brand&post=1552"},{"taxonomy":"product_cat","embeddable":true,"href":"https:\/\/teammutantecuador.com\/index.php?rest_route=%2Fwp%2Fv2%2Fproduct_cat&post=1552"},{"taxonomy":"product_tag","embeddable":true,"href":"https:\/\/teammutantecuador.com\/index.php?rest_route=%2Fwp%2Fv2%2Fproduct_tag&post=1552"}],"curies":[{"name":"wp","href":"https:\/\/api.w.org\/{rel}","templated":true}]}}