{"id":1524,"date":"2026-01-17T16:04:13","date_gmt":"2026-01-17T16:04:13","guid":{"rendered":"https:\/\/teammutantecuador.com\/?post_type=product&#038;p=1524"},"modified":"2026-01-19T11:59:22","modified_gmt":"2026-01-19T11:59:22","slug":"arimidex-1-mg","status":"publish","type":"product","link":"https:\/\/teammutantecuador.com\/?product=arimidex-1-mg","title":{"rendered":"Arimidex 1 mg Mutant"},"content":{"rendered":"<p dir=\"ltr\">Arimidex 1 mg es tambi\u00e9n conocido como <strong>anastrozol<\/strong>, es un inhibidor de aromataza selectivo de tercera generaci\u00f3n, y es conocido popularmente como un <strong>antiestrog\u00e9nico<\/strong> muy eficaz, reemplazando el uso del <a href=\"https:\/\/quitofitness.com\/producto\/proviron-25-mg\/\">PROVIRON<\/a> + <a href=\"https:\/\/quitofitness.com\/producto\/nolvadex-20-mg\/\">nolvadex<\/a> durante un ciclo.<\/p>\n<p dir=\"ltr\">Una sola tableta diaria, la misma dosis utilizada cl\u00ednicamente, parece ser todo lo que se necesita para un efecto excepcional (incluso muchos reportan excelentes resultados con solo \u00bd tableta diaria).<\/p>\n<p dir=\"ltr\">La ginecomastia, la retenci\u00f3n h\u00eddrica y la acumulaci\u00f3n de grasa ya no ser\u00e1n mas un\u00a0un problema cuando el arimidex es usado como un regulador del eje hormonal.<\/p>\n<p dir=\"ltr\">Cuando es usado con andr\u00f3genos muy aromatizables como\u00a0<a href=\"https:\/\/quitofitness.com\/producto\/dianabol-20-mg\/\"><b>Dianabol<\/b><\/a>\u00a0o\u00a0<a href=\"https:\/\/quitofitness.com\/product-tag\/testosterona\/\"><b>Testosterona<\/b><\/a>,\u00a0la ginecomastia y la retenci\u00f3n de l\u00edquidos puede ser bloqueada efectivamente.<\/p>\n<p dir=\"ltr\">Adicionalmente, la calidad del m\u00fasculo deber\u00eda ser mayor, el atleta parecer\u00e1 m\u00e1s duro y mucho m\u00e1s definido sin tanta retenci\u00f3n de l\u00edquidos.<\/p>\n<h3 dir=\"ltr\">DOSIFICACI\u00d3N RECOMENDABLE<\/h3>\n<p dir=\"ltr\">Una sola tableta diaria parece ser suficiente, muchos incluso reportan excelentes resultados con solo \u00bd tableta diaria.<\/p>\n<h3 dir=\"ltr\">PRESENTACI\u00d3N<\/h3>\n<p dir=\"ltr\">Tarro\u00a0de 30 capsulas de 1 mg<\/p>\n","protected":false},"excerpt":{"rendered":"<p>Arimidex 1 mg es tambi\u00e9n conocido como anastrozol, es un inhibidor de aromataza selectivo de tercera generaci\u00f3n, y es conocido popularmente como un antiestrog\u00e9nico muy eficaz, reemplazando el uso del proviron + nolvadex durante un ciclo.<\/p>\n","protected":false},"featured_media":1763,"comment_status":"open","ping_status":"closed","template":"","meta":[],"product_brand":[151],"product_cat":[392,143],"product_tag":[197,198,199,154,179],"class_list":{"0":"post-1524","1":"product","2":"type-product","3":"status-publish","4":"has-post-thumbnail","6":"product_brand-mutant-pharma","7":"product_cat-anabolicos","8":"product_cat-post-ciclo","9":"product_tag-anastrozol","10":"product_tag-antiestrogenico","11":"product_tag-arimidex","12":"product_tag-mutant-pharma","13":"product_tag-post-ciclo","15":"first","16":"instock","17":"sale","18":"shipping-taxable","19":"purchasable","20":"product-type-simple"},"yoast_head":"<!-- This site is optimized with the Yoast SEO plugin v26.8 - https:\/\/yoast.com\/product\/yoast-seo-wordpress\/ -->\n<title>Arimidex 1 mg Mutant - Team Mutan Ecuador<\/title>\n<meta name=\"description\" content=\"Arimidex 1 mg es tambi\u00e9n conocido como anastrozol, es un inhibidor de aromataza selectivo de tercera generaci\u00f3n, y es conocido popularmente como un antiestrog\u00e9nico muy eficaz, reemplazando el uso del proviron + nolvadex durante un ciclo.\u00a0\" \/>\n<meta name=\"robots\" content=\"index, follow, max-snippet:-1, max-image-preview:large, max-video-preview:-1\" \/>\n<link rel=\"canonical\" href=\"https:\/\/teammutantecuador.com\/?product=arimidex-1-mg\" \/>\n<meta property=\"og:locale\" content=\"es_ES\" \/>\n<meta property=\"og:type\" content=\"article\" \/>\n<meta property=\"og:title\" content=\"Arimidex 1 mg Mutant - Team Mutan Ecuador\" \/>\n<meta property=\"og:description\" content=\"Arimidex 1 mg es tambi\u00e9n conocido como anastrozol, es un inhibidor de aromataza selectivo de tercera generaci\u00f3n, y es conocido popularmente como un antiestrog\u00e9nico muy eficaz, reemplazando el uso del proviron + nolvadex durante un ciclo.\u00a0\" \/>\n<meta property=\"og:url\" content=\"https:\/\/teammutantecuador.com\/?product=arimidex-1-mg\" \/>\n<meta property=\"og:site_name\" content=\"Team Mutan Ecuador\" \/>\n<meta property=\"article:modified_time\" content=\"2026-01-19T11:59:22+00:00\" \/>\n<meta property=\"og:image\" content=\"https:\/\/teammutantecuador.com\/wp-content\/uploads\/2026\/01\/Diseno-sin-titulo-2026-01-16T234514.652.jpg\" \/>\n\t<meta property=\"og:image:width\" content=\"800\" \/>\n\t<meta property=\"og:image:height\" content=\"800\" \/>\n\t<meta property=\"og:image:type\" content=\"image\/jpeg\" \/>\n<meta name=\"twitter:card\" content=\"summary_large_image\" \/>\n<meta name=\"twitter:label1\" content=\"Tiempo de lectura\" \/>\n\t<meta name=\"twitter:data1\" content=\"1 minuto\" \/>\n<script type=\"application\/ld+json\" class=\"yoast-schema-graph\">{\"@context\":\"https:\/\/schema.org\",\"@graph\":[{\"@type\":\"WebPage\",\"@id\":\"https:\/\/teammutantecuador.com\/?product=arimidex-1-mg\",\"url\":\"https:\/\/teammutantecuador.com\/?product=arimidex-1-mg\",\"name\":\"Arimidex 1 mg Mutant - Team Mutan Ecuador\",\"isPartOf\":{\"@id\":\"https:\/\/teammutantecuador.com\/#website\"},\"primaryImageOfPage\":{\"@id\":\"https:\/\/teammutantecuador.com\/?product=arimidex-1-mg#primaryimage\"},\"image\":{\"@id\":\"https:\/\/teammutantecuador.com\/?product=arimidex-1-mg#primaryimage\"},\"thumbnailUrl\":\"https:\/\/teammutantecuador.com\/wp-content\/uploads\/2026\/01\/Diseno-sin-titulo-2026-01-16T234514.652.jpg\",\"datePublished\":\"2026-01-17T16:04:13+00:00\",\"dateModified\":\"2026-01-19T11:59:22+00:00\",\"description\":\"Arimidex 1 mg es tambi\u00e9n conocido como anastrozol, es un inhibidor de aromataza selectivo de tercera generaci\u00f3n, y es conocido popularmente como un antiestrog\u00e9nico muy eficaz, reemplazando el uso del proviron + nolvadex durante un ciclo.\u00a0\",\"breadcrumb\":{\"@id\":\"https:\/\/teammutantecuador.com\/?product=arimidex-1-mg#breadcrumb\"},\"inLanguage\":\"es\",\"potentialAction\":[{\"@type\":\"ReadAction\",\"target\":[\"https:\/\/teammutantecuador.com\/?product=arimidex-1-mg\"]}]},{\"@type\":\"ImageObject\",\"inLanguage\":\"es\",\"@id\":\"https:\/\/teammutantecuador.com\/?product=arimidex-1-mg#primaryimage\",\"url\":\"https:\/\/teammutantecuador.com\/wp-content\/uploads\/2026\/01\/Diseno-sin-titulo-2026-01-16T234514.652.jpg\",\"contentUrl\":\"https:\/\/teammutantecuador.com\/wp-content\/uploads\/2026\/01\/Diseno-sin-titulo-2026-01-16T234514.652.jpg\",\"width\":800,\"height\":800,\"caption\":\"Arimidex 1 mg Mutant\"},{\"@type\":\"BreadcrumbList\",\"@id\":\"https:\/\/teammutantecuador.com\/?product=arimidex-1-mg#breadcrumb\",\"itemListElement\":[{\"@type\":\"ListItem\",\"position\":1,\"name\":\"Portada\",\"item\":\"https:\/\/teammutantecuador.com\/\"},{\"@type\":\"ListItem\",\"position\":2,\"name\":\"Shop\",\"item\":\"https:\/\/teammutantecuador.com\/?page_id=6\"},{\"@type\":\"ListItem\",\"position\":3,\"name\":\"Arimidex 1 mg Mutant\"}]},{\"@type\":\"WebSite\",\"@id\":\"https:\/\/teammutantecuador.com\/#website\",\"url\":\"https:\/\/teammutantecuador.com\/\",\"name\":\"Team Mutan Ecuador\",\"description\":\"Just another WordPress site\",\"publisher\":{\"@id\":\"https:\/\/teammutantecuador.com\/#organization\"},\"potentialAction\":[{\"@type\":\"SearchAction\",\"target\":{\"@type\":\"EntryPoint\",\"urlTemplate\":\"https:\/\/teammutantecuador.com\/?s={search_term_string}\"},\"query-input\":{\"@type\":\"PropertyValueSpecification\",\"valueRequired\":true,\"valueName\":\"search_term_string\"}}],\"inLanguage\":\"es\"},{\"@type\":\"Organization\",\"@id\":\"https:\/\/teammutantecuador.com\/#organization\",\"name\":\"Team Mutan Ecuador\",\"url\":\"https:\/\/teammutantecuador.com\/\",\"logo\":{\"@type\":\"ImageObject\",\"inLanguage\":\"es\",\"@id\":\"https:\/\/teammutantecuador.com\/#\/schema\/logo\/image\/\",\"url\":\"https:\/\/teammutantecuador.com\/wp-content\/uploads\/2026\/01\/Diseno-sin-titulo-97.png\",\"contentUrl\":\"https:\/\/teammutantecuador.com\/wp-content\/uploads\/2026\/01\/Diseno-sin-titulo-97.png\",\"width\":500,\"height\":300,\"caption\":\"Team Mutan Ecuador\"},\"image\":{\"@id\":\"https:\/\/teammutantecuador.com\/#\/schema\/logo\/image\/\"}}]}<\/script>\n<!-- \/ Yoast SEO plugin. -->","yoast_head_json":{"title":"Arimidex 1 mg Mutant - Team Mutan Ecuador","description":"Arimidex 1 mg es tambi\u00e9n conocido como anastrozol, es un inhibidor de aromataza selectivo de tercera generaci\u00f3n, y es conocido popularmente como un antiestrog\u00e9nico muy eficaz, reemplazando el uso del proviron + nolvadex durante un ciclo.\u00a0","robots":{"index":"index","follow":"follow","max-snippet":"max-snippet:-1","max-image-preview":"max-image-preview:large","max-video-preview":"max-video-preview:-1"},"canonical":"https:\/\/teammutantecuador.com\/?product=arimidex-1-mg","og_locale":"es_ES","og_type":"article","og_title":"Arimidex 1 mg Mutant - Team Mutan Ecuador","og_description":"Arimidex 1 mg es tambi\u00e9n conocido como anastrozol, es un inhibidor de aromataza selectivo de tercera generaci\u00f3n, y es conocido popularmente como un antiestrog\u00e9nico muy eficaz, reemplazando el uso del proviron + nolvadex durante un ciclo.\u00a0","og_url":"https:\/\/teammutantecuador.com\/?product=arimidex-1-mg","og_site_name":"Team Mutan Ecuador","article_modified_time":"2026-01-19T11:59:22+00:00","og_image":[{"width":800,"height":800,"url":"https:\/\/teammutantecuador.com\/wp-content\/uploads\/2026\/01\/Diseno-sin-titulo-2026-01-16T234514.652.jpg","type":"image\/jpeg"}],"twitter_card":"summary_large_image","twitter_misc":{"Tiempo de lectura":"1 minuto"},"schema":{"@context":"https:\/\/schema.org","@graph":[{"@type":"WebPage","@id":"https:\/\/teammutantecuador.com\/?product=arimidex-1-mg","url":"https:\/\/teammutantecuador.com\/?product=arimidex-1-mg","name":"Arimidex 1 mg Mutant - Team Mutan Ecuador","isPartOf":{"@id":"https:\/\/teammutantecuador.com\/#website"},"primaryImageOfPage":{"@id":"https:\/\/teammutantecuador.com\/?product=arimidex-1-mg#primaryimage"},"image":{"@id":"https:\/\/teammutantecuador.com\/?product=arimidex-1-mg#primaryimage"},"thumbnailUrl":"https:\/\/teammutantecuador.com\/wp-content\/uploads\/2026\/01\/Diseno-sin-titulo-2026-01-16T234514.652.jpg","datePublished":"2026-01-17T16:04:13+00:00","dateModified":"2026-01-19T11:59:22+00:00","description":"Arimidex 1 mg es tambi\u00e9n conocido como anastrozol, es un inhibidor de aromataza selectivo de tercera generaci\u00f3n, y es conocido popularmente como un antiestrog\u00e9nico muy eficaz, reemplazando el uso del proviron + nolvadex durante un ciclo.\u00a0","breadcrumb":{"@id":"https:\/\/teammutantecuador.com\/?product=arimidex-1-mg#breadcrumb"},"inLanguage":"es","potentialAction":[{"@type":"ReadAction","target":["https:\/\/teammutantecuador.com\/?product=arimidex-1-mg"]}]},{"@type":"ImageObject","inLanguage":"es","@id":"https:\/\/teammutantecuador.com\/?product=arimidex-1-mg#primaryimage","url":"https:\/\/teammutantecuador.com\/wp-content\/uploads\/2026\/01\/Diseno-sin-titulo-2026-01-16T234514.652.jpg","contentUrl":"https:\/\/teammutantecuador.com\/wp-content\/uploads\/2026\/01\/Diseno-sin-titulo-2026-01-16T234514.652.jpg","width":800,"height":800,"caption":"Arimidex 1 mg Mutant"},{"@type":"BreadcrumbList","@id":"https:\/\/teammutantecuador.com\/?product=arimidex-1-mg#breadcrumb","itemListElement":[{"@type":"ListItem","position":1,"name":"Portada","item":"https:\/\/teammutantecuador.com\/"},{"@type":"ListItem","position":2,"name":"Shop","item":"https:\/\/teammutantecuador.com\/?page_id=6"},{"@type":"ListItem","position":3,"name":"Arimidex 1 mg Mutant"}]},{"@type":"WebSite","@id":"https:\/\/teammutantecuador.com\/#website","url":"https:\/\/teammutantecuador.com\/","name":"Team Mutan Ecuador","description":"Just another WordPress site","publisher":{"@id":"https:\/\/teammutantecuador.com\/#organization"},"potentialAction":[{"@type":"SearchAction","target":{"@type":"EntryPoint","urlTemplate":"https:\/\/teammutantecuador.com\/?s={search_term_string}"},"query-input":{"@type":"PropertyValueSpecification","valueRequired":true,"valueName":"search_term_string"}}],"inLanguage":"es"},{"@type":"Organization","@id":"https:\/\/teammutantecuador.com\/#organization","name":"Team Mutan Ecuador","url":"https:\/\/teammutantecuador.com\/","logo":{"@type":"ImageObject","inLanguage":"es","@id":"https:\/\/teammutantecuador.com\/#\/schema\/logo\/image\/","url":"https:\/\/teammutantecuador.com\/wp-content\/uploads\/2026\/01\/Diseno-sin-titulo-97.png","contentUrl":"https:\/\/teammutantecuador.com\/wp-content\/uploads\/2026\/01\/Diseno-sin-titulo-97.png","width":500,"height":300,"caption":"Team Mutan Ecuador"},"image":{"@id":"https:\/\/teammutantecuador.com\/#\/schema\/logo\/image\/"}}]}},"_links":{"self":[{"href":"https:\/\/teammutantecuador.com\/index.php?rest_route=\/wp\/v2\/product\/1524","targetHints":{"allow":["GET"]}}],"collection":[{"href":"https:\/\/teammutantecuador.com\/index.php?rest_route=\/wp\/v2\/product"}],"about":[{"href":"https:\/\/teammutantecuador.com\/index.php?rest_route=\/wp\/v2\/types\/product"}],"replies":[{"embeddable":true,"href":"https:\/\/teammutantecuador.com\/index.php?rest_route=%2Fwp%2Fv2%2Fcomments&post=1524"}],"wp:featuredmedia":[{"embeddable":true,"href":"https:\/\/teammutantecuador.com\/index.php?rest_route=\/wp\/v2\/media\/1763"}],"wp:attachment":[{"href":"https:\/\/teammutantecuador.com\/index.php?rest_route=%2Fwp%2Fv2%2Fmedia&parent=1524"}],"wp:term":[{"taxonomy":"product_brand","embeddable":true,"href":"https:\/\/teammutantecuador.com\/index.php?rest_route=%2Fwp%2Fv2%2Fproduct_brand&post=1524"},{"taxonomy":"product_cat","embeddable":true,"href":"https:\/\/teammutantecuador.com\/index.php?rest_route=%2Fwp%2Fv2%2Fproduct_cat&post=1524"},{"taxonomy":"product_tag","embeddable":true,"href":"https:\/\/teammutantecuador.com\/index.php?rest_route=%2Fwp%2Fv2%2Fproduct_tag&post=1524"}],"curies":[{"name":"wp","href":"https:\/\/api.w.org\/{rel}","templated":true}]}}