{"id":1523,"date":"2026-01-17T16:04:13","date_gmt":"2026-01-17T16:04:13","guid":{"rendered":"https:\/\/teammutantecuador.com\/?post_type=product&#038;p=1523"},"modified":"2026-01-17T16:04:16","modified_gmt":"2026-01-17T16:04:16","slug":"s-23-venom","status":"publish","type":"product","link":"https:\/\/teammutantecuador.com\/?product=s-23-venom","title":{"rendered":"S-23 Venom"},"content":{"rendered":"<p>El SARM S-23 pertenece a una clase de ligandos de receptores de andr\u00f3genos que son selectivos de tejidos, desarrollados para tratar la atrofia muscular asociada con el c\u00e1ncer, enfermedades agudas y cr\u00f3nicas y p\u00e9rdida de masa muscular relacionada con la edad.<\/p>\n<p><strong>S23 Venom<\/strong><br \/>\n10mg (60 Caps) \u2013 Enhanced Athlete<br \/>\nS23 es un SARM no esteroide oralmente activo con una afinidad de uni\u00f3n muy alta a los receptores de andr\u00f3genos. Sin duda, esto lo hace m\u00e1s fuerte que otros SARMS, uno de los efectos del S-23 es el aumento de la masa muscular y la disminuci\u00f3n de la grasa corporal de su usuario. Tambi\u00e9n ayuda a reducir el tama\u00f1o de la pr\u00f3stata, para que los usuarios no tengan que preocuparse por este colateral tan com\u00fan en los usuarios activos de AES.<\/p>\n<p>Varios estudios tambi\u00e9n han demostrado que este MRSA puede aumentar la densidad \u00f3sea al tiempo que promueve la masa muscular y la quema de grasa acelerada.<br \/>\nSeg\u00fan muchos usuarios avanzados, puede usarse tanto para cortar como para aumentar el volumen, siendo un SARM muy vers\u00e1til. Es sin duda uno de los SARM m\u00e1s potentes disponibles en la actualidad.<\/p>\n<p>Beneficios:<br \/>\n\u2013 Aumento de la masa muscular<br \/>\n\u2013 Disminuci\u00f3n de la grasa<\/p>\n<p>Dosis recomendada:<br \/>\nDefinici\u00f3n: 10-20mg<br \/>\nMasa muscular: 20-30mg<br \/>\n<script async src=\"https:\/\/pagead2.googlesyndication.com\/pagead\/js\/adsbygoogle.js?client=ca-pub-2081804850646632\"\n     crossorigin=\"anonymous\"><\/script><br \/>\n<!-- quitof1 --><br \/>\n<ins class=\"adsbygoogle\"\n     style=\"display:block\"\n     data-ad-client=\"ca-pub-2081804850646632\"\n     data-ad-slot=\"3022364569\"\n     data-ad-format=\"auto\"\n     data-full-width-responsive=\"true\"><\/ins><br \/>\n<script>\n     (adsbygoogle = window.adsbygoogle || []).push({});\n<\/script><\/p>\n","protected":false},"excerpt":{"rendered":"<p>El SARM S-23 pertenece a una clase de ligandos de receptores de andr\u00f3genos que son selectivos de tejidos, desarrollados para tratar la atrofia muscular asociada con el c\u00e1ncer, enfermedades agudas y cr\u00f3nicas y p\u00e9rdida de masa muscular relacionada con la edad.<\/p>\n<p><strong>S23 Venom<\/strong><\/p>\n","protected":false},"featured_media":0,"comment_status":"open","ping_status":"closed","template":"","meta":[],"product_brand":[],"product_cat":[170],"product_tag":[193,196,171],"class_list":{"0":"post-1523","1":"product","2":"type-product","3":"status-publish","5":"product_cat-sarms","6":"product_tag-enhanced-athletic","7":"product_tag-s23","8":"product_tag-sarms","10":"first","11":"instock","12":"shipping-taxable","13":"purchasable","14":"product-type-simple"},"yoast_head":"<!-- This site is optimized with the Yoast SEO plugin v26.8 - https:\/\/yoast.com\/product\/yoast-seo-wordpress\/ -->\n<title>S-23 Venom - Team Mutan Ecuador<\/title>\n<meta name=\"description\" content=\"El SARM S-23 pertenece a una clase de ligandos de receptores de andr\u00f3genos que son selectivos de tejidos, desarrollados para tratar la atrofia muscular asociada con el c\u00e1ncer, enfermedades agudas y cr\u00f3nicas y p\u00e9rdida de masa muscular relacionada con la edad.S23 Venom\" \/>\n<meta name=\"robots\" content=\"index, follow, max-snippet:-1, max-image-preview:large, max-video-preview:-1\" \/>\n<link rel=\"canonical\" href=\"https:\/\/teammutantecuador.com\/?product=s-23-venom\" \/>\n<meta property=\"og:locale\" content=\"es_ES\" \/>\n<meta property=\"og:type\" content=\"article\" \/>\n<meta property=\"og:title\" content=\"S-23 Venom - Team Mutan Ecuador\" \/>\n<meta property=\"og:description\" content=\"El SARM S-23 pertenece a una clase de ligandos de receptores de andr\u00f3genos que son selectivos de tejidos, desarrollados para tratar la atrofia muscular asociada con el c\u00e1ncer, enfermedades agudas y cr\u00f3nicas y p\u00e9rdida de masa muscular relacionada con la edad.S23 Venom\" \/>\n<meta property=\"og:url\" content=\"https:\/\/teammutantecuador.com\/?product=s-23-venom\" \/>\n<meta property=\"og:site_name\" content=\"Team Mutan Ecuador\" \/>\n<meta property=\"article:modified_time\" content=\"2026-01-17T16:04:16+00:00\" \/>\n<meta name=\"twitter:card\" content=\"summary_large_image\" \/>\n<meta name=\"twitter:label1\" content=\"Tiempo de lectura\" \/>\n\t<meta name=\"twitter:data1\" content=\"1 minuto\" \/>\n<script type=\"application\/ld+json\" class=\"yoast-schema-graph\">{\"@context\":\"https:\/\/schema.org\",\"@graph\":[{\"@type\":\"WebPage\",\"@id\":\"https:\/\/teammutantecuador.com\/?product=s-23-venom\",\"url\":\"https:\/\/teammutantecuador.com\/?product=s-23-venom\",\"name\":\"S-23 Venom - Team Mutan Ecuador\",\"isPartOf\":{\"@id\":\"https:\/\/teammutantecuador.com\/#website\"},\"datePublished\":\"2026-01-17T16:04:13+00:00\",\"dateModified\":\"2026-01-17T16:04:16+00:00\",\"description\":\"El SARM S-23 pertenece a una clase de ligandos de receptores de andr\u00f3genos que son selectivos de tejidos, desarrollados para tratar la atrofia muscular asociada con el c\u00e1ncer, enfermedades agudas y cr\u00f3nicas y p\u00e9rdida de masa muscular relacionada con la edad.S23 Venom\",\"breadcrumb\":{\"@id\":\"https:\/\/teammutantecuador.com\/?product=s-23-venom#breadcrumb\"},\"inLanguage\":\"es\",\"potentialAction\":[{\"@type\":\"ReadAction\",\"target\":[\"https:\/\/teammutantecuador.com\/?product=s-23-venom\"]}]},{\"@type\":\"BreadcrumbList\",\"@id\":\"https:\/\/teammutantecuador.com\/?product=s-23-venom#breadcrumb\",\"itemListElement\":[{\"@type\":\"ListItem\",\"position\":1,\"name\":\"Portada\",\"item\":\"https:\/\/teammutantecuador.com\/\"},{\"@type\":\"ListItem\",\"position\":2,\"name\":\"Shop\",\"item\":\"https:\/\/teammutantecuador.com\/?page_id=6\"},{\"@type\":\"ListItem\",\"position\":3,\"name\":\"S-23 Venom\"}]},{\"@type\":\"WebSite\",\"@id\":\"https:\/\/teammutantecuador.com\/#website\",\"url\":\"https:\/\/teammutantecuador.com\/\",\"name\":\"Team Mutan Ecuador\",\"description\":\"Just another WordPress site\",\"publisher\":{\"@id\":\"https:\/\/teammutantecuador.com\/#organization\"},\"potentialAction\":[{\"@type\":\"SearchAction\",\"target\":{\"@type\":\"EntryPoint\",\"urlTemplate\":\"https:\/\/teammutantecuador.com\/?s={search_term_string}\"},\"query-input\":{\"@type\":\"PropertyValueSpecification\",\"valueRequired\":true,\"valueName\":\"search_term_string\"}}],\"inLanguage\":\"es\"},{\"@type\":\"Organization\",\"@id\":\"https:\/\/teammutantecuador.com\/#organization\",\"name\":\"Team Mutan Ecuador\",\"url\":\"https:\/\/teammutantecuador.com\/\",\"logo\":{\"@type\":\"ImageObject\",\"inLanguage\":\"es\",\"@id\":\"https:\/\/teammutantecuador.com\/#\/schema\/logo\/image\/\",\"url\":\"https:\/\/teammutantecuador.com\/wp-content\/uploads\/2026\/01\/Diseno-sin-titulo-97.png\",\"contentUrl\":\"https:\/\/teammutantecuador.com\/wp-content\/uploads\/2026\/01\/Diseno-sin-titulo-97.png\",\"width\":500,\"height\":300,\"caption\":\"Team Mutan Ecuador\"},\"image\":{\"@id\":\"https:\/\/teammutantecuador.com\/#\/schema\/logo\/image\/\"}}]}<\/script>\n<!-- \/ Yoast SEO plugin. -->","yoast_head_json":{"title":"S-23 Venom - Team Mutan Ecuador","description":"El SARM S-23 pertenece a una clase de ligandos de receptores de andr\u00f3genos que son selectivos de tejidos, desarrollados para tratar la atrofia muscular asociada con el c\u00e1ncer, enfermedades agudas y cr\u00f3nicas y p\u00e9rdida de masa muscular relacionada con la edad.S23 Venom","robots":{"index":"index","follow":"follow","max-snippet":"max-snippet:-1","max-image-preview":"max-image-preview:large","max-video-preview":"max-video-preview:-1"},"canonical":"https:\/\/teammutantecuador.com\/?product=s-23-venom","og_locale":"es_ES","og_type":"article","og_title":"S-23 Venom - Team Mutan Ecuador","og_description":"El SARM S-23 pertenece a una clase de ligandos de receptores de andr\u00f3genos que son selectivos de tejidos, desarrollados para tratar la atrofia muscular asociada con el c\u00e1ncer, enfermedades agudas y cr\u00f3nicas y p\u00e9rdida de masa muscular relacionada con la edad.S23 Venom","og_url":"https:\/\/teammutantecuador.com\/?product=s-23-venom","og_site_name":"Team Mutan Ecuador","article_modified_time":"2026-01-17T16:04:16+00:00","twitter_card":"summary_large_image","twitter_misc":{"Tiempo de lectura":"1 minuto"},"schema":{"@context":"https:\/\/schema.org","@graph":[{"@type":"WebPage","@id":"https:\/\/teammutantecuador.com\/?product=s-23-venom","url":"https:\/\/teammutantecuador.com\/?product=s-23-venom","name":"S-23 Venom - Team Mutan Ecuador","isPartOf":{"@id":"https:\/\/teammutantecuador.com\/#website"},"datePublished":"2026-01-17T16:04:13+00:00","dateModified":"2026-01-17T16:04:16+00:00","description":"El SARM S-23 pertenece a una clase de ligandos de receptores de andr\u00f3genos que son selectivos de tejidos, desarrollados para tratar la atrofia muscular asociada con el c\u00e1ncer, enfermedades agudas y cr\u00f3nicas y p\u00e9rdida de masa muscular relacionada con la edad.S23 Venom","breadcrumb":{"@id":"https:\/\/teammutantecuador.com\/?product=s-23-venom#breadcrumb"},"inLanguage":"es","potentialAction":[{"@type":"ReadAction","target":["https:\/\/teammutantecuador.com\/?product=s-23-venom"]}]},{"@type":"BreadcrumbList","@id":"https:\/\/teammutantecuador.com\/?product=s-23-venom#breadcrumb","itemListElement":[{"@type":"ListItem","position":1,"name":"Portada","item":"https:\/\/teammutantecuador.com\/"},{"@type":"ListItem","position":2,"name":"Shop","item":"https:\/\/teammutantecuador.com\/?page_id=6"},{"@type":"ListItem","position":3,"name":"S-23 Venom"}]},{"@type":"WebSite","@id":"https:\/\/teammutantecuador.com\/#website","url":"https:\/\/teammutantecuador.com\/","name":"Team Mutan Ecuador","description":"Just another WordPress site","publisher":{"@id":"https:\/\/teammutantecuador.com\/#organization"},"potentialAction":[{"@type":"SearchAction","target":{"@type":"EntryPoint","urlTemplate":"https:\/\/teammutantecuador.com\/?s={search_term_string}"},"query-input":{"@type":"PropertyValueSpecification","valueRequired":true,"valueName":"search_term_string"}}],"inLanguage":"es"},{"@type":"Organization","@id":"https:\/\/teammutantecuador.com\/#organization","name":"Team Mutan Ecuador","url":"https:\/\/teammutantecuador.com\/","logo":{"@type":"ImageObject","inLanguage":"es","@id":"https:\/\/teammutantecuador.com\/#\/schema\/logo\/image\/","url":"https:\/\/teammutantecuador.com\/wp-content\/uploads\/2026\/01\/Diseno-sin-titulo-97.png","contentUrl":"https:\/\/teammutantecuador.com\/wp-content\/uploads\/2026\/01\/Diseno-sin-titulo-97.png","width":500,"height":300,"caption":"Team Mutan Ecuador"},"image":{"@id":"https:\/\/teammutantecuador.com\/#\/schema\/logo\/image\/"}}]}},"_links":{"self":[{"href":"https:\/\/teammutantecuador.com\/index.php?rest_route=\/wp\/v2\/product\/1523","targetHints":{"allow":["GET"]}}],"collection":[{"href":"https:\/\/teammutantecuador.com\/index.php?rest_route=\/wp\/v2\/product"}],"about":[{"href":"https:\/\/teammutantecuador.com\/index.php?rest_route=\/wp\/v2\/types\/product"}],"replies":[{"embeddable":true,"href":"https:\/\/teammutantecuador.com\/index.php?rest_route=%2Fwp%2Fv2%2Fcomments&post=1523"}],"wp:attachment":[{"href":"https:\/\/teammutantecuador.com\/index.php?rest_route=%2Fwp%2Fv2%2Fmedia&parent=1523"}],"wp:term":[{"taxonomy":"product_brand","embeddable":true,"href":"https:\/\/teammutantecuador.com\/index.php?rest_route=%2Fwp%2Fv2%2Fproduct_brand&post=1523"},{"taxonomy":"product_cat","embeddable":true,"href":"https:\/\/teammutantecuador.com\/index.php?rest_route=%2Fwp%2Fv2%2Fproduct_cat&post=1523"},{"taxonomy":"product_tag","embeddable":true,"href":"https:\/\/teammutantecuador.com\/index.php?rest_route=%2Fwp%2Fv2%2Fproduct_tag&post=1523"}],"curies":[{"name":"wp","href":"https:\/\/api.w.org\/{rel}","templated":true}]}}