{"id":1522,"date":"2026-01-17T16:04:13","date_gmt":"2026-01-17T16:04:13","guid":{"rendered":"https:\/\/teammutantecuador.com\/?post_type=product&#038;p=1522"},"modified":"2026-01-17T16:04:16","modified_gmt":"2026-01-17T16:04:16","slug":"yk-11","status":"publish","type":"product","link":"https:\/\/teammutantecuador.com\/?product=yk-11","title":{"rendered":"YK-11"},"content":{"rendered":"<p>YK-11 se une selectivamente a los receptores de andr\u00f3genos de una manera similar a Ligandrol.\u00a0Es decir, Mutant YK-11 ofrece una gran promesa como tratamiento para enfermedades de desgaste muscular y para la promoci\u00f3n de ganancias musculares con resultados muy aceptables y notables.<\/p>\n<div class=\"woocommerce-tabs wc-tabs-wrapper container tabbed-content\">\n<div class=\"tab-panels\">\n<div id=\"tab-description\" class=\"woocommerce-Tabs-panel woocommerce-Tabs-panel--description panel entry-content active\" role=\"tabpanel\" aria-labelledby=\"tab-title-description\">\n<p class=\"p1\"><strong>YK-11 \u2013 MOMENTO DE USO RECOMENDADO \u2013 Pre entreno<\/strong><br \/>\nNo es un SARM. No es un esteroide. Es algo as\u00ed como un extra\u00f1o h\u00edbrido de los dos. Se une en parte al receptor de andr\u00f3genos, por lo que otras drogas no pueden unirse a \u00e9l, lo que aumenta la afinidad del receptor de andr\u00f3genos por otras drogas, lo que aumenta la sensibilidad del receptor de andr\u00f3genos.<\/p>\n<p class=\"p2\">Tambi\u00e9n disminuye la miostatina al aumentar la folistatina. Est\u00e1 metilado, pero la evidencia anecd\u00f3tica no muestra toxicidad hep\u00e1tica<\/p>\n<ul class=\"ul1\">\n<li class=\"li1\">YK-11 ayuda a sensibilizar nuevamente los receptores de andr\u00f3genos.<\/li>\n<\/ul>\n<p class=\"p1\">YK-11 es un modulador selectivo esteroideo del receptor de andr\u00f3genos (SARM) e inhibidor de miostatina que se populariz\u00f3 debido a su potencial para inducir niveles suprafisiol\u00f3gicos de expresi\u00f3n de folistatina.<\/p>\n<p class=\"p1\">La mayor\u00eda de los usuarios de YK11 informan incrementos impresionantes en el crecimiento muscular, ganancias de fuerza, mejoras en la composici\u00f3n corporal, y la supresi\u00f3n temporal de la producci\u00f3n natural de testosterona es el efecto secundario obvio m\u00e1s com\u00fan.<\/p>\n<p class=\"p2\"><strong>DOSIS RECOMENDADA:<\/strong><br \/>\n10mg diario \u2013 30mg<\/p>\n<\/div>\n<div id=\"tab-reviews\" class=\"woocommerce-Tabs-panel woocommerce-Tabs-panel--reviews panel entry-content \" role=\"tabpanel\" aria-labelledby=\"tab-title-reviews\">\n<div id=\"reviews\" class=\"woocommerce-Reviews row\">\n<div id=\"comments\" class=\"col large-12\">\n<h3 class=\"woocommerce-Reviews-title normal\"><\/h3>\n<p class=\"woocommerce-noreviews\">\n<\/div>\n<div id=\"review_form_wrapper\" class=\"large-12 col\">\n<div id=\"review_form\" class=\"col-inner\">\n<div class=\"review-form-inner has-border\">\n<div id=\"respond\" class=\"comment-respond\">\n<h3 id=\"reply-title\" class=\"comment-reply-title\"><\/h3>\n<form id=\"commentform\" class=\"comment-form\" action=\"https:\/\/fitmafia.co\/wp-comments-post.php\" method=\"post\" novalidate=\"\"><\/form>\n<\/div>\n<\/div>\n<\/div>\n<\/div>\n<\/div>\n<\/div>\n<\/div>\n<\/div>\n<div class=\"related related-products-wrapper product-section\"><\/div>\n<p><script async src=\"https:\/\/pagead2.googlesyndication.com\/pagead\/js\/adsbygoogle.js?client=ca-pub-2081804850646632\" crossorigin=\"anonymous\"><\/script><br \/>\n<!-- quitof1 --><br \/>\n<ins class=\"adsbygoogle\" style=\"display: block;\" data-ad-client=\"ca-pub-2081804850646632\" data-ad-slot=\"3022364569\" data-ad-format=\"auto\" data-full-width-responsive=\"true\"><\/ins><br \/>\n<script>\n     (adsbygoogle = window.adsbygoogle || []).push({});\n<\/script><\/p>\n","protected":false},"excerpt":{"rendered":"<p>YK-11 se une selectivamente a los receptores de andr\u00f3genos de una manera similar a Ligandrol.\u00a0Es decir, Mutant YK-11 ofrece una gran promesa como tratamiento para enfermedades de desgaste muscular y para la promoci\u00f3n de ganancias musculares con resultados muy aceptables y notables.<\/p>\n","protected":false},"featured_media":0,"comment_status":"open","ping_status":"closed","template":"","meta":[],"product_brand":[],"product_cat":[170],"product_tag":[193,171,175],"class_list":{"0":"post-1522","1":"product","2":"type-product","3":"status-publish","5":"product_cat-sarms","6":"product_tag-enhanced-athletic","7":"product_tag-sarms","8":"product_tag-yk-11","10":"first","11":"instock","12":"shipping-taxable","13":"purchasable","14":"product-type-simple"},"yoast_head":"<!-- This site is optimized with the Yoast SEO plugin v26.8 - https:\/\/yoast.com\/product\/yoast-seo-wordpress\/ -->\n<title>YK-11 - Team Mutan Ecuador<\/title>\n<meta name=\"description\" content=\"YK-11 se une selectivamente a los receptores de andr\u00f3genos de una manera similar a Ligandrol.\u00a0Es decir, Mutant YK-11 ofrece una gran promesa como tratamiento para enfermedades de desgaste muscular y para la promoci\u00f3n de ganancias musculares con resultados muy aceptables y notables.\" \/>\n<meta name=\"robots\" content=\"index, follow, max-snippet:-1, max-image-preview:large, max-video-preview:-1\" \/>\n<link rel=\"canonical\" href=\"https:\/\/teammutantecuador.com\/?product=yk-11\" \/>\n<meta property=\"og:locale\" content=\"es_ES\" \/>\n<meta property=\"og:type\" content=\"article\" \/>\n<meta property=\"og:title\" content=\"YK-11 - Team Mutan Ecuador\" \/>\n<meta property=\"og:description\" content=\"YK-11 se une selectivamente a los receptores de andr\u00f3genos de una manera similar a Ligandrol.\u00a0Es decir, Mutant YK-11 ofrece una gran promesa como tratamiento para enfermedades de desgaste muscular y para la promoci\u00f3n de ganancias musculares con resultados muy aceptables y notables.\" \/>\n<meta property=\"og:url\" content=\"https:\/\/teammutantecuador.com\/?product=yk-11\" \/>\n<meta property=\"og:site_name\" content=\"Team Mutan Ecuador\" \/>\n<meta property=\"article:modified_time\" content=\"2026-01-17T16:04:16+00:00\" \/>\n<meta name=\"twitter:card\" content=\"summary_large_image\" \/>\n<meta name=\"twitter:label1\" content=\"Tiempo de lectura\" \/>\n\t<meta name=\"twitter:data1\" content=\"1 minuto\" \/>\n<script type=\"application\/ld+json\" class=\"yoast-schema-graph\">{\"@context\":\"https:\/\/schema.org\",\"@graph\":[{\"@type\":\"WebPage\",\"@id\":\"https:\/\/teammutantecuador.com\/?product=yk-11\",\"url\":\"https:\/\/teammutantecuador.com\/?product=yk-11\",\"name\":\"YK-11 - Team Mutan Ecuador\",\"isPartOf\":{\"@id\":\"https:\/\/teammutantecuador.com\/#website\"},\"datePublished\":\"2026-01-17T16:04:13+00:00\",\"dateModified\":\"2026-01-17T16:04:16+00:00\",\"description\":\"YK-11 se une selectivamente a los receptores de andr\u00f3genos de una manera similar a Ligandrol.\u00a0Es decir, Mutant YK-11 ofrece una gran promesa como tratamiento para enfermedades de desgaste muscular y para la promoci\u00f3n de ganancias musculares con resultados muy aceptables y notables.\",\"breadcrumb\":{\"@id\":\"https:\/\/teammutantecuador.com\/?product=yk-11#breadcrumb\"},\"inLanguage\":\"es\",\"potentialAction\":[{\"@type\":\"ReadAction\",\"target\":[\"https:\/\/teammutantecuador.com\/?product=yk-11\"]}]},{\"@type\":\"BreadcrumbList\",\"@id\":\"https:\/\/teammutantecuador.com\/?product=yk-11#breadcrumb\",\"itemListElement\":[{\"@type\":\"ListItem\",\"position\":1,\"name\":\"Portada\",\"item\":\"https:\/\/teammutantecuador.com\/\"},{\"@type\":\"ListItem\",\"position\":2,\"name\":\"Shop\",\"item\":\"https:\/\/teammutantecuador.com\/?page_id=6\"},{\"@type\":\"ListItem\",\"position\":3,\"name\":\"YK-11\"}]},{\"@type\":\"WebSite\",\"@id\":\"https:\/\/teammutantecuador.com\/#website\",\"url\":\"https:\/\/teammutantecuador.com\/\",\"name\":\"Team Mutan Ecuador\",\"description\":\"Just another WordPress site\",\"publisher\":{\"@id\":\"https:\/\/teammutantecuador.com\/#organization\"},\"potentialAction\":[{\"@type\":\"SearchAction\",\"target\":{\"@type\":\"EntryPoint\",\"urlTemplate\":\"https:\/\/teammutantecuador.com\/?s={search_term_string}\"},\"query-input\":{\"@type\":\"PropertyValueSpecification\",\"valueRequired\":true,\"valueName\":\"search_term_string\"}}],\"inLanguage\":\"es\"},{\"@type\":\"Organization\",\"@id\":\"https:\/\/teammutantecuador.com\/#organization\",\"name\":\"Team Mutan Ecuador\",\"url\":\"https:\/\/teammutantecuador.com\/\",\"logo\":{\"@type\":\"ImageObject\",\"inLanguage\":\"es\",\"@id\":\"https:\/\/teammutantecuador.com\/#\/schema\/logo\/image\/\",\"url\":\"https:\/\/teammutantecuador.com\/wp-content\/uploads\/2026\/01\/Diseno-sin-titulo-97.png\",\"contentUrl\":\"https:\/\/teammutantecuador.com\/wp-content\/uploads\/2026\/01\/Diseno-sin-titulo-97.png\",\"width\":500,\"height\":300,\"caption\":\"Team Mutan Ecuador\"},\"image\":{\"@id\":\"https:\/\/teammutantecuador.com\/#\/schema\/logo\/image\/\"}}]}<\/script>\n<!-- \/ Yoast SEO plugin. -->","yoast_head_json":{"title":"YK-11 - Team Mutan Ecuador","description":"YK-11 se une selectivamente a los receptores de andr\u00f3genos de una manera similar a Ligandrol.\u00a0Es decir, Mutant YK-11 ofrece una gran promesa como tratamiento para enfermedades de desgaste muscular y para la promoci\u00f3n de ganancias musculares con resultados muy aceptables y notables.","robots":{"index":"index","follow":"follow","max-snippet":"max-snippet:-1","max-image-preview":"max-image-preview:large","max-video-preview":"max-video-preview:-1"},"canonical":"https:\/\/teammutantecuador.com\/?product=yk-11","og_locale":"es_ES","og_type":"article","og_title":"YK-11 - Team Mutan Ecuador","og_description":"YK-11 se une selectivamente a los receptores de andr\u00f3genos de una manera similar a Ligandrol.\u00a0Es decir, Mutant YK-11 ofrece una gran promesa como tratamiento para enfermedades de desgaste muscular y para la promoci\u00f3n de ganancias musculares con resultados muy aceptables y notables.","og_url":"https:\/\/teammutantecuador.com\/?product=yk-11","og_site_name":"Team Mutan Ecuador","article_modified_time":"2026-01-17T16:04:16+00:00","twitter_card":"summary_large_image","twitter_misc":{"Tiempo de lectura":"1 minuto"},"schema":{"@context":"https:\/\/schema.org","@graph":[{"@type":"WebPage","@id":"https:\/\/teammutantecuador.com\/?product=yk-11","url":"https:\/\/teammutantecuador.com\/?product=yk-11","name":"YK-11 - Team Mutan Ecuador","isPartOf":{"@id":"https:\/\/teammutantecuador.com\/#website"},"datePublished":"2026-01-17T16:04:13+00:00","dateModified":"2026-01-17T16:04:16+00:00","description":"YK-11 se une selectivamente a los receptores de andr\u00f3genos de una manera similar a Ligandrol.\u00a0Es decir, Mutant YK-11 ofrece una gran promesa como tratamiento para enfermedades de desgaste muscular y para la promoci\u00f3n de ganancias musculares con resultados muy aceptables y notables.","breadcrumb":{"@id":"https:\/\/teammutantecuador.com\/?product=yk-11#breadcrumb"},"inLanguage":"es","potentialAction":[{"@type":"ReadAction","target":["https:\/\/teammutantecuador.com\/?product=yk-11"]}]},{"@type":"BreadcrumbList","@id":"https:\/\/teammutantecuador.com\/?product=yk-11#breadcrumb","itemListElement":[{"@type":"ListItem","position":1,"name":"Portada","item":"https:\/\/teammutantecuador.com\/"},{"@type":"ListItem","position":2,"name":"Shop","item":"https:\/\/teammutantecuador.com\/?page_id=6"},{"@type":"ListItem","position":3,"name":"YK-11"}]},{"@type":"WebSite","@id":"https:\/\/teammutantecuador.com\/#website","url":"https:\/\/teammutantecuador.com\/","name":"Team Mutan Ecuador","description":"Just another WordPress site","publisher":{"@id":"https:\/\/teammutantecuador.com\/#organization"},"potentialAction":[{"@type":"SearchAction","target":{"@type":"EntryPoint","urlTemplate":"https:\/\/teammutantecuador.com\/?s={search_term_string}"},"query-input":{"@type":"PropertyValueSpecification","valueRequired":true,"valueName":"search_term_string"}}],"inLanguage":"es"},{"@type":"Organization","@id":"https:\/\/teammutantecuador.com\/#organization","name":"Team Mutan Ecuador","url":"https:\/\/teammutantecuador.com\/","logo":{"@type":"ImageObject","inLanguage":"es","@id":"https:\/\/teammutantecuador.com\/#\/schema\/logo\/image\/","url":"https:\/\/teammutantecuador.com\/wp-content\/uploads\/2026\/01\/Diseno-sin-titulo-97.png","contentUrl":"https:\/\/teammutantecuador.com\/wp-content\/uploads\/2026\/01\/Diseno-sin-titulo-97.png","width":500,"height":300,"caption":"Team Mutan Ecuador"},"image":{"@id":"https:\/\/teammutantecuador.com\/#\/schema\/logo\/image\/"}}]}},"_links":{"self":[{"href":"https:\/\/teammutantecuador.com\/index.php?rest_route=\/wp\/v2\/product\/1522","targetHints":{"allow":["GET"]}}],"collection":[{"href":"https:\/\/teammutantecuador.com\/index.php?rest_route=\/wp\/v2\/product"}],"about":[{"href":"https:\/\/teammutantecuador.com\/index.php?rest_route=\/wp\/v2\/types\/product"}],"replies":[{"embeddable":true,"href":"https:\/\/teammutantecuador.com\/index.php?rest_route=%2Fwp%2Fv2%2Fcomments&post=1522"}],"wp:attachment":[{"href":"https:\/\/teammutantecuador.com\/index.php?rest_route=%2Fwp%2Fv2%2Fmedia&parent=1522"}],"wp:term":[{"taxonomy":"product_brand","embeddable":true,"href":"https:\/\/teammutantecuador.com\/index.php?rest_route=%2Fwp%2Fv2%2Fproduct_brand&post=1522"},{"taxonomy":"product_cat","embeddable":true,"href":"https:\/\/teammutantecuador.com\/index.php?rest_route=%2Fwp%2Fv2%2Fproduct_cat&post=1522"},{"taxonomy":"product_tag","embeddable":true,"href":"https:\/\/teammutantecuador.com\/index.php?rest_route=%2Fwp%2Fv2%2Fproduct_tag&post=1522"}],"curies":[{"name":"wp","href":"https:\/\/api.w.org\/{rel}","templated":true}]}}