{"id":1521,"date":"2026-01-17T16:04:13","date_gmt":"2026-01-17T16:04:13","guid":{"rendered":"https:\/\/teammutantecuador.com\/?post_type=product&#038;p=1521"},"modified":"2026-01-17T16:04:15","modified_gmt":"2026-01-17T16:04:15","slug":"cardarine-gw501516-endurobol","status":"publish","type":"product","link":"https:\/\/teammutantecuador.com\/?product=cardarine-gw501516-endurobol","title":{"rendered":"Cardarine \u2013 GW501516 \/ Endurobol"},"content":{"rendered":"<p><span><strong>Cardarine <\/strong>GW501516 es un agonista selectivo (activador) del receptor PPARo.\u00a0Muestra alta afinidad (Ki = 1 nM) y potencia (EC50 = 1 nM) para PPARo con una selectividad&gt; 1000 veces superior a PPARa y PPARy.<\/span><\/p>\n<p><span>En ratas, la uni\u00f3n de GW501516 a PPARo recluta al coactivador PGC-1a.\u00a0El complejo PPARo \/ coactivador a su vez regula al alza la expresi\u00f3n de prote\u00ednas implicadas en el gasto energ\u00e9tico.<\/span><\/p>\n<p><strong>Cardarine\u00a0<\/strong>es un suplemento no hormonal perfecto para hombres y mujeres y con profundos efectos sobre la resistencia y la p\u00e9rdida de grasa que no puede ser comparado con ninguna otra cosa disponible en la actualidad. Al mejorar la capacidad de recuperarse permite alcanzar unos niveles m\u00e1s altos de rendimiento por lo que se puede entrenar durante m\u00e1s tiempo sin efectos sobre la fatiga.<\/p>\n<p>Fusion\u00a0<strong>Cardarine<\/strong>\u00a0introduce uno de los ingredientes m\u00e1s interesantes en el mundo de la nutrici\u00f3n deportiva con el GW-501516, y en una dosis m\u00e1s alta que cualquier otro producto de la competencia.<\/p>\n<ul class=\"benefits-list\">\n<li class=\"benefit\"><span class=\"benefit-text\"><span class=\"goog-text-highlight\">P\u00e9rdida de grasa dram\u00e1tica con mejoras visibles de la vascularidad<\/span><\/span><\/li>\n<li class=\"benefit\"><span class=\"benefit-text\">Sensacional efecto sobre los niveles de resistencia<\/span><\/li>\n<li class=\"benefit\"><span class=\"benefit-text\">No es hormonal<\/span><\/li>\n<li class=\"benefit\"><span class=\"benefit-text\">Las investigaciones demuestran ampliamente beneficios tanto para la salud como deportivos<\/span><\/li>\n<li class=\"benefit\"><span class=\"benefit-text\">Reducci\u00f3n en la percepci\u00f3n del esfuerzo lo que permite entrenamientos m\u00e1s largos y mejores<\/span><\/li>\n<li class=\"benefit\"><span class=\"benefit-text\">Vers\u00e1til \u2013 Se pueden combinar con casi cualquier cosa para mejorar tus resultados<\/span><\/li>\n<\/ul>\n<p>Ingesta:<br \/>\n10 a 20mg diarios, 1 hora antes del entrenamiento para mejores resultados.<br \/>\n<script async src=\"https:\/\/pagead2.googlesyndication.com\/pagead\/js\/adsbygoogle.js?client=ca-pub-2081804850646632\"\n     crossorigin=\"anonymous\"><\/script><br \/>\n<!-- quitof1 --><br \/>\n<ins class=\"adsbygoogle\"\n     style=\"display:block\"\n     data-ad-client=\"ca-pub-2081804850646632\"\n     data-ad-slot=\"3022364569\"\n     data-ad-format=\"auto\"\n     data-full-width-responsive=\"true\"><\/ins><br \/>\n<script>\n     (adsbygoogle = window.adsbygoogle || []).push({});\n<\/script><\/p>\n","protected":false},"excerpt":{"rendered":"<p><strong>Cardarine\u00a0<\/strong>es un suplemento no hormonal perfecto para hombres y mujeres y con profundos efectos sobre la resistencia y la p\u00e9rdida de grasa que no puede ser comparado con ninguna otra cosa disponible en la actualidad. Al mejorar la capacidad de recuperarse permite alcanzar unos niveles m\u00e1s altos de rendimiento por lo que se puede entrenar durante m\u00e1s tiempo sin efectos sobre la fatiga.<\/p>\n","protected":false},"featured_media":0,"comment_status":"open","ping_status":"closed","template":"","meta":[],"product_brand":[],"product_cat":[170],"product_tag":[176,193,171],"class_list":{"0":"post-1521","1":"product","2":"type-product","3":"status-publish","5":"product_cat-sarms","6":"product_tag-cardarine","7":"product_tag-enhanced-athletic","8":"product_tag-sarms","10":"first","11":"instock","12":"shipping-taxable","13":"purchasable","14":"product-type-simple"},"yoast_head":"<!-- This site is optimized with the Yoast SEO plugin v26.8 - https:\/\/yoast.com\/product\/yoast-seo-wordpress\/ -->\n<title>Cardarine \u2013 GW501516 \/ Endurobol - Team Mutan Ecuador<\/title>\n<meta name=\"description\" content=\"Cardarine\u00a0es un suplemento no hormonal perfecto para hombres y mujeres y con profundos efectos sobre la resistencia y la p\u00e9rdida de grasa que no puede ser comparado con ninguna otra cosa disponible en la actualidad. Al mejorar la capacidad de recuperarse permite alcanzar unos niveles m\u00e1s altos de rendimiento por lo que se puede entrenar durante m\u00e1s tiempo sin efectos sobre la fatiga.\" \/>\n<meta name=\"robots\" content=\"index, follow, max-snippet:-1, max-image-preview:large, max-video-preview:-1\" \/>\n<link rel=\"canonical\" href=\"https:\/\/teammutantecuador.com\/?product=cardarine-gw501516-endurobol\" \/>\n<meta property=\"og:locale\" content=\"es_ES\" \/>\n<meta property=\"og:type\" content=\"article\" \/>\n<meta property=\"og:title\" content=\"Cardarine \u2013 GW501516 \/ Endurobol - Team Mutan Ecuador\" \/>\n<meta property=\"og:description\" content=\"Cardarine\u00a0es un suplemento no hormonal perfecto para hombres y mujeres y con profundos efectos sobre la resistencia y la p\u00e9rdida de grasa que no puede ser comparado con ninguna otra cosa disponible en la actualidad. Al mejorar la capacidad de recuperarse permite alcanzar unos niveles m\u00e1s altos de rendimiento por lo que se puede entrenar durante m\u00e1s tiempo sin efectos sobre la fatiga.\" \/>\n<meta property=\"og:url\" content=\"https:\/\/teammutantecuador.com\/?product=cardarine-gw501516-endurobol\" \/>\n<meta property=\"og:site_name\" content=\"Team Mutan Ecuador\" \/>\n<meta property=\"article:modified_time\" content=\"2026-01-17T16:04:15+00:00\" \/>\n<meta name=\"twitter:card\" content=\"summary_large_image\" \/>\n<meta name=\"twitter:label1\" content=\"Tiempo de lectura\" \/>\n\t<meta name=\"twitter:data1\" content=\"1 minuto\" \/>\n<script type=\"application\/ld+json\" class=\"yoast-schema-graph\">{\"@context\":\"https:\/\/schema.org\",\"@graph\":[{\"@type\":\"WebPage\",\"@id\":\"https:\/\/teammutantecuador.com\/?product=cardarine-gw501516-endurobol\",\"url\":\"https:\/\/teammutantecuador.com\/?product=cardarine-gw501516-endurobol\",\"name\":\"Cardarine \u2013 GW501516 \/ Endurobol - Team Mutan Ecuador\",\"isPartOf\":{\"@id\":\"https:\/\/teammutantecuador.com\/#website\"},\"datePublished\":\"2026-01-17T16:04:13+00:00\",\"dateModified\":\"2026-01-17T16:04:15+00:00\",\"description\":\"Cardarine\u00a0es un suplemento no hormonal perfecto para hombres y mujeres y con profundos efectos sobre la resistencia y la p\u00e9rdida de grasa que no puede ser comparado con ninguna otra cosa disponible en la actualidad. Al mejorar la capacidad de recuperarse permite alcanzar unos niveles m\u00e1s altos de rendimiento por lo que se puede entrenar durante m\u00e1s tiempo sin efectos sobre la fatiga.\",\"breadcrumb\":{\"@id\":\"https:\/\/teammutantecuador.com\/?product=cardarine-gw501516-endurobol#breadcrumb\"},\"inLanguage\":\"es\",\"potentialAction\":[{\"@type\":\"ReadAction\",\"target\":[\"https:\/\/teammutantecuador.com\/?product=cardarine-gw501516-endurobol\"]}]},{\"@type\":\"BreadcrumbList\",\"@id\":\"https:\/\/teammutantecuador.com\/?product=cardarine-gw501516-endurobol#breadcrumb\",\"itemListElement\":[{\"@type\":\"ListItem\",\"position\":1,\"name\":\"Portada\",\"item\":\"https:\/\/teammutantecuador.com\/\"},{\"@type\":\"ListItem\",\"position\":2,\"name\":\"Shop\",\"item\":\"https:\/\/teammutantecuador.com\/?page_id=6\"},{\"@type\":\"ListItem\",\"position\":3,\"name\":\"Cardarine \u2013 GW501516 \/ Endurobol\"}]},{\"@type\":\"WebSite\",\"@id\":\"https:\/\/teammutantecuador.com\/#website\",\"url\":\"https:\/\/teammutantecuador.com\/\",\"name\":\"Team Mutan Ecuador\",\"description\":\"Just another WordPress site\",\"publisher\":{\"@id\":\"https:\/\/teammutantecuador.com\/#organization\"},\"potentialAction\":[{\"@type\":\"SearchAction\",\"target\":{\"@type\":\"EntryPoint\",\"urlTemplate\":\"https:\/\/teammutantecuador.com\/?s={search_term_string}\"},\"query-input\":{\"@type\":\"PropertyValueSpecification\",\"valueRequired\":true,\"valueName\":\"search_term_string\"}}],\"inLanguage\":\"es\"},{\"@type\":\"Organization\",\"@id\":\"https:\/\/teammutantecuador.com\/#organization\",\"name\":\"Team Mutan Ecuador\",\"url\":\"https:\/\/teammutantecuador.com\/\",\"logo\":{\"@type\":\"ImageObject\",\"inLanguage\":\"es\",\"@id\":\"https:\/\/teammutantecuador.com\/#\/schema\/logo\/image\/\",\"url\":\"https:\/\/teammutantecuador.com\/wp-content\/uploads\/2026\/01\/Diseno-sin-titulo-97.png\",\"contentUrl\":\"https:\/\/teammutantecuador.com\/wp-content\/uploads\/2026\/01\/Diseno-sin-titulo-97.png\",\"width\":500,\"height\":300,\"caption\":\"Team Mutan Ecuador\"},\"image\":{\"@id\":\"https:\/\/teammutantecuador.com\/#\/schema\/logo\/image\/\"}}]}<\/script>\n<!-- \/ Yoast SEO plugin. -->","yoast_head_json":{"title":"Cardarine \u2013 GW501516 \/ Endurobol - Team Mutan Ecuador","description":"Cardarine\u00a0es un suplemento no hormonal perfecto para hombres y mujeres y con profundos efectos sobre la resistencia y la p\u00e9rdida de grasa que no puede ser comparado con ninguna otra cosa disponible en la actualidad. Al mejorar la capacidad de recuperarse permite alcanzar unos niveles m\u00e1s altos de rendimiento por lo que se puede entrenar durante m\u00e1s tiempo sin efectos sobre la fatiga.","robots":{"index":"index","follow":"follow","max-snippet":"max-snippet:-1","max-image-preview":"max-image-preview:large","max-video-preview":"max-video-preview:-1"},"canonical":"https:\/\/teammutantecuador.com\/?product=cardarine-gw501516-endurobol","og_locale":"es_ES","og_type":"article","og_title":"Cardarine \u2013 GW501516 \/ Endurobol - Team Mutan Ecuador","og_description":"Cardarine\u00a0es un suplemento no hormonal perfecto para hombres y mujeres y con profundos efectos sobre la resistencia y la p\u00e9rdida de grasa que no puede ser comparado con ninguna otra cosa disponible en la actualidad. Al mejorar la capacidad de recuperarse permite alcanzar unos niveles m\u00e1s altos de rendimiento por lo que se puede entrenar durante m\u00e1s tiempo sin efectos sobre la fatiga.","og_url":"https:\/\/teammutantecuador.com\/?product=cardarine-gw501516-endurobol","og_site_name":"Team Mutan Ecuador","article_modified_time":"2026-01-17T16:04:15+00:00","twitter_card":"summary_large_image","twitter_misc":{"Tiempo de lectura":"1 minuto"},"schema":{"@context":"https:\/\/schema.org","@graph":[{"@type":"WebPage","@id":"https:\/\/teammutantecuador.com\/?product=cardarine-gw501516-endurobol","url":"https:\/\/teammutantecuador.com\/?product=cardarine-gw501516-endurobol","name":"Cardarine \u2013 GW501516 \/ Endurobol - Team Mutan Ecuador","isPartOf":{"@id":"https:\/\/teammutantecuador.com\/#website"},"datePublished":"2026-01-17T16:04:13+00:00","dateModified":"2026-01-17T16:04:15+00:00","description":"Cardarine\u00a0es un suplemento no hormonal perfecto para hombres y mujeres y con profundos efectos sobre la resistencia y la p\u00e9rdida de grasa que no puede ser comparado con ninguna otra cosa disponible en la actualidad. Al mejorar la capacidad de recuperarse permite alcanzar unos niveles m\u00e1s altos de rendimiento por lo que se puede entrenar durante m\u00e1s tiempo sin efectos sobre la fatiga.","breadcrumb":{"@id":"https:\/\/teammutantecuador.com\/?product=cardarine-gw501516-endurobol#breadcrumb"},"inLanguage":"es","potentialAction":[{"@type":"ReadAction","target":["https:\/\/teammutantecuador.com\/?product=cardarine-gw501516-endurobol"]}]},{"@type":"BreadcrumbList","@id":"https:\/\/teammutantecuador.com\/?product=cardarine-gw501516-endurobol#breadcrumb","itemListElement":[{"@type":"ListItem","position":1,"name":"Portada","item":"https:\/\/teammutantecuador.com\/"},{"@type":"ListItem","position":2,"name":"Shop","item":"https:\/\/teammutantecuador.com\/?page_id=6"},{"@type":"ListItem","position":3,"name":"Cardarine \u2013 GW501516 \/ Endurobol"}]},{"@type":"WebSite","@id":"https:\/\/teammutantecuador.com\/#website","url":"https:\/\/teammutantecuador.com\/","name":"Team Mutan Ecuador","description":"Just another WordPress site","publisher":{"@id":"https:\/\/teammutantecuador.com\/#organization"},"potentialAction":[{"@type":"SearchAction","target":{"@type":"EntryPoint","urlTemplate":"https:\/\/teammutantecuador.com\/?s={search_term_string}"},"query-input":{"@type":"PropertyValueSpecification","valueRequired":true,"valueName":"search_term_string"}}],"inLanguage":"es"},{"@type":"Organization","@id":"https:\/\/teammutantecuador.com\/#organization","name":"Team Mutan Ecuador","url":"https:\/\/teammutantecuador.com\/","logo":{"@type":"ImageObject","inLanguage":"es","@id":"https:\/\/teammutantecuador.com\/#\/schema\/logo\/image\/","url":"https:\/\/teammutantecuador.com\/wp-content\/uploads\/2026\/01\/Diseno-sin-titulo-97.png","contentUrl":"https:\/\/teammutantecuador.com\/wp-content\/uploads\/2026\/01\/Diseno-sin-titulo-97.png","width":500,"height":300,"caption":"Team Mutan Ecuador"},"image":{"@id":"https:\/\/teammutantecuador.com\/#\/schema\/logo\/image\/"}}]}},"_links":{"self":[{"href":"https:\/\/teammutantecuador.com\/index.php?rest_route=\/wp\/v2\/product\/1521","targetHints":{"allow":["GET"]}}],"collection":[{"href":"https:\/\/teammutantecuador.com\/index.php?rest_route=\/wp\/v2\/product"}],"about":[{"href":"https:\/\/teammutantecuador.com\/index.php?rest_route=\/wp\/v2\/types\/product"}],"replies":[{"embeddable":true,"href":"https:\/\/teammutantecuador.com\/index.php?rest_route=%2Fwp%2Fv2%2Fcomments&post=1521"}],"wp:attachment":[{"href":"https:\/\/teammutantecuador.com\/index.php?rest_route=%2Fwp%2Fv2%2Fmedia&parent=1521"}],"wp:term":[{"taxonomy":"product_brand","embeddable":true,"href":"https:\/\/teammutantecuador.com\/index.php?rest_route=%2Fwp%2Fv2%2Fproduct_brand&post=1521"},{"taxonomy":"product_cat","embeddable":true,"href":"https:\/\/teammutantecuador.com\/index.php?rest_route=%2Fwp%2Fv2%2Fproduct_cat&post=1521"},{"taxonomy":"product_tag","embeddable":true,"href":"https:\/\/teammutantecuador.com\/index.php?rest_route=%2Fwp%2Fv2%2Fproduct_tag&post=1521"}],"curies":[{"name":"wp","href":"https:\/\/api.w.org\/{rel}","templated":true}]}}