{"id":1520,"date":"2026-01-17T16:04:13","date_gmt":"2026-01-17T16:04:13","guid":{"rendered":"https:\/\/teammutantecuador.com\/?post_type=product&#038;p=1520"},"modified":"2026-01-17T16:04:15","modified_gmt":"2026-01-17T16:04:15","slug":"ligandrol-lgd-4033","status":"publish","type":"product","link":"https:\/\/teammutantecuador.com\/?product=ligandrol-lgd-4033","title":{"rendered":"Ligandrol \u2013 LGD-4033"},"content":{"rendered":"<p><span><strong>Ligandrol LGD-4033<\/strong> pertenece a una clase de receptores tisulares que son selectivos para los tejidos, desarrollados para tratar la atrofia muscular asociada con el c\u00e1ncer, enfermedades agudas y cr\u00f3nicas y p\u00e9rdida de masa muscular relacionada con la edad.<\/span><\/p>\n<p><span>Se espera que LGD-4033 produzca los beneficios terap\u00e9uticos de la testosterona con mayor seguridad, tolerabilidad y aceptaci\u00f3n por parte del paciente debido al mecanismo de acci\u00f3n selectivo de tejido y una v\u00eda de administraci\u00f3n oral.<\/span><\/p>\n<p><strong>BENEFICIOS<\/strong><\/p>\n<ul>\n<li>Ganancias de fuerza extrema<\/li>\n<li>Ganancias de masa<\/li>\n<li>Mejora en la recuperaci\u00f3n<\/li>\n<li>No efectos colaterales<\/li>\n<\/ul>\n<p>De hecho, es uno de los <strong>SARM<\/strong> m\u00e1s nuevos que han aparecido, y es el <strong>SARM<\/strong> m\u00e1s cercano que puede equipararse a un esteroide anab\u00f3lico cuando se trata de la fuerza pura. Por lo tanto, es el mg de <strong>SARM<\/strong> m\u00e1s fuerte para mg en t\u00e9rminos de la masa que puede poner.<\/p>\n<p><strong>C\u00d3MO FUNCIONA<\/strong><\/p>\n<p>Funciona al unirse selectivamente a los receptores de andr\u00f3genos, lo que significa que crea actividad anab\u00f3lica solo en los huesos y los m\u00fasculos, en lugar de da\u00f1ar la pr\u00f3stata y las gl\u00e1ndulas seb\u00e1ceas, como lo hacen los esteroides anab\u00f3licos. De hecho, los estudios en humanos voluntarios han demostrado que LGD 4033 era inofensivo cuando se usaba con una dosis menor a 22 miligramos (mg) por d\u00eda. Adem\u00e1s, los estudios tambi\u00e9n mostraron que LGD aumenta la masa muscular magra y disminuye la grasa corporal; todo lo cual viene con una capacidad incre\u00edble para aumentar la fuerza, la recuperaci\u00f3n y la salud en general.<\/p>\n<p><strong>USOS ATL\u00c9TICOS<\/strong><\/p>\n<p>Como se mencion\u00f3 anteriormente, LGD4033 es el SARM m\u00e1s potente de su clase y el m\u00e1s cercano a los esteroides anab\u00f3licos. Sin embargo, viene sin los duros efectos secundarios y la supresi\u00f3n severa de los esteroides androg\u00e9nicos anab\u00f3licos (AAS). Por lo tanto, los atletas que compiten en deportes de fuerza (f\u00fatbol americano, deportes de campo, rugby, hockey y levantamiento de pesas) apreciar\u00e1n m\u00e1s a LGD.<\/p>\n<p>Adem\u00e1s, a los levantadores de potencia les encanta LGD debido a sus mejoras de fuerza r\u00e1pidas; por lo general, al administrar dosis de solo 10 mg por d\u00eda durante menos de 8 semanas, notar\u00e1n mejoras notables en sus levantamientos en general.<\/p>\n<p>Curiosamente, aunque no es conocida por sus propiedades curativas, LGD no destruye los tejidos blandos como los esteroides anab\u00f3licos, sino que los mantiene fuertes debido a su capacidad para unirse a los receptores en los huesos. Por lo tanto, al igual que con todos los SARM, hay una gran cantidad de versatilidad con LGD, que se puede ejecutar en solitario, o apilada con otros SARMS y \/ o esteroides anab\u00f3licos. Como resultado, el atleta tiene muchas opciones diferentes seg\u00fan sus objetivos.<\/p>\n<p><strong>COMBINACIONES<\/strong><\/p>\n<p>Hay algunas formas de acumular LGD-4033, y cada una de ellas ofrece un conjunto diferente de beneficios para el atleta.<\/p>\n<p>1. <strong>Bulking<\/strong>: LGD es el mejor SARM de su clase cuando se trata de aumentar la carga, y 10 mg por d\u00eda durante 8 semanas ser\u00e1 suficiente como una carrera en solitario. Sin embargo, algunos atletas experimentados ir\u00e1n tan alto como 15 o 20 mg por d\u00eda. Durante un ciclo de acopio con LGD, es esencial asegurarse de subir las calor\u00edas y el peso del entrenamiento al menos 3-4 veces por semana.<\/p>\n<p>2. <strong>P\u00e9rdida de grasa<\/strong>: una buena combinacion de corte ser\u00eda la combinaci\u00f3n de LGD a 5 mg por d\u00eda con las dosis promedio de andarina S4 y cardarine GW. El uso de LGD por s\u00ed solo no se recomienda para cortar, ya que tiene que trabajar en sinergia con otros SARM para este fin.<\/p>\n<p>3. Pila de esteroides anab\u00f3licos: LGD se puede combinar como parte de su ciclo de esteroides anab\u00f3licos para agregar ganancias y fuerza muscular sin efectos secundarios adicionales. Para esto, puede agregar entre 3 y 15 mg por d\u00eda de LGD en su ciclo de esteroides.<\/p>\n<p>4. Recompensaci\u00f3n: recompensaci\u00f3n es hecho por aquellos que buscan agregar masa muscular magra y quemar grasa corporal al mismo tiempo. LGD es muy bueno en esto cuando se ejecuta en conjunto con cardarine, una dieta estricta, cardio y entrenamiento con pesas.<\/p>\n<p>5. Pila de puentes de SARM: LGD se usa popularmente en un puente con S4 para ayudar a mantener las ganancias y la fuerza entre ciclos de esteroides. Ejecute 3-5 mg por d\u00eda de LGD, y una dosis moderada de S4 junto con HCG. LGD no debe utilizarse durante la terapia posterior al ciclo (PCT).<\/p>\n<p><strong>MEDIA VIDA, USO Y DOSIFICACI\u00d3N<\/strong><\/p>\n<p>La vida media de LGD4033 es bastante larga en comparaci\u00f3n con otros <strong>SARM<\/strong>, entre 26 y 38 horas. LGD es extremadamente potente, por lo que una peque\u00f1a dosis es todo lo que necesita: la dosis promedio es de 10 mg por d\u00eda y la duraci\u00f3n del ciclo es generalmente de 8 semanas. No obstante, el rango de dosificaci\u00f3n est\u00e1 sujeto a la discreci\u00f3n del usuario, que puede llegar hasta 2 mg por d\u00eda y hasta 20 mg.<\/p>\n<p>Con respecto al uso adecuado de LGD en forma l\u00edquida, se debe ingerir: simplemente vierta el l\u00edquido en la boca, trague de inmediato, luego persiga con un poco de jugo o agua ya que el sabor puede ser desagradable. No es necesario mantener los <strong>SARM<\/strong> debajo de la lengua, y nunca debe mezclarlos en una taza con otros l\u00edquidos.<\/p>\n<p><script async src=\"https:\/\/pagead2.googlesyndication.com\/pagead\/js\/adsbygoogle.js?client=ca-pub-2081804850646632\"\n     crossorigin=\"anonymous\"><\/script><br \/>\n<!-- quitof1 --><br \/>\n<ins class=\"adsbygoogle\"\n     style=\"display:block\"\n     data-ad-client=\"ca-pub-2081804850646632\"\n     data-ad-slot=\"3022364569\"\n     data-ad-format=\"auto\"\n     data-full-width-responsive=\"true\"><\/ins><br \/>\n<script>\n     (adsbygoogle = window.adsbygoogle || []).push({});\n<\/script><\/p>\n","protected":false},"excerpt":{"rendered":"<p>Ligandrol\u00a0 LGD-4033 pertenece a una clase de receptores tisulares que son selectivos para los tejidos, desarrollados para tratar la atrofia muscular asociada con el c\u00e1ncer, enfermedades agudas y cr\u00f3nicas y p\u00e9rdida de masa muscular relacionada con la edad.<\/p>\n<p><strong>BENEFICIOS<\/strong><\/p>\n<ul>\n<li>Ganancias de fuerza extrema<\/li>\n<li>Ganancias de masa<\/li>\n<li>Mejora en la recuperaci\u00f3n<\/li>\n<li>No efectos colaterales<\/li>\n<\/ul>\n","protected":false},"featured_media":0,"comment_status":"open","ping_status":"closed","template":"","meta":[],"product_brand":[],"product_cat":[170],"product_tag":[193,194,171],"class_list":{"0":"post-1520","1":"product","2":"type-product","3":"status-publish","5":"product_cat-sarms","6":"product_tag-enhanced-athletic","7":"product_tag-ligandrol","8":"product_tag-sarms","10":"first","11":"instock","12":"shipping-taxable","13":"purchasable","14":"product-type-simple"},"yoast_head":"<!-- This site is optimized with the Yoast SEO plugin v26.8 - https:\/\/yoast.com\/product\/yoast-seo-wordpress\/ -->\n<title>Ligandrol \u2013 LGD-4033 - Team Mutan Ecuador<\/title>\n<meta name=\"description\" content=\"Ligandrol LGD-4033 pertenece a una clase de receptores tisulares que son selectivos para los tejidos, desarrollados para tratar la atrofia muscular asociada con el c\u00e1ncer, enfermedades agudas y cr\u00f3nicas y p\u00e9rdida de masa muscular relacionada con la edad.\" \/>\n<meta name=\"robots\" content=\"index, follow, max-snippet:-1, max-image-preview:large, max-video-preview:-1\" \/>\n<link rel=\"canonical\" href=\"https:\/\/teammutantecuador.com\/?product=ligandrol-lgd-4033\" \/>\n<meta property=\"og:locale\" content=\"es_ES\" \/>\n<meta property=\"og:type\" content=\"article\" \/>\n<meta property=\"og:title\" content=\"Ligandrol \u2013 LGD-4033 - Team Mutan Ecuador\" \/>\n<meta property=\"og:description\" content=\"Ligandrol LGD-4033 pertenece a una clase de receptores tisulares que son selectivos para los tejidos, desarrollados para tratar la atrofia muscular asociada con el c\u00e1ncer, enfermedades agudas y cr\u00f3nicas y p\u00e9rdida de masa muscular relacionada con la edad.\" \/>\n<meta property=\"og:url\" content=\"https:\/\/teammutantecuador.com\/?product=ligandrol-lgd-4033\" \/>\n<meta property=\"og:site_name\" content=\"Team Mutan Ecuador\" \/>\n<meta property=\"article:modified_time\" content=\"2026-01-17T16:04:15+00:00\" \/>\n<meta name=\"twitter:card\" content=\"summary_large_image\" \/>\n<meta name=\"twitter:label1\" content=\"Tiempo de lectura\" \/>\n\t<meta name=\"twitter:data1\" content=\"5 minutos\" \/>\n<script type=\"application\/ld+json\" class=\"yoast-schema-graph\">{\"@context\":\"https:\/\/schema.org\",\"@graph\":[{\"@type\":\"WebPage\",\"@id\":\"https:\/\/teammutantecuador.com\/?product=ligandrol-lgd-4033\",\"url\":\"https:\/\/teammutantecuador.com\/?product=ligandrol-lgd-4033\",\"name\":\"Ligandrol \u2013 LGD-4033 - Team Mutan Ecuador\",\"isPartOf\":{\"@id\":\"https:\/\/teammutantecuador.com\/#website\"},\"datePublished\":\"2026-01-17T16:04:13+00:00\",\"dateModified\":\"2026-01-17T16:04:15+00:00\",\"description\":\"Ligandrol LGD-4033 pertenece a una clase de receptores tisulares que son selectivos para los tejidos, desarrollados para tratar la atrofia muscular asociada con el c\u00e1ncer, enfermedades agudas y cr\u00f3nicas y p\u00e9rdida de masa muscular relacionada con la edad.\",\"breadcrumb\":{\"@id\":\"https:\/\/teammutantecuador.com\/?product=ligandrol-lgd-4033#breadcrumb\"},\"inLanguage\":\"es\",\"potentialAction\":[{\"@type\":\"ReadAction\",\"target\":[\"https:\/\/teammutantecuador.com\/?product=ligandrol-lgd-4033\"]}]},{\"@type\":\"BreadcrumbList\",\"@id\":\"https:\/\/teammutantecuador.com\/?product=ligandrol-lgd-4033#breadcrumb\",\"itemListElement\":[{\"@type\":\"ListItem\",\"position\":1,\"name\":\"Portada\",\"item\":\"https:\/\/teammutantecuador.com\/\"},{\"@type\":\"ListItem\",\"position\":2,\"name\":\"Shop\",\"item\":\"https:\/\/teammutantecuador.com\/?page_id=6\"},{\"@type\":\"ListItem\",\"position\":3,\"name\":\"Ligandrol \u2013 LGD-4033\"}]},{\"@type\":\"WebSite\",\"@id\":\"https:\/\/teammutantecuador.com\/#website\",\"url\":\"https:\/\/teammutantecuador.com\/\",\"name\":\"Team Mutan Ecuador\",\"description\":\"Just another WordPress site\",\"publisher\":{\"@id\":\"https:\/\/teammutantecuador.com\/#organization\"},\"potentialAction\":[{\"@type\":\"SearchAction\",\"target\":{\"@type\":\"EntryPoint\",\"urlTemplate\":\"https:\/\/teammutantecuador.com\/?s={search_term_string}\"},\"query-input\":{\"@type\":\"PropertyValueSpecification\",\"valueRequired\":true,\"valueName\":\"search_term_string\"}}],\"inLanguage\":\"es\"},{\"@type\":\"Organization\",\"@id\":\"https:\/\/teammutantecuador.com\/#organization\",\"name\":\"Team Mutan Ecuador\",\"url\":\"https:\/\/teammutantecuador.com\/\",\"logo\":{\"@type\":\"ImageObject\",\"inLanguage\":\"es\",\"@id\":\"https:\/\/teammutantecuador.com\/#\/schema\/logo\/image\/\",\"url\":\"https:\/\/teammutantecuador.com\/wp-content\/uploads\/2026\/01\/Diseno-sin-titulo-97.png\",\"contentUrl\":\"https:\/\/teammutantecuador.com\/wp-content\/uploads\/2026\/01\/Diseno-sin-titulo-97.png\",\"width\":500,\"height\":300,\"caption\":\"Team Mutan Ecuador\"},\"image\":{\"@id\":\"https:\/\/teammutantecuador.com\/#\/schema\/logo\/image\/\"}}]}<\/script>\n<!-- \/ Yoast SEO plugin. -->","yoast_head_json":{"title":"Ligandrol \u2013 LGD-4033 - Team Mutan Ecuador","description":"Ligandrol LGD-4033 pertenece a una clase de receptores tisulares que son selectivos para los tejidos, desarrollados para tratar la atrofia muscular asociada con el c\u00e1ncer, enfermedades agudas y cr\u00f3nicas y p\u00e9rdida de masa muscular relacionada con la edad.","robots":{"index":"index","follow":"follow","max-snippet":"max-snippet:-1","max-image-preview":"max-image-preview:large","max-video-preview":"max-video-preview:-1"},"canonical":"https:\/\/teammutantecuador.com\/?product=ligandrol-lgd-4033","og_locale":"es_ES","og_type":"article","og_title":"Ligandrol \u2013 LGD-4033 - Team Mutan Ecuador","og_description":"Ligandrol LGD-4033 pertenece a una clase de receptores tisulares que son selectivos para los tejidos, desarrollados para tratar la atrofia muscular asociada con el c\u00e1ncer, enfermedades agudas y cr\u00f3nicas y p\u00e9rdida de masa muscular relacionada con la edad.","og_url":"https:\/\/teammutantecuador.com\/?product=ligandrol-lgd-4033","og_site_name":"Team Mutan Ecuador","article_modified_time":"2026-01-17T16:04:15+00:00","twitter_card":"summary_large_image","twitter_misc":{"Tiempo de lectura":"5 minutos"},"schema":{"@context":"https:\/\/schema.org","@graph":[{"@type":"WebPage","@id":"https:\/\/teammutantecuador.com\/?product=ligandrol-lgd-4033","url":"https:\/\/teammutantecuador.com\/?product=ligandrol-lgd-4033","name":"Ligandrol \u2013 LGD-4033 - Team Mutan Ecuador","isPartOf":{"@id":"https:\/\/teammutantecuador.com\/#website"},"datePublished":"2026-01-17T16:04:13+00:00","dateModified":"2026-01-17T16:04:15+00:00","description":"Ligandrol LGD-4033 pertenece a una clase de receptores tisulares que son selectivos para los tejidos, desarrollados para tratar la atrofia muscular asociada con el c\u00e1ncer, enfermedades agudas y cr\u00f3nicas y p\u00e9rdida de masa muscular relacionada con la edad.","breadcrumb":{"@id":"https:\/\/teammutantecuador.com\/?product=ligandrol-lgd-4033#breadcrumb"},"inLanguage":"es","potentialAction":[{"@type":"ReadAction","target":["https:\/\/teammutantecuador.com\/?product=ligandrol-lgd-4033"]}]},{"@type":"BreadcrumbList","@id":"https:\/\/teammutantecuador.com\/?product=ligandrol-lgd-4033#breadcrumb","itemListElement":[{"@type":"ListItem","position":1,"name":"Portada","item":"https:\/\/teammutantecuador.com\/"},{"@type":"ListItem","position":2,"name":"Shop","item":"https:\/\/teammutantecuador.com\/?page_id=6"},{"@type":"ListItem","position":3,"name":"Ligandrol \u2013 LGD-4033"}]},{"@type":"WebSite","@id":"https:\/\/teammutantecuador.com\/#website","url":"https:\/\/teammutantecuador.com\/","name":"Team Mutan Ecuador","description":"Just another WordPress site","publisher":{"@id":"https:\/\/teammutantecuador.com\/#organization"},"potentialAction":[{"@type":"SearchAction","target":{"@type":"EntryPoint","urlTemplate":"https:\/\/teammutantecuador.com\/?s={search_term_string}"},"query-input":{"@type":"PropertyValueSpecification","valueRequired":true,"valueName":"search_term_string"}}],"inLanguage":"es"},{"@type":"Organization","@id":"https:\/\/teammutantecuador.com\/#organization","name":"Team Mutan Ecuador","url":"https:\/\/teammutantecuador.com\/","logo":{"@type":"ImageObject","inLanguage":"es","@id":"https:\/\/teammutantecuador.com\/#\/schema\/logo\/image\/","url":"https:\/\/teammutantecuador.com\/wp-content\/uploads\/2026\/01\/Diseno-sin-titulo-97.png","contentUrl":"https:\/\/teammutantecuador.com\/wp-content\/uploads\/2026\/01\/Diseno-sin-titulo-97.png","width":500,"height":300,"caption":"Team Mutan Ecuador"},"image":{"@id":"https:\/\/teammutantecuador.com\/#\/schema\/logo\/image\/"}}]}},"_links":{"self":[{"href":"https:\/\/teammutantecuador.com\/index.php?rest_route=\/wp\/v2\/product\/1520","targetHints":{"allow":["GET"]}}],"collection":[{"href":"https:\/\/teammutantecuador.com\/index.php?rest_route=\/wp\/v2\/product"}],"about":[{"href":"https:\/\/teammutantecuador.com\/index.php?rest_route=\/wp\/v2\/types\/product"}],"replies":[{"embeddable":true,"href":"https:\/\/teammutantecuador.com\/index.php?rest_route=%2Fwp%2Fv2%2Fcomments&post=1520"}],"wp:attachment":[{"href":"https:\/\/teammutantecuador.com\/index.php?rest_route=%2Fwp%2Fv2%2Fmedia&parent=1520"}],"wp:term":[{"taxonomy":"product_brand","embeddable":true,"href":"https:\/\/teammutantecuador.com\/index.php?rest_route=%2Fwp%2Fv2%2Fproduct_brand&post=1520"},{"taxonomy":"product_cat","embeddable":true,"href":"https:\/\/teammutantecuador.com\/index.php?rest_route=%2Fwp%2Fv2%2Fproduct_cat&post=1520"},{"taxonomy":"product_tag","embeddable":true,"href":"https:\/\/teammutantecuador.com\/index.php?rest_route=%2Fwp%2Fv2%2Fproduct_tag&post=1520"}],"curies":[{"name":"wp","href":"https:\/\/api.w.org\/{rel}","templated":true}]}}