{"id":1515,"date":"2026-01-17T16:04:13","date_gmt":"2026-01-17T16:04:13","guid":{"rendered":"https:\/\/teammutantecuador.com\/?post_type=product&#038;p=1515"},"modified":"2026-01-21T11:21:38","modified_gmt":"2026-01-21T11:21:38","slug":"clembuterol","status":"publish","type":"product","link":"https:\/\/teammutantecuador.com\/?product=clembuterol","title":{"rendered":"CLEMBUTEROL"},"content":{"rendered":"<p>Clembuterol extra fuerte es un termog\u00e9nico conocido\u00a0con agonistas beta-2; como el Clembuterol ha demostrado estimular directamente las c\u00e9lulas grasas y acelera el desglose de triglic\u00e9ridos para formar \u00e1cidos grasos libres.<\/p>\n<p dir=\"ltr\">Su eficacia en esta \u00e1rea hace al Clembuterol muy atractivo, y hoy casi obligatorio como droga de pre-competencia.<\/p>\n<p dir=\"ltr\">Cada vez son m\u00e1s los interesados en este medicamento con la esperanza de que imparta un poco de ambos beneficios, la promoci\u00f3n de la p\u00e9rdida de grasa corporal, mientras que promueve la fuerza y aumenta la masa muscular.<\/p>\n<p dir=\"ltr\">Algunos parecen jurar sobre el hecho de que construye m\u00fasculo independientemente, se afianzan firmemente a que el \u201cClen\u201d es una gran herramienta fuera de temporada o como anab\u00f3lico adjunto.<\/p>\n<h2 dir=\"ltr\"><\/h2>\n<h3 dir=\"ltr\">POSIBLES EFECTOS SECUNDARIOS<\/h3>\n<p dir=\"ltr\">Los posibles efectos secundarios de Clembuterol incluyen lo de otros estimulantes del SNC, que implica ocurrencias tales como manos temblorosas, insomnio y\u00a0sudoraci\u00f3n.<\/p>\n<p dir=\"ltr\">Estos efectos secundarios generalmente desaparecen despu\u00e9s de una semana o permanecen mientras se suministre, o hasta que el usuario se acostumbra a la droga.<\/p>\n<p dir=\"ltr\">\n<h3 dir=\"ltr\">FORMA DE USO<\/h3>\n<p dir=\"ltr\">Normalmente, se inicia un ciclo aumentando gradualmente la dosis cada d\u00eda hasta que se establece un rango deseado. En todo caso podr\u00eda ser espectacular si se suministra una dosis grande desde el inicio.<\/p>\n<p dir=\"ltr\"><b>Los hombres<\/b>\u00a0generalmente llegan al rango de 2-8 tabletas por d\u00eda, aunque algunas personas afirman tolerar dosis a\u00fan m\u00e1s altas.<\/p>\n<p dir=\"ltr\"><b>Las mujeres<\/b>\u00a0toleran menos, generalmente 2-4 tabletas al d\u00eda. Muy r\u00e1pidamente, el medicamento elevar\u00e1 la temperatura corporal.<\/p>\n<p dir=\"ltr\">La temperatura aumentar\u00e1 tal vez la mitad de un grado cent\u00edgrado, a veces un poco m\u00e1s. Esta elevaci\u00f3n se debe a que el cuerpo quema el exceso de energ\u00eda (en gran parte de la grasa), generalmente no es inc\u00f3modo.<\/p>\n<p dir=\"ltr\">Al usarlo para la p\u00e9rdida de grasa, los beneficios del Clembuterol funciona bien durante aproximadamente 4-6 semanas.<\/p>\n<p dir=\"ltr\">Durante este per\u00edodo estaremos seguros de que el \u00a0Clembuterol est\u00e1 funcionando por la elevaci\u00f3n de la temperatura.<\/p>\n<p dir=\"ltr\">Una vez que la temperatura vuelve a la normalidad, el Clembuterol ya no est\u00e1 exhibiendo un efecto termog\u00e9nico.<\/p>\n<p dir=\"ltr\">\n<h3 dir=\"ltr\">USO DENTRO DE CICLOS ESTEROIDES<\/h3>\n<p dir=\"ltr\">Muchos competidores encuentran que el efecto quemador de grasa de Clembuterol puede ser mejorado por sustancias adicionales.<\/p>\n<p dir=\"ltr\">Cuando se combina con hormonas tiroideas, como el poderoso\u00a0Cytomel, el efecto termog\u00e9nico puede llegar a ser extremadamente dram\u00e1tico.<\/p>\n<p dir=\"ltr\">Esto puede llegar al punto de que el atleta podr\u00eda destruir cantidades superiores de grasa extra durante las preparaciones de competencias, sin una restricci\u00f3n dram\u00e1tica en calor\u00edas.<\/p>\n<p dir=\"ltr\">Dicha mezcla se puede utilizarse durante un ciclo de esteroides, provocando una apariencia mucho m\u00e1s dura y rocosa de los anab\u00f3licos.<\/p>\n<p dir=\"ltr\">Estas sustancias de definici\u00f3n pueden inhibir en gran medida el almacenamiento de grasa extra durante el ciclo, incluso cuando se utilizan andr\u00f3genos aromatizantes fuertes como la\u00a0Testosterona Enantato\u00a0o el\u00a0<a href=\"https:\/\/www.universaldeesteroides.com\/productos\/dianabol-20-mg\/\">Dianabol<\/a><\/p>\n<p dir=\"ltr\">Una mezcla de Clembuterol + hormona tiroidea tambi\u00e9n es com\u00fan cuando se usa\u00a0la hormona del crecimiento (HGH), mejorando a\u00fan m\u00e1s el efecto termog\u00e9nico y anab\u00f3lico de esta terapia.<\/p>\n<p dir=\"ltr\">\n<h3 dir=\"ltr\">PRESENTACI\u00d3N<\/h3>\n<p dir=\"ltr\">Tarro de 100 tabletas x 0,06 mcg de concentraci\u00f3n c\/u.<\/p>\n","protected":false},"excerpt":{"rendered":"<p>Clembuterol extra fuerte es un termog\u00e9nico conocido\u00a0con agonistas beta-2; como el Clembuterol ha demostrado estimular directamente las c\u00e9lulas grasas y acelera el desglose de triglic\u00e9ridos para formar \u00e1cidos grasos libres.<\/p>\n<p dir=\"ltr\">Su eficacia en esta \u00e1rea hace al Clembuterol muy atractivo, y hoy casi obligatorio como droga de pre-competencia.<\/p>\n","protected":false},"featured_media":1847,"comment_status":"open","ping_status":"closed","template":"","meta":[],"product_brand":[151],"product_cat":[63],"product_tag":[191,192,154,141],"class_list":{"0":"post-1515","1":"product","2":"type-product","3":"status-publish","4":"has-post-thumbnail","6":"product_brand-mutant-pharma","7":"product_cat-quemadores-de-grasa","8":"product_tag-clembuterol","9":"product_tag-hcl","10":"product_tag-mutant-pharma","11":"product_tag-quemador-de-grasa","13":"first","14":"instock","15":"shipping-taxable","16":"purchasable","17":"product-type-simple"},"yoast_head":"<!-- This site is optimized with the Yoast SEO plugin v26.8 - https:\/\/yoast.com\/product\/yoast-seo-wordpress\/ -->\n<title>CLEMBUTEROL - Team Mutan Ecuador<\/title>\n<meta name=\"description\" content=\"Clembuterol extra fuerte es un termog\u00e9nico conocido\u00a0con agonistas beta-2; como el Clembuterol ha demostrado estimular directamente las c\u00e9lulas grasas y acelera el desglose de triglic\u00e9ridos para formar \u00e1cidos grasos libres.Su eficacia en esta \u00e1rea hace al Clembuterol muy atractivo, y hoy casi obligatorio como droga de pre-competencia.\" \/>\n<meta name=\"robots\" content=\"index, follow, max-snippet:-1, max-image-preview:large, max-video-preview:-1\" \/>\n<link rel=\"canonical\" href=\"https:\/\/teammutantecuador.com\/?product=clembuterol\" \/>\n<meta property=\"og:locale\" content=\"es_ES\" \/>\n<meta property=\"og:type\" content=\"article\" \/>\n<meta property=\"og:title\" content=\"CLEMBUTEROL - Team Mutan Ecuador\" \/>\n<meta property=\"og:description\" content=\"Clembuterol extra fuerte es un termog\u00e9nico conocido\u00a0con agonistas beta-2; como el Clembuterol ha demostrado estimular directamente las c\u00e9lulas grasas y acelera el desglose de triglic\u00e9ridos para formar \u00e1cidos grasos libres.Su eficacia en esta \u00e1rea hace al Clembuterol muy atractivo, y hoy casi obligatorio como droga de pre-competencia.\" \/>\n<meta property=\"og:url\" content=\"https:\/\/teammutantecuador.com\/?product=clembuterol\" \/>\n<meta property=\"og:site_name\" content=\"Team Mutan Ecuador\" \/>\n<meta property=\"article:modified_time\" content=\"2026-01-21T11:21:38+00:00\" \/>\n<meta property=\"og:image\" content=\"https:\/\/teammutantecuador.com\/wp-content\/uploads\/2026\/01\/Primobolan-100-Mg-Mutant-Pharma-4-1.jpg\" \/>\n\t<meta property=\"og:image:width\" content=\"800\" \/>\n\t<meta property=\"og:image:height\" content=\"800\" \/>\n\t<meta property=\"og:image:type\" content=\"image\/jpeg\" \/>\n<meta name=\"twitter:card\" content=\"summary_large_image\" \/>\n<meta name=\"twitter:label1\" content=\"Tiempo de lectura\" \/>\n\t<meta name=\"twitter:data1\" content=\"3 minutos\" \/>\n<script type=\"application\/ld+json\" class=\"yoast-schema-graph\">{\"@context\":\"https:\/\/schema.org\",\"@graph\":[{\"@type\":\"WebPage\",\"@id\":\"https:\/\/teammutantecuador.com\/?product=clembuterol\",\"url\":\"https:\/\/teammutantecuador.com\/?product=clembuterol\",\"name\":\"CLEMBUTEROL - Team Mutan Ecuador\",\"isPartOf\":{\"@id\":\"https:\/\/teammutantecuador.com\/#website\"},\"primaryImageOfPage\":{\"@id\":\"https:\/\/teammutantecuador.com\/?product=clembuterol#primaryimage\"},\"image\":{\"@id\":\"https:\/\/teammutantecuador.com\/?product=clembuterol#primaryimage\"},\"thumbnailUrl\":\"https:\/\/teammutantecuador.com\/wp-content\/uploads\/2026\/01\/Primobolan-100-Mg-Mutant-Pharma-4-1.jpg\",\"datePublished\":\"2026-01-17T16:04:13+00:00\",\"dateModified\":\"2026-01-21T11:21:38+00:00\",\"description\":\"Clembuterol extra fuerte es un termog\u00e9nico conocido\u00a0con agonistas beta-2; como el Clembuterol ha demostrado estimular directamente las c\u00e9lulas grasas y acelera el desglose de triglic\u00e9ridos para formar \u00e1cidos grasos libres.Su eficacia en esta \u00e1rea hace al Clembuterol muy atractivo, y hoy casi obligatorio como droga de pre-competencia.\",\"breadcrumb\":{\"@id\":\"https:\/\/teammutantecuador.com\/?product=clembuterol#breadcrumb\"},\"inLanguage\":\"es\",\"potentialAction\":[{\"@type\":\"ReadAction\",\"target\":[\"https:\/\/teammutantecuador.com\/?product=clembuterol\"]}]},{\"@type\":\"ImageObject\",\"inLanguage\":\"es\",\"@id\":\"https:\/\/teammutantecuador.com\/?product=clembuterol#primaryimage\",\"url\":\"https:\/\/teammutantecuador.com\/wp-content\/uploads\/2026\/01\/Primobolan-100-Mg-Mutant-Pharma-4-1.jpg\",\"contentUrl\":\"https:\/\/teammutantecuador.com\/wp-content\/uploads\/2026\/01\/Primobolan-100-Mg-Mutant-Pharma-4-1.jpg\",\"width\":800,\"height\":800,\"caption\":\"CLEMBUTEROL\"},{\"@type\":\"BreadcrumbList\",\"@id\":\"https:\/\/teammutantecuador.com\/?product=clembuterol#breadcrumb\",\"itemListElement\":[{\"@type\":\"ListItem\",\"position\":1,\"name\":\"Portada\",\"item\":\"https:\/\/teammutantecuador.com\/\"},{\"@type\":\"ListItem\",\"position\":2,\"name\":\"Shop\",\"item\":\"https:\/\/teammutantecuador.com\/?page_id=6\"},{\"@type\":\"ListItem\",\"position\":3,\"name\":\"CLEMBUTEROL\"}]},{\"@type\":\"WebSite\",\"@id\":\"https:\/\/teammutantecuador.com\/#website\",\"url\":\"https:\/\/teammutantecuador.com\/\",\"name\":\"Team Mutan Ecuador\",\"description\":\"Just another WordPress site\",\"publisher\":{\"@id\":\"https:\/\/teammutantecuador.com\/#organization\"},\"potentialAction\":[{\"@type\":\"SearchAction\",\"target\":{\"@type\":\"EntryPoint\",\"urlTemplate\":\"https:\/\/teammutantecuador.com\/?s={search_term_string}\"},\"query-input\":{\"@type\":\"PropertyValueSpecification\",\"valueRequired\":true,\"valueName\":\"search_term_string\"}}],\"inLanguage\":\"es\"},{\"@type\":\"Organization\",\"@id\":\"https:\/\/teammutantecuador.com\/#organization\",\"name\":\"Team Mutan Ecuador\",\"url\":\"https:\/\/teammutantecuador.com\/\",\"logo\":{\"@type\":\"ImageObject\",\"inLanguage\":\"es\",\"@id\":\"https:\/\/teammutantecuador.com\/#\/schema\/logo\/image\/\",\"url\":\"https:\/\/teammutantecuador.com\/wp-content\/uploads\/2026\/01\/Diseno-sin-titulo-97.png\",\"contentUrl\":\"https:\/\/teammutantecuador.com\/wp-content\/uploads\/2026\/01\/Diseno-sin-titulo-97.png\",\"width\":500,\"height\":300,\"caption\":\"Team Mutan Ecuador\"},\"image\":{\"@id\":\"https:\/\/teammutantecuador.com\/#\/schema\/logo\/image\/\"}}]}<\/script>\n<!-- \/ Yoast SEO plugin. -->","yoast_head_json":{"title":"CLEMBUTEROL - Team Mutan Ecuador","description":"Clembuterol extra fuerte es un termog\u00e9nico conocido\u00a0con agonistas beta-2; como el Clembuterol ha demostrado estimular directamente las c\u00e9lulas grasas y acelera el desglose de triglic\u00e9ridos para formar \u00e1cidos grasos libres.Su eficacia en esta \u00e1rea hace al Clembuterol muy atractivo, y hoy casi obligatorio como droga de pre-competencia.","robots":{"index":"index","follow":"follow","max-snippet":"max-snippet:-1","max-image-preview":"max-image-preview:large","max-video-preview":"max-video-preview:-1"},"canonical":"https:\/\/teammutantecuador.com\/?product=clembuterol","og_locale":"es_ES","og_type":"article","og_title":"CLEMBUTEROL - Team Mutan Ecuador","og_description":"Clembuterol extra fuerte es un termog\u00e9nico conocido\u00a0con agonistas beta-2; como el Clembuterol ha demostrado estimular directamente las c\u00e9lulas grasas y acelera el desglose de triglic\u00e9ridos para formar \u00e1cidos grasos libres.Su eficacia en esta \u00e1rea hace al Clembuterol muy atractivo, y hoy casi obligatorio como droga de pre-competencia.","og_url":"https:\/\/teammutantecuador.com\/?product=clembuterol","og_site_name":"Team Mutan Ecuador","article_modified_time":"2026-01-21T11:21:38+00:00","og_image":[{"width":800,"height":800,"url":"https:\/\/teammutantecuador.com\/wp-content\/uploads\/2026\/01\/Primobolan-100-Mg-Mutant-Pharma-4-1.jpg","type":"image\/jpeg"}],"twitter_card":"summary_large_image","twitter_misc":{"Tiempo de lectura":"3 minutos"},"schema":{"@context":"https:\/\/schema.org","@graph":[{"@type":"WebPage","@id":"https:\/\/teammutantecuador.com\/?product=clembuterol","url":"https:\/\/teammutantecuador.com\/?product=clembuterol","name":"CLEMBUTEROL - Team Mutan Ecuador","isPartOf":{"@id":"https:\/\/teammutantecuador.com\/#website"},"primaryImageOfPage":{"@id":"https:\/\/teammutantecuador.com\/?product=clembuterol#primaryimage"},"image":{"@id":"https:\/\/teammutantecuador.com\/?product=clembuterol#primaryimage"},"thumbnailUrl":"https:\/\/teammutantecuador.com\/wp-content\/uploads\/2026\/01\/Primobolan-100-Mg-Mutant-Pharma-4-1.jpg","datePublished":"2026-01-17T16:04:13+00:00","dateModified":"2026-01-21T11:21:38+00:00","description":"Clembuterol extra fuerte es un termog\u00e9nico conocido\u00a0con agonistas beta-2; como el Clembuterol ha demostrado estimular directamente las c\u00e9lulas grasas y acelera el desglose de triglic\u00e9ridos para formar \u00e1cidos grasos libres.Su eficacia en esta \u00e1rea hace al Clembuterol muy atractivo, y hoy casi obligatorio como droga de pre-competencia.","breadcrumb":{"@id":"https:\/\/teammutantecuador.com\/?product=clembuterol#breadcrumb"},"inLanguage":"es","potentialAction":[{"@type":"ReadAction","target":["https:\/\/teammutantecuador.com\/?product=clembuterol"]}]},{"@type":"ImageObject","inLanguage":"es","@id":"https:\/\/teammutantecuador.com\/?product=clembuterol#primaryimage","url":"https:\/\/teammutantecuador.com\/wp-content\/uploads\/2026\/01\/Primobolan-100-Mg-Mutant-Pharma-4-1.jpg","contentUrl":"https:\/\/teammutantecuador.com\/wp-content\/uploads\/2026\/01\/Primobolan-100-Mg-Mutant-Pharma-4-1.jpg","width":800,"height":800,"caption":"CLEMBUTEROL"},{"@type":"BreadcrumbList","@id":"https:\/\/teammutantecuador.com\/?product=clembuterol#breadcrumb","itemListElement":[{"@type":"ListItem","position":1,"name":"Portada","item":"https:\/\/teammutantecuador.com\/"},{"@type":"ListItem","position":2,"name":"Shop","item":"https:\/\/teammutantecuador.com\/?page_id=6"},{"@type":"ListItem","position":3,"name":"CLEMBUTEROL"}]},{"@type":"WebSite","@id":"https:\/\/teammutantecuador.com\/#website","url":"https:\/\/teammutantecuador.com\/","name":"Team Mutan Ecuador","description":"Just another WordPress site","publisher":{"@id":"https:\/\/teammutantecuador.com\/#organization"},"potentialAction":[{"@type":"SearchAction","target":{"@type":"EntryPoint","urlTemplate":"https:\/\/teammutantecuador.com\/?s={search_term_string}"},"query-input":{"@type":"PropertyValueSpecification","valueRequired":true,"valueName":"search_term_string"}}],"inLanguage":"es"},{"@type":"Organization","@id":"https:\/\/teammutantecuador.com\/#organization","name":"Team Mutan Ecuador","url":"https:\/\/teammutantecuador.com\/","logo":{"@type":"ImageObject","inLanguage":"es","@id":"https:\/\/teammutantecuador.com\/#\/schema\/logo\/image\/","url":"https:\/\/teammutantecuador.com\/wp-content\/uploads\/2026\/01\/Diseno-sin-titulo-97.png","contentUrl":"https:\/\/teammutantecuador.com\/wp-content\/uploads\/2026\/01\/Diseno-sin-titulo-97.png","width":500,"height":300,"caption":"Team Mutan Ecuador"},"image":{"@id":"https:\/\/teammutantecuador.com\/#\/schema\/logo\/image\/"}}]}},"_links":{"self":[{"href":"https:\/\/teammutantecuador.com\/index.php?rest_route=\/wp\/v2\/product\/1515","targetHints":{"allow":["GET"]}}],"collection":[{"href":"https:\/\/teammutantecuador.com\/index.php?rest_route=\/wp\/v2\/product"}],"about":[{"href":"https:\/\/teammutantecuador.com\/index.php?rest_route=\/wp\/v2\/types\/product"}],"replies":[{"embeddable":true,"href":"https:\/\/teammutantecuador.com\/index.php?rest_route=%2Fwp%2Fv2%2Fcomments&post=1515"}],"wp:featuredmedia":[{"embeddable":true,"href":"https:\/\/teammutantecuador.com\/index.php?rest_route=\/wp\/v2\/media\/1847"}],"wp:attachment":[{"href":"https:\/\/teammutantecuador.com\/index.php?rest_route=%2Fwp%2Fv2%2Fmedia&parent=1515"}],"wp:term":[{"taxonomy":"product_brand","embeddable":true,"href":"https:\/\/teammutantecuador.com\/index.php?rest_route=%2Fwp%2Fv2%2Fproduct_brand&post=1515"},{"taxonomy":"product_cat","embeddable":true,"href":"https:\/\/teammutantecuador.com\/index.php?rest_route=%2Fwp%2Fv2%2Fproduct_cat&post=1515"},{"taxonomy":"product_tag","embeddable":true,"href":"https:\/\/teammutantecuador.com\/index.php?rest_route=%2Fwp%2Fv2%2Fproduct_tag&post=1515"}],"curies":[{"name":"wp","href":"https:\/\/api.w.org\/{rel}","templated":true}]}}