{"id":1514,"date":"2026-01-17T16:04:13","date_gmt":"2026-01-17T16:04:13","guid":{"rendered":"https:\/\/teammutantecuador.com\/?post_type=product&#038;p=1514"},"modified":"2026-01-21T11:18:10","modified_gmt":"2026-01-21T11:18:10","slug":"reductil-15-mg-mutant-pharma","status":"publish","type":"product","link":"https:\/\/teammutantecuador.com\/?product=reductil-15-mg-mutant-pharma","title":{"rendered":"Reductil 15 Mg Mutant Pharma"},"content":{"rendered":"<p dir=\"ltr\">Reductil 15 es\u00a0<strong>sibutramina<\/strong>;\u00a0es un f\u00e1rmaco no esteroide\u00a0que mejora la sensaci\u00f3n de saciedad. El medicamento es un inhibidor directo de la recaptaci\u00f3n de serotonina y noradrenalina&#8230; Pertenece a un grupo de medicamentos para el tratamiento de la obesidad y se utiliza en un tratamiento integral de mantenimiento de pacientes con sobrepeso.<\/p>\n<p dir=\"ltr\"><b>Reductil 15 act\u00faa de dos maneras<\/b><\/p>\n<p dir=\"ltr\">Inhibe la recaptaci\u00f3n de neurotransmisores serotonina y noradrenalina a partir de la brecha sin\u00f3ptica, lo que reduce el apetito y la ingesta de alimentos (aumenta la sensaci\u00f3n de saciedad). En estudios sometidos, los pacientes redujeron la raci\u00f3n diaria en 1.300 calor\u00edas.<br \/>\nEstimula el metabolismo y aumenta la termog\u00e9nesis. Este efecto de quema de grasa ocurre debido al impacto indirecto en los receptores beta-3-adrenoreceptores, que son responsables de la quema de grasa.<\/p>\n<p dir=\"ltr\"><b>PRESENTACI\u00d3N<\/b><\/p>\n<p dir=\"ltr\">Tarro x 50 tabletas de 15 mg de <strong>sibutramina<\/strong> cada una.<\/p>\n","protected":false},"excerpt":{"rendered":"<p>Reductil 15 es\u00a0sibutramina;\u00a0es un f\u00e1rmaco no esteroide\u00a0que mejora la sensaci\u00f3n de saciedad. El medicamento es un inhibidor directo de la recaptaci\u00f3n de serotonina y noradrenalina&#8230; Pertenece a un grupo de medicamentos para el tratamiento de la obesidad y se utiliza en un tratamiento integral de mantenimiento de pacientes con sobrepeso.<\/p>\n","protected":false},"featured_media":1843,"comment_status":"open","ping_status":"closed","template":"","meta":[],"product_brand":[151],"product_cat":[63],"product_tag":[154,64,189,190],"class_list":{"0":"post-1514","1":"product","2":"type-product","3":"status-publish","4":"has-post-thumbnail","6":"product_brand-mutant-pharma","7":"product_cat-quemadores-de-grasa","8":"product_tag-mutant-pharma","9":"product_tag-quemador-de-garsa","10":"product_tag-reductil","11":"product_tag-sibutramine-hydrochlorride","13":"first","14":"instock","15":"shipping-taxable","16":"purchasable","17":"product-type-simple"},"yoast_head":"<!-- This site is optimized with the Yoast SEO plugin v26.8 - https:\/\/yoast.com\/product\/yoast-seo-wordpress\/ -->\n<title>Reductil 15 Mg Mutant Pharma - Team Mutan Ecuador<\/title>\n<meta name=\"description\" content=\"Reductil 15 es\u00a0sibutramina;\u00a0es un f\u00e1rmaco no esteroide\u00a0que mejora la sensaci\u00f3n de saciedad. El medicamento es un inhibidor directo de la recaptaci\u00f3n de serotonina y noradrenalina... Pertenece a un grupo de medicamentos para el tratamiento de la obesidad y se utiliza en un tratamiento integral de mantenimiento de pacientes con sobrepeso.\" \/>\n<meta name=\"robots\" content=\"index, follow, max-snippet:-1, max-image-preview:large, max-video-preview:-1\" \/>\n<link rel=\"canonical\" href=\"https:\/\/teammutantecuador.com\/?product=reductil-15-mg-mutant-pharma\" \/>\n<meta property=\"og:locale\" content=\"es_ES\" \/>\n<meta property=\"og:type\" content=\"article\" \/>\n<meta property=\"og:title\" content=\"Reductil 15 Mg Mutant Pharma - Team Mutan Ecuador\" \/>\n<meta property=\"og:description\" content=\"Reductil 15 es\u00a0sibutramina;\u00a0es un f\u00e1rmaco no esteroide\u00a0que mejora la sensaci\u00f3n de saciedad. El medicamento es un inhibidor directo de la recaptaci\u00f3n de serotonina y noradrenalina... Pertenece a un grupo de medicamentos para el tratamiento de la obesidad y se utiliza en un tratamiento integral de mantenimiento de pacientes con sobrepeso.\" \/>\n<meta property=\"og:url\" content=\"https:\/\/teammutantecuador.com\/?product=reductil-15-mg-mutant-pharma\" \/>\n<meta property=\"og:site_name\" content=\"Team Mutan Ecuador\" \/>\n<meta property=\"article:modified_time\" content=\"2026-01-21T11:18:10+00:00\" \/>\n<meta property=\"og:image\" content=\"https:\/\/teammutantecuador.com\/wp-content\/uploads\/2026\/01\/Primobolan-100-Mg-Mutant-Pharma-2-1.jpg\" \/>\n\t<meta property=\"og:image:width\" content=\"800\" \/>\n\t<meta property=\"og:image:height\" content=\"800\" \/>\n\t<meta property=\"og:image:type\" content=\"image\/jpeg\" \/>\n<meta name=\"twitter:card\" content=\"summary_large_image\" \/>\n<meta name=\"twitter:label1\" content=\"Tiempo de lectura\" \/>\n\t<meta name=\"twitter:data1\" content=\"1 minuto\" \/>\n<script type=\"application\/ld+json\" class=\"yoast-schema-graph\">{\"@context\":\"https:\/\/schema.org\",\"@graph\":[{\"@type\":\"WebPage\",\"@id\":\"https:\/\/teammutantecuador.com\/?product=reductil-15-mg-mutant-pharma\",\"url\":\"https:\/\/teammutantecuador.com\/?product=reductil-15-mg-mutant-pharma\",\"name\":\"Reductil 15 Mg Mutant Pharma - Team Mutan Ecuador\",\"isPartOf\":{\"@id\":\"https:\/\/teammutantecuador.com\/#website\"},\"primaryImageOfPage\":{\"@id\":\"https:\/\/teammutantecuador.com\/?product=reductil-15-mg-mutant-pharma#primaryimage\"},\"image\":{\"@id\":\"https:\/\/teammutantecuador.com\/?product=reductil-15-mg-mutant-pharma#primaryimage\"},\"thumbnailUrl\":\"https:\/\/teammutantecuador.com\/wp-content\/uploads\/2026\/01\/Primobolan-100-Mg-Mutant-Pharma-2-1.jpg\",\"datePublished\":\"2026-01-17T16:04:13+00:00\",\"dateModified\":\"2026-01-21T11:18:10+00:00\",\"description\":\"Reductil 15 es\u00a0sibutramina;\u00a0es un f\u00e1rmaco no esteroide\u00a0que mejora la sensaci\u00f3n de saciedad. El medicamento es un inhibidor directo de la recaptaci\u00f3n de serotonina y noradrenalina... Pertenece a un grupo de medicamentos para el tratamiento de la obesidad y se utiliza en un tratamiento integral de mantenimiento de pacientes con sobrepeso.\",\"breadcrumb\":{\"@id\":\"https:\/\/teammutantecuador.com\/?product=reductil-15-mg-mutant-pharma#breadcrumb\"},\"inLanguage\":\"es\",\"potentialAction\":[{\"@type\":\"ReadAction\",\"target\":[\"https:\/\/teammutantecuador.com\/?product=reductil-15-mg-mutant-pharma\"]}]},{\"@type\":\"ImageObject\",\"inLanguage\":\"es\",\"@id\":\"https:\/\/teammutantecuador.com\/?product=reductil-15-mg-mutant-pharma#primaryimage\",\"url\":\"https:\/\/teammutantecuador.com\/wp-content\/uploads\/2026\/01\/Primobolan-100-Mg-Mutant-Pharma-2-1.jpg\",\"contentUrl\":\"https:\/\/teammutantecuador.com\/wp-content\/uploads\/2026\/01\/Primobolan-100-Mg-Mutant-Pharma-2-1.jpg\",\"width\":800,\"height\":800,\"caption\":\"Reductil 15 Mg Mutant Pharma\"},{\"@type\":\"BreadcrumbList\",\"@id\":\"https:\/\/teammutantecuador.com\/?product=reductil-15-mg-mutant-pharma#breadcrumb\",\"itemListElement\":[{\"@type\":\"ListItem\",\"position\":1,\"name\":\"Portada\",\"item\":\"https:\/\/teammutantecuador.com\/\"},{\"@type\":\"ListItem\",\"position\":2,\"name\":\"Shop\",\"item\":\"https:\/\/teammutantecuador.com\/?page_id=6\"},{\"@type\":\"ListItem\",\"position\":3,\"name\":\"Reductil 15 Mg Mutant Pharma\"}]},{\"@type\":\"WebSite\",\"@id\":\"https:\/\/teammutantecuador.com\/#website\",\"url\":\"https:\/\/teammutantecuador.com\/\",\"name\":\"Team Mutan Ecuador\",\"description\":\"Just another WordPress site\",\"publisher\":{\"@id\":\"https:\/\/teammutantecuador.com\/#organization\"},\"potentialAction\":[{\"@type\":\"SearchAction\",\"target\":{\"@type\":\"EntryPoint\",\"urlTemplate\":\"https:\/\/teammutantecuador.com\/?s={search_term_string}\"},\"query-input\":{\"@type\":\"PropertyValueSpecification\",\"valueRequired\":true,\"valueName\":\"search_term_string\"}}],\"inLanguage\":\"es\"},{\"@type\":\"Organization\",\"@id\":\"https:\/\/teammutantecuador.com\/#organization\",\"name\":\"Team Mutan Ecuador\",\"url\":\"https:\/\/teammutantecuador.com\/\",\"logo\":{\"@type\":\"ImageObject\",\"inLanguage\":\"es\",\"@id\":\"https:\/\/teammutantecuador.com\/#\/schema\/logo\/image\/\",\"url\":\"https:\/\/teammutantecuador.com\/wp-content\/uploads\/2026\/01\/Diseno-sin-titulo-97.png\",\"contentUrl\":\"https:\/\/teammutantecuador.com\/wp-content\/uploads\/2026\/01\/Diseno-sin-titulo-97.png\",\"width\":500,\"height\":300,\"caption\":\"Team Mutan Ecuador\"},\"image\":{\"@id\":\"https:\/\/teammutantecuador.com\/#\/schema\/logo\/image\/\"}}]}<\/script>\n<!-- \/ Yoast SEO plugin. -->","yoast_head_json":{"title":"Reductil 15 Mg Mutant Pharma - Team Mutan Ecuador","description":"Reductil 15 es\u00a0sibutramina;\u00a0es un f\u00e1rmaco no esteroide\u00a0que mejora la sensaci\u00f3n de saciedad. El medicamento es un inhibidor directo de la recaptaci\u00f3n de serotonina y noradrenalina... Pertenece a un grupo de medicamentos para el tratamiento de la obesidad y se utiliza en un tratamiento integral de mantenimiento de pacientes con sobrepeso.","robots":{"index":"index","follow":"follow","max-snippet":"max-snippet:-1","max-image-preview":"max-image-preview:large","max-video-preview":"max-video-preview:-1"},"canonical":"https:\/\/teammutantecuador.com\/?product=reductil-15-mg-mutant-pharma","og_locale":"es_ES","og_type":"article","og_title":"Reductil 15 Mg Mutant Pharma - Team Mutan Ecuador","og_description":"Reductil 15 es\u00a0sibutramina;\u00a0es un f\u00e1rmaco no esteroide\u00a0que mejora la sensaci\u00f3n de saciedad. El medicamento es un inhibidor directo de la recaptaci\u00f3n de serotonina y noradrenalina... Pertenece a un grupo de medicamentos para el tratamiento de la obesidad y se utiliza en un tratamiento integral de mantenimiento de pacientes con sobrepeso.","og_url":"https:\/\/teammutantecuador.com\/?product=reductil-15-mg-mutant-pharma","og_site_name":"Team Mutan Ecuador","article_modified_time":"2026-01-21T11:18:10+00:00","og_image":[{"width":800,"height":800,"url":"https:\/\/teammutantecuador.com\/wp-content\/uploads\/2026\/01\/Primobolan-100-Mg-Mutant-Pharma-2-1.jpg","type":"image\/jpeg"}],"twitter_card":"summary_large_image","twitter_misc":{"Tiempo de lectura":"1 minuto"},"schema":{"@context":"https:\/\/schema.org","@graph":[{"@type":"WebPage","@id":"https:\/\/teammutantecuador.com\/?product=reductil-15-mg-mutant-pharma","url":"https:\/\/teammutantecuador.com\/?product=reductil-15-mg-mutant-pharma","name":"Reductil 15 Mg Mutant Pharma - Team Mutan Ecuador","isPartOf":{"@id":"https:\/\/teammutantecuador.com\/#website"},"primaryImageOfPage":{"@id":"https:\/\/teammutantecuador.com\/?product=reductil-15-mg-mutant-pharma#primaryimage"},"image":{"@id":"https:\/\/teammutantecuador.com\/?product=reductil-15-mg-mutant-pharma#primaryimage"},"thumbnailUrl":"https:\/\/teammutantecuador.com\/wp-content\/uploads\/2026\/01\/Primobolan-100-Mg-Mutant-Pharma-2-1.jpg","datePublished":"2026-01-17T16:04:13+00:00","dateModified":"2026-01-21T11:18:10+00:00","description":"Reductil 15 es\u00a0sibutramina;\u00a0es un f\u00e1rmaco no esteroide\u00a0que mejora la sensaci\u00f3n de saciedad. El medicamento es un inhibidor directo de la recaptaci\u00f3n de serotonina y noradrenalina... Pertenece a un grupo de medicamentos para el tratamiento de la obesidad y se utiliza en un tratamiento integral de mantenimiento de pacientes con sobrepeso.","breadcrumb":{"@id":"https:\/\/teammutantecuador.com\/?product=reductil-15-mg-mutant-pharma#breadcrumb"},"inLanguage":"es","potentialAction":[{"@type":"ReadAction","target":["https:\/\/teammutantecuador.com\/?product=reductil-15-mg-mutant-pharma"]}]},{"@type":"ImageObject","inLanguage":"es","@id":"https:\/\/teammutantecuador.com\/?product=reductil-15-mg-mutant-pharma#primaryimage","url":"https:\/\/teammutantecuador.com\/wp-content\/uploads\/2026\/01\/Primobolan-100-Mg-Mutant-Pharma-2-1.jpg","contentUrl":"https:\/\/teammutantecuador.com\/wp-content\/uploads\/2026\/01\/Primobolan-100-Mg-Mutant-Pharma-2-1.jpg","width":800,"height":800,"caption":"Reductil 15 Mg Mutant Pharma"},{"@type":"BreadcrumbList","@id":"https:\/\/teammutantecuador.com\/?product=reductil-15-mg-mutant-pharma#breadcrumb","itemListElement":[{"@type":"ListItem","position":1,"name":"Portada","item":"https:\/\/teammutantecuador.com\/"},{"@type":"ListItem","position":2,"name":"Shop","item":"https:\/\/teammutantecuador.com\/?page_id=6"},{"@type":"ListItem","position":3,"name":"Reductil 15 Mg Mutant Pharma"}]},{"@type":"WebSite","@id":"https:\/\/teammutantecuador.com\/#website","url":"https:\/\/teammutantecuador.com\/","name":"Team Mutan Ecuador","description":"Just another WordPress site","publisher":{"@id":"https:\/\/teammutantecuador.com\/#organization"},"potentialAction":[{"@type":"SearchAction","target":{"@type":"EntryPoint","urlTemplate":"https:\/\/teammutantecuador.com\/?s={search_term_string}"},"query-input":{"@type":"PropertyValueSpecification","valueRequired":true,"valueName":"search_term_string"}}],"inLanguage":"es"},{"@type":"Organization","@id":"https:\/\/teammutantecuador.com\/#organization","name":"Team Mutan Ecuador","url":"https:\/\/teammutantecuador.com\/","logo":{"@type":"ImageObject","inLanguage":"es","@id":"https:\/\/teammutantecuador.com\/#\/schema\/logo\/image\/","url":"https:\/\/teammutantecuador.com\/wp-content\/uploads\/2026\/01\/Diseno-sin-titulo-97.png","contentUrl":"https:\/\/teammutantecuador.com\/wp-content\/uploads\/2026\/01\/Diseno-sin-titulo-97.png","width":500,"height":300,"caption":"Team Mutan Ecuador"},"image":{"@id":"https:\/\/teammutantecuador.com\/#\/schema\/logo\/image\/"}}]}},"_links":{"self":[{"href":"https:\/\/teammutantecuador.com\/index.php?rest_route=\/wp\/v2\/product\/1514","targetHints":{"allow":["GET"]}}],"collection":[{"href":"https:\/\/teammutantecuador.com\/index.php?rest_route=\/wp\/v2\/product"}],"about":[{"href":"https:\/\/teammutantecuador.com\/index.php?rest_route=\/wp\/v2\/types\/product"}],"replies":[{"embeddable":true,"href":"https:\/\/teammutantecuador.com\/index.php?rest_route=%2Fwp%2Fv2%2Fcomments&post=1514"}],"wp:featuredmedia":[{"embeddable":true,"href":"https:\/\/teammutantecuador.com\/index.php?rest_route=\/wp\/v2\/media\/1843"}],"wp:attachment":[{"href":"https:\/\/teammutantecuador.com\/index.php?rest_route=%2Fwp%2Fv2%2Fmedia&parent=1514"}],"wp:term":[{"taxonomy":"product_brand","embeddable":true,"href":"https:\/\/teammutantecuador.com\/index.php?rest_route=%2Fwp%2Fv2%2Fproduct_brand&post=1514"},{"taxonomy":"product_cat","embeddable":true,"href":"https:\/\/teammutantecuador.com\/index.php?rest_route=%2Fwp%2Fv2%2Fproduct_cat&post=1514"},{"taxonomy":"product_tag","embeddable":true,"href":"https:\/\/teammutantecuador.com\/index.php?rest_route=%2Fwp%2Fv2%2Fproduct_tag&post=1514"}],"curies":[{"name":"wp","href":"https:\/\/api.w.org\/{rel}","templated":true}]}}