{"id":1513,"date":"2026-01-17T16:04:13","date_gmt":"2026-01-17T16:04:13","guid":{"rendered":"https:\/\/teammutantecuador.com\/?post_type=product&#038;p=1513"},"modified":"2026-01-21T11:19:50","modified_gmt":"2026-01-21T11:19:50","slug":"novaldex-20-mg-mutant-pharma","status":"publish","type":"product","link":"https:\/\/teammutantecuador.com\/?product=novaldex-20-mg-mutant-pharma","title":{"rendered":"Novaldex 20 Mg Mutant Pharma"},"content":{"rendered":"<p dir=\"ltr\">NOLVADEX 20 mg\u00a0revierte\u00a0el\u00a0proceso de crecimiento existente de tejido muerto y prevenir su crecimiento. El crecimiento de ciertos tejidos es estimulado por los propios estr\u00f3genos del cuerpo.<\/p>\n<p dir=\"ltr\">Si el propio nivel de estr\u00f3genos del cuerpo es extraordinariamente alto ocurre un crecimiento no deseado de las gl\u00e1ndulas del pecho. Sin embargo, en la mayor\u00eda de los hombres que usan Nolvadex y en mujeres saludables este no es el caso.<\/p>\n<p dir=\"ltr\">El antiestrog\u00e9nico Tamoxifeno-Nolvadex evita esto bloqueando los receptores de estr\u00f3genos del tejido corporal afectado, inhibiendo la uni\u00f3n de los estr\u00f3genos con los receptores.<\/p>\n<p dir=\"ltr\">Nolvadex 20 mg debe ser tomado sobre todo cuando se utilizan esteroides con fuertes componentes androg\u00e9nicos como el\u00a0Dianabol,\u00a0Anadrol\u00a0y los compuestos varios de testosterona.<\/p>\n<p dir=\"ltr\">Aqu\u00e9llos que ya tienen un bajo nivel de grasa corporal logran una dureza muscular visiblemente mejorada con el uso de Nolvadex.<\/p>\n<p dir=\"ltr\">Normalmente para prevenir los efectos secundarios (estrog\u00e9nicos) de los esteroides 10 mg ED son suficientes, esta dosis tambi\u00e9n mantiene bajo el riesgo de reducir el efecto de los esteroides anab\u00f3licos que sean tomados simult\u00e1neamente.<\/p>\n<h3 dir=\"ltr\">DOSIS RECOMENDADA<\/h3>\n<p dir=\"ltr\">A menudo es suficiente si el atleta comienza su ingesta preventiva de Nolvadex s\u00f3lo tres a cuatro semanas despu\u00e9s de la ingesta de anab\u00f3licos.<\/p>\n<p dir=\"ltr\">La aplicaci\u00f3n combinada de Nolvadex 10 mg\u00a0al d\u00eda\u00a0y\u00a0Proviron\u00a025 mg al d\u00eda\u00a0en estos casos origina resultados excelentes. Lo mismo se cumple para los atletas que est\u00e1n en competici\u00f3n.<\/p>\n<p dir=\"ltr\">Las mujeres\u00a0deben tomar solo 1 tableta\u00a0de Proviron\u00a0diariamente.<\/p>\n<p dir=\"ltr\">Los atletas que tienen tendencia de ginecomastia, retenci\u00f3n de agua fuerte, y aumento de los dep\u00f3sitos grasos con los esteroides como Dianabol\u00a0(metandrostenolona),\u00a0Testosterona,\u00a0Anadrol (oxymetolona), y\u00a0Decadurabolin. Normalmente toman 20 mg\u00a0diariamente<\/p>\n","protected":false},"excerpt":{"rendered":"<p>NOLVADEX 20 mg\u00a0revierte\u00a0el\u00a0proceso de crecimiento existente de tejido muerto y prevenir su crecimiento. El crecimiento de ciertos tejidos es estimulado por los propios estr\u00f3genos del cuerpo.<\/p>\n","protected":false},"featured_media":1845,"comment_status":"open","ping_status":"closed","template":"","meta":[],"product_brand":[151],"product_cat":[143],"product_tag":[105,154,183,179,147],"class_list":{"0":"post-1513","1":"product","2":"type-product","3":"status-publish","4":"has-post-thumbnail","6":"product_brand-mutant-pharma","7":"product_cat-post-ciclo","8":"product_tag-anabolico","9":"product_tag-mutant-pharma","10":"product_tag-orales","11":"product_tag-post-ciclo","12":"product_tag-tamoxifeno","14":"first","15":"instock","16":"shipping-taxable","17":"purchasable","18":"product-type-simple"},"yoast_head":"<!-- This site is optimized with the Yoast SEO plugin v26.8 - https:\/\/yoast.com\/product\/yoast-seo-wordpress\/ -->\n<title>Novaldex 20 Mg Mutant Pharma - Team Mutan Ecuador<\/title>\n<meta name=\"description\" content=\"NOLVADEX 20 mg\u00a0revierte\u00a0el\u00a0proceso de crecimiento existente de tejido muerto y prevenir su crecimiento. El crecimiento de ciertos tejidos es estimulado por los propios estr\u00f3genos del cuerpo.\" \/>\n<meta name=\"robots\" content=\"index, follow, max-snippet:-1, max-image-preview:large, max-video-preview:-1\" \/>\n<link rel=\"canonical\" href=\"https:\/\/teammutantecuador.com\/?product=novaldex-20-mg-mutant-pharma\" \/>\n<meta property=\"og:locale\" content=\"es_ES\" \/>\n<meta property=\"og:type\" content=\"article\" \/>\n<meta property=\"og:title\" content=\"Novaldex 20 Mg Mutant Pharma - Team Mutan Ecuador\" \/>\n<meta property=\"og:description\" content=\"NOLVADEX 20 mg\u00a0revierte\u00a0el\u00a0proceso de crecimiento existente de tejido muerto y prevenir su crecimiento. El crecimiento de ciertos tejidos es estimulado por los propios estr\u00f3genos del cuerpo.\" \/>\n<meta property=\"og:url\" content=\"https:\/\/teammutantecuador.com\/?product=novaldex-20-mg-mutant-pharma\" \/>\n<meta property=\"og:site_name\" content=\"Team Mutan Ecuador\" \/>\n<meta property=\"article:modified_time\" content=\"2026-01-21T11:19:50+00:00\" \/>\n<meta property=\"og:image\" content=\"https:\/\/teammutantecuador.com\/wp-content\/uploads\/2026\/01\/Primobolan-100-Mg-Mutant-Pharma-3-1.jpg\" \/>\n\t<meta property=\"og:image:width\" content=\"800\" \/>\n\t<meta property=\"og:image:height\" content=\"800\" \/>\n\t<meta property=\"og:image:type\" content=\"image\/jpeg\" \/>\n<meta name=\"twitter:card\" content=\"summary_large_image\" \/>\n<meta name=\"twitter:label1\" content=\"Tiempo de lectura\" \/>\n\t<meta name=\"twitter:data1\" content=\"2 minutos\" \/>\n<script type=\"application\/ld+json\" class=\"yoast-schema-graph\">{\"@context\":\"https:\/\/schema.org\",\"@graph\":[{\"@type\":\"WebPage\",\"@id\":\"https:\/\/teammutantecuador.com\/?product=novaldex-20-mg-mutant-pharma\",\"url\":\"https:\/\/teammutantecuador.com\/?product=novaldex-20-mg-mutant-pharma\",\"name\":\"Novaldex 20 Mg Mutant Pharma - Team Mutan Ecuador\",\"isPartOf\":{\"@id\":\"https:\/\/teammutantecuador.com\/#website\"},\"primaryImageOfPage\":{\"@id\":\"https:\/\/teammutantecuador.com\/?product=novaldex-20-mg-mutant-pharma#primaryimage\"},\"image\":{\"@id\":\"https:\/\/teammutantecuador.com\/?product=novaldex-20-mg-mutant-pharma#primaryimage\"},\"thumbnailUrl\":\"https:\/\/teammutantecuador.com\/wp-content\/uploads\/2026\/01\/Primobolan-100-Mg-Mutant-Pharma-3-1.jpg\",\"datePublished\":\"2026-01-17T16:04:13+00:00\",\"dateModified\":\"2026-01-21T11:19:50+00:00\",\"description\":\"NOLVADEX 20 mg\u00a0revierte\u00a0el\u00a0proceso de crecimiento existente de tejido muerto y prevenir su crecimiento. El crecimiento de ciertos tejidos es estimulado por los propios estr\u00f3genos del cuerpo.\",\"breadcrumb\":{\"@id\":\"https:\/\/teammutantecuador.com\/?product=novaldex-20-mg-mutant-pharma#breadcrumb\"},\"inLanguage\":\"es\",\"potentialAction\":[{\"@type\":\"ReadAction\",\"target\":[\"https:\/\/teammutantecuador.com\/?product=novaldex-20-mg-mutant-pharma\"]}]},{\"@type\":\"ImageObject\",\"inLanguage\":\"es\",\"@id\":\"https:\/\/teammutantecuador.com\/?product=novaldex-20-mg-mutant-pharma#primaryimage\",\"url\":\"https:\/\/teammutantecuador.com\/wp-content\/uploads\/2026\/01\/Primobolan-100-Mg-Mutant-Pharma-3-1.jpg\",\"contentUrl\":\"https:\/\/teammutantecuador.com\/wp-content\/uploads\/2026\/01\/Primobolan-100-Mg-Mutant-Pharma-3-1.jpg\",\"width\":800,\"height\":800,\"caption\":\"Novaldex 20 Mg Mutant Pharma\"},{\"@type\":\"BreadcrumbList\",\"@id\":\"https:\/\/teammutantecuador.com\/?product=novaldex-20-mg-mutant-pharma#breadcrumb\",\"itemListElement\":[{\"@type\":\"ListItem\",\"position\":1,\"name\":\"Portada\",\"item\":\"https:\/\/teammutantecuador.com\/\"},{\"@type\":\"ListItem\",\"position\":2,\"name\":\"Shop\",\"item\":\"https:\/\/teammutantecuador.com\/?page_id=6\"},{\"@type\":\"ListItem\",\"position\":3,\"name\":\"Novaldex 20 Mg Mutant Pharma\"}]},{\"@type\":\"WebSite\",\"@id\":\"https:\/\/teammutantecuador.com\/#website\",\"url\":\"https:\/\/teammutantecuador.com\/\",\"name\":\"Team Mutan Ecuador\",\"description\":\"Just another WordPress site\",\"publisher\":{\"@id\":\"https:\/\/teammutantecuador.com\/#organization\"},\"potentialAction\":[{\"@type\":\"SearchAction\",\"target\":{\"@type\":\"EntryPoint\",\"urlTemplate\":\"https:\/\/teammutantecuador.com\/?s={search_term_string}\"},\"query-input\":{\"@type\":\"PropertyValueSpecification\",\"valueRequired\":true,\"valueName\":\"search_term_string\"}}],\"inLanguage\":\"es\"},{\"@type\":\"Organization\",\"@id\":\"https:\/\/teammutantecuador.com\/#organization\",\"name\":\"Team Mutan Ecuador\",\"url\":\"https:\/\/teammutantecuador.com\/\",\"logo\":{\"@type\":\"ImageObject\",\"inLanguage\":\"es\",\"@id\":\"https:\/\/teammutantecuador.com\/#\/schema\/logo\/image\/\",\"url\":\"https:\/\/teammutantecuador.com\/wp-content\/uploads\/2026\/01\/Diseno-sin-titulo-97.png\",\"contentUrl\":\"https:\/\/teammutantecuador.com\/wp-content\/uploads\/2026\/01\/Diseno-sin-titulo-97.png\",\"width\":500,\"height\":300,\"caption\":\"Team Mutan Ecuador\"},\"image\":{\"@id\":\"https:\/\/teammutantecuador.com\/#\/schema\/logo\/image\/\"}}]}<\/script>\n<!-- \/ Yoast SEO plugin. -->","yoast_head_json":{"title":"Novaldex 20 Mg Mutant Pharma - Team Mutan Ecuador","description":"NOLVADEX 20 mg\u00a0revierte\u00a0el\u00a0proceso de crecimiento existente de tejido muerto y prevenir su crecimiento. El crecimiento de ciertos tejidos es estimulado por los propios estr\u00f3genos del cuerpo.","robots":{"index":"index","follow":"follow","max-snippet":"max-snippet:-1","max-image-preview":"max-image-preview:large","max-video-preview":"max-video-preview:-1"},"canonical":"https:\/\/teammutantecuador.com\/?product=novaldex-20-mg-mutant-pharma","og_locale":"es_ES","og_type":"article","og_title":"Novaldex 20 Mg Mutant Pharma - Team Mutan Ecuador","og_description":"NOLVADEX 20 mg\u00a0revierte\u00a0el\u00a0proceso de crecimiento existente de tejido muerto y prevenir su crecimiento. El crecimiento de ciertos tejidos es estimulado por los propios estr\u00f3genos del cuerpo.","og_url":"https:\/\/teammutantecuador.com\/?product=novaldex-20-mg-mutant-pharma","og_site_name":"Team Mutan Ecuador","article_modified_time":"2026-01-21T11:19:50+00:00","og_image":[{"width":800,"height":800,"url":"https:\/\/teammutantecuador.com\/wp-content\/uploads\/2026\/01\/Primobolan-100-Mg-Mutant-Pharma-3-1.jpg","type":"image\/jpeg"}],"twitter_card":"summary_large_image","twitter_misc":{"Tiempo de lectura":"2 minutos"},"schema":{"@context":"https:\/\/schema.org","@graph":[{"@type":"WebPage","@id":"https:\/\/teammutantecuador.com\/?product=novaldex-20-mg-mutant-pharma","url":"https:\/\/teammutantecuador.com\/?product=novaldex-20-mg-mutant-pharma","name":"Novaldex 20 Mg Mutant Pharma - Team Mutan Ecuador","isPartOf":{"@id":"https:\/\/teammutantecuador.com\/#website"},"primaryImageOfPage":{"@id":"https:\/\/teammutantecuador.com\/?product=novaldex-20-mg-mutant-pharma#primaryimage"},"image":{"@id":"https:\/\/teammutantecuador.com\/?product=novaldex-20-mg-mutant-pharma#primaryimage"},"thumbnailUrl":"https:\/\/teammutantecuador.com\/wp-content\/uploads\/2026\/01\/Primobolan-100-Mg-Mutant-Pharma-3-1.jpg","datePublished":"2026-01-17T16:04:13+00:00","dateModified":"2026-01-21T11:19:50+00:00","description":"NOLVADEX 20 mg\u00a0revierte\u00a0el\u00a0proceso de crecimiento existente de tejido muerto y prevenir su crecimiento. El crecimiento de ciertos tejidos es estimulado por los propios estr\u00f3genos del cuerpo.","breadcrumb":{"@id":"https:\/\/teammutantecuador.com\/?product=novaldex-20-mg-mutant-pharma#breadcrumb"},"inLanguage":"es","potentialAction":[{"@type":"ReadAction","target":["https:\/\/teammutantecuador.com\/?product=novaldex-20-mg-mutant-pharma"]}]},{"@type":"ImageObject","inLanguage":"es","@id":"https:\/\/teammutantecuador.com\/?product=novaldex-20-mg-mutant-pharma#primaryimage","url":"https:\/\/teammutantecuador.com\/wp-content\/uploads\/2026\/01\/Primobolan-100-Mg-Mutant-Pharma-3-1.jpg","contentUrl":"https:\/\/teammutantecuador.com\/wp-content\/uploads\/2026\/01\/Primobolan-100-Mg-Mutant-Pharma-3-1.jpg","width":800,"height":800,"caption":"Novaldex 20 Mg Mutant Pharma"},{"@type":"BreadcrumbList","@id":"https:\/\/teammutantecuador.com\/?product=novaldex-20-mg-mutant-pharma#breadcrumb","itemListElement":[{"@type":"ListItem","position":1,"name":"Portada","item":"https:\/\/teammutantecuador.com\/"},{"@type":"ListItem","position":2,"name":"Shop","item":"https:\/\/teammutantecuador.com\/?page_id=6"},{"@type":"ListItem","position":3,"name":"Novaldex 20 Mg Mutant Pharma"}]},{"@type":"WebSite","@id":"https:\/\/teammutantecuador.com\/#website","url":"https:\/\/teammutantecuador.com\/","name":"Team Mutan Ecuador","description":"Just another WordPress site","publisher":{"@id":"https:\/\/teammutantecuador.com\/#organization"},"potentialAction":[{"@type":"SearchAction","target":{"@type":"EntryPoint","urlTemplate":"https:\/\/teammutantecuador.com\/?s={search_term_string}"},"query-input":{"@type":"PropertyValueSpecification","valueRequired":true,"valueName":"search_term_string"}}],"inLanguage":"es"},{"@type":"Organization","@id":"https:\/\/teammutantecuador.com\/#organization","name":"Team Mutan Ecuador","url":"https:\/\/teammutantecuador.com\/","logo":{"@type":"ImageObject","inLanguage":"es","@id":"https:\/\/teammutantecuador.com\/#\/schema\/logo\/image\/","url":"https:\/\/teammutantecuador.com\/wp-content\/uploads\/2026\/01\/Diseno-sin-titulo-97.png","contentUrl":"https:\/\/teammutantecuador.com\/wp-content\/uploads\/2026\/01\/Diseno-sin-titulo-97.png","width":500,"height":300,"caption":"Team Mutan Ecuador"},"image":{"@id":"https:\/\/teammutantecuador.com\/#\/schema\/logo\/image\/"}}]}},"_links":{"self":[{"href":"https:\/\/teammutantecuador.com\/index.php?rest_route=\/wp\/v2\/product\/1513","targetHints":{"allow":["GET"]}}],"collection":[{"href":"https:\/\/teammutantecuador.com\/index.php?rest_route=\/wp\/v2\/product"}],"about":[{"href":"https:\/\/teammutantecuador.com\/index.php?rest_route=\/wp\/v2\/types\/product"}],"replies":[{"embeddable":true,"href":"https:\/\/teammutantecuador.com\/index.php?rest_route=%2Fwp%2Fv2%2Fcomments&post=1513"}],"wp:featuredmedia":[{"embeddable":true,"href":"https:\/\/teammutantecuador.com\/index.php?rest_route=\/wp\/v2\/media\/1845"}],"wp:attachment":[{"href":"https:\/\/teammutantecuador.com\/index.php?rest_route=%2Fwp%2Fv2%2Fmedia&parent=1513"}],"wp:term":[{"taxonomy":"product_brand","embeddable":true,"href":"https:\/\/teammutantecuador.com\/index.php?rest_route=%2Fwp%2Fv2%2Fproduct_brand&post=1513"},{"taxonomy":"product_cat","embeddable":true,"href":"https:\/\/teammutantecuador.com\/index.php?rest_route=%2Fwp%2Fv2%2Fproduct_cat&post=1513"},{"taxonomy":"product_tag","embeddable":true,"href":"https:\/\/teammutantecuador.com\/index.php?rest_route=%2Fwp%2Fv2%2Fproduct_tag&post=1513"}],"curies":[{"name":"wp","href":"https:\/\/api.w.org\/{rel}","templated":true}]}}